{"id":11399,"date":"2021-11-18T18:31:39","date_gmt":"2021-11-18T17:31:39","guid":{"rendered":"http:\/\/relaxsrl.com\/aide-au-choix\/cabine-de-douche-avec-porte-battante\/"},"modified":"2023-09-07T09:09:48","modified_gmt":"2023-09-07T07:09:48","slug":"cabine-de-douche-avec-porte-battante","status":"publish","type":"page","link":"https:\/\/relaxsrl.com\/fr\/aide-au-choix\/cabine-de-douche-avec-porte-battante\/","title":{"rendered":"Cabine de douche avec porte battante"},"content":{"rendered":"<p>[vc_row full_width=\u00a0\u00bbstretch_row\u00a0\u00bb content_placement=\u00a0\u00bbmiddle\u00a0\u00bb el_class=\u00a0\u00bbintro-row intro-row-grey\u00a0\u00bb][vc_column][vc_column_text]<\/p>\n<h1>Cabine de douche avec porte battante<\/h1>\n<p>[\/vc_column_text][\/vc_column][\/vc_row][vc_row el_class=\u00a0\u00bbrow-path\u00a0\u00bb][vc_column][vc_column_text][\/vc_column_text][\/vc_column][\/vc_row][vc_row][vc_column][vc_single_image image=\u00a0\u00bb2303&Prime; img_size=\u00a0\u00bbfull\u00a0\u00bb alignment=\u00a0\u00bbcenter\u00a0\u00bb][\/vc_column][\/vc_row][vc_row][vc_column width=\u00a0\u00bb1\/6&Prime;][\/vc_column][vc_column width=\u00a0\u00bb2\/3&Prime;][vc_empty_space height=\u00a0\u00bb40px\u00a0\u00bb][vc_column_text el_class=\u00a0\u00bbtxt-blue abstract weight500&Prime;]La porte battante de la cabine de douche est l\u2019une des plus courantes. Disponible en diff\u00e9rents types, il est pratique et a une ouverture compl\u00e8te, id\u00e9ale pour les personnes \u00e0 mobilit\u00e9 r\u00e9duite.[\/vc_column_text][vc_empty_space height=\u00a0\u00bb35px\u00a0\u00bb][\/vc_column][\/vc_row][vc_row][vc_column width=\u00a0\u00bb1\/6&Prime;][\/vc_column][vc_column width=\u00a0\u00bb2\/3&Prime;][vc_column_text]<\/p>\n<ul>\n<li><a class=\"link-interno link-interno-paragrafo-1\" href=\"#\">Caract\u00e9ristiques<\/a><\/li>\n<li>Types de porte\n<ul>\n<li><a class=\"link-interno link-interno-paragrafo-2\" href=\"#\">Porte battante en niche avec cadre<\/a><\/li>\n<li><a class=\"link-interno link-interno-paragrafo-3\" href=\"#\">Porte battante en niche sans cadre<\/a><\/li>\n<li><a class=\"link-interno link-interno-paragrafo-4\" href=\"#\">Porte battante en niche sans profils<\/a><\/li>\n<\/ul>\n<\/li>\n<li><a class=\"link-interno link-interno-paragrafo-5\" href=\"#\">Avantages de la porte battante<\/a><\/li>\n<li><a class=\"link-interno link-interno-paragrafo-6\" href=\"#\">Quand \u00e9viter<\/a><\/li>\n<\/ul>\n<p>[\/vc_column_text][vc_empty_space height=\u00a0\u00bb40px\u00a0\u00bb][\/vc_column][\/vc_row][vc_row el_id=\u00a0\u00bbparagrafo-1&Prime;][vc_column width=\u00a0\u00bb1\/6&Prime;][\/vc_column][vc_column width=\u00a0\u00bb2\/3&Prime;][vc_column_text]<\/p>\n<h2>Caract\u00e9ristiques<\/h2>\n<p>La cabine de douche battante dispose d\u2019une porte <strong>qui ferme en appui<\/strong> sur le receveur de douche ou sur un autre mur de la cabine de douche. Elle est caract\u00e9ris\u00e9e par une charni\u00e8re, g\u00e9n\u00e9ralement un profil en aluminium coll\u00e9 sur le verre, mont\u00e9 sur le profil fix\u00e9 au mur.<br \/>\nDans le cas d\u2019un preceveur de douche install\u00e9e au ras du sol, la <strong>charni\u00e8re avec lev\u00e9e<\/strong> a une valeur ajout\u00e9e car, \u00e0 l\u2019ouverture de la porte, elle est soulev\u00e9e pour \u00e9viter que le joint inf\u00e9rieur, plac\u00e9 sur la vitre en bas pour retenir l\u2019\u00e9coulement de l\u2019eau, ne glisse sur le sol. De cette fa\u00e7on, le joint est pr\u00e9serv\u00e9 dans le temps.<br \/>\nUne porte de 100 cm maximum est recommand\u00e9e pour garantir la durabilit\u00e9 puisque le poids p\u00e8se tout sur le battant. Pour g\u00e9rer les mesures sup\u00e9rieures, il est possible d\u2019y rem\u00e9dier par l\u2019ajout d\u2019une face fixe.<br \/>\nLa douche avec porte battante peut \u00eatre mont\u00e9e:<\/p>\n<ul>\n<li><strong>en niche<\/strong> avec une porte<\/li>\n<li><strong>d\u2019angle<\/strong> avec deux portes ou une porte et un c\u00f4t\u00e9 fixe<\/li>\n<li><strong>3 c\u00f4t\u00e9s<\/strong> avec une porte et deux c\u00f4t\u00e9s fixes<\/li>\n<\/ul>\n<p>[\/vc_column_text][vc_empty_space height=\u00a0\u00bb40px\u00a0\u00bb][\/vc_column][\/vc_row][vc_row][vc_column width=\u00a0\u00bb1\/6&Prime;][\/vc_column][vc_column width=\u00a0\u00bb2\/3&Prime;][vc_column_text]<\/p>\n<h2>Types de portes battantes<\/h2>\n<p>[\/vc_column_text][vc_empty_space height=\u00a0\u00bb20px\u00a0\u00bb][\/vc_column][\/vc_row][vc_row el_id=\u00a0\u00bbparagrafo-2&Prime;][vc_column width=\u00a0\u00bb1\/6&Prime;][\/vc_column][vc_column width=\u00a0\u00bb2\/3&Prime;][vc_column_text]<\/p>\n<h3>Porte battante en niche avec cadre<\/h3>\n<p>La porte avec cadre pr\u00e9voit en haut et en bas un profil. C\u2019est la solution utilis\u00e9e lorsque la cabine de douche est mont\u00e9e au fil du receveur de douche, car elle augmente l\u2019\u00e9tanch\u00e9it\u00e9 de l\u2019eau et la stabilit\u00e9.[\/vc_column_text][vc_empty_space height=\u00a0\u00bb20px\u00a0\u00bb][\/vc_column][\/vc_row][vc_row el_id=\u00a0\u00bbparagrafo-3&Prime;][vc_column width=\u00a0\u00bb1\/6&Prime;][\/vc_column][vc_column width=\u00a0\u00bb2\/3&Prime;][vc_column_text]<\/p>\n<h3>Porte battante en niche sans cadre<\/h3>\n<p>La porte battante sans cadre est privil\u00e9gi\u00e9e pour le nettoyage esth\u00e9tique donn\u00e9 par l\u2019effet du verre sans limitations sup\u00e9rieures et inf\u00e9rieures.[\/vc_column_text][vc_empty_space height=\u00a0\u00bb20px\u00a0\u00bb][\/vc_column][\/vc_row][vc_row el_id=\u00a0\u00bbparagrafo-4&Prime;][vc_column width=\u00a0\u00bb1\/6&Prime;][\/vc_column][vc_column width=\u00a0\u00bb2\/3&Prime;][vc_column_text]<\/p>\n<h3>Porte battante en niche sans profils<\/h3>\n<p>La porte sans profils est la solution la plus sc\u00e9nographique, la plus essentielle et la plus minimale, car elle ne comporte m\u00eame pas de profil mural, les charni\u00e8res \u00e9tant fix\u00e9es directement au mur. Elle ne peut \u00eatre utilis\u00e9e que si la paroi est parfaitement droite car elle a un r\u00e9glage maximum de 3 mm (normalement, le r\u00e9glage est de 2 cm). Inutile de dire que, sans profils, il est le plus rapide \u00e0 nettoyer.[\/vc_column_text][vc_empty_space height=\u00a0\u00bb40px\u00a0\u00bb][\/vc_column][\/vc_row][vc_row el_id=\u00a0\u00bbparagrafo-5&Prime;][vc_column width=\u00a0\u00bb1\/6&Prime;][\/vc_column][vc_column width=\u00a0\u00bb2\/3&Prime;][vc_column_text]<\/p>\n<h2>Avantages de la porte battante<\/h2>\n<p>L\u2019ouverture \u00e0 battants <strong>s\u2019ouvre presque enti\u00e8rement<\/strong>, garantissant ainsi la <strong>meilleure accessibilit\u00e9<\/strong>, appr\u00e9ci\u00e9e en particulier par les personnes handicap\u00e9es ou en situation de mobilit\u00e9 r\u00e9duite, comme c\u2019est le cas pour de nombreuses personnes \u00e2g\u00e9es. Par exemple, si la porte est de 90 cm, l\u2019espace utile est de 81 cm. La grande ouverture <strong>facilite le nettoyage<\/strong> <strong>\u00e0 l\u2019int\u00e9rieur de la cabine de douche<\/strong> et de la porte elle-m\u00eame. N\u00e9cessite une plaque de douche d\u2019au moins 80&#215;80 cm pour que l\u2019espace soit confortable \u00e0 utiliser.[\/vc_column_text][vc_empty_space height=\u00a0\u00bb40px\u00a0\u00bb][\/vc_column][\/vc_row][vc_row el_id=\u00a0\u00bbparagrafo-6&Prime;][vc_column width=\u00a0\u00bb1\/6&Prime;][\/vc_column][vc_column width=\u00a0\u00bb2\/3&Prime;][vc_column_text]<\/p>\n<h2>Quand \u00e9viter<\/h2>\n<p>Si la salle de bain est petite, la porte est d\u00e9conseill\u00e9e car elle <strong>n\u00e9cessite de l\u2019espace devant elle pour l\u2019ouverture<\/strong>, surface qui pourrait d\u00e9j\u00e0 \u00eatre occup\u00e9e par les sanitaires et les meubles. En r\u00e9alit\u00e9, il existe aussi des <strong>portes battantes ouvrantes vers l\u2019int\u00e9rieur<\/strong>, mais elles n\u00e9cessitent un espace suffisant pour permettre l\u2019acc\u00e8s \u00e0 la personne la plus susceptible de permettre la pr\u00e9sence de la porte elle-m\u00eame.<br \/>\nQui d\u00e9teste l\u2019<strong>\u00e9gouttage de la porte apr\u00e8s l\u2019utilisation<\/strong> de la douche sur le sol, d\u2019autant plus si ce dernier est aussi d\u00e9licat que certains bois, ferait mieux de s\u2019orienter vers un autre syst\u00e8me d\u2019ouverture, par exemple le <a href=\"http:\/\/relaxsrl.com\/fr\/aide-au-choix\/cabine-de-douche-avec-porte-coulissante\/\"> coulissant, ou opter pour l\u2019ouverture vers l\u2019int\u00e9rieur, si l\u2019espace est suffisant.<\/a>[\/vc_column_text][vc_empty_space height=\u00a0\u00bb40px\u00a0\u00bb][\/vc_column][\/vc_row][vc_row][vc_column][vc_empty_space height=\u00a0\u00bb50px\u00a0\u00bb][vc_column_text]<\/p>\n<h3 style=\"text-align: center;\">Quelques exemples de portes battantes pour douche Relax<\/h3>\n<p>[\/vc_column_text][vc_empty_space height=\u00a0\u00bb30px\u00a0\u00bb]<div class=\"woocommerce columns-4 \"><ul class=\"products columns-4\">\n<li class=\"product type-product post-13892 status-publish first instock product_cat-niche-battante product_cat-guide-de-selection-battante product_cat-battente-de-5 product_cat-battente-de product_cat-box-doccia-de product_cat-box-doccia-en product_cat-cabine-de-douche product_cat-cardine-en product_cat-cardine-fr product_cat-cardine-de product_cat-cardine-ru product_cat-collections product_cat-collections-en product_cat-selection-guide-en product_cat-guida-alla-scelta-de product_cat-guide-de-selection product_cat-niche-hinged product_cat-selection-guide-hinged-door product_cat-nicchia-de product_cat-niche product_cat-niche-fr product_cat-collezioni-de product_cat-tipologia-prodotto-en product_cat-tipologia-prodotto-de product_cat-type-de-produit product_cat-1618 product_cat-1568 product_cat-1597 product_cat-1638 product_cat-1637 product_cat-1594 product_cat-1617 has-post-thumbnail shipping-taxable product-type-simple\">\n\t<div class=\"woocommerce-loop-product__short_description\" itemprop=\"description\"><a href=\"https:\/\/relaxsrl.com\/fr\/produit\/cardine-mb1\/\" class=\"woocommerce-LoopProduct-link woocommerce-loop-product__link\"><p>Cabine de douche en niche avec charni\u00e8res murales, r\u00e9glage 6 mm et ouverture vers le mur.<\/p>\n<\/a><\/div><\/li>\n<li class=\"product type-product post-13873 status-publish instock product_cat-angolare-de product_cat-angolare-en product_cat-angulaire product_cat-guide-de-selection-battante product_cat-angulaire-battante product_cat-battente-de-2 product_cat-battente-de-5 product_cat-box-doccia-en product_cat-box-doccia-de product_cat-cabine-de-douche product_cat-collections product_cat-collections-en product_cat-guida-alla-scelta-de product_cat-selection-guide-en product_cat-guide-de-selection product_cat-hinged product_cat-selection-guide-hinged-door product_cat-light-en product_cat-light-ru product_cat-light-fr product_cat-light-de product_cat-collezioni-de product_cat-tipologia-prodotto-en product_cat-tipologia-prodotto-de product_cat-type-de-produit product_cat-1618 product_cat-1568 product_cat-1627 product_cat-1597 product_cat-1594 product_cat-1617 product_cat-1626 has-post-thumbnail shipping-taxable product-type-simple\">\n\t<div class=\"woocommerce-loop-product__short_description\" itemprop=\"description\"><a href=\"https:\/\/relaxsrl.com\/fr\/produit\/light-ab-light-f1\/\" class=\"woocommerce-LoopProduct-link woocommerce-loop-product__link\"><p>Cabine de douche sans profils avec porte battante et c\u00f4t\u00e9 fixe.<\/p>\n<\/a><\/div><\/li>\n<li class=\"product type-product post-13823 status-publish instock product_cat-3-lati-en product_cat-3-lati-de product_cat-3-lati-fr product_cat-3- product_cat-guide-de-selection-battante product_cat-niche-battante product_cat-battente-de-3 product_cat-battente-de-5 product_cat-battente product_cat-battente-de product_cat-battente-fr product_cat-box-doccia-en product_cat-box-doccia-de product_cat-cabine-de-douche product_cat-collections product_cat-collections-en product_cat-guida-alla-scelta-de product_cat-selection-guide-en product_cat-guide-de-selection product_cat-niche-hinged product_cat-selection-guide-hinged-door product_cat-lyra-ru product_cat-lyra-fr product_cat-lyra-de product_cat-lyra-en product_cat-nicchia-de product_cat-niche-fr product_cat-niche product_cat-collezioni-de product_cat-tipologia-prodotto-en product_cat-tipologia-prodotto-de product_cat-type-de-produit product_cat-1618 product_cat-1568 product_cat-3-- product_cat-1597 product_cat-1638 product_cat-1637 product_cat-1594 product_cat-1617 has-post-thumbnail shipping-taxable product-type-simple\">\n\t<div class=\"woocommerce-loop-product__short_description\" itemprop=\"description\"><a href=\"https:\/\/relaxsrl.com\/fr\/produit\/lyra-b1\/\" class=\"woocommerce-LoopProduct-link woocommerce-loop-product__link\"><p>Cabine de douche en niche avec porte battante et poign\u00e9e int\u00e9gr\u00e9e dans le verre.<\/p>\n<\/a><\/div><\/li>\n<\/ul>\n<\/div>[\/vc_column][\/vc_row][vc_row full_width=\u00a0\u00bbstretch_row_content_no_spaces\u00a0\u00bb equal_height=\u00a0\u00bbyes\u00a0\u00bb content_placement=\u00a0\u00bbmiddle\u00a0\u00bb el_class=\u00a0\u00bbrow-over-footer row-cta-over-footer\u00a0\u00bb][vc_column width=\u00a0\u00bb1\/2&Prime;][vc_single_image image=\u00a0\u00bb2308&Prime; img_size=\u00a0\u00bbfull\u00a0\u00bb][\/vc_column][vc_column width=\u00a0\u00bb1\/2&Prime; css=\u00a0\u00bb.vc_custom_1632906971459{background-image: url(http:\/\/relaxsrl.com\/wp-content\/uploads\/2021\/09\/cta-battente-opaco.jpg?id=2310) !important;background-position: center !important;background-repeat: no-repeat !important;background-size: cover !important;}\u00a0\u00bb el_class=\u00a0\u00bbrow-cta-over-footer-col-text\u00a0\u00bb][vc_row_inner][vc_column_inner width=\u00a0\u00bb1\/4&Prime;][\/vc_column_inner][vc_column_inner width=\u00a0\u00bb1\/2&Prime;][vc_column_text]<\/p>\n<h2 style=\"text-align: center;\">D\u00e9couvrez les produits Relax<\/h2>\n<p style=\"text-align: center;\">Utilisez notre configurateur pour trouver la proposition la mieux adapt\u00e9e \u00e0 vos besoins.<\/p>\n<p>[\/vc_column_text][vc_btn title=\u00a0\u00bbALLER AU CONFIGURATEUR\u00a0\u00bb style=\u00a0\u00bbclassic\u00a0\u00bb shape=\u00a0\u00bbsquare\u00a0\u00bb color=\u00a0\u00bbwhite\u00a0\u00bb align=\u00a0\u00bbcenter\u00a0\u00bb el_class=\u00a0\u00bbbtn-default-white\u00a0\u00bb link=\u00a0\u00bburl:http%3A%2F%2Frelaxsrl.com%2Ffr%2Fproduits%2Fconfigurateur%2F|title:Configurateur\u00a0\u00bb][\/vc_column_inner][vc_column_inner width=\u00a0\u00bb1\/4&Prime;][\/vc_column_inner][\/vc_row_inner][\/vc_column][\/vc_row]<\/p>\n","protected":false},"excerpt":{"rendered":"<p>[vc_row full_width=\u00a0\u00bbstretch_row\u00a0\u00bb content_placement=\u00a0\u00bbmiddle\u00a0\u00bb el_class=\u00a0\u00bbintro-row intro-row-grey\u00a0\u00bb][vc_column][vc_column_text] Cabine de douche avec porte battante [\/vc_column_text][\/vc_column][\/vc_row][vc_row el_class=\u00a0\u00bbrow-path\u00a0\u00bb][vc_column][vc_column_text][\/vc_column_text][\/vc_column][\/vc_row][vc_row][vc_column][vc_single_image image=\u00a0\u00bb2303&Prime; img_size=\u00a0\u00bbfull\u00a0\u00bb alignment=\u00a0\u00bbcenter\u00a0\u00bb][\/vc_column][\/vc_row][vc_row][vc_column width=\u00a0\u00bb1\/6&Prime;][\/vc_column][vc_column width=\u00a0\u00bb2\/3&Prime;][vc_empty_space height=\u00a0\u00bb40px\u00a0\u00bb][vc_column_text el_class=\u00a0\u00bbtxt-blue abstract weight500&Prime;]La porte battante de la cabine de douche est l\u2019une des plus courantes. Disponible en diff\u00e9rents types, il est pratique et a une ouverture compl\u00e8te, id\u00e9ale pour les personnes \u00e0 mobilit\u00e9 r\u00e9duite.[\/vc_column_text][vc_empty_space height=\u00a0\u00bb35px\u00a0\u00bb][\/vc_column][\/vc_row][vc_row][vc_column width=\u00a0\u00bb1\/6&Prime;][\/vc_column][vc_column [&hellip;]<\/p>\n","protected":false},"author":3,"featured_media":2303,"parent":11392,"menu_order":0,"comment_status":"closed","ping_status":"closed","template":"","meta":[],"acf":[],"yoast_head":"<!-- This site is optimized with the Yoast SEO Premium plugin v18.4 (Yoast SEO v18.8) - https:\/\/yoast.com\/wordpress\/plugins\/seo\/ -->\n<title>Cabine de douche avec porte battante - Relax srl<\/title>\n<meta name=\"description\" content=\"La porte battante de la cabine de douche est l\u2019une des plus courantes. Disponible en types infinis, poss\u00e8de une ouverture compl\u00e8te.\" \/>\n<meta name=\"robots\" content=\"index, follow, max-snippet:-1, max-image-preview:large, max-video-preview:-1\" \/>\n<link rel=\"canonical\" href=\"https:\/\/relaxsrl.com\/fr\/aide-au-choix\/cabine-de-douche-avec-porte-battante\/\" \/>\n<meta property=\"og:locale\" content=\"fr_FR\" \/>\n<meta property=\"og:type\" content=\"article\" \/>\n<meta property=\"og:title\" content=\"Cabine de douche avec porte battante - Relax srl\" \/>\n<meta property=\"og:description\" content=\"La porte battante de la cabine de douche est l\u2019une des plus courantes. Disponible en types infinis, poss\u00e8de une ouverture compl\u00e8te.\" \/>\n<meta property=\"og:url\" content=\"https:\/\/relaxsrl.com\/fr\/aide-au-choix\/cabine-de-douche-avec-porte-battante\/\" \/>\n<meta property=\"og:site_name\" content=\"Relax srl\" \/>\n<meta property=\"article:modified_time\" content=\"2023-09-07T07:09:48+00:00\" \/>\n<meta property=\"og:image\" content=\"https:\/\/relaxsrl.com\/website\/wp-content\/uploads\/2021\/09\/WALL_PL_2.jpg\" \/>\n\t<meta property=\"og:image:width\" content=\"900\" \/>\n\t<meta property=\"og:image:height\" content=\"600\" \/>\n\t<meta property=\"og:image:type\" content=\"image\/jpeg\" \/>\n<meta name=\"twitter:card\" content=\"summary_large_image\" \/>\n<meta name=\"twitter:label1\" content=\"Dur\u00e9e de lecture estim\u00e9e\" \/>\n\t<meta name=\"twitter:data1\" content=\"4 minutes\" \/>\n<script type=\"application\/ld+json\" class=\"yoast-schema-graph\">{\"@context\":\"https:\/\/schema.org\",\"@graph\":[{\"@type\":\"WebSite\",\"@id\":\"https:\/\/relaxsrl.com\/#website\",\"url\":\"https:\/\/relaxsrl.com\/\",\"name\":\"Relax srl\",\"description\":\"\",\"potentialAction\":[{\"@type\":\"SearchAction\",\"target\":{\"@type\":\"EntryPoint\",\"urlTemplate\":\"https:\/\/relaxsrl.com\/?s={search_term_string}\"},\"query-input\":\"required name=search_term_string\"}],\"inLanguage\":\"fr-FR\"},{\"@type\":\"ImageObject\",\"inLanguage\":\"fr-FR\",\"@id\":\"https:\/\/relaxsrl.com\/fr\/aide-au-choix\/cabine-de-douche-avec-porte-battante\/#primaryimage\",\"url\":\"https:\/\/relaxsrl.com\/website\/wp-content\/uploads\/2021\/09\/WALL_PL_2.jpg\",\"contentUrl\":\"https:\/\/relaxsrl.com\/website\/wp-content\/uploads\/2021\/09\/WALL_PL_2.jpg\",\"width\":900,\"height\":600,\"caption\":\"box doccia in nicchia minimal con anta battente e lato fisso in linea\"},{\"@type\":\"WebPage\",\"@id\":\"https:\/\/relaxsrl.com\/fr\/aide-au-choix\/cabine-de-douche-avec-porte-battante\/#webpage\",\"url\":\"https:\/\/relaxsrl.com\/fr\/aide-au-choix\/cabine-de-douche-avec-porte-battante\/\",\"name\":\"Cabine de douche avec porte battante - Relax srl\",\"isPartOf\":{\"@id\":\"https:\/\/relaxsrl.com\/#website\"},\"primaryImageOfPage\":{\"@id\":\"https:\/\/relaxsrl.com\/fr\/aide-au-choix\/cabine-de-douche-avec-porte-battante\/#primaryimage\"},\"datePublished\":\"2021-11-18T17:31:39+00:00\",\"dateModified\":\"2023-09-07T07:09:48+00:00\",\"description\":\"La porte battante de la cabine de douche est l\u2019une des plus courantes. Disponible en types infinis, poss\u00e8de une ouverture compl\u00e8te.\",\"breadcrumb\":{\"@id\":\"https:\/\/relaxsrl.com\/fr\/aide-au-choix\/cabine-de-douche-avec-porte-battante\/#breadcrumb\"},\"inLanguage\":\"fr-FR\",\"potentialAction\":[{\"@type\":\"ReadAction\",\"target\":[\"https:\/\/relaxsrl.com\/fr\/aide-au-choix\/cabine-de-douche-avec-porte-battante\/\"]}]},{\"@type\":\"BreadcrumbList\",\"@id\":\"https:\/\/relaxsrl.com\/fr\/aide-au-choix\/cabine-de-douche-avec-porte-battante\/#breadcrumb\",\"itemListElement\":[{\"@type\":\"ListItem\",\"position\":1,\"name\":\"Aide au choix\",\"item\":\"https:\/\/relaxsrl.com\/fr\/aide-au-choix\/\"},{\"@type\":\"ListItem\",\"position\":2,\"name\":\"Cabine de douche avec porte battante\"}]}]}<\/script>\n<!-- \/ Yoast SEO Premium plugin. -->","yoast_head_json":{"title":"Cabine de douche avec porte battante - Relax srl","description":"La porte battante de la cabine de douche est l\u2019une des plus courantes. Disponible en types infinis, poss\u00e8de une ouverture compl\u00e8te.","robots":{"index":"index","follow":"follow","max-snippet":"max-snippet:-1","max-image-preview":"max-image-preview:large","max-video-preview":"max-video-preview:-1"},"canonical":"https:\/\/relaxsrl.com\/fr\/aide-au-choix\/cabine-de-douche-avec-porte-battante\/","og_locale":"fr_FR","og_type":"article","og_title":"Cabine de douche avec porte battante - Relax srl","og_description":"La porte battante de la cabine de douche est l\u2019une des plus courantes. Disponible en types infinis, poss\u00e8de une ouverture compl\u00e8te.","og_url":"https:\/\/relaxsrl.com\/fr\/aide-au-choix\/cabine-de-douche-avec-porte-battante\/","og_site_name":"Relax srl","article_modified_time":"2023-09-07T07:09:48+00:00","og_image":[{"width":900,"height":600,"url":"https:\/\/relaxsrl.com\/website\/wp-content\/uploads\/2021\/09\/WALL_PL_2.jpg","type":"image\/jpeg"}],"twitter_card":"summary_large_image","twitter_misc":{"Dur\u00e9e de lecture estim\u00e9e":"4 minutes"},"schema":{"@context":"https:\/\/schema.org","@graph":[{"@type":"WebSite","@id":"https:\/\/relaxsrl.com\/#website","url":"https:\/\/relaxsrl.com\/","name":"Relax srl","description":"","potentialAction":[{"@type":"SearchAction","target":{"@type":"EntryPoint","urlTemplate":"https:\/\/relaxsrl.com\/?s={search_term_string}"},"query-input":"required name=search_term_string"}],"inLanguage":"fr-FR"},{"@type":"ImageObject","inLanguage":"fr-FR","@id":"https:\/\/relaxsrl.com\/fr\/aide-au-choix\/cabine-de-douche-avec-porte-battante\/#primaryimage","url":"https:\/\/relaxsrl.com\/website\/wp-content\/uploads\/2021\/09\/WALL_PL_2.jpg","contentUrl":"https:\/\/relaxsrl.com\/website\/wp-content\/uploads\/2021\/09\/WALL_PL_2.jpg","width":900,"height":600,"caption":"box doccia in nicchia minimal con anta battente e lato fisso in linea"},{"@type":"WebPage","@id":"https:\/\/relaxsrl.com\/fr\/aide-au-choix\/cabine-de-douche-avec-porte-battante\/#webpage","url":"https:\/\/relaxsrl.com\/fr\/aide-au-choix\/cabine-de-douche-avec-porte-battante\/","name":"Cabine de douche avec porte battante - Relax srl","isPartOf":{"@id":"https:\/\/relaxsrl.com\/#website"},"primaryImageOfPage":{"@id":"https:\/\/relaxsrl.com\/fr\/aide-au-choix\/cabine-de-douche-avec-porte-battante\/#primaryimage"},"datePublished":"2021-11-18T17:31:39+00:00","dateModified":"2023-09-07T07:09:48+00:00","description":"La porte battante de la cabine de douche est l\u2019une des plus courantes. Disponible en types infinis, poss\u00e8de une ouverture compl\u00e8te.","breadcrumb":{"@id":"https:\/\/relaxsrl.com\/fr\/aide-au-choix\/cabine-de-douche-avec-porte-battante\/#breadcrumb"},"inLanguage":"fr-FR","potentialAction":[{"@type":"ReadAction","target":["https:\/\/relaxsrl.com\/fr\/aide-au-choix\/cabine-de-douche-avec-porte-battante\/"]}]},{"@type":"BreadcrumbList","@id":"https:\/\/relaxsrl.com\/fr\/aide-au-choix\/cabine-de-douche-avec-porte-battante\/#breadcrumb","itemListElement":[{"@type":"ListItem","position":1,"name":"Aide au choix","item":"https:\/\/relaxsrl.com\/fr\/aide-au-choix\/"},{"@type":"ListItem","position":2,"name":"Cabine de douche avec porte battante"}]}]}},"_links":{"self":[{"href":"https:\/\/relaxsrl.com\/fr\/wp-json\/wp\/v2\/pages\/11399"}],"collection":[{"href":"https:\/\/relaxsrl.com\/fr\/wp-json\/wp\/v2\/pages"}],"about":[{"href":"https:\/\/relaxsrl.com\/fr\/wp-json\/wp\/v2\/types\/page"}],"author":[{"embeddable":true,"href":"https:\/\/relaxsrl.com\/fr\/wp-json\/wp\/v2\/users\/3"}],"replies":[{"embeddable":true,"href":"https:\/\/relaxsrl.com\/fr\/wp-json\/wp\/v2\/comments?post=11399"}],"version-history":[{"count":9,"href":"https:\/\/relaxsrl.com\/fr\/wp-json\/wp\/v2\/pages\/11399\/revisions"}],"predecessor-version":[{"id":29082,"href":"https:\/\/relaxsrl.com\/fr\/wp-json\/wp\/v2\/pages\/11399\/revisions\/29082"}],"up":[{"embeddable":true,"href":"https:\/\/relaxsrl.com\/fr\/wp-json\/wp\/v2\/pages\/11392"}],"wp:featuredmedia":[{"embeddable":true,"href":"https:\/\/relaxsrl.com\/fr\/wp-json\/wp\/v2\/media\/2303"}],"wp:attachment":[{"href":"https:\/\/relaxsrl.com\/fr\/wp-json\/wp\/v2\/media?parent=11399"}],"curies":[{"name":"wp","href":"https:\/\/api.w.org\/{rel}","templated":true}]}}