{"id":11405,"date":"2021-11-19T08:54:48","date_gmt":"2021-11-19T07:54:48","guid":{"rendered":"http:\/\/relaxsrl.com\/aide-au-choix\/cabine-de-douche-avec-porte-pliable\/"},"modified":"2024-11-18T10:59:21","modified_gmt":"2024-11-18T09:59:21","slug":"cabine-de-douche-avec-porte-pliable","status":"publish","type":"page","link":"https:\/\/relaxsrl.com\/fr\/aide-au-choix\/cabine-de-douche-avec-porte-pliable\/","title":{"rendered":"Cabine de douche avec porte pliable"},"content":{"rendered":"<p>[vc_row full_width=\u00a0\u00bbstretch_row\u00a0\u00bb content_placement=\u00a0\u00bbmiddle\u00a0\u00bb el_class=\u00a0\u00bbintro-row intro-row-grey\u00a0\u00bb][vc_column][vc_column_text]<\/p>\n<h1>Cabine de douche avec porte pliable<\/h1>\n<p>[\/vc_column_text][\/vc_column][\/vc_row][vc_row el_class=\u00a0\u00bbrow-path\u00a0\u00bb][vc_column][vc_column_text][\/vc_column_text][\/vc_column][\/vc_row][vc_row][vc_column][vc_single_image image=\u00a0\u00bb31286&Prime; img_size=\u00a0\u00bbfull\u00a0\u00bb][\/vc_column][\/vc_row][vc_row][vc_column width=\u00a0\u00bb1\/6&Prime;][\/vc_column][vc_column width=\u00a0\u00bb2\/3&Prime;][vc_empty_space height=\u00a0\u00bb40px\u00a0\u00bb][vc_column_text el_class=\u00a0\u00bbtxt-blue abstract weight500&Prime;]Dans la cabine de douche avec porte pliable, \u00e9galement appel\u00e9es portes pliantes, portes accord\u00e9on ou escamotables, les portes peuvent \u00eatre ins\u00e9r\u00e9es dans une voie sup\u00e9rieure et inf\u00e9rieure ou avec un syst\u00e8me de charni\u00e8res qui permet d\u2019\u00e9viter le cadre.[\/vc_column_text][vc_empty_space height=\u00a0\u00bb35px\u00a0\u00bb][\/vc_column][\/vc_row][vc_row][vc_column width=\u00a0\u00bb1\/6&Prime;][\/vc_column][vc_column width=\u00a0\u00bb2\/3&Prime;][vc_column_text]<\/p>\n<ul>\n<li><a class=\"link-interno link-interno-paragrafo-1\" href=\"#\">Porte pliable : caract\u00e9ristiques<\/a><\/li>\n<li>Porte pliable et types de cabine de douche\n<ul>\n<li><a class=\"link-interno link-interno-paragrafo-2\" href=\"#\">Cabine de douche avec cadre<\/a><\/li>\n<li><a class=\"link-interno link-interno-paragrafo-3\" href=\"#\">La solution Relax<\/a><\/li>\n<li><a class=\"link-interno link-interno-paragrafo-4\" href=\"#\">Cabine de douche sans cadre<\/a><\/li>\n<\/ul>\n<\/li>\n<li><a class=\"link-interno link-interno-paragrafo-5\" href=\"#\">Avantages de la porte pliable<\/a><\/li>\n<li><a class=\"link-interno link-interno-paragrafo-6\" href=\"#\">Quand \u00e9viter la porte pliable<\/a><\/li>\n<\/ul>\n<p>[\/vc_column_text][vc_empty_space height=\u00a0\u00bb40px\u00a0\u00bb][\/vc_column][\/vc_row][vc_row el_id=\u00a0\u00bbparagrafo-1&Prime;][vc_column width=\u00a0\u00bb1\/6&Prime;][\/vc_column][vc_column width=\u00a0\u00bb2\/3&Prime;][vc_column_text]<\/p>\n<h2>Porte pliable : caract\u00e9ristiques<\/h2>\n<p>La porte pliable est caract\u00e9ris\u00e9e par deux panneaux de verre, g\u00e9n\u00e9ralement de 4 ou 6 mm, pourvus de charni\u00e8res ou profils articul\u00e9s qui permettent d\u2019ouvrir en extension ou de plier par paquets les panneaux eux-m\u00eames. C<strong>\u2019est une solution tr\u00e8s utilis\u00e9e dans les petites salles de bains<\/strong>, car elle permet d\u2019utiliser au mieux l\u2019espace disponible pour l\u2019entr\u00e9e dans la salle de douche. Exemple: si elle est plac\u00e9e dans une niche de 80 cm, l\u2019espace utile d\u2019entr\u00e9e est de 65 cm.[\/vc_column_text][vc_empty_space height=\u00a0\u00bb40px\u00a0\u00bb][\/vc_column][\/vc_row][vc_row][vc_column width=\u00a0\u00bb1\/6&Prime;][\/vc_column][vc_column width=\u00a0\u00bb2\/3&Prime;][vc_column_text]<\/p>\n<h2>Porte pliable et types de cabines de douche<\/h2>\n<p>[\/vc_column_text][vc_empty_space height=\u00a0\u00bb20px\u00a0\u00bb][\/vc_column][\/vc_row][vc_row el_id=\u00a0\u00bbparagrafo-2&Prime;][vc_column width=\u00a0\u00bb1\/6&Prime;][\/vc_column][vc_column width=\u00a0\u00bb2\/3&Prime;][vc_column_text]<\/p>\n<h3>Cabine de douche avec cadre<\/h3>\n<p>La cabine de douche avec cadre et porte \u00e0 soufflet peut \u00eatre mont\u00e9e dans la <strong>niche, angulaire<\/strong>, avec une porte et un panneau fixe, et aussi avec <strong>3 c\u00f4t\u00e9s<\/strong> avec la porte en position centrale. Il pr\u00e9voit dans la partie sup\u00e9rieure un profil \u00e0 l\u2019int\u00e9rieur duquel s\u2019\u00e9coule un pivot qui permet l\u2019extension des panneaux en verre ou leur repliement par paquet. Dans ce cas, l\u2019ouverture des portes \u00e0 soufflet peut \u00eatre interne et externe ou seulement interne, demand\u00e9e par ceux qui ne veulent pas \u00e9goutter d\u2019eau sur le sol. <strong>L\u2019ouverture int\u00e9rieure et ext\u00e9rieure doit \u00eatre munie d\u2019un dispositif d\u2019immobilisation<\/strong> qui maintienne les portes align\u00e9es de mani\u00e8re \u00e0 ne pas les faire plier ni vers l\u2019int\u00e9rieur ni vers l\u2019ext\u00e9rieur, faute de quoi l\u2019eau pourrait passer et sortir pendant la douche.[\/vc_column_text][vc_empty_space height=\u00a0\u00bb20px\u00a0\u00bb][\/vc_column][\/vc_row][vc_row el_id=\u00a0\u00bbparagrafo-3&Prime;][vc_column width=\u00a0\u00bb1\/6&Prime;][\/vc_column][vc_column width=\u00a0\u00bb2\/3&Prime;][vc_column_text]<\/p>\n<h3>La solution Relax<\/h3>\n<p>Le mod\u00e8le <a href=\"http:\/\/relaxsrl.com\/fr\/?attachment_id=5439\">Light PS de Relax<\/a> r\u00e9sout la situation avec un <strong>syst\u00e8me de s\u00e9curit\u00e9<\/strong> ins\u00e9r\u00e9 dans le profil sup\u00e9rieur. Activ\u00e9, il ouvre la porte enti\u00e8rement aussi vers l\u2019ext\u00e9rieur, solution utile aussi bien pour le nettoyage de la porte, tournant de l\u2019ext\u00e9rieur plut\u00f4t que debout au-dessus du plateau de douche.<br \/>\nLe mod\u00e8le <a href=\"http:\/\/relaxsrl.com\/fr\/?attachment_id=6905\">Lyra PS de Relax<\/a> avec cadre est \u00e9galement \u00e9quip\u00e9 d\u2019un syst\u00e8me de s\u00e9curit\u00e9 qui permet l\u2019ouverture interne et externe de la porte.[\/vc_column_text][vc_empty_space height=\u00a0\u00bb20px\u00a0\u00bb][\/vc_column][\/vc_row][vc_row el_id=\u00a0\u00bbparagrafo-4&Prime;][vc_column width=\u00a0\u00bb1\/6&Prime;][\/vc_column][vc_column width=\u00a0\u00bb2\/3&Prime;][vc_column_text]<\/p>\n<h3>Cabine de douche sans cadre<\/h3>\n<p>La cabine de douche sans cadre et porte \u00e0 soufflet est utilis\u00e9e<strong> en niche,<\/strong> avec une ou deux portes, o\u00f9 <strong>angulaire<\/strong> avec deux portes, o\u00f9 avec une porte et un paroi fixe. Elle est recommand\u00e9e avec <strong>syst\u00e8me de lev\u00e9e<\/strong> des portes quand elles sont ouvertes pour deux raisons. \u00c9tant donn\u00e9 que les portes sont \u00e9quip\u00e9es d\u2019un joint inf\u00e9rieur, si ceux-ci se l\u00e8vent en ouverture et fermeture ne rampent pas sur le profil de la digue ou, dans le cas d\u2019un montage au ras du sol, sur le plateau de douche et donc leur capacit\u00e9 de blocage de l\u2019eau est conserv\u00e9e. Deuxi\u00e8mement, le syst\u00e8me de levage facilite l\u2019alignement des portes lorsqu\u2019elles sont ferm\u00e9es, de sorte que la fonction d\u2019\u00e9tanch\u00e9it\u00e9 \u00e0 l\u2019eau est plus efficace.[\/vc_column_text][vc_empty_space height=\u00a0\u00bb40px\u00a0\u00bb][\/vc_column][\/vc_row][vc_row el_id=\u00a0\u00bbparagrafo-5&Prime;][vc_column width=\u00a0\u00bb1\/6&Prime;][\/vc_column][vc_column width=\u00a0\u00bb2\/3&Prime;][vc_column_text]<\/p>\n<h2>Avantages de la porte pliable<\/h2>\n<p>Dans la cabine de douche pliable, Les portes \u00e0 soufflet profitent enti\u00e8rement de l\u2019espace d\u2019entr\u00e9e qui est donc tr\u00e8s c<strong>onfortable m\u00eame pour les personnes handicap\u00e9es<\/strong>\u00a0et lorsque vous avez besoin d\u2019une <strong>cabine de douche peu encombrante<\/strong> parce que la zone ext\u00e9rieure est d\u00e9j\u00e0 occup\u00e9e par des meubles ou des sanitaires et le compartiment de douche est tr\u00e8s petit. Les nouveaux mod\u00e8les disposent de cadres avec une structure l\u00e9g\u00e8re et une esth\u00e9tique meilleure que par le pass\u00e9, ou sont m\u00eame sans cadre. Ils sont souvent \u00e9quip\u00e9s du <strong>syst\u00e8me pratique de d\u00e9crochage pour le nettoyage<\/strong> et du <strong>syst\u00e8me d\u2019ouverture anti-panique<\/strong> vers l\u2019ext\u00e9rieur, utile dans le cas o\u00f9 quelqu\u2019un reste coinc\u00e9 \u00e0 l\u2019int\u00e9rieur du box. Un autre avantage est sans doute la certification <a href=\"https:\/\/www.tuvsud.com\/fr-fr\">T\u00dcV S\u00dcD<\/a> qui garantit son efficacit\u00e9 dans le temps.[\/vc_column_text][vc_empty_space height=\u00a0\u00bb40px\u00a0\u00bb][\/vc_column][\/vc_row][vc_row el_id=\u00a0\u00bbparagrafo-6&Prime;][vc_column width=\u00a0\u00bb1\/6&Prime;][\/vc_column][vc_column width=\u00a0\u00bb2\/3&Prime;][vc_column_text]<\/p>\n<h2>Quand \u00e9viter la porte pliable<\/h2>\n<p>La porte en soufflet dans la cabine de douche est d\u00e9conseill\u00e9e lorsque <strong>la robinetterie est en position telle qu\u2019elle emp\u00eache le rangement complet de la porte<\/strong> ou que le sol est en bois : le mod\u00e8le pourrait s\u2019\u00e9goutter et, \u00e0 long terme, endommager le mat\u00e9riau.<br \/>\n<strong>Elle ne peut pas \u00eatre utilis\u00e9e en grandes dimensions<\/strong> et est souvent consid\u00e9r\u00e9e comme <strong>p\u00e9nalis\u00e9e du point de vue esth\u00e9tique<\/strong> parce qu\u2019elle est compos\u00e9e de deux panneaux de verre qui rendent la structure esth\u00e9tiquement inconfortable.[\/vc_column_text][vc_empty_space height=\u00a0\u00bb40px\u00a0\u00bb][\/vc_column][\/vc_row][vc_row][vc_column][vc_empty_space height=\u00a0\u00bb50px\u00a0\u00bb][vc_column_text]<\/p>\n<h3 style=\"text-align: center;\">Quelques exemples de portes pliable par Relax<\/h3>\n<p>[\/vc_column_text][vc_empty_space height=\u00a0\u00bb30px\u00a0\u00bb]<div class=\"woocommerce columns-4 \"><ul class=\"products columns-4\">\n<li class=\"product type-product post-13861 status-publish first instock product_cat-box-doccia-de product_cat-box-doccia-en product_cat-cabine-de-douche product_cat-collections-en product_cat-collections product_cat-selection-guide-foldable product_cat-niche-folding product_cat-guida-alla-scelta-de product_cat-selection-guide-en product_cat-guide-de-selection product_cat-light-de product_cat-light-ru product_cat-light-en product_cat-light-fr product_cat-nicchia-de product_cat-niche-fr product_cat-niche product_cat-niche-pliable product_cat-guide-de-selection-pliable product_cat-collezioni-de product_cat-soffietto-de-2 product_cat-soffietto-de-3 product_cat-tipologia-prodotto-en product_cat-tipologia-prodotto-de product_cat-type-de-produit product_cat-1618 product_cat-1568 product_cat-1637 product_cat-1594 product_cat-1634 product_cat-1611 product_cat-1617 has-post-thumbnail shipping-taxable product-type-simple\">\n\t<div class=\"woocommerce-loop-product__short_description\" itemprop=\"description\"><a href=\"https:\/\/relaxsrl.com\/fr\/produit\/light-s1\/\" class=\"woocommerce-LoopProduct-link woocommerce-loop-product__link\"><p>Cabine de douche sans profil\u00e9s en niche avec porte pliante.<\/p>\n<\/a><\/div><\/li>\n<li class=\"product type-product post-13857 status-publish instock product_cat-3-lati-en product_cat-3-lati-fr product_cat-3-lati-de product_cat-3- product_cat-box-doccia-en product_cat-box-doccia-de product_cat-cabine-de-douche product_cat-collections-en product_cat-collections product_cat-selection-guide-foldable product_cat-niche-folding product_cat-guida-alla-scelta-de product_cat-selection-guide-en product_cat-guide-de-selection product_cat-light-en product_cat-light-fr product_cat-light-de product_cat-light-ru product_cat-nicchia-de product_cat-niche product_cat-niche-fr product_cat-niche-pliable product_cat-guide-de-selection-pliable product_cat-collezioni-de product_cat-soffietto-de-4 product_cat-soffietto-fr product_cat-soffietto-de-2 product_cat-soffietto-de-3 product_cat-tipologia-prodotto-de product_cat-tipologia-prodotto-en product_cat-type-de-produit product_cat-1618 product_cat-1568 product_cat-1637 product_cat-1594 product_cat-3--- product_cat-1634 product_cat-1611 product_cat-1617 has-post-thumbnail shipping-taxable product-type-simple\">\n\t<div class=\"woocommerce-loop-product__short_description\" itemprop=\"description\"><a href=\"https:\/\/relaxsrl.com\/fr\/produit\/light-ps\/\" class=\"woocommerce-LoopProduct-link woocommerce-loop-product__link\"><p>Cabine de douche en niche avec porte pliante.<\/p>\n<\/a><\/div><\/li>\n<li class=\"product type-product post-13817 status-publish instock product_cat-3-lati-en product_cat-3-lati-de product_cat-3-lati-fr product_cat-3- product_cat-box-doccia-de product_cat-box-doccia-en product_cat-cabina-doccia-piccola product_cat-cabine-de-douche product_cat-collections-en product_cat-collections product_cat-selection-guide-foldable product_cat-niche-folding product_cat-guida-alla-scelta-de product_cat-selection-guide-en product_cat-guide-de-selection product_cat-lyra-ru product_cat-lyra-en product_cat-lyra-fr product_cat-lyra-de product_cat-nicchia-de product_cat-niche-fr product_cat-niche product_cat-guide-de-selection-petite-cabine-de-douche product_cat-niche-pliable product_cat-guide-de-selection-pliable product_cat-collezioni-de product_cat-selection-guide-small-shower-enclosure product_cat-soffietto-de-2 product_cat-soffietto-de-3 product_cat-soffietto-de-4 product_cat-soffietto-fr product_cat-tipologia-prodotto-en product_cat-tipologia-prodotto-de product_cat-type-de-produit product_cat-1618 product_cat-1568 product_cat-1604 product_cat-1637 product_cat-1594 product_cat-3--- product_cat-1634 product_cat-1611 product_cat-1617 has-post-thumbnail shipping-taxable product-type-simple\">\n\t<div class=\"woocommerce-loop-product__short_description\" itemprop=\"description\"><a href=\"https:\/\/relaxsrl.com\/fr\/produit\/lyra-ps\/\" class=\"woocommerce-LoopProduct-link woocommerce-loop-product__link\"><p>Cabine de douche en niche avec ouverture rabattable et poign\u00e9e int\u00e9gr\u00e9e dans le verre.<\/p>\n<\/a><\/div><\/li>\n<\/ul>\n<\/div>[\/vc_column][\/vc_row][vc_row full_width=\u00a0\u00bbstretch_row_content_no_spaces\u00a0\u00bb equal_height=\u00a0\u00bbyes\u00a0\u00bb content_placement=\u00a0\u00bbmiddle\u00a0\u00bb el_class=\u00a0\u00bbrow-over-footer row-cta-over-footer\u00a0\u00bb][vc_column width=\u00a0\u00bb1\/2&Prime;][vc_single_image image=\u00a0\u00bb2379&Prime; img_size=\u00a0\u00bbfull\u00a0\u00bb][\/vc_column][vc_column width=\u00a0\u00bb1\/2&Prime; css=\u00a0\u00bb.vc_custom_1632908025195{background-image: url(http:\/\/relaxsrl.com\/wp-content\/uploads\/2021\/09\/cta-soffietto-opaco.jpg?id=2381) !important;background-position: center !important;background-repeat: no-repeat !important;background-size: cover !important;}\u00a0\u00bb el_class=\u00a0\u00bbrow-cta-over-footer-col-text\u00a0\u00bb][vc_row_inner][vc_column_inner width=\u00a0\u00bb1\/4&Prime;][\/vc_column_inner][vc_column_inner width=\u00a0\u00bb1\/2&Prime;][vc_column_text]<\/p>\n<h2 style=\"text-align: center;\">D\u00e9couvrez les portes pliable pour cabine de douche de Relax<\/h2>\n<p style=\"text-align: center;\">Essayez le configurateur de cabine de douche Relax pour ins\u00e9rer les portes pliable dans votre cabine de douche id\u00e9ale.<\/p>\n<p>[\/vc_column_text][vc_btn title=\u00a0\u00bbALLER AU CONFIGURATEUR\u00a0\u00bb style=\u00a0\u00bbclassic\u00a0\u00bb shape=\u00a0\u00bbsquare\u00a0\u00bb color=\u00a0\u00bbwhite\u00a0\u00bb align=\u00a0\u00bbcenter\u00a0\u00bb el_class=\u00a0\u00bbbtn-default-white\u00a0\u00bb link=\u00a0\u00bburl:http%3A%2F%2Frelaxsrl.com%2Ffr%2Fproduits%2Fconfigurateur%2F|title:Configurateur\u00a0\u00bb][\/vc_column_inner][vc_column_inner width=\u00a0\u00bb1\/4&Prime;][\/vc_column_inner][\/vc_row_inner][\/vc_column][\/vc_row]<\/p>\n","protected":false},"excerpt":{"rendered":"<p>[vc_row full_width=\u00a0\u00bbstretch_row\u00a0\u00bb content_placement=\u00a0\u00bbmiddle\u00a0\u00bb el_class=\u00a0\u00bbintro-row intro-row-grey\u00a0\u00bb][vc_column][vc_column_text] Cabine de douche avec porte pliable [\/vc_column_text][\/vc_column][\/vc_row][vc_row el_class=\u00a0\u00bbrow-path\u00a0\u00bb][vc_column][vc_column_text][\/vc_column_text][\/vc_column][\/vc_row][vc_row][vc_column][vc_single_image image=\u00a0\u00bb31286&Prime; img_size=\u00a0\u00bbfull\u00a0\u00bb][\/vc_column][\/vc_row][vc_row][vc_column width=\u00a0\u00bb1\/6&Prime;][\/vc_column][vc_column width=\u00a0\u00bb2\/3&Prime;][vc_empty_space height=\u00a0\u00bb40px\u00a0\u00bb][vc_column_text el_class=\u00a0\u00bbtxt-blue abstract weight500&Prime;]Dans la cabine de douche avec porte pliable, \u00e9galement appel\u00e9es portes pliantes, portes accord\u00e9on ou escamotables, les portes peuvent \u00eatre ins\u00e9r\u00e9es dans une voie sup\u00e9rieure et inf\u00e9rieure ou avec un syst\u00e8me de charni\u00e8res qui permet [&hellip;]<\/p>\n","protected":false},"author":3,"featured_media":31286,"parent":11392,"menu_order":0,"comment_status":"closed","ping_status":"closed","template":"","meta":[],"acf":[],"yoast_head":"<!-- This site is optimized with the Yoast SEO Premium plugin v18.4 (Yoast SEO v18.8) - https:\/\/yoast.com\/wordpress\/plugins\/seo\/ -->\n<title>Cabine de douche avec porte pliable - Relax srl<\/title>\n<meta name=\"description\" content=\"La cabine de douche avec porte pliable est la solution parfaite pour r\u00e9cup\u00e9rer un espace pr\u00e9cieux dans la salle de bain.\" \/>\n<meta name=\"robots\" content=\"index, follow, max-snippet:-1, max-image-preview:large, max-video-preview:-1\" \/>\n<link rel=\"canonical\" href=\"https:\/\/relaxsrl.com\/fr\/aide-au-choix\/cabine-de-douche-avec-porte-pliable\/\" \/>\n<meta property=\"og:locale\" content=\"fr_FR\" \/>\n<meta property=\"og:type\" content=\"article\" \/>\n<meta property=\"og:title\" content=\"Cabine de douche avec porte pliable - Relax srl\" \/>\n<meta property=\"og:description\" content=\"La cabine de douche avec porte pliable est la solution parfaite pour r\u00e9cup\u00e9rer un espace pr\u00e9cieux dans la salle de bain.\" \/>\n<meta property=\"og:url\" content=\"https:\/\/relaxsrl.com\/fr\/aide-au-choix\/cabine-de-douche-avec-porte-pliable\/\" \/>\n<meta property=\"og:site_name\" content=\"Relax srl\" \/>\n<meta property=\"article:modified_time\" content=\"2024-11-18T09:59:21+00:00\" \/>\n<meta property=\"og:image\" content=\"https:\/\/relaxsrl.com\/website\/wp-content\/uploads\/2024\/11\/APERTURA_12-1.jpg\" \/>\n\t<meta property=\"og:image:width\" content=\"1920\" \/>\n\t<meta property=\"og:image:height\" content=\"1080\" \/>\n\t<meta property=\"og:image:type\" content=\"image\/jpeg\" \/>\n<meta name=\"twitter:card\" content=\"summary_large_image\" \/>\n<meta name=\"twitter:label1\" content=\"Dur\u00e9e de lecture estim\u00e9e\" \/>\n\t<meta name=\"twitter:data1\" content=\"5 minutes\" \/>\n<script type=\"application\/ld+json\" class=\"yoast-schema-graph\">{\"@context\":\"https:\/\/schema.org\",\"@graph\":[{\"@type\":\"WebSite\",\"@id\":\"https:\/\/relaxsrl.com\/#website\",\"url\":\"https:\/\/relaxsrl.com\/\",\"name\":\"Relax srl\",\"description\":\"\",\"potentialAction\":[{\"@type\":\"SearchAction\",\"target\":{\"@type\":\"EntryPoint\",\"urlTemplate\":\"https:\/\/relaxsrl.com\/?s={search_term_string}\"},\"query-input\":\"required name=search_term_string\"}],\"inLanguage\":\"fr-FR\"},{\"@type\":\"ImageObject\",\"inLanguage\":\"fr-FR\",\"@id\":\"https:\/\/relaxsrl.com\/fr\/aide-au-choix\/cabine-de-douche-avec-porte-pliable\/#primaryimage\",\"url\":\"https:\/\/relaxsrl.com\/website\/wp-content\/uploads\/2024\/11\/APERTURA_12-1.jpg\",\"contentUrl\":\"https:\/\/relaxsrl.com\/website\/wp-content\/uploads\/2024\/11\/APERTURA_12-1.jpg\",\"width\":1920,\"height\":1080},{\"@type\":\"WebPage\",\"@id\":\"https:\/\/relaxsrl.com\/fr\/aide-au-choix\/cabine-de-douche-avec-porte-pliable\/#webpage\",\"url\":\"https:\/\/relaxsrl.com\/fr\/aide-au-choix\/cabine-de-douche-avec-porte-pliable\/\",\"name\":\"Cabine de douche avec porte pliable - Relax srl\",\"isPartOf\":{\"@id\":\"https:\/\/relaxsrl.com\/#website\"},\"primaryImageOfPage\":{\"@id\":\"https:\/\/relaxsrl.com\/fr\/aide-au-choix\/cabine-de-douche-avec-porte-pliable\/#primaryimage\"},\"datePublished\":\"2021-11-19T07:54:48+00:00\",\"dateModified\":\"2024-11-18T09:59:21+00:00\",\"description\":\"La cabine de douche avec porte pliable est la solution parfaite pour r\u00e9cup\u00e9rer un espace pr\u00e9cieux dans la salle de bain.\",\"breadcrumb\":{\"@id\":\"https:\/\/relaxsrl.com\/fr\/aide-au-choix\/cabine-de-douche-avec-porte-pliable\/#breadcrumb\"},\"inLanguage\":\"fr-FR\",\"potentialAction\":[{\"@type\":\"ReadAction\",\"target\":[\"https:\/\/relaxsrl.com\/fr\/aide-au-choix\/cabine-de-douche-avec-porte-pliable\/\"]}]},{\"@type\":\"BreadcrumbList\",\"@id\":\"https:\/\/relaxsrl.com\/fr\/aide-au-choix\/cabine-de-douche-avec-porte-pliable\/#breadcrumb\",\"itemListElement\":[{\"@type\":\"ListItem\",\"position\":1,\"name\":\"Aide au choix\",\"item\":\"https:\/\/relaxsrl.com\/fr\/aide-au-choix\/\"},{\"@type\":\"ListItem\",\"position\":2,\"name\":\"Cabine de douche avec porte pliable\"}]}]}<\/script>\n<!-- \/ Yoast SEO Premium plugin. -->","yoast_head_json":{"title":"Cabine de douche avec porte pliable - Relax srl","description":"La cabine de douche avec porte pliable est la solution parfaite pour r\u00e9cup\u00e9rer un espace pr\u00e9cieux dans la salle de bain.","robots":{"index":"index","follow":"follow","max-snippet":"max-snippet:-1","max-image-preview":"max-image-preview:large","max-video-preview":"max-video-preview:-1"},"canonical":"https:\/\/relaxsrl.com\/fr\/aide-au-choix\/cabine-de-douche-avec-porte-pliable\/","og_locale":"fr_FR","og_type":"article","og_title":"Cabine de douche avec porte pliable - Relax srl","og_description":"La cabine de douche avec porte pliable est la solution parfaite pour r\u00e9cup\u00e9rer un espace pr\u00e9cieux dans la salle de bain.","og_url":"https:\/\/relaxsrl.com\/fr\/aide-au-choix\/cabine-de-douche-avec-porte-pliable\/","og_site_name":"Relax srl","article_modified_time":"2024-11-18T09:59:21+00:00","og_image":[{"width":1920,"height":1080,"url":"https:\/\/relaxsrl.com\/website\/wp-content\/uploads\/2024\/11\/APERTURA_12-1.jpg","type":"image\/jpeg"}],"twitter_card":"summary_large_image","twitter_misc":{"Dur\u00e9e de lecture estim\u00e9e":"5 minutes"},"schema":{"@context":"https:\/\/schema.org","@graph":[{"@type":"WebSite","@id":"https:\/\/relaxsrl.com\/#website","url":"https:\/\/relaxsrl.com\/","name":"Relax srl","description":"","potentialAction":[{"@type":"SearchAction","target":{"@type":"EntryPoint","urlTemplate":"https:\/\/relaxsrl.com\/?s={search_term_string}"},"query-input":"required name=search_term_string"}],"inLanguage":"fr-FR"},{"@type":"ImageObject","inLanguage":"fr-FR","@id":"https:\/\/relaxsrl.com\/fr\/aide-au-choix\/cabine-de-douche-avec-porte-pliable\/#primaryimage","url":"https:\/\/relaxsrl.com\/website\/wp-content\/uploads\/2024\/11\/APERTURA_12-1.jpg","contentUrl":"https:\/\/relaxsrl.com\/website\/wp-content\/uploads\/2024\/11\/APERTURA_12-1.jpg","width":1920,"height":1080},{"@type":"WebPage","@id":"https:\/\/relaxsrl.com\/fr\/aide-au-choix\/cabine-de-douche-avec-porte-pliable\/#webpage","url":"https:\/\/relaxsrl.com\/fr\/aide-au-choix\/cabine-de-douche-avec-porte-pliable\/","name":"Cabine de douche avec porte pliable - Relax srl","isPartOf":{"@id":"https:\/\/relaxsrl.com\/#website"},"primaryImageOfPage":{"@id":"https:\/\/relaxsrl.com\/fr\/aide-au-choix\/cabine-de-douche-avec-porte-pliable\/#primaryimage"},"datePublished":"2021-11-19T07:54:48+00:00","dateModified":"2024-11-18T09:59:21+00:00","description":"La cabine de douche avec porte pliable est la solution parfaite pour r\u00e9cup\u00e9rer un espace pr\u00e9cieux dans la salle de bain.","breadcrumb":{"@id":"https:\/\/relaxsrl.com\/fr\/aide-au-choix\/cabine-de-douche-avec-porte-pliable\/#breadcrumb"},"inLanguage":"fr-FR","potentialAction":[{"@type":"ReadAction","target":["https:\/\/relaxsrl.com\/fr\/aide-au-choix\/cabine-de-douche-avec-porte-pliable\/"]}]},{"@type":"BreadcrumbList","@id":"https:\/\/relaxsrl.com\/fr\/aide-au-choix\/cabine-de-douche-avec-porte-pliable\/#breadcrumb","itemListElement":[{"@type":"ListItem","position":1,"name":"Aide au choix","item":"https:\/\/relaxsrl.com\/fr\/aide-au-choix\/"},{"@type":"ListItem","position":2,"name":"Cabine de douche avec porte pliable"}]}]}},"_links":{"self":[{"href":"https:\/\/relaxsrl.com\/fr\/wp-json\/wp\/v2\/pages\/11405"}],"collection":[{"href":"https:\/\/relaxsrl.com\/fr\/wp-json\/wp\/v2\/pages"}],"about":[{"href":"https:\/\/relaxsrl.com\/fr\/wp-json\/wp\/v2\/types\/page"}],"author":[{"embeddable":true,"href":"https:\/\/relaxsrl.com\/fr\/wp-json\/wp\/v2\/users\/3"}],"replies":[{"embeddable":true,"href":"https:\/\/relaxsrl.com\/fr\/wp-json\/wp\/v2\/comments?post=11405"}],"version-history":[{"count":11,"href":"https:\/\/relaxsrl.com\/fr\/wp-json\/wp\/v2\/pages\/11405\/revisions"}],"predecessor-version":[{"id":31292,"href":"https:\/\/relaxsrl.com\/fr\/wp-json\/wp\/v2\/pages\/11405\/revisions\/31292"}],"up":[{"embeddable":true,"href":"https:\/\/relaxsrl.com\/fr\/wp-json\/wp\/v2\/pages\/11392"}],"wp:featuredmedia":[{"embeddable":true,"href":"https:\/\/relaxsrl.com\/fr\/wp-json\/wp\/v2\/media\/31286"}],"wp:attachment":[{"href":"https:\/\/relaxsrl.com\/fr\/wp-json\/wp\/v2\/media?parent=11405"}],"curies":[{"name":"wp","href":"https:\/\/api.w.org\/{rel}","templated":true}]}}