{"id":11439,"date":"2021-11-19T10:42:45","date_gmt":"2021-11-19T09:42:45","guid":{"rendered":"http:\/\/relaxsrl.com\/aide-au-choix\/cabine-de-douche-avec-porte-saloon\/"},"modified":"2023-09-07T10:23:55","modified_gmt":"2023-09-07T08:23:55","slug":"cabine-de-douche-avec-porte-saloon","status":"publish","type":"page","link":"https:\/\/relaxsrl.com\/fr\/aide-au-choix\/cabine-de-douche-avec-porte-saloon\/","title":{"rendered":"Cabine de douche avec porte saloon"},"content":{"rendered":"<p>[vc_row full_width=\u00a0\u00bbstretch_row\u00a0\u00bb content_placement=\u00a0\u00bbmiddle\u00a0\u00bb el_class=\u00a0\u00bbintro-row intro-row-grey\u00a0\u00bb][vc_column][vc_column_text]<\/p>\n<h1>Cabine de douche avec porte saloon<\/h1>\n<p>[\/vc_column_text][\/vc_column][\/vc_row][vc_row el_class=\u00a0\u00bbrow-path\u00a0\u00bb][vc_column][vc_column_text][\/vc_column_text][\/vc_column][\/vc_row][vc_row][vc_column][vc_single_image image=\u00a0\u00bb2349&Prime; img_size=\u00a0\u00bbfull\u00a0\u00bb][\/vc_column][\/vc_row][vc_row][vc_column width=\u00a0\u00bb1\/6&Prime;][\/vc_column][vc_column width=\u00a0\u00bb2\/3&Prime;][vc_empty_space height=\u00a0\u00bb40px\u00a0\u00bb][vc_column_text el_class=\u00a0\u00bbtxt-blue abstract weight500&Prime;]La cabine de douche avec porte saloon permet une ouverture \u00e0 180 mm de chaque c\u00f4t\u00e9, \u00e0 la fois vers l\u2019ext\u00e9rieur et vers l\u2019int\u00e9rieur. De cette fa\u00e7on, ils n\u2019encombrent pas la pi\u00e8ce.[\/vc_column_text][vc_empty_space height=\u00a0\u00bb35px\u00a0\u00bb][\/vc_column][\/vc_row][vc_row][vc_column width=\u00a0\u00bb1\/6&Prime;][\/vc_column][vc_column width=\u00a0\u00bb2\/3&Prime;][vc_column_text]<\/p>\n<ul>\n<li><a class=\"link-interno link-interno-paragrafo-1\" href=\"#\">Caract\u00e9ristiques de la porte saloon <\/a><\/li>\n<li>Types de cabine de douche avec porte saloon\n<ul>\n<li><a class=\"link-interno link-interno-paragrafo-2\" href=\"#\">Cabine de douche avec cadre<\/a><\/li>\n<li><a class=\"link-interno link-interno-paragrafo-3\" href=\"#\">Cabine de douche sans cadre<\/a><\/li>\n<\/ul>\n<\/li>\n<li><a class=\"link-interno link-interno-paragrafo-4\" href=\"#\">Avantages de la porte saloon<\/a><\/li>\n<li><a class=\"link-interno link-interno-paragrafo-5\" href=\"#\">Quand \u00e9viter la porte saloon<\/a><\/li>\n<\/ul>\n<p>[\/vc_column_text][vc_empty_space height=\u00a0\u00bb40px\u00a0\u00bb][\/vc_column][\/vc_row][vc_row el_id=\u00a0\u00bbparagrafo-1&Prime;][vc_column width=\u00a0\u00bb1\/6&Prime;][\/vc_column][vc_column width=\u00a0\u00bb2\/3&Prime;][vc_column_text]<\/p>\n<h2>Caract\u00e9ristiques de la porte saloon<\/h2>\n<p>Comme son nom l\u2019indique, cette cabine de douche se caract\u00e9rise par <strong>deux portes ind\u00e9pendantes qui s\u2019ouvrent \u00e0 la fois vers l\u2019int\u00e9rieur et vers l\u2019ext\u00e9rieur<\/strong>, comme les portes de l\u2019espace public vues dans d\u2019innombrables westerns.<br \/>\nLeur utilisation est tr\u00e8s demand\u00e9e lorsque la salle de bains est petite. La porte saloon est en effet une <strong>solution peu encombrante<\/strong> car elle s\u2019ouvre presque sur toute sa taille nominale et donc maximise la surface utile d\u2019entr\u00e9e. Les portes de saloon sont g\u00e9n\u00e9ralement propos\u00e9es avec des vitres de 4 ou 6 mm d\u2019\u00e9paisseur.[\/vc_column_text][vc_empty_space height=\u00a0\u00bb40px\u00a0\u00bb][\/vc_column][\/vc_row][vc_row][vc_column width=\u00a0\u00bb1\/6&Prime;][\/vc_column][vc_column width=\u00a0\u00bb2\/3&Prime;][vc_column_text]<\/p>\n<h2>Types de cabines de douche avec porte saloon<\/h2>\n<p>[\/vc_column_text][vc_empty_space height=\u00a0\u00bb20px\u00a0\u00bb][\/vc_column][\/vc_row][vc_row el_id=\u00a0\u00bbparagrafo-2&Prime;][vc_column width=\u00a0\u00bb1\/6&Prime;][\/vc_column][vc_column width=\u00a0\u00bb2\/3&Prime;][vc_column_text]<\/p>\n<h3>Cabine de douche avec cadre<\/h3>\n<p>La cabine de douche avec cadre et portes saloon est mont\u00e9e dans <strong>la niche, angulaire ou 3 c\u00f4t\u00e9s<\/strong>. Elle est<strong> \u00e9quip\u00e9 de charni\u00e8res<\/strong> qui travaillent toutes \u00e0 l\u2019ext\u00e9rieur, en correspondance du cadre m\u00eame, <strong>ou il peut recourir aux pivots<\/strong>, option cette derni\u00e8re qui permet de positionner le radiateur ou le porte-lingettes dans le mur sans que la vitre de la porte ouverte ne claque et ne se casse ou ne s\u2019ab\u00eeme. Les charni\u00e8res mont\u00e9es sur cadre sont la solution la plus utilis\u00e9e parce que le cadre donne de la robustesse \u00e0 la cabine de douche et, dans la partie inf\u00e9rieure, le profil agit comme une excellente barri\u00e8re \u00e0 la fuite d\u2019eau. Dans le cadre des tests de qualit\u00e9 r\u00e9alis\u00e9s par Relax, les cabines de douche avec cadre surpassent tr\u00e8s facilement celles pour l\u2019\u00e9tanch\u00e9it\u00e9 \u00e0 l\u2019eau.[\/vc_column_text][vc_empty_space height=\u00a0\u00bb20px\u00a0\u00bb][\/vc_column][\/vc_row][vc_row el_id=\u00a0\u00bbparagrafo-3&Prime;][vc_column width=\u00a0\u00bb1\/6&Prime;][\/vc_column][vc_column width=\u00a0\u00bb2\/3&Prime;][vc_column_text]<\/p>\n<h3>Cabine de douche sans cadre<\/h3>\n<p>La cabine de douche sans cadre et portes saloon, utilis\u00e9e dans la <strong>niche ou angulaire<\/strong>, rencontre ceux qui trouvent l\u2019esth\u00e9tique de la cabine de douche avec portes \u00e0 saloon p\u00e9nalis\u00e9e par la pr\u00e9sence de deux panneaux de verre. La version sans cadre rend la<strong> cabine de douche moins lourde \u00e0 la vue.<\/strong> Dans ce cas, les charni\u00e8res sont mont\u00e9es directement au mur et l\u2019\u00e9tanch\u00e9it\u00e9 \u00e0 l\u2019eau est garantie par les joints mont\u00e9s dans la partie inf\u00e9rieure. Pour \u00e9viter qu\u2019ils ne soient usurp\u00e9s pr\u00e9matur\u00e9ment en rampant dans le profil de barrage inf\u00e9rieur minimal ou dans le bac de douche, si celui-ci est mont\u00e9 au ras du receveur, les charni\u00e8res sont \u00e9quip\u00e9es du syst\u00e8me de levage. Ce syst\u00e8me garantit \u00e9galement un meilleur alignement des portes et donc une \u00e9tanch\u00e9it\u00e9 \u00e0 l\u2019eau.[\/vc_column_text][vc_empty_space height=\u00a0\u00bb40px\u00a0\u00bb][\/vc_column][\/vc_row][vc_row el_id=\u00a0\u00bbparagrafo-4&Prime;][vc_column width=\u00a0\u00bb1\/6&Prime;][\/vc_column][vc_column width=\u00a0\u00bb2\/3&Prime;][vc_column_text]<\/p>\n<h2>Avantages de la porte saloon<\/h2>\n<p>Mont\u00e9e sur un profil vertical qui lui permet de pivoter \u00e0 180\u00b5 sur elle-m\u00eame, elle est<strong> tr\u00e8s facile \u00e0 utiliser<\/strong> car il suffit d\u2019une pouss\u00e9e et elle s\u2019ouvre compl\u00e8tement \u00e0 l\u2019ext\u00e9rieur ou \u00e0 l\u2019int\u00e9rieur. Dans le premier cas, il facilite les activit\u00e9s de nettoyage, tandis que dans le second il facilite l\u2019\u00e9gouttage dans le compartiment douche plut\u00f4t que sur le plancher et, dans le cas de peu d\u2019espace ext\u00e9rieur, il r\u00e9sout l\u2019ouverture. Pour cette raison, il est consid\u00e9r\u00e9 comme une <strong>excellente solution<\/strong> comme une <strong>cabine de douche peu encombrante pour les petites salles de bains<\/strong>. L\u2019acc\u00e8s facile et imm\u00e9diat \u00e0 la cabine de douche est <strong>pratique pour les personnes \u00e0 mobilit\u00e9 r\u00e9duite.<\/strong>[\/vc_column_text][vc_empty_space height=\u00a0\u00bb40px\u00a0\u00bb][\/vc_column][\/vc_row][vc_row el_id=\u00a0\u00bbparagrafo-5&Prime;][vc_column width=\u00a0\u00bb1\/6&Prime;][\/vc_column][vc_column width=\u00a0\u00bb2\/3&Prime;][vc_column_text]<\/p>\n<h2>Quand \u00e9viter la porte du saloon<\/h2>\n<p>Si l\u2019espace ext\u00e9rieur de la cabine de douche est limit\u00e9 ou occup\u00e9 par d\u2019autres meubles, l\u2019ouverture de la porte saloon ne peut se faire que vers l\u2019int\u00e9rieur et donc la propret\u00e9 sera rendue plus difficile. Quand les portes sont ouvertes est in\u00e9vitable l\u2019\u00e9coulement sur le plancher. Il est \u00e0 \u00e9viter comme choix lorsque <strong>la profondeur de la cabine de douche est inf\u00e9rieure \u00e0 70\/80 cm<\/strong>, encore plus si la pomme de douche est plac\u00e9e en face de l\u2019entr\u00e9e de la cabine de douche et deviendrait donc un obstacle.[\/vc_column_text][vc_empty_space height=\u00a0\u00bb40px\u00a0\u00bb][\/vc_column][\/vc_row][vc_row][vc_column][vc_empty_space height=\u00a0\u00bb50px\u00a0\u00bb][vc_column_text]<\/p>\n<h3 style=\"text-align: center;\">Quelques exemples de portes de saloon pour la douche Relax<\/h3>\n<p>[\/vc_column_text][vc_empty_space height=\u00a0\u00bb30px\u00a0\u00bb]<div class=\"woocommerce columns-4 \"><ul class=\"products columns-4\">\n<li class=\"product type-product post-13866 status-publish first instock product_cat-3-lati-de product_cat-3-lati-en product_cat-3-lati-fr product_cat-3- product_cat-box-doccia-en product_cat-box-doccia-de product_cat-cabine-de-douche product_cat-collections product_cat-collections-en product_cat-guida-alla-scelta-de product_cat-selection-guide-en product_cat-guide-de-selection product_cat-light-en product_cat-light-ru product_cat-light-fr product_cat-light-de product_cat-nicchia-de product_cat-niche-fr product_cat-niche product_cat-saloon-de-2 product_cat-saloon-de-3 product_cat-selection-guide-saloon product_cat-saloon-de-4 product_cat-niche-saloon product_cat-niche-saloon-fr product_cat-saloon product_cat-guide-de-selection-saloon product_cat-collezioni-de product_cat-tipologia-prodotto-de product_cat-tipologia-prodotto-en product_cat-type-de-produit product_cat-1618 product_cat-1568 product_cat-1637 product_cat-1594 product_cat-3--- product_cat-1630 product_cat-1612 product_cat-1617 has-post-thumbnail shipping-taxable product-type-simple\">\n\t<div class=\"woocommerce-loop-product__short_description\" itemprop=\"description\"><a href=\"https:\/\/relaxsrl.com\/fr\/produit\/light-b2\/\" class=\"woocommerce-LoopProduct-link woocommerce-loop-product__link\"><p>Cabine de douche sans profils avec porte saloon.<\/p>\n<\/a><\/div><\/li>\n<li class=\"product type-product post-13831 status-publish instock product_cat-3-lati-fr product_cat-3-lati-de product_cat-3- product_cat-box-doccia-de product_cat-cabine-de-douche product_cat-collections product_cat-guida-alla-scelta-de product_cat-guide-de-selection product_cat-nicchia-de product_cat-niche-fr product_cat-saloon-de-4 product_cat-guide-de-selection-saloon product_cat-saloon product_cat-saloon-de-2 product_cat-saloon-de-3 product_cat-niche-saloon-fr product_cat-collezioni-de product_cat-smart-ru product_cat-smart-fr product_cat-smart-de product_cat-tipologia-prodotto-de product_cat-type-de-produit product_cat-1618 product_cat-1568 product_cat-1637 product_cat-1594 product_cat-3--- product_cat-1630 product_cat-1612 product_cat-1617 has-post-thumbnail shipping-taxable product-type-simple\">\n\t<div class=\"woocommerce-loop-product__short_description\" itemprop=\"description\"><a href=\"https:\/\/relaxsrl.com\/fr\/produit\/smart-b2\/\" class=\"woocommerce-LoopProduct-link woocommerce-loop-product__link\"><p>Cabine de douche en niche avec porte saloon et avec syst\u00e8me de levage de porte.<\/p>\n<\/a><\/div><\/li>\n<li class=\"product type-product post-13821 status-publish instock product_cat-3-lati-de product_cat-3-lati-en product_cat-3-lati-fr product_cat-3- product_cat-angolare-en product_cat-angolare-de product_cat-angulaire product_cat-box-doccia-en product_cat-box-doccia-de product_cat-cabine-de-douche product_cat-collections product_cat-collections-en product_cat-selection-guide-en product_cat-guida-alla-scelta-de product_cat-guide-de-selection product_cat-lyra-de product_cat-lyra-ru product_cat-lyra-fr product_cat-lyra-en product_cat-saloon-de-2 product_cat-selection-guide-saloon product_cat-angulaire-saloon product_cat-saloon-de-3 product_cat-angular-saloon product_cat-guide-de-selection-saloon product_cat-saloon-de product_cat-saloon product_cat-collezioni-de product_cat-tipologia-prodotto-de product_cat-tipologia-prodotto-en product_cat-type-de-produit product_cat-1618 product_cat-1568 product_cat-1594 product_cat-3--- product_cat-1612 product_cat-1629 product_cat-1617 product_cat-1626 has-post-thumbnail shipping-taxable product-type-simple\">\n\t<div class=\"woocommerce-loop-product__short_description\" itemprop=\"description\"><a href=\"https:\/\/relaxsrl.com\/fr\/produit\/lyra-b2-lyra-f\/\" class=\"woocommerce-LoopProduct-link woocommerce-loop-product__link\"><p>Cabine de douche d&rsquo;angle avec porte saloon avec syst\u00e8me d&rsquo;alignement des portes.<\/p>\n<\/a><\/div><\/li>\n<\/ul>\n<\/div>[\/vc_column][\/vc_row][vc_row full_width=\u00a0\u00bbstretch_row_content_no_spaces\u00a0\u00bb equal_height=\u00a0\u00bbyes\u00a0\u00bb content_placement=\u00a0\u00bbmiddle\u00a0\u00bb el_class=\u00a0\u00bbrow-over-footer row-cta-over-footer\u00a0\u00bb][vc_column width=\u00a0\u00bb1\/2&Prime;][vc_single_image image=\u00a0\u00bb2353&Prime; img_size=\u00a0\u00bbfull\u00a0\u00bb][\/vc_column][vc_column width=\u00a0\u00bb1\/2&Prime; css=\u00a0\u00bb.vc_custom_1632907719034{background-image: url(http:\/\/relaxsrl.com\/wp-content\/uploads\/2021\/09\/cta-saloon-opaco.jpg?id=2355) !important;background-position: center !important;background-repeat: no-repeat !important;background-size: cover !important;}\u00a0\u00bb el_class=\u00a0\u00bbrow-cta-over-footer-col-text\u00a0\u00bb][vc_row_inner][vc_column_inner width=\u00a0\u00bb1\/4&Prime;][\/vc_column_inner][vc_column_inner width=\u00a0\u00bb1\/2&Prime;][vc_column_text]<\/p>\n<h2>D\u00e9couvrez les cabine de douche avec les portes saloon<\/h2>\n<p style=\"text-align: center;\">Avec le configurateur de cabines de douche Relax, vous pouvez trouver les portes saloon les mieux adapt\u00e9es \u00e0 vous.<\/p>\n<p>[\/vc_column_text][vc_btn title=\u00a0\u00bbALLER AU CONFIGURATEUR\u00a0\u00bb style=\u00a0\u00bbclassic\u00a0\u00bb shape=\u00a0\u00bbsquare\u00a0\u00bb color=\u00a0\u00bbwhite\u00a0\u00bb align=\u00a0\u00bbcenter\u00a0\u00bb el_class=\u00a0\u00bbbtn-default-white\u00a0\u00bb link=\u00a0\u00bburl:http%3A%2F%2Frelaxsrl.com%2Ffr%2Fproduits%2Fconfigurateur%2F|title:Configurateur\u00a0\u00bb][\/vc_column_inner][vc_column_inner width=\u00a0\u00bb1\/4&Prime;][\/vc_column_inner][\/vc_row_inner][\/vc_column][\/vc_row]<\/p>\n","protected":false},"excerpt":{"rendered":"<p>[vc_row full_width=\u00a0\u00bbstretch_row\u00a0\u00bb content_placement=\u00a0\u00bbmiddle\u00a0\u00bb el_class=\u00a0\u00bbintro-row intro-row-grey\u00a0\u00bb][vc_column][vc_column_text] Cabine de douche avec porte saloon [\/vc_column_text][\/vc_column][\/vc_row][vc_row el_class=\u00a0\u00bbrow-path\u00a0\u00bb][vc_column][vc_column_text][\/vc_column_text][\/vc_column][\/vc_row][vc_row][vc_column][vc_single_image image=\u00a0\u00bb2349&Prime; img_size=\u00a0\u00bbfull\u00a0\u00bb][\/vc_column][\/vc_row][vc_row][vc_column width=\u00a0\u00bb1\/6&Prime;][\/vc_column][vc_column width=\u00a0\u00bb2\/3&Prime;][vc_empty_space height=\u00a0\u00bb40px\u00a0\u00bb][vc_column_text el_class=\u00a0\u00bbtxt-blue abstract weight500&Prime;]La cabine de douche avec porte saloon permet une ouverture \u00e0 180 mm de chaque c\u00f4t\u00e9, \u00e0 la fois vers l\u2019ext\u00e9rieur et vers l\u2019int\u00e9rieur. De cette fa\u00e7on, ils n\u2019encombrent pas la pi\u00e8ce.[\/vc_column_text][vc_empty_space height=\u00a0\u00bb35px\u00a0\u00bb][\/vc_column][\/vc_row][vc_row][vc_column width=\u00a0\u00bb1\/6&Prime;][\/vc_column][vc_column width=\u00a0\u00bb2\/3&Prime;][vc_column_text] [&hellip;]<\/p>\n","protected":false},"author":3,"featured_media":2349,"parent":11392,"menu_order":0,"comment_status":"closed","ping_status":"closed","template":"","meta":[],"acf":[],"yoast_head":"<!-- This site is optimized with the Yoast SEO Premium plugin v18.4 (Yoast SEO v18.8) - https:\/\/yoast.com\/wordpress\/plugins\/seo\/ -->\n<title>Cabine de douche avec porte saloon - Relax srl<\/title>\n<meta name=\"description\" content=\"La cabine de douche avec porte saloon permet une ouverture vers l&#039;ext\u00e9rieur et vers l&#039;int\u00e9rieur. Une solution id\u00e9ale pour un espace limit\u00e9.\" \/>\n<meta name=\"robots\" content=\"index, follow, max-snippet:-1, max-image-preview:large, max-video-preview:-1\" \/>\n<link rel=\"canonical\" href=\"https:\/\/relaxsrl.com\/fr\/aide-au-choix\/cabine-de-douche-avec-porte-saloon\/\" \/>\n<meta property=\"og:locale\" content=\"fr_FR\" \/>\n<meta property=\"og:type\" content=\"article\" \/>\n<meta property=\"og:title\" content=\"Cabine de douche avec porte saloon - Relax srl\" \/>\n<meta property=\"og:description\" content=\"La cabine de douche avec porte saloon permet une ouverture vers l&#039;ext\u00e9rieur et vers l&#039;int\u00e9rieur. Une solution id\u00e9ale pour un espace limit\u00e9.\" \/>\n<meta property=\"og:url\" content=\"https:\/\/relaxsrl.com\/fr\/aide-au-choix\/cabine-de-douche-avec-porte-saloon\/\" \/>\n<meta property=\"og:site_name\" content=\"Relax srl\" \/>\n<meta property=\"article:modified_time\" content=\"2023-09-07T08:23:55+00:00\" \/>\n<meta property=\"og:image\" content=\"https:\/\/relaxsrl.com\/website\/wp-content\/uploads\/2021\/09\/UNICO_B2.jpg\" \/>\n\t<meta property=\"og:image:width\" content=\"1920\" \/>\n\t<meta property=\"og:image:height\" content=\"1281\" \/>\n\t<meta property=\"og:image:type\" content=\"image\/jpeg\" \/>\n<meta name=\"twitter:card\" content=\"summary_large_image\" \/>\n<meta name=\"twitter:label1\" content=\"Dur\u00e9e de lecture estim\u00e9e\" \/>\n\t<meta name=\"twitter:data1\" content=\"5 minutes\" \/>\n<script type=\"application\/ld+json\" class=\"yoast-schema-graph\">{\"@context\":\"https:\/\/schema.org\",\"@graph\":[{\"@type\":\"WebSite\",\"@id\":\"https:\/\/relaxsrl.com\/#website\",\"url\":\"https:\/\/relaxsrl.com\/\",\"name\":\"Relax srl\",\"description\":\"\",\"potentialAction\":[{\"@type\":\"SearchAction\",\"target\":{\"@type\":\"EntryPoint\",\"urlTemplate\":\"https:\/\/relaxsrl.com\/?s={search_term_string}\"},\"query-input\":\"required name=search_term_string\"}],\"inLanguage\":\"fr-FR\"},{\"@type\":\"ImageObject\",\"inLanguage\":\"fr-FR\",\"@id\":\"https:\/\/relaxsrl.com\/fr\/aide-au-choix\/cabine-de-douche-avec-porte-saloon\/#primaryimage\",\"url\":\"https:\/\/relaxsrl.com\/website\/wp-content\/uploads\/2021\/09\/UNICO_B2.jpg\",\"contentUrl\":\"https:\/\/relaxsrl.com\/website\/wp-content\/uploads\/2021\/09\/UNICO_B2.jpg\",\"width\":1920,\"height\":1281,\"caption\":\"Box doccia con anta saloon in nicchia\"},{\"@type\":\"WebPage\",\"@id\":\"https:\/\/relaxsrl.com\/fr\/aide-au-choix\/cabine-de-douche-avec-porte-saloon\/#webpage\",\"url\":\"https:\/\/relaxsrl.com\/fr\/aide-au-choix\/cabine-de-douche-avec-porte-saloon\/\",\"name\":\"Cabine de douche avec porte saloon - Relax srl\",\"isPartOf\":{\"@id\":\"https:\/\/relaxsrl.com\/#website\"},\"primaryImageOfPage\":{\"@id\":\"https:\/\/relaxsrl.com\/fr\/aide-au-choix\/cabine-de-douche-avec-porte-saloon\/#primaryimage\"},\"datePublished\":\"2021-11-19T09:42:45+00:00\",\"dateModified\":\"2023-09-07T08:23:55+00:00\",\"description\":\"La cabine de douche avec porte saloon permet une ouverture vers l'ext\u00e9rieur et vers l'int\u00e9rieur. Une solution id\u00e9ale pour un espace limit\u00e9.\",\"breadcrumb\":{\"@id\":\"https:\/\/relaxsrl.com\/fr\/aide-au-choix\/cabine-de-douche-avec-porte-saloon\/#breadcrumb\"},\"inLanguage\":\"fr-FR\",\"potentialAction\":[{\"@type\":\"ReadAction\",\"target\":[\"https:\/\/relaxsrl.com\/fr\/aide-au-choix\/cabine-de-douche-avec-porte-saloon\/\"]}]},{\"@type\":\"BreadcrumbList\",\"@id\":\"https:\/\/relaxsrl.com\/fr\/aide-au-choix\/cabine-de-douche-avec-porte-saloon\/#breadcrumb\",\"itemListElement\":[{\"@type\":\"ListItem\",\"position\":1,\"name\":\"Aide au choix\",\"item\":\"https:\/\/relaxsrl.com\/fr\/aide-au-choix\/\"},{\"@type\":\"ListItem\",\"position\":2,\"name\":\"Cabine de douche avec porte saloon\"}]}]}<\/script>\n<!-- \/ Yoast SEO Premium plugin. -->","yoast_head_json":{"title":"Cabine de douche avec porte saloon - Relax srl","description":"La cabine de douche avec porte saloon permet une ouverture vers l'ext\u00e9rieur et vers l'int\u00e9rieur. Une solution id\u00e9ale pour un espace limit\u00e9.","robots":{"index":"index","follow":"follow","max-snippet":"max-snippet:-1","max-image-preview":"max-image-preview:large","max-video-preview":"max-video-preview:-1"},"canonical":"https:\/\/relaxsrl.com\/fr\/aide-au-choix\/cabine-de-douche-avec-porte-saloon\/","og_locale":"fr_FR","og_type":"article","og_title":"Cabine de douche avec porte saloon - Relax srl","og_description":"La cabine de douche avec porte saloon permet une ouverture vers l'ext\u00e9rieur et vers l'int\u00e9rieur. Une solution id\u00e9ale pour un espace limit\u00e9.","og_url":"https:\/\/relaxsrl.com\/fr\/aide-au-choix\/cabine-de-douche-avec-porte-saloon\/","og_site_name":"Relax srl","article_modified_time":"2023-09-07T08:23:55+00:00","og_image":[{"width":1920,"height":1281,"url":"https:\/\/relaxsrl.com\/website\/wp-content\/uploads\/2021\/09\/UNICO_B2.jpg","type":"image\/jpeg"}],"twitter_card":"summary_large_image","twitter_misc":{"Dur\u00e9e de lecture estim\u00e9e":"5 minutes"},"schema":{"@context":"https:\/\/schema.org","@graph":[{"@type":"WebSite","@id":"https:\/\/relaxsrl.com\/#website","url":"https:\/\/relaxsrl.com\/","name":"Relax srl","description":"","potentialAction":[{"@type":"SearchAction","target":{"@type":"EntryPoint","urlTemplate":"https:\/\/relaxsrl.com\/?s={search_term_string}"},"query-input":"required name=search_term_string"}],"inLanguage":"fr-FR"},{"@type":"ImageObject","inLanguage":"fr-FR","@id":"https:\/\/relaxsrl.com\/fr\/aide-au-choix\/cabine-de-douche-avec-porte-saloon\/#primaryimage","url":"https:\/\/relaxsrl.com\/website\/wp-content\/uploads\/2021\/09\/UNICO_B2.jpg","contentUrl":"https:\/\/relaxsrl.com\/website\/wp-content\/uploads\/2021\/09\/UNICO_B2.jpg","width":1920,"height":1281,"caption":"Box doccia con anta saloon in nicchia"},{"@type":"WebPage","@id":"https:\/\/relaxsrl.com\/fr\/aide-au-choix\/cabine-de-douche-avec-porte-saloon\/#webpage","url":"https:\/\/relaxsrl.com\/fr\/aide-au-choix\/cabine-de-douche-avec-porte-saloon\/","name":"Cabine de douche avec porte saloon - Relax srl","isPartOf":{"@id":"https:\/\/relaxsrl.com\/#website"},"primaryImageOfPage":{"@id":"https:\/\/relaxsrl.com\/fr\/aide-au-choix\/cabine-de-douche-avec-porte-saloon\/#primaryimage"},"datePublished":"2021-11-19T09:42:45+00:00","dateModified":"2023-09-07T08:23:55+00:00","description":"La cabine de douche avec porte saloon permet une ouverture vers l'ext\u00e9rieur et vers l'int\u00e9rieur. Une solution id\u00e9ale pour un espace limit\u00e9.","breadcrumb":{"@id":"https:\/\/relaxsrl.com\/fr\/aide-au-choix\/cabine-de-douche-avec-porte-saloon\/#breadcrumb"},"inLanguage":"fr-FR","potentialAction":[{"@type":"ReadAction","target":["https:\/\/relaxsrl.com\/fr\/aide-au-choix\/cabine-de-douche-avec-porte-saloon\/"]}]},{"@type":"BreadcrumbList","@id":"https:\/\/relaxsrl.com\/fr\/aide-au-choix\/cabine-de-douche-avec-porte-saloon\/#breadcrumb","itemListElement":[{"@type":"ListItem","position":1,"name":"Aide au choix","item":"https:\/\/relaxsrl.com\/fr\/aide-au-choix\/"},{"@type":"ListItem","position":2,"name":"Cabine de douche avec porte saloon"}]}]}},"_links":{"self":[{"href":"https:\/\/relaxsrl.com\/fr\/wp-json\/wp\/v2\/pages\/11439"}],"collection":[{"href":"https:\/\/relaxsrl.com\/fr\/wp-json\/wp\/v2\/pages"}],"about":[{"href":"https:\/\/relaxsrl.com\/fr\/wp-json\/wp\/v2\/types\/page"}],"author":[{"embeddable":true,"href":"https:\/\/relaxsrl.com\/fr\/wp-json\/wp\/v2\/users\/3"}],"replies":[{"embeddable":true,"href":"https:\/\/relaxsrl.com\/fr\/wp-json\/wp\/v2\/comments?post=11439"}],"version-history":[{"count":8,"href":"https:\/\/relaxsrl.com\/fr\/wp-json\/wp\/v2\/pages\/11439\/revisions"}],"predecessor-version":[{"id":29103,"href":"https:\/\/relaxsrl.com\/fr\/wp-json\/wp\/v2\/pages\/11439\/revisions\/29103"}],"up":[{"embeddable":true,"href":"https:\/\/relaxsrl.com\/fr\/wp-json\/wp\/v2\/pages\/11392"}],"wp:featuredmedia":[{"embeddable":true,"href":"https:\/\/relaxsrl.com\/fr\/wp-json\/wp\/v2\/media\/2349"}],"wp:attachment":[{"href":"https:\/\/relaxsrl.com\/fr\/wp-json\/wp\/v2\/media?parent=11439"}],"curies":[{"name":"wp","href":"https:\/\/api.w.org\/{rel}","templated":true}]}}