{"id":12297,"date":"2021-11-22T14:12:35","date_gmt":"2021-11-22T13:12:35","guid":{"rendered":"http:\/\/relaxsrl.com\/aide-au-choix\/cabine-de-douche-avec-porte-coulissante\/"},"modified":"2025-02-18T09:02:28","modified_gmt":"2025-02-18T08:02:28","slug":"cabine-de-douche-avec-porte-coulissante","status":"publish","type":"page","link":"https:\/\/relaxsrl.com\/fr\/aide-au-choix\/cabine-de-douche-avec-porte-coulissante\/","title":{"rendered":"Cabine de douche avec porte coulissante"},"content":{"rendered":"<p>[vc_row full_width=\u00a0\u00bbstretch_row\u00a0\u00bb content_placement=\u00a0\u00bbmiddle\u00a0\u00bb el_class=\u00a0\u00bbintro-row intro-row-grey\u00a0\u00bb][vc_column][vc_column_text]<\/p>\n<h1>Cabine de douche avec porte coulissante<\/h1>\n<p>[\/vc_column_text][\/vc_column][\/vc_row][vc_row el_class=\u00a0\u00bbrow-path\u00a0\u00bb][vc_column][vc_column_text][\/vc_column_text][\/vc_column][\/vc_row][vc_row][vc_column][vc_single_image image=\u00a0\u00bb2362&Prime; img_size=\u00a0\u00bbfull\u00a0\u00bb][\/vc_column][\/vc_row][vc_row][vc_column width=\u00a0\u00bb1\/6&Prime;][\/vc_column][vc_column width=\u00a0\u00bb2\/3&Prime;][vc_empty_space height=\u00a0\u00bb40px\u00a0\u00bb][vc_column_text el_class=\u00a0\u00bbtxt-blue abstract weight500&Prime;]La cabine de douche avec porte coulissante se compose d\u2019un ou plusieurs panneaux fixes et d\u2019un ou plusieurs panneaux coulissants, selon la taille du compartiment de douche.[\/vc_column_text][vc_empty_space height=\u00a0\u00bb35px\u00a0\u00bb][\/vc_column][\/vc_row][vc_row][vc_column width=\u00a0\u00bb1\/6&Prime;][\/vc_column][vc_column width=\u00a0\u00bb2\/3&Prime;][vc_column_text]<\/p>\n<ul>\n<li><a class=\"link-interno link-interno-paragrafo-1\" href=\"#\">Porte coulissante: caract\u00e9ristiques <\/a><\/li>\n<li><a class=\"link-interno link-interno-paragrafo-2\" href=\"#\">Porte coulissante: accessoires <\/a><\/li>\n<li><a class=\"link-interno link-interno-paragrafo-3\" href=\"#\">Avantages de la porte coulissante<\/a><\/li>\n<li><a class=\"link-interno link-interno-paragrafo-4\" href=\"#\">Quand \u00e9viter la porte coulissante<\/a><\/li>\n<\/ul>\n<p>[\/vc_column_text][vc_empty_space height=\u00a0\u00bb40px\u00a0\u00bb][\/vc_column][\/vc_row][vc_row el_id=\u00a0\u00bbparagrafo-1&Prime;][vc_column width=\u00a0\u00bb1\/6&Prime;][\/vc_column][vc_column width=\u00a0\u00bb2\/3&Prime;][vc_column_text]<\/p>\n<h2>Porte coulissante: caract\u00e9ristiques<\/h2>\n<p>La cabine de douche coulissante peut \u00eatre mont\u00e9e en niche, en angle, \u00e0 3 c\u00f4t\u00e9s et \u00e0 4 c\u00f4t\u00e9s et se caract\u00e9rise par un <strong> verre qui coulisse \u00e0 l&rsquo;int\u00e9rieur d&rsquo;un rail <\/strong> gr\u00e2ce \u00e0 des roulements sp\u00e9ciaux, positionn\u00e9s dans la partie interne du profil\u00e9 et g\u00e9n\u00e9ralement mont\u00e9 \u00e0 vue. Pour assurer un mouvement fluide, les <strong> meilleurs roulements sont en acier et en T\u00e9flon <\/strong>, comme ceux utilis\u00e9s par Relax sur tous les mod\u00e8les. Apr\u00e8s assemblage de la cabine de douche, les roulements peuvent \u00eatre <strong> ajust\u00e9s <\/strong> pour am\u00e9liorer la douceur de la porte. Parfois, le roulement devient un \u00e9l\u00e9ment esth\u00e9tique, comme dans le <a href=\"http:\/\/relaxsrl.com\/fr\/?attachment_id=4608\"> mod\u00e8le Axia de Relax <\/a>, avec une barre de taille plus petite par rapport aux autres produits concurrents pour offrir un style technique et l\u00e9ger. Dans certains mod\u00e8les, au contraire, les roulements sont masqu\u00e9s par un profil interne. C&rsquo;est un choix esth\u00e9tique, qui rend le design plus raffin\u00e9, et aussi pratique car il \u00e9vite les salissures et le nettoyage est plus facile et plus rapide. A titre d&rsquo;exemple, nous vous conseillons les mod\u00e8les\u00a0<a href=\"http:\/\/relaxsrl.com\/prodotto\/ unico-a-unica-a \/ \">Unico <\/a> et <a href=\"http:\/\/relaxsrl.com\/fr\/prodotti\/ambienti\/evox-sc1\/\"> Evox <\/a> de Relax.[\/vc_column_text][vc_empty_space height=\u00a0\u00bb40px\u00a0\u00bb][\/vc_column][\/vc_row][vc_row el_id=\u00a0\u00bbparagrafo-2&Prime;][vc_column width=\u00a0\u00bb1\/6&Prime;][\/vc_column][vc_column width=\u00a0\u00bb2\/3&Prime;][vc_column_text]<\/p>\n<h2>Porte coulissante: accessoires<\/h2>\n<p>Il existe diff\u00e9rentes versions de portes coulissantes avec soft close, ce qui signifie qu&rsquo;un syst\u00e8me de fermeture souple est int\u00e9gr\u00e9 pour ralentir la fermeture de la porte et \u00e9viter qu&rsquo;elle ne claque bruyamment. Cette fonction est propos\u00e9e dans les cabines de douche dont les dimensions commencent \u00e0 partir de 120 cm. Cela s&rsquo;applique notamment aux box d&rsquo;angle \u00e9quip\u00e9s d&rsquo;une porte coulissante et d&rsquo;une paroi fixe, ainsi qu&rsquo;aux box en niche.<\/p>\n<p>Cependant, il est important de noter que dans le cas des cabines d&rsquo;angle avec deux portes coulissantes, les dimensions sont g\u00e9n\u00e9ralement plus restreintes, ce qui ne les rend pas techniquement adapt\u00e9es \u00e0 cette solution de fermeture en douceur.<\/p>\n<p>Certains mod\u00e8les de portes coulissantes offrent \u00e9galement la possibilit\u00e9 de d\u00e9crocher la porte du bas pour d\u00e9verrouiller le verre, tandis qu&rsquo;elle reste fix\u00e9e en haut. Cela facilite grandement le nettoyage des vitres. Par exemple, chez Relax, nous proposons cette option lorsque des dimensions sp\u00e9ciales sont requises, ce qui peut entra\u00eener un chevauchement entre la porte fixe et la porte coulissante.[\/vc_column_text][vc_empty_space height=\u00a0\u00bb40px\u00a0\u00bb][\/vc_column][\/vc_row][vc_row el_id=\u00a0\u00bbparagrafo-3&Prime;][vc_column width=\u00a0\u00bb1\/6&Prime;][\/vc_column][vc_column width=\u00a0\u00bb2\/3&Prime;][vc_column_text]<\/p>\n<h2>Avantages de la porte coulissante<\/h2>\n<p>Les cabines de douche \u00e9quip\u00e9es de portes coulissantes offrent une flexibilit\u00e9 totale en ce qui concerne le choix des dimensions. En effet, il est possible de r\u00e9pondre \u00e0 toutes les exigences dimensionnelles en g\u00e9rant ais\u00e9ment la partie fixe de la cabine. De plus, elles pr\u00e9sentent l&rsquo;avantage d&rsquo;\u00e9viter tout \u00e9gouttement \u00e0 l&rsquo;ext\u00e9rieur de la cabine de douche, ce qui les rend particuli\u00e8rement \u00e9tanches, notamment lorsque dot\u00e9es d&rsquo;un cadre inf\u00e9rieur.[\/vc_column_text][vc_empty_space height=\u00a0\u00bb40px\u00a0\u00bb][\/vc_column][\/vc_row][vc_row el_id=\u00a0\u00bbparagrafo-4&Prime;][vc_column width=\u00a0\u00bb1\/6&Prime;][\/vc_column][vc_column width=\u00a0\u00bb2\/3&Prime;][vc_column_text]<\/p>\n<h2>Quand \u00e9viter la porte coulissante<\/h2>\n<p>La solution avec portes coulissantes <strong>r\u00e9duit l\u2019espace d\u2019acc\u00e8s<\/strong>. Il faut donc consid\u00e9rer que la structure compos\u00e9e de profils, de verre fixe et de superposition des vitres comportera au moins la moiti\u00e9 de la zone effective d\u2019entr\u00e9e. Pour cette raison, la porte coulissante en niche est d\u00e9conseill\u00e9e lorsque le c\u00f4t\u00e9 \u00e0 utiliser a une longueur inf\u00e9rieure \u00e0 100 cm. Un autre \u00e9l\u00e9ment qui peut conduire \u00e0 d\u00e9conseiller ce choix est l\u2019utilisation de cadres en aluminium, intrusifs du point de vue esth\u00e9tique.[\/vc_column_text][vc_empty_space height=\u00a0\u00bb40px\u00a0\u00bb][\/vc_column][\/vc_row][vc_row][vc_column][vc_empty_space height=\u00a0\u00bb50px\u00a0\u00bb][vc_column_text]<\/p>\n<h3 style=\"text-align: center;\">Quelques exemples de portes coulissantes pour la douche Relax<\/h3>\n<p>[\/vc_column_text][vc_empty_space height=\u00a0\u00bb30px\u00a0\u00bb]<div class=\"woocommerce columns-4 \"><ul class=\"products columns-4\">\n<li class=\"product type-product post-13888 status-publish first instock product_cat-3-lati-de product_cat-3-lati-en product_cat-3-lati-fr product_cat-3- product_cat-angolare-de product_cat-angolare-en product_cat-angulaire product_cat-axia-de product_cat-axia-ru product_cat-axia-fr product_cat-axia-en product_cat-box-doccia-en product_cat-box-doccia-de product_cat-box-doccia-industriale product_cat-cabine-de-douche product_cat-guide-de-selection-cabines-de-douche-industrielles product_cat-collections product_cat-collections-en product_cat-angulaire-coulissante product_cat-guide-de-selection-coulissante product_cat-selection-guide-en product_cat-guida-alla-scelta-de product_cat-guide-de-selection product_cat-selection-guide product_cat-collezioni-de product_cat-scorrevole-de-6 product_cat-selection-guide-scorrevole product_cat-scorrevole product_cat-scorrevole-de product_cat-scorrevole-de-2 product_cat-scorrevole-fr product_cat-angular-sliding product_cat-tipologia-prodotto-de product_cat-tipologia-prodotto-en product_cat-type-de-produit product_cat-1618 product_cat-1568 product_cat-1599 product_cat-3--- product_cat-1610 product_cat-1632 product_cat-1594 product_cat-1617 product_cat-1626 has-post-thumbnail shipping-taxable product-type-simple\">\n\t<div class=\"woocommerce-loop-product__short_description\" itemprop=\"description\"><a href=\"https:\/\/relaxsrl.com\/fr\/produit\/axia-sf-axia-f\/\" class=\"woocommerce-LoopProduct-link woocommerce-loop-product__link\"><p>Cabine de douche d&rsquo;angle avec porte coulissante et avec le syst\u00e8me visible.<\/p>\n<\/a><\/div><\/li>\n<li class=\"product type-product post-13853 status-publish instock product_cat-3-lati-en product_cat-3-lati-fr product_cat-3-lati-de product_cat-3- product_cat-angolare-en product_cat-angolare-de product_cat-angulaire product_cat-selection-guide-big-shower-enclosures product_cat-box-doccia-en product_cat-box-doccia-de product_cat-cabina-doccia-grande product_cat-cabine-de-douche product_cat-collections product_cat-collections-en product_cat-angulaire-coulissante product_cat-guide-de-selection-coulissante product_cat-evox-ru product_cat-evox-en product_cat-evox-fr product_cat-evox-de product_cat-guide-de-selection-grande-cabine-de-douche product_cat-guida-alla-scelta-de product_cat-selection-guide-en product_cat-guide-de-selection product_cat-collezioni-de product_cat-scorrevole-de product_cat-scorrevole-de-2 product_cat-scorrevole product_cat-selection-guide-scorrevole product_cat-scorrevole-fr product_cat-scorrevole-de-6 product_cat-angular-sliding product_cat-tipologia-prodotto-de product_cat-tipologia-prodotto-en product_cat-type-de-produit product_cat-1603 product_cat-1618 product_cat-1568 product_cat-3--- product_cat-1610 product_cat-1632 product_cat-1594 product_cat-1617 product_cat-1626 has-post-thumbnail shipping-taxable product-type-simple\">\n\t<div class=\"woocommerce-loop-product__short_description\" itemprop=\"description\"><a href=\"https:\/\/relaxsrl.com\/fr\/produit\/evox-sf-evox-f\/\" class=\"woocommerce-LoopProduct-link woocommerce-loop-product__link\"><p>Cabine de douche d&rsquo;angle avec porte coulissante, c\u00f4t\u00e9 fixe et syst\u00e8me soft-close.<\/p>\n<\/a><\/div><\/li>\n<li class=\"product type-product post-13846 status-publish instock product_cat-3-lati-en product_cat-3-lati-de product_cat-3-lati-fr product_cat-3- product_cat-angolare-en product_cat-angolare-de product_cat-angulaire product_cat-box-doccia-en product_cat-box-doccia-de product_cat-cabine-de-douche product_cat-collections product_cat-collections-en product_cat-angulaire-coulissante product_cat-guide-de-selection-coulissante product_cat-selection-guide-en product_cat-guida-alla-scelta-de product_cat-guide-de-selection product_cat-collezioni-de product_cat-scorrevole-de-2 product_cat-scorrevole-de-6 product_cat-scorrevole product_cat-selection-guide-scorrevole product_cat-scorrevole-fr product_cat-scorrevole-de product_cat-angular-sliding product_cat-tipologia-prodotto-de product_cat-tipologia-prodotto-en product_cat-type-de-produit product_cat-unico-de product_cat-unico-ru product_cat-unico-en product_cat-unico-fr product_cat-1618 product_cat-1568 product_cat-3--- product_cat-1610 product_cat-1632 product_cat-1594 product_cat-1617 product_cat-1626 has-post-thumbnail shipping-taxable product-type-simple\">\n\t<div class=\"woocommerce-loop-product__short_description\" itemprop=\"description\"><a href=\"https:\/\/relaxsrl.com\/fr\/produit\/unico-a-unico-a\/\" class=\"woocommerce-LoopProduct-link woocommerce-loop-product__link\"><p>Cabine de douche avec double porte coulissante et profil d\u00e9coratif sup\u00e9rieur personnalisable.<\/p>\n<\/a><\/div><\/li>\n<\/ul>\n<\/div>[\/vc_column][\/vc_row][vc_row full_width=\u00a0\u00bbstretch_row_content_no_spaces\u00a0\u00bb equal_height=\u00a0\u00bbyes\u00a0\u00bb content_placement=\u00a0\u00bbmiddle\u00a0\u00bb el_class=\u00a0\u00bbrow-over-footer row-cta-over-footer\u00a0\u00bb][vc_column width=\u00a0\u00bb1\/2&Prime;][vc_single_image image=\u00a0\u00bb2366&Prime; img_size=\u00a0\u00bbfull\u00a0\u00bb][\/vc_column][vc_column width=\u00a0\u00bb1\/2&Prime; css=\u00a0\u00bb.vc_custom_1632907844123{background-image: url(http:\/\/relaxsrl.com\/wp-content\/uploads\/2021\/09\/cta-scorrevole-opaco.jpg?id=2368) !important;background-position: center !important;background-repeat: no-repeat !important;background-size: cover !important;}\u00a0\u00bb el_class=\u00a0\u00bbrow-cta-over-footer-col-text\u00a0\u00bb][vc_row_inner][vc_column_inner width=\u00a0\u00bb1\/4&Prime;][\/vc_column_inner][vc_column_inner width=\u00a0\u00bb1\/2&Prime;][vc_column_text]<\/p>\n<h2 style=\"text-align: center;\">Composez votre cabine de douche avec des portes coulissantes Relax<\/h2>\n<p style=\"text-align: center;\">Utilisez le configurateur de cabine de douche pratique Relax pour dessiner la douche avec des portes coulissantes pour vous.<\/p>\n<p>[\/vc_column_text][vc_btn title=\u00a0\u00bbALLER AU CONFIGURATEUR\u00a0\u00bb style=\u00a0\u00bbclassic\u00a0\u00bb shape=\u00a0\u00bbsquare\u00a0\u00bb color=\u00a0\u00bbwhite\u00a0\u00bb align=\u00a0\u00bbcenter\u00a0\u00bb el_class=\u00a0\u00bbbtn-default-white\u00a0\u00bb link=\u00a0\u00bburl:http%3A%2F%2Frelaxsrl.com%2Ffr%2Fproduits%2Fconfigurateur%2F|title:ALLER%20AU%20CONFIGURATEUR\u00a0\u00bb][\/vc_column_inner][vc_column_inner width=\u00a0\u00bb1\/4&Prime;][\/vc_column_inner][\/vc_row_inner][\/vc_column][\/vc_row]<\/p>\n","protected":false},"excerpt":{"rendered":"<p>[vc_row full_width=\u00a0\u00bbstretch_row\u00a0\u00bb content_placement=\u00a0\u00bbmiddle\u00a0\u00bb el_class=\u00a0\u00bbintro-row intro-row-grey\u00a0\u00bb][vc_column][vc_column_text] Cabine de douche avec porte coulissante [\/vc_column_text][\/vc_column][\/vc_row][vc_row el_class=\u00a0\u00bbrow-path\u00a0\u00bb][vc_column][vc_column_text][\/vc_column_text][\/vc_column][\/vc_row][vc_row][vc_column][vc_single_image image=\u00a0\u00bb2362&Prime; img_size=\u00a0\u00bbfull\u00a0\u00bb][\/vc_column][\/vc_row][vc_row][vc_column width=\u00a0\u00bb1\/6&Prime;][\/vc_column][vc_column width=\u00a0\u00bb2\/3&Prime;][vc_empty_space height=\u00a0\u00bb40px\u00a0\u00bb][vc_column_text el_class=\u00a0\u00bbtxt-blue abstract weight500&Prime;]La cabine de douche avec porte coulissante se compose d\u2019un ou plusieurs panneaux fixes et d\u2019un ou plusieurs panneaux coulissants, selon la taille du compartiment de douche.[\/vc_column_text][vc_empty_space height=\u00a0\u00bb35px\u00a0\u00bb][\/vc_column][\/vc_row][vc_row][vc_column width=\u00a0\u00bb1\/6&Prime;][\/vc_column][vc_column width=\u00a0\u00bb2\/3&Prime;][vc_column_text] Porte coulissante: caract\u00e9ristiques Porte coulissante: [&hellip;]<\/p>\n","protected":false},"author":3,"featured_media":2362,"parent":11392,"menu_order":0,"comment_status":"closed","ping_status":"closed","template":"","meta":[],"acf":[],"yoast_head":"<!-- This site is optimized with the Yoast SEO Premium plugin v18.4 (Yoast SEO v18.8) - https:\/\/yoast.com\/wordpress\/plugins\/seo\/ -->\n<title>Cabine de douche avec porte coulissante - Relax srl<\/title>\n<meta name=\"description\" content=\"D\u00e9couvrez les cabines de douche Relax avec porte coulissante. Id\u00e9al pour tout type de salle de bain, pratique et rapide.\" \/>\n<meta name=\"robots\" content=\"index, follow, max-snippet:-1, max-image-preview:large, max-video-preview:-1\" \/>\n<link rel=\"canonical\" href=\"https:\/\/relaxsrl.com\/fr\/aide-au-choix\/cabine-de-douche-avec-porte-coulissante\/\" \/>\n<meta property=\"og:locale\" content=\"fr_FR\" \/>\n<meta property=\"og:type\" content=\"article\" \/>\n<meta property=\"og:title\" content=\"Cabine de douche avec porte coulissante - Relax srl\" \/>\n<meta property=\"og:description\" content=\"D\u00e9couvrez les cabines de douche Relax avec porte coulissante. Id\u00e9al pour tout type de salle de bain, pratique et rapide.\" \/>\n<meta property=\"og:url\" content=\"https:\/\/relaxsrl.com\/fr\/aide-au-choix\/cabine-de-douche-avec-porte-coulissante\/\" \/>\n<meta property=\"og:site_name\" content=\"Relax srl\" \/>\n<meta property=\"article:modified_time\" content=\"2025-02-18T08:02:28+00:00\" \/>\n<meta property=\"og:image\" content=\"https:\/\/relaxsrl.com\/website\/wp-content\/uploads\/2021\/09\/EVOX_SC1_1.jpg\" \/>\n\t<meta property=\"og:image:width\" content=\"1500\" \/>\n\t<meta property=\"og:image:height\" content=\"1042\" \/>\n\t<meta property=\"og:image:type\" content=\"image\/jpeg\" \/>\n<meta name=\"twitter:card\" content=\"summary_large_image\" \/>\n<meta name=\"twitter:label1\" content=\"Dur\u00e9e de lecture estim\u00e9e\" \/>\n\t<meta name=\"twitter:data1\" content=\"4 minutes\" \/>\n<script type=\"application\/ld+json\" class=\"yoast-schema-graph\">{\"@context\":\"https:\/\/schema.org\",\"@graph\":[{\"@type\":\"WebSite\",\"@id\":\"https:\/\/relaxsrl.com\/#website\",\"url\":\"https:\/\/relaxsrl.com\/\",\"name\":\"Relax srl\",\"description\":\"\",\"potentialAction\":[{\"@type\":\"SearchAction\",\"target\":{\"@type\":\"EntryPoint\",\"urlTemplate\":\"https:\/\/relaxsrl.com\/?s={search_term_string}\"},\"query-input\":\"required name=search_term_string\"}],\"inLanguage\":\"fr-FR\"},{\"@type\":\"ImageObject\",\"inLanguage\":\"fr-FR\",\"@id\":\"https:\/\/relaxsrl.com\/fr\/aide-au-choix\/cabine-de-douche-avec-porte-coulissante\/#primaryimage\",\"url\":\"https:\/\/relaxsrl.com\/website\/wp-content\/uploads\/2021\/09\/EVOX_SC1_1.jpg\",\"contentUrl\":\"https:\/\/relaxsrl.com\/website\/wp-content\/uploads\/2021\/09\/EVOX_SC1_1.jpg\",\"width\":1500,\"height\":1042,\"caption\":\"Box doccia con anta scorrevole in nicchia\"},{\"@type\":\"WebPage\",\"@id\":\"https:\/\/relaxsrl.com\/fr\/aide-au-choix\/cabine-de-douche-avec-porte-coulissante\/#webpage\",\"url\":\"https:\/\/relaxsrl.com\/fr\/aide-au-choix\/cabine-de-douche-avec-porte-coulissante\/\",\"name\":\"Cabine de douche avec porte coulissante - Relax srl\",\"isPartOf\":{\"@id\":\"https:\/\/relaxsrl.com\/#website\"},\"primaryImageOfPage\":{\"@id\":\"https:\/\/relaxsrl.com\/fr\/aide-au-choix\/cabine-de-douche-avec-porte-coulissante\/#primaryimage\"},\"datePublished\":\"2021-11-22T13:12:35+00:00\",\"dateModified\":\"2025-02-18T08:02:28+00:00\",\"description\":\"D\u00e9couvrez les cabines de douche Relax avec porte coulissante. Id\u00e9al pour tout type de salle de bain, pratique et rapide.\",\"breadcrumb\":{\"@id\":\"https:\/\/relaxsrl.com\/fr\/aide-au-choix\/cabine-de-douche-avec-porte-coulissante\/#breadcrumb\"},\"inLanguage\":\"fr-FR\",\"potentialAction\":[{\"@type\":\"ReadAction\",\"target\":[\"https:\/\/relaxsrl.com\/fr\/aide-au-choix\/cabine-de-douche-avec-porte-coulissante\/\"]}]},{\"@type\":\"BreadcrumbList\",\"@id\":\"https:\/\/relaxsrl.com\/fr\/aide-au-choix\/cabine-de-douche-avec-porte-coulissante\/#breadcrumb\",\"itemListElement\":[{\"@type\":\"ListItem\",\"position\":1,\"name\":\"Aide au choix\",\"item\":\"https:\/\/relaxsrl.com\/fr\/aide-au-choix\/\"},{\"@type\":\"ListItem\",\"position\":2,\"name\":\"Cabine de douche avec porte coulissante\"}]}]}<\/script>\n<!-- \/ Yoast SEO Premium plugin. -->","yoast_head_json":{"title":"Cabine de douche avec porte coulissante - Relax srl","description":"D\u00e9couvrez les cabines de douche Relax avec porte coulissante. Id\u00e9al pour tout type de salle de bain, pratique et rapide.","robots":{"index":"index","follow":"follow","max-snippet":"max-snippet:-1","max-image-preview":"max-image-preview:large","max-video-preview":"max-video-preview:-1"},"canonical":"https:\/\/relaxsrl.com\/fr\/aide-au-choix\/cabine-de-douche-avec-porte-coulissante\/","og_locale":"fr_FR","og_type":"article","og_title":"Cabine de douche avec porte coulissante - Relax srl","og_description":"D\u00e9couvrez les cabines de douche Relax avec porte coulissante. Id\u00e9al pour tout type de salle de bain, pratique et rapide.","og_url":"https:\/\/relaxsrl.com\/fr\/aide-au-choix\/cabine-de-douche-avec-porte-coulissante\/","og_site_name":"Relax srl","article_modified_time":"2025-02-18T08:02:28+00:00","og_image":[{"width":1500,"height":1042,"url":"https:\/\/relaxsrl.com\/website\/wp-content\/uploads\/2021\/09\/EVOX_SC1_1.jpg","type":"image\/jpeg"}],"twitter_card":"summary_large_image","twitter_misc":{"Dur\u00e9e de lecture estim\u00e9e":"4 minutes"},"schema":{"@context":"https:\/\/schema.org","@graph":[{"@type":"WebSite","@id":"https:\/\/relaxsrl.com\/#website","url":"https:\/\/relaxsrl.com\/","name":"Relax srl","description":"","potentialAction":[{"@type":"SearchAction","target":{"@type":"EntryPoint","urlTemplate":"https:\/\/relaxsrl.com\/?s={search_term_string}"},"query-input":"required name=search_term_string"}],"inLanguage":"fr-FR"},{"@type":"ImageObject","inLanguage":"fr-FR","@id":"https:\/\/relaxsrl.com\/fr\/aide-au-choix\/cabine-de-douche-avec-porte-coulissante\/#primaryimage","url":"https:\/\/relaxsrl.com\/website\/wp-content\/uploads\/2021\/09\/EVOX_SC1_1.jpg","contentUrl":"https:\/\/relaxsrl.com\/website\/wp-content\/uploads\/2021\/09\/EVOX_SC1_1.jpg","width":1500,"height":1042,"caption":"Box doccia con anta scorrevole in nicchia"},{"@type":"WebPage","@id":"https:\/\/relaxsrl.com\/fr\/aide-au-choix\/cabine-de-douche-avec-porte-coulissante\/#webpage","url":"https:\/\/relaxsrl.com\/fr\/aide-au-choix\/cabine-de-douche-avec-porte-coulissante\/","name":"Cabine de douche avec porte coulissante - Relax srl","isPartOf":{"@id":"https:\/\/relaxsrl.com\/#website"},"primaryImageOfPage":{"@id":"https:\/\/relaxsrl.com\/fr\/aide-au-choix\/cabine-de-douche-avec-porte-coulissante\/#primaryimage"},"datePublished":"2021-11-22T13:12:35+00:00","dateModified":"2025-02-18T08:02:28+00:00","description":"D\u00e9couvrez les cabines de douche Relax avec porte coulissante. Id\u00e9al pour tout type de salle de bain, pratique et rapide.","breadcrumb":{"@id":"https:\/\/relaxsrl.com\/fr\/aide-au-choix\/cabine-de-douche-avec-porte-coulissante\/#breadcrumb"},"inLanguage":"fr-FR","potentialAction":[{"@type":"ReadAction","target":["https:\/\/relaxsrl.com\/fr\/aide-au-choix\/cabine-de-douche-avec-porte-coulissante\/"]}]},{"@type":"BreadcrumbList","@id":"https:\/\/relaxsrl.com\/fr\/aide-au-choix\/cabine-de-douche-avec-porte-coulissante\/#breadcrumb","itemListElement":[{"@type":"ListItem","position":1,"name":"Aide au choix","item":"https:\/\/relaxsrl.com\/fr\/aide-au-choix\/"},{"@type":"ListItem","position":2,"name":"Cabine de douche avec porte coulissante"}]}]}},"_links":{"self":[{"href":"https:\/\/relaxsrl.com\/fr\/wp-json\/wp\/v2\/pages\/12297"}],"collection":[{"href":"https:\/\/relaxsrl.com\/fr\/wp-json\/wp\/v2\/pages"}],"about":[{"href":"https:\/\/relaxsrl.com\/fr\/wp-json\/wp\/v2\/types\/page"}],"author":[{"embeddable":true,"href":"https:\/\/relaxsrl.com\/fr\/wp-json\/wp\/v2\/users\/3"}],"replies":[{"embeddable":true,"href":"https:\/\/relaxsrl.com\/fr\/wp-json\/wp\/v2\/comments?post=12297"}],"version-history":[{"count":11,"href":"https:\/\/relaxsrl.com\/fr\/wp-json\/wp\/v2\/pages\/12297\/revisions"}],"predecessor-version":[{"id":31691,"href":"https:\/\/relaxsrl.com\/fr\/wp-json\/wp\/v2\/pages\/12297\/revisions\/31691"}],"up":[{"embeddable":true,"href":"https:\/\/relaxsrl.com\/fr\/wp-json\/wp\/v2\/pages\/11392"}],"wp:featuredmedia":[{"embeddable":true,"href":"https:\/\/relaxsrl.com\/fr\/wp-json\/wp\/v2\/media\/2362"}],"wp:attachment":[{"href":"https:\/\/relaxsrl.com\/fr\/wp-json\/wp\/v2\/media?parent=12297"}],"curies":[{"name":"wp","href":"https:\/\/api.w.org\/{rel}","templated":true}]}}