{"id":12301,"date":"2021-11-22T14:19:53","date_gmt":"2021-11-22T13:19:53","guid":{"rendered":"http:\/\/relaxsrl.com\/aide-au-choix\/cabine-de-douche-design\/"},"modified":"2023-09-07T11:26:50","modified_gmt":"2023-09-07T09:26:50","slug":"cabine-de-douche-design","status":"publish","type":"page","link":"https:\/\/relaxsrl.com\/fr\/aide-au-choix\/cabine-de-douche-design\/","title":{"rendered":"Cabine de douche design"},"content":{"rendered":"<p>[vc_row full_width=\u00a0\u00bbstretch_row\u00a0\u00bb content_placement=\u00a0\u00bbmiddle\u00a0\u00bb el_class=\u00a0\u00bbintro-row intro-row-grey\u00a0\u00bb][vc_column][vc_column_text]<\/p>\n<h1>Cabine de douche design<\/h1>\n<p>[\/vc_column_text][\/vc_column][\/vc_row][vc_row el_class=\u00a0\u00bbrow-path\u00a0\u00bb][vc_column][vc_column_text][\/vc_column_text][\/vc_column][\/vc_row][vc_row][vc_column][vc_single_image image=\u00a0\u00bb8791&Prime; img_size=\u00a0\u00bbfull\u00a0\u00bb][\/vc_column][\/vc_row][vc_row][vc_column width=\u00a0\u00bb1\/6&Prime;][\/vc_column][vc_column width=\u00a0\u00bb2\/3&Prime;][vc_empty_space height=\u00a0\u00bb40px\u00a0\u00bb][vc_column_text el_class=\u00a0\u00bbtxt-blue abstract weight500&Prime;]Le style moderne n\u00e9cessite des espaces attrayants pour l\u2019esth\u00e9tique et la fonctionnalit\u00e9. A l\u2019int\u00e9rieur, une cabine de douche design fait la diff\u00e9rence, raffin\u00e9e et \u00e9l\u00e9gante quelles que soit les dimensions.[\/vc_column_text][vc_empty_space height=\u00a0\u00bb35px\u00a0\u00bb][\/vc_column][\/vc_row][vc_row el_id=\u00a0\u00bbparagrafo-1&Prime;][vc_column width=\u00a0\u00bb1\/6&Prime;][\/vc_column][vc_column width=\u00a0\u00bb2\/3&Prime;][vc_column_text]<\/p>\n<h2>Caract\u00e9ristiques de la cabine de douche design<\/h2>\n<p>Une salle de bain contemporaine, \u00e0 la mode, a une g\u00e9om\u00e9trie propre et lin\u00e9aire. Un \u00e9l\u00e9ment fondamental devient la douche moderne, mieux si elle est<strong> install\u00e9e au ras du sol<\/strong> de sorte que les joints ne soient pas interrompus par le plateau de douche, mais cr\u00e9ent une <strong>perception de prolongement du sol lui-m\u00eame<\/strong>, un choix qui donne un \u00e9norme impact esth\u00e9tique.<br \/>\nUne cabine de douche trouve des solutions intelligentes, ainsi que de belles, pour les besoins qui int\u00e9ressent le plus souvent les clients. Par exemple, l\u2019optimisation de l\u2019espace en identifiant des <strong>solutions \u00e0 des profondeurs variables<\/strong>, sans n\u00e9cessairement recourir \u00e0 la mesure. Ou encore l\u2019interpr\u00e9tation d\u2019un produit de mode comme <strong>la douche \u00e0 l&rsquo;italienne<\/strong> sans aucun probl\u00e8me des \u00e9claboussures d\u2019eau \u00e0 l\u2019ext\u00e9rieur du compartiment. Ou encore, la transformation de la cabine de douche de la maison dans une <strong>cabine de douche multifonctions \u00e0 un prix correct<\/strong>, compl\u00e8te de toit avec pomme de douche int\u00e9gr\u00e9e, chromoth\u00e9rapie et hydrog\u00e8nes muraux.[\/vc_column_text][vc_empty_space height=\u00a0\u00bb40px\u00a0\u00bb][\/vc_column][\/vc_row][vc_row][vc_column width=\u00a0\u00bb1\/6&Prime;][\/vc_column][vc_column width=\u00a0\u00bb2\/3&Prime;][vc_column_text]<\/p>\n<h2>Les enjeux d&rsquo;une cabine de douche design<\/h2>\n<p>Une cabine de douche au style raffin\u00e9, hors des sentiers battus, pour un environnement de salle de bain unique. C&rsquo;est l&rsquo;un des d\u00e9fis de Relax dans la recherche d&rsquo;une cabine de douche qui r\u00e9ponde \u00e0 <strong>la praticit\u00e9 et \u00e0 la recherche esth\u00e9tique<\/strong>. Une combinaison parfaite, qui sait valoriser le contexte dans lequel la douche est positionn\u00e9e, gr\u00e2ce au caract\u00e8re essentiel des \u00e9l\u00e9ments qui la composent. Le deuxi\u00e8me d\u00e9fi est de proposer des solutions qui puissent durer dans le temps, c&rsquo;est pourquoi chaque cabine de douche design Relax est certifi\u00e9e par le plus important organisme de certification europ\u00e9en, <a href=\"https:\/\/www.tuvsud.com\/fr-fr\">T\u00dcV S\u00dcD<\/a>.[\/vc_column_text][\/vc_column][\/vc_row][vc_row][vc_column][vc_empty_space height=\u00a0\u00bb50px\u00a0\u00bb][vc_column_text]<\/p>\n<h3 style=\"text-align: center;\">Quelques exemples de cabine de douche design Relax<\/h3>\n<p>[\/vc_column_text][vc_empty_space height=\u00a0\u00bb30px\u00a0\u00bb]<div class=\"woocommerce columns-4 \"><ul class=\"products columns-4\">\n<li class=\"product type-product post-5694 status-publish first instock product_cat-bobox-en product_cat-bobox-fr product_cat-bobox-ru product_cat-bobox-de product_cat-box-doccia-de product_cat-box-doccia-en product_cat-box-doccia-di-design product_cat-cabine-de-douche product_cat-guide-de-selection-cabine-de-douche-design product_cat-collections product_cat-collections-en product_cat-selection-guide-design-shower-enclosures product_cat-guida-alla-scelta-de product_cat-selection-guide-en product_cat-guide-de-selection product_cat-nicchia-de product_cat-niche product_cat-niche-fr product_cat-collezioni-de product_cat-tipologia-prodotto-en product_cat-tipologia-prodotto-de product_cat-type-de-produit product_cat-walk-in-fr product_cat-walk-in-en-4 product_cat-walk-in-en product_cat-walk-in-de product_cat-niche-walk-in product_cat-walk-in-de-3 product_cat-1600 product_cat-1618 product_cat-1568 product_cat-1637 product_cat-1640 product_cat-1649 product_cat-1594 product_cat-1617 has-post-thumbnail shipping-taxable product-type-simple\">\n\t<div class=\"woocommerce-loop-product__short_description\" itemprop=\"description\"><a href=\"https:\/\/relaxsrl.com\/fr\/produit\/bobox-c\/\" class=\"woocommerce-LoopProduct-link woocommerce-loop-product__link\"><p>Cabine de douche \u00e0 l&rsquo;italienne caract\u00e9ris\u00e9e par un double rayon du verre.<\/p>\n<\/a><\/div><\/li>\n<\/ul>\n<\/div>[\/vc_column][\/vc_row][vc_row full_width=\u00a0\u00bbstretch_row_content_no_spaces\u00a0\u00bb equal_height=\u00a0\u00bbyes\u00a0\u00bb content_placement=\u00a0\u00bbmiddle\u00a0\u00bb el_class=\u00a0\u00bbrow-over-footer row-cta-over-footer\u00a0\u00bb][vc_column width=\u00a0\u00bb1\/2&Prime;][vc_single_image image=\u00a0\u00bb2446&Prime; img_size=\u00a0\u00bbfull\u00a0\u00bb][\/vc_column][vc_column width=\u00a0\u00bb1\/2&Prime; css=\u00a0\u00bb.vc_custom_1632909138868{background-image: url(http:\/\/relaxsrl.com\/wp-content\/uploads\/2021\/09\/cta-design-opaco.jpg?id=2448) !important;background-position: center !important;background-repeat: no-repeat !important;background-size: cover !important;}\u00a0\u00bb el_class=\u00a0\u00bbrow-cta-over-footer-col-text\u00a0\u00bb][vc_row_inner][vc_column_inner width=\u00a0\u00bb1\/4&Prime;][\/vc_column_inner][vc_column_inner width=\u00a0\u00bb1\/2&Prime;][vc_column_text]<\/p>\n<h2 style=\"text-align: center;\">D\u00e9couvrez les produits Relax<\/h2>\n<p style=\"text-align: center;\">Utilisez notre configurateur pour trouver la proposition la mieux adapt\u00e9e \u00e0 vos besoins.<\/p>\n<p>[\/vc_column_text][vc_btn title=\u00a0\u00bbT\u00c9L\u00c9CHARGER LE CATALOGUE\u00a0\u00bb style=\u00a0\u00bbclassic\u00a0\u00bb shape=\u00a0\u00bbsquare\u00a0\u00bb color=\u00a0\u00bbwhite\u00a0\u00bb align=\u00a0\u00bbcenter\u00a0\u00bb el_class=\u00a0\u00bbbtn-default-white\u00a0\u00bb link=\u00a0\u00bburl:http%3A%2F%2Frelaxsrl.com%2Fdocs%2Fcataloghi%2Fcatalogo_relax.pdf|title:T%C3%89L%C3%89CHARGER%20LE%20CATALOGUE|target:_blank|\u00a0\u00bb][\/vc_column_inner][vc_column_inner width=\u00a0\u00bb1\/4&Prime;][\/vc_column_inner][\/vc_row_inner][\/vc_column][\/vc_row]<\/p>\n","protected":false},"excerpt":{"rendered":"<p>[vc_row full_width=\u00a0\u00bbstretch_row\u00a0\u00bb content_placement=\u00a0\u00bbmiddle\u00a0\u00bb el_class=\u00a0\u00bbintro-row intro-row-grey\u00a0\u00bb][vc_column][vc_column_text] Cabine de douche design [\/vc_column_text][\/vc_column][\/vc_row][vc_row el_class=\u00a0\u00bbrow-path\u00a0\u00bb][vc_column][vc_column_text][\/vc_column_text][\/vc_column][\/vc_row][vc_row][vc_column][vc_single_image image=\u00a0\u00bb8791&Prime; img_size=\u00a0\u00bbfull\u00a0\u00bb][\/vc_column][\/vc_row][vc_row][vc_column width=\u00a0\u00bb1\/6&Prime;][\/vc_column][vc_column width=\u00a0\u00bb2\/3&Prime;][vc_empty_space height=\u00a0\u00bb40px\u00a0\u00bb][vc_column_text el_class=\u00a0\u00bbtxt-blue abstract weight500&Prime;]Le style moderne n\u00e9cessite des espaces attrayants pour l\u2019esth\u00e9tique et la fonctionnalit\u00e9. A l\u2019int\u00e9rieur, une cabine de douche design fait la diff\u00e9rence, raffin\u00e9e et \u00e9l\u00e9gante quelles que soit les dimensions.[\/vc_column_text][vc_empty_space height=\u00a0\u00bb35px\u00a0\u00bb][\/vc_column][\/vc_row][vc_row el_id=\u00a0\u00bbparagrafo-1&Prime;][vc_column width=\u00a0\u00bb1\/6&Prime;][\/vc_column][vc_column width=\u00a0\u00bb2\/3&Prime;][vc_column_text] Caract\u00e9ristiques de la [&hellip;]<\/p>\n","protected":false},"author":3,"featured_media":8791,"parent":11392,"menu_order":0,"comment_status":"closed","ping_status":"closed","template":"","meta":[],"acf":[],"yoast_head":"<!-- This site is optimized with the Yoast SEO Premium plugin v18.4 (Yoast SEO v18.8) - https:\/\/yoast.com\/wordpress\/plugins\/seo\/ -->\n<title>Cabine de douche design - Relax srl<\/title>\n<meta name=\"description\" content=\"Une cabine de douche design fait la diff\u00e9rence, raffin\u00e9e et \u00e9l\u00e9gante, elle met en valeur le contexte de la salle de bain.\" \/>\n<meta name=\"robots\" content=\"index, follow, max-snippet:-1, max-image-preview:large, max-video-preview:-1\" \/>\n<link rel=\"canonical\" href=\"https:\/\/relaxsrl.com\/fr\/aide-au-choix\/cabine-de-douche-design\/\" \/>\n<meta property=\"og:locale\" content=\"fr_FR\" \/>\n<meta property=\"og:type\" content=\"article\" \/>\n<meta property=\"og:title\" content=\"Cabine de douche design - Relax srl\" \/>\n<meta property=\"og:description\" content=\"Une cabine de douche design fait la diff\u00e9rence, raffin\u00e9e et \u00e9l\u00e9gante, elle met en valeur le contexte de la salle de bain.\" \/>\n<meta property=\"og:url\" content=\"https:\/\/relaxsrl.com\/fr\/aide-au-choix\/cabine-de-douche-design\/\" \/>\n<meta property=\"og:site_name\" content=\"Relax srl\" \/>\n<meta property=\"article:modified_time\" content=\"2023-09-07T09:26:50+00:00\" \/>\n<meta property=\"og:image\" content=\"https:\/\/relaxsrl.com\/website\/wp-content\/uploads\/2021\/10\/Per-web-1.jpg\" \/>\n\t<meta property=\"og:image:width\" content=\"1100\" \/>\n\t<meta property=\"og:image:height\" content=\"420\" \/>\n\t<meta property=\"og:image:type\" content=\"image\/jpeg\" \/>\n<meta name=\"twitter:card\" content=\"summary_large_image\" \/>\n<meta name=\"twitter:label1\" content=\"Dur\u00e9e de lecture estim\u00e9e\" \/>\n\t<meta name=\"twitter:data1\" content=\"3 minutes\" \/>\n<script type=\"application\/ld+json\" class=\"yoast-schema-graph\">{\"@context\":\"https:\/\/schema.org\",\"@graph\":[{\"@type\":\"WebSite\",\"@id\":\"https:\/\/relaxsrl.com\/#website\",\"url\":\"https:\/\/relaxsrl.com\/\",\"name\":\"Relax srl\",\"description\":\"\",\"potentialAction\":[{\"@type\":\"SearchAction\",\"target\":{\"@type\":\"EntryPoint\",\"urlTemplate\":\"https:\/\/relaxsrl.com\/?s={search_term_string}\"},\"query-input\":\"required name=search_term_string\"}],\"inLanguage\":\"fr-FR\"},{\"@type\":\"ImageObject\",\"inLanguage\":\"fr-FR\",\"@id\":\"https:\/\/relaxsrl.com\/fr\/aide-au-choix\/cabine-de-douche-design\/#primaryimage\",\"url\":\"https:\/\/relaxsrl.com\/website\/wp-content\/uploads\/2021\/10\/Per-web-1.jpg\",\"contentUrl\":\"https:\/\/relaxsrl.com\/website\/wp-content\/uploads\/2021\/10\/Per-web-1.jpg\",\"width\":1100,\"height\":420,\"caption\":\"Vista dall'alto di un box doccia walk-in di design in nicchia\"},{\"@type\":\"WebPage\",\"@id\":\"https:\/\/relaxsrl.com\/fr\/aide-au-choix\/cabine-de-douche-design\/#webpage\",\"url\":\"https:\/\/relaxsrl.com\/fr\/aide-au-choix\/cabine-de-douche-design\/\",\"name\":\"Cabine de douche design - Relax srl\",\"isPartOf\":{\"@id\":\"https:\/\/relaxsrl.com\/#website\"},\"primaryImageOfPage\":{\"@id\":\"https:\/\/relaxsrl.com\/fr\/aide-au-choix\/cabine-de-douche-design\/#primaryimage\"},\"datePublished\":\"2021-11-22T13:19:53+00:00\",\"dateModified\":\"2023-09-07T09:26:50+00:00\",\"description\":\"Une cabine de douche design fait la diff\u00e9rence, raffin\u00e9e et \u00e9l\u00e9gante, elle met en valeur le contexte de la salle de bain.\",\"breadcrumb\":{\"@id\":\"https:\/\/relaxsrl.com\/fr\/aide-au-choix\/cabine-de-douche-design\/#breadcrumb\"},\"inLanguage\":\"fr-FR\",\"potentialAction\":[{\"@type\":\"ReadAction\",\"target\":[\"https:\/\/relaxsrl.com\/fr\/aide-au-choix\/cabine-de-douche-design\/\"]}]},{\"@type\":\"BreadcrumbList\",\"@id\":\"https:\/\/relaxsrl.com\/fr\/aide-au-choix\/cabine-de-douche-design\/#breadcrumb\",\"itemListElement\":[{\"@type\":\"ListItem\",\"position\":1,\"name\":\"Aide au choix\",\"item\":\"https:\/\/relaxsrl.com\/fr\/aide-au-choix\/\"},{\"@type\":\"ListItem\",\"position\":2,\"name\":\"Cabine de douche design\"}]}]}<\/script>\n<!-- \/ Yoast SEO Premium plugin. -->","yoast_head_json":{"title":"Cabine de douche design - Relax srl","description":"Une cabine de douche design fait la diff\u00e9rence, raffin\u00e9e et \u00e9l\u00e9gante, elle met en valeur le contexte de la salle de bain.","robots":{"index":"index","follow":"follow","max-snippet":"max-snippet:-1","max-image-preview":"max-image-preview:large","max-video-preview":"max-video-preview:-1"},"canonical":"https:\/\/relaxsrl.com\/fr\/aide-au-choix\/cabine-de-douche-design\/","og_locale":"fr_FR","og_type":"article","og_title":"Cabine de douche design - Relax srl","og_description":"Une cabine de douche design fait la diff\u00e9rence, raffin\u00e9e et \u00e9l\u00e9gante, elle met en valeur le contexte de la salle de bain.","og_url":"https:\/\/relaxsrl.com\/fr\/aide-au-choix\/cabine-de-douche-design\/","og_site_name":"Relax srl","article_modified_time":"2023-09-07T09:26:50+00:00","og_image":[{"width":1100,"height":420,"url":"https:\/\/relaxsrl.com\/website\/wp-content\/uploads\/2021\/10\/Per-web-1.jpg","type":"image\/jpeg"}],"twitter_card":"summary_large_image","twitter_misc":{"Dur\u00e9e de lecture estim\u00e9e":"3 minutes"},"schema":{"@context":"https:\/\/schema.org","@graph":[{"@type":"WebSite","@id":"https:\/\/relaxsrl.com\/#website","url":"https:\/\/relaxsrl.com\/","name":"Relax srl","description":"","potentialAction":[{"@type":"SearchAction","target":{"@type":"EntryPoint","urlTemplate":"https:\/\/relaxsrl.com\/?s={search_term_string}"},"query-input":"required name=search_term_string"}],"inLanguage":"fr-FR"},{"@type":"ImageObject","inLanguage":"fr-FR","@id":"https:\/\/relaxsrl.com\/fr\/aide-au-choix\/cabine-de-douche-design\/#primaryimage","url":"https:\/\/relaxsrl.com\/website\/wp-content\/uploads\/2021\/10\/Per-web-1.jpg","contentUrl":"https:\/\/relaxsrl.com\/website\/wp-content\/uploads\/2021\/10\/Per-web-1.jpg","width":1100,"height":420,"caption":"Vista dall'alto di un box doccia walk-in di design in nicchia"},{"@type":"WebPage","@id":"https:\/\/relaxsrl.com\/fr\/aide-au-choix\/cabine-de-douche-design\/#webpage","url":"https:\/\/relaxsrl.com\/fr\/aide-au-choix\/cabine-de-douche-design\/","name":"Cabine de douche design - Relax srl","isPartOf":{"@id":"https:\/\/relaxsrl.com\/#website"},"primaryImageOfPage":{"@id":"https:\/\/relaxsrl.com\/fr\/aide-au-choix\/cabine-de-douche-design\/#primaryimage"},"datePublished":"2021-11-22T13:19:53+00:00","dateModified":"2023-09-07T09:26:50+00:00","description":"Une cabine de douche design fait la diff\u00e9rence, raffin\u00e9e et \u00e9l\u00e9gante, elle met en valeur le contexte de la salle de bain.","breadcrumb":{"@id":"https:\/\/relaxsrl.com\/fr\/aide-au-choix\/cabine-de-douche-design\/#breadcrumb"},"inLanguage":"fr-FR","potentialAction":[{"@type":"ReadAction","target":["https:\/\/relaxsrl.com\/fr\/aide-au-choix\/cabine-de-douche-design\/"]}]},{"@type":"BreadcrumbList","@id":"https:\/\/relaxsrl.com\/fr\/aide-au-choix\/cabine-de-douche-design\/#breadcrumb","itemListElement":[{"@type":"ListItem","position":1,"name":"Aide au choix","item":"https:\/\/relaxsrl.com\/fr\/aide-au-choix\/"},{"@type":"ListItem","position":2,"name":"Cabine de douche design"}]}]}},"_links":{"self":[{"href":"https:\/\/relaxsrl.com\/fr\/wp-json\/wp\/v2\/pages\/12301"}],"collection":[{"href":"https:\/\/relaxsrl.com\/fr\/wp-json\/wp\/v2\/pages"}],"about":[{"href":"https:\/\/relaxsrl.com\/fr\/wp-json\/wp\/v2\/types\/page"}],"author":[{"embeddable":true,"href":"https:\/\/relaxsrl.com\/fr\/wp-json\/wp\/v2\/users\/3"}],"replies":[{"embeddable":true,"href":"https:\/\/relaxsrl.com\/fr\/wp-json\/wp\/v2\/comments?post=12301"}],"version-history":[{"count":8,"href":"https:\/\/relaxsrl.com\/fr\/wp-json\/wp\/v2\/pages\/12301\/revisions"}],"predecessor-version":[{"id":29115,"href":"https:\/\/relaxsrl.com\/fr\/wp-json\/wp\/v2\/pages\/12301\/revisions\/29115"}],"up":[{"embeddable":true,"href":"https:\/\/relaxsrl.com\/fr\/wp-json\/wp\/v2\/pages\/11392"}],"wp:featuredmedia":[{"embeddable":true,"href":"https:\/\/relaxsrl.com\/fr\/wp-json\/wp\/v2\/media\/8791"}],"wp:attachment":[{"href":"https:\/\/relaxsrl.com\/fr\/wp-json\/wp\/v2\/media?parent=12301"}],"curies":[{"name":"wp","href":"https:\/\/api.w.org\/{rel}","templated":true}]}}