{"id":12307,"date":"2021-11-22T14:47:23","date_gmt":"2021-11-22T13:47:23","guid":{"rendered":"http:\/\/relaxsrl.com\/aide-au-choix\/cabine-de-douche-en-niche\/"},"modified":"2026-02-25T15:22:09","modified_gmt":"2026-02-25T14:22:09","slug":"cabine-de-douche-en-niche","status":"publish","type":"page","link":"https:\/\/relaxsrl.com\/fr\/aide-au-choix\/cabine-de-douche-en-niche\/","title":{"rendered":"Cabine de douche en niche"},"content":{"rendered":"<p>[vc_row full_width=\u00a0\u00bbstretch_row\u00a0\u00bb content_placement=\u00a0\u00bbmiddle\u00a0\u00bb el_class=\u00a0\u00bbintro-row intro-row-grey\u00a0\u00bb][vc_column][vc_column_text]<\/p>\n<h1>Cabine de douche en niche<\/h1>\n<p>[\/vc_column_text][\/vc_column][\/vc_row][vc_row el_class=\u00a0\u00bbrow-path\u00a0\u00bb][vc_column][vc_column_text][\/vc_column_text][\/vc_column][\/vc_row][vc_row][vc_column][vc_single_image image=\u00a0\u00bb31255&Prime; img_size=\u00a0\u00bbfull\u00a0\u00bb][\/vc_column][\/vc_row][vc_row][vc_column width=\u00a0\u00bb1\/6&Prime;][\/vc_column][vc_column width=\u00a0\u00bb2\/3&Prime;][vc_empty_space height=\u00a0\u00bb40px\u00a0\u00bb][vc_column_text el_class=\u00a0\u00bbtxt-blue abstract weight500&Prime;]La cabine de douche en niche, \u00e9galement appel\u00e9e cabine de douche d\u2019un c\u00f4t\u00e9, a un seul c\u00f4t\u00e9 ouvert et est encastr\u00e9e entre trois murs dispos\u00e9s en forme de C et r\u00e9alis\u00e9s en ma\u00e7onnerie ou en placopl\u00e2tre.[\/vc_column_text][vc_empty_space height=\u00a0\u00bb35px\u00a0\u00bb][\/vc_column][\/vc_row][vc_row][vc_column width=\u00a0\u00bb1\/6&Prime;][\/vc_column][vc_column width=\u00a0\u00bb2\/3&Prime;][vc_column_text]<\/p>\n<ul>\n<li><a class=\"link-interno link-interno-paragrafo-1\" href=\"#\">Caract\u00e9ristiques <\/a><a class=\"link-interno link-interno-paragrafo-3\" href=\"#\">de douche en niche<\/a><\/li>\n<li><a class=\"link-interno link-interno-paragrafo-2\" href=\"#\">Portes <\/a><a class=\"link-interno link-interno-paragrafo-3\" href=\"#\">de douche en niche<\/a>\n<ul>\n<li><a class=\"link-interno link-interno-paragrafo-3\" href=\"#\">Avec porte battante<\/a><\/li>\n<li><a class=\"link-interno link-interno-paragrafo-4\" href=\"#\">Porte pivotante<\/a><\/li>\n<li><a class=\"link-interno link-interno-paragrafo-5\" href=\"#\">Avec porte saloon<\/a><\/li>\n<li><a class=\"link-interno link-interno-paragrafo-6\" href=\"#\">Porte coulissante<\/a><\/li>\n<li><a class=\"link-interno link-interno-paragrafo-7\" href=\"#\">Avec porte pliable<\/a><\/li>\n<\/ul>\n<\/li>\n<li><a class=\"link-interno link-interno-paragrafo-8\" href=\"#\">Avantages <\/a><a class=\"link-interno link-interno-paragrafo-3\" href=\"#\">de douche en niche<\/a><\/li>\n<\/ul>\n<p>[\/vc_column_text][vc_empty_space height=\u00a0\u00bb40px\u00a0\u00bb][\/vc_column][\/vc_row][vc_row el_id=\u00a0\u00bbparagrafo-1&Prime;][vc_column width=\u00a0\u00bb1\/6&Prime;][\/vc_column][vc_column width=\u00a0\u00bb2\/3&Prime;][vc_column_text]<\/p>\n<h2>Caract\u00e9ristiques de la cabine de douche en niche<\/h2>\n<p>La douche en niche se caract\u00e9rise par <strong>un seul c\u00f4t\u00e9 en verre<\/strong> <strong>sur lequel se trouve la porte,<\/strong> tandis que sur les c\u00f4t\u00e9s restants elle est d\u00e9limit\u00e9e par des murs. Il exploite une cavit\u00e9 existante de la salle de bain, m\u00eame de forme irr\u00e9guli\u00e8re, ou il la cr\u00e9e en cours de r\u00e9novation ou de construction, \u00e0 travers une ou plusieurs cloisons en pl\u00e2tre ou en ma\u00e7onnerie. Celles-ci peuvent \u00eatre enrichies par des plans de soutien pour les produits de soins du corps, r\u00e9alis\u00e9s selon les exigences sp\u00e9cifiques des propri\u00e9taires, et permettent \u00e9galement, sur le c\u00f4t\u00e9 ext\u00e9rieur, d\u2019\u00eatre exploit\u00e9es pour poser des meubles suspendus et sanitaires. Toutes les solutions sont certifi\u00e9es <a href=\"https:\/\/www.tuvsud.com\/fr-fr\">T\u00dcV S\u00dcD<\/a>.[\/vc_column_text][vc_empty_space height=\u00a0\u00bb40px\u00a0\u00bb][\/vc_column][\/vc_row][vc_row el_id=\u00a0\u00bbparagrafo-2&Prime;][vc_column width=\u00a0\u00bb1\/6&Prime;][\/vc_column][vc_column width=\u00a0\u00bb2\/3&Prime;][vc_column_text]<\/p>\n<h2>Portes de la cabine de douche en niche<\/h2>\n<p>Lorsque la cabine de douche d\u2019un c\u00f4t\u00e9 est large, par exemple avec un acc\u00e8s de 120 cm et plus, elle n\u00e9cessite une structure form\u00e9e par une porte et une ou plusieurs parties fixes. Cela dit, il se pr\u00eate \u00e0 l\u2019utilisation de <strong>tout type de fermeture<\/strong> donnant ainsi \u00e0 chacun la possibilit\u00e9 de choisir selon ses go\u00fbts et de r\u00e9aliser ainsi sa propre cabine de douche d\u2019un c\u00f4t\u00e9, confortable et \u00e9l\u00e9gant.[\/vc_column_text][vc_empty_space height=\u00a0\u00bb20px\u00a0\u00bb][\/vc_column][\/vc_row][vc_row el_id=\u00a0\u00bbparagrafo-3&Prime;][vc_column width=\u00a0\u00bb1\/6&Prime;][\/vc_column][vc_column width=\u00a0\u00bb2\/3&Prime;][vc_column_text]<\/p>\n<h3>Avec porte battante<\/h3>\n<p>La cabine en niche avec une seule porte battante peut \u00e9galement atteindre de tr\u00e8s grandes dimensions si vous ajoutez un panneau fixe en ligne \u00e0 droite, ou \u00e0 gauche ou des deux c\u00f4t\u00e9s. G\u00e9n\u00e9ralement, la porte mobile ouvrante a des limites dimensionnelles car un poids trop \u00e9lev\u00e9 pourrait endommager les charni\u00e8res \u00e0 long terme. V\u00e9rifiez toujours que le verre s\u2019ouvrant n\u2019interf\u00e8re pas avec les autres \u00e9l\u00e9ments du bain (par ex. sanitaires) parce que l\u2019espace utile d\u2019entr\u00e9e serait r\u00e9duit.[\/vc_column_text][vc_empty_space height=\u00a0\u00bb20px\u00a0\u00bb][\/vc_column][\/vc_row][vc_row el_id=\u00a0\u00bbparagrafo-4&Prime;][vc_column width=\u00a0\u00bb1\/6&Prime;][\/vc_column][vc_column width=\u00a0\u00bb2\/3&Prime;][vc_column_text]<\/p>\n<h3>Porte pivotante<\/h3>\n<p>Rappelez-vous que la charni\u00e8re \u00e0 pivot r\u00e9duit l\u2019espace utile d\u2019entr\u00e9e, tandis que de l\u2019autre c\u00f4t\u00e9 facilite l\u2019ouverture.[\/vc_column_text][vc_empty_space height=\u00a0\u00bb20px\u00a0\u00bb][\/vc_column][\/vc_row][vc_row el_id=\u00a0\u00bbparagrafo-5&Prime;][vc_column width=\u00a0\u00bb1\/6&Prime;][\/vc_column][vc_column width=\u00a0\u00bb2\/3&Prime;][vc_column_text]<\/p>\n<h3>Avec porte saloon<\/h3>\n<p>C\u2019est une ouverture pratiquement totale, facile et rapide, avec l\u2019inconv\u00e9nient (si per\u00e7u) de l\u2019\u00e9gouttage quand la porte s&rsquo;ouvre vers l&rsquo;ext\u00e9rieur. Il pr\u00e9voit la solution avec cadre ou sans cadre.[\/vc_column_text][vc_empty_space height=\u00a0\u00bb20px\u00a0\u00bb][\/vc_column][\/vc_row][vc_row el_id=\u00a0\u00bbparagrafo-6&Prime;][vc_column width=\u00a0\u00bb1\/6&Prime;][\/vc_column][vc_column width=\u00a0\u00bb2\/3&Prime;][vc_column_text]<\/p>\n<h3>Porte coulissante<\/h3>\n<p>Elle est indiqu\u00e9e pour une taille \u00e0 partir de 100 cm parce que sous l\u2019espace utile d\u2019entr\u00e9e serait inf\u00e9rieure \u00e0 39 cm. Il est pr\u00e9f\u00e9rable si la niche est peu profonde ou vous voulez \u00e9viter l\u2019\u00e9coulement de l\u2019eau sur le sol.[\/vc_column_text][vc_empty_space height=\u00a0\u00bb20px\u00a0\u00bb][\/vc_column][\/vc_row][vc_row el_id=\u00a0\u00bbparagrafo-7&Prime;][vc_column width=\u00a0\u00bb1\/6&Prime;][\/vc_column][vc_column width=\u00a0\u00bb2\/3&Prime;][vc_column_text]<\/p>\n<h3>Avec porte pliable<\/h3>\n<p>La cabine en niche avec une seule porte pliable peut atteindre 100 cm maximum avec l\u2019avantage de garantir presque tout l\u2019espace nominal d\u2019entr\u00e9e. Il pr\u00e9voit la solution avec cadre ou sans cadre.[\/vc_column_text][vc_empty_space height=\u00a0\u00bb40px\u00a0\u00bb][\/vc_column][\/vc_row][vc_row el_id=\u00a0\u00bbparagrafo-8&Prime;][vc_column width=\u00a0\u00bb1\/6&Prime;][\/vc_column][vc_column width=\u00a0\u00bb2\/3&Prime;][vc_column_text]<\/p>\n<h2>Avantages de la cabine de douche en niche<\/h2>\n<p>La douche en niche s\u2019adapte<strong> \u00e0 tout style d\u2019ameublement<\/strong> gr\u00e2ce aux finitions disponibles, \u00e0 n\u2019importe quel budget du moins cher au plus luxueux, et est appr\u00e9ci\u00e9e par ceux qui veulent un espace intime, bien divis\u00e9 par le reste de la chambre. Elle est <strong>parfaite pour optimiser les espaces et mettre de l\u2019ordre dans la salle de bain,<\/strong> soit parce que c\u2019est une zone s\u00e9par\u00e9e soit parce qu\u2019il est facile de r\u00e9aliser \u00e0 l\u2019int\u00e9rieur des plans d\u2019appui pour ranger des paquets de shampooing, apr\u00e8s-shampoing, douche et gommage. Elle ne n\u00e9cessite en outre aucun type de per\u00e7age pour monter la cabine de douche et les \u00e9tag\u00e8res, activit\u00e9, celle de per\u00e7age, potentiellement dangereuse et qui par cons\u00e9quent devrait \u00eatre laiss\u00e9e \u00e0 des experts.[\/vc_column_text][vc_empty_space height=\u00a0\u00bb40px\u00a0\u00bb][\/vc_column][\/vc_row][vc_row][vc_column][vc_empty_space height=\u00a0\u00bb50px\u00a0\u00bb][vc_column_text]<\/p>\n<h3 style=\"text-align: center;\">Quelques exemples de cabines de douche en niche Relax<\/h3>\n<p>[\/vc_column_text][vc_empty_space height=\u00a0\u00bb30px\u00a0\u00bb]<div class=\"woocommerce columns-4 \"><ul class=\"products columns-4\">\n<li class=\"product type-product post-13908 status-publish first instock product_cat-niche-battante product_cat-battente-de product_cat-box-doccia-de product_cat-box-doccia-en product_cat-cabine-de-douche product_cat-collections-en product_cat-collections product_cat-selection-guide-en product_cat-guida-alla-scelta-de product_cat-guide-de-selection product_cat-niche-hinged product_cat-nicchia-de product_cat-nicchia-de-2 product_cat-niche product_cat-niche-fr product_cat-guide-de-selection-niche product_cat-selection-guide-niche product_cat-collezioni-de product_cat-tipologia-prodotto-en product_cat-tipologia-prodotto-de product_cat-type-de-produit product_cat-wall-ru product_cat-wall-en product_cat-wall-fr product_cat-wall-de product_cat-1618 product_cat-1568 product_cat-1638 product_cat-1607 product_cat-1637 product_cat-1594 product_cat-1617 has-post-thumbnail shipping-taxable product-type-simple\">\n\t<div class=\"woocommerce-loop-product__short_description\" itemprop=\"description\"><a href=\"https:\/\/relaxsrl.com\/fr\/produit\/wall-b1\/\" class=\"woocommerce-LoopProduct-link woocommerce-loop-product__link\"><p>Cabine de douche en niche avec porte battante avec ouverture interne et externe.<\/p>\n<\/a><\/div><\/li>\n<li class=\"product type-product post-13901 status-publish instock product_cat-box-doccia-de product_cat-box-doccia-en product_cat-cabine-de-douche product_cat-collections product_cat-collections-en product_cat-selection-guide-en product_cat-guida-alla-scelta-de product_cat-guide-de-selection product_cat-kubik-fr product_cat-kubik-en product_cat-kubik-de product_cat-kubik-ru product_cat-nicchia-de product_cat-nicchia-de-2 product_cat-niche product_cat-niche-fr product_cat-guide-de-selection-niche product_cat-selection-guide-niche product_cat-pivot-de-3 product_cat-niche-pivot-fr product_cat-niche-pivot product_cat-collezioni-de product_cat-tipologia-prodotto-de product_cat-tipologia-prodotto-en product_cat-type-de-produit product_cat-1618 product_cat-1568 product_cat-1607 product_cat-1637 product_cat-1631 product_cat-1594 product_cat-1617 has-post-thumbnail shipping-taxable product-type-simple\">\n\t<div class=\"woocommerce-loop-product__short_description\" itemprop=\"description\"><a href=\"https:\/\/relaxsrl.com\/fr\/produit\/kubik-b1\/\" class=\"woocommerce-LoopProduct-link woocommerce-loop-product__link\"><p>Cabine de douche en niche avec porte pivotante caract\u00e9ris\u00e9e par une ouverture interne et externe.<\/p>\n<\/a><\/div><\/li>\n<li class=\"product type-product post-13884 status-publish instock product_cat-axia-fr product_cat-axia-de product_cat-axia-ru product_cat-axia-en product_cat-box-doccia-en product_cat-box-doccia-de product_cat-cabine-de-douche product_cat-collections product_cat-collections-en product_cat-niche-coulissante product_cat-guida-alla-scelta-de product_cat-selection-guide-en product_cat-guide-de-selection product_cat-nicchia-de-2 product_cat-nicchia-de product_cat-niche product_cat-guide-de-selection-niche product_cat-niche-fr product_cat-selection-guide-niche product_cat-collezioni-de product_cat-scorrevole-de-5 product_cat-niche-sliding product_cat-tipologia-prodotto-de product_cat-tipologia-prodotto-en product_cat-type-de-produit product_cat-1618 product_cat-1568 product_cat-1607 product_cat-1637 product_cat-1639 product_cat-1594 product_cat-1617 has-post-thumbnail shipping-taxable product-type-simple\">\n\t<div class=\"woocommerce-loop-product__short_description\" itemprop=\"description\"><a href=\"https:\/\/relaxsrl.com\/fr\/produit\/axia-sc1\/\" class=\"woocommerce-LoopProduct-link woocommerce-loop-product__link\"><p>Cabine de douche en niche avec porte coulissante et syst\u00e8me coulissant apparent.<\/p>\n<\/a><\/div><\/li>\n<li class=\"product type-product post-26778 status-publish last instock product_cat-angolare-de product_cat-angolare-en product_cat-angulaire product_cat-box-doccia-de product_cat-box-doccia-en product_cat-box-doccia-lineare product_cat-cabine-de-douche product_cat-guide-de-selection-cabine-de-douche-lineaire product_cat-calamo-de product_cat-calamo-ru product_cat-calamo-en product_cat-calamo-fr product_cat-angulaire-coulissante product_cat-selection-guide-linear-shower-enclosures product_cat-nicchia-de-2 product_cat-guide-de-selection-niche product_cat-selection-guide-niche product_cat-non-classe product_cat-scorrevole-de product_cat-senza-categoria-de product_cat-angular-sliding product_cat-tipologia-prodotto-en product_cat-tipologia-prodotto-de product_cat-type-de-produit product_cat-without-category product_cat-1616 product_cat-1618 product_cat-1601 product_cat-1607 product_cat-1632 product_cat-1617 product_cat-1626 has-post-thumbnail shipping-taxable product-type-simple\">\n\t<div class=\"woocommerce-loop-product__short_description\" itemprop=\"description\"><a href=\"https:\/\/relaxsrl.com\/fr\/produit\/calamo-a-a\/\" class=\"woocommerce-LoopProduct-link woocommerce-loop-product__link\"><p>Cabine de douche avec porte coulissante \u00e0 double angle.<\/p>\n<\/a><\/div><\/li>\n<\/ul>\n<\/div>[\/vc_column][\/vc_row][vc_row full_width=\u00a0\u00bbstretch_row_content_no_spaces\u00a0\u00bb equal_height=\u00a0\u00bbyes\u00a0\u00bb content_placement=\u00a0\u00bbmiddle\u00a0\u00bb el_class=\u00a0\u00bbrow-over-footer row-cta-over-footer\u00a0\u00bb][vc_column width=\u00a0\u00bb1\/2&Prime;][vc_single_image image=\u00a0\u00bb32109&Prime; img_size=\u00a0\u00bbfull\u00a0\u00bb][\/vc_column][vc_column width=\u00a0\u00bb1\/2&Prime; css=\u00a0\u00bb.vc_custom_1772029308980{background-image: url(https:\/\/relaxsrl.com\/website\/wp-content\/uploads\/2026\/02\/calamo-blur-CTA.jpg?id=32104) !important;background-position: center !important;background-repeat: no-repeat !important;background-size: cover !important;}\u00a0\u00bb el_class=\u00a0\u00bbrow-cta-over-footer-col-text\u00a0\u00bb][vc_row_inner][vc_column_inner width=\u00a0\u00bb1\/4&Prime;][\/vc_column_inner][vc_column_inner width=\u00a0\u00bb1\/2&Prime;][vc_column_text]<\/p>\n<h2 style=\"text-align: center;\">D\u00e9couvrez les produits Relax<\/h2>\n<p style=\"text-align: center;\">Utilisez notre configurateur pour trouver la proposition la mieux adapt\u00e9e \u00e0 vos besoins.<\/p>\n<p>[\/vc_column_text][vc_btn title=\u00a0\u00bbALLER AU CONFIGURATEUR\u00a0\u00bb style=\u00a0\u00bbclassic\u00a0\u00bb shape=\u00a0\u00bbsquare\u00a0\u00bb color=\u00a0\u00bbwhite\u00a0\u00bb align=\u00a0\u00bbcenter\u00a0\u00bb el_class=\u00a0\u00bbbtn-default-white\u00a0\u00bb link=\u00a0\u00bburl:http%3A%2F%2Frelaxsrl.com%2Ffr%2Fproduits%2Fconfigurateur%2F|title:Configurateur\u00a0\u00bb][\/vc_column_inner][vc_column_inner width=\u00a0\u00bb1\/4&Prime;][\/vc_column_inner][\/vc_row_inner][\/vc_column][\/vc_row]<\/p>\n","protected":false},"excerpt":{"rendered":"<p>[vc_row full_width=\u00a0\u00bbstretch_row\u00a0\u00bb content_placement=\u00a0\u00bbmiddle\u00a0\u00bb el_class=\u00a0\u00bbintro-row intro-row-grey\u00a0\u00bb][vc_column][vc_column_text] Cabine de douche en niche [\/vc_column_text][\/vc_column][\/vc_row][vc_row el_class=\u00a0\u00bbrow-path\u00a0\u00bb][vc_column][vc_column_text][\/vc_column_text][\/vc_column][\/vc_row][vc_row][vc_column][vc_single_image image=\u00a0\u00bb31255&Prime; img_size=\u00a0\u00bbfull\u00a0\u00bb][\/vc_column][\/vc_row][vc_row][vc_column width=\u00a0\u00bb1\/6&Prime;][\/vc_column][vc_column width=\u00a0\u00bb2\/3&Prime;][vc_empty_space height=\u00a0\u00bb40px\u00a0\u00bb][vc_column_text el_class=\u00a0\u00bbtxt-blue abstract weight500&Prime;]La cabine de douche en niche, \u00e9galement appel\u00e9e cabine de douche d\u2019un c\u00f4t\u00e9, a un seul c\u00f4t\u00e9 ouvert et est encastr\u00e9e entre trois murs dispos\u00e9s en forme de C et r\u00e9alis\u00e9s en ma\u00e7onnerie ou en placopl\u00e2tre.[\/vc_column_text][vc_empty_space [&hellip;]<\/p>\n","protected":false},"author":3,"featured_media":31255,"parent":11392,"menu_order":0,"comment_status":"closed","ping_status":"closed","template":"","meta":[],"acf":[],"yoast_head":"<!-- This site is optimized with the Yoast SEO Premium plugin v18.4 (Yoast SEO v18.8) - https:\/\/yoast.com\/wordpress\/plugins\/seo\/ -->\n<title>Cabine de douche en niche - Relax srl<\/title>\n<meta name=\"description\" content=\"La cabine de douche en niche n&#039;a qu&#039;un seul c\u00f4t\u00e9 ouvert et est plac\u00e9e entre trois murs en ma\u00e7onnerie ou en plaques de pl\u00e2tre. D\u00e9couvrez-les.\" \/>\n<meta name=\"robots\" content=\"index, follow, max-snippet:-1, max-image-preview:large, max-video-preview:-1\" \/>\n<link rel=\"canonical\" href=\"https:\/\/relaxsrl.com\/fr\/aide-au-choix\/cabine-de-douche-en-niche\/\" \/>\n<meta property=\"og:locale\" content=\"fr_FR\" \/>\n<meta property=\"og:type\" content=\"article\" \/>\n<meta property=\"og:title\" content=\"Cabine de douche en niche - Relax srl\" \/>\n<meta property=\"og:description\" content=\"La cabine de douche en niche n&#039;a qu&#039;un seul c\u00f4t\u00e9 ouvert et est plac\u00e9e entre trois murs en ma\u00e7onnerie ou en plaques de pl\u00e2tre. D\u00e9couvrez-les.\" \/>\n<meta property=\"og:url\" content=\"https:\/\/relaxsrl.com\/fr\/aide-au-choix\/cabine-de-douche-en-niche\/\" \/>\n<meta property=\"og:site_name\" content=\"Relax srl\" \/>\n<meta property=\"article:modified_time\" content=\"2026-02-25T14:22:09+00:00\" \/>\n<meta property=\"og:image\" content=\"https:\/\/relaxsrl.com\/website\/wp-content\/uploads\/2024\/11\/TIPO-BOX-DOCCIA_2-1.jpg\" \/>\n\t<meta property=\"og:image:width\" content=\"1920\" \/>\n\t<meta property=\"og:image:height\" content=\"1080\" \/>\n\t<meta property=\"og:image:type\" content=\"image\/jpeg\" \/>\n<meta name=\"twitter:card\" content=\"summary_large_image\" \/>\n<meta name=\"twitter:label1\" content=\"Dur\u00e9e de lecture estim\u00e9e\" \/>\n\t<meta name=\"twitter:data1\" content=\"4 minutes\" \/>\n<script type=\"application\/ld+json\" class=\"yoast-schema-graph\">{\"@context\":\"https:\/\/schema.org\",\"@graph\":[{\"@type\":\"WebSite\",\"@id\":\"https:\/\/relaxsrl.com\/#website\",\"url\":\"https:\/\/relaxsrl.com\/\",\"name\":\"Relax srl\",\"description\":\"\",\"potentialAction\":[{\"@type\":\"SearchAction\",\"target\":{\"@type\":\"EntryPoint\",\"urlTemplate\":\"https:\/\/relaxsrl.com\/?s={search_term_string}\"},\"query-input\":\"required name=search_term_string\"}],\"inLanguage\":\"fr-FR\"},{\"@type\":\"ImageObject\",\"inLanguage\":\"fr-FR\",\"@id\":\"https:\/\/relaxsrl.com\/fr\/aide-au-choix\/cabine-de-douche-en-niche\/#primaryimage\",\"url\":\"https:\/\/relaxsrl.com\/website\/wp-content\/uploads\/2024\/11\/TIPO-BOX-DOCCIA_2-1.jpg\",\"contentUrl\":\"https:\/\/relaxsrl.com\/website\/wp-content\/uploads\/2024\/11\/TIPO-BOX-DOCCIA_2-1.jpg\",\"width\":1920,\"height\":1080},{\"@type\":\"WebPage\",\"@id\":\"https:\/\/relaxsrl.com\/fr\/aide-au-choix\/cabine-de-douche-en-niche\/#webpage\",\"url\":\"https:\/\/relaxsrl.com\/fr\/aide-au-choix\/cabine-de-douche-en-niche\/\",\"name\":\"Cabine de douche en niche - Relax srl\",\"isPartOf\":{\"@id\":\"https:\/\/relaxsrl.com\/#website\"},\"primaryImageOfPage\":{\"@id\":\"https:\/\/relaxsrl.com\/fr\/aide-au-choix\/cabine-de-douche-en-niche\/#primaryimage\"},\"datePublished\":\"2021-11-22T13:47:23+00:00\",\"dateModified\":\"2026-02-25T14:22:09+00:00\",\"description\":\"La cabine de douche en niche n'a qu'un seul c\u00f4t\u00e9 ouvert et est plac\u00e9e entre trois murs en ma\u00e7onnerie ou en plaques de pl\u00e2tre. D\u00e9couvrez-les.\",\"breadcrumb\":{\"@id\":\"https:\/\/relaxsrl.com\/fr\/aide-au-choix\/cabine-de-douche-en-niche\/#breadcrumb\"},\"inLanguage\":\"fr-FR\",\"potentialAction\":[{\"@type\":\"ReadAction\",\"target\":[\"https:\/\/relaxsrl.com\/fr\/aide-au-choix\/cabine-de-douche-en-niche\/\"]}]},{\"@type\":\"BreadcrumbList\",\"@id\":\"https:\/\/relaxsrl.com\/fr\/aide-au-choix\/cabine-de-douche-en-niche\/#breadcrumb\",\"itemListElement\":[{\"@type\":\"ListItem\",\"position\":1,\"name\":\"Aide au choix\",\"item\":\"https:\/\/relaxsrl.com\/fr\/aide-au-choix\/\"},{\"@type\":\"ListItem\",\"position\":2,\"name\":\"Cabine de douche en niche\"}]}]}<\/script>\n<!-- \/ Yoast SEO Premium plugin. -->","yoast_head_json":{"title":"Cabine de douche en niche - Relax srl","description":"La cabine de douche en niche n'a qu'un seul c\u00f4t\u00e9 ouvert et est plac\u00e9e entre trois murs en ma\u00e7onnerie ou en plaques de pl\u00e2tre. D\u00e9couvrez-les.","robots":{"index":"index","follow":"follow","max-snippet":"max-snippet:-1","max-image-preview":"max-image-preview:large","max-video-preview":"max-video-preview:-1"},"canonical":"https:\/\/relaxsrl.com\/fr\/aide-au-choix\/cabine-de-douche-en-niche\/","og_locale":"fr_FR","og_type":"article","og_title":"Cabine de douche en niche - Relax srl","og_description":"La cabine de douche en niche n'a qu'un seul c\u00f4t\u00e9 ouvert et est plac\u00e9e entre trois murs en ma\u00e7onnerie ou en plaques de pl\u00e2tre. D\u00e9couvrez-les.","og_url":"https:\/\/relaxsrl.com\/fr\/aide-au-choix\/cabine-de-douche-en-niche\/","og_site_name":"Relax srl","article_modified_time":"2026-02-25T14:22:09+00:00","og_image":[{"width":1920,"height":1080,"url":"https:\/\/relaxsrl.com\/website\/wp-content\/uploads\/2024\/11\/TIPO-BOX-DOCCIA_2-1.jpg","type":"image\/jpeg"}],"twitter_card":"summary_large_image","twitter_misc":{"Dur\u00e9e de lecture estim\u00e9e":"4 minutes"},"schema":{"@context":"https:\/\/schema.org","@graph":[{"@type":"WebSite","@id":"https:\/\/relaxsrl.com\/#website","url":"https:\/\/relaxsrl.com\/","name":"Relax srl","description":"","potentialAction":[{"@type":"SearchAction","target":{"@type":"EntryPoint","urlTemplate":"https:\/\/relaxsrl.com\/?s={search_term_string}"},"query-input":"required name=search_term_string"}],"inLanguage":"fr-FR"},{"@type":"ImageObject","inLanguage":"fr-FR","@id":"https:\/\/relaxsrl.com\/fr\/aide-au-choix\/cabine-de-douche-en-niche\/#primaryimage","url":"https:\/\/relaxsrl.com\/website\/wp-content\/uploads\/2024\/11\/TIPO-BOX-DOCCIA_2-1.jpg","contentUrl":"https:\/\/relaxsrl.com\/website\/wp-content\/uploads\/2024\/11\/TIPO-BOX-DOCCIA_2-1.jpg","width":1920,"height":1080},{"@type":"WebPage","@id":"https:\/\/relaxsrl.com\/fr\/aide-au-choix\/cabine-de-douche-en-niche\/#webpage","url":"https:\/\/relaxsrl.com\/fr\/aide-au-choix\/cabine-de-douche-en-niche\/","name":"Cabine de douche en niche - Relax srl","isPartOf":{"@id":"https:\/\/relaxsrl.com\/#website"},"primaryImageOfPage":{"@id":"https:\/\/relaxsrl.com\/fr\/aide-au-choix\/cabine-de-douche-en-niche\/#primaryimage"},"datePublished":"2021-11-22T13:47:23+00:00","dateModified":"2026-02-25T14:22:09+00:00","description":"La cabine de douche en niche n'a qu'un seul c\u00f4t\u00e9 ouvert et est plac\u00e9e entre trois murs en ma\u00e7onnerie ou en plaques de pl\u00e2tre. D\u00e9couvrez-les.","breadcrumb":{"@id":"https:\/\/relaxsrl.com\/fr\/aide-au-choix\/cabine-de-douche-en-niche\/#breadcrumb"},"inLanguage":"fr-FR","potentialAction":[{"@type":"ReadAction","target":["https:\/\/relaxsrl.com\/fr\/aide-au-choix\/cabine-de-douche-en-niche\/"]}]},{"@type":"BreadcrumbList","@id":"https:\/\/relaxsrl.com\/fr\/aide-au-choix\/cabine-de-douche-en-niche\/#breadcrumb","itemListElement":[{"@type":"ListItem","position":1,"name":"Aide au choix","item":"https:\/\/relaxsrl.com\/fr\/aide-au-choix\/"},{"@type":"ListItem","position":2,"name":"Cabine de douche en niche"}]}]}},"_links":{"self":[{"href":"https:\/\/relaxsrl.com\/fr\/wp-json\/wp\/v2\/pages\/12307"}],"collection":[{"href":"https:\/\/relaxsrl.com\/fr\/wp-json\/wp\/v2\/pages"}],"about":[{"href":"https:\/\/relaxsrl.com\/fr\/wp-json\/wp\/v2\/types\/page"}],"author":[{"embeddable":true,"href":"https:\/\/relaxsrl.com\/fr\/wp-json\/wp\/v2\/users\/3"}],"replies":[{"embeddable":true,"href":"https:\/\/relaxsrl.com\/fr\/wp-json\/wp\/v2\/comments?post=12307"}],"version-history":[{"count":9,"href":"https:\/\/relaxsrl.com\/fr\/wp-json\/wp\/v2\/pages\/12307\/revisions"}],"predecessor-version":[{"id":32114,"href":"https:\/\/relaxsrl.com\/fr\/wp-json\/wp\/v2\/pages\/12307\/revisions\/32114"}],"up":[{"embeddable":true,"href":"https:\/\/relaxsrl.com\/fr\/wp-json\/wp\/v2\/pages\/11392"}],"wp:featuredmedia":[{"embeddable":true,"href":"https:\/\/relaxsrl.com\/fr\/wp-json\/wp\/v2\/media\/31255"}],"wp:attachment":[{"href":"https:\/\/relaxsrl.com\/fr\/wp-json\/wp\/v2\/media?parent=12307"}],"curies":[{"name":"wp","href":"https:\/\/api.w.org\/{rel}","templated":true}]}}