{"id":12311,"date":"2021-11-22T14:54:19","date_gmt":"2021-11-22T13:54:19","guid":{"rendered":"http:\/\/relaxsrl.com\/aide-au-choix\/cabine-de-douche-industrielle\/"},"modified":"2023-09-07T09:37:41","modified_gmt":"2023-09-07T07:37:41","slug":"cabine-de-douche-industrielle","status":"publish","type":"page","link":"https:\/\/relaxsrl.com\/fr\/aide-au-choix\/cabine-de-douche-industrielle\/","title":{"rendered":"Cabine de douche industrielle"},"content":{"rendered":"<p>[vc_row full_width=\u00a0\u00bbstretch_row\u00a0\u00bb content_placement=\u00a0\u00bbmiddle\u00a0\u00bb el_class=\u00a0\u00bbintro-row intro-row-grey\u00a0\u00bb][vc_column][vc_column_text]<\/p>\n<h1>Cabine de douche industrielle<\/h1>\n<p>[\/vc_column_text][\/vc_column][\/vc_row][vc_row el_class=\u00a0\u00bbrow-path\u00a0\u00bb][vc_column][vc_column_text][\/vc_column_text][\/vc_column][\/vc_row][vc_row][vc_column][vc_single_image image=\u00a0\u00bb2782&Prime; img_size=\u00a0\u00bbfull\u00a0\u00bb][\/vc_column][\/vc_row][vc_row][vc_column width=\u00a0\u00bb1\/6&Prime;][\/vc_column][vc_column width=\u00a0\u00bb2\/3&Prime;][vc_empty_space height=\u00a0\u00bb40px\u00a0\u00bb][vc_column_text el_class=\u00a0\u00bbtxt-blue abstract weight500&Prime;]La cabine de douche industrielle reprend certaines des caract\u00e9ristiques du style industriel. Le design industriel se compose d&rsquo;\u00e9quipements essentiels et fonctionnels, caract\u00e9ris\u00e9s par des bois simples, parfaits pour une cabine de douche aux profils noirs ou bronze, protagonistes incontest\u00e9s de la salle de bain.[\/vc_column_text][vc_empty_space height=\u00a0\u00bb35px\u00a0\u00bb][\/vc_column][\/vc_row][vc_row el_id=\u00a0\u00bbparagraphe-1&Prime;][vc_column width=\u00a0\u00bb1\/6&Prime;][\/vc_column][vc_column width=\u00a0\u00bb2\/3&Prime;][vc_column_text]<\/p>\n<h2>Qu&rsquo;est-ce que le style industriel\u00a0?<\/h2>\n<p>Le style industriel est un style au look qui fait r\u00e9f\u00e9rence \u00e0 l\u2019actualit\u00e9, \u00e0 travers la r\u00e9utilisation d\u2019objets et de finitions du pass\u00e9. Cela part du choix de l&rsquo;espace de vie, en privil\u00e9giant les espaces de grandes dimensions, \u00e9ventuellement de nature industrielle, dans lesquels il y a une absence totale de cloisons internes. Il se caract\u00e9rise par un <strong>design<\/strong> bas\u00e9 sur des lignes sobres, essentielles et bien marqu\u00e9es\u00a0: les meubles deviennent ainsi <strong>fonctionnels<\/strong> pour l&rsquo;espace dans lequel ils sont plac\u00e9s, beaux dans leur simplicit\u00e9 et fait de mat\u00e9riaux r\u00e9sistants. La cabine de douche industrielle se place donc dans un contexte de beaut\u00e9 mat\u00e9rielle et simple, \u00e0 l&rsquo;image de l&rsquo;environnement qui l&rsquo;entoure.[\/vc_column_text][vc_empty_space height=\u00a0\u00bb40px\u00a0\u00bb][\/vc_column][\/vc_row][vc_row][vc_column width=\u00a0\u00bb1\/6&Prime;][\/vc_column][vc_column width=\u00a0\u00bb2\/3&Prime;][vc_column_text]<\/p>\n<h2>Cabine de douche industrielle : caract\u00e9ristiques<\/h2>\n<p>Le design industriel avec son style d\u2019ameublement qui privil\u00e9gie les mat\u00e9riaux comme le bois et les m\u00e9taux apparents est \u00e9galement arriv\u00e9 dans la salle de bain. Il donne \u00e0 l\u2019environnement une <strong>note un peu vintage<\/strong> et n\u00e9cessite une cabine de douche industrielle \u00e0 son \u00e9gal. Si c\u2019est votre choix, la cabine de douche avec les profils noirs restera le protagoniste incontest\u00e9 de la pi\u00e8ce.<br \/>\nLe style industriel \u00e9volue dans le sillage de consid\u00e9rations esth\u00e9tiques li\u00e9es au concept de \u00ab\u00a0r\u00e9cup\u00e9ration et r\u00e9vision fonctionnelle\u00a0\u00bb, presque du contexte de l\u2019arch\u00e9ologie industrielle. Les <strong>profils en aluminium<\/strong> sont donc privil\u00e9gi\u00e9s, car ils sont un <strong>mat\u00e9riau \u00e9cologique et 100% recyclable pour les cabines de douche<\/strong> simples et de design. En outre, la couleur noire ou bronze sont obtenus par oxydation, un processus chimique qui permet d\u2019avoir une couleur opaque r\u00e9sistant \u00e0 la corrosion et aux rayures, inalt\u00e9rable dans le temps.[\/vc_column_text][vc_empty_space height=\u00a0\u00bb40px\u00a0\u00bb][\/vc_column][\/vc_row][vc_row][vc_column][vc_empty_space height=\u00a0\u00bb50px\u00a0\u00bb][vc_column_text]<\/p>\n<h3 style=\"text-align: center;\">Quelques exemples de cabine de douche industrielle Relax<\/h3>\n<p>[\/vc_column_text][vc_empty_space height=\u00a0\u00bb30px\u00a0\u00bb]<div class=\"woocommerce columns-4 \"><ul class=\"products columns-4\">\n<li class=\"product type-product post-5714 status-publish first instock product_cat-3-lati-fr product_cat-3-lati-de product_cat-3-lati-en product_cat-3- product_cat-angolare-en product_cat-angolare-de product_cat-angulaire product_cat-box-doccia-de product_cat-box-doccia-en product_cat-box-doccia-industriale product_cat-cabina-doccia-per-2 product_cat-cabine-de-douche product_cat-guide-de-selection-cabine-de-douche-pour-2 product_cat-guide-de-selection-cabines-de-douche-industrielles product_cat-collections-en product_cat-collections product_cat-guida-alla-scelta-de product_cat-selection-guide-en product_cat-guide-de-selection product_cat-selection-guide product_cat-collezioni-de product_cat-selection-guide-shower-enclosure-for-2 product_cat-tipologia-prodotto-en product_cat-tipologia-prodotto-de product_cat-type-de-produit product_cat-3-lati-walk-in-fr product_cat-walk-in-de-4 product_cat-walk-in-en-5 product_cat-walk-in-fr product_cat-guide-de-selection-walk-in product_cat-walk-in-en-3 product_cat-walk-in-en product_cat-walk-in-de-7 product_cat-walk-in-de product_cat-walk-in-de-5 product_cat-walk-in-en-2 product_cat-angulaire-walk-in product_cat-wall-fr product_cat-wall-en product_cat-wall-de product_cat-wall-ru product_cat-1618 product_cat------x-2 product_cat-1568 product_cat-1599 product_cat-3---- product_cat-1615 product_cat-1636 product_cat-1649 product_cat-1594 product_cat-1617 product_cat-1626 has-post-thumbnail shipping-taxable product-type-simple\">\n\t<div class=\"woocommerce-loop-product__short_description\" itemprop=\"description\"><a href=\"https:\/\/relaxsrl.com\/fr\/produit\/wall-a\/\" class=\"woocommerce-LoopProduct-link woocommerce-loop-product__link\"><p>Cabine de douche \u00e0 l&rsquo;italienne traditionnelle soutenue par une barre m\u00e9tallique.<\/p>\n<\/a><\/div><\/li>\n<li class=\"product type-product post-13910 status-publish instock product_cat-box-doccia-de product_cat-box-doccia-en product_cat-box-doccia-industriale product_cat-cabine-de-douche product_cat-guide-de-selection-cabines-de-douche-industrielles product_cat-collections-en product_cat-collections product_cat-guida-alla-scelta-de product_cat-selection-guide-en product_cat-guide-de-selection product_cat-selection-guide product_cat-nicchia-de product_cat-niche product_cat-niche-fr product_cat-collezioni-de product_cat-tipologia-prodotto-de product_cat-tipologia-prodotto-en product_cat-type-de-produit product_cat-niche-walk-in product_cat-walk-in-de-3 product_cat-walk-in-en-4 product_cat-walk-in-fr product_cat-walk-in-en product_cat-walk-in-de product_cat-wall-de product_cat-wall-en product_cat-wall-fr product_cat-wall-ru product_cat-1618 product_cat-1568 product_cat-1637 product_cat-1599 product_cat-1640 product_cat-1649 product_cat-1594 product_cat-1617 has-post-thumbnail shipping-taxable product-type-simple\">\n\t<div class=\"woocommerce-loop-product__short_description\" itemprop=\"description\"><a href=\"https:\/\/relaxsrl.com\/fr\/produit\/wall-c\/\" class=\"woocommerce-LoopProduct-link woocommerce-loop-product__link\"><p>Cabine de douche \u00e0 l&rsquo;italienne avec double entr\u00e9e.<\/p>\n<\/a><\/div><\/li>\n<li class=\"product type-product post-13888 status-publish instock product_cat-3-lati-fr product_cat-3-lati-de product_cat-3-lati-en product_cat-3- product_cat-angolare-de product_cat-angolare-en product_cat-angulaire product_cat-axia-fr product_cat-axia-en product_cat-axia-de product_cat-axia-ru product_cat-box-doccia-de product_cat-box-doccia-en product_cat-box-doccia-industriale product_cat-cabine-de-douche product_cat-guide-de-selection-cabines-de-douche-industrielles product_cat-collections product_cat-collections-en product_cat-angulaire-coulissante product_cat-guide-de-selection-coulissante product_cat-guida-alla-scelta-de product_cat-selection-guide-en product_cat-guide-de-selection product_cat-selection-guide product_cat-collezioni-de product_cat-scorrevole product_cat-scorrevole-de product_cat-scorrevole-de-2 product_cat-scorrevole-fr product_cat-scorrevole-de-6 product_cat-selection-guide-scorrevole product_cat-angular-sliding product_cat-tipologia-prodotto-de product_cat-tipologia-prodotto-en product_cat-type-de-produit product_cat-1618 product_cat-1568 product_cat-1599 product_cat-3--- product_cat-1610 product_cat-1632 product_cat-1594 product_cat-1617 product_cat-1626 has-post-thumbnail shipping-taxable product-type-simple\">\n\t<div class=\"woocommerce-loop-product__short_description\" itemprop=\"description\"><a href=\"https:\/\/relaxsrl.com\/fr\/produit\/axia-sf-axia-f\/\" class=\"woocommerce-LoopProduct-link woocommerce-loop-product__link\"><p>Cabine de douche d&rsquo;angle avec porte coulissante et avec le syst\u00e8me visible.<\/p>\n<\/a><\/div><\/li>\n<\/ul>\n<\/div>[\/vc_column][\/vc_row][vc_row full_width=\u00a0\u00bbstretch_row_content_no_spaces\u00a0\u00bb equal_height=\u00a0\u00bbyes\u00a0\u00bb content_placement=\u00a0\u00bbmiddle\u00a0\u00bb el_class=\u00a0\u00bbrow-over-footer row-cta-over-footer\u00a0\u00bb][vc_column width=\u00a0\u00bb1\/2&Prime;][vc_single_image image=\u00a0\u00bb2486&Prime; img_size=\u00a0\u00bbfull\u00a0\u00bb][\/vc_column][vc_column width=\u00a0\u00bb1\/2&Prime; css=\u00a0\u00bb.vc_custom_1632909535145{background-image: url(http:\/\/relaxsrl.com\/wp-content\/uploads\/2021\/09\/cta-industriali-opaco.jpg?id=2488) !important;background-position: center !important;background-repeat: no-repeat !important;background-size: cover !important;}\u00a0\u00bb el_class=\u00a0\u00bbrow-cta-over-footer-col-text\u00a0\u00bb][vc_row_inner][vc_column_inner width=\u00a0\u00bb1\/4&Prime;][\/vc_column_inner][vc_column_inner width=\u00a0\u00bb1\/2&Prime;][vc_column_text]<\/p>\n<h2 style=\"text-align: center;\">D\u00e9couvrez les produits Relax<\/h2>\n<p style=\"text-align: center;\">Utilisez notre configurateur pour trouver la proposition la mieux adapt\u00e9e \u00e0 vos besoins.<\/p>\n<p>[\/vc_column_text][vc_btn title=\u00a0\u00bbT\u00c9L\u00c9CHARGER LE CATALOGUE\u00a0\u00bb style=\u00a0\u00bbclassic\u00a0\u00bb shape=\u00a0\u00bbsquare\u00a0\u00bb color=\u00a0\u00bbwhite\u00a0\u00bb align=\u00a0\u00bbcenter\u00a0\u00bb el_class=\u00a0\u00bbbtn-default-white\u00a0\u00bb link=\u00a0\u00bburl:http%3A%2F%2Frelaxsrl.com%2Fdocs%2Fcataloghi%2Fcatalogo_relax.pdf|target:_blank|\u00a0\u00bb][\/vc_column_inner][vc_column_inner width=\u00a0\u00bb1\/4&Prime;][\/vc_column_inner][\/vc_row_inner][\/vc_column][\/vc_row]<\/p>\n","protected":false},"excerpt":{"rendered":"<p>[vc_row full_width=\u00a0\u00bbstretch_row\u00a0\u00bb content_placement=\u00a0\u00bbmiddle\u00a0\u00bb el_class=\u00a0\u00bbintro-row intro-row-grey\u00a0\u00bb][vc_column][vc_column_text] Cabine de douche industrielle [\/vc_column_text][\/vc_column][\/vc_row][vc_row el_class=\u00a0\u00bbrow-path\u00a0\u00bb][vc_column][vc_column_text][\/vc_column_text][\/vc_column][\/vc_row][vc_row][vc_column][vc_single_image image=\u00a0\u00bb2782&Prime; img_size=\u00a0\u00bbfull\u00a0\u00bb][\/vc_column][\/vc_row][vc_row][vc_column width=\u00a0\u00bb1\/6&Prime;][\/vc_column][vc_column width=\u00a0\u00bb2\/3&Prime;][vc_empty_space height=\u00a0\u00bb40px\u00a0\u00bb][vc_column_text el_class=\u00a0\u00bbtxt-blue abstract weight500&Prime;]La cabine de douche industrielle reprend certaines des caract\u00e9ristiques du style industriel. Le design industriel se compose d&rsquo;\u00e9quipements essentiels et fonctionnels, caract\u00e9ris\u00e9s par des bois simples, parfaits pour une cabine de douche aux profils noirs ou bronze, [&hellip;]<\/p>\n","protected":false},"author":3,"featured_media":2782,"parent":11392,"menu_order":0,"comment_status":"closed","ping_status":"closed","template":"","meta":[],"acf":[],"yoast_head":"<!-- This site is optimized with the Yoast SEO Premium plugin v18.4 (Yoast SEO v18.8) - https:\/\/yoast.com\/wordpress\/plugins\/seo\/ -->\n<title>Cabine de douche industrielle - Relax srl<\/title>\n<meta name=\"description\" content=\"La cabine de douche industrielle est compos\u00e9e de lignes simples et pratiques. Il devient la star incontest\u00e9e de la salle de bain.\" \/>\n<meta name=\"robots\" content=\"index, follow, max-snippet:-1, max-image-preview:large, max-video-preview:-1\" \/>\n<link rel=\"canonical\" href=\"https:\/\/relaxsrl.com\/fr\/aide-au-choix\/cabine-de-douche-industrielle\/\" \/>\n<meta property=\"og:locale\" content=\"fr_FR\" \/>\n<meta property=\"og:type\" content=\"article\" \/>\n<meta property=\"og:title\" content=\"Cabine de douche industrielle - Relax srl\" \/>\n<meta property=\"og:description\" content=\"La cabine de douche industrielle est compos\u00e9e de lignes simples et pratiques. Il devient la star incontest\u00e9e de la salle de bain.\" \/>\n<meta property=\"og:url\" content=\"https:\/\/relaxsrl.com\/fr\/aide-au-choix\/cabine-de-douche-industrielle\/\" \/>\n<meta property=\"og:site_name\" content=\"Relax srl\" \/>\n<meta property=\"article:modified_time\" content=\"2023-09-07T07:37:41+00:00\" \/>\n<meta property=\"og:image\" content=\"https:\/\/relaxsrl.com\/website\/wp-content\/uploads\/2021\/09\/AXIA_SC1_1.jpg\" \/>\n\t<meta property=\"og:image:width\" content=\"1920\" \/>\n\t<meta property=\"og:image:height\" content=\"1281\" \/>\n\t<meta property=\"og:image:type\" content=\"image\/jpeg\" \/>\n<meta name=\"twitter:card\" content=\"summary_large_image\" \/>\n<meta name=\"twitter:label1\" content=\"Dur\u00e9e de lecture estim\u00e9e\" \/>\n\t<meta name=\"twitter:data1\" content=\"3 minutes\" \/>\n<script type=\"application\/ld+json\" class=\"yoast-schema-graph\">{\"@context\":\"https:\/\/schema.org\",\"@graph\":[{\"@type\":\"WebSite\",\"@id\":\"https:\/\/relaxsrl.com\/#website\",\"url\":\"https:\/\/relaxsrl.com\/\",\"name\":\"Relax srl\",\"description\":\"\",\"potentialAction\":[{\"@type\":\"SearchAction\",\"target\":{\"@type\":\"EntryPoint\",\"urlTemplate\":\"https:\/\/relaxsrl.com\/?s={search_term_string}\"},\"query-input\":\"required name=search_term_string\"}],\"inLanguage\":\"fr-FR\"},{\"@type\":\"ImageObject\",\"inLanguage\":\"fr-FR\",\"@id\":\"https:\/\/relaxsrl.com\/fr\/aide-au-choix\/cabine-de-douche-industrielle\/#primaryimage\",\"url\":\"https:\/\/relaxsrl.com\/website\/wp-content\/uploads\/2021\/09\/AXIA_SC1_1.jpg\",\"contentUrl\":\"https:\/\/relaxsrl.com\/website\/wp-content\/uploads\/2021\/09\/AXIA_SC1_1.jpg\",\"width\":1920,\"height\":1281,\"caption\":\"Box doccia con stile industriale in nicchia, con vetro trasparente e profilo di scorrimento a vista nero. All'interno della camera da letto\"},{\"@type\":\"WebPage\",\"@id\":\"https:\/\/relaxsrl.com\/fr\/aide-au-choix\/cabine-de-douche-industrielle\/#webpage\",\"url\":\"https:\/\/relaxsrl.com\/fr\/aide-au-choix\/cabine-de-douche-industrielle\/\",\"name\":\"Cabine de douche industrielle - Relax srl\",\"isPartOf\":{\"@id\":\"https:\/\/relaxsrl.com\/#website\"},\"primaryImageOfPage\":{\"@id\":\"https:\/\/relaxsrl.com\/fr\/aide-au-choix\/cabine-de-douche-industrielle\/#primaryimage\"},\"datePublished\":\"2021-11-22T13:54:19+00:00\",\"dateModified\":\"2023-09-07T07:37:41+00:00\",\"description\":\"La cabine de douche industrielle est compos\u00e9e de lignes simples et pratiques. Il devient la star incontest\u00e9e de la salle de bain.\",\"breadcrumb\":{\"@id\":\"https:\/\/relaxsrl.com\/fr\/aide-au-choix\/cabine-de-douche-industrielle\/#breadcrumb\"},\"inLanguage\":\"fr-FR\",\"potentialAction\":[{\"@type\":\"ReadAction\",\"target\":[\"https:\/\/relaxsrl.com\/fr\/aide-au-choix\/cabine-de-douche-industrielle\/\"]}]},{\"@type\":\"BreadcrumbList\",\"@id\":\"https:\/\/relaxsrl.com\/fr\/aide-au-choix\/cabine-de-douche-industrielle\/#breadcrumb\",\"itemListElement\":[{\"@type\":\"ListItem\",\"position\":1,\"name\":\"Aide au choix\",\"item\":\"https:\/\/relaxsrl.com\/fr\/aide-au-choix\/\"},{\"@type\":\"ListItem\",\"position\":2,\"name\":\"Cabine de douche industrielle\"}]}]}<\/script>\n<!-- \/ Yoast SEO Premium plugin. -->","yoast_head_json":{"title":"Cabine de douche industrielle - Relax srl","description":"La cabine de douche industrielle est compos\u00e9e de lignes simples et pratiques. Il devient la star incontest\u00e9e de la salle de bain.","robots":{"index":"index","follow":"follow","max-snippet":"max-snippet:-1","max-image-preview":"max-image-preview:large","max-video-preview":"max-video-preview:-1"},"canonical":"https:\/\/relaxsrl.com\/fr\/aide-au-choix\/cabine-de-douche-industrielle\/","og_locale":"fr_FR","og_type":"article","og_title":"Cabine de douche industrielle - Relax srl","og_description":"La cabine de douche industrielle est compos\u00e9e de lignes simples et pratiques. Il devient la star incontest\u00e9e de la salle de bain.","og_url":"https:\/\/relaxsrl.com\/fr\/aide-au-choix\/cabine-de-douche-industrielle\/","og_site_name":"Relax srl","article_modified_time":"2023-09-07T07:37:41+00:00","og_image":[{"width":1920,"height":1281,"url":"https:\/\/relaxsrl.com\/website\/wp-content\/uploads\/2021\/09\/AXIA_SC1_1.jpg","type":"image\/jpeg"}],"twitter_card":"summary_large_image","twitter_misc":{"Dur\u00e9e de lecture estim\u00e9e":"3 minutes"},"schema":{"@context":"https:\/\/schema.org","@graph":[{"@type":"WebSite","@id":"https:\/\/relaxsrl.com\/#website","url":"https:\/\/relaxsrl.com\/","name":"Relax srl","description":"","potentialAction":[{"@type":"SearchAction","target":{"@type":"EntryPoint","urlTemplate":"https:\/\/relaxsrl.com\/?s={search_term_string}"},"query-input":"required name=search_term_string"}],"inLanguage":"fr-FR"},{"@type":"ImageObject","inLanguage":"fr-FR","@id":"https:\/\/relaxsrl.com\/fr\/aide-au-choix\/cabine-de-douche-industrielle\/#primaryimage","url":"https:\/\/relaxsrl.com\/website\/wp-content\/uploads\/2021\/09\/AXIA_SC1_1.jpg","contentUrl":"https:\/\/relaxsrl.com\/website\/wp-content\/uploads\/2021\/09\/AXIA_SC1_1.jpg","width":1920,"height":1281,"caption":"Box doccia con stile industriale in nicchia, con vetro trasparente e profilo di scorrimento a vista nero. All'interno della camera da letto"},{"@type":"WebPage","@id":"https:\/\/relaxsrl.com\/fr\/aide-au-choix\/cabine-de-douche-industrielle\/#webpage","url":"https:\/\/relaxsrl.com\/fr\/aide-au-choix\/cabine-de-douche-industrielle\/","name":"Cabine de douche industrielle - Relax srl","isPartOf":{"@id":"https:\/\/relaxsrl.com\/#website"},"primaryImageOfPage":{"@id":"https:\/\/relaxsrl.com\/fr\/aide-au-choix\/cabine-de-douche-industrielle\/#primaryimage"},"datePublished":"2021-11-22T13:54:19+00:00","dateModified":"2023-09-07T07:37:41+00:00","description":"La cabine de douche industrielle est compos\u00e9e de lignes simples et pratiques. Il devient la star incontest\u00e9e de la salle de bain.","breadcrumb":{"@id":"https:\/\/relaxsrl.com\/fr\/aide-au-choix\/cabine-de-douche-industrielle\/#breadcrumb"},"inLanguage":"fr-FR","potentialAction":[{"@type":"ReadAction","target":["https:\/\/relaxsrl.com\/fr\/aide-au-choix\/cabine-de-douche-industrielle\/"]}]},{"@type":"BreadcrumbList","@id":"https:\/\/relaxsrl.com\/fr\/aide-au-choix\/cabine-de-douche-industrielle\/#breadcrumb","itemListElement":[{"@type":"ListItem","position":1,"name":"Aide au choix","item":"https:\/\/relaxsrl.com\/fr\/aide-au-choix\/"},{"@type":"ListItem","position":2,"name":"Cabine de douche industrielle"}]}]}},"_links":{"self":[{"href":"https:\/\/relaxsrl.com\/fr\/wp-json\/wp\/v2\/pages\/12311"}],"collection":[{"href":"https:\/\/relaxsrl.com\/fr\/wp-json\/wp\/v2\/pages"}],"about":[{"href":"https:\/\/relaxsrl.com\/fr\/wp-json\/wp\/v2\/types\/page"}],"author":[{"embeddable":true,"href":"https:\/\/relaxsrl.com\/fr\/wp-json\/wp\/v2\/users\/3"}],"replies":[{"embeddable":true,"href":"https:\/\/relaxsrl.com\/fr\/wp-json\/wp\/v2\/comments?post=12311"}],"version-history":[{"count":6,"href":"https:\/\/relaxsrl.com\/fr\/wp-json\/wp\/v2\/pages\/12311\/revisions"}],"predecessor-version":[{"id":29092,"href":"https:\/\/relaxsrl.com\/fr\/wp-json\/wp\/v2\/pages\/12311\/revisions\/29092"}],"up":[{"embeddable":true,"href":"https:\/\/relaxsrl.com\/fr\/wp-json\/wp\/v2\/pages\/11392"}],"wp:featuredmedia":[{"embeddable":true,"href":"https:\/\/relaxsrl.com\/fr\/wp-json\/wp\/v2\/media\/2782"}],"wp:attachment":[{"href":"https:\/\/relaxsrl.com\/fr\/wp-json\/wp\/v2\/media?parent=12311"}],"curies":[{"name":"wp","href":"https:\/\/api.w.org\/{rel}","templated":true}]}}