{"id":12320,"date":"2021-11-22T15:49:20","date_gmt":"2021-11-22T14:49:20","guid":{"rendered":"http:\/\/relaxsrl.com\/aide-au-choix\/cabine-de-douche-lineaire\/"},"modified":"2024-11-18T11:12:38","modified_gmt":"2024-11-18T10:12:38","slug":"cabine-de-douche-lineaire","status":"publish","type":"page","link":"https:\/\/relaxsrl.com\/fr\/aide-au-choix\/cabine-de-douche-lineaire\/","title":{"rendered":"Cabine de douche lin\u00e9aire"},"content":{"rendered":"<p>[vc_row full_width=\u00a0\u00bbstretch_row\u00a0\u00bb content_placement=\u00a0\u00bbmiddle\u00a0\u00bb el_class=\u00a0\u00bbintro-row intro-row-grey\u00a0\u00bb][vc_column][vc_column_text]<\/p>\n<h1>Cabine de douche lin\u00e9aire<\/h1>\n<p>[\/vc_column_text][\/vc_column][\/vc_row][vc_row el_class=\u00a0\u00bbrow-path\u00a0\u00bb][vc_column][vc_column_text][\/vc_column_text][\/vc_column][\/vc_row][vc_row][vc_column][vc_single_image image=\u00a0\u00bb31306&Prime; img_size=\u00a0\u00bbfull\u00a0\u00bb][\/vc_column][\/vc_row][vc_row][vc_column width=\u00a0\u00bb1\/6&Prime;][\/vc_column][vc_column width=\u00a0\u00bb2\/3&Prime;][vc_empty_space height=\u00a0\u00bb40px\u00a0\u00bb][vc_column_text el_class=\u00a0\u00bbtxt-blue abstract weight500&Prime;]La cabine de douche lin\u00e9aire s\u2019int\u00e8gre parfaitement dans le style minimaliste, raffin\u00e9 et toujours \u00e0 la mode. Elle est caract\u00e9ris\u00e9e par des \u00e9l\u00e9ments simples pour un r\u00e9sultat qui vise l\u2019essentialit\u00e9.[\/vc_column_text][vc_empty_space height=\u00a0\u00bb35px\u00a0\u00bb][\/vc_column][\/vc_row][vc_row][vc_column width=\u00a0\u00bb1\/6&Prime;][\/vc_column][vc_column width=\u00a0\u00bb2\/3&Prime;][vc_column_text]<\/p>\n<ul>\n<li><a class=\"link-interno link-interno-paragrafo-1\" href=\"#\">Caract\u00e9ristiques de la cabine de douche lin\u00e9aire<\/a><\/li>\n<li>Cabine de douche lin\u00e9aire : accessoires structurels\n<ul>\n<li><a class=\"link-interno link-interno-paragrafo-2\" href=\"#\">Bras de support int\u00e9gr\u00e9 <\/a><\/li>\n<li><a class=\"link-interno link-interno-paragrafo-3\" href=\"#\">Charni\u00e8res \u00e0 pivot<\/a><\/li>\n<li><a class=\"link-interno link-interno-paragrafo-4\" href=\"#\">Charni\u00e8res murales<\/a><\/li>\n<\/ul>\n<\/li>\n<\/ul>\n<p>[\/vc_column_text][vc_empty_space height=\u00a0\u00bb40px\u00a0\u00bb][\/vc_column][\/vc_row][vc_row el_id=\u00a0\u00bbparagrafo-1&Prime;][vc_column width=\u00a0\u00bb1\/6&Prime;][\/vc_column][vc_column width=\u00a0\u00bb2\/3&Prime;][vc_column_text]<\/p>\n<h2>Caract\u00e9ristiques de la cabine de douche lin\u00e9aire<\/h2>\n<p>La cabine de douche s\u2019inscrit dans un style minimal, tendance bien \u00e9tablie qui met au centre des choix d\u2019ameublement la <strong>valorisation de la simplicit\u00e9 des \u00e9l\u00e9ments<\/strong>, avec l\u2019objectif de mettre en \u00e9vidence les meubles ins\u00e9r\u00e9s dans l\u2019espace de la maison. Le go\u00fbt minimal privil\u00e9gie la <strong>praticit\u00e9<\/strong> par rapport \u00e0 la forme excessive et \u00e9limine ainsi les \u00e9l\u00e9ments inutiles et r\u00e9p\u00e9titifs et vise \u00e0 r\u00e9aliser un objet <strong>simple et \u00e9quilibr\u00e9<\/strong>.<br \/>\nL\u2019\u00e9l\u00e9gance des <strong>\u00e9l\u00e9ments en aluminium<\/strong> s\u2019ins\u00e8re naturellement dans les choix du design minimaliste. Le cadre est principalement mince ou les cristaux sont m\u00eame mont\u00e9s au mur avec des charni\u00e8res sp\u00e9ciales pour obtenir le grand impact sc\u00e9nique d\u2019une cabine de douche en verre.[\/vc_column_text][vc_empty_space height=\u00a0\u00bb40px\u00a0\u00bb][\/vc_column][\/vc_row][vc_row][vc_column width=\u00a0\u00bb1\/6&Prime;][\/vc_column][vc_column width=\u00a0\u00bb2\/3&Prime;][vc_column_text]<\/p>\n<h2>Cabine de douche lin\u00e9aire: accessoires structurels<\/h2>\n<p>[\/vc_column_text][vc_empty_space height=\u00a0\u00bb20px\u00a0\u00bb][\/vc_column][\/vc_row][vc_row el_id=\u00a0\u00bbparagrafo-2&Prime;][vc_column width=\u00a0\u00bb1\/6&Prime;][\/vc_column][vc_column width=\u00a0\u00bb2\/3&Prime;][vc_column_text]<\/p>\n<h3>Bras de soutien int\u00e9gr\u00e9<\/h3>\n<p>Avec le bras de support directement int\u00e9gr\u00e9 dans la cabine de douche, les barres externes lourdes \u00e0 la vue sont \u00e9limin\u00e9es et la stabilit\u00e9 et l\u2019esth\u00e9tique sont assur\u00e9es \u00e0 la fois minimale.[\/vc_column_text][vc_empty_space height=\u00a0\u00bb20px\u00a0\u00bb][\/vc_column][\/vc_row][vc_row el_id=\u00a0\u00bbparagrafo-3&Prime;][vc_column width=\u00a0\u00bb1\/6&Prime;][\/vc_column][vc_column width=\u00a0\u00bb2\/3&Prime;][vc_column_text]<\/p>\n<h3>Charni\u00e8res \u00e0 pivot<\/h3>\n<p>L\u2019utilisation de charni\u00e8res \u00e0 bascule pour les portes battantes permet de les positionner \u00e0 une distance telle du mur qu\u2019il ouvre la porte horizontalement au mur. De cette fa\u00e7on, il est possible d\u2019ins\u00e9rer le porte-serviettes ou un radiateur sans qu\u2019ils soient heurt\u00e9s lors de l\u2019ouverture et donc sans risque de rupture du verre. [\/vc_column_text][vc_empty_space height=\u00a0\u00bb20px\u00a0\u00bb][\/vc_column][\/vc_row][vc_row el_id=\u00a0\u00bbparagrafo-4&Prime;][vc_column width=\u00a0\u00bb1\/6&Prime;][\/vc_column][vc_column width=\u00a0\u00bb2\/3&Prime;][vc_column_text]<\/p>\n<h3>Charni\u00e8res murales<\/h3>\n<p>Pour une cabine de douche minimale sans cadre, il y a des charni\u00e8res murales pour fixer les parois et les portes au fil de verre avec des r\u00e9sultats esth\u00e9tiques d\u2019une grande \u00e9l\u00e9gance. Elles peuvent \u00eatre personnalis\u00e9es en couleur et \u00e9quip\u00e9es d\u2019un syst\u00e8me d\u2019\u00e9l\u00e9vation de la porte afin d\u2019\u00e9viter que le joint d&rsquo;\u00e9tanch\u00e9it\u00e9 inf\u00e9rieur soit endommag\u00e9, en rampant sur le sol ou sur le receveur de douche.[\/vc_column_text][vc_empty_space height=\u00a0\u00bb40px\u00a0\u00bb][\/vc_column][\/vc_row][vc_row][vc_column][vc_empty_space height=\u00a0\u00bb50px\u00a0\u00bb][vc_column_text]<\/p>\n<h3 style=\"text-align: center;\">Quelques exemples de cabine de douche lin\u00e9aire de Relax<\/h3>\n<p>[\/vc_column_text][vc_empty_space height=\u00a0\u00bb30px\u00a0\u00bb]<div class=\"woocommerce columns-4 \"><ul class=\"products columns-4\">\n<li class=\"product type-product post-13905 status-publish first instock product_cat-angolare-de-2 product_cat-angolare-en product_cat-angolare-de product_cat-angulaire product_cat-guide-de-selection-angulaire product_cat-selection-guide-angular product_cat-box-doccia-de product_cat-box-doccia-en product_cat-box-doccia-lineare product_cat-cabine-de-douche product_cat-guide-de-selection-cabine-de-douche-lineaire product_cat-collections-en product_cat-collections product_cat-guida-alla-scelta-de product_cat-selection-guide-en product_cat-guide-de-selection product_cat-kubik-de product_cat-kubik-ru product_cat-kubik-en product_cat-kubik-fr product_cat-selection-guide-linear-shower-enclosures product_cat-angular-pivot product_cat-pivot-de product_cat-angulaire-pivot product_cat-guide-de-selection-pivot product_cat-pivot-de-4 product_cat-selection-guide-pivot product_cat-collezioni-de product_cat-tipologia-prodotto-de product_cat-tipologia-prodotto-en product_cat-type-de-produit product_cat-1618 product_cat-1568 product_cat-1601 product_cat-1628 product_cat-1609 product_cat-1594 product_cat-1617 product_cat-1596 product_cat-1626 has-post-thumbnail shipping-taxable product-type-simple\">\n\t<div class=\"woocommerce-loop-product__short_description\" itemprop=\"description\"><a href=\"https:\/\/relaxsrl.com\/fr\/produit\/kubik-ab-kubik-f\/\" class=\"woocommerce-LoopProduct-link woocommerce-loop-product__link\"><p>Cabine de douche avec porte battante caract\u00e9ris\u00e9e par une ouverture interne et externe et une ouverture pivotante.<\/p>\n<\/a><\/div><\/li>\n<li class=\"product type-product post-13891 status-publish instock product_cat-angolare-en product_cat-angolare-de product_cat-angulaire product_cat-angulaire-battante product_cat-battente-de-2 product_cat-box-doccia-de product_cat-box-doccia-en product_cat-box-doccia-lineare product_cat-cabine-de-douche product_cat-guide-de-selection-cabine-de-douche-lineaire product_cat-cardine-en product_cat-cardine-fr product_cat-cardine-de product_cat-cardine-ru product_cat-collections product_cat-collections-en product_cat-selection-guide-en product_cat-guida-alla-scelta-de product_cat-guide-de-selection product_cat-hinged product_cat-selection-guide-linear-shower-enclosures product_cat-collezioni-de product_cat-tipologia-prodotto-en product_cat-tipologia-prodotto-de product_cat-type-de-produit product_cat-1618 product_cat-1568 product_cat-1601 product_cat-1627 product_cat-1594 product_cat-1617 product_cat-1626 has-post-thumbnail shipping-taxable product-type-simple\">\n\t<div class=\"woocommerce-loop-product__short_description\" itemprop=\"description\"><a href=\"https:\/\/relaxsrl.com\/fr\/produit\/cardine-mab-mab\/\" class=\"woocommerce-LoopProduct-link woocommerce-loop-product__link\"><p>Cabine de douche avec double porte battante. Charni\u00e8res personnalisables.<\/p>\n<\/a><\/div><\/li>\n<li class=\"product type-product post-26778 status-publish instock product_cat-angolare-en product_cat-angolare-de product_cat-angulaire product_cat-box-doccia-de product_cat-box-doccia-en product_cat-box-doccia-lineare product_cat-cabine-de-douche product_cat-guide-de-selection-cabine-de-douche-lineaire product_cat-calamo-en product_cat-calamo-fr product_cat-calamo-de product_cat-calamo-ru product_cat-angulaire-coulissante product_cat-selection-guide-linear-shower-enclosures product_cat-nicchia-de-2 product_cat-selection-guide-niche product_cat-guide-de-selection-niche product_cat-non-classe product_cat-scorrevole-de product_cat-senza-categoria-de product_cat-angular-sliding product_cat-tipologia-prodotto-de product_cat-tipologia-prodotto-en product_cat-type-de-produit product_cat-without-category product_cat-1616 product_cat-1618 product_cat-1601 product_cat-1607 product_cat-1632 product_cat-1617 product_cat-1626 has-post-thumbnail shipping-taxable product-type-simple\">\n\t<div class=\"woocommerce-loop-product__short_description\" itemprop=\"description\"><a href=\"https:\/\/relaxsrl.com\/fr\/produit\/calamo-a-a\/\" class=\"woocommerce-LoopProduct-link woocommerce-loop-product__link\"><p>Cabine de douche avec porte coulissante \u00e0 double angle.<\/p>\n<\/a><\/div><\/li>\n<li class=\"product type-product post-26779 status-publish last instock product_cat-box-doccia-de product_cat-box-doccia-en product_cat-box-doccia-lineare product_cat-cabine-de-douche product_cat-guide-de-selection-cabine-de-douche-lineaire product_cat-calamo-en product_cat-calamo-fr product_cat-calamo-de product_cat-calamo-ru product_cat-niche-coulissante product_cat-selection-guide-linear-shower-enclosures product_cat-nicchia-de product_cat-nicchia-de-2 product_cat-selection-guide-niche product_cat-guide-de-selection-niche product_cat-niche product_cat-niche-fr product_cat-non-classe product_cat-scorrevole-de-5 product_cat-senza-categoria-de product_cat-niche-sliding product_cat-tipologia-prodotto-de product_cat-tipologia-prodotto-en product_cat-type-de-produit product_cat-without-category product_cat-1616 product_cat-1618 product_cat-1601 product_cat-1637 product_cat-1607 product_cat-1639 product_cat-1617 has-post-thumbnail shipping-taxable product-type-simple\">\n\t<div class=\"woocommerce-loop-product__short_description\" itemprop=\"description\"><a href=\"https:\/\/relaxsrl.com\/fr\/produit\/calamo-sc1\/\" class=\"woocommerce-LoopProduct-link woocommerce-loop-product__link\"><p>Cabine de douche \u00e0 porte coulissante en niche.<\/p>\n<\/a><\/div><\/li>\n<\/ul>\n<\/div>[\/vc_column][\/vc_row][vc_row full_width=\u00a0\u00bbstretch_row_content_no_spaces\u00a0\u00bb equal_height=\u00a0\u00bbyes\u00a0\u00bb content_placement=\u00a0\u00bbmiddle\u00a0\u00bb el_class=\u00a0\u00bbrow-over-footer row-cta-over-footer\u00a0\u00bb][vc_column width=\u00a0\u00bb1\/2&Prime;][vc_single_image image=\u00a0\u00bb2472&Prime; img_size=\u00a0\u00bbfull\u00a0\u00bb][\/vc_column][vc_column width=\u00a0\u00bb1\/2&Prime; css=\u00a0\u00bb.vc_custom_1632909397961{background-image: url(http:\/\/relaxsrl.com\/wp-content\/uploads\/2021\/09\/cta-lineare-vetro-opaco.jpg?id=2474) !important;background-position: center !important;background-repeat: no-repeat !important;background-size: cover !important;}\u00a0\u00bb el_class=\u00a0\u00bbrow-cta-over-footer-col-text\u00a0\u00bb][vc_row_inner][vc_column_inner width=\u00a0\u00bb1\/4&Prime;][\/vc_column_inner][vc_column_inner width=\u00a0\u00bb1\/2&Prime;][vc_column_text]<\/p>\n<h2 style=\"text-align: center;\">D\u00e9couvrez les produits Relax<\/h2>\n<p style=\"text-align: center;\">Utilisez notre configurateur pour trouver la proposition la mieux adapt\u00e9e \u00e0 vos besoins.<\/p>\n<p>[\/vc_column_text][vc_btn title=\u00a0\u00bbT\u00c9L\u00c9CHARGER LE CATALOGUE\u00a0\u00bb style=\u00a0\u00bbclassic\u00a0\u00bb shape=\u00a0\u00bbsquare\u00a0\u00bb color=\u00a0\u00bbwhite\u00a0\u00bb align=\u00a0\u00bbcenter\u00a0\u00bb el_class=\u00a0\u00bbbtn-default-white\u00a0\u00bb link=\u00a0\u00bburl:http%3A%2F%2Frelaxsrl.com%2Fdocs%2Fcataloghi%2Fcatalogo_relax.pdf|target:_blank|\u00a0\u00bb][\/vc_column_inner][vc_column_inner width=\u00a0\u00bb1\/4&Prime;][\/vc_column_inner][\/vc_row_inner][\/vc_column][\/vc_row]<\/p>\n","protected":false},"excerpt":{"rendered":"<p>[vc_row full_width=\u00a0\u00bbstretch_row\u00a0\u00bb content_placement=\u00a0\u00bbmiddle\u00a0\u00bb el_class=\u00a0\u00bbintro-row intro-row-grey\u00a0\u00bb][vc_column][vc_column_text] Cabine de douche lin\u00e9aire [\/vc_column_text][\/vc_column][\/vc_row][vc_row el_class=\u00a0\u00bbrow-path\u00a0\u00bb][vc_column][vc_column_text][\/vc_column_text][\/vc_column][\/vc_row][vc_row][vc_column][vc_single_image image=\u00a0\u00bb31306&Prime; img_size=\u00a0\u00bbfull\u00a0\u00bb][\/vc_column][\/vc_row][vc_row][vc_column width=\u00a0\u00bb1\/6&Prime;][\/vc_column][vc_column width=\u00a0\u00bb2\/3&Prime;][vc_empty_space height=\u00a0\u00bb40px\u00a0\u00bb][vc_column_text el_class=\u00a0\u00bbtxt-blue abstract weight500&Prime;]La cabine de douche lin\u00e9aire s\u2019int\u00e8gre parfaitement dans le style minimaliste, raffin\u00e9 et toujours \u00e0 la mode. Elle est caract\u00e9ris\u00e9e par des \u00e9l\u00e9ments simples pour un r\u00e9sultat qui vise l\u2019essentialit\u00e9.[\/vc_column_text][vc_empty_space height=\u00a0\u00bb35px\u00a0\u00bb][\/vc_column][\/vc_row][vc_row][vc_column width=\u00a0\u00bb1\/6&Prime;][\/vc_column][vc_column width=\u00a0\u00bb2\/3&Prime;][vc_column_text] Caract\u00e9ristiques de la cabine [&hellip;]<\/p>\n","protected":false},"author":3,"featured_media":31306,"parent":11392,"menu_order":0,"comment_status":"closed","ping_status":"closed","template":"","meta":[],"acf":[],"yoast_head":"<!-- This site is optimized with the Yoast SEO Premium plugin v18.4 (Yoast SEO v18.8) - https:\/\/yoast.com\/wordpress\/plugins\/seo\/ -->\n<title>Cabine de douche lin\u00e9aire - Relax srl<\/title>\n<meta name=\"description\" content=\"La cabine de douche lin\u00e9aire se caract\u00e9rise par des \u00e9l\u00e9ments simples et minimaux pour un r\u00e9sultat qui vise l&#039;essentialit\u00e9.\" \/>\n<meta name=\"robots\" content=\"index, follow, max-snippet:-1, max-image-preview:large, max-video-preview:-1\" \/>\n<link rel=\"canonical\" href=\"https:\/\/relaxsrl.com\/fr\/aide-au-choix\/cabine-de-douche-lineaire\/\" \/>\n<meta property=\"og:locale\" content=\"fr_FR\" \/>\n<meta property=\"og:type\" content=\"article\" \/>\n<meta property=\"og:title\" content=\"Cabine de douche lin\u00e9aire - Relax srl\" \/>\n<meta property=\"og:description\" content=\"La cabine de douche lin\u00e9aire se caract\u00e9rise par des \u00e9l\u00e9ments simples et minimaux pour un r\u00e9sultat qui vise l&#039;essentialit\u00e9.\" \/>\n<meta property=\"og:url\" content=\"https:\/\/relaxsrl.com\/fr\/aide-au-choix\/cabine-de-douche-lineaire\/\" \/>\n<meta property=\"og:site_name\" content=\"Relax srl\" \/>\n<meta property=\"article:modified_time\" content=\"2024-11-18T10:12:38+00:00\" \/>\n<meta property=\"og:image\" content=\"https:\/\/relaxsrl.com\/website\/wp-content\/uploads\/2024\/11\/STILE-BOX-DOCCIA_12.jpg\" \/>\n\t<meta property=\"og:image:width\" content=\"1920\" \/>\n\t<meta property=\"og:image:height\" content=\"1080\" \/>\n\t<meta property=\"og:image:type\" content=\"image\/jpeg\" \/>\n<meta name=\"twitter:card\" content=\"summary_large_image\" \/>\n<meta name=\"twitter:label1\" content=\"Dur\u00e9e de lecture estim\u00e9e\" \/>\n\t<meta name=\"twitter:data1\" content=\"3 minutes\" \/>\n<script type=\"application\/ld+json\" class=\"yoast-schema-graph\">{\"@context\":\"https:\/\/schema.org\",\"@graph\":[{\"@type\":\"WebSite\",\"@id\":\"https:\/\/relaxsrl.com\/#website\",\"url\":\"https:\/\/relaxsrl.com\/\",\"name\":\"Relax srl\",\"description\":\"\",\"potentialAction\":[{\"@type\":\"SearchAction\",\"target\":{\"@type\":\"EntryPoint\",\"urlTemplate\":\"https:\/\/relaxsrl.com\/?s={search_term_string}\"},\"query-input\":\"required name=search_term_string\"}],\"inLanguage\":\"fr-FR\"},{\"@type\":\"ImageObject\",\"inLanguage\":\"fr-FR\",\"@id\":\"https:\/\/relaxsrl.com\/fr\/aide-au-choix\/cabine-de-douche-lineaire\/#primaryimage\",\"url\":\"https:\/\/relaxsrl.com\/website\/wp-content\/uploads\/2024\/11\/STILE-BOX-DOCCIA_12.jpg\",\"contentUrl\":\"https:\/\/relaxsrl.com\/website\/wp-content\/uploads\/2024\/11\/STILE-BOX-DOCCIA_12.jpg\",\"width\":1920,\"height\":1080},{\"@type\":\"WebPage\",\"@id\":\"https:\/\/relaxsrl.com\/fr\/aide-au-choix\/cabine-de-douche-lineaire\/#webpage\",\"url\":\"https:\/\/relaxsrl.com\/fr\/aide-au-choix\/cabine-de-douche-lineaire\/\",\"name\":\"Cabine de douche lin\u00e9aire - Relax srl\",\"isPartOf\":{\"@id\":\"https:\/\/relaxsrl.com\/#website\"},\"primaryImageOfPage\":{\"@id\":\"https:\/\/relaxsrl.com\/fr\/aide-au-choix\/cabine-de-douche-lineaire\/#primaryimage\"},\"datePublished\":\"2021-11-22T14:49:20+00:00\",\"dateModified\":\"2024-11-18T10:12:38+00:00\",\"description\":\"La cabine de douche lin\u00e9aire se caract\u00e9rise par des \u00e9l\u00e9ments simples et minimaux pour un r\u00e9sultat qui vise l'essentialit\u00e9.\",\"breadcrumb\":{\"@id\":\"https:\/\/relaxsrl.com\/fr\/aide-au-choix\/cabine-de-douche-lineaire\/#breadcrumb\"},\"inLanguage\":\"fr-FR\",\"potentialAction\":[{\"@type\":\"ReadAction\",\"target\":[\"https:\/\/relaxsrl.com\/fr\/aide-au-choix\/cabine-de-douche-lineaire\/\"]}]},{\"@type\":\"BreadcrumbList\",\"@id\":\"https:\/\/relaxsrl.com\/fr\/aide-au-choix\/cabine-de-douche-lineaire\/#breadcrumb\",\"itemListElement\":[{\"@type\":\"ListItem\",\"position\":1,\"name\":\"Aide au choix\",\"item\":\"https:\/\/relaxsrl.com\/fr\/aide-au-choix\/\"},{\"@type\":\"ListItem\",\"position\":2,\"name\":\"Cabine de douche lin\u00e9aire\"}]}]}<\/script>\n<!-- \/ Yoast SEO Premium plugin. -->","yoast_head_json":{"title":"Cabine de douche lin\u00e9aire - Relax srl","description":"La cabine de douche lin\u00e9aire se caract\u00e9rise par des \u00e9l\u00e9ments simples et minimaux pour un r\u00e9sultat qui vise l'essentialit\u00e9.","robots":{"index":"index","follow":"follow","max-snippet":"max-snippet:-1","max-image-preview":"max-image-preview:large","max-video-preview":"max-video-preview:-1"},"canonical":"https:\/\/relaxsrl.com\/fr\/aide-au-choix\/cabine-de-douche-lineaire\/","og_locale":"fr_FR","og_type":"article","og_title":"Cabine de douche lin\u00e9aire - Relax srl","og_description":"La cabine de douche lin\u00e9aire se caract\u00e9rise par des \u00e9l\u00e9ments simples et minimaux pour un r\u00e9sultat qui vise l'essentialit\u00e9.","og_url":"https:\/\/relaxsrl.com\/fr\/aide-au-choix\/cabine-de-douche-lineaire\/","og_site_name":"Relax srl","article_modified_time":"2024-11-18T10:12:38+00:00","og_image":[{"width":1920,"height":1080,"url":"https:\/\/relaxsrl.com\/website\/wp-content\/uploads\/2024\/11\/STILE-BOX-DOCCIA_12.jpg","type":"image\/jpeg"}],"twitter_card":"summary_large_image","twitter_misc":{"Dur\u00e9e de lecture estim\u00e9e":"3 minutes"},"schema":{"@context":"https:\/\/schema.org","@graph":[{"@type":"WebSite","@id":"https:\/\/relaxsrl.com\/#website","url":"https:\/\/relaxsrl.com\/","name":"Relax srl","description":"","potentialAction":[{"@type":"SearchAction","target":{"@type":"EntryPoint","urlTemplate":"https:\/\/relaxsrl.com\/?s={search_term_string}"},"query-input":"required name=search_term_string"}],"inLanguage":"fr-FR"},{"@type":"ImageObject","inLanguage":"fr-FR","@id":"https:\/\/relaxsrl.com\/fr\/aide-au-choix\/cabine-de-douche-lineaire\/#primaryimage","url":"https:\/\/relaxsrl.com\/website\/wp-content\/uploads\/2024\/11\/STILE-BOX-DOCCIA_12.jpg","contentUrl":"https:\/\/relaxsrl.com\/website\/wp-content\/uploads\/2024\/11\/STILE-BOX-DOCCIA_12.jpg","width":1920,"height":1080},{"@type":"WebPage","@id":"https:\/\/relaxsrl.com\/fr\/aide-au-choix\/cabine-de-douche-lineaire\/#webpage","url":"https:\/\/relaxsrl.com\/fr\/aide-au-choix\/cabine-de-douche-lineaire\/","name":"Cabine de douche lin\u00e9aire - Relax srl","isPartOf":{"@id":"https:\/\/relaxsrl.com\/#website"},"primaryImageOfPage":{"@id":"https:\/\/relaxsrl.com\/fr\/aide-au-choix\/cabine-de-douche-lineaire\/#primaryimage"},"datePublished":"2021-11-22T14:49:20+00:00","dateModified":"2024-11-18T10:12:38+00:00","description":"La cabine de douche lin\u00e9aire se caract\u00e9rise par des \u00e9l\u00e9ments simples et minimaux pour un r\u00e9sultat qui vise l'essentialit\u00e9.","breadcrumb":{"@id":"https:\/\/relaxsrl.com\/fr\/aide-au-choix\/cabine-de-douche-lineaire\/#breadcrumb"},"inLanguage":"fr-FR","potentialAction":[{"@type":"ReadAction","target":["https:\/\/relaxsrl.com\/fr\/aide-au-choix\/cabine-de-douche-lineaire\/"]}]},{"@type":"BreadcrumbList","@id":"https:\/\/relaxsrl.com\/fr\/aide-au-choix\/cabine-de-douche-lineaire\/#breadcrumb","itemListElement":[{"@type":"ListItem","position":1,"name":"Aide au choix","item":"https:\/\/relaxsrl.com\/fr\/aide-au-choix\/"},{"@type":"ListItem","position":2,"name":"Cabine de douche lin\u00e9aire"}]}]}},"_links":{"self":[{"href":"https:\/\/relaxsrl.com\/fr\/wp-json\/wp\/v2\/pages\/12320"}],"collection":[{"href":"https:\/\/relaxsrl.com\/fr\/wp-json\/wp\/v2\/pages"}],"about":[{"href":"https:\/\/relaxsrl.com\/fr\/wp-json\/wp\/v2\/types\/page"}],"author":[{"embeddable":true,"href":"https:\/\/relaxsrl.com\/fr\/wp-json\/wp\/v2\/users\/3"}],"replies":[{"embeddable":true,"href":"https:\/\/relaxsrl.com\/fr\/wp-json\/wp\/v2\/comments?post=12320"}],"version-history":[{"count":7,"href":"https:\/\/relaxsrl.com\/fr\/wp-json\/wp\/v2\/pages\/12320\/revisions"}],"predecessor-version":[{"id":31312,"href":"https:\/\/relaxsrl.com\/fr\/wp-json\/wp\/v2\/pages\/12320\/revisions\/31312"}],"up":[{"embeddable":true,"href":"https:\/\/relaxsrl.com\/fr\/wp-json\/wp\/v2\/pages\/11392"}],"wp:featuredmedia":[{"embeddable":true,"href":"https:\/\/relaxsrl.com\/fr\/wp-json\/wp\/v2\/media\/31306"}],"wp:attachment":[{"href":"https:\/\/relaxsrl.com\/fr\/wp-json\/wp\/v2\/media?parent=12320"}],"curies":[{"name":"wp","href":"https:\/\/api.w.org\/{rel}","templated":true}]}}