{"id":12324,"date":"2021-11-22T16:12:31","date_gmt":"2021-11-22T15:12:31","guid":{"rendered":"http:\/\/relaxsrl.com\/aide-au-choix\/pour-les-personnes-handicapees-ou-agees\/"},"modified":"2024-11-18T17:35:04","modified_gmt":"2024-11-18T16:35:04","slug":"pour-les-personnes-handicapees-ou-agees","status":"publish","type":"page","link":"https:\/\/relaxsrl.com\/fr\/aide-au-choix\/pour-les-personnes-handicapees-ou-agees\/","title":{"rendered":"Cabine de douche pour les personnes handicap\u00e9es ou \u00e2g\u00e9es"},"content":{"rendered":"<p>[vc_row full_width=\u00a0\u00bbstretch_row\u00a0\u00bb content_placement=\u00a0\u00bbmiddle\u00a0\u00bb el_class=\u00a0\u00bbintro-row intro-row-grey\u00a0\u00bb][vc_column][vc_column_text]<\/p>\n<h1>Cabine de douche pour les personnes handicap\u00e9es ou \u00e2g\u00e9es<\/h1>\n<p>[\/vc_column_text][\/vc_column][\/vc_row][vc_row el_class=\u00a0\u00bbrow-path\u00a0\u00bb][vc_column][vc_column_text][\/vc_column_text][\/vc_column][\/vc_row][vc_row][vc_column width=\u00a0\u00bb1\/6&Prime;][\/vc_column][vc_column width=\u00a0\u00bb2\/3&Prime;][vc_empty_space height=\u00a0\u00bb40px\u00a0\u00bb][vc_column_text el_class=\u00a0\u00bbtxt-blue abstract weight500&Prime;]La cabine de douche pour les personnes handicap\u00e9es ou \u00e2g\u00e9es est sp\u00e9cialement con\u00e7ues pour leurs besoins afin de faciliter les mouvements en raison des possibilit\u00e9s motrices limit\u00e9es. Toutes les solutions sont certifi\u00e9es <a href=\"https:\/\/www.tuvsud.com\/fr-fr\">T\u00dcV S\u00dcD<\/a>.[\/vc_column_text][vc_empty_space height=\u00a0\u00bb35px\u00a0\u00bb][\/vc_column][\/vc_row][vc_row][vc_column width=\u00a0\u00bb1\/6&Prime;][\/vc_column][vc_column width=\u00a0\u00bb2\/3&Prime;][vc_column_text]<\/p>\n<ul>\n<li><a class=\"link-interno link-interno-paragrafo-1\" href=\"#\">Handicap\u00e9s et personnes \u00e2g\u00e9es dans la douche: les attentions <\/a><\/li>\n<li><a class=\"link-interno link-interno-paragrafo-2\" href=\"#\">Meilleures portes de douche pour les personnes \u00e2g\u00e9es ou handicap\u00e9es<\/a><\/li>\n<li><a class=\"link-interno link-interno-paragrafo-3\" href=\"#\">Meilleurs types de cabines de douche pour personnes \u00e2g\u00e9es ou handicap\u00e9es<\/a><\/li>\n<\/ul>\n<p>[\/vc_column_text][vc_empty_space height=\u00a0\u00bb40px\u00a0\u00bb][\/vc_column][\/vc_row][vc_row el_id=\u00a0\u00bbparagrafo-1&Prime;][vc_column width=\u00a0\u00bb1\/6&Prime;][\/vc_column][vc_column width=\u00a0\u00bb2\/3&Prime;][vc_column_text]<\/p>\n<h2>Personnes handicap\u00e9es et \u00e2g\u00e9es dans la douche: les attentions<\/h2>\n<p>Les cabines de douche pour personnes handicap\u00e9es ou \u00e2g\u00e9es ont des caract\u00e9ristiques con\u00e7ues pour r\u00e9soudre les probl\u00e8mes des personnes \u00e0 mobilit\u00e9 r\u00e9duite parce que les cabines traditionnelles peuvent devenir un obstacle pour une personne qui doit entrer en fauteuil roulant et\/ou \u00eatre aid\u00e9e pendant la douche. Elles n\u00e9cessitent donc une \u00e9valuation attentive:<\/p>\n<ul>\n<li style=\"list-style-type: none;\">\n<ul>\n<li>Dimensions, en particulier de celles d\u2019entr\u00e9e<\/li>\n<li>Accessoires, par exemple la pr\u00e9sence de tabourets int\u00e9rieurs pour la douche assis<\/li>\n<li>Portes les plus appropri\u00e9es<\/li>\n<li>Receveurs de douche et de leur marche d\u2019entr\u00e9e \u00e9ventuelle<\/li>\n<\/ul>\n<\/li>\n<\/ul>\n<p>La r\u00e9alisation d\u2019une salle de bain inclusive permet \u00e0 tous de profiter de la chambre. Une cabine de douche au design inclusif est s\u00fbr, avec des receveurs au fil, afin d\u2019\u00e9liminer les d\u00e9nivellations, et des verres de s\u00e9curit\u00e9.[\/vc_column_text][vc_empty_space height=\u00a0\u00bb40px\u00a0\u00bb][\/vc_column][\/vc_row][vc_row el_id=\u00a0\u00bbparagrafo-2&Prime;][vc_column width=\u00a0\u00bb1\/6&Prime;][\/vc_column][vc_column width=\u00a0\u00bb2\/3&Prime;][vc_column_text]<\/p>\n<h2>Meilleures portes de douche pour les personnes \u00e2g\u00e9es ou handicap\u00e9es<\/h2>\n<p>[\/vc_column_text][vc_empty_space height=\u00a0\u00bb20px\u00a0\u00bb][\/vc_column][\/vc_row][vc_row][vc_column width=\u00a0\u00bb1\/6&Prime;][\/vc_column][vc_column width=\u00a0\u00bb2\/3&Prime;][vc_column_text]<\/p>\n<h3>Porte battante<\/h3>\n<p>La porte \u00e0 battants s\u2019ouvre presque compl\u00e8tement et garantit ainsi la meilleure accessibilit\u00e9. Par exemple, s\u2019il y a une porte de 90 cm, l\u2019espace utile est de 81 cm. Si vous pr\u00e9f\u00e9rez les deux portes battantes, vous avez besoin d\u2019au moins un espace de 80&#215;80 cm.[\/vc_column_text][vc_empty_space height=\u00a0\u00bb20px\u00a0\u00bb][\/vc_column][\/vc_row][vc_row][vc_column width=\u00a0\u00bb1\/6&Prime;][\/vc_column][vc_column width=\u00a0\u00bb2\/3&Prime;][vc_column_text]<\/p>\n<h3>Porte pliable<\/h3>\n<p>S\u2019il y a de petits espaces, on peut choisir une cabine de douche d\u2019angle jusqu\u2019\u00e0 70&#215;70 cm avec deux portes pliable, qui peuvent \u00e9galement se replier totalement contre les murs du mur lorsque la cabine n\u2019est pas utilis\u00e9e [\/vc_column_text][vc_empty_space height=\u00a0\u00bb40px\u00a0\u00bb][\/vc_column][\/vc_row][vc_row el_id=\u00a0\u00bbparagrafo-3&Prime;][vc_column width=\u00a0\u00bb1\/6&Prime;][\/vc_column][vc_column width=\u00a0\u00bb2\/3&Prime;][vc_column_text]<\/p>\n<h2>Meilleurs types de cabines de douche pour personnes \u00e2g\u00e9es ou handicap\u00e9es<\/h2>\n<p>[\/vc_column_text][vc_empty_space height=\u00a0\u00bb20px\u00a0\u00bb][\/vc_column][\/vc_row][vc_row][vc_column width=\u00a0\u00bb1\/6&Prime;][\/vc_column][vc_column width=\u00a0\u00bb2\/3&Prime;][vc_column_text]<\/p>\n<h3>Paroi fixe install\u00e9 au ras du sol<\/h3>\n<p>Lorsque la salle de bain permet un grand espace de douche, une solution tr\u00e8s appr\u00e9ci\u00e9e est la paroi fixe install\u00e9 au ras du sol, id\u00e9al pour les personnes avec des possibilit\u00e9s motrices autonomes limit\u00e9es parce que l\u2019entr\u00e9e est toujours ouverte et se d\u00e9roule en douceur.[\/vc_column_text][vc_empty_space height=\u00a0\u00bb20px\u00a0\u00bb][\/vc_column][\/vc_row][vc_row][vc_column][vc_empty_space height=\u00a0\u00bb50px\u00a0\u00bb][vc_column_text]<\/p>\n<h3 style=\"text-align: center;\">Quelques exemples de cabines de douche pour handicap\u00e9s ou personnes \u00e2g\u00e9es de Relax<\/h3>\n<p>[\/vc_column_text][vc_empty_space height=\u00a0\u00bb30px\u00a0\u00bb]<div class=\"woocommerce columns-4 \"><ul class=\"products columns-4\">\n<li class=\"product type-product post-13864 status-publish first instock product_cat-angolare-en product_cat-angolare-de product_cat-angulaire product_cat-box-doccia-en product_cat-box-doccia-de product_cat-cabina-doccia-salvaspazio product_cat-cabine-de-douche product_cat-guide-de-selection-cabine-de-douche-peu-encombrante product_cat-collections-en product_cat-collections product_cat-angular-foldable product_cat-selection-guide-for-disabled-or-elderly-people product_cat-guida-alla-scelta-de product_cat-selection-guide-en product_cat-guide-de-selection product_cat-light-fr product_cat-light-de product_cat-light-ru product_cat-light-en product_cat-per-disabili-o-anziani product_cat-angulaire-pliable product_cat-guide-de-selection-pour-les-personnes-handicapees-ou-agees product_cat-collezioni-de product_cat-soffietto-de-5 product_cat-selection-guide-space-saving-shower-enclosure product_cat-tipologia-prodotto-en product_cat-tipologia-prodotto-de product_cat-type-de-produit product_cat-1618 product_cat-1608 product_cat-1568 product_cat-1605 product_cat-1594 product_cat-1633 product_cat-1617 product_cat-1626 has-post-thumbnail shipping-taxable product-type-simple\">\n\t<div class=\"woocommerce-loop-product__short_description\" itemprop=\"description\"><a href=\"https:\/\/relaxsrl.com\/fr\/produit\/light-as-light-as\/\" class=\"woocommerce-LoopProduct-link woocommerce-loop-product__link\"><p>Cabine de douche sans profils avec double porte pliante.<\/p>\n<\/a><\/div><\/li>\n<\/ul>\n<\/div>[\/vc_column][\/vc_row][vc_row full_width=\u00a0\u00bbstretch_row_content_no_spaces\u00a0\u00bb equal_height=\u00a0\u00bbyes\u00a0\u00bb content_placement=\u00a0\u00bbmiddle\u00a0\u00bb el_class=\u00a0\u00bbrow-over-footer row-cta-over-footer\u00a0\u00bb][vc_column width=\u00a0\u00bb1\/2&Prime;][vc_single_image image=\u00a0\u00bb2278&Prime; img_size=\u00a0\u00bbfull\u00a0\u00bb][\/vc_column][vc_column width=\u00a0\u00bb1\/2&Prime; css=\u00a0\u00bb.vc_custom_1632906194387{background-image: url(http:\/\/relaxsrl.com\/wp-content\/uploads\/2021\/09\/cta-disabili-opaco.jpg?id=2280) !important;background-position: center !important;background-repeat: no-repeat !important;background-size: cover !important;}\u00a0\u00bb el_class=\u00a0\u00bbrow-cta-over-footer-col-text\u00a0\u00bb][vc_row_inner][vc_column_inner width=\u00a0\u00bb1\/4&Prime;][\/vc_column_inner][vc_column_inner width=\u00a0\u00bb1\/2&Prime;][vc_column_text]<\/p>\n<h2 style=\"text-align: center;\">Tu veux en savoir plus?<\/h2>\n<p style=\"text-align: center;\">Je suis s\u00fbr que vous avez des questions sp\u00e9cifiques sur votre situation. \u00c9crivez-nous maintenant et un de nos experts vous r\u00e9pondra.<\/p>\n<p>[\/vc_column_text][vc_btn title=\u00a0\u00bbDEMANDER DES INFORMATIONS\u00a0\u00bb style=\u00a0\u00bbclassic\u00a0\u00bb shape=\u00a0\u00bbsquare\u00a0\u00bb color=\u00a0\u00bbwhite\u00a0\u00bb align=\u00a0\u00bbcenter\u00a0\u00bb el_class=\u00a0\u00bbbtn-default-white\u00a0\u00bb link=\u00a0\u00bburl:http%3A%2F%2Frelaxsrl.com%2Ffr%2Fcontacts%2F|title:DEMANDER%20DES%20INFORMATIONS|\u00a0\u00bb][\/vc_column_inner][vc_column_inner width=\u00a0\u00bb1\/4&Prime;][\/vc_column_inner][\/vc_row_inner][\/vc_column][\/vc_row]<\/p>\n","protected":false},"excerpt":{"rendered":"<p>[vc_row full_width=\u00a0\u00bbstretch_row\u00a0\u00bb content_placement=\u00a0\u00bbmiddle\u00a0\u00bb el_class=\u00a0\u00bbintro-row intro-row-grey\u00a0\u00bb][vc_column][vc_column_text] Cabine de douche pour les personnes handicap\u00e9es ou \u00e2g\u00e9es [\/vc_column_text][\/vc_column][\/vc_row][vc_row el_class=\u00a0\u00bbrow-path\u00a0\u00bb][vc_column][vc_column_text][\/vc_column_text][\/vc_column][\/vc_row][vc_row][vc_column width=\u00a0\u00bb1\/6&Prime;][\/vc_column][vc_column width=\u00a0\u00bb2\/3&Prime;][vc_empty_space height=\u00a0\u00bb40px\u00a0\u00bb][vc_column_text el_class=\u00a0\u00bbtxt-blue abstract weight500&Prime;]La cabine de douche pour les personnes handicap\u00e9es ou \u00e2g\u00e9es est sp\u00e9cialement con\u00e7ues pour leurs besoins afin de faciliter les mouvements en raison des possibilit\u00e9s motrices limit\u00e9es. Toutes les solutions sont certifi\u00e9es T\u00dcV S\u00dcD.[\/vc_column_text][vc_empty_space [&hellip;]<\/p>\n","protected":false},"author":3,"featured_media":0,"parent":11392,"menu_order":0,"comment_status":"closed","ping_status":"closed","template":"","meta":[],"acf":[],"yoast_head":"<!-- This site is optimized with the Yoast SEO Premium plugin v18.4 (Yoast SEO v18.8) - https:\/\/yoast.com\/wordpress\/plugins\/seo\/ -->\n<title>Cabine de douche pour les personnes handicap\u00e9es ou \u00e2g\u00e9es - Relax srl<\/title>\n<meta name=\"description\" content=\"Cabine de douche pour les personnes handicap\u00e9es ou \u00e2g\u00e9es sont sp\u00e9cialement con\u00e7ues pour leurs besoins afin de faciliter les d\u00e9placements\" \/>\n<meta name=\"robots\" content=\"index, follow, max-snippet:-1, max-image-preview:large, max-video-preview:-1\" \/>\n<link rel=\"canonical\" href=\"https:\/\/relaxsrl.com\/fr\/aide-au-choix\/pour-les-personnes-handicapees-ou-agees\/\" \/>\n<meta property=\"og:locale\" content=\"fr_FR\" \/>\n<meta property=\"og:type\" content=\"article\" \/>\n<meta property=\"og:title\" content=\"Cabine de douche pour les personnes handicap\u00e9es ou \u00e2g\u00e9es - Relax srl\" \/>\n<meta property=\"og:description\" content=\"Cabine de douche pour les personnes handicap\u00e9es ou \u00e2g\u00e9es sont sp\u00e9cialement con\u00e7ues pour leurs besoins afin de faciliter les d\u00e9placements\" \/>\n<meta property=\"og:url\" content=\"https:\/\/relaxsrl.com\/fr\/aide-au-choix\/pour-les-personnes-handicapees-ou-agees\/\" \/>\n<meta property=\"og:site_name\" content=\"Relax srl\" \/>\n<meta property=\"article:modified_time\" content=\"2024-11-18T16:35:04+00:00\" \/>\n<meta name=\"twitter:card\" content=\"summary_large_image\" \/>\n<meta name=\"twitter:label1\" content=\"Dur\u00e9e de lecture estim\u00e9e\" \/>\n\t<meta name=\"twitter:data1\" content=\"4 minutes\" \/>\n<script type=\"application\/ld+json\" class=\"yoast-schema-graph\">{\"@context\":\"https:\/\/schema.org\",\"@graph\":[{\"@type\":\"WebSite\",\"@id\":\"https:\/\/relaxsrl.com\/#website\",\"url\":\"https:\/\/relaxsrl.com\/\",\"name\":\"Relax srl\",\"description\":\"\",\"potentialAction\":[{\"@type\":\"SearchAction\",\"target\":{\"@type\":\"EntryPoint\",\"urlTemplate\":\"https:\/\/relaxsrl.com\/?s={search_term_string}\"},\"query-input\":\"required name=search_term_string\"}],\"inLanguage\":\"fr-FR\"},{\"@type\":\"WebPage\",\"@id\":\"https:\/\/relaxsrl.com\/fr\/aide-au-choix\/pour-les-personnes-handicapees-ou-agees\/#webpage\",\"url\":\"https:\/\/relaxsrl.com\/fr\/aide-au-choix\/pour-les-personnes-handicapees-ou-agees\/\",\"name\":\"Cabine de douche pour les personnes handicap\u00e9es ou \u00e2g\u00e9es - Relax srl\",\"isPartOf\":{\"@id\":\"https:\/\/relaxsrl.com\/#website\"},\"datePublished\":\"2021-11-22T15:12:31+00:00\",\"dateModified\":\"2024-11-18T16:35:04+00:00\",\"description\":\"Cabine de douche pour les personnes handicap\u00e9es ou \u00e2g\u00e9es sont sp\u00e9cialement con\u00e7ues pour leurs besoins afin de faciliter les d\u00e9placements\",\"breadcrumb\":{\"@id\":\"https:\/\/relaxsrl.com\/fr\/aide-au-choix\/pour-les-personnes-handicapees-ou-agees\/#breadcrumb\"},\"inLanguage\":\"fr-FR\",\"potentialAction\":[{\"@type\":\"ReadAction\",\"target\":[\"https:\/\/relaxsrl.com\/fr\/aide-au-choix\/pour-les-personnes-handicapees-ou-agees\/\"]}]},{\"@type\":\"BreadcrumbList\",\"@id\":\"https:\/\/relaxsrl.com\/fr\/aide-au-choix\/pour-les-personnes-handicapees-ou-agees\/#breadcrumb\",\"itemListElement\":[{\"@type\":\"ListItem\",\"position\":1,\"name\":\"Aide au choix\",\"item\":\"https:\/\/relaxsrl.com\/fr\/aide-au-choix\/\"},{\"@type\":\"ListItem\",\"position\":2,\"name\":\"Cabine de douche pour les personnes handicap\u00e9es ou \u00e2g\u00e9es\"}]}]}<\/script>\n<!-- \/ Yoast SEO Premium plugin. -->","yoast_head_json":{"title":"Cabine de douche pour les personnes handicap\u00e9es ou \u00e2g\u00e9es - Relax srl","description":"Cabine de douche pour les personnes handicap\u00e9es ou \u00e2g\u00e9es sont sp\u00e9cialement con\u00e7ues pour leurs besoins afin de faciliter les d\u00e9placements","robots":{"index":"index","follow":"follow","max-snippet":"max-snippet:-1","max-image-preview":"max-image-preview:large","max-video-preview":"max-video-preview:-1"},"canonical":"https:\/\/relaxsrl.com\/fr\/aide-au-choix\/pour-les-personnes-handicapees-ou-agees\/","og_locale":"fr_FR","og_type":"article","og_title":"Cabine de douche pour les personnes handicap\u00e9es ou \u00e2g\u00e9es - Relax srl","og_description":"Cabine de douche pour les personnes handicap\u00e9es ou \u00e2g\u00e9es sont sp\u00e9cialement con\u00e7ues pour leurs besoins afin de faciliter les d\u00e9placements","og_url":"https:\/\/relaxsrl.com\/fr\/aide-au-choix\/pour-les-personnes-handicapees-ou-agees\/","og_site_name":"Relax srl","article_modified_time":"2024-11-18T16:35:04+00:00","twitter_card":"summary_large_image","twitter_misc":{"Dur\u00e9e de lecture estim\u00e9e":"4 minutes"},"schema":{"@context":"https:\/\/schema.org","@graph":[{"@type":"WebSite","@id":"https:\/\/relaxsrl.com\/#website","url":"https:\/\/relaxsrl.com\/","name":"Relax srl","description":"","potentialAction":[{"@type":"SearchAction","target":{"@type":"EntryPoint","urlTemplate":"https:\/\/relaxsrl.com\/?s={search_term_string}"},"query-input":"required name=search_term_string"}],"inLanguage":"fr-FR"},{"@type":"WebPage","@id":"https:\/\/relaxsrl.com\/fr\/aide-au-choix\/pour-les-personnes-handicapees-ou-agees\/#webpage","url":"https:\/\/relaxsrl.com\/fr\/aide-au-choix\/pour-les-personnes-handicapees-ou-agees\/","name":"Cabine de douche pour les personnes handicap\u00e9es ou \u00e2g\u00e9es - Relax srl","isPartOf":{"@id":"https:\/\/relaxsrl.com\/#website"},"datePublished":"2021-11-22T15:12:31+00:00","dateModified":"2024-11-18T16:35:04+00:00","description":"Cabine de douche pour les personnes handicap\u00e9es ou \u00e2g\u00e9es sont sp\u00e9cialement con\u00e7ues pour leurs besoins afin de faciliter les d\u00e9placements","breadcrumb":{"@id":"https:\/\/relaxsrl.com\/fr\/aide-au-choix\/pour-les-personnes-handicapees-ou-agees\/#breadcrumb"},"inLanguage":"fr-FR","potentialAction":[{"@type":"ReadAction","target":["https:\/\/relaxsrl.com\/fr\/aide-au-choix\/pour-les-personnes-handicapees-ou-agees\/"]}]},{"@type":"BreadcrumbList","@id":"https:\/\/relaxsrl.com\/fr\/aide-au-choix\/pour-les-personnes-handicapees-ou-agees\/#breadcrumb","itemListElement":[{"@type":"ListItem","position":1,"name":"Aide au choix","item":"https:\/\/relaxsrl.com\/fr\/aide-au-choix\/"},{"@type":"ListItem","position":2,"name":"Cabine de douche pour les personnes handicap\u00e9es ou \u00e2g\u00e9es"}]}]}},"_links":{"self":[{"href":"https:\/\/relaxsrl.com\/fr\/wp-json\/wp\/v2\/pages\/12324"}],"collection":[{"href":"https:\/\/relaxsrl.com\/fr\/wp-json\/wp\/v2\/pages"}],"about":[{"href":"https:\/\/relaxsrl.com\/fr\/wp-json\/wp\/v2\/types\/page"}],"author":[{"embeddable":true,"href":"https:\/\/relaxsrl.com\/fr\/wp-json\/wp\/v2\/users\/3"}],"replies":[{"embeddable":true,"href":"https:\/\/relaxsrl.com\/fr\/wp-json\/wp\/v2\/comments?post=12324"}],"version-history":[{"count":7,"href":"https:\/\/relaxsrl.com\/fr\/wp-json\/wp\/v2\/pages\/12324\/revisions"}],"predecessor-version":[{"id":31449,"href":"https:\/\/relaxsrl.com\/fr\/wp-json\/wp\/v2\/pages\/12324\/revisions\/31449"}],"up":[{"embeddable":true,"href":"https:\/\/relaxsrl.com\/fr\/wp-json\/wp\/v2\/pages\/11392"}],"wp:attachment":[{"href":"https:\/\/relaxsrl.com\/fr\/wp-json\/wp\/v2\/media?parent=12324"}],"curies":[{"name":"wp","href":"https:\/\/api.w.org\/{rel}","templated":true}]}}