{"id":12332,"date":"2021-11-22T16:37:18","date_gmt":"2021-11-22T15:37:18","guid":{"rendered":"http:\/\/relaxsrl.com\/aide-au-choix\/cabine-de-douche-a-quatre-cotes\/"},"modified":"2023-09-07T09:02:11","modified_gmt":"2023-09-07T07:02:11","slug":"cabine-de-douche-a-quatre-cotes","status":"publish","type":"page","link":"https:\/\/relaxsrl.com\/fr\/aide-au-choix\/cabine-de-douche-a-quatre-cotes\/","title":{"rendered":"Cabine de douche \u00e0 quatre c\u00f4t\u00e9s"},"content":{"rendered":"<p>[vc_row full_width=\u00a0\u00bbstretch_row\u00a0\u00bb content_placement=\u00a0\u00bbmiddle\u00a0\u00bb el_class=\u00a0\u00bbintro-row intro-row-grey\u00a0\u00bb][vc_column][vc_column_text]<\/p>\n<h1>Cabine de douche \u00e0 quatre c\u00f4t\u00e9s<\/h1>\n<p>[\/vc_column_text][\/vc_column][\/vc_row][vc_row el_class=\u00a0\u00bbrow-path\u00a0\u00bb][vc_column][vc_column_text][\/vc_column_text][\/vc_column][\/vc_row][vc_row][vc_column][\/vc_column][\/vc_row][vc_row][vc_column width=\u00a0\u00bb1\/6&Prime;][\/vc_column][vc_column width=\u00a0\u00bb2\/3&Prime;][vc_column_text el_class=\u00a0\u00bbtxt-blue abstract weight500&Prime;]La cabine de douche \u00e0 quatre c\u00f4t\u00e9s ou freestanding est autoportante donc ne n\u00e9cessite pas d\u2019\u00eatre fix\u00e9 au mur. Elle est parfois utilis\u00e9e au centre de la pi\u00e8ce, comme solution sc\u00e9nographique. [\/vc_column_text][vc_empty_space height=\u00a0\u00bb35px\u00a0\u00bb][\/vc_column][\/vc_row][vc_row el_id=\u00a0\u00bbparagraphe-1&Prime;][vc_column width=\u00a0\u00bb1\/6&Prime;][\/vc_column][vc_column width=\u00a0\u00bb2\/3&Prime;][vc_column_text]<\/p>\n<h2>Cabine de douche quatre c\u00f4t\u00e9s : caract\u00e9ristiques<\/h2>\n<p>C\u2019est une cabine de douche compos\u00e9e de panneaux sur les quatre c\u00f4t\u00e9s, c\u2019est-\u00e0-dire que les vitres sont autoportantes et ne doivent pas \u00eatre fix\u00e9es au mur. Il est \u00e9galement connu sous le nom de <strong>cabine de douche freestanding<\/strong>. Il s\u2019agit d\u2019une solution qui r\u00e9sout les cas o\u00f9<strong> les murs ne sont pas r\u00e9guliers<\/strong>, par exemple en raison de la pr\u00e9sence de cadres, ou quand il est <strong>impossible de percer la paroi fixe<\/strong> et donc les profil\u00e9s muraux ne peuvent pas \u00eatre fix\u00e9s correctement et en toute s\u00e9curit\u00e9. Parfois, elle est \u00e9galement utilis\u00e9e comme solution esth\u00e9tique tr\u00e8s voyante bien qu\u2019elle n\u00e9cessite la pr\u00e9sence de nombreux profils en aluminium qui ont tendance \u00e0 avoir un <strong>fort impact visuel,<\/strong> souvent peu appr\u00e9ci\u00e9. C\u2019est une <strong>cabine de douche d\u00e9conseill\u00e9e en tr\u00e8s grandes dimensions<\/strong> parce que la stabilit\u00e9 est compromise.<br \/>\nC\u2019est une solution plus th\u00e9orique que pratique.<br \/>\nCeci pour deux raisons li\u00e9es entre elles:<\/p>\n<ul>\n<li>les aspects techniques qui n\u00e9cessitaient la cabine de douche quatre c\u00f4t\u00e9s ont \u00e9t\u00e9 surmont\u00e9s avec d\u2019autres d\u00e9couvertes technologiques.<\/li>\n<li>d\u2019un point de vue esth\u00e9tique, la demande accrue de cabines de douche avec peu d\u2019aluminium a conduit \u00e0 presque z\u00e9ro des demandes.<\/li>\n<\/ul>\n<p>[\/vc_column_text][vc_empty_space height=\u00a0\u00bb40px\u00a0\u00bb][\/vc_column][\/vc_row][vc_row][vc_column width=\u00a0\u00bb1\/6&Prime;][\/vc_column][vc_column width=\u00a0\u00bb2\/3&Prime;][vc_column_text]<\/p>\n<h2>Vous n&rsquo;avez pas trouv\u00e9 ce que vous cherchiez\u00a0? D\u00e9couvrez l&rsquo;alternative<\/h2>\n<p>Avez-vous d\u00e9j\u00e0 pens\u00e9 \u00e0 une <a href=\"https:\/\/relaxsrl.com\/shower-enclosure-guide-to-choice\/shower-enclosure-trois-sides\/\">paroi de douche \u00e0 3 c\u00f4t\u00e9s<\/a>\u00a0? Il s&rsquo;appuie contre le mur pour une plus grande stabilit\u00e9, et permet en m\u00eame temps une ouverture et une visibilit\u00e9 maximales sur la salle de bain ou la chambre. Elle diff\u00e8re de la cabine de douche \u00e0 4 c\u00f4t\u00e9s par l&rsquo;absence des 4 c\u00f4t\u00e9s fixes, mais elle est s\u00fbre dans toutes les situations, surtout si elle est <a href=\"https:\/\/www.tuvsud.com\/it-it\">Certifi\u00e9 T\u00dcV S\u00dcD<\/a>. Elle est disponible comme alternative \u00e0 la cabine de douche d&rsquo;angle classique pour diff\u00e9rentes collections Relax. D\u00e9couvrez-les tous <a href=\"https:\/\/relaxsrl.com\/fr\/produits\/collections\/\">ici<\/a>[\/vc_column_text][vc_empty_space height=\u00a0\u00bb40px\u00a0\u00bb][\/vc_column][\/vc_row][vc_row][vc_column][vc_empty_space height=\u00a0\u00bb100px\u00a0\u00bb][\/vc_column][\/vc_row]<\/p>\n","protected":false},"excerpt":{"rendered":"<p>[vc_row full_width=\u00a0\u00bbstretch_row\u00a0\u00bb content_placement=\u00a0\u00bbmiddle\u00a0\u00bb el_class=\u00a0\u00bbintro-row intro-row-grey\u00a0\u00bb][vc_column][vc_column_text] Cabine de douche \u00e0 quatre c\u00f4t\u00e9s [\/vc_column_text][\/vc_column][\/vc_row][vc_row el_class=\u00a0\u00bbrow-path\u00a0\u00bb][vc_column][vc_column_text][\/vc_column_text][\/vc_column][\/vc_row][vc_row][vc_column][\/vc_column][\/vc_row][vc_row][vc_column width=\u00a0\u00bb1\/6&Prime;][\/vc_column][vc_column width=\u00a0\u00bb2\/3&Prime;][vc_column_text el_class=\u00a0\u00bbtxt-blue abstract weight500&Prime;]La cabine de douche \u00e0 quatre c\u00f4t\u00e9s ou freestanding est autoportante donc ne n\u00e9cessite pas d\u2019\u00eatre fix\u00e9 au mur. Elle est parfois utilis\u00e9e au centre de la pi\u00e8ce, comme solution sc\u00e9nographique. [\/vc_column_text][vc_empty_space height=\u00a0\u00bb35px\u00a0\u00bb][\/vc_column][\/vc_row][vc_row el_id=\u00a0\u00bbparagraphe-1&Prime;][vc_column width=\u00a0\u00bb1\/6&Prime;][\/vc_column][vc_column width=\u00a0\u00bb2\/3&Prime;][vc_column_text] Cabine de [&hellip;]<\/p>\n","protected":false},"author":3,"featured_media":0,"parent":11392,"menu_order":0,"comment_status":"closed","ping_status":"closed","template":"","meta":[],"acf":[],"yoast_head":"<!-- This site is optimized with the Yoast SEO Premium plugin v18.4 (Yoast SEO v18.8) - https:\/\/yoast.com\/wordpress\/plugins\/seo\/ -->\n<title>Cabine de douche \u00e0 quatre c\u00f4t\u00e9s - Relax srl<\/title>\n<meta name=\"description\" content=\"La cabine de douche \u00e0 quatre c\u00f4t\u00e9s ou autoportante est autoportante. Souvent utilis\u00e9 au centre de la pi\u00e8ce, comme solution sc\u00e9nographique.\" \/>\n<meta name=\"robots\" content=\"index, follow, max-snippet:-1, max-image-preview:large, max-video-preview:-1\" \/>\n<link rel=\"canonical\" href=\"https:\/\/relaxsrl.com\/fr\/aide-au-choix\/cabine-de-douche-a-quatre-cotes\/\" \/>\n<meta property=\"og:locale\" content=\"fr_FR\" \/>\n<meta property=\"og:type\" content=\"article\" \/>\n<meta property=\"og:title\" content=\"Cabine de douche \u00e0 quatre c\u00f4t\u00e9s - Relax srl\" \/>\n<meta property=\"og:description\" content=\"La cabine de douche \u00e0 quatre c\u00f4t\u00e9s ou autoportante est autoportante. Souvent utilis\u00e9 au centre de la pi\u00e8ce, comme solution sc\u00e9nographique.\" \/>\n<meta property=\"og:url\" content=\"https:\/\/relaxsrl.com\/fr\/aide-au-choix\/cabine-de-douche-a-quatre-cotes\/\" \/>\n<meta property=\"og:site_name\" content=\"Relax srl\" \/>\n<meta property=\"article:modified_time\" content=\"2023-09-07T07:02:11+00:00\" \/>\n<meta name=\"twitter:card\" content=\"summary_large_image\" \/>\n<meta name=\"twitter:label1\" content=\"Dur\u00e9e de lecture estim\u00e9e\" \/>\n\t<meta name=\"twitter:data1\" content=\"2 minutes\" \/>\n<script type=\"application\/ld+json\" class=\"yoast-schema-graph\">{\"@context\":\"https:\/\/schema.org\",\"@graph\":[{\"@type\":\"WebSite\",\"@id\":\"https:\/\/relaxsrl.com\/#website\",\"url\":\"https:\/\/relaxsrl.com\/\",\"name\":\"Relax srl\",\"description\":\"\",\"potentialAction\":[{\"@type\":\"SearchAction\",\"target\":{\"@type\":\"EntryPoint\",\"urlTemplate\":\"https:\/\/relaxsrl.com\/?s={search_term_string}\"},\"query-input\":\"required name=search_term_string\"}],\"inLanguage\":\"fr-FR\"},{\"@type\":\"WebPage\",\"@id\":\"https:\/\/relaxsrl.com\/fr\/aide-au-choix\/cabine-de-douche-a-quatre-cotes\/#webpage\",\"url\":\"https:\/\/relaxsrl.com\/fr\/aide-au-choix\/cabine-de-douche-a-quatre-cotes\/\",\"name\":\"Cabine de douche \u00e0 quatre c\u00f4t\u00e9s - Relax srl\",\"isPartOf\":{\"@id\":\"https:\/\/relaxsrl.com\/#website\"},\"datePublished\":\"2021-11-22T15:37:18+00:00\",\"dateModified\":\"2023-09-07T07:02:11+00:00\",\"description\":\"La cabine de douche \u00e0 quatre c\u00f4t\u00e9s ou autoportante est autoportante. Souvent utilis\u00e9 au centre de la pi\u00e8ce, comme solution sc\u00e9nographique.\",\"breadcrumb\":{\"@id\":\"https:\/\/relaxsrl.com\/fr\/aide-au-choix\/cabine-de-douche-a-quatre-cotes\/#breadcrumb\"},\"inLanguage\":\"fr-FR\",\"potentialAction\":[{\"@type\":\"ReadAction\",\"target\":[\"https:\/\/relaxsrl.com\/fr\/aide-au-choix\/cabine-de-douche-a-quatre-cotes\/\"]}]},{\"@type\":\"BreadcrumbList\",\"@id\":\"https:\/\/relaxsrl.com\/fr\/aide-au-choix\/cabine-de-douche-a-quatre-cotes\/#breadcrumb\",\"itemListElement\":[{\"@type\":\"ListItem\",\"position\":1,\"name\":\"Aide au choix\",\"item\":\"https:\/\/relaxsrl.com\/fr\/aide-au-choix\/\"},{\"@type\":\"ListItem\",\"position\":2,\"name\":\"Cabine de douche \u00e0 quatre c\u00f4t\u00e9s\"}]}]}<\/script>\n<!-- \/ Yoast SEO Premium plugin. -->","yoast_head_json":{"title":"Cabine de douche \u00e0 quatre c\u00f4t\u00e9s - Relax srl","description":"La cabine de douche \u00e0 quatre c\u00f4t\u00e9s ou autoportante est autoportante. Souvent utilis\u00e9 au centre de la pi\u00e8ce, comme solution sc\u00e9nographique.","robots":{"index":"index","follow":"follow","max-snippet":"max-snippet:-1","max-image-preview":"max-image-preview:large","max-video-preview":"max-video-preview:-1"},"canonical":"https:\/\/relaxsrl.com\/fr\/aide-au-choix\/cabine-de-douche-a-quatre-cotes\/","og_locale":"fr_FR","og_type":"article","og_title":"Cabine de douche \u00e0 quatre c\u00f4t\u00e9s - Relax srl","og_description":"La cabine de douche \u00e0 quatre c\u00f4t\u00e9s ou autoportante est autoportante. Souvent utilis\u00e9 au centre de la pi\u00e8ce, comme solution sc\u00e9nographique.","og_url":"https:\/\/relaxsrl.com\/fr\/aide-au-choix\/cabine-de-douche-a-quatre-cotes\/","og_site_name":"Relax srl","article_modified_time":"2023-09-07T07:02:11+00:00","twitter_card":"summary_large_image","twitter_misc":{"Dur\u00e9e de lecture estim\u00e9e":"2 minutes"},"schema":{"@context":"https:\/\/schema.org","@graph":[{"@type":"WebSite","@id":"https:\/\/relaxsrl.com\/#website","url":"https:\/\/relaxsrl.com\/","name":"Relax srl","description":"","potentialAction":[{"@type":"SearchAction","target":{"@type":"EntryPoint","urlTemplate":"https:\/\/relaxsrl.com\/?s={search_term_string}"},"query-input":"required name=search_term_string"}],"inLanguage":"fr-FR"},{"@type":"WebPage","@id":"https:\/\/relaxsrl.com\/fr\/aide-au-choix\/cabine-de-douche-a-quatre-cotes\/#webpage","url":"https:\/\/relaxsrl.com\/fr\/aide-au-choix\/cabine-de-douche-a-quatre-cotes\/","name":"Cabine de douche \u00e0 quatre c\u00f4t\u00e9s - Relax srl","isPartOf":{"@id":"https:\/\/relaxsrl.com\/#website"},"datePublished":"2021-11-22T15:37:18+00:00","dateModified":"2023-09-07T07:02:11+00:00","description":"La cabine de douche \u00e0 quatre c\u00f4t\u00e9s ou autoportante est autoportante. Souvent utilis\u00e9 au centre de la pi\u00e8ce, comme solution sc\u00e9nographique.","breadcrumb":{"@id":"https:\/\/relaxsrl.com\/fr\/aide-au-choix\/cabine-de-douche-a-quatre-cotes\/#breadcrumb"},"inLanguage":"fr-FR","potentialAction":[{"@type":"ReadAction","target":["https:\/\/relaxsrl.com\/fr\/aide-au-choix\/cabine-de-douche-a-quatre-cotes\/"]}]},{"@type":"BreadcrumbList","@id":"https:\/\/relaxsrl.com\/fr\/aide-au-choix\/cabine-de-douche-a-quatre-cotes\/#breadcrumb","itemListElement":[{"@type":"ListItem","position":1,"name":"Aide au choix","item":"https:\/\/relaxsrl.com\/fr\/aide-au-choix\/"},{"@type":"ListItem","position":2,"name":"Cabine de douche \u00e0 quatre c\u00f4t\u00e9s"}]}]}},"_links":{"self":[{"href":"https:\/\/relaxsrl.com\/fr\/wp-json\/wp\/v2\/pages\/12332"}],"collection":[{"href":"https:\/\/relaxsrl.com\/fr\/wp-json\/wp\/v2\/pages"}],"about":[{"href":"https:\/\/relaxsrl.com\/fr\/wp-json\/wp\/v2\/types\/page"}],"author":[{"embeddable":true,"href":"https:\/\/relaxsrl.com\/fr\/wp-json\/wp\/v2\/users\/3"}],"replies":[{"embeddable":true,"href":"https:\/\/relaxsrl.com\/fr\/wp-json\/wp\/v2\/comments?post=12332"}],"version-history":[{"count":4,"href":"https:\/\/relaxsrl.com\/fr\/wp-json\/wp\/v2\/pages\/12332\/revisions"}],"predecessor-version":[{"id":29079,"href":"https:\/\/relaxsrl.com\/fr\/wp-json\/wp\/v2\/pages\/12332\/revisions\/29079"}],"up":[{"embeddable":true,"href":"https:\/\/relaxsrl.com\/fr\/wp-json\/wp\/v2\/pages\/11392"}],"wp:attachment":[{"href":"https:\/\/relaxsrl.com\/fr\/wp-json\/wp\/v2\/media?parent=12332"}],"curies":[{"name":"wp","href":"https:\/\/api.w.org\/{rel}","templated":true}]}}