{"id":12349,"date":"2021-11-22T17:29:26","date_gmt":"2021-11-22T16:29:26","guid":{"rendered":"http:\/\/relaxsrl.com\/aide-au-choix\/cabine-de-douche-sur-mesure\/"},"modified":"2024-11-18T10:17:57","modified_gmt":"2024-11-18T09:17:57","slug":"cabine-de-douche-sur-mesure","status":"publish","type":"page","link":"https:\/\/relaxsrl.com\/fr\/aide-au-choix\/cabine-de-douche-sur-mesure\/","title":{"rendered":"Cabine de douche sur mesure"},"content":{"rendered":"<p>[vc_row full_width=\u00a0\u00bbstretch_row\u00a0\u00bb content_placement=\u00a0\u00bbmiddle\u00a0\u00bb el_class=\u00a0\u00bbintro-row intro-row-grey\u00a0\u00bb][vc_column][vc_column_text]<\/p>\n<h1>Cabine de douche sur mesure<\/h1>\n<p>[\/vc_column_text][\/vc_column][\/vc_row][vc_row el_class=\u00a0\u00bbrow-path\u00a0\u00bb][vc_column][vc_column_text][\/vc_column_text][\/vc_column][\/vc_row][vc_row][vc_column][vc_single_image image=\u00a0\u00bb2287&Prime; img_size=\u00a0\u00bbfull\u00a0\u00bb][\/vc_column][\/vc_row][vc_row][vc_column width=\u00a0\u00bb1\/6&Prime;][\/vc_column][vc_column width=\u00a0\u00bb2\/3&Prime;][vc_empty_space height=\u00a0\u00bb40px\u00a0\u00bb][vc_column_text el_class=\u00a0\u00bbtxt-blue abstract weight500&Prime;]Les fabricants de cabines de douche offrent \u00e9galement le service sur mesure, en r\u00e8gle g\u00e9n\u00e9rale. C\u2019est certainement ce que fait le bureau technique interne de Relax, qui s\u2019occupe de ce guide pour le choix de la cabine de douche. Toutes les solutions propos\u00e9es par Relax sont certifi\u00e9es <a href=\"https:\/\/www.tuvsud.com\/fr-fr\">T\u00dcV S\u00dcD<\/a>.[\/vc_column_text][vc_empty_space height=\u00a0\u00bb35px\u00a0\u00bb][\/vc_column][\/vc_row][vc_row el_id=\u00a0\u00bbparagrafo-1&Prime;][vc_column width=\u00a0\u00bb1\/6&Prime;][\/vc_column][vc_column width=\u00a0\u00bb2\/3&Prime;][vc_column_text]<\/p>\n<h2>Cabine de douche avec dimension sur mesure<\/h2>\n<p>Relax est sp\u00e9cialis\u00e9 dans les parois de douche sur mesure. Il peut \u00e9galement \u00eatre produit au millim\u00e8tre pr\u00e8s. Il est en effet assez courant de devoir faire <strong>varier les dimensions des parois de douche standards<\/strong> par rapport \u00e0 ce qui est pr\u00e9vu dans les propositions du catalogue. Cela se produit parce que les salles de bains sont le r\u00e9sultat d&rsquo;adaptations existantes ou, pour optimiser l&rsquo;espace, la douche doit suivre les choix de mobilier effectu\u00e9s, tels que la disposition des sanitaires, du mobilier ou du lave-linge et du s\u00e8che-linge. Dans ces cas, il peut \u00eatre n\u00e9cessaire de demander une cabine de douche avec une <strong>profondeur ou une largeur sur mesure<\/strong>, g\u00e9n\u00e9ralement facilement disponible.<br \/>\nLorsque vous avez besoin d&rsquo;une <strong>cabine de douche avec une hauteur non standard<\/strong>, il est essentiel de demander l&rsquo;avis d&rsquo;un expert sur la bonne hauteur, surtout s&rsquo;il y a une porte battante ou coulissante. Pour les deux types, le poids du verre p\u00e8se sur les charni\u00e8res ou les roulements et avec le temps, si la hauteur n&rsquo;a pas \u00e9t\u00e9 soigneusement prise en compte &#8211; en fonction de la largeur de la porte &#8211; cela pourrait entra\u00eener une mauvaise ouverture des portes voire la rupture de les composants. La solution walk-in, constitu\u00e9e d&rsquo;un seul panneau de verre fixe, est plus facile \u00e0 travailler : un verre de 8 mm permet une hauteur jusqu&rsquo;\u00e0 250 cm, tandis qu&rsquo;un verre de 6 mm un maximum de 220 cm car plus fin et l\u00e9ger, il fl\u00e9chit plus et est moins stable.[\/vc_column_text][vc_empty_space height=\u00a0\u00bb40px\u00a0\u00bb][\/vc_column][\/vc_row][vc_row el_id=\u00a0\u00bbparagrafo-2&Prime;][vc_column width=\u00a0\u00bb1\/6&Prime;][\/vc_column][vc_column width=\u00a0\u00bb2\/3&Prime;][vc_column_text]<\/p>\n<h2>Cabine de douche avec verres model\u00e9s sur mesure<\/h2>\n<p>Les cabines de douche avec verre model\u00e9 sur mesure peuvent \u00eatre demand\u00e9es dans une multiplicit\u00e9 de situations. Pour tout le monde, il est <strong>essentiel de prendre les mesures exactes<\/strong> pour \u00e9viter les probl\u00e8mes d\u2019installation, car il n\u2019y a pas de possibilit\u00e9s de r\u00e9glage pour la conformation du verre.[\/vc_column_text][vc_empty_space height=\u00a0\u00bb60px\u00a0\u00bb][\/vc_column][\/vc_row][vc_row el_id=\u00a0\u00bbparagrafo-3&Prime;][vc_column width=\u00a0\u00bb1\/6&Prime;][\/vc_column][vc_column width=\u00a0\u00bb2\/3&Prime;][vc_column_text]<\/p>\n<h3>Sous toit<\/h3>\n<p>La cabine de douche mansard\u00e9e classique est r\u00e9alis\u00e9e avec une hauteur personnalis\u00e9e pour respecter l&rsquo;inclinaison du toit. S&rsquo;il s&rsquo;agit d&rsquo;une<strong> douche \u00e0 l&rsquo;italienne<\/strong>, vous devez trouver le bon endroit pour ins\u00e9rer la barre de support horizontale ou utiliser une solution avec l&rsquo;\u00e9tag\u00e8re Oblique qui donne de la stabilit\u00e9. La <strong>cabine de douche d&rsquo;angle<\/strong> dans le grenier a la forme du c\u00f4t\u00e9 fixe avec une porte battante ou avec des charni\u00e8res.<\/p>\n<p>Parfois, un double traitement est \u00e9galement n\u00e9cessaire. En plus de devoir suivre la pente du toit, il peut \u00e9galement \u00eatre n\u00e9cessaire de cr\u00e9er le c\u00f4t\u00e9 vertical en raison de la pr\u00e9sence d&rsquo;une structure en ma\u00e7onnerie. Relax garantit un succ\u00e8s parfait, mais il est essentiel que la mesure correcte soit prise. Sur la photo la collection <a href=\"https:\/\/relaxsrl.com\/fr\/produits\/collections\/petrarca\/\">Petrarca<\/a>.[\/vc_column_text][vc_empty_space height=\u00a0\u00bb40px\u00a0\u00bb][\/vc_column][\/vc_row][vc_row el_id=\u00a0\u00bbparagrafo-4&Prime;][vc_column width=\u00a0\u00bb1\/6&Prime;][\/vc_column][vc_column width=\u00a0\u00bb2\/3&Prime;][vc_column_text]<\/p>\n<h3>Fa\u00e7onn\u00e9e pour la baignoire<\/h3>\n<p>La cabine de douche attenante \u00e0 une baignoire peut former un c\u00f4t\u00e9 fixe afin de le poser sur le bord de la baignoire, sans limites en hauteur, et monter deux portes coulissantes qui permettent un acc\u00e8s facile. En m\u00eame temps, il garantit la libert\u00e9 totale de la baignoire avec une optimisation des espaces disponibles dans la salle de bain. Sur la photo la collection <a href=\"https:\/\/relaxsrl.com\/fr\/produits\/collections\/smart\/\">Smart<\/a>.[\/vc_column_text][vc_empty_space height=\u00a0\u00bb40px\u00a0\u00bb][vc_single_image image=\u00a0\u00bb10653&Prime; img_size=\u00a0\u00bb450&#215;350&Prime; alignment=\u00a0\u00bbcenter\u00a0\u00bb][vc_empty_space height=\u00a0\u00bb40px\u00a0\u00bb][\/vc_column][\/vc_row][vc_row el_id=\u00a0\u00bbparagrafo-5&Prime;][vc_column width=\u00a0\u00bb1\/6&Prime;][\/vc_column][vc_column width=\u00a0\u00bb2\/3&Prime;][vc_column_text]<\/p>\n<h3>Au-dessus du mur<\/h3>\n<p>Si l\u2019on d\u00e9cide d\u2019ins\u00e9rer, par n\u00e9cessit\u00e9 ou pour des raisons esth\u00e9tiques, un muret dans la salle de bain, l\u2019installation peut se faire dans ce cas aussi en montant un troisi\u00e8me c\u00f4t\u00e9 sur le mur lui-m\u00eame. Sur la photo la collection <a href=\"https:\/\/relaxsrl.com\/fr\/produits\/collections\/unico\/\">Unico<\/a>.[\/vc_column_text][vc_empty_space height=\u00a0\u00bb40px\u00a0\u00bb][vc_single_image image=\u00a0\u00bb10661&Prime; img_size=\u00a0\u00bb450&#215;350&Prime; alignment=\u00a0\u00bbcenter\u00a0\u00bb][vc_empty_space height=\u00a0\u00bb40px\u00a0\u00bb][\/vc_column][\/vc_row][vc_row el_id=\u00a0\u00bbparagrafo-6&Prime;][vc_column width=\u00a0\u00bb1\/6&Prime;][\/vc_column][vc_column width=\u00a0\u00bb2\/3&Prime;][vc_column_text]<\/p>\n<h3>Model\u00e9e pour si\u00e8ge<\/h3>\n<p>La grande cabine de douche peut \u00eatre model\u00e9e pour s\u2019adapter \u00e0 une assise int\u00e9rieure. Il est alors n\u00e9cessaire de modeler le verre dans la partie fixe pour qu\u2019il suive de fa\u00e7on pr\u00e9cise ses dimensions au millim\u00e8tre pr\u00e8s. Il devra assurer la \u00e9tanch\u00e9it\u00e9 de l\u2019eau. Sur la photo la collection <a href=\"https:\/\/relaxsrl.com\/fr\/produits\/collections\/axia\/\">Axia<\/a>.[\/vc_column_text][vc_empty_space height=\u00a0\u00bb40px\u00a0\u00bb][vc_single_image image=\u00a0\u00bb10649&Prime; img_size=\u00a0\u00bb450&#215;350&Prime; alignment=\u00a0\u00bbcenter\u00a0\u00bb][vc_empty_space height=\u00a0\u00bb40px\u00a0\u00bb][\/vc_column][\/vc_row][vc_row][vc_column][vc_empty_space height=\u00a0\u00bb50px\u00a0\u00bb][\/vc_column][\/vc_row][vc_row full_width=\u00a0\u00bbstretch_row_content_no_spaces\u00a0\u00bb equal_height=\u00a0\u00bbyes\u00a0\u00bb content_placement=\u00a0\u00bbmiddle\u00a0\u00bb el_class=\u00a0\u00bbrow-over-footer row-cta-over-footer\u00a0\u00bb][vc_column width=\u00a0\u00bb1\/2&Prime;][vc_single_image image=\u00a0\u00bb2291&Prime; img_size=\u00a0\u00bbfull\u00a0\u00bb][\/vc_column][vc_column width=\u00a0\u00bb1\/2&Prime; css=\u00a0\u00bb.vc_custom_1632906345737{background-image: url(http:\/\/relaxsrl.com\/wp-content\/uploads\/2021\/09\/cta-su-misura-opaco.jpg?id=2293) !important;background-position: center !important;background-repeat: no-repeat !important;background-size: cover !important;}\u00a0\u00bb el_class=\u00a0\u00bbrow-cta-over-footer-col-text\u00a0\u00bb][vc_row_inner][vc_column_inner width=\u00a0\u00bb1\/4&Prime;][\/vc_column_inner][vc_column_inner width=\u00a0\u00bb1\/2&Prime;][vc_column_text]<\/p>\n<h2 style=\"text-align: center;\">Demande en plus!<\/h2>\n<p style=\"text-align: center;\">Relax est sp\u00e9cialis\u00e9e dans la cabine de douche sur mesure. R\u00e9alise au millim\u00e8tre pr\u00e8s. \u00c9crivez-nous maintenant pour v\u00e9rifier votre situation avec des experts Relax.<\/p>\n<p>[\/vc_column_text][vc_btn title=\u00a0\u00bbDEMANDER DES INFORMATIONS\u00a0\u00bb style=\u00a0\u00bbclassic\u00a0\u00bb shape=\u00a0\u00bbsquare\u00a0\u00bb color=\u00a0\u00bbwhite\u00a0\u00bb align=\u00a0\u00bbcenter\u00a0\u00bb el_class=\u00a0\u00bbbtn-default-white\u00a0\u00bb link=\u00a0\u00bburl:http%3A%2F%2Frelaxsrl.com%2Ffr%2Fcontacts%2F|title:DEMANDER%20DES%20INFORMATIONS|\u00a0\u00bb][\/vc_column_inner][vc_column_inner width=\u00a0\u00bb1\/4&Prime;][\/vc_column_inner][\/vc_row_inner][\/vc_column][\/vc_row]<\/p>\n","protected":false},"excerpt":{"rendered":"<p>[vc_row full_width=\u00a0\u00bbstretch_row\u00a0\u00bb content_placement=\u00a0\u00bbmiddle\u00a0\u00bb el_class=\u00a0\u00bbintro-row intro-row-grey\u00a0\u00bb][vc_column][vc_column_text] Cabine de douche sur mesure [\/vc_column_text][\/vc_column][\/vc_row][vc_row el_class=\u00a0\u00bbrow-path\u00a0\u00bb][vc_column][vc_column_text][\/vc_column_text][\/vc_column][\/vc_row][vc_row][vc_column][vc_single_image image=\u00a0\u00bb2287&Prime; img_size=\u00a0\u00bbfull\u00a0\u00bb][\/vc_column][\/vc_row][vc_row][vc_column width=\u00a0\u00bb1\/6&Prime;][\/vc_column][vc_column width=\u00a0\u00bb2\/3&Prime;][vc_empty_space height=\u00a0\u00bb40px\u00a0\u00bb][vc_column_text el_class=\u00a0\u00bbtxt-blue abstract weight500&Prime;]Les fabricants de cabines de douche offrent \u00e9galement le service sur mesure, en r\u00e8gle g\u00e9n\u00e9rale. C\u2019est certainement ce que fait le bureau technique interne de Relax, qui s\u2019occupe de ce guide pour le choix de la [&hellip;]<\/p>\n","protected":false},"author":3,"featured_media":2287,"parent":11392,"menu_order":0,"comment_status":"closed","ping_status":"closed","template":"","meta":[],"acf":[],"yoast_head":"<!-- This site is optimized with the Yoast SEO Premium plugin v18.4 (Yoast SEO v18.8) - https:\/\/yoast.com\/wordpress\/plugins\/seo\/ -->\n<title>Cabine de douche sur mesure - Relax srl<\/title>\n<meta name=\"description\" content=\"D\u00e9couvrez le cabine de douche sur mesure Relax, cr\u00e9\u00e9es pour satisfaire tous les besoins d&#039;ameublement de votre espace salle de bain.\" \/>\n<meta name=\"robots\" content=\"index, follow, max-snippet:-1, max-image-preview:large, max-video-preview:-1\" \/>\n<link rel=\"canonical\" href=\"https:\/\/relaxsrl.com\/fr\/aide-au-choix\/cabine-de-douche-sur-mesure\/\" \/>\n<meta property=\"og:locale\" content=\"fr_FR\" \/>\n<meta property=\"og:type\" content=\"article\" \/>\n<meta property=\"og:title\" content=\"Cabine de douche sur mesure - Relax srl\" \/>\n<meta property=\"og:description\" content=\"D\u00e9couvrez le cabine de douche sur mesure Relax, cr\u00e9\u00e9es pour satisfaire tous les besoins d&#039;ameublement de votre espace salle de bain.\" \/>\n<meta property=\"og:url\" content=\"https:\/\/relaxsrl.com\/fr\/aide-au-choix\/cabine-de-douche-sur-mesure\/\" \/>\n<meta property=\"og:site_name\" content=\"Relax srl\" \/>\n<meta property=\"article:modified_time\" content=\"2024-11-18T09:17:57+00:00\" \/>\n<meta property=\"og:image\" content=\"https:\/\/relaxsrl.com\/website\/wp-content\/uploads\/2021\/09\/UNICO_AA_6.jpg\" \/>\n\t<meta property=\"og:image:width\" content=\"1800\" \/>\n\t<meta property=\"og:image:height\" content=\"1243\" \/>\n\t<meta property=\"og:image:type\" content=\"image\/jpeg\" \/>\n<meta name=\"twitter:card\" content=\"summary_large_image\" \/>\n<meta name=\"twitter:label1\" content=\"Dur\u00e9e de lecture estim\u00e9e\" \/>\n\t<meta name=\"twitter:data1\" content=\"5 minutes\" \/>\n<script type=\"application\/ld+json\" class=\"yoast-schema-graph\">{\"@context\":\"https:\/\/schema.org\",\"@graph\":[{\"@type\":\"WebSite\",\"@id\":\"https:\/\/relaxsrl.com\/#website\",\"url\":\"https:\/\/relaxsrl.com\/\",\"name\":\"Relax srl\",\"description\":\"\",\"potentialAction\":[{\"@type\":\"SearchAction\",\"target\":{\"@type\":\"EntryPoint\",\"urlTemplate\":\"https:\/\/relaxsrl.com\/?s={search_term_string}\"},\"query-input\":\"required name=search_term_string\"}],\"inLanguage\":\"fr-FR\"},{\"@type\":\"ImageObject\",\"inLanguage\":\"fr-FR\",\"@id\":\"https:\/\/relaxsrl.com\/fr\/aide-au-choix\/cabine-de-douche-sur-mesure\/#primaryimage\",\"url\":\"https:\/\/relaxsrl.com\/website\/wp-content\/uploads\/2021\/09\/UNICO_AA_6.jpg\",\"contentUrl\":\"https:\/\/relaxsrl.com\/website\/wp-content\/uploads\/2021\/09\/UNICO_AA_6.jpg\",\"width\":1800,\"height\":1243,\"caption\":\"Cabina doccia su misura con muretto a centro stanza e vetro sagomato\"},{\"@type\":\"WebPage\",\"@id\":\"https:\/\/relaxsrl.com\/fr\/aide-au-choix\/cabine-de-douche-sur-mesure\/#webpage\",\"url\":\"https:\/\/relaxsrl.com\/fr\/aide-au-choix\/cabine-de-douche-sur-mesure\/\",\"name\":\"Cabine de douche sur mesure - Relax srl\",\"isPartOf\":{\"@id\":\"https:\/\/relaxsrl.com\/#website\"},\"primaryImageOfPage\":{\"@id\":\"https:\/\/relaxsrl.com\/fr\/aide-au-choix\/cabine-de-douche-sur-mesure\/#primaryimage\"},\"datePublished\":\"2021-11-22T16:29:26+00:00\",\"dateModified\":\"2024-11-18T09:17:57+00:00\",\"description\":\"D\u00e9couvrez le cabine de douche sur mesure Relax, cr\u00e9\u00e9es pour satisfaire tous les besoins d'ameublement de votre espace salle de bain.\",\"breadcrumb\":{\"@id\":\"https:\/\/relaxsrl.com\/fr\/aide-au-choix\/cabine-de-douche-sur-mesure\/#breadcrumb\"},\"inLanguage\":\"fr-FR\",\"potentialAction\":[{\"@type\":\"ReadAction\",\"target\":[\"https:\/\/relaxsrl.com\/fr\/aide-au-choix\/cabine-de-douche-sur-mesure\/\"]}]},{\"@type\":\"BreadcrumbList\",\"@id\":\"https:\/\/relaxsrl.com\/fr\/aide-au-choix\/cabine-de-douche-sur-mesure\/#breadcrumb\",\"itemListElement\":[{\"@type\":\"ListItem\",\"position\":1,\"name\":\"Aide au choix\",\"item\":\"https:\/\/relaxsrl.com\/fr\/aide-au-choix\/\"},{\"@type\":\"ListItem\",\"position\":2,\"name\":\"Cabine de douche sur mesure\"}]}]}<\/script>\n<!-- \/ Yoast SEO Premium plugin. -->","yoast_head_json":{"title":"Cabine de douche sur mesure - Relax srl","description":"D\u00e9couvrez le cabine de douche sur mesure Relax, cr\u00e9\u00e9es pour satisfaire tous les besoins d'ameublement de votre espace salle de bain.","robots":{"index":"index","follow":"follow","max-snippet":"max-snippet:-1","max-image-preview":"max-image-preview:large","max-video-preview":"max-video-preview:-1"},"canonical":"https:\/\/relaxsrl.com\/fr\/aide-au-choix\/cabine-de-douche-sur-mesure\/","og_locale":"fr_FR","og_type":"article","og_title":"Cabine de douche sur mesure - Relax srl","og_description":"D\u00e9couvrez le cabine de douche sur mesure Relax, cr\u00e9\u00e9es pour satisfaire tous les besoins d'ameublement de votre espace salle de bain.","og_url":"https:\/\/relaxsrl.com\/fr\/aide-au-choix\/cabine-de-douche-sur-mesure\/","og_site_name":"Relax srl","article_modified_time":"2024-11-18T09:17:57+00:00","og_image":[{"width":1800,"height":1243,"url":"https:\/\/relaxsrl.com\/website\/wp-content\/uploads\/2021\/09\/UNICO_AA_6.jpg","type":"image\/jpeg"}],"twitter_card":"summary_large_image","twitter_misc":{"Dur\u00e9e de lecture estim\u00e9e":"5 minutes"},"schema":{"@context":"https:\/\/schema.org","@graph":[{"@type":"WebSite","@id":"https:\/\/relaxsrl.com\/#website","url":"https:\/\/relaxsrl.com\/","name":"Relax srl","description":"","potentialAction":[{"@type":"SearchAction","target":{"@type":"EntryPoint","urlTemplate":"https:\/\/relaxsrl.com\/?s={search_term_string}"},"query-input":"required name=search_term_string"}],"inLanguage":"fr-FR"},{"@type":"ImageObject","inLanguage":"fr-FR","@id":"https:\/\/relaxsrl.com\/fr\/aide-au-choix\/cabine-de-douche-sur-mesure\/#primaryimage","url":"https:\/\/relaxsrl.com\/website\/wp-content\/uploads\/2021\/09\/UNICO_AA_6.jpg","contentUrl":"https:\/\/relaxsrl.com\/website\/wp-content\/uploads\/2021\/09\/UNICO_AA_6.jpg","width":1800,"height":1243,"caption":"Cabina doccia su misura con muretto a centro stanza e vetro sagomato"},{"@type":"WebPage","@id":"https:\/\/relaxsrl.com\/fr\/aide-au-choix\/cabine-de-douche-sur-mesure\/#webpage","url":"https:\/\/relaxsrl.com\/fr\/aide-au-choix\/cabine-de-douche-sur-mesure\/","name":"Cabine de douche sur mesure - Relax srl","isPartOf":{"@id":"https:\/\/relaxsrl.com\/#website"},"primaryImageOfPage":{"@id":"https:\/\/relaxsrl.com\/fr\/aide-au-choix\/cabine-de-douche-sur-mesure\/#primaryimage"},"datePublished":"2021-11-22T16:29:26+00:00","dateModified":"2024-11-18T09:17:57+00:00","description":"D\u00e9couvrez le cabine de douche sur mesure Relax, cr\u00e9\u00e9es pour satisfaire tous les besoins d'ameublement de votre espace salle de bain.","breadcrumb":{"@id":"https:\/\/relaxsrl.com\/fr\/aide-au-choix\/cabine-de-douche-sur-mesure\/#breadcrumb"},"inLanguage":"fr-FR","potentialAction":[{"@type":"ReadAction","target":["https:\/\/relaxsrl.com\/fr\/aide-au-choix\/cabine-de-douche-sur-mesure\/"]}]},{"@type":"BreadcrumbList","@id":"https:\/\/relaxsrl.com\/fr\/aide-au-choix\/cabine-de-douche-sur-mesure\/#breadcrumb","itemListElement":[{"@type":"ListItem","position":1,"name":"Aide au choix","item":"https:\/\/relaxsrl.com\/fr\/aide-au-choix\/"},{"@type":"ListItem","position":2,"name":"Cabine de douche sur mesure"}]}]}},"_links":{"self":[{"href":"https:\/\/relaxsrl.com\/fr\/wp-json\/wp\/v2\/pages\/12349"}],"collection":[{"href":"https:\/\/relaxsrl.com\/fr\/wp-json\/wp\/v2\/pages"}],"about":[{"href":"https:\/\/relaxsrl.com\/fr\/wp-json\/wp\/v2\/types\/page"}],"author":[{"embeddable":true,"href":"https:\/\/relaxsrl.com\/fr\/wp-json\/wp\/v2\/users\/3"}],"replies":[{"embeddable":true,"href":"https:\/\/relaxsrl.com\/fr\/wp-json\/wp\/v2\/comments?post=12349"}],"version-history":[{"count":9,"href":"https:\/\/relaxsrl.com\/fr\/wp-json\/wp\/v2\/pages\/12349\/revisions"}],"predecessor-version":[{"id":31241,"href":"https:\/\/relaxsrl.com\/fr\/wp-json\/wp\/v2\/pages\/12349\/revisions\/31241"}],"up":[{"embeddable":true,"href":"https:\/\/relaxsrl.com\/fr\/wp-json\/wp\/v2\/pages\/11392"}],"wp:featuredmedia":[{"embeddable":true,"href":"https:\/\/relaxsrl.com\/fr\/wp-json\/wp\/v2\/media\/2287"}],"wp:attachment":[{"href":"https:\/\/relaxsrl.com\/fr\/wp-json\/wp\/v2\/media?parent=12349"}],"curies":[{"name":"wp","href":"https:\/\/api.w.org\/{rel}","templated":true}]}}