{"id":12363,"date":"2021-11-22T17:42:13","date_gmt":"2021-11-22T16:42:13","guid":{"rendered":"http:\/\/relaxsrl.com\/aide-au-choix\/cabine-de-douche-trois-cotes\/"},"modified":"2025-11-12T16:23:02","modified_gmt":"2025-11-12T15:23:02","slug":"cabine-de-douche-trois-cotes","status":"publish","type":"page","link":"https:\/\/relaxsrl.com\/fr\/aide-au-choix\/cabine-de-douche-trois-cotes\/","title":{"rendered":"Cabine de douche trois c\u00f4t\u00e9s"},"content":{"rendered":"<p>[vc_row full_width=\u00a0\u00bbstretch_row\u00a0\u00bb content_placement=\u00a0\u00bbmiddle\u00a0\u00bb el_class=\u00a0\u00bbintro-row intro-row-grey\u00a0\u00bb][vc_column][vc_column_text]<\/p>\n<h1>Cabine de douche trois c\u00f4t\u00e9s<\/h1>\n<p>[\/vc_column_text][\/vc_column][\/vc_row][vc_row el_class=\u00a0\u00bbrow-path\u00a0\u00bb][vc_column][vc_column_text][\/vc_column_text][\/vc_column][\/vc_row][vc_row][vc_column][vc_single_image image=\u00a0\u00bb31250&Prime; img_size=\u00a0\u00bbfull\u00a0\u00bb][\/vc_column][\/vc_row][vc_row][vc_column width=\u00a0\u00bb1\/6&Prime;][\/vc_column][vc_column width=\u00a0\u00bb2\/3&Prime;][vc_empty_space height=\u00a0\u00bb40px\u00a0\u00bb][vc_column_text el_class=\u00a0\u00bbtxt-blue abstract weight500&Prime;]La cabine de douche \u00e0 trois c\u00f4t\u00e9s, \u00e9galement appel\u00e9 mur de centre, est tr\u00e8s polyvalente pour les mod\u00e8les, les types d\u2019ouvertures et les styles permettent ainsi des solutions infinies, des plus \u00e9conomiques aux plus luxueux[\/vc_column_text][vc_empty_space height=\u00a0\u00bb35px\u00a0\u00bb][\/vc_column][\/vc_row][vc_row][vc_column width=\u00a0\u00bb1\/6&Prime;][\/vc_column][vc_column width=\u00a0\u00bb2\/3&Prime;][vc_column_text]<\/p>\n<ul>\n<li><a class=\"link-interno link-interno-paragrafo-1\" href=\"#\">Cabine de douche trois c\u00f4t\u00e9s: caract\u00e9ristiques<\/a><\/li>\n<li><a class=\"link-interno link-interno-paragrafo-2\" href=\"#\">Cabine de douche trois c\u00f4t\u00e9s: portes<\/a><\/li>\n<li><a class=\"link-interno link-interno-paragrafo-3\" href=\"#\">Avantages de la douche trois c\u00f4t\u00e9s<\/a><\/li>\n<\/ul>\n<p>[\/vc_column_text][vc_empty_space height=\u00a0\u00bb40px\u00a0\u00bb][\/vc_column][\/vc_row][vc_row el_id=\u00a0\u00bbparagrafo-1&Prime;][vc_column width=\u00a0\u00bb1\/6&Prime;][\/vc_column][vc_column width=\u00a0\u00bb2\/3&Prime;][vc_column_text]<\/p>\n<h2>Cabine de douche trois c\u00f4t\u00e9s: caract\u00e9ristiques<\/h2>\n<p>Se compose de <strong>trois parois de verre adoss\u00e9s \u00e0 une paroi centrale<\/strong>. Pour cette raison, la solution est \u00e9galement d\u00e9finie <strong>centre mural et douche centrale<\/strong>. C\u2019est certainement la proposition la plus attentive \u00e0 l\u2019esth\u00e9tique car elle exploite la beaut\u00e9 du verre sur trois c\u00f4t\u00e9s. Cela ne signifie pas n\u00e9cessairement qu\u2019il doit \u00eatre co\u00fbteux: il peut certainement \u00eatre une <strong>cabine de douche de luxe<\/strong>, mais il offre \u00e9galement de nombreuses possibilit\u00e9s pour les cabines de douche bon march\u00e9. Elle est \u00e9galement souvent utilis\u00e9e comme <strong>solution de remplacement de la baignoire.<\/strong>[\/vc_column_text][vc_empty_space height=\u00a0\u00bb40px\u00a0\u00bb][\/vc_column][\/vc_row][vc_row el_id=\u00a0\u00bbparagrafo-2&Prime;][vc_column width=\u00a0\u00bb1\/6&Prime;][\/vc_column][vc_column width=\u00a0\u00bb2\/3&Prime;][vc_column_text]<\/p>\n<h2>Cabine de douche trois c\u00f4t\u00e9s: portes<\/h2>\n<ul>\n<li><strong>Paroi fixe<\/strong> pour une solution esth\u00e9tique de grand impact<\/li>\n<li><strong>Coulissante<\/strong> pour une solution pratique d\u2019utilisation et tr\u00e8s polyvalent, des propositions \u00e9conomiques aux propositions de luxe<\/li>\n<li><strong>Battante<\/strong> pour une solution polyvalente et facile \u00e0 nettoyer avec des propositions de toutes sortes, de celles \u00e9conomiques au luxe<\/li>\n<li><strong>Pivotante<\/strong> pour ceux qui veulent une solution battante et en m\u00eame temps r\u00e9duire l\u2019encombrement de la porte lors de l\u2019ouverture<\/li>\n<li><strong>Saloon<\/strong> pour une solution pratique d\u2019utilisation, \u00e9conomique et avec un faible encombrement ext\u00e9rieur<\/li>\n<li><strong>Pliable<\/strong> pour une solution \u00e9conomique et peu encombrante, qui n\u00e9cessite une ouverture totale de la porte sans encombrement vers l\u2019ext\u00e9rieur<\/li>\n<\/ul>\n<p>[\/vc_column_text][vc_empty_space height=\u00a0\u00bb40px\u00a0\u00bb][\/vc_column][\/vc_row][vc_row el_id=\u00a0\u00bbparagrafo-3&Prime;][vc_column width=\u00a0\u00bb1\/6&Prime;][\/vc_column][vc_column width=\u00a0\u00bb2\/3&Prime;][vc_column_text]<\/p>\n<h2>Avantages de la douche \u00e0 trois c\u00f4t\u00e9s<\/h2>\n<p>La douche \u00e0 trois c\u00f4t\u00e9s permet des <strong>solutions tr\u00e8s diff\u00e9rentes pour les mod\u00e8les, les styles, les types d\u2019ouvertures<\/strong> avec cabines de douche compos\u00e9es, par exemple, de deux parois fixes et une porte centrale ou d\u2019un verre fixe et de deux portes angulaires . Elle est souvent <strong>r\u00e9solutive dans le cas de salles de bains longues et tr\u00e8s \u00e9troites<\/strong> car elle exploite le centre de l\u2019un des deux longs murs et pourrait m\u00eame dispara\u00eetre avec deux portes pliantes qui permettent de fermer l\u2019ensemble de la cabine de douche murale et donc d\u2019optimiser les espaces int\u00e9rieurs de la chambre. Toutes les solutions sont certifi\u00e9es <a href=\"https:\/\/www.tuvsud.com\/fr-fr\">T\u00dcV S\u00dcD<\/a>.[\/vc_column_text][vc_empty_space height=\u00a0\u00bb140px\u00a0\u00bb][\/vc_column][\/vc_row][vc_row full_width=\u00a0\u00bbstretch_row_content_no_spaces\u00a0\u00bb equal_height=\u00a0\u00bbyes\u00a0\u00bb content_placement=\u00a0\u00bbmiddle\u00a0\u00bb el_class=\u00a0\u00bbrow-over-footer row-cta-over-footer\u00a0\u00bb][vc_column width=\u00a0\u00bb1\/2&Prime;][vc_single_image image=\u00a0\u00bb32011&Prime; img_size=\u00a0\u00bbfull\u00a0\u00bb][\/vc_column][vc_column width=\u00a0\u00bb1\/2&Prime; css=\u00a0\u00bb.vc_custom_1762957416354{background-image: url(https:\/\/relaxsrl.com\/website\/wp-content\/uploads\/2025\/11\/immagine-blur-CTA_3lati.jpg?id=32001) !important;background-position: center !important;background-repeat: no-repeat !important;background-size: cover !important;}\u00a0\u00bb el_class=\u00a0\u00bbrow-cta-over-footer-col-text\u00a0\u00bb][vc_row_inner][vc_column_inner width=\u00a0\u00bb1\/4&Prime;][\/vc_column_inner][vc_column_inner width=\u00a0\u00bb1\/2&Prime;][vc_column_text]<\/p>\n<h2 style=\"text-align: center;\">D\u00e9couvrez les cabines de douche trois c\u00f4t\u00e9s Relax<\/h2>\n<p style=\"text-align: center;\">Utilisez notre configurateur pour voir toutes les propositions de cabines de douche trois c\u00f4t\u00e9s Relax.<\/p>\n<p>[\/vc_column_text][vc_btn title=\u00a0\u00bbALLER AU CONFIGURATEUR\u00a0\u00bb style=\u00a0\u00bbclassic\u00a0\u00bb shape=\u00a0\u00bbsquare\u00a0\u00bb color=\u00a0\u00bbwhite\u00a0\u00bb align=\u00a0\u00bbcenter\u00a0\u00bb el_class=\u00a0\u00bbbtn-default-white\u00a0\u00bb link=\u00a0\u00bburl:http%3A%2F%2Frelaxsrl.com%2Ffr%2Fproduits%2Fconfigurateur%2F|title:Configurateur\u00a0\u00bb][\/vc_column_inner][vc_column_inner width=\u00a0\u00bb1\/4&Prime;][\/vc_column_inner][\/vc_row_inner][\/vc_column][\/vc_row]<\/p>\n","protected":false},"excerpt":{"rendered":"<p>[vc_row full_width=\u00a0\u00bbstretch_row\u00a0\u00bb content_placement=\u00a0\u00bbmiddle\u00a0\u00bb el_class=\u00a0\u00bbintro-row intro-row-grey\u00a0\u00bb][vc_column][vc_column_text] Cabine de douche trois c\u00f4t\u00e9s [\/vc_column_text][\/vc_column][\/vc_row][vc_row el_class=\u00a0\u00bbrow-path\u00a0\u00bb][vc_column][vc_column_text][\/vc_column_text][\/vc_column][\/vc_row][vc_row][vc_column][vc_single_image image=\u00a0\u00bb31250&Prime; img_size=\u00a0\u00bbfull\u00a0\u00bb][\/vc_column][\/vc_row][vc_row][vc_column width=\u00a0\u00bb1\/6&Prime;][\/vc_column][vc_column width=\u00a0\u00bb2\/3&Prime;][vc_empty_space height=\u00a0\u00bb40px\u00a0\u00bb][vc_column_text el_class=\u00a0\u00bbtxt-blue abstract weight500&Prime;]La cabine de douche \u00e0 trois c\u00f4t\u00e9s, \u00e9galement appel\u00e9 mur de centre, est tr\u00e8s polyvalente pour les mod\u00e8les, les types d\u2019ouvertures et les styles permettent ainsi des solutions infinies, des plus \u00e9conomiques aux plus luxueux[\/vc_column_text][vc_empty_space height=\u00a0\u00bb35px\u00a0\u00bb][\/vc_column][\/vc_row][vc_row][vc_column [&hellip;]<\/p>\n","protected":false},"author":3,"featured_media":31250,"parent":11392,"menu_order":0,"comment_status":"closed","ping_status":"closed","template":"","meta":[],"acf":[],"yoast_head":"<!-- This site is optimized with the Yoast SEO Premium plugin v18.4 (Yoast SEO v18.8) - https:\/\/yoast.com\/wordpress\/plugins\/seo\/ -->\n<title>Cabine de douche trois c\u00f4t\u00e9s - Relax srl<\/title>\n<meta name=\"description\" content=\"La cabine de douche \u00e0 trois c\u00f4t\u00e9s est tr\u00e8s polyvalente en termes de mod\u00e8les, types d&#039;ouvertures et styles.\" \/>\n<meta name=\"robots\" content=\"index, follow, max-snippet:-1, max-image-preview:large, max-video-preview:-1\" \/>\n<link rel=\"canonical\" href=\"https:\/\/relaxsrl.com\/fr\/aide-au-choix\/cabine-de-douche-trois-cotes\/\" \/>\n<meta property=\"og:locale\" content=\"fr_FR\" \/>\n<meta property=\"og:type\" content=\"article\" \/>\n<meta property=\"og:title\" content=\"Cabine de douche trois c\u00f4t\u00e9s - Relax srl\" \/>\n<meta property=\"og:description\" content=\"La cabine de douche \u00e0 trois c\u00f4t\u00e9s est tr\u00e8s polyvalente en termes de mod\u00e8les, types d&#039;ouvertures et styles.\" \/>\n<meta property=\"og:url\" content=\"https:\/\/relaxsrl.com\/fr\/aide-au-choix\/cabine-de-douche-trois-cotes\/\" \/>\n<meta property=\"og:site_name\" content=\"Relax srl\" \/>\n<meta property=\"article:modified_time\" content=\"2025-11-12T15:23:02+00:00\" \/>\n<meta property=\"og:image\" content=\"https:\/\/relaxsrl.com\/website\/wp-content\/uploads\/2024\/11\/TIPO-BOX-DOCCIA_1.jpg\" \/>\n\t<meta property=\"og:image:width\" content=\"1920\" \/>\n\t<meta property=\"og:image:height\" content=\"1080\" \/>\n\t<meta property=\"og:image:type\" content=\"image\/jpeg\" \/>\n<meta name=\"twitter:card\" content=\"summary_large_image\" \/>\n<meta name=\"twitter:label1\" content=\"Dur\u00e9e de lecture estim\u00e9e\" \/>\n\t<meta name=\"twitter:data1\" content=\"3 minutes\" \/>\n<script type=\"application\/ld+json\" class=\"yoast-schema-graph\">{\"@context\":\"https:\/\/schema.org\",\"@graph\":[{\"@type\":\"WebSite\",\"@id\":\"https:\/\/relaxsrl.com\/#website\",\"url\":\"https:\/\/relaxsrl.com\/\",\"name\":\"Relax srl\",\"description\":\"\",\"potentialAction\":[{\"@type\":\"SearchAction\",\"target\":{\"@type\":\"EntryPoint\",\"urlTemplate\":\"https:\/\/relaxsrl.com\/?s={search_term_string}\"},\"query-input\":\"required name=search_term_string\"}],\"inLanguage\":\"fr-FR\"},{\"@type\":\"ImageObject\",\"inLanguage\":\"fr-FR\",\"@id\":\"https:\/\/relaxsrl.com\/fr\/aide-au-choix\/cabine-de-douche-trois-cotes\/#primaryimage\",\"url\":\"https:\/\/relaxsrl.com\/website\/wp-content\/uploads\/2024\/11\/TIPO-BOX-DOCCIA_1.jpg\",\"contentUrl\":\"https:\/\/relaxsrl.com\/website\/wp-content\/uploads\/2024\/11\/TIPO-BOX-DOCCIA_1.jpg\",\"width\":1920,\"height\":1080},{\"@type\":\"WebPage\",\"@id\":\"https:\/\/relaxsrl.com\/fr\/aide-au-choix\/cabine-de-douche-trois-cotes\/#webpage\",\"url\":\"https:\/\/relaxsrl.com\/fr\/aide-au-choix\/cabine-de-douche-trois-cotes\/\",\"name\":\"Cabine de douche trois c\u00f4t\u00e9s - Relax srl\",\"isPartOf\":{\"@id\":\"https:\/\/relaxsrl.com\/#website\"},\"primaryImageOfPage\":{\"@id\":\"https:\/\/relaxsrl.com\/fr\/aide-au-choix\/cabine-de-douche-trois-cotes\/#primaryimage\"},\"datePublished\":\"2021-11-22T16:42:13+00:00\",\"dateModified\":\"2025-11-12T15:23:02+00:00\",\"description\":\"La cabine de douche \u00e0 trois c\u00f4t\u00e9s est tr\u00e8s polyvalente en termes de mod\u00e8les, types d'ouvertures et styles.\",\"breadcrumb\":{\"@id\":\"https:\/\/relaxsrl.com\/fr\/aide-au-choix\/cabine-de-douche-trois-cotes\/#breadcrumb\"},\"inLanguage\":\"fr-FR\",\"potentialAction\":[{\"@type\":\"ReadAction\",\"target\":[\"https:\/\/relaxsrl.com\/fr\/aide-au-choix\/cabine-de-douche-trois-cotes\/\"]}]},{\"@type\":\"BreadcrumbList\",\"@id\":\"https:\/\/relaxsrl.com\/fr\/aide-au-choix\/cabine-de-douche-trois-cotes\/#breadcrumb\",\"itemListElement\":[{\"@type\":\"ListItem\",\"position\":1,\"name\":\"Aide au choix\",\"item\":\"https:\/\/relaxsrl.com\/fr\/aide-au-choix\/\"},{\"@type\":\"ListItem\",\"position\":2,\"name\":\"Cabine de douche trois c\u00f4t\u00e9s\"}]}]}<\/script>\n<!-- \/ Yoast SEO Premium plugin. -->","yoast_head_json":{"title":"Cabine de douche trois c\u00f4t\u00e9s - Relax srl","description":"La cabine de douche \u00e0 trois c\u00f4t\u00e9s est tr\u00e8s polyvalente en termes de mod\u00e8les, types d'ouvertures et styles.","robots":{"index":"index","follow":"follow","max-snippet":"max-snippet:-1","max-image-preview":"max-image-preview:large","max-video-preview":"max-video-preview:-1"},"canonical":"https:\/\/relaxsrl.com\/fr\/aide-au-choix\/cabine-de-douche-trois-cotes\/","og_locale":"fr_FR","og_type":"article","og_title":"Cabine de douche trois c\u00f4t\u00e9s - Relax srl","og_description":"La cabine de douche \u00e0 trois c\u00f4t\u00e9s est tr\u00e8s polyvalente en termes de mod\u00e8les, types d'ouvertures et styles.","og_url":"https:\/\/relaxsrl.com\/fr\/aide-au-choix\/cabine-de-douche-trois-cotes\/","og_site_name":"Relax srl","article_modified_time":"2025-11-12T15:23:02+00:00","og_image":[{"width":1920,"height":1080,"url":"https:\/\/relaxsrl.com\/website\/wp-content\/uploads\/2024\/11\/TIPO-BOX-DOCCIA_1.jpg","type":"image\/jpeg"}],"twitter_card":"summary_large_image","twitter_misc":{"Dur\u00e9e de lecture estim\u00e9e":"3 minutes"},"schema":{"@context":"https:\/\/schema.org","@graph":[{"@type":"WebSite","@id":"https:\/\/relaxsrl.com\/#website","url":"https:\/\/relaxsrl.com\/","name":"Relax srl","description":"","potentialAction":[{"@type":"SearchAction","target":{"@type":"EntryPoint","urlTemplate":"https:\/\/relaxsrl.com\/?s={search_term_string}"},"query-input":"required name=search_term_string"}],"inLanguage":"fr-FR"},{"@type":"ImageObject","inLanguage":"fr-FR","@id":"https:\/\/relaxsrl.com\/fr\/aide-au-choix\/cabine-de-douche-trois-cotes\/#primaryimage","url":"https:\/\/relaxsrl.com\/website\/wp-content\/uploads\/2024\/11\/TIPO-BOX-DOCCIA_1.jpg","contentUrl":"https:\/\/relaxsrl.com\/website\/wp-content\/uploads\/2024\/11\/TIPO-BOX-DOCCIA_1.jpg","width":1920,"height":1080},{"@type":"WebPage","@id":"https:\/\/relaxsrl.com\/fr\/aide-au-choix\/cabine-de-douche-trois-cotes\/#webpage","url":"https:\/\/relaxsrl.com\/fr\/aide-au-choix\/cabine-de-douche-trois-cotes\/","name":"Cabine de douche trois c\u00f4t\u00e9s - Relax srl","isPartOf":{"@id":"https:\/\/relaxsrl.com\/#website"},"primaryImageOfPage":{"@id":"https:\/\/relaxsrl.com\/fr\/aide-au-choix\/cabine-de-douche-trois-cotes\/#primaryimage"},"datePublished":"2021-11-22T16:42:13+00:00","dateModified":"2025-11-12T15:23:02+00:00","description":"La cabine de douche \u00e0 trois c\u00f4t\u00e9s est tr\u00e8s polyvalente en termes de mod\u00e8les, types d'ouvertures et styles.","breadcrumb":{"@id":"https:\/\/relaxsrl.com\/fr\/aide-au-choix\/cabine-de-douche-trois-cotes\/#breadcrumb"},"inLanguage":"fr-FR","potentialAction":[{"@type":"ReadAction","target":["https:\/\/relaxsrl.com\/fr\/aide-au-choix\/cabine-de-douche-trois-cotes\/"]}]},{"@type":"BreadcrumbList","@id":"https:\/\/relaxsrl.com\/fr\/aide-au-choix\/cabine-de-douche-trois-cotes\/#breadcrumb","itemListElement":[{"@type":"ListItem","position":1,"name":"Aide au choix","item":"https:\/\/relaxsrl.com\/fr\/aide-au-choix\/"},{"@type":"ListItem","position":2,"name":"Cabine de douche trois c\u00f4t\u00e9s"}]}]}},"_links":{"self":[{"href":"https:\/\/relaxsrl.com\/fr\/wp-json\/wp\/v2\/pages\/12363"}],"collection":[{"href":"https:\/\/relaxsrl.com\/fr\/wp-json\/wp\/v2\/pages"}],"about":[{"href":"https:\/\/relaxsrl.com\/fr\/wp-json\/wp\/v2\/types\/page"}],"author":[{"embeddable":true,"href":"https:\/\/relaxsrl.com\/fr\/wp-json\/wp\/v2\/users\/3"}],"replies":[{"embeddable":true,"href":"https:\/\/relaxsrl.com\/fr\/wp-json\/wp\/v2\/comments?post=12363"}],"version-history":[{"count":9,"href":"https:\/\/relaxsrl.com\/fr\/wp-json\/wp\/v2\/pages\/12363\/revisions"}],"predecessor-version":[{"id":32018,"href":"https:\/\/relaxsrl.com\/fr\/wp-json\/wp\/v2\/pages\/12363\/revisions\/32018"}],"up":[{"embeddable":true,"href":"https:\/\/relaxsrl.com\/fr\/wp-json\/wp\/v2\/pages\/11392"}],"wp:featuredmedia":[{"embeddable":true,"href":"https:\/\/relaxsrl.com\/fr\/wp-json\/wp\/v2\/media\/31250"}],"wp:attachment":[{"href":"https:\/\/relaxsrl.com\/fr\/wp-json\/wp\/v2\/media?parent=12363"}],"curies":[{"name":"wp","href":"https:\/\/api.w.org\/{rel}","templated":true}]}}