{"id":12368,"date":"2021-11-22T18:22:22","date_gmt":"2021-11-22T17:22:22","guid":{"rendered":"http:\/\/relaxsrl.com\/aide-au-choix\/cabine-de-douche-paroi-fixe\/"},"modified":"2023-09-07T09:31:09","modified_gmt":"2023-09-07T07:31:09","slug":"cabine-de-douche-paroi-fixe","status":"publish","type":"page","link":"https:\/\/relaxsrl.com\/fr\/aide-au-choix\/cabine-de-douche-paroi-fixe\/","title":{"rendered":"Cabine de douche paroi fixe"},"content":{"rendered":"<p>[vc_row full_width=\u00a0\u00bbstretch_row\u00a0\u00bb content_placement=\u00a0\u00bbmiddle\u00a0\u00bb el_class=\u00a0\u00bbintro-row intro-row-grey\u00a0\u00bb][vc_column][vc_column_text]<\/p>\n<h1>Cabine de douche paroi fixe<\/h1>\n<p>[\/vc_column_text][\/vc_column][\/vc_row][vc_row el_class=\u00a0\u00bbrow-path\u00a0\u00bb][vc_column][vc_column_text][\/vc_column_text][\/vc_column][\/vc_row][vc_row][vc_column][vc_single_image image=\u00a0\u00bb2193&Prime; img_size=\u00a0\u00bbfull\u00a0\u00bb][\/vc_column][\/vc_row][vc_row][vc_column width=\u00a0\u00bb1\/6&Prime;][\/vc_column][vc_column width=\u00a0\u00bb2\/3&Prime;][vc_empty_space height=\u00a0\u00bb40px\u00a0\u00bb][vc_column_text el_class=\u00a0\u00bbtxt-blue abstract weight500&Prime;]La<strong> paroi fixe<\/strong>, \u00e9galement appel\u00e9e cabine de <strong>douche \u00e0 l&rsquo;italienne<\/strong> ou cabine de douche ouverte, est minimale et essentielle, caract\u00e9ris\u00e9e par un acc\u00e8s imm\u00e9diat car elle n&rsquo;a pas de porte.[\/vc_column_text][vc_empty_space height=\u00a0\u00bb35px\u00a0\u00bb][\/vc_column][\/vc_row][vc_row][vc_column width=\u00a0\u00bb1\/6&Prime;][\/vc_column][vc_column width=\u00a0\u00bb2\/3&Prime;][vc_column_text]<\/p>\n<ul>\n<li><a class=\"link-interno link-interno-paragrafo-1\" href=\"#\">Caract\u00e9ristiques de la cabine de douche paroi fixe<\/a><\/li>\n<li><a class=\"link-interno link-interno-paragrafo-2\" href=\"#\">Paroi fixe au ras du sol ou au dessus du receveur<\/a><\/li>\n<li><a class=\"link-interno link-interno-paragrafo-3\" href=\"#\">Avantages de la cabine de douche paroi fixe<\/a><\/li>\n<li>Brevets Relax pour la paroi fixe\n<ul>\n<li><a class=\"link-interno link-interno-paragrafo-4\" href=\"#\">Oblique: \u00e9tag\u00e8re et barre de support ensemble<\/a><\/li>\n<li><a class=\"link-interno link-interno-paragrafo-5\" href=\"#\">Bobox: cabine de douche paroi fixe avec verre incurv\u00e9<\/a><\/li>\n<\/ul>\n<\/li>\n<\/ul>\n<p>[\/vc_column_text][vc_empty_space height=\u00a0\u00bb40px\u00a0\u00bb][\/vc_column][\/vc_row][vc_row el_id=\u00a0\u00bbparagrafo-1&Prime;][vc_column width=\u00a0\u00bb1\/6&Prime;][\/vc_column][vc_column width=\u00a0\u00bb2\/3&Prime;][vc_column_text]<\/p>\n<h2>Caract\u00e9ristiques de la cabine de douche paroi fixe<\/h2>\n<p>La <strong>cabine de douche \u00e0 l&rsquo;italienne<\/strong> est de grande dimension, constitu\u00e9e d&rsquo;une ou plusieurs vitres fixes, <strong>positionn\u00e9es au centre du mur, dans une niche ou un angle<\/strong>, souvent compl\u00e9t\u00e9es par des receveurs de douche design ou \u00e0 fleur de sol. Caract\u00e9ris\u00e9 par l&rsquo;absence de portes, il a un seul profil \u00e0 fixer au mur et une <strong>barre de support qui sert \u00e0 donner de la stabilit\u00e9<\/strong> au verre en cas de choc. Il est tr\u00e8s polyvalent, mais il n\u00e9cessite quelques pr\u00e9cautions. Le premier est qu&rsquo;il a besoin d&rsquo;espace car, sans porte, la vitre devrait \u00eatre suffisante pour limiter les d\u00e9versements sur le sol et les meubles \u00e0 l&rsquo;ext\u00e9rieur de la zone. La seconde est que, encore une fois, car sans porte, ce n&rsquo;est pas une solution adapt\u00e9e aux personnes qui souffrent du froid.<br \/>\nLes mesures recommand\u00e9es pour un paroi fixe varient:<\/p>\n<ul>\n<li>70 cm pour une petite salle de bain jusqu&rsquo;\u00e0 180 cm de longueur<\/li>\n<li>de 70 \u00e0 100 cm de profondeur<\/li>\n<li>de 200 \u00e0 230 cm de hauteur<\/li>\n<\/ul>\n<p>[\/vc_column_text][vc_empty_space height=\u00a0\u00bb40px\u00a0\u00bb][\/vc_column][\/vc_row][vc_row el_id=\u00a0\u00bbparagrafo-2&Prime;][vc_column width=\u00a0\u00bb1\/6&Prime;][\/vc_column][vc_column width=\u00a0\u00bb2\/3&Prime;][vc_column_text]<\/p>\n<h2>Paroi fixe au ras du sol ou au dessus du receveur<\/h2>\n<p>La paroi fixe peut \u00eatre mont\u00e9e sur un receveur de douche <strong>au ras du sol ou au-dessus du sol<\/strong>. Dans le premier cas, il est id\u00e9al pour les personnes \u00e0 mobilit\u00e9 r\u00e9duite et, dans tous les cas, il a une plus grande propret\u00e9 esth\u00e9tique. Alternativement, il peut \u00eatre install\u00e9 sur un receveur de douche plac\u00e9 au-dessus du sol. Dans tous les cas, il doit \u00eatre mont\u00e9 avec un mat\u00e9riau imperm\u00e9abilisant tel que du silicone.[\/vc_column_text][vc_empty_space height=\u00a0\u00bb40px\u00a0\u00bb][\/vc_column][\/vc_row][vc_row el_id=\u00a0\u00bbparagrafo-3&Prime;][vc_column width=\u00a0\u00bb1\/6&Prime;][\/vc_column][vc_column width=\u00a0\u00bb2\/3&Prime;][vc_column_text]<\/p>\n<h2>Avantages de la cabine de douche paroi fixe<\/h2>\n<p>La<strong> cabine de douche \u00e0 l&rsquo;italienne<\/strong> au design minimal est parfaite pour ceux qui recherchent une solution \u00e9l\u00e9gante et avec un espace plus grand que la cabine classique. En ce sens, la douche de plain-pied et sans profil de confinement est id\u00e9ale pour les personnes \u00e0 mobilit\u00e9 r\u00e9duite.<br \/>\nIl est \u00e9galement tr\u00e8s rapide \u00e0 nettoyer car il est compos\u00e9 de quelques \u00e9l\u00e9ments, en particulier de quelques profils. Il satisfait enfin ceux qui souhaitent personnaliser les verres utilis\u00e9s car, au-del\u00e0 des panneaux transparents traditionnels qui donnent propret\u00e9 et profondeur \u00e0 l\u2019espace, il y a beaucoup d\u2019alternatives, du verre fum\u00e9 au verre satin\u00e9, au verre s\u00e9rigraphi\u00e9.[\/vc_column_text][vc_empty_space height=\u00a0\u00bb40px\u00a0\u00bb][\/vc_column][\/vc_row][vc_row][vc_column width=\u00a0\u00bb1\/6&Prime;][\/vc_column][vc_column width=\u00a0\u00bb2\/3&Prime;][vc_column_text]<\/p>\n<h2>Brevets Relax pour la paroi fixe<\/h2>\n<p>[\/vc_column_text][vc_empty_space height=\u00a0\u00bb20px\u00a0\u00bb][\/vc_column][\/vc_row][vc_row el_id=\u00a0\u00bbparagrafo-4&Prime;][vc_column width=\u00a0\u00bb1\/6&Prime;][\/vc_column][vc_column width=\u00a0\u00bb2\/3&Prime;][vc_column_text]<\/p>\n<h3>Oblique: \u00e9tag\u00e8re et barre de support ensemble<\/h3>\n<p>L\u2019\u00e9tag\u00e8re Oblique brevet\u00e9e par Relax se substitue \u00e0 la barre de support de la paroi fixe \u00e0 l\u2019avantage de l\u2019esth\u00e9tique et aussi de la fonctionnalit\u00e9 parce qu\u2019elle permet d\u2019utiliser la paroi fixe m\u00eame dans des cas particuliers comme la douche qui englobe une fen\u00eatre, la douche dans le grenier, avec un seul mur, avec de hauts plafonds. Gr\u00e2ce au fait d\u2019\u00eatre r\u00e9glable, il s\u2019adapte aux murs non perpendiculaires.[\/vc_column_text][vc_empty_space height=\u00a0\u00bb20px\u00a0\u00bb][\/vc_column][\/vc_row][vc_row el_id=\u00a0\u00bbparagrafo-5&Prime;][vc_column width=\u00a0\u00bb1\/6&Prime;][\/vc_column][vc_column width=\u00a0\u00bb2\/3&Prime;][vc_column_text]<\/p>\n<h3>Bobox: cabine de douche paroi fixe avec verre incurv\u00e9<\/h3>\n<p>Bobox est un brevet esth\u00e9tique de Relax. Il allie design, technologie et innovation pour relever le d\u00e9fi de courber le verre de 8 mm et cr\u00e9er un produit enveloppant et doux, au design minimal. Ses courbes sinueuses sont \u00e9galement fonctionnelles car elles limitent la fuite d\u2019eau. Avec une vari\u00e9t\u00e9 de tailles et de finitions disponibles, Bobox donne vie \u00e0 de nombreuses solutions, y compris l\u2019\u00e9volution dans une cabine de douche d\u2019angle avec porte, qui peut \u00eatre mont\u00e9 plus tard que le paroi fixe.<br \/>\nDepuis que nous avons beaucoup investi dans les propositions de cabine de douche \u00e0 l\u2019italienne, avec plusieurs innovations qui se combinent avec les brevets Relax, nous avons consacr\u00e9 un approfondissement sp\u00e9cifique \u00e0 lire sur les cabines de douche \u00e0 l\u2019italienne[\/vc_column_text][vc_empty_space height=\u00a0\u00bb40px\u00a0\u00bb][\/vc_column][\/vc_row][vc_row][vc_column][vc_empty_space height=\u00a0\u00bb50px\u00a0\u00bb][vc_column_text]<\/p>\n<h3 style=\"text-align: center;\">Quelques exemples de parois fixe Relax<\/h3>\n<p>[\/vc_column_text][vc_empty_space height=\u00a0\u00bb30px\u00a0\u00bb]<div class=\"woocommerce columns-4 \"><ul class=\"products columns-4\">\n<li class=\"product type-product post-5657 status-publish first instock product_cat-3-lati-de product_cat-3-lati-en product_cat-3-lati-fr product_cat-3- product_cat-angolare-de product_cat-angolare-en product_cat-angulaire product_cat-bobox-en product_cat-bobox-fr product_cat-bobox-ru product_cat-bobox-de product_cat-box-doccia-en product_cat-box-doccia-de product_cat-cabine-de-douche product_cat-collections product_cat-collections-en product_cat-guida-alla-scelta-de product_cat-selection-guide-en product_cat-guide-de-selection product_cat-collezioni-de product_cat-tipologia-prodotto-de product_cat-tipologia-prodotto-en product_cat-type-de-produit product_cat-3-lati-walk-in-fr product_cat-walk-in-de-4 product_cat-walk-in-en-5 product_cat-walk-in-en product_cat-walk-in-de-5 product_cat-walk-in-en-3 product_cat-walk-in-en-2 product_cat-walk-in-de-7 product_cat-angulaire-walk-in product_cat-walk-in-fr product_cat-walk-in-de product_cat-guide-de-selection-walk-in product_cat-1618 product_cat-1568 product_cat-1649 product_cat-3---- product_cat-1615 product_cat-1636 product_cat-1594 product_cat-1617 product_cat-1626 has-post-thumbnail shipping-taxable product-type-simple\">\n\t<div class=\"woocommerce-loop-product__short_description\" itemprop=\"description\"><a href=\"https:\/\/relaxsrl.com\/fr\/produit\/bobox-a\/\" class=\"woocommerce-LoopProduct-link woocommerce-loop-product__link\"><p>Cabine de douche \u00e0 l&rsquo;italienne caract\u00e9ris\u00e9e par le verre arrondi.<\/p>\n<\/a><\/div><\/li>\n<li class=\"product type-product post-5714 status-publish instock product_cat-3-lati-fr product_cat-3-lati-de product_cat-3-lati-en product_cat-3- product_cat-angolare-de product_cat-angolare-en product_cat-angulaire product_cat-box-doccia-de product_cat-box-doccia-en product_cat-box-doccia-industriale product_cat-cabina-doccia-per-2 product_cat-cabine-de-douche product_cat-guide-de-selection-cabine-de-douche-pour-2 product_cat-guide-de-selection-cabines-de-douche-industrielles product_cat-collections product_cat-collections-en product_cat-guida-alla-scelta-de product_cat-selection-guide-en product_cat-guide-de-selection product_cat-selection-guide product_cat-collezioni-de product_cat-selection-guide-shower-enclosure-for-2 product_cat-tipologia-prodotto-de product_cat-tipologia-prodotto-en product_cat-type-de-produit product_cat-walk-in-en-5 product_cat-3-lati-walk-in-fr product_cat-walk-in-de-4 product_cat-walk-in-fr product_cat-guide-de-selection-walk-in product_cat-walk-in-en-3 product_cat-walk-in-en product_cat-walk-in-de-7 product_cat-walk-in-de product_cat-walk-in-de-5 product_cat-walk-in-en-2 product_cat-angulaire-walk-in product_cat-wall-fr product_cat-wall-en product_cat-wall-de product_cat-wall-ru product_cat-1618 product_cat------x-2 product_cat-1568 product_cat-1599 product_cat-3---- product_cat-1615 product_cat-1636 product_cat-1649 product_cat-1594 product_cat-1617 product_cat-1626 has-post-thumbnail shipping-taxable product-type-simple\">\n\t<div class=\"woocommerce-loop-product__short_description\" itemprop=\"description\"><a href=\"https:\/\/relaxsrl.com\/fr\/produit\/wall-a\/\" class=\"woocommerce-LoopProduct-link woocommerce-loop-product__link\"><p>Cabine de douche \u00e0 l&rsquo;italienne traditionnelle soutenue par une barre m\u00e9tallique.<\/p>\n<\/a><\/div><\/li>\n<li class=\"product type-product post-13779 status-publish instock product_cat-collections product_cat-collections-en product_cat-complementi-de product_cat-complements-fr product_cat-complements product_cat-guida-alla-scelta-de product_cat-selection-guide-en product_cat-guide-de-selection product_cat-oblique-fr product_cat-oblique-de product_cat-oblique-en product_cat-oblique-ru product_cat-collezioni-de product_cat-tipologia-prodotto-de product_cat-tipologia-prodotto-en product_cat-type-de-produit product_cat-walk-in-de-5 product_cat-walk-in-en-2 product_cat-guide-de-selection-walk-in product_cat-1650 product_cat-1568 product_cat-1615 product_cat-1594 product_cat-1617 has-post-thumbnail shipping-taxable product-type-simple\">\n\t<div class=\"woocommerce-loop-product__short_description\" itemprop=\"description\"><a href=\"https:\/\/relaxsrl.com\/fr\/produit\/oblique-mv\/\" class=\"woocommerce-LoopProduct-link woocommerce-loop-product__link\"><p>\u00c9tag\u00e8re avec fonction de stabilisation. Disponible en acier ou en surface solide.<\/p>\n<\/a><\/div><\/li>\n<\/ul>\n<\/div>[\/vc_column][\/vc_row][vc_row full_width=\u00a0\u00bbstretch_row_content_no_spaces\u00a0\u00bb equal_height=\u00a0\u00bbyes\u00a0\u00bb content_placement=\u00a0\u00bbmiddle\u00a0\u00bb el_class=\u00a0\u00bbrow-over-footer row-cta-over-footer\u00a0\u00bb][vc_column width=\u00a0\u00bb1\/2&Prime;][vc_single_image image=\u00a0\u00bb2197&Prime; img_size=\u00a0\u00bbfull\u00a0\u00bb][\/vc_column][vc_column width=\u00a0\u00bb1\/2&Prime; css=\u00a0\u00bb.vc_custom_1632904437783{background-image: url(http:\/\/relaxsrl.com\/wp-content\/uploads\/2021\/09\/cta-walk-in-opaco.jpg?id=2199) !important;background-position: center !important;background-repeat: no-repeat !important;background-size: cover !important;}\u00a0\u00bb el_class=\u00a0\u00bbrow-cta-over-footer-col-text\u00a0\u00bb][vc_row_inner][vc_column_inner width=\u00a0\u00bb1\/4&Prime;][\/vc_column_inner][vc_column_inner width=\u00a0\u00bb1\/2&Prime;][vc_column_text]<\/p>\n<h2 style=\"text-align: center;\">D\u00e9couvrez les parois fixe de Relax<\/h2>\n<p style=\"text-align: center;\">Avec notre configurateur, vous pouvez trouver toutes les solutions pour parois fixe Relax.<\/p>\n<p>[\/vc_column_text][vc_btn title=\u00a0\u00bbALLER AU CONFIGURATEUR\u00a0\u00bb style=\u00a0\u00bbclassic\u00a0\u00bb shape=\u00a0\u00bbsquare\u00a0\u00bb color=\u00a0\u00bbwhite\u00a0\u00bb align=\u00a0\u00bbcenter\u00a0\u00bb el_class=\u00a0\u00bbbtn-default-white\u00a0\u00bb link=\u00a0\u00bburl:http%3A%2F%2Frelaxsrl.com%2Ffr%2Fproduits%2Fconfigurateur%2F|title:Configurateur\u00a0\u00bb][\/vc_column_inner][vc_column_inner width=\u00a0\u00bb1\/4&Prime;][\/vc_column_inner][\/vc_row_inner][\/vc_column][\/vc_row]<\/p>\n","protected":false},"excerpt":{"rendered":"<p>[vc_row full_width=\u00a0\u00bbstretch_row\u00a0\u00bb content_placement=\u00a0\u00bbmiddle\u00a0\u00bb el_class=\u00a0\u00bbintro-row intro-row-grey\u00a0\u00bb][vc_column][vc_column_text] Cabine de douche paroi fixe [\/vc_column_text][\/vc_column][\/vc_row][vc_row el_class=\u00a0\u00bbrow-path\u00a0\u00bb][vc_column][vc_column_text][\/vc_column_text][\/vc_column][\/vc_row][vc_row][vc_column][vc_single_image image=\u00a0\u00bb2193&Prime; img_size=\u00a0\u00bbfull\u00a0\u00bb][\/vc_column][\/vc_row][vc_row][vc_column width=\u00a0\u00bb1\/6&Prime;][\/vc_column][vc_column width=\u00a0\u00bb2\/3&Prime;][vc_empty_space height=\u00a0\u00bb40px\u00a0\u00bb][vc_column_text el_class=\u00a0\u00bbtxt-blue abstract weight500&Prime;]La paroi fixe, \u00e9galement appel\u00e9e cabine de douche \u00e0 l&rsquo;italienne ou cabine de douche ouverte, est minimale et essentielle, caract\u00e9ris\u00e9e par un acc\u00e8s imm\u00e9diat car elle n&rsquo;a pas de porte.[\/vc_column_text][vc_empty_space height=\u00a0\u00bb35px\u00a0\u00bb][\/vc_column][\/vc_row][vc_row][vc_column width=\u00a0\u00bb1\/6&Prime;][\/vc_column][vc_column width=\u00a0\u00bb2\/3&Prime;][vc_column_text] Caract\u00e9ristiques de la [&hellip;]<\/p>\n","protected":false},"author":3,"featured_media":2193,"parent":11392,"menu_order":0,"comment_status":"closed","ping_status":"closed","template":"","meta":[],"acf":[],"yoast_head":"<!-- This site is optimized with the Yoast SEO Premium plugin v18.4 (Yoast SEO v18.8) - https:\/\/yoast.com\/wordpress\/plugins\/seo\/ -->\n<title>Cabine de douche paroi fixe - Relax srl<\/title>\n<meta name=\"description\" content=\"La cabine de douche paroi fixe Relax est minimale et essentielle. Produit de qualit\u00e9 certifi\u00e9e disponible en plusieurs finitions.\" \/>\n<meta name=\"robots\" content=\"index, follow, max-snippet:-1, max-image-preview:large, max-video-preview:-1\" \/>\n<link rel=\"canonical\" href=\"https:\/\/relaxsrl.com\/fr\/aide-au-choix\/cabine-de-douche-paroi-fixe\/\" \/>\n<meta property=\"og:locale\" content=\"fr_FR\" \/>\n<meta property=\"og:type\" content=\"article\" \/>\n<meta property=\"og:title\" content=\"Cabine de douche paroi fixe - Relax srl\" \/>\n<meta property=\"og:description\" content=\"La cabine de douche paroi fixe Relax est minimale et essentielle. Produit de qualit\u00e9 certifi\u00e9e disponible en plusieurs finitions.\" \/>\n<meta property=\"og:url\" content=\"https:\/\/relaxsrl.com\/fr\/aide-au-choix\/cabine-de-douche-paroi-fixe\/\" \/>\n<meta property=\"og:site_name\" content=\"Relax srl\" \/>\n<meta property=\"article:modified_time\" content=\"2023-09-07T07:31:09+00:00\" \/>\n<meta property=\"og:image\" content=\"https:\/\/relaxsrl.com\/website\/wp-content\/uploads\/2021\/09\/BOBOX_A_4.jpg\" \/>\n\t<meta property=\"og:image:width\" content=\"1800\" \/>\n\t<meta property=\"og:image:height\" content=\"1200\" \/>\n\t<meta property=\"og:image:type\" content=\"image\/jpeg\" \/>\n<meta name=\"twitter:card\" content=\"summary_large_image\" \/>\n<meta name=\"twitter:label1\" content=\"Dur\u00e9e de lecture estim\u00e9e\" \/>\n\t<meta name=\"twitter:data1\" content=\"5 minutes\" \/>\n<script type=\"application\/ld+json\" class=\"yoast-schema-graph\">{\"@context\":\"https:\/\/schema.org\",\"@graph\":[{\"@type\":\"WebSite\",\"@id\":\"https:\/\/relaxsrl.com\/#website\",\"url\":\"https:\/\/relaxsrl.com\/\",\"name\":\"Relax srl\",\"description\":\"\",\"potentialAction\":[{\"@type\":\"SearchAction\",\"target\":{\"@type\":\"EntryPoint\",\"urlTemplate\":\"https:\/\/relaxsrl.com\/?s={search_term_string}\"},\"query-input\":\"required name=search_term_string\"}],\"inLanguage\":\"fr-FR\"},{\"@type\":\"ImageObject\",\"inLanguage\":\"fr-FR\",\"@id\":\"https:\/\/relaxsrl.com\/fr\/aide-au-choix\/cabine-de-douche-paroi-fixe\/#primaryimage\",\"url\":\"https:\/\/relaxsrl.com\/website\/wp-content\/uploads\/2021\/09\/BOBOX_A_4.jpg\",\"contentUrl\":\"https:\/\/relaxsrl.com\/website\/wp-content\/uploads\/2021\/09\/BOBOX_A_4.jpg\",\"width\":1800,\"height\":1200,\"caption\":\"Box doccia walk-in in nicchia con vetro grigio europa\"},{\"@type\":\"WebPage\",\"@id\":\"https:\/\/relaxsrl.com\/fr\/aide-au-choix\/cabine-de-douche-paroi-fixe\/#webpage\",\"url\":\"https:\/\/relaxsrl.com\/fr\/aide-au-choix\/cabine-de-douche-paroi-fixe\/\",\"name\":\"Cabine de douche paroi fixe - Relax srl\",\"isPartOf\":{\"@id\":\"https:\/\/relaxsrl.com\/#website\"},\"primaryImageOfPage\":{\"@id\":\"https:\/\/relaxsrl.com\/fr\/aide-au-choix\/cabine-de-douche-paroi-fixe\/#primaryimage\"},\"datePublished\":\"2021-11-22T17:22:22+00:00\",\"dateModified\":\"2023-09-07T07:31:09+00:00\",\"description\":\"La cabine de douche paroi fixe Relax est minimale et essentielle. Produit de qualit\u00e9 certifi\u00e9e disponible en plusieurs finitions.\",\"breadcrumb\":{\"@id\":\"https:\/\/relaxsrl.com\/fr\/aide-au-choix\/cabine-de-douche-paroi-fixe\/#breadcrumb\"},\"inLanguage\":\"fr-FR\",\"potentialAction\":[{\"@type\":\"ReadAction\",\"target\":[\"https:\/\/relaxsrl.com\/fr\/aide-au-choix\/cabine-de-douche-paroi-fixe\/\"]}]},{\"@type\":\"BreadcrumbList\",\"@id\":\"https:\/\/relaxsrl.com\/fr\/aide-au-choix\/cabine-de-douche-paroi-fixe\/#breadcrumb\",\"itemListElement\":[{\"@type\":\"ListItem\",\"position\":1,\"name\":\"Aide au choix\",\"item\":\"https:\/\/relaxsrl.com\/fr\/aide-au-choix\/\"},{\"@type\":\"ListItem\",\"position\":2,\"name\":\"Cabine de douche paroi fixe\"}]}]}<\/script>\n<!-- \/ Yoast SEO Premium plugin. -->","yoast_head_json":{"title":"Cabine de douche paroi fixe - Relax srl","description":"La cabine de douche paroi fixe Relax est minimale et essentielle. Produit de qualit\u00e9 certifi\u00e9e disponible en plusieurs finitions.","robots":{"index":"index","follow":"follow","max-snippet":"max-snippet:-1","max-image-preview":"max-image-preview:large","max-video-preview":"max-video-preview:-1"},"canonical":"https:\/\/relaxsrl.com\/fr\/aide-au-choix\/cabine-de-douche-paroi-fixe\/","og_locale":"fr_FR","og_type":"article","og_title":"Cabine de douche paroi fixe - Relax srl","og_description":"La cabine de douche paroi fixe Relax est minimale et essentielle. Produit de qualit\u00e9 certifi\u00e9e disponible en plusieurs finitions.","og_url":"https:\/\/relaxsrl.com\/fr\/aide-au-choix\/cabine-de-douche-paroi-fixe\/","og_site_name":"Relax srl","article_modified_time":"2023-09-07T07:31:09+00:00","og_image":[{"width":1800,"height":1200,"url":"https:\/\/relaxsrl.com\/website\/wp-content\/uploads\/2021\/09\/BOBOX_A_4.jpg","type":"image\/jpeg"}],"twitter_card":"summary_large_image","twitter_misc":{"Dur\u00e9e de lecture estim\u00e9e":"5 minutes"},"schema":{"@context":"https:\/\/schema.org","@graph":[{"@type":"WebSite","@id":"https:\/\/relaxsrl.com\/#website","url":"https:\/\/relaxsrl.com\/","name":"Relax srl","description":"","potentialAction":[{"@type":"SearchAction","target":{"@type":"EntryPoint","urlTemplate":"https:\/\/relaxsrl.com\/?s={search_term_string}"},"query-input":"required name=search_term_string"}],"inLanguage":"fr-FR"},{"@type":"ImageObject","inLanguage":"fr-FR","@id":"https:\/\/relaxsrl.com\/fr\/aide-au-choix\/cabine-de-douche-paroi-fixe\/#primaryimage","url":"https:\/\/relaxsrl.com\/website\/wp-content\/uploads\/2021\/09\/BOBOX_A_4.jpg","contentUrl":"https:\/\/relaxsrl.com\/website\/wp-content\/uploads\/2021\/09\/BOBOX_A_4.jpg","width":1800,"height":1200,"caption":"Box doccia walk-in in nicchia con vetro grigio europa"},{"@type":"WebPage","@id":"https:\/\/relaxsrl.com\/fr\/aide-au-choix\/cabine-de-douche-paroi-fixe\/#webpage","url":"https:\/\/relaxsrl.com\/fr\/aide-au-choix\/cabine-de-douche-paroi-fixe\/","name":"Cabine de douche paroi fixe - Relax srl","isPartOf":{"@id":"https:\/\/relaxsrl.com\/#website"},"primaryImageOfPage":{"@id":"https:\/\/relaxsrl.com\/fr\/aide-au-choix\/cabine-de-douche-paroi-fixe\/#primaryimage"},"datePublished":"2021-11-22T17:22:22+00:00","dateModified":"2023-09-07T07:31:09+00:00","description":"La cabine de douche paroi fixe Relax est minimale et essentielle. Produit de qualit\u00e9 certifi\u00e9e disponible en plusieurs finitions.","breadcrumb":{"@id":"https:\/\/relaxsrl.com\/fr\/aide-au-choix\/cabine-de-douche-paroi-fixe\/#breadcrumb"},"inLanguage":"fr-FR","potentialAction":[{"@type":"ReadAction","target":["https:\/\/relaxsrl.com\/fr\/aide-au-choix\/cabine-de-douche-paroi-fixe\/"]}]},{"@type":"BreadcrumbList","@id":"https:\/\/relaxsrl.com\/fr\/aide-au-choix\/cabine-de-douche-paroi-fixe\/#breadcrumb","itemListElement":[{"@type":"ListItem","position":1,"name":"Aide au choix","item":"https:\/\/relaxsrl.com\/fr\/aide-au-choix\/"},{"@type":"ListItem","position":2,"name":"Cabine de douche paroi fixe"}]}]}},"_links":{"self":[{"href":"https:\/\/relaxsrl.com\/fr\/wp-json\/wp\/v2\/pages\/12368"}],"collection":[{"href":"https:\/\/relaxsrl.com\/fr\/wp-json\/wp\/v2\/pages"}],"about":[{"href":"https:\/\/relaxsrl.com\/fr\/wp-json\/wp\/v2\/types\/page"}],"author":[{"embeddable":true,"href":"https:\/\/relaxsrl.com\/fr\/wp-json\/wp\/v2\/users\/3"}],"replies":[{"embeddable":true,"href":"https:\/\/relaxsrl.com\/fr\/wp-json\/wp\/v2\/comments?post=12368"}],"version-history":[{"count":7,"href":"https:\/\/relaxsrl.com\/fr\/wp-json\/wp\/v2\/pages\/12368\/revisions"}],"predecessor-version":[{"id":29088,"href":"https:\/\/relaxsrl.com\/fr\/wp-json\/wp\/v2\/pages\/12368\/revisions\/29088"}],"up":[{"embeddable":true,"href":"https:\/\/relaxsrl.com\/fr\/wp-json\/wp\/v2\/pages\/11392"}],"wp:featuredmedia":[{"embeddable":true,"href":"https:\/\/relaxsrl.com\/fr\/wp-json\/wp\/v2\/media\/2193"}],"wp:attachment":[{"href":"https:\/\/relaxsrl.com\/fr\/wp-json\/wp\/v2\/media?parent=12368"}],"curies":[{"name":"wp","href":"https:\/\/api.w.org\/{rel}","templated":true}]}}