{"id":12738,"date":"2021-11-24T17:05:12","date_gmt":"2021-11-24T16:05:12","guid":{"rendered":"http:\/\/relaxsrl.com\/aide-au-choix\/grande-cabine-de-douche\/"},"modified":"2024-11-18T11:53:43","modified_gmt":"2024-11-18T10:53:43","slug":"grande-cabine-de-douche","status":"publish","type":"page","link":"https:\/\/relaxsrl.com\/fr\/aide-au-choix\/grande-cabine-de-douche\/","title":{"rendered":"Grande cabine de douche"},"content":{"rendered":"<p>[vc_row full_width=\u00a0\u00bbstretch_row\u00a0\u00bb content_placement=\u00a0\u00bbmiddle\u00a0\u00bb el_class=\u00a0\u00bbintro-row intro-row-grey\u00a0\u00bb][vc_column][vc_column_text]<\/p>\n<h1>Grande cabine de douche<\/h1>\n<p>[\/vc_column_text][\/vc_column][\/vc_row][vc_row el_class=\u00a0\u00bbrow-path\u00a0\u00bb][vc_column][vc_column_text][\/vc_column_text][\/vc_column][\/vc_row][vc_row][vc_column][vc_single_image image=\u00a0\u00bb31331&Prime; img_size=\u00a0\u00bbfull\u00a0\u00bb][\/vc_column][\/vc_row][vc_row][vc_column width=\u00a0\u00bb1\/6&Prime;][\/vc_column][vc_column width=\u00a0\u00bb2\/3&Prime;][vc_empty_space height=\u00a0\u00bb40px\u00a0\u00bb][vc_column_text el_class=\u00a0\u00bbtxt-blue abstract weight500&Prime;]Une grande cabine de douche est de 120 x 80 cm, confortable \u00e0 utiliser et plus propre, de l&rsquo;espace pour accueillir de grandes pommes de douche et colonnes, des \u00e9tag\u00e8res et peut-\u00eatre m\u00eame des jets d&rsquo;hydromassage.[\/vc_column_text][vc_empty_space height=\u00a0\u00bb35px\u00a0\u00bb][\/vc_column][\/vc_row][vc_row][vc_column width=\u00a0\u00bb1\/6&Prime;][\/vc_column][vc_column width=\u00a0\u00bb2\/3&Prime;][vc_column_text]<\/p>\n<ul>\n<li><a class=\"link-interno link-interno-paragrafo-1\" href=\"#\">Dimensions d\u2019une grande cabine de douche <\/a><\/li>\n<li><a class=\"link-interno link-interno-paragrafo-2\" href=\"#\">Grande cabine de douche: ouvertures recommand\u00e9es<\/a><\/li>\n<\/ul>\n<p>[\/vc_column_text][vc_empty_space height=\u00a0\u00bb40px\u00a0\u00bb][\/vc_column][\/vc_row][vc_row el_id=\u00a0\u00bbparagrafo-1&Prime;][vc_column width=\u00a0\u00bb1\/6&Prime;][\/vc_column][vc_column width=\u00a0\u00bb2\/3&Prime;][vc_column_text]<\/p>\n<h2>Dimensions d\u2019une grande cabine de douche<\/h2>\n<p>La grande cabine de douche a une <strong>longueur d\u2019au moins 120 cm<\/strong> et une <strong>largeur de 80 cm<\/strong>. \u00c0 partir de cette mesure, l\u2019espace int\u00e9rieur est facilement utilisable, il permet de se d\u00e9placer facilement et de monter les colonnes de douche, m\u00eame avec des <strong>hydromassages<\/strong> ou des <strong>pommeaux de douche<\/strong> <strong>de dimensions importantes.<\/strong> Il est possible de l\u2019\u00e9quiper facilement avec des \u00e9tag\u00e8res internes sans qu\u2019elles soient encombrantes. Bien que, d\u2019un point de vue th\u00e9orique, il n\u2019existe pas de limite dimensionnelle en ce qui concerne la profondeur ou la longueur,<strong> la hauteur pr\u00e9voit des limites pr\u00e9cises<\/strong> qui varient en fonction de l\u2019\u00e9paisseur du verre et du type d\u2019ouverture:<\/p>\n<ul>\n<li>4 mm, hauteur maximale recommand\u00e9e 200 cm<\/li>\n<li>6 mm, hauteur maximale recommand\u00e9e 220 cm<\/li>\n<li>8 mm, hauteur maximale recommand\u00e9e 250 cm<\/li>\n<\/ul>\n<p>[\/vc_column_text][vc_empty_space height=\u00a0\u00bb40px\u00a0\u00bb][\/vc_column][\/vc_row][vc_row el_id=\u00a0\u00bbparagrafo-2&Prime;][vc_column width=\u00a0\u00bb1\/6&Prime;][\/vc_column][vc_column width=\u00a0\u00bb2\/3&Prime;][vc_column_text]<\/p>\n<h2>Grande cabine de douche: ouvertures recommand\u00e9es<\/h2>\n<p>Les grandes dimensions le rendent <strong>parfait pour la solution paroi fixe (ou douche \u00e0 l&rsquo;italienne)<\/strong> avec des verres \u00e0 partir de 140 cm car, vu la taille, l\u2019eau sera contenue \u00e0 l\u2019int\u00e9rieur et l\u2019aspect esth\u00e9tique de l\u2019a\u00e9ration et de la propret\u00e9 sera d\u2019impact consid\u00e9rable. A souligner que souvent (toujours dans le cas de Relax) les walk-in sont modulaires donc la porte peut \u00eatre ajout\u00e9e m\u00eame plus tard, sans intervention sur le mur d\u00e9j\u00e0 install\u00e9.<br \/>\nUne grande douche peut \u00e9galement utiliser:<\/p>\n<ul>\n<li>la <strong>porte battante<\/strong>, conseill\u00e9e sur le c\u00f4t\u00e9 court qui arrive normalement jusqu\u2019\u00e0 100 cm, largeur maximale m\u00eame pour une porte battante car, pour des dimensions sup\u00e9rieures, la charni\u00e8re serait trop lourde; si la porte est sur le c\u00f4t\u00e9 long, elle doit alors \u00eatre accompagn\u00e9e d\u2019un panneau fixe<\/li>\n<li>la <strong>porte coulissante<\/strong>, qui garantit l\u2019\u00e9tanch\u00e9it\u00e9 maximale aux fuites d\u2019eau gr\u00e2ce au profil inf\u00e9rieur, variable de 1 cm \u00e0 3,5 cm; elle peut \u00eatre \u00e0 une ou deux portes avec des ouvertures centrales<\/li>\n<\/ul>\n<p>[\/vc_column_text][vc_empty_space height=\u00a0\u00bb40px\u00a0\u00bb][\/vc_column][\/vc_row][vc_row][vc_column width=\u00a0\u00bb1\/6&Prime;][\/vc_column][vc_column width=\u00a0\u00bb2\/3&Prime;][vc_column_text]<\/p>\n<h2>Nos solutions<\/h2>\n<p>D\u00e9couvrez les solutions Relax con\u00e7ues pour les salles de bains les plus confortables en suivant ce <a href=\"https:\/\/relaxsrl.com\/fr\/produits\/typologie\/cabine-de-douche\/\">lien<\/a>. Parmi les diff\u00e9rentes possibilit\u00e9s, plusieurs se caract\u00e9risent par \u00eatre con\u00e7ues pour de grands environnements et au-del\u00e0, dans diff\u00e9rentes finitions et tailles. Nous vous rappelons que toutes les solutions sont certifi\u00e9es <a href=\"https:\/\/www.tuvsud.com\/fr-fr\">T\u00dcV S\u00dcD<\/a>.[\/vc_column_text][vc_empty_space height=\u00a0\u00bb40px\u00a0\u00bb][\/vc_column][\/vc_row][vc_row][vc_column][vc_empty_space height=\u00a0\u00bb50px\u00a0\u00bb][vc_column_text]<\/p>\n<h3 style=\"text-align: center;\">Solutions Relax pour grandes cabines de douche<\/h3>\n<p>[\/vc_column_text][vc_empty_space height=\u00a0\u00bb30px\u00a0\u00bb]<div class=\"woocommerce columns-4 \"><ul class=\"products columns-4\">\n<li class=\"product type-product post-30820 status-publish first instock product_cat-niche-battante product_cat-battente-de product_cat-selection-guide-big-shower-enclosures product_cat-box-doccia-de product_cat-box-doccia-en product_cat-cabina-doccia-grande product_cat-cabine-de-douche product_cat-cardine-de product_cat-cardine-ru product_cat-cardine-en product_cat-cardine-fr product_cat-collections product_cat-collections-en product_cat-guide-de-selection-grande-cabine-de-douche product_cat-selection-guide-en product_cat-guida-alla-scelta-de product_cat-guide-de-selection product_cat-niche-hinged product_cat-nicchia-de product_cat-niche product_cat-niche-fr product_cat-collezioni-de product_cat-tipologia-prodotto-en product_cat-tipologia-prodotto-de product_cat-type-de-produit product_cat-1603 product_cat-1618 product_cat-1568 product_cat-1638 product_cat-1637 product_cat-1594 product_cat-1617 has-post-thumbnail shipping-taxable product-type-simple\">\n\t<div class=\"woocommerce-loop-product__short_description\" itemprop=\"description\"><a href=\"https:\/\/relaxsrl.com\/fr\/produit\/cardine-b2\/\" class=\"woocommerce-LoopProduct-link woocommerce-loop-product__link\"><p>Cabine de douche en niche avec deux portes battantes. Charni\u00e8res et poign\u00e9es interchangeables.<\/p>\n<\/a><\/div><\/li>\n<li class=\"product type-product post-13853 status-publish instock product_cat-3-lati-fr product_cat-3-lati-de product_cat-3-lati-en product_cat-3- product_cat-angolare-en product_cat-angolare-de product_cat-angulaire product_cat-selection-guide-big-shower-enclosures product_cat-box-doccia-de product_cat-box-doccia-en product_cat-cabina-doccia-grande product_cat-cabine-de-douche product_cat-collections-en product_cat-collections product_cat-guide-de-selection-coulissante product_cat-angulaire-coulissante product_cat-evox-fr product_cat-evox-de product_cat-evox-ru product_cat-evox-en product_cat-guide-de-selection-grande-cabine-de-douche product_cat-guida-alla-scelta-de product_cat-selection-guide-en product_cat-guide-de-selection product_cat-collezioni-de product_cat-selection-guide-scorrevole product_cat-scorrevole-fr product_cat-scorrevole-de-6 product_cat-scorrevole-de product_cat-scorrevole-de-2 product_cat-scorrevole product_cat-angular-sliding product_cat-tipologia-prodotto-en product_cat-tipologia-prodotto-de product_cat-type-de-produit product_cat-1603 product_cat-1618 product_cat-1568 product_cat-3--- product_cat-1610 product_cat-1632 product_cat-1594 product_cat-1617 product_cat-1626 has-post-thumbnail shipping-taxable product-type-simple\">\n\t<div class=\"woocommerce-loop-product__short_description\" itemprop=\"description\"><a href=\"https:\/\/relaxsrl.com\/fr\/produit\/evox-sf-evox-f\/\" class=\"woocommerce-LoopProduct-link woocommerce-loop-product__link\"><p>Cabine de douche d&rsquo;angle avec porte coulissante, c\u00f4t\u00e9 fixe et syst\u00e8me soft-close.<\/p>\n<\/a><\/div><\/li>\n<li class=\"product type-product post-13843 status-publish instock product_cat-3-lati-fr product_cat-3-lati-de product_cat-3-lati-en product_cat-3- product_cat-selection-guide-big-shower-enclosures product_cat-box-doccia-de product_cat-box-doccia-en product_cat-cabina-doccia-grande product_cat-cabine-de-douche product_cat-collections product_cat-collections-en product_cat-niche-coulissante product_cat-guide-de-selection-grande-cabine-de-douche product_cat-guida-alla-scelta-de product_cat-selection-guide-en product_cat-guide-de-selection product_cat-nicchia-de product_cat-niche product_cat-niche-fr product_cat-collezioni-de product_cat-scorrevole-de-5 product_cat-scorrevole-fr product_cat-scorrevole-de-2 product_cat-scorrevole product_cat-niche-sliding product_cat-tipologia-prodotto-en product_cat-tipologia-prodotto-de product_cat-type-de-produit product_cat-unico-fr product_cat-unico-en product_cat-unico-de product_cat-unico-ru product_cat-1603 product_cat-1618 product_cat-1568 product_cat-1637 product_cat-1639 product_cat-3--- product_cat-1594 product_cat-1617 has-post-thumbnail shipping-taxable product-type-simple\">\n\t<div class=\"woocommerce-loop-product__short_description\" itemprop=\"description\"><a href=\"https:\/\/relaxsrl.com\/fr\/produit\/unico-sc2\/\" class=\"woocommerce-LoopProduct-link woocommerce-loop-product__link\"><p>Cabine de douche en niche avec double porte coulissante et profil d\u00e9coratif sup\u00e9rieur personnalisable.<\/p>\n<\/a><\/div><\/li>\n<\/ul>\n<\/div>[\/vc_column][\/vc_row][vc_row full_width=\u00a0\u00bbstretch_row_content_no_spaces\u00a0\u00bb equal_height=\u00a0\u00bbyes\u00a0\u00bb content_placement=\u00a0\u00bbmiddle\u00a0\u00bb el_class=\u00a0\u00bbrow-over-footer row-cta-over-footer\u00a0\u00bb][vc_column width=\u00a0\u00bb1\/2&Prime;][vc_single_image image=\u00a0\u00bb31326&Prime; img_size=\u00a0\u00bbfull\u00a0\u00bb][\/vc_column][vc_column width=\u00a0\u00bb1\/2&Prime; css=\u00a0\u00bb.vc_custom_1731927149175{background-image: url(https:\/\/relaxsrl.com\/website\/wp-content\/uploads\/2024\/11\/DIMENSIONI11114.jpg?id=31341) !important;background-position: center !important;background-repeat: no-repeat !important;background-size: cover !important;}\u00a0\u00bb el_class=\u00a0\u00bbrow-cta-over-footer-col-text\u00a0\u00bb][vc_row_inner][vc_column_inner width=\u00a0\u00bb1\/4&Prime;][\/vc_column_inner][vc_column_inner width=\u00a0\u00bb1\/2&Prime;][vc_column_text]<\/p>\n<h2 style=\"text-align: center;\">Vous voulez en savoir plus?<\/h2>\n<p style=\"text-align: center;\">Vous aurez surement des questions sp\u00e9cifiques sur votre situation. \u00c9crivez-nous maintenant et un de nos experts vous r\u00e9pondra.<\/p>\n<p>[\/vc_column_text][vc_btn title=\u00a0\u00bbDEMANDER DES INFORMATIONS\u00a0\u00bb style=\u00a0\u00bbclassic\u00a0\u00bb shape=\u00a0\u00bbsquare\u00a0\u00bb color=\u00a0\u00bbwhite\u00a0\u00bb align=\u00a0\u00bbcenter\u00a0\u00bb el_class=\u00a0\u00bbbtn-default-white\u00a0\u00bb link=\u00a0\u00bburl:http%3A%2F%2Frelaxsrl.com%2Ffr%2Fcontacts%2F|title:DEMANDER%20DES%20INFORMATIONS|\u00a0\u00bb][\/vc_column_inner][vc_column_inner width=\u00a0\u00bb1\/4&Prime;][\/vc_column_inner][\/vc_row_inner][\/vc_column][\/vc_row]<\/p>\n","protected":false},"excerpt":{"rendered":"<p>[vc_row full_width=\u00a0\u00bbstretch_row\u00a0\u00bb content_placement=\u00a0\u00bbmiddle\u00a0\u00bb el_class=\u00a0\u00bbintro-row intro-row-grey\u00a0\u00bb][vc_column][vc_column_text] Grande cabine de douche [\/vc_column_text][\/vc_column][\/vc_row][vc_row el_class=\u00a0\u00bbrow-path\u00a0\u00bb][vc_column][vc_column_text][\/vc_column_text][\/vc_column][\/vc_row][vc_row][vc_column][vc_single_image image=\u00a0\u00bb31331&Prime; img_size=\u00a0\u00bbfull\u00a0\u00bb][\/vc_column][\/vc_row][vc_row][vc_column width=\u00a0\u00bb1\/6&Prime;][\/vc_column][vc_column width=\u00a0\u00bb2\/3&Prime;][vc_empty_space height=\u00a0\u00bb40px\u00a0\u00bb][vc_column_text el_class=\u00a0\u00bbtxt-blue abstract weight500&Prime;]Une grande cabine de douche est de 120 x 80 cm, confortable \u00e0 utiliser et plus propre, de l&rsquo;espace pour accueillir de grandes pommes de douche et colonnes, des \u00e9tag\u00e8res et peut-\u00eatre m\u00eame des jets d&rsquo;hydromassage.[\/vc_column_text][vc_empty_space height=\u00a0\u00bb35px\u00a0\u00bb][\/vc_column][\/vc_row][vc_row][vc_column [&hellip;]<\/p>\n","protected":false},"author":3,"featured_media":31331,"parent":11392,"menu_order":0,"comment_status":"closed","ping_status":"closed","template":"","meta":[],"acf":[],"yoast_head":"<!-- This site is optimized with the Yoast SEO Premium plugin v18.4 (Yoast SEO v18.8) - https:\/\/yoast.com\/wordpress\/plugins\/seo\/ -->\n<title>Grande cabine de douche - Relax srl<\/title>\n<meta name=\"description\" content=\"La grande cabine de douche a de grandes dimensions, id\u00e9ales pour \u00eatre contenues dans une salle de bain aux dimensions g\u00e9n\u00e9reuses.\" \/>\n<meta name=\"robots\" content=\"index, follow, max-snippet:-1, max-image-preview:large, max-video-preview:-1\" \/>\n<link rel=\"canonical\" href=\"https:\/\/relaxsrl.com\/fr\/aide-au-choix\/grande-cabine-de-douche\/\" \/>\n<meta property=\"og:locale\" content=\"fr_FR\" \/>\n<meta property=\"og:type\" content=\"article\" \/>\n<meta property=\"og:title\" content=\"Grande cabine de douche - Relax srl\" \/>\n<meta property=\"og:description\" content=\"La grande cabine de douche a de grandes dimensions, id\u00e9ales pour \u00eatre contenues dans une salle de bain aux dimensions g\u00e9n\u00e9reuses.\" \/>\n<meta property=\"og:url\" content=\"https:\/\/relaxsrl.com\/fr\/aide-au-choix\/grande-cabine-de-douche\/\" \/>\n<meta property=\"og:site_name\" content=\"Relax srl\" \/>\n<meta property=\"article:modified_time\" content=\"2024-11-18T10:53:43+00:00\" \/>\n<meta property=\"og:image\" content=\"https:\/\/relaxsrl.com\/website\/wp-content\/uploads\/2024\/11\/DIMENSIONI.jpg\" \/>\n\t<meta property=\"og:image:width\" content=\"1920\" \/>\n\t<meta property=\"og:image:height\" content=\"1080\" \/>\n\t<meta property=\"og:image:type\" content=\"image\/jpeg\" \/>\n<meta name=\"twitter:card\" content=\"summary_large_image\" \/>\n<meta name=\"twitter:label1\" content=\"Dur\u00e9e de lecture estim\u00e9e\" \/>\n\t<meta name=\"twitter:data1\" content=\"3 minutes\" \/>\n<script type=\"application\/ld+json\" class=\"yoast-schema-graph\">{\"@context\":\"https:\/\/schema.org\",\"@graph\":[{\"@type\":\"WebSite\",\"@id\":\"https:\/\/relaxsrl.com\/#website\",\"url\":\"https:\/\/relaxsrl.com\/\",\"name\":\"Relax srl\",\"description\":\"\",\"potentialAction\":[{\"@type\":\"SearchAction\",\"target\":{\"@type\":\"EntryPoint\",\"urlTemplate\":\"https:\/\/relaxsrl.com\/?s={search_term_string}\"},\"query-input\":\"required name=search_term_string\"}],\"inLanguage\":\"fr-FR\"},{\"@type\":\"ImageObject\",\"inLanguage\":\"fr-FR\",\"@id\":\"https:\/\/relaxsrl.com\/fr\/aide-au-choix\/grande-cabine-de-douche\/#primaryimage\",\"url\":\"https:\/\/relaxsrl.com\/website\/wp-content\/uploads\/2024\/11\/DIMENSIONI.jpg\",\"contentUrl\":\"https:\/\/relaxsrl.com\/website\/wp-content\/uploads\/2024\/11\/DIMENSIONI.jpg\",\"width\":1920,\"height\":1080},{\"@type\":\"WebPage\",\"@id\":\"https:\/\/relaxsrl.com\/fr\/aide-au-choix\/grande-cabine-de-douche\/#webpage\",\"url\":\"https:\/\/relaxsrl.com\/fr\/aide-au-choix\/grande-cabine-de-douche\/\",\"name\":\"Grande cabine de douche - Relax srl\",\"isPartOf\":{\"@id\":\"https:\/\/relaxsrl.com\/#website\"},\"primaryImageOfPage\":{\"@id\":\"https:\/\/relaxsrl.com\/fr\/aide-au-choix\/grande-cabine-de-douche\/#primaryimage\"},\"datePublished\":\"2021-11-24T16:05:12+00:00\",\"dateModified\":\"2024-11-18T10:53:43+00:00\",\"description\":\"La grande cabine de douche a de grandes dimensions, id\u00e9ales pour \u00eatre contenues dans une salle de bain aux dimensions g\u00e9n\u00e9reuses.\",\"breadcrumb\":{\"@id\":\"https:\/\/relaxsrl.com\/fr\/aide-au-choix\/grande-cabine-de-douche\/#breadcrumb\"},\"inLanguage\":\"fr-FR\",\"potentialAction\":[{\"@type\":\"ReadAction\",\"target\":[\"https:\/\/relaxsrl.com\/fr\/aide-au-choix\/grande-cabine-de-douche\/\"]}]},{\"@type\":\"BreadcrumbList\",\"@id\":\"https:\/\/relaxsrl.com\/fr\/aide-au-choix\/grande-cabine-de-douche\/#breadcrumb\",\"itemListElement\":[{\"@type\":\"ListItem\",\"position\":1,\"name\":\"Aide au choix\",\"item\":\"https:\/\/relaxsrl.com\/fr\/aide-au-choix\/\"},{\"@type\":\"ListItem\",\"position\":2,\"name\":\"Grande cabine de douche\"}]}]}<\/script>\n<!-- \/ Yoast SEO Premium plugin. -->","yoast_head_json":{"title":"Grande cabine de douche - Relax srl","description":"La grande cabine de douche a de grandes dimensions, id\u00e9ales pour \u00eatre contenues dans une salle de bain aux dimensions g\u00e9n\u00e9reuses.","robots":{"index":"index","follow":"follow","max-snippet":"max-snippet:-1","max-image-preview":"max-image-preview:large","max-video-preview":"max-video-preview:-1"},"canonical":"https:\/\/relaxsrl.com\/fr\/aide-au-choix\/grande-cabine-de-douche\/","og_locale":"fr_FR","og_type":"article","og_title":"Grande cabine de douche - Relax srl","og_description":"La grande cabine de douche a de grandes dimensions, id\u00e9ales pour \u00eatre contenues dans une salle de bain aux dimensions g\u00e9n\u00e9reuses.","og_url":"https:\/\/relaxsrl.com\/fr\/aide-au-choix\/grande-cabine-de-douche\/","og_site_name":"Relax srl","article_modified_time":"2024-11-18T10:53:43+00:00","og_image":[{"width":1920,"height":1080,"url":"https:\/\/relaxsrl.com\/website\/wp-content\/uploads\/2024\/11\/DIMENSIONI.jpg","type":"image\/jpeg"}],"twitter_card":"summary_large_image","twitter_misc":{"Dur\u00e9e de lecture estim\u00e9e":"3 minutes"},"schema":{"@context":"https:\/\/schema.org","@graph":[{"@type":"WebSite","@id":"https:\/\/relaxsrl.com\/#website","url":"https:\/\/relaxsrl.com\/","name":"Relax srl","description":"","potentialAction":[{"@type":"SearchAction","target":{"@type":"EntryPoint","urlTemplate":"https:\/\/relaxsrl.com\/?s={search_term_string}"},"query-input":"required name=search_term_string"}],"inLanguage":"fr-FR"},{"@type":"ImageObject","inLanguage":"fr-FR","@id":"https:\/\/relaxsrl.com\/fr\/aide-au-choix\/grande-cabine-de-douche\/#primaryimage","url":"https:\/\/relaxsrl.com\/website\/wp-content\/uploads\/2024\/11\/DIMENSIONI.jpg","contentUrl":"https:\/\/relaxsrl.com\/website\/wp-content\/uploads\/2024\/11\/DIMENSIONI.jpg","width":1920,"height":1080},{"@type":"WebPage","@id":"https:\/\/relaxsrl.com\/fr\/aide-au-choix\/grande-cabine-de-douche\/#webpage","url":"https:\/\/relaxsrl.com\/fr\/aide-au-choix\/grande-cabine-de-douche\/","name":"Grande cabine de douche - Relax srl","isPartOf":{"@id":"https:\/\/relaxsrl.com\/#website"},"primaryImageOfPage":{"@id":"https:\/\/relaxsrl.com\/fr\/aide-au-choix\/grande-cabine-de-douche\/#primaryimage"},"datePublished":"2021-11-24T16:05:12+00:00","dateModified":"2024-11-18T10:53:43+00:00","description":"La grande cabine de douche a de grandes dimensions, id\u00e9ales pour \u00eatre contenues dans une salle de bain aux dimensions g\u00e9n\u00e9reuses.","breadcrumb":{"@id":"https:\/\/relaxsrl.com\/fr\/aide-au-choix\/grande-cabine-de-douche\/#breadcrumb"},"inLanguage":"fr-FR","potentialAction":[{"@type":"ReadAction","target":["https:\/\/relaxsrl.com\/fr\/aide-au-choix\/grande-cabine-de-douche\/"]}]},{"@type":"BreadcrumbList","@id":"https:\/\/relaxsrl.com\/fr\/aide-au-choix\/grande-cabine-de-douche\/#breadcrumb","itemListElement":[{"@type":"ListItem","position":1,"name":"Aide au choix","item":"https:\/\/relaxsrl.com\/fr\/aide-au-choix\/"},{"@type":"ListItem","position":2,"name":"Grande cabine de douche"}]}]}},"_links":{"self":[{"href":"https:\/\/relaxsrl.com\/fr\/wp-json\/wp\/v2\/pages\/12738"}],"collection":[{"href":"https:\/\/relaxsrl.com\/fr\/wp-json\/wp\/v2\/pages"}],"about":[{"href":"https:\/\/relaxsrl.com\/fr\/wp-json\/wp\/v2\/types\/page"}],"author":[{"embeddable":true,"href":"https:\/\/relaxsrl.com\/fr\/wp-json\/wp\/v2\/users\/3"}],"replies":[{"embeddable":true,"href":"https:\/\/relaxsrl.com\/fr\/wp-json\/wp\/v2\/comments?post=12738"}],"version-history":[{"count":8,"href":"https:\/\/relaxsrl.com\/fr\/wp-json\/wp\/v2\/pages\/12738\/revisions"}],"predecessor-version":[{"id":31346,"href":"https:\/\/relaxsrl.com\/fr\/wp-json\/wp\/v2\/pages\/12738\/revisions\/31346"}],"up":[{"embeddable":true,"href":"https:\/\/relaxsrl.com\/fr\/wp-json\/wp\/v2\/pages\/11392"}],"wp:featuredmedia":[{"embeddable":true,"href":"https:\/\/relaxsrl.com\/fr\/wp-json\/wp\/v2\/media\/31331"}],"wp:attachment":[{"href":"https:\/\/relaxsrl.com\/fr\/wp-json\/wp\/v2\/media?parent=12738"}],"curies":[{"name":"wp","href":"https:\/\/api.w.org\/{rel}","templated":true}]}}