{"id":12746,"date":"2021-11-24T17:35:27","date_gmt":"2021-11-24T16:35:27","guid":{"rendered":"http:\/\/relaxsrl.com\/aide-au-choix\/cabine-de-douche-peu-encombrante\/"},"modified":"2024-11-18T14:19:25","modified_gmt":"2024-11-18T13:19:25","slug":"cabine-de-douche-peu-encombrante","status":"publish","type":"page","link":"https:\/\/relaxsrl.com\/fr\/aide-au-choix\/cabine-de-douche-peu-encombrante\/","title":{"rendered":"Cabine de douche peu encombrante"},"content":{"rendered":"<p>[vc_row full_width=\u00a0\u00bbstretch_row\u00a0\u00bb content_placement=\u00a0\u00bbmiddle\u00a0\u00bb el_class=\u00a0\u00bbintro-row intro-row-grey\u00a0\u00bb][vc_column][vc_column_text]<\/p>\n<h1>Cabine de douche peu encombrante<\/h1>\n<p>[\/vc_column_text][\/vc_column][\/vc_row][vc_row el_class=\u00a0\u00bbrow-path\u00a0\u00bb][vc_column][vc_column_text][\/vc_column_text][\/vc_column][\/vc_row][vc_row][vc_column][vc_single_image image=\u00a0\u00bb2555&Prime; img_size=\u00a0\u00bbfull\u00a0\u00bb][\/vc_column][\/vc_row][vc_row][vc_column width=\u00a0\u00bb1\/6&Prime;][\/vc_column][vc_column width=\u00a0\u00bb2\/3&Prime;][vc_empty_space height=\u00a0\u00bb40px\u00a0\u00bb][vc_column_text el_class=\u00a0\u00bbtxt-blue abstract weight500&Prime;]Les cabines de douche peu encombrantes sont celles qui peuvent \u00eatre repli\u00e9es ou refermables, id\u00e9ales pour r\u00e9cup\u00e9rer un espace de mouvement dans une petite salle de bain, c\u2019est-\u00e0-dire entre 3,8 et 4,5 m\u00e8tres carr\u00e9s, y compris sanitaires, meubles et radiateurs.[\/vc_column_text][vc_empty_space height=\u00a0\u00bb35px\u00a0\u00bb][\/vc_column][\/vc_row][vc_row][vc_column width=\u00a0\u00bb1\/6&Prime;][\/vc_column][vc_column width=\u00a0\u00bb2\/3&Prime;][vc_column_text]<\/p>\n<ul>\n<li><a class=\"link-interno link-interno-paragrafo-1\" href=\"#\">Caract\u00e9ristiques cabine de douche peu encombrante <\/a>\n<ul>\n<li><a class=\"link-interno link-interno-paragrafo-2\" href=\"#\">Cabine de douche peu encombrante avec deux portes battantes <\/a><\/li>\n<li><a class=\"link-interno link-interno-paragrafo-3\" href=\"#\">Cabine de douche peu encombrante avec deux portes pliable <\/a><\/li>\n<\/ul>\n<\/li>\n<\/ul>\n<p>[\/vc_column_text][vc_empty_space height=\u00a0\u00bb40px\u00a0\u00bb][\/vc_column][\/vc_row][vc_row el_id=\u00a0\u00bbparagrafo-1&Prime;][vc_column width=\u00a0\u00bb1\/6&Prime;][\/vc_column][vc_column width=\u00a0\u00bb2\/3&Prime;][vc_column_text]<\/p>\n<h2>Caract\u00e9ristiques cabine de douche peu encombrante<\/h2>\n<p>Avec portes enti\u00e8rement <strong>pliables ou refermables vers l\u2019int\u00e9rieur<\/strong>, les cabines de douche peu encombrantes <strong>rendent la salle de bain petite fonctionnelle et confortable.<\/strong> L\u00e0, non seulement la baignoire traditionnelle n\u2019entre pas parce qu\u2019elle est trop encombrante, mais aussi les centim\u00e8tres carr\u00e9s de la zone de douche, quand elle n\u2019est pas utilis\u00e9e, deviennent utiles pour se d\u00e9placer avec plus de libert\u00e9 et de facilit\u00e9 pr\u00e8s des sanitaires, des meubles, de la machine \u00e0 laver.[\/vc_column_text][vc_empty_space height=\u00a0\u00bb40px\u00a0\u00bb][\/vc_column][\/vc_row][vc_row el_id=\u00a0\u00bbparagrafo-2&Prime;][vc_column width=\u00a0\u00bb1\/6&Prime;][\/vc_column][vc_column width=\u00a0\u00bb2\/3&Prime;][vc_column_text]<\/p>\n<h3>Douche peu encombrante avec deux portes battantes<\/h3>\n<p>Les cabines de douche avec deux portes battantes ouvrantes enti\u00e8rement vers l\u2019int\u00e9rieur ainsi que vers l\u2019ext\u00e9rieur sont une ressource gagne-espace. Lorsque la douche est inutilis\u00e9e avec les portes pli\u00e9es, ils donnent la libert\u00e9 de mouvement et, si le <strong>bac de douche est mont\u00e9 au fil de sol<\/strong>, la surface de marche est parfaitement plane, sans obstacles. L\u2019ajout du<strong> joint inf\u00e9rieur \u00e0 la porte<\/strong> garantit une bonne s\u00e9paration et le confinement de l\u2019eau lorsque celle-ci est utilis\u00e9e.[\/vc_column_text][vc_empty_space height=\u00a0\u00bb20px\u00a0\u00bb][\/vc_column][\/vc_row][vc_row el_id=\u00a0\u00bbparagrafo-3&Prime;][vc_column width=\u00a0\u00bb1\/6&Prime;][\/vc_column][vc_column width=\u00a0\u00bb2\/3&Prime;][vc_column_text]<\/p>\n<h3>Douche peu encombrante avec deux portes pliable<\/h3>\n<p>Dans ce cas, la<strong> porte est empaquet\u00e9e<\/strong> sans qu\u2019il n\u2019en r\u00e9sulte aucun type d\u2019encombrement lorsque la douche n\u2019est pas utilis\u00e9e parce qu\u2019elle est divis\u00e9e en deux et tenue ensemble par une charni\u00e8re, qui en permet la fermeture et l\u2019ouverture pliable (dite aussi \u00e0 livre, \u00e0 accord\u00e9on ou \u00e0 disparition). S\u2019il est \u00e9quip\u00e9 d\u2019un <strong>syst\u00e8me de levage<\/strong>, il se soul\u00e8ve de quelques millim\u00e8tres lorsqu\u2019il est ouvert ou ferm\u00e9 afin de <strong>ne pas user le joint en bas<\/strong>, n\u00e9cessaire pour contenir l\u2019eau pendant la douche. En outre, le syst\u00e8me de levage garantit que <strong>la porte reste droite en position<\/strong>, sans qu\u2019elle se replie vers l\u2019int\u00e9rieur ou l\u2019ext\u00e9rieur, condition qui, si elle se produisait pendant la douche, ferait trouver l\u2019espace de sortie \u00e0 l\u2019eau.[\/vc_column_text][vc_empty_space height=\u00a0\u00bb20px\u00a0\u00bb][\/vc_column][\/vc_row][vc_row][vc_column][vc_empty_space height=\u00a0\u00bb50px\u00a0\u00bb][vc_column_text]<\/p>\n<h3 style=\"text-align: center;\">Quelques exemples de cabine de douche \u00e9conomiser de l\u2019espace Relax<\/h3>\n<p>[\/vc_column_text][vc_empty_space height=\u00a0\u00bb30px\u00a0\u00bb]<div class=\"woocommerce columns-4 \"><ul class=\"products columns-4\">\n<li class=\"product type-product post-13870 status-publish first instock product_cat-angolare-en product_cat-angolare-de product_cat-angulaire product_cat-angulaire-battante product_cat-battente-de-2 product_cat-box-doccia-en product_cat-box-doccia-de product_cat-cabina-doccia-salvaspazio product_cat-cabine-de-douche product_cat-guide-de-selection-cabine-de-douche-peu-encombrante product_cat-collections product_cat-collections-en product_cat-selection-guide-en product_cat-guida-alla-scelta-de product_cat-guide-de-selection product_cat-hinged product_cat-light-fr product_cat-light-de product_cat-light-en product_cat-light-ru product_cat-collezioni-de product_cat-selection-guide-space-saving-shower-enclosure product_cat-tipologia-prodotto-de product_cat-tipologia-prodotto-en product_cat-type-de-produit product_cat-1618 product_cat-1568 product_cat-1605 product_cat-1627 product_cat-1594 product_cat-1617 product_cat-1626 has-post-thumbnail shipping-taxable product-type-simple\">\n\t<div class=\"woocommerce-loop-product__short_description\" itemprop=\"description\"><a href=\"https:\/\/relaxsrl.com\/fr\/produit\/light-ab-light-ab\/\" class=\"woocommerce-LoopProduct-link woocommerce-loop-product__link\"><p>Cabine de douche sans profil\u00e9s avec porte \u00e0 double battant.<\/p>\n<\/a><\/div><\/li>\n<li class=\"product type-product post-13864 status-publish instock product_cat-angolare-en product_cat-angolare-de product_cat-angulaire product_cat-box-doccia-en product_cat-box-doccia-de product_cat-cabina-doccia-salvaspazio product_cat-cabine-de-douche product_cat-guide-de-selection-cabine-de-douche-peu-encombrante product_cat-collections-en product_cat-collections product_cat-angular-foldable product_cat-selection-guide-for-disabled-or-elderly-people product_cat-guida-alla-scelta-de product_cat-selection-guide-en product_cat-guide-de-selection product_cat-light-en product_cat-light-fr product_cat-light-de product_cat-light-ru product_cat-per-disabili-o-anziani product_cat-angulaire-pliable product_cat-guide-de-selection-pour-les-personnes-handicapees-ou-agees product_cat-collezioni-de product_cat-soffietto-de-5 product_cat-selection-guide-space-saving-shower-enclosure product_cat-tipologia-prodotto-de product_cat-tipologia-prodotto-en product_cat-type-de-produit product_cat-1618 product_cat-1608 product_cat-1568 product_cat-1605 product_cat-1594 product_cat-1633 product_cat-1617 product_cat-1626 has-post-thumbnail shipping-taxable product-type-simple\">\n\t<div class=\"woocommerce-loop-product__short_description\" itemprop=\"description\"><a href=\"https:\/\/relaxsrl.com\/fr\/produit\/light-as-light-as\/\" class=\"woocommerce-LoopProduct-link woocommerce-loop-product__link\"><p>Cabine de douche sans profils avec double porte pliante.<\/p>\n<\/a><\/div><\/li>\n<li class=\"product type-product post-13820 status-publish instock product_cat-3-lati-en product_cat-3-lati-de product_cat-3-lati-fr product_cat-3- product_cat-box-doccia-en product_cat-box-doccia-de product_cat-cabina-doccia-piccola product_cat-cabina-doccia-salvaspazio product_cat-cabine-de-douche product_cat-guide-de-selection-cabine-de-douche-peu-encombrante product_cat-collections product_cat-collections-en product_cat-selection-guide-en product_cat-guida-alla-scelta-de product_cat-guide-de-selection product_cat-lyra-fr product_cat-lyra-en product_cat-lyra-de product_cat-lyra-ru product_cat-nicchia-de product_cat-niche product_cat-niche-fr product_cat-guide-de-selection-petite-cabine-de-douche product_cat-saloon product_cat-niche-saloon product_cat-niche-saloon-fr product_cat-saloon-de-3 product_cat-saloon-de-4 product_cat-collezioni-de product_cat-selection-guide-small-shower-enclosure product_cat-selection-guide-space-saving-shower-enclosure product_cat-tipologia-prodotto-de product_cat-tipologia-prodotto-en product_cat-type-de-produit product_cat-1618 product_cat-1568 product_cat-1605 product_cat-1604 product_cat-1637 product_cat-1594 product_cat-3--- product_cat-1630 product_cat-1617 has-post-thumbnail shipping-taxable product-type-simple\">\n\t<div class=\"woocommerce-loop-product__short_description\" itemprop=\"description\"><a href=\"https:\/\/relaxsrl.com\/fr\/produit\/lyra-b2\/\" class=\"woocommerce-LoopProduct-link woocommerce-loop-product__link\"><p>Cabine de douche en niche avec porte de carr\u00e9 avec syst\u00e8me d&rsquo;alignement des portes.<\/p>\n<\/a><\/div><\/li>\n<\/ul>\n<\/div>[\/vc_column][\/vc_row][vc_row full_width=\u00a0\u00bbstretch_row_content_no_spaces\u00a0\u00bb equal_height=\u00a0\u00bbyes\u00a0\u00bb content_placement=\u00a0\u00bbmiddle\u00a0\u00bb el_class=\u00a0\u00bbrow-over-footer row-cta-over-footer\u00a0\u00bb][vc_column width=\u00a0\u00bb1\/2&Prime;][vc_single_image image=\u00a0\u00bb31366&Prime; img_size=\u00a0\u00bbfull\u00a0\u00bb][\/vc_column][vc_column width=\u00a0\u00bb1\/2&Prime; css=\u00a0\u00bb.vc_custom_1632910203262{background-image: url(http:\/\/relaxsrl.com\/wp-content\/uploads\/2021\/09\/cta-salvaspazio-opaco.jpg?id=2533) !important;background-position: center !important;background-repeat: no-repeat !important;background-size: cover !important;}\u00a0\u00bb el_class=\u00a0\u00bbrow-cta-over-footer-col-text\u00a0\u00bb][vc_row_inner][vc_column_inner width=\u00a0\u00bb1\/4&Prime;][\/vc_column_inner][vc_column_inner width=\u00a0\u00bb1\/2&Prime;][vc_column_text]<\/p>\n<h2 style=\"text-align: center;\">Vous voulez en savoir plus?<\/h2>\n<p style=\"text-align: center;\">Vous aurez surement des questions sp\u00e9cifiques sur votre situation. \u00c9crivez-nous maintenant et un de nos experts vous r\u00e9pondra.<\/p>\n<p>[\/vc_column_text][vc_btn title=\u00a0\u00bbDEMANDER DES INFORMATIONS\u00a0\u00bb style=\u00a0\u00bbclassic\u00a0\u00bb shape=\u00a0\u00bbsquare\u00a0\u00bb color=\u00a0\u00bbwhite\u00a0\u00bb align=\u00a0\u00bbcenter\u00a0\u00bb el_class=\u00a0\u00bbbtn-default-white\u00a0\u00bb link=\u00a0\u00bburl:http%3A%2F%2Frelaxsrl.com%2Ffr%2Fcontacts%2F|title:DEMANDER%20DES%20INFORMATIONS|\u00a0\u00bb][\/vc_column_inner][vc_column_inner width=\u00a0\u00bb1\/4&Prime;][\/vc_column_inner][\/vc_row_inner][\/vc_column][\/vc_row]<\/p>\n","protected":false},"excerpt":{"rendered":"<p>[vc_row full_width=\u00a0\u00bbstretch_row\u00a0\u00bb content_placement=\u00a0\u00bbmiddle\u00a0\u00bb el_class=\u00a0\u00bbintro-row intro-row-grey\u00a0\u00bb][vc_column][vc_column_text] Cabine de douche peu encombrante [\/vc_column_text][\/vc_column][\/vc_row][vc_row el_class=\u00a0\u00bbrow-path\u00a0\u00bb][vc_column][vc_column_text][\/vc_column_text][\/vc_column][\/vc_row][vc_row][vc_column][vc_single_image image=\u00a0\u00bb2555&Prime; img_size=\u00a0\u00bbfull\u00a0\u00bb][\/vc_column][\/vc_row][vc_row][vc_column width=\u00a0\u00bb1\/6&Prime;][\/vc_column][vc_column width=\u00a0\u00bb2\/3&Prime;][vc_empty_space height=\u00a0\u00bb40px\u00a0\u00bb][vc_column_text el_class=\u00a0\u00bbtxt-blue abstract weight500&Prime;]Les cabines de douche peu encombrantes sont celles qui peuvent \u00eatre repli\u00e9es ou refermables, id\u00e9ales pour r\u00e9cup\u00e9rer un espace de mouvement dans une petite salle de bain, c\u2019est-\u00e0-dire entre 3,8 et 4,5 m\u00e8tres carr\u00e9s, y compris [&hellip;]<\/p>\n","protected":false},"author":3,"featured_media":2555,"parent":11392,"menu_order":0,"comment_status":"closed","ping_status":"closed","template":"","meta":[],"acf":[],"yoast_head":"<!-- This site is optimized with the Yoast SEO Premium plugin v18.4 (Yoast SEO v18.8) - https:\/\/yoast.com\/wordpress\/plugins\/seo\/ -->\n<title>Cabine de douche peu encombrante - Relax srl<\/title>\n<meta name=\"description\" content=\"Le cabine de douche peu encombrante c&#039;est celui qui prend le moins de place et cr\u00e9e le moins d&#039;encombrement dans la salle de bain.\" \/>\n<meta name=\"robots\" content=\"index, follow, max-snippet:-1, max-image-preview:large, max-video-preview:-1\" \/>\n<link rel=\"canonical\" href=\"https:\/\/relaxsrl.com\/fr\/aide-au-choix\/cabine-de-douche-peu-encombrante\/\" \/>\n<meta property=\"og:locale\" content=\"fr_FR\" \/>\n<meta property=\"og:type\" content=\"article\" \/>\n<meta property=\"og:title\" content=\"Cabine de douche peu encombrante - Relax srl\" \/>\n<meta property=\"og:description\" content=\"Le cabine de douche peu encombrante c&#039;est celui qui prend le moins de place et cr\u00e9e le moins d&#039;encombrement dans la salle de bain.\" \/>\n<meta property=\"og:url\" content=\"https:\/\/relaxsrl.com\/fr\/aide-au-choix\/cabine-de-douche-peu-encombrante\/\" \/>\n<meta property=\"og:site_name\" content=\"Relax srl\" \/>\n<meta property=\"article:modified_time\" content=\"2024-11-18T13:19:25+00:00\" \/>\n<meta property=\"og:image\" content=\"https:\/\/relaxsrl.com\/website\/wp-content\/uploads\/2021\/09\/LYRA_PS.jpg\" \/>\n\t<meta property=\"og:image:width\" content=\"1920\" \/>\n\t<meta property=\"og:image:height\" content=\"1717\" \/>\n\t<meta property=\"og:image:type\" content=\"image\/jpeg\" \/>\n<meta name=\"twitter:card\" content=\"summary_large_image\" \/>\n<meta name=\"twitter:label1\" content=\"Dur\u00e9e de lecture estim\u00e9e\" \/>\n\t<meta name=\"twitter:data1\" content=\"3 minutes\" \/>\n<script type=\"application\/ld+json\" class=\"yoast-schema-graph\">{\"@context\":\"https:\/\/schema.org\",\"@graph\":[{\"@type\":\"WebSite\",\"@id\":\"https:\/\/relaxsrl.com\/#website\",\"url\":\"https:\/\/relaxsrl.com\/\",\"name\":\"Relax srl\",\"description\":\"\",\"potentialAction\":[{\"@type\":\"SearchAction\",\"target\":{\"@type\":\"EntryPoint\",\"urlTemplate\":\"https:\/\/relaxsrl.com\/?s={search_term_string}\"},\"query-input\":\"required name=search_term_string\"}],\"inLanguage\":\"fr-FR\"},{\"@type\":\"ImageObject\",\"inLanguage\":\"fr-FR\",\"@id\":\"https:\/\/relaxsrl.com\/fr\/aide-au-choix\/cabine-de-douche-peu-encombrante\/#primaryimage\",\"url\":\"https:\/\/relaxsrl.com\/website\/wp-content\/uploads\/2021\/09\/LYRA_PS.jpg\",\"contentUrl\":\"https:\/\/relaxsrl.com\/website\/wp-content\/uploads\/2021\/09\/LYRA_PS.jpg\",\"width\":1920,\"height\":1717,\"caption\":\"Box doccia in nicchia con porta a soffietto\"},{\"@type\":\"WebPage\",\"@id\":\"https:\/\/relaxsrl.com\/fr\/aide-au-choix\/cabine-de-douche-peu-encombrante\/#webpage\",\"url\":\"https:\/\/relaxsrl.com\/fr\/aide-au-choix\/cabine-de-douche-peu-encombrante\/\",\"name\":\"Cabine de douche peu encombrante - Relax srl\",\"isPartOf\":{\"@id\":\"https:\/\/relaxsrl.com\/#website\"},\"primaryImageOfPage\":{\"@id\":\"https:\/\/relaxsrl.com\/fr\/aide-au-choix\/cabine-de-douche-peu-encombrante\/#primaryimage\"},\"datePublished\":\"2021-11-24T16:35:27+00:00\",\"dateModified\":\"2024-11-18T13:19:25+00:00\",\"description\":\"Le cabine de douche peu encombrante c'est celui qui prend le moins de place et cr\u00e9e le moins d'encombrement dans la salle de bain.\",\"breadcrumb\":{\"@id\":\"https:\/\/relaxsrl.com\/fr\/aide-au-choix\/cabine-de-douche-peu-encombrante\/#breadcrumb\"},\"inLanguage\":\"fr-FR\",\"potentialAction\":[{\"@type\":\"ReadAction\",\"target\":[\"https:\/\/relaxsrl.com\/fr\/aide-au-choix\/cabine-de-douche-peu-encombrante\/\"]}]},{\"@type\":\"BreadcrumbList\",\"@id\":\"https:\/\/relaxsrl.com\/fr\/aide-au-choix\/cabine-de-douche-peu-encombrante\/#breadcrumb\",\"itemListElement\":[{\"@type\":\"ListItem\",\"position\":1,\"name\":\"Aide au choix\",\"item\":\"https:\/\/relaxsrl.com\/fr\/aide-au-choix\/\"},{\"@type\":\"ListItem\",\"position\":2,\"name\":\"Cabine de douche peu encombrante\"}]}]}<\/script>\n<!-- \/ Yoast SEO Premium plugin. -->","yoast_head_json":{"title":"Cabine de douche peu encombrante - Relax srl","description":"Le cabine de douche peu encombrante c'est celui qui prend le moins de place et cr\u00e9e le moins d'encombrement dans la salle de bain.","robots":{"index":"index","follow":"follow","max-snippet":"max-snippet:-1","max-image-preview":"max-image-preview:large","max-video-preview":"max-video-preview:-1"},"canonical":"https:\/\/relaxsrl.com\/fr\/aide-au-choix\/cabine-de-douche-peu-encombrante\/","og_locale":"fr_FR","og_type":"article","og_title":"Cabine de douche peu encombrante - Relax srl","og_description":"Le cabine de douche peu encombrante c'est celui qui prend le moins de place et cr\u00e9e le moins d'encombrement dans la salle de bain.","og_url":"https:\/\/relaxsrl.com\/fr\/aide-au-choix\/cabine-de-douche-peu-encombrante\/","og_site_name":"Relax srl","article_modified_time":"2024-11-18T13:19:25+00:00","og_image":[{"width":1920,"height":1717,"url":"https:\/\/relaxsrl.com\/website\/wp-content\/uploads\/2021\/09\/LYRA_PS.jpg","type":"image\/jpeg"}],"twitter_card":"summary_large_image","twitter_misc":{"Dur\u00e9e de lecture estim\u00e9e":"3 minutes"},"schema":{"@context":"https:\/\/schema.org","@graph":[{"@type":"WebSite","@id":"https:\/\/relaxsrl.com\/#website","url":"https:\/\/relaxsrl.com\/","name":"Relax srl","description":"","potentialAction":[{"@type":"SearchAction","target":{"@type":"EntryPoint","urlTemplate":"https:\/\/relaxsrl.com\/?s={search_term_string}"},"query-input":"required name=search_term_string"}],"inLanguage":"fr-FR"},{"@type":"ImageObject","inLanguage":"fr-FR","@id":"https:\/\/relaxsrl.com\/fr\/aide-au-choix\/cabine-de-douche-peu-encombrante\/#primaryimage","url":"https:\/\/relaxsrl.com\/website\/wp-content\/uploads\/2021\/09\/LYRA_PS.jpg","contentUrl":"https:\/\/relaxsrl.com\/website\/wp-content\/uploads\/2021\/09\/LYRA_PS.jpg","width":1920,"height":1717,"caption":"Box doccia in nicchia con porta a soffietto"},{"@type":"WebPage","@id":"https:\/\/relaxsrl.com\/fr\/aide-au-choix\/cabine-de-douche-peu-encombrante\/#webpage","url":"https:\/\/relaxsrl.com\/fr\/aide-au-choix\/cabine-de-douche-peu-encombrante\/","name":"Cabine de douche peu encombrante - Relax srl","isPartOf":{"@id":"https:\/\/relaxsrl.com\/#website"},"primaryImageOfPage":{"@id":"https:\/\/relaxsrl.com\/fr\/aide-au-choix\/cabine-de-douche-peu-encombrante\/#primaryimage"},"datePublished":"2021-11-24T16:35:27+00:00","dateModified":"2024-11-18T13:19:25+00:00","description":"Le cabine de douche peu encombrante c'est celui qui prend le moins de place et cr\u00e9e le moins d'encombrement dans la salle de bain.","breadcrumb":{"@id":"https:\/\/relaxsrl.com\/fr\/aide-au-choix\/cabine-de-douche-peu-encombrante\/#breadcrumb"},"inLanguage":"fr-FR","potentialAction":[{"@type":"ReadAction","target":["https:\/\/relaxsrl.com\/fr\/aide-au-choix\/cabine-de-douche-peu-encombrante\/"]}]},{"@type":"BreadcrumbList","@id":"https:\/\/relaxsrl.com\/fr\/aide-au-choix\/cabine-de-douche-peu-encombrante\/#breadcrumb","itemListElement":[{"@type":"ListItem","position":1,"name":"Aide au choix","item":"https:\/\/relaxsrl.com\/fr\/aide-au-choix\/"},{"@type":"ListItem","position":2,"name":"Cabine de douche peu encombrante"}]}]}},"_links":{"self":[{"href":"https:\/\/relaxsrl.com\/fr\/wp-json\/wp\/v2\/pages\/12746"}],"collection":[{"href":"https:\/\/relaxsrl.com\/fr\/wp-json\/wp\/v2\/pages"}],"about":[{"href":"https:\/\/relaxsrl.com\/fr\/wp-json\/wp\/v2\/types\/page"}],"author":[{"embeddable":true,"href":"https:\/\/relaxsrl.com\/fr\/wp-json\/wp\/v2\/users\/3"}],"replies":[{"embeddable":true,"href":"https:\/\/relaxsrl.com\/fr\/wp-json\/wp\/v2\/comments?post=12746"}],"version-history":[{"count":8,"href":"https:\/\/relaxsrl.com\/fr\/wp-json\/wp\/v2\/pages\/12746\/revisions"}],"predecessor-version":[{"id":31375,"href":"https:\/\/relaxsrl.com\/fr\/wp-json\/wp\/v2\/pages\/12746\/revisions\/31375"}],"up":[{"embeddable":true,"href":"https:\/\/relaxsrl.com\/fr\/wp-json\/wp\/v2\/pages\/11392"}],"wp:featuredmedia":[{"embeddable":true,"href":"https:\/\/relaxsrl.com\/fr\/wp-json\/wp\/v2\/media\/2555"}],"wp:attachment":[{"href":"https:\/\/relaxsrl.com\/fr\/wp-json\/wp\/v2\/media?parent=12746"}],"curies":[{"name":"wp","href":"https:\/\/api.w.org\/{rel}","templated":true}]}}