{"id":12750,"date":"2021-11-24T17:47:18","date_gmt":"2021-11-24T16:47:18","guid":{"rendered":"http:\/\/relaxsrl.com\/aide-au-choix\/cabine-de-douche-x-2\/"},"modified":"2024-11-18T12:04:50","modified_gmt":"2024-11-18T11:04:50","slug":"cabine-de-douche-pour-deux","status":"publish","type":"page","link":"https:\/\/relaxsrl.com\/fr\/aide-au-choix\/cabine-de-douche-pour-deux\/","title":{"rendered":"Cabine de douche pour deux"},"content":{"rendered":"<p>[vc_row full_width=\u00a0\u00bbstretch_row\u00a0\u00bb content_placement=\u00a0\u00bbmiddle\u00a0\u00bb el_class=\u00a0\u00bbintro-row intro-row-grey\u00a0\u00bb][vc_column][vc_column_text]<\/p>\n<h1>Cabine de douche <span class=\"HwtZe\" lang=\"fr\"><span class=\"jCAhz ChMk0b\"><span class=\"ryNqvb\">pour deux<\/span><\/span><\/span><\/h1>\n<p>[\/vc_column_text][\/vc_column][\/vc_row][vc_row el_class=\u00a0\u00bbrow-path\u00a0\u00bb][vc_column][vc_column_text][\/vc_column_text][\/vc_column][\/vc_row][vc_row][vc_column][vc_single_image image=\u00a0\u00bb31351&Prime; img_size=\u00a0\u00bbfull\u00a0\u00bb][\/vc_column][\/vc_row][vc_row][vc_column width=\u00a0\u00bb1\/6&Prime;][\/vc_column][vc_column width=\u00a0\u00bb2\/3&Prime;][vc_empty_space height=\u00a0\u00bb40px\u00a0\u00bb][vc_column_text el_class=\u00a0\u00bbtxt-blue abstract weight500&Prime;]La cabine de douche <span class=\"HwtZe\" lang=\"fr\"><span class=\"jCAhz ChMk0b\"><span class=\"ryNqvb\">pour deux<\/span><\/span><\/span> est un mode particulier d\u2019interpr\u00e9ter la salle de bain, souvent n\u00e9cessaire. Vous avez besoin d\u2019un espace ad\u00e9quat, \u00e0 meubler avec une seule cabine de douche ou deux jumel\u00e9es.[\/vc_column_text][vc_empty_space height=\u00a0\u00bb35px\u00a0\u00bb][\/vc_column][\/vc_row][vc_row][vc_column width=\u00a0\u00bb1\/6&Prime;][\/vc_column][vc_column width=\u00a0\u00bb2\/3&Prime;][vc_column_text]<\/p>\n<ul>\n<li><a class=\"link-interno link-interno-paragrafo-1\" href=\"#\">Douche simple d\u2019une largeur de 160 cm (au moins) <\/a><\/li>\n<li><a class=\"link-interno link-interno-paragrafo-2\" href=\"#\">Deux cabines de douche jointes <\/a><\/li>\n<\/ul>\n<p>[\/vc_column_text][vc_empty_space height=\u00a0\u00bb40px\u00a0\u00bb][\/vc_column][\/vc_row][vc_row el_id=\u00a0\u00bbparagrafo-1&Prime;][vc_column width=\u00a0\u00bb1\/6&Prime;][\/vc_column][vc_column width=\u00a0\u00bb2\/3&Prime;][vc_column_text]<\/p>\n<h2>Douche simple d\u2019une largeur de 160 cm (au moins)<\/h2>\n<p>Une douche <span class=\"HwtZe\" lang=\"fr\"><span class=\"jCAhz ChMk0b\"><span class=\"ryNqvb\">pour deux<\/span><\/span><\/span> provenant d\u2019une cabine individuelle n\u00e9cessite au moins 160 cm de largeur car elle doit accueillir \u00e0 l\u2019int\u00e9rieur <strong>deux pommeaux de douches.<\/strong> Elle peut \u00eatre positionn\u00e9e soit en <strong>niche<\/strong> soit <strong>en angle<\/strong> qu\u2019avec <strong>3 c\u00f4t\u00e9s<\/strong> et il est pr\u00e9f\u00e9rable d\u2019avoir <strong>deux portes appari\u00e9es<\/strong> afin de garantir un espace utile d\u2019entr\u00e9e qui soit vaste et permette d\u2019aller \u00e0 gauche et \u00e0 droite. L\u2019ouverture peut \u00eatre \u00e0 la fois<strong> coulissante<\/strong> et <strong>battante<\/strong>; dans ce dernier cas, nous recommandons un verre de 8 mm parce que plus stable.[\/vc_column_text][vc_empty_space height=\u00a0\u00bb40px\u00a0\u00bb][\/vc_column][\/vc_row][vc_row el_id=\u00a0\u00bbparagrafo-2&Prime;][vc_column width=\u00a0\u00bb1\/6&Prime;][\/vc_column][vc_column width=\u00a0\u00bb2\/3&Prime;][vc_column_text]<\/p>\n<h2>Deux cabines de douche jointes<\/h2>\n<p>La douche <span class=\"HwtZe\" lang=\"fr\"><span class=\"jCAhz ChMk0b\"><span class=\"ryNqvb\">pour deux<\/span><\/span><\/span> peut \u00e9galement \u00eatre compos\u00e9e de <strong>deux cabines de douche \u00e0 l\u2019italienne<\/strong>, par exemple, avec l\u2019avantage de la grande facilit\u00e9 d\u2019acc\u00e8s due \u00e0 l\u2019absence de portes.<br \/>\nLa solution la plus confortable est de placer <strong>deux cabines en niche<\/strong> avec les vitres ext\u00e9rieures et l\u2019entr\u00e9e centrale. Ils peuvent avoir des assiettes de douche s\u00e9par\u00e9es ou, de pr\u00e9f\u00e9rence, un seul plateau de douche qui va d\u2019un bout \u00e0 l\u2019autre. Le paroi fixe peut \u00eatre fix\u00e9 au mur avec un profil (qui peut se noyer dans le mur) ou avec des charni\u00e8res.<br \/>\nLa <strong>stabilit\u00e9 du verre<\/strong> est garantie de trois mani\u00e8res:<\/p>\n<ul>\n<li>la barre standard, qui permet \u00e9galement la douche et la colonne de massage<\/li>\n<li><a href=\"http:\/\/relaxsrl.com\/prodotto\/popeye\/\">Popeye de Relax<\/a>, barre qui sert aussi de pomme de douche<\/li>\n<li>la barre remplac\u00e9e par une \u00e9tag\u00e8re sp\u00e9ciale<\/li>\n<\/ul>\n<p>En g\u00e9n\u00e9ral, diff\u00e9rentes configurations sont possibles, m\u00eame avec des accessoires suppl\u00e9mentaires pour rendre plus luxueux et confortable la cabine de douche <span class=\"HwtZe\" lang=\"fr\"><span class=\"jCAhz ChMk0b\"><span class=\"ryNqvb\">pour deux<\/span><\/span><\/span>, comme le g\u00e9n\u00e9rateur de vapeur et le panneau de contr\u00f4le tactile.[\/vc_column_text][vc_empty_space height=\u00a0\u00bb40px\u00a0\u00bb][\/vc_column][\/vc_row][vc_row][vc_column][vc_empty_space height=\u00a0\u00bb50px\u00a0\u00bb][vc_column_text]<\/p>\n<h3 style=\"text-align: center;\">Quelques exemples de cabine de douche <span class=\"HwtZe\" lang=\"fr\"><span class=\"jCAhz ChMk0b\"><span class=\"ryNqvb\">pour deux<\/span><\/span><\/span> Relax<\/h3>\n<p>[\/vc_column_text][vc_empty_space height=\u00a0\u00bb30px\u00a0\u00bb]<div class=\"woocommerce columns-4 \"><ul class=\"products columns-4\">\n<li class=\"product type-product post-5714 status-publish first instock product_cat-3-lati-fr product_cat-3-lati-de product_cat-3-lati-en product_cat-3- product_cat-angolare-en product_cat-angolare-de product_cat-angulaire product_cat-box-doccia-de product_cat-box-doccia-en product_cat-box-doccia-industriale product_cat-cabina-doccia-per-2 product_cat-cabine-de-douche product_cat-guide-de-selection-cabine-de-douche-pour-2 product_cat-guide-de-selection-cabines-de-douche-industrielles product_cat-collections-en product_cat-collections product_cat-guida-alla-scelta-de product_cat-selection-guide-en product_cat-guide-de-selection product_cat-selection-guide product_cat-collezioni-de product_cat-selection-guide-shower-enclosure-for-2 product_cat-tipologia-prodotto-en product_cat-tipologia-prodotto-de product_cat-type-de-produit product_cat-3-lati-walk-in-fr product_cat-walk-in-de-4 product_cat-walk-in-en-5 product_cat-walk-in-fr product_cat-guide-de-selection-walk-in product_cat-walk-in-en-3 product_cat-walk-in-en product_cat-walk-in-de-7 product_cat-walk-in-de product_cat-walk-in-de-5 product_cat-walk-in-en-2 product_cat-angulaire-walk-in product_cat-wall-fr product_cat-wall-en product_cat-wall-de product_cat-wall-ru product_cat-1618 product_cat------x-2 product_cat-1568 product_cat-1599 product_cat-3---- product_cat-1615 product_cat-1636 product_cat-1649 product_cat-1594 product_cat-1617 product_cat-1626 has-post-thumbnail shipping-taxable product-type-simple\">\n\t<div class=\"woocommerce-loop-product__short_description\" itemprop=\"description\"><a href=\"https:\/\/relaxsrl.com\/fr\/produit\/wall-a\/\" class=\"woocommerce-LoopProduct-link woocommerce-loop-product__link\"><p>Cabine de douche \u00e0 l&rsquo;italienne traditionnelle soutenue par une barre m\u00e9tallique.<\/p>\n<\/a><\/div><\/li>\n<li class=\"product type-product post-13882 status-publish instock product_cat-angolare-de product_cat-angolare-en product_cat-angulaire product_cat-angulaire-battante product_cat-battente-de-2 product_cat-box-doccia-de product_cat-box-doccia-en product_cat-cabina-doccia-per-2 product_cat-cabine-de-douche product_cat-guide-de-selection-cabine-de-douche-pour-2 product_cat-collections-en product_cat-collections product_cat-hinged product_cat-collezioni-de product_cat-selection-guide-shower-enclosure-for-2 product_cat-steam-ru product_cat-steam-fr product_cat-steam-de product_cat-steam-en product_cat-tipologia-prodotto-en product_cat-tipologia-prodotto-de product_cat-type-de-produit product_cat-1618 product_cat------x-2 product_cat-1568 product_cat-1627 product_cat-1617 product_cat-1626 has-post-thumbnail shipping-taxable product-type-simple\">\n\t<div class=\"woocommerce-loop-product__short_description\" itemprop=\"description\"><a href=\"https:\/\/relaxsrl.com\/fr\/produit\/steam-pb-steam-f\/\" class=\"woocommerce-LoopProduct-link woocommerce-loop-product__link\"><p>Cabine de douche d&rsquo;angle avec porte battante, deux c\u00f4t\u00e9s fixes et syst\u00e8me d&rsquo;\u00e9tanch\u00e9it\u00e9 \u00e0 la vapeur.<\/p>\n<\/a><\/div><\/li>\n<\/ul>\n<\/div>[\/vc_column][\/vc_row][vc_row full_width=\u00a0\u00bbstretch_row_content_no_spaces\u00a0\u00bb equal_height=\u00a0\u00bbyes\u00a0\u00bb content_placement=\u00a0\u00bbmiddle\u00a0\u00bb el_class=\u00a0\u00bbrow-over-footer row-cta-over-footer\u00a0\u00bb][vc_column width=\u00a0\u00bb1\/2&Prime;][vc_single_image image=\u00a0\u00bb2507&Prime; img_size=\u00a0\u00bbfull\u00a0\u00bb][\/vc_column][vc_column width=\u00a0\u00bb1\/2&Prime; css=\u00a0\u00bb.vc_custom_1632909982812{background-image: url(http:\/\/relaxsrl.com\/wp-content\/uploads\/2021\/09\/cta-due-opaco.jpg?id=2509) !important;background-position: center !important;background-repeat: no-repeat !important;background-size: cover !important;}\u00a0\u00bb el_class=\u00a0\u00bbrow-cta-over-footer-col-text\u00a0\u00bb][vc_row_inner][vc_column_inner width=\u00a0\u00bb1\/4&Prime;][\/vc_column_inner][vc_column_inner width=\u00a0\u00bb1\/2&Prime;][vc_column_text]<\/p>\n<h2 style=\"text-align: center;\">Vous voulez en savoir plus?<\/h2>\n<p style=\"text-align: center;\">Vous aurez surement des questions sp\u00e9cifiques sur votre situation. \u00c9crivez-nous maintenant et un de nos experts vous r\u00e9pondra.<\/p>\n<p>[\/vc_column_text][vc_btn title=\u00a0\u00bbDEMANDER DES INFORMATIONS\u00a0\u00bb style=\u00a0\u00bbclassic\u00a0\u00bb shape=\u00a0\u00bbsquare\u00a0\u00bb color=\u00a0\u00bbwhite\u00a0\u00bb align=\u00a0\u00bbcenter\u00a0\u00bb el_class=\u00a0\u00bbbtn-default-white\u00a0\u00bb link=\u00a0\u00bburl:http%3A%2F%2Frelaxsrl.com%2Ffr%2Fcontacts%2F|title:DEMANDER%20DES%20INFORMATIONS|\u00a0\u00bb][\/vc_column_inner][vc_column_inner width=\u00a0\u00bb1\/4&Prime;][\/vc_column_inner][\/vc_row_inner][\/vc_column][\/vc_row]<\/p>\n","protected":false},"excerpt":{"rendered":"<p>[vc_row full_width=\u00a0\u00bbstretch_row\u00a0\u00bb content_placement=\u00a0\u00bbmiddle\u00a0\u00bb el_class=\u00a0\u00bbintro-row intro-row-grey\u00a0\u00bb][vc_column][vc_column_text] Cabine de douche pour deux [\/vc_column_text][\/vc_column][\/vc_row][vc_row el_class=\u00a0\u00bbrow-path\u00a0\u00bb][vc_column][vc_column_text][\/vc_column_text][\/vc_column][\/vc_row][vc_row][vc_column][vc_single_image image=\u00a0\u00bb31351&Prime; img_size=\u00a0\u00bbfull\u00a0\u00bb][\/vc_column][\/vc_row][vc_row][vc_column width=\u00a0\u00bb1\/6&Prime;][\/vc_column][vc_column width=\u00a0\u00bb2\/3&Prime;][vc_empty_space height=\u00a0\u00bb40px\u00a0\u00bb][vc_column_text el_class=\u00a0\u00bbtxt-blue abstract weight500&Prime;]La cabine de douche pour deux est un mode particulier d\u2019interpr\u00e9ter la salle de bain, souvent n\u00e9cessaire. Vous avez besoin d\u2019un espace ad\u00e9quat, \u00e0 meubler avec une seule cabine de douche ou deux jumel\u00e9es.[\/vc_column_text][vc_empty_space height=\u00a0\u00bb35px\u00a0\u00bb][\/vc_column][\/vc_row][vc_row][vc_column width=\u00a0\u00bb1\/6&Prime;][\/vc_column][vc_column [&hellip;]<\/p>\n","protected":false},"author":3,"featured_media":31351,"parent":11392,"menu_order":0,"comment_status":"closed","ping_status":"closed","template":"","meta":[],"acf":[],"yoast_head":"<!-- This site is optimized with the Yoast SEO Premium plugin v18.4 (Yoast SEO v18.8) - https:\/\/yoast.com\/wordpress\/plugins\/seo\/ -->\n<title>Cabine de douche pour deux - Relax srl<\/title>\n<meta name=\"description\" content=\"La cabine de douche pour deux personnes est une fa\u00e7on particuli\u00e8re d&#039;interpr\u00e9ter la salle de bain, qui n\u00e9cessite un espace suffisant.\" \/>\n<meta name=\"robots\" content=\"index, follow, max-snippet:-1, max-image-preview:large, max-video-preview:-1\" \/>\n<link rel=\"canonical\" href=\"https:\/\/relaxsrl.com\/fr\/aide-au-choix\/cabine-de-douche-pour-deux\/\" \/>\n<meta property=\"og:locale\" content=\"fr_FR\" \/>\n<meta property=\"og:type\" content=\"article\" \/>\n<meta property=\"og:title\" content=\"Cabine de douche pour deux - Relax srl\" \/>\n<meta property=\"og:description\" content=\"La cabine de douche pour deux personnes est une fa\u00e7on particuli\u00e8re d&#039;interpr\u00e9ter la salle de bain, qui n\u00e9cessite un espace suffisant.\" \/>\n<meta property=\"og:url\" content=\"https:\/\/relaxsrl.com\/fr\/aide-au-choix\/cabine-de-douche-pour-deux\/\" \/>\n<meta property=\"og:site_name\" content=\"Relax srl\" \/>\n<meta property=\"article:modified_time\" content=\"2024-11-18T11:04:50+00:00\" \/>\n<meta property=\"og:image\" content=\"https:\/\/relaxsrl.com\/website\/wp-content\/uploads\/2024\/11\/DIMENSIONI_1.jpg\" \/>\n\t<meta property=\"og:image:width\" content=\"1920\" \/>\n\t<meta property=\"og:image:height\" content=\"1080\" \/>\n\t<meta property=\"og:image:type\" content=\"image\/jpeg\" \/>\n<meta name=\"twitter:card\" content=\"summary_large_image\" \/>\n<meta name=\"twitter:label1\" content=\"Dur\u00e9e de lecture estim\u00e9e\" \/>\n\t<meta name=\"twitter:data1\" content=\"3 minutes\" \/>\n<script type=\"application\/ld+json\" class=\"yoast-schema-graph\">{\"@context\":\"https:\/\/schema.org\",\"@graph\":[{\"@type\":\"WebSite\",\"@id\":\"https:\/\/relaxsrl.com\/#website\",\"url\":\"https:\/\/relaxsrl.com\/\",\"name\":\"Relax srl\",\"description\":\"\",\"potentialAction\":[{\"@type\":\"SearchAction\",\"target\":{\"@type\":\"EntryPoint\",\"urlTemplate\":\"https:\/\/relaxsrl.com\/?s={search_term_string}\"},\"query-input\":\"required name=search_term_string\"}],\"inLanguage\":\"fr-FR\"},{\"@type\":\"ImageObject\",\"inLanguage\":\"fr-FR\",\"@id\":\"https:\/\/relaxsrl.com\/fr\/aide-au-choix\/cabine-de-douche-pour-deux\/#primaryimage\",\"url\":\"https:\/\/relaxsrl.com\/website\/wp-content\/uploads\/2024\/11\/DIMENSIONI_1.jpg\",\"contentUrl\":\"https:\/\/relaxsrl.com\/website\/wp-content\/uploads\/2024\/11\/DIMENSIONI_1.jpg\",\"width\":1920,\"height\":1080},{\"@type\":\"WebPage\",\"@id\":\"https:\/\/relaxsrl.com\/fr\/aide-au-choix\/cabine-de-douche-pour-deux\/#webpage\",\"url\":\"https:\/\/relaxsrl.com\/fr\/aide-au-choix\/cabine-de-douche-pour-deux\/\",\"name\":\"Cabine de douche pour deux - Relax srl\",\"isPartOf\":{\"@id\":\"https:\/\/relaxsrl.com\/#website\"},\"primaryImageOfPage\":{\"@id\":\"https:\/\/relaxsrl.com\/fr\/aide-au-choix\/cabine-de-douche-pour-deux\/#primaryimage\"},\"datePublished\":\"2021-11-24T16:47:18+00:00\",\"dateModified\":\"2024-11-18T11:04:50+00:00\",\"description\":\"La cabine de douche pour deux personnes est une fa\u00e7on particuli\u00e8re d'interpr\u00e9ter la salle de bain, qui n\u00e9cessite un espace suffisant.\",\"breadcrumb\":{\"@id\":\"https:\/\/relaxsrl.com\/fr\/aide-au-choix\/cabine-de-douche-pour-deux\/#breadcrumb\"},\"inLanguage\":\"fr-FR\",\"potentialAction\":[{\"@type\":\"ReadAction\",\"target\":[\"https:\/\/relaxsrl.com\/fr\/aide-au-choix\/cabine-de-douche-pour-deux\/\"]}]},{\"@type\":\"BreadcrumbList\",\"@id\":\"https:\/\/relaxsrl.com\/fr\/aide-au-choix\/cabine-de-douche-pour-deux\/#breadcrumb\",\"itemListElement\":[{\"@type\":\"ListItem\",\"position\":1,\"name\":\"Aide au choix\",\"item\":\"https:\/\/relaxsrl.com\/fr\/aide-au-choix\/\"},{\"@type\":\"ListItem\",\"position\":2,\"name\":\"Cabine de douche pour deux\"}]}]}<\/script>\n<!-- \/ Yoast SEO Premium plugin. -->","yoast_head_json":{"title":"Cabine de douche pour deux - Relax srl","description":"La cabine de douche pour deux personnes est une fa\u00e7on particuli\u00e8re d'interpr\u00e9ter la salle de bain, qui n\u00e9cessite un espace suffisant.","robots":{"index":"index","follow":"follow","max-snippet":"max-snippet:-1","max-image-preview":"max-image-preview:large","max-video-preview":"max-video-preview:-1"},"canonical":"https:\/\/relaxsrl.com\/fr\/aide-au-choix\/cabine-de-douche-pour-deux\/","og_locale":"fr_FR","og_type":"article","og_title":"Cabine de douche pour deux - Relax srl","og_description":"La cabine de douche pour deux personnes est une fa\u00e7on particuli\u00e8re d'interpr\u00e9ter la salle de bain, qui n\u00e9cessite un espace suffisant.","og_url":"https:\/\/relaxsrl.com\/fr\/aide-au-choix\/cabine-de-douche-pour-deux\/","og_site_name":"Relax srl","article_modified_time":"2024-11-18T11:04:50+00:00","og_image":[{"width":1920,"height":1080,"url":"https:\/\/relaxsrl.com\/website\/wp-content\/uploads\/2024\/11\/DIMENSIONI_1.jpg","type":"image\/jpeg"}],"twitter_card":"summary_large_image","twitter_misc":{"Dur\u00e9e de lecture estim\u00e9e":"3 minutes"},"schema":{"@context":"https:\/\/schema.org","@graph":[{"@type":"WebSite","@id":"https:\/\/relaxsrl.com\/#website","url":"https:\/\/relaxsrl.com\/","name":"Relax srl","description":"","potentialAction":[{"@type":"SearchAction","target":{"@type":"EntryPoint","urlTemplate":"https:\/\/relaxsrl.com\/?s={search_term_string}"},"query-input":"required name=search_term_string"}],"inLanguage":"fr-FR"},{"@type":"ImageObject","inLanguage":"fr-FR","@id":"https:\/\/relaxsrl.com\/fr\/aide-au-choix\/cabine-de-douche-pour-deux\/#primaryimage","url":"https:\/\/relaxsrl.com\/website\/wp-content\/uploads\/2024\/11\/DIMENSIONI_1.jpg","contentUrl":"https:\/\/relaxsrl.com\/website\/wp-content\/uploads\/2024\/11\/DIMENSIONI_1.jpg","width":1920,"height":1080},{"@type":"WebPage","@id":"https:\/\/relaxsrl.com\/fr\/aide-au-choix\/cabine-de-douche-pour-deux\/#webpage","url":"https:\/\/relaxsrl.com\/fr\/aide-au-choix\/cabine-de-douche-pour-deux\/","name":"Cabine de douche pour deux - Relax srl","isPartOf":{"@id":"https:\/\/relaxsrl.com\/#website"},"primaryImageOfPage":{"@id":"https:\/\/relaxsrl.com\/fr\/aide-au-choix\/cabine-de-douche-pour-deux\/#primaryimage"},"datePublished":"2021-11-24T16:47:18+00:00","dateModified":"2024-11-18T11:04:50+00:00","description":"La cabine de douche pour deux personnes est une fa\u00e7on particuli\u00e8re d'interpr\u00e9ter la salle de bain, qui n\u00e9cessite un espace suffisant.","breadcrumb":{"@id":"https:\/\/relaxsrl.com\/fr\/aide-au-choix\/cabine-de-douche-pour-deux\/#breadcrumb"},"inLanguage":"fr-FR","potentialAction":[{"@type":"ReadAction","target":["https:\/\/relaxsrl.com\/fr\/aide-au-choix\/cabine-de-douche-pour-deux\/"]}]},{"@type":"BreadcrumbList","@id":"https:\/\/relaxsrl.com\/fr\/aide-au-choix\/cabine-de-douche-pour-deux\/#breadcrumb","itemListElement":[{"@type":"ListItem","position":1,"name":"Aide au choix","item":"https:\/\/relaxsrl.com\/fr\/aide-au-choix\/"},{"@type":"ListItem","position":2,"name":"Cabine de douche pour deux"}]}]}},"_links":{"self":[{"href":"https:\/\/relaxsrl.com\/fr\/wp-json\/wp\/v2\/pages\/12750"}],"collection":[{"href":"https:\/\/relaxsrl.com\/fr\/wp-json\/wp\/v2\/pages"}],"about":[{"href":"https:\/\/relaxsrl.com\/fr\/wp-json\/wp\/v2\/types\/page"}],"author":[{"embeddable":true,"href":"https:\/\/relaxsrl.com\/fr\/wp-json\/wp\/v2\/users\/3"}],"replies":[{"embeddable":true,"href":"https:\/\/relaxsrl.com\/fr\/wp-json\/wp\/v2\/comments?post=12750"}],"version-history":[{"count":9,"href":"https:\/\/relaxsrl.com\/fr\/wp-json\/wp\/v2\/pages\/12750\/revisions"}],"predecessor-version":[{"id":31356,"href":"https:\/\/relaxsrl.com\/fr\/wp-json\/wp\/v2\/pages\/12750\/revisions\/31356"}],"up":[{"embeddable":true,"href":"https:\/\/relaxsrl.com\/fr\/wp-json\/wp\/v2\/pages\/11392"}],"wp:featuredmedia":[{"embeddable":true,"href":"https:\/\/relaxsrl.com\/fr\/wp-json\/wp\/v2\/media\/31351"}],"wp:attachment":[{"href":"https:\/\/relaxsrl.com\/fr\/wp-json\/wp\/v2\/media?parent=12750"}],"curies":[{"name":"wp","href":"https:\/\/api.w.org\/{rel}","templated":true}]}}