{"id":12760,"date":"2021-11-25T09:57:58","date_gmt":"2021-11-25T08:57:58","guid":{"rendered":"http:\/\/relaxsrl.com\/aide-au-choix\/finitions-en-verre-pour-parois-de-douche\/"},"modified":"2023-09-08T16:05:37","modified_gmt":"2023-09-08T14:05:37","slug":"finitions-en-verre-pour-parois-de-douche","status":"publish","type":"page","link":"https:\/\/relaxsrl.com\/fr\/aide-au-choix\/finitions-en-verre-pour-parois-de-douche\/","title":{"rendered":"Finitions en verre pour parois de douche"},"content":{"rendered":"<p>[vc_row full_width=\u00a0\u00bbstretch_row\u00a0\u00bb content_placement=\u00a0\u00bbmiddle\u00a0\u00bb el_class=\u00a0\u00bbintro-row intro-row-grey\u00a0\u00bb][vc_column][vc_column_text]<\/p>\n<h1>Finitions en verre pour parois de douche<\/h1>\n<p>[\/vc_column_text][\/vc_column][\/vc_row][vc_row el_class=\u00a0\u00bbrow-path\u00a0\u00bb][vc_column][vc_column_text][\/vc_column_text][\/vc_column][\/vc_row][vc_row][vc_column][vc_single_image image=\u00a0\u00bb2402&Prime; img_size=\u00a0\u00bbfull\u00a0\u00bb][\/vc_column][\/vc_row][vc_row][vc_column width=\u00a0\u00bb1\/6&Prime;][\/vc_column][vc_column width=\u00a0\u00bb2\/3&Prime;][vc_empty_space height=\u00a0\u00bb40px\u00a0\u00bb][vc_column_text el_class=\u00a0\u00bbtxt-blue abstract weight500&Prime;]Finitions en verre pour parois de douche pour les cabines de douche en fonction de chaque besoin. Du verre d\u00e9poli et opaque au verre fum\u00e9, du verre s\u00e9rigraphi\u00e9 au verre plumes, au verre color\u00e9 au verre extra clair.[\/vc_column_text][vc_empty_space height=\u00a0\u00bb35px\u00a0\u00bb][\/vc_column][\/vc_row][vc_row el_id=\u00a0\u00bbparagrafo-1&Prime;][vc_column width=\u00a0\u00bb1\/6&Prime;][\/vc_column][vc_column width=\u00a0\u00bb2\/3&Prime;][vc_column_text]<\/p>\n<h2>Cabine de douche en verre color\u00e9<\/h2>\n<p>Entre finitions en verre pour parois de douche, une cabine de douche moderne avec des verres color\u00e9s peut choisir entre plusieurs possibilit\u00e9s. Par exemple, Relax propose l\u2019\u00e9l\u00e9gance du <strong>verre bronz\u00e9<\/strong>, pour un effet industriel ou de luxe selon la collection choisie et les accessoires assortis, et le raffinement du <strong>verre Gris Europe<\/strong>, parfait pour un style minimaliste. Dans les deux cas, c&rsquo;est le <strong>verre qui change de couleur<\/strong> et n&rsquo;est pas une finition de surface.<br \/>\nPour mieux s\u2019adapter au look de la salle de bain, l<strong>es charni\u00e8res, la poign\u00e9e de douche et les profils utilis\u00e9s peuvent \u00e9galement pointer sur la couleur.<\/strong><br \/>\nLes cabines de douche en verre color\u00e9 permettent de r\u00e9aliser des vitraux aux effets sc\u00e9nographiques car, en combinaison avec la lumi\u00e8re qui les traverse, la couleur peut prendre une beaut\u00e9 et une intensit\u00e9 particuli\u00e8res.[\/vc_column_text][vc_empty_space height=\u00a0\u00bb40px\u00a0\u00bb][\/vc_column][\/vc_row][vc_row el_id=\u00a0\u00bbparagrafo-2&Prime;][vc_column width=\u00a0\u00bb1\/6&Prime;][\/vc_column][vc_column width=\u00a0\u00bb2\/3&Prime;][vc_column_text]<\/p>\n<h2>Finitions en verre pour parois de douche<\/h2>\n<p>La cabine de douche en verre d\u00e9cor\u00e9 ne peut \u00eatre choisie que sur une <strong>base esth\u00e9tique ou fonctionnelle.<\/strong> Le d\u00e9cor peut en effet \u00eatre une <strong>s\u00e9rigraphie \u00e0 l\u2019effet inalt\u00e9rable et transparent<\/strong> ou il peut \u00eatre <strong>associ\u00e9 \u00e0 une satinage<\/strong> afin d\u2019assurer \u00e9galement une fonction pratique de <strong>garantie de la privacy.<\/strong>[\/vc_column_text][vc_empty_space height=\u00a0\u00bb40px\u00a0\u00bb][\/vc_column][\/vc_row][vc_row el_id=\u00a0\u00bbparagrafo-4&Prime;][vc_column width=\u00a0\u00bb1\/6&Prime;][\/vc_column][vc_column width=\u00a0\u00bb2\/3&Prime;][vc_column_text]<\/p>\n<h2>Cabine de douche en verre satin\u00e9<\/h2>\n<p>Les cabines de douche en verre satin\u00e9 ont une <strong>surface mate<\/strong> et sont donc id\u00e9ales pour <strong>prot\u00e9ger la vie priv\u00e9e<\/strong>. En effet, ils sont trait\u00e9s par un proc\u00e9d\u00e9 chimique permanent, ex\u00e9cut\u00e9 sur des plaques enti\u00e8res, qui \u00e9limine la transparence, mais pas la transmission lumineuse, et donne au verre un aspect <strong>velout\u00e9 et doux au toucher<\/strong>. Le satinage peut se faire par:<\/p>\n<ul>\n<li style=\"list-style-type: none;\">\n<ul>\n<li style=\"list-style-type: none;\">\n<ul>\n<li><strong>acide fluorhydrique<\/strong>, d\u2019o\u00f9 \u00e9galement le nom \u00ab\u00a0verre acide\u00a0\u00bb par lequel beaucoup se r\u00e9f\u00e8rent au verre satin\u00e9; le proc\u00e9d\u00e9 de satinage consiste \u00e0 r\u00e9aliser une grande vari\u00e9t\u00e9 de d\u00e9corations et de dessins sur tout ou partie de la surface du verre<\/li>\n<li><strong>sablage<\/strong> permet de cr\u00e9er des effets d\u00e9coratifs particuliers sur le verre allant de la simple opacification de la surface \u00e0 la r\u00e9alisation de gravures artistiques sur une ou les deux faces du verre<\/li>\n<\/ul>\n<p>[\/vc_column_text][vc_empty_space height=\u00a0\u00bb40px\u00a0\u00bb][\/vc_column][\/vc_row][vc_row el_id=\u00a0\u00bbparagrafo-5&Prime;][vc_column width=\u00a0\u00bb1\/6&Prime;][\/vc_column][vc_column width=\u00a0\u00bb2\/3&Prime;][vc_column_text]<\/p>\n<h2>Cabine de douche en verre s\u00e9rigraphi\u00e9<\/h2>\n<p>Les cabines de douche avec vitres s\u00e9rigraphi\u00e9es ont des portes et\/ou des panneaux fixes avec la<strong> face ext\u00e9rieure recouverte de motifs d\u00e9coratifs inalt\u00e9rables<\/strong>. L\u2019effet est obtenu en d\u00e9posant un vernis vitrifiant pendant le processus de trempe. Les verres s\u00e9rigraphi\u00e9s se caract\u00e9risent par des <strong>bandes d\u00e9cor\u00e9es<\/strong> dans la partie centrale du verre, g\u00e9n\u00e9ralement <strong>plac\u00e9es \u00e0 l\u2019horizontale<\/strong>. La cabine de douche s\u00e9rigraphi\u00e9e est le pr\u00e9f\u00e9r\u00e9 de ceux qui veulent une voie interm\u00e9diaire entre le satin\u00e9, pour une plus <strong>grande intimit\u00e9<\/strong>, et le transparent, qui fait passer la quantit\u00e9 maximale de lumi\u00e8re.[\/vc_column_text][vc_empty_space height=\u00a0\u00bb40px\u00a0\u00bb][\/vc_column][\/vc_row][vc_row el_id=\u00a0\u00bbparagrafo-6&Prime;][vc_column width=\u00a0\u00bb1\/6&Prime;][\/vc_column][vc_column width=\u00a0\u00bb2\/3&Prime;][vc_column_text]<\/p>\n<h2>Cabine de douche en verre transparent<\/h2>\n<p>Entre les finitions en verre pour parois de douche, la cabine de douche en verre transparent est la plus simple. Elle<strong> laisse passer la lumi\u00e8re \u00e0 la perfection<\/strong> donc, surtout dans une petite salle de bain, elle donne une <strong>sensation de profondeur et d\u2019espace ouvert<\/strong>. Le verre transparent n\u00e9cessite <strong>plus d\u2019attention lors du nettoyage.<\/strong> En outre, il existe aussi le <strong>verre extra-clair,<\/strong> capable d\u2019une transparence maximale, sans possibilit\u00e9 d\u2019apercevoir des reflets verd\u00e2tres, mais pour cela aussi plus cher que le standard. Pour cela, par exemple, Relax le met \u00e0 disposition de ses clients, mais seulement sur demande.[\/vc_column_text][vc_empty_space height=\u00a0\u00bb40px\u00a0\u00bb][\/vc_column][\/vc_row][vc_row el_id=\u00a0\u00bbparagrafo-7&Prime;][vc_column width=\u00a0\u00bb1\/6&Prime;][\/vc_column][vc_column width=\u00a0\u00bb2\/3&Prime;][vc_column_text]<\/p>\n<h2>Cabine de douche en verre \u00e0 plumes<\/h2>\n<p>Dans une cabine de douche avec du verre \u00e0 plumes ou du chinchilla, un <strong>dessin en relief est imprim\u00e9<\/strong> sur un c\u00f4t\u00e9 de la plaque. Avec le temps, \u00ab\u00a0plume\u00a0\u00bb est devenu synonyme de \u00ab\u00a0imprim\u00e9\u00a0\u00bb m\u00eame si en r\u00e9alit\u00e9 il indique un dessin particulier. Les verres moul\u00e9s sont obtenus par un proc\u00e9d\u00e9 sp\u00e9cial de laminage du feuillard en verre chaud, ins\u00e9r\u00e9 entre deux cylindres m\u00e9talliques.[\/vc_column_text][vc_empty_space height=\u00a0\u00bb40px\u00a0\u00bb][\/vc_column][\/vc_row][vc_row el_id=\u00a0\u00bbparagrafo-8&Prime;][vc_column width=\u00a0\u00bb1\/6&Prime;][\/vc_column][vc_column width=\u00a0\u00bb2\/3&Prime;][vc_column_text]<\/p>\n<h2>Cabine de douche avec panneau acrylique<\/h2>\n<p>La cabine de douche en verre acrylique est g\u00e9n\u00e9ralement \u00e9conomique car le mat\u00e9riau est moins pr\u00e9cieux que le verre. Le mat\u00e9riau plastique qui compose ce type particulier de finition est tr\u00e8s r\u00e9sistant, bien que peu durable dans le temps.[\/vc_column_text][vc_empty_space height=\u00a0\u00bb40px\u00a0\u00bb][\/vc_column][\/vc_row][vc_row][vc_column][vc_empty_space height=\u00a0\u00bb50px\u00a0\u00bb][\/vc_column][\/vc_row][vc_row full_width=\u00a0\u00bbstretch_row_content_no_spaces\u00a0\u00bb equal_height=\u00a0\u00bbyes\u00a0\u00bb content_placement=\u00a0\u00bbmiddle\u00a0\u00bb el_class=\u00a0\u00bbrow-over-footer row-cta-over-footer\u00a0\u00bb][vc_column width=\u00a0\u00bb1\/2&Prime;][vc_single_image image=\u00a0\u00bb2406&Prime; img_size=\u00a0\u00bbfull\u00a0\u00bb][\/vc_column][vc_column width=\u00a0\u00bb1\/2&Prime; css=\u00a0\u00bb.vc_custom_1632908620791{background-image: url(http:\/\/relaxsrl.com\/wp-content\/uploads\/2021\/09\/cta-finiture-vetro-opaco.jpg?id=2408) !important;background-position: center !important;background-repeat: no-repeat !important;background-size: cover !important;}\u00a0\u00bb el_class=\u00a0\u00bbrow-cta-over-footer-col-text\u00a0\u00bb][vc_row_inner][vc_column_inner width=\u00a0\u00bb1\/4&Prime;][\/vc_column_inner][vc_column_inner width=\u00a0\u00bb1\/2&Prime;][vc_column_text]<\/p>\n<h2 style=\"text-align: center;\">Comment veux-tu les vitres de ta douche ?<\/h2>\n<p style=\"text-align: center;\">SSi vous avez des questions sur les traitements des vitres et leurs finitions pour les cabines de douche, demandez. Nous r\u00e9pondrons d\u00e8s que possible.<\/p>\n<p>[\/vc_column_text][vc_btn title=\u00a0\u00bbDEMANDER DES INFORMATIONS\u00a0\u00bb style=\u00a0\u00bbclassic\u00a0\u00bb shape=\u00a0\u00bbsquare\u00a0\u00bb color=\u00a0\u00bbwhite\u00a0\u00bb align=\u00a0\u00bbcenter\u00a0\u00bb el_class=\u00a0\u00bbbtn-default-white\u00a0\u00bb link=\u00a0\u00bburl:http%3A%2F%2Frelaxsrl.com%2Ffr%2Fcontacts%2F|title:DEMANDER%20DES%20INFORMATIONS|\u00a0\u00bb][\/vc_column_inner][vc_column_inner width=\u00a0\u00bb1\/4&Prime;][\/vc_column_inner][\/vc_row_inner][\/vc_column][\/vc_row]<\/li>\n<\/ul>\n<\/li>\n<\/ul>\n","protected":false},"excerpt":{"rendered":"<p>[vc_row full_width=\u00a0\u00bbstretch_row\u00a0\u00bb content_placement=\u00a0\u00bbmiddle\u00a0\u00bb el_class=\u00a0\u00bbintro-row intro-row-grey\u00a0\u00bb][vc_column][vc_column_text] Finitions en verre pour parois de douche [\/vc_column_text][\/vc_column][\/vc_row][vc_row el_class=\u00a0\u00bbrow-path\u00a0\u00bb][vc_column][vc_column_text][\/vc_column_text][\/vc_column][\/vc_row][vc_row][vc_column][vc_single_image image=\u00a0\u00bb2402&Prime; img_size=\u00a0\u00bbfull\u00a0\u00bb][\/vc_column][\/vc_row][vc_row][vc_column width=\u00a0\u00bb1\/6&Prime;][\/vc_column][vc_column width=\u00a0\u00bb2\/3&Prime;][vc_empty_space height=\u00a0\u00bb40px\u00a0\u00bb][vc_column_text el_class=\u00a0\u00bbtxt-blue abstract weight500&Prime;]Finitions en verre pour parois de douche pour les cabines de douche en fonction de chaque besoin. Du verre d\u00e9poli et opaque au verre fum\u00e9, du verre s\u00e9rigraphi\u00e9 au verre plumes, au verre color\u00e9 [&hellip;]<\/p>\n","protected":false},"author":3,"featured_media":2402,"parent":11392,"menu_order":0,"comment_status":"closed","ping_status":"closed","template":"","meta":[],"acf":[],"yoast_head":"<!-- This site is optimized with the Yoast SEO Premium plugin v18.4 (Yoast SEO v18.8) - https:\/\/yoast.com\/wordpress\/plugins\/seo\/ -->\n<title>Finitions en verre pour parois de douche - Relax srl<\/title>\n<meta name=\"description\" content=\"Il existe de nombreuses finitions en verre pour parois de douche. Des verres joyeux et color\u00e9s aux verres extra clairs. D\u00e9couvrez-les.\" \/>\n<meta name=\"robots\" content=\"index, follow, max-snippet:-1, max-image-preview:large, max-video-preview:-1\" \/>\n<link rel=\"canonical\" href=\"https:\/\/relaxsrl.com\/fr\/aide-au-choix\/finitions-en-verre-pour-parois-de-douche\/\" \/>\n<meta property=\"og:locale\" content=\"fr_FR\" \/>\n<meta property=\"og:type\" content=\"article\" \/>\n<meta property=\"og:title\" content=\"Finitions en verre pour parois de douche - Relax srl\" \/>\n<meta property=\"og:description\" content=\"Il existe de nombreuses finitions en verre pour parois de douche. Des verres joyeux et color\u00e9s aux verres extra clairs. D\u00e9couvrez-les.\" \/>\n<meta property=\"og:url\" content=\"https:\/\/relaxsrl.com\/fr\/aide-au-choix\/finitions-en-verre-pour-parois-de-douche\/\" \/>\n<meta property=\"og:site_name\" content=\"Relax srl\" \/>\n<meta property=\"article:modified_time\" content=\"2023-09-08T14:05:37+00:00\" \/>\n<meta property=\"og:image\" content=\"https:\/\/relaxsrl.com\/website\/wp-content\/uploads\/2021\/09\/FLAT_SC1_2.jpg\" \/>\n\t<meta property=\"og:image:width\" content=\"1920\" \/>\n\t<meta property=\"og:image:height\" content=\"1280\" \/>\n\t<meta property=\"og:image:type\" content=\"image\/jpeg\" \/>\n<meta name=\"twitter:card\" content=\"summary_large_image\" \/>\n<meta name=\"twitter:label1\" content=\"Dur\u00e9e de lecture estim\u00e9e\" \/>\n\t<meta name=\"twitter:data1\" content=\"5 minutes\" \/>\n<script type=\"application\/ld+json\" class=\"yoast-schema-graph\">{\"@context\":\"https:\/\/schema.org\",\"@graph\":[{\"@type\":\"WebSite\",\"@id\":\"https:\/\/relaxsrl.com\/#website\",\"url\":\"https:\/\/relaxsrl.com\/\",\"name\":\"Relax srl\",\"description\":\"\",\"potentialAction\":[{\"@type\":\"SearchAction\",\"target\":{\"@type\":\"EntryPoint\",\"urlTemplate\":\"https:\/\/relaxsrl.com\/?s={search_term_string}\"},\"query-input\":\"required name=search_term_string\"}],\"inLanguage\":\"fr-FR\"},{\"@type\":\"ImageObject\",\"inLanguage\":\"fr-FR\",\"@id\":\"https:\/\/relaxsrl.com\/fr\/aide-au-choix\/finitions-en-verre-pour-parois-de-douche\/#primaryimage\",\"url\":\"https:\/\/relaxsrl.com\/website\/wp-content\/uploads\/2021\/09\/FLAT_SC1_2.jpg\",\"contentUrl\":\"https:\/\/relaxsrl.com\/website\/wp-content\/uploads\/2021\/09\/FLAT_SC1_2.jpg\",\"width\":1920,\"height\":1280,\"caption\":\"Finitura vetro piumato su box doccia scorrevole in nicchia\"},{\"@type\":\"WebPage\",\"@id\":\"https:\/\/relaxsrl.com\/fr\/aide-au-choix\/finitions-en-verre-pour-parois-de-douche\/#webpage\",\"url\":\"https:\/\/relaxsrl.com\/fr\/aide-au-choix\/finitions-en-verre-pour-parois-de-douche\/\",\"name\":\"Finitions en verre pour parois de douche - Relax srl\",\"isPartOf\":{\"@id\":\"https:\/\/relaxsrl.com\/#website\"},\"primaryImageOfPage\":{\"@id\":\"https:\/\/relaxsrl.com\/fr\/aide-au-choix\/finitions-en-verre-pour-parois-de-douche\/#primaryimage\"},\"datePublished\":\"2021-11-25T08:57:58+00:00\",\"dateModified\":\"2023-09-08T14:05:37+00:00\",\"description\":\"Il existe de nombreuses finitions en verre pour parois de douche. Des verres joyeux et color\u00e9s aux verres extra clairs. D\u00e9couvrez-les.\",\"breadcrumb\":{\"@id\":\"https:\/\/relaxsrl.com\/fr\/aide-au-choix\/finitions-en-verre-pour-parois-de-douche\/#breadcrumb\"},\"inLanguage\":\"fr-FR\",\"potentialAction\":[{\"@type\":\"ReadAction\",\"target\":[\"https:\/\/relaxsrl.com\/fr\/aide-au-choix\/finitions-en-verre-pour-parois-de-douche\/\"]}]},{\"@type\":\"BreadcrumbList\",\"@id\":\"https:\/\/relaxsrl.com\/fr\/aide-au-choix\/finitions-en-verre-pour-parois-de-douche\/#breadcrumb\",\"itemListElement\":[{\"@type\":\"ListItem\",\"position\":1,\"name\":\"Aide au choix\",\"item\":\"https:\/\/relaxsrl.com\/fr\/aide-au-choix\/\"},{\"@type\":\"ListItem\",\"position\":2,\"name\":\"Finitions en verre pour parois de douche\"}]}]}<\/script>\n<!-- \/ Yoast SEO Premium plugin. -->","yoast_head_json":{"title":"Finitions en verre pour parois de douche - Relax srl","description":"Il existe de nombreuses finitions en verre pour parois de douche. Des verres joyeux et color\u00e9s aux verres extra clairs. D\u00e9couvrez-les.","robots":{"index":"index","follow":"follow","max-snippet":"max-snippet:-1","max-image-preview":"max-image-preview:large","max-video-preview":"max-video-preview:-1"},"canonical":"https:\/\/relaxsrl.com\/fr\/aide-au-choix\/finitions-en-verre-pour-parois-de-douche\/","og_locale":"fr_FR","og_type":"article","og_title":"Finitions en verre pour parois de douche - Relax srl","og_description":"Il existe de nombreuses finitions en verre pour parois de douche. Des verres joyeux et color\u00e9s aux verres extra clairs. D\u00e9couvrez-les.","og_url":"https:\/\/relaxsrl.com\/fr\/aide-au-choix\/finitions-en-verre-pour-parois-de-douche\/","og_site_name":"Relax srl","article_modified_time":"2023-09-08T14:05:37+00:00","og_image":[{"width":1920,"height":1280,"url":"https:\/\/relaxsrl.com\/website\/wp-content\/uploads\/2021\/09\/FLAT_SC1_2.jpg","type":"image\/jpeg"}],"twitter_card":"summary_large_image","twitter_misc":{"Dur\u00e9e de lecture estim\u00e9e":"5 minutes"},"schema":{"@context":"https:\/\/schema.org","@graph":[{"@type":"WebSite","@id":"https:\/\/relaxsrl.com\/#website","url":"https:\/\/relaxsrl.com\/","name":"Relax srl","description":"","potentialAction":[{"@type":"SearchAction","target":{"@type":"EntryPoint","urlTemplate":"https:\/\/relaxsrl.com\/?s={search_term_string}"},"query-input":"required name=search_term_string"}],"inLanguage":"fr-FR"},{"@type":"ImageObject","inLanguage":"fr-FR","@id":"https:\/\/relaxsrl.com\/fr\/aide-au-choix\/finitions-en-verre-pour-parois-de-douche\/#primaryimage","url":"https:\/\/relaxsrl.com\/website\/wp-content\/uploads\/2021\/09\/FLAT_SC1_2.jpg","contentUrl":"https:\/\/relaxsrl.com\/website\/wp-content\/uploads\/2021\/09\/FLAT_SC1_2.jpg","width":1920,"height":1280,"caption":"Finitura vetro piumato su box doccia scorrevole in nicchia"},{"@type":"WebPage","@id":"https:\/\/relaxsrl.com\/fr\/aide-au-choix\/finitions-en-verre-pour-parois-de-douche\/#webpage","url":"https:\/\/relaxsrl.com\/fr\/aide-au-choix\/finitions-en-verre-pour-parois-de-douche\/","name":"Finitions en verre pour parois de douche - Relax srl","isPartOf":{"@id":"https:\/\/relaxsrl.com\/#website"},"primaryImageOfPage":{"@id":"https:\/\/relaxsrl.com\/fr\/aide-au-choix\/finitions-en-verre-pour-parois-de-douche\/#primaryimage"},"datePublished":"2021-11-25T08:57:58+00:00","dateModified":"2023-09-08T14:05:37+00:00","description":"Il existe de nombreuses finitions en verre pour parois de douche. Des verres joyeux et color\u00e9s aux verres extra clairs. D\u00e9couvrez-les.","breadcrumb":{"@id":"https:\/\/relaxsrl.com\/fr\/aide-au-choix\/finitions-en-verre-pour-parois-de-douche\/#breadcrumb"},"inLanguage":"fr-FR","potentialAction":[{"@type":"ReadAction","target":["https:\/\/relaxsrl.com\/fr\/aide-au-choix\/finitions-en-verre-pour-parois-de-douche\/"]}]},{"@type":"BreadcrumbList","@id":"https:\/\/relaxsrl.com\/fr\/aide-au-choix\/finitions-en-verre-pour-parois-de-douche\/#breadcrumb","itemListElement":[{"@type":"ListItem","position":1,"name":"Aide au choix","item":"https:\/\/relaxsrl.com\/fr\/aide-au-choix\/"},{"@type":"ListItem","position":2,"name":"Finitions en verre pour parois de douche"}]}]}},"_links":{"self":[{"href":"https:\/\/relaxsrl.com\/fr\/wp-json\/wp\/v2\/pages\/12760"}],"collection":[{"href":"https:\/\/relaxsrl.com\/fr\/wp-json\/wp\/v2\/pages"}],"about":[{"href":"https:\/\/relaxsrl.com\/fr\/wp-json\/wp\/v2\/types\/page"}],"author":[{"embeddable":true,"href":"https:\/\/relaxsrl.com\/fr\/wp-json\/wp\/v2\/users\/3"}],"replies":[{"embeddable":true,"href":"https:\/\/relaxsrl.com\/fr\/wp-json\/wp\/v2\/comments?post=12760"}],"version-history":[{"count":6,"href":"https:\/\/relaxsrl.com\/fr\/wp-json\/wp\/v2\/pages\/12760\/revisions"}],"predecessor-version":[{"id":29154,"href":"https:\/\/relaxsrl.com\/fr\/wp-json\/wp\/v2\/pages\/12760\/revisions\/29154"}],"up":[{"embeddable":true,"href":"https:\/\/relaxsrl.com\/fr\/wp-json\/wp\/v2\/pages\/11392"}],"wp:featuredmedia":[{"embeddable":true,"href":"https:\/\/relaxsrl.com\/fr\/wp-json\/wp\/v2\/media\/2402"}],"wp:attachment":[{"href":"https:\/\/relaxsrl.com\/fr\/wp-json\/wp\/v2\/media?parent=12760"}],"curies":[{"name":"wp","href":"https:\/\/api.w.org\/{rel}","templated":true}]}}