{"id":12764,"date":"2021-11-25T10:23:47","date_gmt":"2021-11-25T09:23:47","guid":{"rendered":"http:\/\/relaxsrl.com\/aide-au-choix\/profils-pour-cabine-de-douche\/"},"modified":"2023-09-08T14:28:13","modified_gmt":"2023-09-08T12:28:13","slug":"profils-pour-cabine-de-douche","status":"publish","type":"page","link":"https:\/\/relaxsrl.com\/fr\/aide-au-choix\/profils-pour-cabine-de-douche\/","title":{"rendered":"Profils pour cabine de douche"},"content":{"rendered":"<p>[vc_row full_width=\u00a0\u00bbstretch_row\u00a0\u00bb content_placement=\u00a0\u00bbmiddle\u00a0\u00bb el_class=\u00a0\u00bbintro-row intro-row-grey\u00a0\u00bb][vc_column][vc_column_text]<\/p>\n<h1>Profils pour cabine de douche<\/h1>\n<p>[\/vc_column_text][\/vc_column][\/vc_row][vc_row el_class=\u00a0\u00bbrow-path\u00a0\u00bb][vc_column][vc_column_text][\/vc_column_text][\/vc_column][\/vc_row][vc_row][vc_column][vc_single_image image=\u00a0\u00bb2415&Prime; img_size=\u00a0\u00bbfull\u00a0\u00bb][\/vc_column][\/vc_row][vc_row][vc_column width=\u00a0\u00bb1\/6&Prime;][\/vc_column][vc_column width=\u00a0\u00bb2\/3&Prime;][vc_empty_space height=\u00a0\u00bb40px\u00a0\u00bb][vc_column_text el_class=\u00a0\u00bbtxt-blue abstract weight500&Prime;]Les profils pour cabine de douche sont les \u00e9l\u00e9ments de soutien des parois de douche qui accueillent les panneaux de verre et d\u00e9terminent le cadre. Ils peuvent avoir plusieurs finitions gr\u00e2ce aux traitements superficiels utilis\u00e9s.[\/vc_column_text][vc_empty_space height=\u00a0\u00bb35px\u00a0\u00bb][\/vc_column][\/vc_row][vc_row][vc_column width=\u00a0\u00bb1\/6&Prime;][\/vc_column][vc_column width=\u00a0\u00bb2\/3&Prime;][vc_column_text]<\/p>\n<ul>\n<li>Types de profils de douche\n<ul>\n<li><a class=\"link-interno link-interno-paragrafo-1\" href=\"#\">En aluminium<\/a><\/li>\n<li><a class=\"link-interno link-interno-paragrafo-2\" href=\"#\">En acier<\/a><\/li>\n<\/ul>\n<\/li>\n<li><a class=\"link-interno link-interno-paragrafo-3\" href=\"#\">Profils de douche: traitements et finitions<\/a><\/li>\n<\/ul>\n<p>[\/vc_column_text][vc_empty_space height=\u00a0\u00bb40px\u00a0\u00bb][\/vc_column][\/vc_row][vc_row][vc_column width=\u00a0\u00bb1\/6&Prime;][\/vc_column][vc_column width=\u00a0\u00bb2\/3&Prime;][vc_column_text]<\/p>\n<h2>Types de profils de douche<\/h2>\n<p>[\/vc_column_text][vc_empty_space height=\u00a0\u00bb20px\u00a0\u00bb][\/vc_column][\/vc_row][vc_row el_id=\u00a0\u00bbparagrafo-1&Prime;][vc_column width=\u00a0\u00bb1\/6&Prime;][\/vc_column][vc_column width=\u00a0\u00bb2\/3&Prime;][vc_column_text]<\/p>\n<h3>En aluminium<\/h3>\n<p>Les profils pour cabine de douche Relax sont en aluminium car il s\u2019agit d\u2019un mat\u00e9riel qui pr\u00e9sente de nombreux avantages. Il a le <strong>meilleur rapport entre la solidit\u00e9 et le poids de la structure, il est l\u00e9ger et tr\u00e8s r\u00e9sistant \u00e0 la corrosion<\/strong>. Une fois expos\u00e9 \u00e0 l\u2019air et \u00e0 l\u2019humidit\u00e9, il forme une <strong>couche d\u2019oxyde autoprotectife<\/strong> qui pr\u00e9serve la surface de toute oxydation ult\u00e9rieure. L\u2019aluminium n\u2019est pas affect\u00e9 par le rayonnement UV, il ne rouille pas, il n\u00e9cessite peu d\u2019entretien et est <strong>recyclable \u00e0 100%<\/strong>. Il peut \u00eatre peint en diff\u00e9rentes couleurs ou oxyd\u00e9 pour donner un r\u00e9sultat esth\u00e9tique plus \u00e9l\u00e9gant et raffin\u00e9. Les profil\u00e9s en aluminium sont certifi\u00e9s <a href=\"https:\/\/www.tuvsud.com\/fr-fr\">T\u00dcV S\u00dcD<\/a>.[\/vc_column_text][vc_empty_space height=\u00a0\u00bb20px\u00a0\u00bb][\/vc_column][\/vc_row][vc_row el_id=\u00a0\u00bbparagrafo-2&Prime;][vc_column width=\u00a0\u00bb1\/6&Prime;][\/vc_column][vc_column width=\u00a0\u00bb2\/3&Prime;][vc_column_text]<\/p>\n<h3>En acier<\/h3>\n<p>Les profils des cabines de douche peuvent \u00e9galement \u00eatre en acier, mat\u00e9riau lourd qui rend donc plus on\u00e9reux le transport et la manutention de la cabine. Le principal avantage est la <strong>flexibilit\u00e9 du mat\u00e9riel<\/strong>, qui permet de<strong> cr\u00e9er \u00e9galement des pi\u00e8ces uniques<\/strong>.<br \/>\nSa limite est le<strong> co\u00fbt final<\/strong>, m\u00eame le double par rapport \u00e0 une cabine de douche en aluminium. Relax, pour fournir une alternative valable comme rapport qualit\u00e9 prix, a cr\u00e9e une finition de surface qui reprend exactement celle de l\u2019acier, et est esth\u00e9tiquement \u00e9gal \u00e0 une cabine de douche en acier.[\/vc_column_text][vc_empty_space height=\u00a0\u00bb40px\u00a0\u00bb][\/vc_column][\/vc_row][vc_row el_id=\u00a0\u00bbparagrafo-3&Prime;][vc_column width=\u00a0\u00bb1\/6&Prime;][\/vc_column][vc_column width=\u00a0\u00bb2\/3&Prime;][vc_column_text]<\/p>\n<h2>Profils de douche: traitement et finitions<\/h2>\n<p>Les <strong>traitements des surfaces<\/strong> en aluminium des profiles de douche <strong>augmentent leur dur\u00e9e<\/strong> de vie et <strong>maintiennent leur beaut\u00e9 d\u2019origine<\/strong> sans n\u00e9cessiter de retouche ou de rev\u00eatements ult\u00e9rieurs. Relax, par exemple, effectue ces traitements non seulement sur les profils, mais sur toutes les parties en aluminium, comme par exemple les poign\u00e9es.<br \/>\nUn premier choix est le <strong>processus d\u2019anodisation<\/strong> qui implique une v\u00e9ritable transformation superficielle de l\u2019aluminium sans addition de mat\u00e9riau, capable de prot\u00e9ger conte a corrosion, d\u2019augmenter la r\u00e9sistance \u00e0 l\u2019usure et \u00e0 l\u2019abrasion et de donner une coloration naturelle. Un deuxi\u00e8me choix est le <strong>processus de vernissage<\/strong> par poudre, qui consiste en une couche d\u00e9pos\u00e9e en surface. La peinture utilis\u00e9e par Relax est la m\u00eame que celle appliqu\u00e9e sur les portes ext\u00e9rieures et a une dur\u00e9e minimale garantie de 7 ans.<br \/>\nAvec ces traitements, vous pouvez obtenir des<strong> profils de douche color\u00e9s \u00e0 accompagner nos receveur de douche<\/strong>. <a href=\"http:\/\/relaxsrl.com\/fr\/aide-au-choix\/profils-pour-cabine-de-douche\/\">D\u00e9couvrez toutes les finitions des profils de douche<\/a>.[\/vc_column_text][vc_empty_space height=\u00a0\u00bb40px\u00a0\u00bb][\/vc_column][\/vc_row][vc_row][vc_column][vc_empty_space height=\u00a0\u00bb50px\u00a0\u00bb][\/vc_column][\/vc_row][vc_row full_width=\u00a0\u00bbstretch_row_content_no_spaces\u00a0\u00bb equal_height=\u00a0\u00bbyes\u00a0\u00bb content_placement=\u00a0\u00bbmiddle\u00a0\u00bb el_class=\u00a0\u00bbrow-over-footer row-cta-over-footer\u00a0\u00bb][vc_column width=\u00a0\u00bb1\/2&Prime;][vc_single_image image=\u00a0\u00bb2419&Prime; img_size=\u00a0\u00bbfull\u00a0\u00bb][\/vc_column][vc_column width=\u00a0\u00bb1\/2&Prime; css=\u00a0\u00bb.vc_custom_1632908747438{background-image: url(http:\/\/relaxsrl.com\/wp-content\/uploads\/2021\/09\/cta-profili-opaco.jpg?id=2421) !important;background-position: center !important;background-repeat: no-repeat !important;background-size: cover !important;}\u00a0\u00bb el_class=\u00a0\u00bbrow-cta-over-footer-col-text\u00a0\u00bb][vc_row_inner][vc_column_inner width=\u00a0\u00bb1\/4&Prime;][\/vc_column_inner][vc_column_inner width=\u00a0\u00bb1\/2&Prime;][vc_column_text]<\/p>\n<h2 style=\"text-align: center;\">Regarder la cabine de douche avec profils en aluminium<\/h2>\n<p style=\"text-align: center;\">Feuilletez le catalogue des produits Relax et trouvez inspiration : toute les cabines de douche avec cadre ont des profils en aluminium.<\/p>\n<p>[\/vc_column_text][vc_btn title=\u00a0\u00bbT\u00c9L\u00c9CHARGER LE CATALOGUE\u00a0\u00bb style=\u00a0\u00bbclassic\u00a0\u00bb shape=\u00a0\u00bbsquare\u00a0\u00bb color=\u00a0\u00bbwhite\u00a0\u00bb align=\u00a0\u00bbcenter\u00a0\u00bb el_class=\u00a0\u00bbbtn-default-white\u00a0\u00bb link=\u00a0\u00bburl:http%3A%2F%2Frelaxsrl.com%2Fdocs%2Fcataloghi%2Fcatalogo_relax.pdf|title:T%C3%89L%C3%89CHARGER%20LE%20CATALOGUE|target:_blank|\u00a0\u00bb][\/vc_column_inner][vc_column_inner width=\u00a0\u00bb1\/4&Prime;][\/vc_column_inner][\/vc_row_inner][\/vc_column][\/vc_row]<\/p>\n","protected":false},"excerpt":{"rendered":"<p>[vc_row full_width=\u00a0\u00bbstretch_row\u00a0\u00bb content_placement=\u00a0\u00bbmiddle\u00a0\u00bb el_class=\u00a0\u00bbintro-row intro-row-grey\u00a0\u00bb][vc_column][vc_column_text] Profils pour cabine de douche [\/vc_column_text][\/vc_column][\/vc_row][vc_row el_class=\u00a0\u00bbrow-path\u00a0\u00bb][vc_column][vc_column_text][\/vc_column_text][\/vc_column][\/vc_row][vc_row][vc_column][vc_single_image image=\u00a0\u00bb2415&Prime; img_size=\u00a0\u00bbfull\u00a0\u00bb][\/vc_column][\/vc_row][vc_row][vc_column width=\u00a0\u00bb1\/6&Prime;][\/vc_column][vc_column width=\u00a0\u00bb2\/3&Prime;][vc_empty_space height=\u00a0\u00bb40px\u00a0\u00bb][vc_column_text el_class=\u00a0\u00bbtxt-blue abstract weight500&Prime;]Les profils pour cabine de douche sont les \u00e9l\u00e9ments de soutien des parois de douche qui accueillent les panneaux de verre et d\u00e9terminent le cadre. Ils peuvent avoir plusieurs finitions gr\u00e2ce aux traitements superficiels utilis\u00e9s.[\/vc_column_text][vc_empty_space height=\u00a0\u00bb35px\u00a0\u00bb][\/vc_column][\/vc_row][vc_row][vc_column [&hellip;]<\/p>\n","protected":false},"author":3,"featured_media":2415,"parent":11392,"menu_order":0,"comment_status":"closed","ping_status":"closed","template":"","meta":[],"acf":[],"yoast_head":"<!-- This site is optimized with the Yoast SEO Premium plugin v18.4 (Yoast SEO v18.8) - https:\/\/yoast.com\/wordpress\/plugins\/seo\/ -->\n<title>Profils pour cabine de douche - Relax srl<\/title>\n<meta name=\"description\" content=\"Les profils pour cabine de douche sont en aluminium, un mat\u00e9riau solide et enti\u00e8rement personnalisable. D\u00e9couvrez-les.\" \/>\n<meta name=\"robots\" content=\"index, follow, max-snippet:-1, max-image-preview:large, max-video-preview:-1\" \/>\n<link rel=\"canonical\" href=\"https:\/\/relaxsrl.com\/fr\/aide-au-choix\/profils-pour-cabine-de-douche\/\" \/>\n<meta property=\"og:locale\" content=\"fr_FR\" \/>\n<meta property=\"og:type\" content=\"article\" \/>\n<meta property=\"og:title\" content=\"Profils pour cabine de douche - Relax srl\" \/>\n<meta property=\"og:description\" content=\"Les profils pour cabine de douche sont en aluminium, un mat\u00e9riau solide et enti\u00e8rement personnalisable. D\u00e9couvrez-les.\" \/>\n<meta property=\"og:url\" content=\"https:\/\/relaxsrl.com\/fr\/aide-au-choix\/profils-pour-cabine-de-douche\/\" \/>\n<meta property=\"og:site_name\" content=\"Relax srl\" \/>\n<meta property=\"article:modified_time\" content=\"2023-09-08T12:28:13+00:00\" \/>\n<meta property=\"og:image\" content=\"https:\/\/relaxsrl.com\/website\/wp-content\/uploads\/2021\/09\/EVOX_DETTAGLIO_3.jpg\" \/>\n\t<meta property=\"og:image:width\" content=\"1920\" \/>\n\t<meta property=\"og:image:height\" content=\"1280\" \/>\n\t<meta property=\"og:image:type\" content=\"image\/jpeg\" \/>\n<meta name=\"twitter:card\" content=\"summary_large_image\" \/>\n<meta name=\"twitter:label1\" content=\"Dur\u00e9e de lecture estim\u00e9e\" \/>\n\t<meta name=\"twitter:data1\" content=\"3 minutes\" \/>\n<script type=\"application\/ld+json\" class=\"yoast-schema-graph\">{\"@context\":\"https:\/\/schema.org\",\"@graph\":[{\"@type\":\"WebSite\",\"@id\":\"https:\/\/relaxsrl.com\/#website\",\"url\":\"https:\/\/relaxsrl.com\/\",\"name\":\"Relax srl\",\"description\":\"\",\"potentialAction\":[{\"@type\":\"SearchAction\",\"target\":{\"@type\":\"EntryPoint\",\"urlTemplate\":\"https:\/\/relaxsrl.com\/?s={search_term_string}\"},\"query-input\":\"required name=search_term_string\"}],\"inLanguage\":\"fr-FR\"},{\"@type\":\"ImageObject\",\"inLanguage\":\"fr-FR\",\"@id\":\"https:\/\/relaxsrl.com\/fr\/aide-au-choix\/profils-pour-cabine-de-douche\/#primaryimage\",\"url\":\"https:\/\/relaxsrl.com\/website\/wp-content\/uploads\/2021\/09\/EVOX_DETTAGLIO_3.jpg\",\"contentUrl\":\"https:\/\/relaxsrl.com\/website\/wp-content\/uploads\/2021\/09\/EVOX_DETTAGLIO_3.jpg\",\"width\":1920,\"height\":1280,\"caption\":\"Profili in alluminio brillantato\"},{\"@type\":\"WebPage\",\"@id\":\"https:\/\/relaxsrl.com\/fr\/aide-au-choix\/profils-pour-cabine-de-douche\/#webpage\",\"url\":\"https:\/\/relaxsrl.com\/fr\/aide-au-choix\/profils-pour-cabine-de-douche\/\",\"name\":\"Profils pour cabine de douche - Relax srl\",\"isPartOf\":{\"@id\":\"https:\/\/relaxsrl.com\/#website\"},\"primaryImageOfPage\":{\"@id\":\"https:\/\/relaxsrl.com\/fr\/aide-au-choix\/profils-pour-cabine-de-douche\/#primaryimage\"},\"datePublished\":\"2021-11-25T09:23:47+00:00\",\"dateModified\":\"2023-09-08T12:28:13+00:00\",\"description\":\"Les profils pour cabine de douche sont en aluminium, un mat\u00e9riau solide et enti\u00e8rement personnalisable. D\u00e9couvrez-les.\",\"breadcrumb\":{\"@id\":\"https:\/\/relaxsrl.com\/fr\/aide-au-choix\/profils-pour-cabine-de-douche\/#breadcrumb\"},\"inLanguage\":\"fr-FR\",\"potentialAction\":[{\"@type\":\"ReadAction\",\"target\":[\"https:\/\/relaxsrl.com\/fr\/aide-au-choix\/profils-pour-cabine-de-douche\/\"]}]},{\"@type\":\"BreadcrumbList\",\"@id\":\"https:\/\/relaxsrl.com\/fr\/aide-au-choix\/profils-pour-cabine-de-douche\/#breadcrumb\",\"itemListElement\":[{\"@type\":\"ListItem\",\"position\":1,\"name\":\"Aide au choix\",\"item\":\"https:\/\/relaxsrl.com\/fr\/aide-au-choix\/\"},{\"@type\":\"ListItem\",\"position\":2,\"name\":\"Profils pour cabine de douche\"}]}]}<\/script>\n<!-- \/ Yoast SEO Premium plugin. -->","yoast_head_json":{"title":"Profils pour cabine de douche - Relax srl","description":"Les profils pour cabine de douche sont en aluminium, un mat\u00e9riau solide et enti\u00e8rement personnalisable. D\u00e9couvrez-les.","robots":{"index":"index","follow":"follow","max-snippet":"max-snippet:-1","max-image-preview":"max-image-preview:large","max-video-preview":"max-video-preview:-1"},"canonical":"https:\/\/relaxsrl.com\/fr\/aide-au-choix\/profils-pour-cabine-de-douche\/","og_locale":"fr_FR","og_type":"article","og_title":"Profils pour cabine de douche - Relax srl","og_description":"Les profils pour cabine de douche sont en aluminium, un mat\u00e9riau solide et enti\u00e8rement personnalisable. D\u00e9couvrez-les.","og_url":"https:\/\/relaxsrl.com\/fr\/aide-au-choix\/profils-pour-cabine-de-douche\/","og_site_name":"Relax srl","article_modified_time":"2023-09-08T12:28:13+00:00","og_image":[{"width":1920,"height":1280,"url":"https:\/\/relaxsrl.com\/website\/wp-content\/uploads\/2021\/09\/EVOX_DETTAGLIO_3.jpg","type":"image\/jpeg"}],"twitter_card":"summary_large_image","twitter_misc":{"Dur\u00e9e de lecture estim\u00e9e":"3 minutes"},"schema":{"@context":"https:\/\/schema.org","@graph":[{"@type":"WebSite","@id":"https:\/\/relaxsrl.com\/#website","url":"https:\/\/relaxsrl.com\/","name":"Relax srl","description":"","potentialAction":[{"@type":"SearchAction","target":{"@type":"EntryPoint","urlTemplate":"https:\/\/relaxsrl.com\/?s={search_term_string}"},"query-input":"required name=search_term_string"}],"inLanguage":"fr-FR"},{"@type":"ImageObject","inLanguage":"fr-FR","@id":"https:\/\/relaxsrl.com\/fr\/aide-au-choix\/profils-pour-cabine-de-douche\/#primaryimage","url":"https:\/\/relaxsrl.com\/website\/wp-content\/uploads\/2021\/09\/EVOX_DETTAGLIO_3.jpg","contentUrl":"https:\/\/relaxsrl.com\/website\/wp-content\/uploads\/2021\/09\/EVOX_DETTAGLIO_3.jpg","width":1920,"height":1280,"caption":"Profili in alluminio brillantato"},{"@type":"WebPage","@id":"https:\/\/relaxsrl.com\/fr\/aide-au-choix\/profils-pour-cabine-de-douche\/#webpage","url":"https:\/\/relaxsrl.com\/fr\/aide-au-choix\/profils-pour-cabine-de-douche\/","name":"Profils pour cabine de douche - Relax srl","isPartOf":{"@id":"https:\/\/relaxsrl.com\/#website"},"primaryImageOfPage":{"@id":"https:\/\/relaxsrl.com\/fr\/aide-au-choix\/profils-pour-cabine-de-douche\/#primaryimage"},"datePublished":"2021-11-25T09:23:47+00:00","dateModified":"2023-09-08T12:28:13+00:00","description":"Les profils pour cabine de douche sont en aluminium, un mat\u00e9riau solide et enti\u00e8rement personnalisable. D\u00e9couvrez-les.","breadcrumb":{"@id":"https:\/\/relaxsrl.com\/fr\/aide-au-choix\/profils-pour-cabine-de-douche\/#breadcrumb"},"inLanguage":"fr-FR","potentialAction":[{"@type":"ReadAction","target":["https:\/\/relaxsrl.com\/fr\/aide-au-choix\/profils-pour-cabine-de-douche\/"]}]},{"@type":"BreadcrumbList","@id":"https:\/\/relaxsrl.com\/fr\/aide-au-choix\/profils-pour-cabine-de-douche\/#breadcrumb","itemListElement":[{"@type":"ListItem","position":1,"name":"Aide au choix","item":"https:\/\/relaxsrl.com\/fr\/aide-au-choix\/"},{"@type":"ListItem","position":2,"name":"Profils pour cabine de douche"}]}]}},"_links":{"self":[{"href":"https:\/\/relaxsrl.com\/fr\/wp-json\/wp\/v2\/pages\/12764"}],"collection":[{"href":"https:\/\/relaxsrl.com\/fr\/wp-json\/wp\/v2\/pages"}],"about":[{"href":"https:\/\/relaxsrl.com\/fr\/wp-json\/wp\/v2\/types\/page"}],"author":[{"embeddable":true,"href":"https:\/\/relaxsrl.com\/fr\/wp-json\/wp\/v2\/users\/3"}],"replies":[{"embeddable":true,"href":"https:\/\/relaxsrl.com\/fr\/wp-json\/wp\/v2\/comments?post=12764"}],"version-history":[{"count":6,"href":"https:\/\/relaxsrl.com\/fr\/wp-json\/wp\/v2\/pages\/12764\/revisions"}],"predecessor-version":[{"id":29147,"href":"https:\/\/relaxsrl.com\/fr\/wp-json\/wp\/v2\/pages\/12764\/revisions\/29147"}],"up":[{"embeddable":true,"href":"https:\/\/relaxsrl.com\/fr\/wp-json\/wp\/v2\/pages\/11392"}],"wp:featuredmedia":[{"embeddable":true,"href":"https:\/\/relaxsrl.com\/fr\/wp-json\/wp\/v2\/media\/2415"}],"wp:attachment":[{"href":"https:\/\/relaxsrl.com\/fr\/wp-json\/wp\/v2\/media?parent=12764"}],"curies":[{"name":"wp","href":"https:\/\/api.w.org\/{rel}","templated":true}]}}