{"id":12773,"date":"2021-11-25T10:36:33","date_gmt":"2021-11-25T09:36:33","guid":{"rendered":"http:\/\/relaxsrl.com\/aide-au-choix\/au-dessus-de-la-baignoire\/"},"modified":"2023-09-07T08:49:04","modified_gmt":"2023-09-07T06:49:04","slug":"au-dessus-de-la-baignoire","status":"publish","type":"page","link":"https:\/\/relaxsrl.com\/fr\/aide-au-choix\/au-dessus-de-la-baignoire\/","title":{"rendered":"Au-dessus de la baignoire"},"content":{"rendered":"<p>[vc_row full_width=\u00a0\u00bbstretch_row\u00a0\u00bb content_placement=\u00a0\u00bbmiddle\u00a0\u00bb el_class=\u00a0\u00bbintro-row intro-row-grey\u00a0\u00bb][vc_column][vc_column_text]<\/p>\n<h1>Au-dessus de la baignoire<\/h1>\n<p>[\/vc_column_text][\/vc_column][\/vc_row][vc_row el_class=\u00a0\u00bbrow-path\u00a0\u00bb][vc_column][vc_column_text][\/vc_column_text][\/vc_column][\/vc_row][vc_row][vc_column][vc_single_image image=\u00a0\u00bb2259&Prime; img_size=\u00a0\u00bbfull\u00a0\u00bb][\/vc_column][\/vc_row][vc_row][vc_column width=\u00a0\u00bb1\/6&Prime;][\/vc_column][vc_column width=\u00a0\u00bb2\/3&Prime;][vc_empty_space height=\u00a0\u00bb40px\u00a0\u00bb][vc_column_text el_class=\u00a0\u00bbtxt-blue abstract weight500&Prime;]Dans bien des cas, au-dessus de la baignoire transforme la baignoire en une parfaite cabine de douche, une solution particuli\u00e8rement appr\u00e9ci\u00e9e des familles avec enfants et des structures d&rsquo;h\u00e9bergement.[\/vc_column_text][vc_empty_space height=\u00a0\u00bb35px\u00a0\u00bb][\/vc_column][\/vc_row][vc_row el_id=\u00a0\u00bbparagraphe-1&Prime;][vc_column width=\u00a0\u00bb1\/6&Prime;][\/vc_column][vc_column width=\u00a0\u00bb2\/3&Prime;][vc_column_text]<\/p>\n<h2>Caract\u00e9ristiques au-dessus de la baignoire<\/h2>\n<p>Comme le mot le dit lui-m\u00eame, au-dessus de la baignoire sont des <strong>panneaux de verre plac\u00e9s au-dessus des baignoires<\/strong> pour emp\u00eacher l&rsquo;eau de tomber au sol lorsque vous vous levez et vous allongez. C&rsquo;est donc une fa\u00e7on d&rsquo;utiliser la baignoire pour prendre un bain et une douche. Ces produits sont <strong>valables uniquement pour les baignoires encastrables \u00e9quip\u00e9es d&rsquo;une base de support<\/strong>, aussi bien en niche qu&rsquo;en position ouverte, \u00e0 l&rsquo;exception des baignoires autoportantes car elles n&rsquo;ont pas de base de support. Ils peuvent \u00eatre compl\u00e9t\u00e9s par des portes coulissantes, pliantes et battantes, ces derni\u00e8res avec un verre lin\u00e9aire droit, bomb\u00e9 ou fa\u00e7onn\u00e9.[\/vc_column_text][vc_empty_space height=\u00a0\u00bb40px\u00a0\u00bb][\/vc_column][\/vc_row][vc_row][vc_column width=\u00a0\u00bb1\/6&Prime;][\/vc_column][vc_column width=\u00a0\u00bb2\/3&Prime;][vc_column_text]<\/p>\n<h2>Avantages des au-dessus de la baignoire<\/h2>\n<p>Parmi les principales commodit\u00e9s d&rsquo;un produit tel qu&rsquo;une cabine de douche au-dessus de la baignoire, il y a sans aucun doute celle de ne pas avoir \u00e0 casser le rev\u00eatement de sol et le carrelage mural (le cas \u00e9ch\u00e9ant) pour faire place \u00e0 une cabine de douche. Tout cela, en obtenant une baignoire et une cabine de douche dans le m\u00eame \u00e9l\u00e9ment, pour un double choix qui satisfait diff\u00e9rents moments : du bain relaxant \u00e0 la douche revigorante. D&rsquo;autres avantages non indiff\u00e9rents sont la s\u00e9curit\u00e9 apport\u00e9e par un produit certifi\u00e9 <a href=\"https:\/\/www.tuvsud.com\/it-it\">T\u00dcV S\u00dcD<\/a> avec verre tremp\u00e9, et le saut de hauteur qui est de 140 cm de parois de bain qu&rsquo;ils peuvent donner aux meubles de salle de bain.[\/vc_column_text][vc_empty_space height=\u00a0\u00bb40px\u00a0\u00bb][\/vc_column][\/vc_row][vc_row][vc_column][vc_empty_space height=\u00a0\u00bb50px\u00a0\u00bb][vc_column_text]<\/p>\n<h3 style=\"text-align: center;\">Quelques exemples de surbaignoire Relax<\/h3>\n<p>[\/vc_column_text][vc_empty_space height=\u00a0\u00bb30px\u00a0\u00bb]<div class=\"woocommerce columns-4 \"><ul class=\"products columns-4\">\n<li class=\"product type-product post-13809 status-publish first instock product_cat-au-dessus-du-baignoire product_cat-au-dessus-du-baignoire-fr product_cat-guide-de-selection-au-dessus-du-baignoire product_cat-axia-fr product_cat-axia-de product_cat-axia-ru product_cat-box-doccia-de product_cat-cabine-de-douche product_cat-collections product_cat-au-dessus-du-baignoire-coulissante-fr product_cat-guida-alla-scelta-de product_cat-guide-de-selection product_cat-collezioni-de product_cat-scorrevole-de-3 product_cat-sopravasca-de product_cat-sopravasca-de-2 product_cat-sopravasca-de-3 product_cat-tipologia-prodotto-de product_cat-type-de-produit product_cat-1618 product_cat-1568 product_cat-1645 product_cat----ru product_cat-1614 product_cat-1647 product_cat-1594 product_cat-1617 has-post-thumbnail shipping-taxable product-type-simple\">\n\t<div class=\"woocommerce-loop-product__short_description\" itemprop=\"description\"><a href=\"https:\/\/relaxsrl.com\/fr\/produit\/axia-sc1-v\/\" class=\"woocommerce-LoopProduct-link woocommerce-loop-product__link\"><p>Pare-baignoire en niche avec ouverture coulissante. Verre 8 mm.<\/p>\n<\/a><\/div><\/li>\n<li class=\"product type-product post-13808 status-publish instock product_cat-au-dessus-du-baignoire product_cat-au-dessus-du-baignoire-fr product_cat-guide-de-selection-au-dessus-du-baignoire product_cat-au-dessus-du-baignoire-battante product_cat-battente-de-4 product_cat-box-doccia-de product_cat-cabine-de-douche product_cat-collections product_cat-guida-alla-scelta-de product_cat-guide-de-selection product_cat-light-ru product_cat-light-fr product_cat-light-de product_cat-collezioni-de product_cat-sopravasca-de product_cat-sopravasca-de-2 product_cat-sopravasca-de-3 product_cat-tipologia-prodotto-de product_cat-type-de-produit product_cat-1618 product_cat-1568 product_cat-1646 product_cat-1645 product_cat----ru product_cat-1614 product_cat-1594 product_cat-1617 has-post-thumbnail shipping-taxable product-type-simple\">\n\t<div class=\"woocommerce-loop-product__short_description\" itemprop=\"description\"><a href=\"https:\/\/relaxsrl.com\/fr\/produit\/light-vf1-light-vp1\/\" class=\"woocommerce-LoopProduct-link woocommerce-loop-product__link\"><p>Light VP1 + VF1 est un pare-baignoire avec porte lat\u00e9rale fixe et battante.<\/p>\n<\/a><\/div><\/li>\n<\/ul>\n<\/div>[\/vc_column][\/vc_row][vc_row full_width=\u00a0\u00bbstretch_row_content_no_spaces\u00a0\u00bb equal_height=\u00a0\u00bbyes\u00a0\u00bb content_placement=\u00a0\u00bbmiddle\u00a0\u00bb el_class=\u00a0\u00bbrow-over-footer row-cta-over-footer\u00a0\u00bb][vc_column width=\u00a0\u00bb1\/2&Prime;][vc_single_image image=\u00a0\u00bb2263&Prime; img_size=\u00a0\u00bbfull\u00a0\u00bb][\/vc_column][vc_column width=\u00a0\u00bb1\/2&Prime; css=\u00a0\u00bb.vc_custom_1632905970149{background-image: url(http:\/\/relaxsrl.com\/wp-content\/uploads\/2021\/09\/cta-sopravasca-opaco.jpg?id=2265) !important;background-position: center !important;background-repeat: no-repeat !important;background-size: cover !important;}\u00a0\u00bb el_class=\u00a0\u00bbrow-cta-over-footer-col-text\u00a0\u00bb][vc_row_inner][vc_column_inner width=\u00a0\u00bb1\/4&Prime;][\/vc_column_inner][vc_column_inner width=\u00a0\u00bb1\/2&Prime;][vc_column_text]<\/p>\n<h2 style=\"text-align: center;\">D\u00e9couvrez les produits Relax<\/h2>\n<p style=\"text-align: center;\">Utilisez notre configurateur pour trouver la proposition la mieux adapt\u00e9e \u00e0 vos besoins.<\/p>\n<p>[\/vc_column_text][vc_btn title=\u00a0\u00bbALLER AU CONFIGURATEUR\u00a0\u00bb style=\u00a0\u00bbclassic\u00a0\u00bb shape=\u00a0\u00bbsquare\u00a0\u00bb color=\u00a0\u00bbwhite\u00a0\u00bb align=\u00a0\u00bbcenter\u00a0\u00bb el_class=\u00a0\u00bbbtn-default-white\u00a0\u00bb link=\u00a0\u00bburl:http%3A%2F%2Frelaxsrl.com%2Ffr%2Fproduits%2Fconfigurateur%2F|title:Configurateur\u00a0\u00bb][\/vc_column_inner][vc_column_inner width=\u00a0\u00bb1\/4&Prime;][\/vc_column_inner][\/vc_row_inner][\/vc_column][\/vc_row]<\/p>\n","protected":false},"excerpt":{"rendered":"<p>[vc_row full_width=\u00a0\u00bbstretch_row\u00a0\u00bb content_placement=\u00a0\u00bbmiddle\u00a0\u00bb el_class=\u00a0\u00bbintro-row intro-row-grey\u00a0\u00bb][vc_column][vc_column_text] Au-dessus de la baignoire [\/vc_column_text][\/vc_column][\/vc_row][vc_row el_class=\u00a0\u00bbrow-path\u00a0\u00bb][vc_column][vc_column_text][\/vc_column_text][\/vc_column][\/vc_row][vc_row][vc_column][vc_single_image image=\u00a0\u00bb2259&Prime; img_size=\u00a0\u00bbfull\u00a0\u00bb][\/vc_column][\/vc_row][vc_row][vc_column width=\u00a0\u00bb1\/6&Prime;][\/vc_column][vc_column width=\u00a0\u00bb2\/3&Prime;][vc_empty_space height=\u00a0\u00bb40px\u00a0\u00bb][vc_column_text el_class=\u00a0\u00bbtxt-blue abstract weight500&Prime;]Dans bien des cas, au-dessus de la baignoire transforme la baignoire en une parfaite cabine de douche, une solution particuli\u00e8rement appr\u00e9ci\u00e9e des familles avec enfants et des structures d&rsquo;h\u00e9bergement.[\/vc_column_text][vc_empty_space height=\u00a0\u00bb35px\u00a0\u00bb][\/vc_column][\/vc_row][vc_row el_id=\u00a0\u00bbparagraphe-1&Prime;][vc_column width=\u00a0\u00bb1\/6&Prime;][\/vc_column][vc_column width=\u00a0\u00bb2\/3&Prime;][vc_column_text] Caract\u00e9ristiques au-dessus de la [&hellip;]<\/p>\n","protected":false},"author":3,"featured_media":2259,"parent":11392,"menu_order":0,"comment_status":"closed","ping_status":"closed","template":"","meta":[],"acf":[],"yoast_head":"<!-- This site is optimized with the Yoast SEO Premium plugin v18.4 (Yoast SEO v18.8) - https:\/\/yoast.com\/wordpress\/plugins\/seo\/ -->\n<title>Au-dessus de la baignoire - Relax srl<\/title>\n<meta name=\"description\" content=\"Dans de multiples solutions, au-dessus de la baignoire transforme la baignoire en une parfaite cabine de douche.\" \/>\n<meta name=\"robots\" content=\"index, follow, max-snippet:-1, max-image-preview:large, max-video-preview:-1\" \/>\n<link rel=\"canonical\" href=\"https:\/\/relaxsrl.com\/fr\/aide-au-choix\/au-dessus-de-la-baignoire\/\" \/>\n<meta property=\"og:locale\" content=\"fr_FR\" \/>\n<meta property=\"og:type\" content=\"article\" \/>\n<meta property=\"og:title\" content=\"Au-dessus de la baignoire - Relax srl\" \/>\n<meta property=\"og:description\" content=\"Dans de multiples solutions, au-dessus de la baignoire transforme la baignoire en une parfaite cabine de douche.\" \/>\n<meta property=\"og:url\" content=\"https:\/\/relaxsrl.com\/fr\/aide-au-choix\/au-dessus-de-la-baignoire\/\" \/>\n<meta property=\"og:site_name\" content=\"Relax srl\" \/>\n<meta property=\"article:modified_time\" content=\"2023-09-07T06:49:04+00:00\" \/>\n<meta property=\"og:image\" content=\"https:\/\/relaxsrl.com\/website\/wp-content\/uploads\/2021\/09\/AXIA_SF-VF-V_1.jpg\" \/>\n\t<meta property=\"og:image:width\" content=\"1920\" \/>\n\t<meta property=\"og:image:height\" content=\"1280\" \/>\n\t<meta property=\"og:image:type\" content=\"image\/jpeg\" \/>\n<meta name=\"twitter:card\" content=\"summary_large_image\" \/>\n<meta name=\"twitter:label1\" content=\"Dur\u00e9e de lecture estim\u00e9e\" \/>\n\t<meta name=\"twitter:data1\" content=\"2 minutes\" \/>\n<script type=\"application\/ld+json\" class=\"yoast-schema-graph\">{\"@context\":\"https:\/\/schema.org\",\"@graph\":[{\"@type\":\"WebSite\",\"@id\":\"https:\/\/relaxsrl.com\/#website\",\"url\":\"https:\/\/relaxsrl.com\/\",\"name\":\"Relax srl\",\"description\":\"\",\"potentialAction\":[{\"@type\":\"SearchAction\",\"target\":{\"@type\":\"EntryPoint\",\"urlTemplate\":\"https:\/\/relaxsrl.com\/?s={search_term_string}\"},\"query-input\":\"required name=search_term_string\"}],\"inLanguage\":\"fr-FR\"},{\"@type\":\"ImageObject\",\"inLanguage\":\"fr-FR\",\"@id\":\"https:\/\/relaxsrl.com\/fr\/aide-au-choix\/au-dessus-de-la-baignoire\/#primaryimage\",\"url\":\"https:\/\/relaxsrl.com\/website\/wp-content\/uploads\/2021\/09\/AXIA_SF-VF-V_1.jpg\",\"contentUrl\":\"https:\/\/relaxsrl.com\/website\/wp-content\/uploads\/2021\/09\/AXIA_SF-VF-V_1.jpg\",\"width\":1920,\"height\":1280,\"caption\":\"Sopravasca chiuso con anta scorrevole ad angolo\"},{\"@type\":\"WebPage\",\"@id\":\"https:\/\/relaxsrl.com\/fr\/aide-au-choix\/au-dessus-de-la-baignoire\/#webpage\",\"url\":\"https:\/\/relaxsrl.com\/fr\/aide-au-choix\/au-dessus-de-la-baignoire\/\",\"name\":\"Au-dessus de la baignoire - Relax srl\",\"isPartOf\":{\"@id\":\"https:\/\/relaxsrl.com\/#website\"},\"primaryImageOfPage\":{\"@id\":\"https:\/\/relaxsrl.com\/fr\/aide-au-choix\/au-dessus-de-la-baignoire\/#primaryimage\"},\"datePublished\":\"2021-11-25T09:36:33+00:00\",\"dateModified\":\"2023-09-07T06:49:04+00:00\",\"description\":\"Dans de multiples solutions, au-dessus de la baignoire transforme la baignoire en une parfaite cabine de douche.\",\"breadcrumb\":{\"@id\":\"https:\/\/relaxsrl.com\/fr\/aide-au-choix\/au-dessus-de-la-baignoire\/#breadcrumb\"},\"inLanguage\":\"fr-FR\",\"potentialAction\":[{\"@type\":\"ReadAction\",\"target\":[\"https:\/\/relaxsrl.com\/fr\/aide-au-choix\/au-dessus-de-la-baignoire\/\"]}]},{\"@type\":\"BreadcrumbList\",\"@id\":\"https:\/\/relaxsrl.com\/fr\/aide-au-choix\/au-dessus-de-la-baignoire\/#breadcrumb\",\"itemListElement\":[{\"@type\":\"ListItem\",\"position\":1,\"name\":\"Aide au choix\",\"item\":\"https:\/\/relaxsrl.com\/fr\/aide-au-choix\/\"},{\"@type\":\"ListItem\",\"position\":2,\"name\":\"Au-dessus de la baignoire\"}]}]}<\/script>\n<!-- \/ Yoast SEO Premium plugin. -->","yoast_head_json":{"title":"Au-dessus de la baignoire - Relax srl","description":"Dans de multiples solutions, au-dessus de la baignoire transforme la baignoire en une parfaite cabine de douche.","robots":{"index":"index","follow":"follow","max-snippet":"max-snippet:-1","max-image-preview":"max-image-preview:large","max-video-preview":"max-video-preview:-1"},"canonical":"https:\/\/relaxsrl.com\/fr\/aide-au-choix\/au-dessus-de-la-baignoire\/","og_locale":"fr_FR","og_type":"article","og_title":"Au-dessus de la baignoire - Relax srl","og_description":"Dans de multiples solutions, au-dessus de la baignoire transforme la baignoire en une parfaite cabine de douche.","og_url":"https:\/\/relaxsrl.com\/fr\/aide-au-choix\/au-dessus-de-la-baignoire\/","og_site_name":"Relax srl","article_modified_time":"2023-09-07T06:49:04+00:00","og_image":[{"width":1920,"height":1280,"url":"https:\/\/relaxsrl.com\/website\/wp-content\/uploads\/2021\/09\/AXIA_SF-VF-V_1.jpg","type":"image\/jpeg"}],"twitter_card":"summary_large_image","twitter_misc":{"Dur\u00e9e de lecture estim\u00e9e":"2 minutes"},"schema":{"@context":"https:\/\/schema.org","@graph":[{"@type":"WebSite","@id":"https:\/\/relaxsrl.com\/#website","url":"https:\/\/relaxsrl.com\/","name":"Relax srl","description":"","potentialAction":[{"@type":"SearchAction","target":{"@type":"EntryPoint","urlTemplate":"https:\/\/relaxsrl.com\/?s={search_term_string}"},"query-input":"required name=search_term_string"}],"inLanguage":"fr-FR"},{"@type":"ImageObject","inLanguage":"fr-FR","@id":"https:\/\/relaxsrl.com\/fr\/aide-au-choix\/au-dessus-de-la-baignoire\/#primaryimage","url":"https:\/\/relaxsrl.com\/website\/wp-content\/uploads\/2021\/09\/AXIA_SF-VF-V_1.jpg","contentUrl":"https:\/\/relaxsrl.com\/website\/wp-content\/uploads\/2021\/09\/AXIA_SF-VF-V_1.jpg","width":1920,"height":1280,"caption":"Sopravasca chiuso con anta scorrevole ad angolo"},{"@type":"WebPage","@id":"https:\/\/relaxsrl.com\/fr\/aide-au-choix\/au-dessus-de-la-baignoire\/#webpage","url":"https:\/\/relaxsrl.com\/fr\/aide-au-choix\/au-dessus-de-la-baignoire\/","name":"Au-dessus de la baignoire - Relax srl","isPartOf":{"@id":"https:\/\/relaxsrl.com\/#website"},"primaryImageOfPage":{"@id":"https:\/\/relaxsrl.com\/fr\/aide-au-choix\/au-dessus-de-la-baignoire\/#primaryimage"},"datePublished":"2021-11-25T09:36:33+00:00","dateModified":"2023-09-07T06:49:04+00:00","description":"Dans de multiples solutions, au-dessus de la baignoire transforme la baignoire en une parfaite cabine de douche.","breadcrumb":{"@id":"https:\/\/relaxsrl.com\/fr\/aide-au-choix\/au-dessus-de-la-baignoire\/#breadcrumb"},"inLanguage":"fr-FR","potentialAction":[{"@type":"ReadAction","target":["https:\/\/relaxsrl.com\/fr\/aide-au-choix\/au-dessus-de-la-baignoire\/"]}]},{"@type":"BreadcrumbList","@id":"https:\/\/relaxsrl.com\/fr\/aide-au-choix\/au-dessus-de-la-baignoire\/#breadcrumb","itemListElement":[{"@type":"ListItem","position":1,"name":"Aide au choix","item":"https:\/\/relaxsrl.com\/fr\/aide-au-choix\/"},{"@type":"ListItem","position":2,"name":"Au-dessus de la baignoire"}]}]}},"_links":{"self":[{"href":"https:\/\/relaxsrl.com\/fr\/wp-json\/wp\/v2\/pages\/12773"}],"collection":[{"href":"https:\/\/relaxsrl.com\/fr\/wp-json\/wp\/v2\/pages"}],"about":[{"href":"https:\/\/relaxsrl.com\/fr\/wp-json\/wp\/v2\/types\/page"}],"author":[{"embeddable":true,"href":"https:\/\/relaxsrl.com\/fr\/wp-json\/wp\/v2\/users\/3"}],"replies":[{"embeddable":true,"href":"https:\/\/relaxsrl.com\/fr\/wp-json\/wp\/v2\/comments?post=12773"}],"version-history":[{"count":8,"href":"https:\/\/relaxsrl.com\/fr\/wp-json\/wp\/v2\/pages\/12773\/revisions"}],"predecessor-version":[{"id":29077,"href":"https:\/\/relaxsrl.com\/fr\/wp-json\/wp\/v2\/pages\/12773\/revisions\/29077"}],"up":[{"embeddable":true,"href":"https:\/\/relaxsrl.com\/fr\/wp-json\/wp\/v2\/pages\/11392"}],"wp:featuredmedia":[{"embeddable":true,"href":"https:\/\/relaxsrl.com\/fr\/wp-json\/wp\/v2\/media\/2259"}],"wp:attachment":[{"href":"https:\/\/relaxsrl.com\/fr\/wp-json\/wp\/v2\/media?parent=12773"}],"curies":[{"name":"wp","href":"https:\/\/api.w.org\/{rel}","templated":true}]}}