{"id":12777,"date":"2021-11-25T11:13:30","date_gmt":"2021-11-25T10:13:30","guid":{"rendered":"http:\/\/relaxsrl.com\/aide-au-choix\/cabine-de-douche-en-verre\/"},"modified":"2023-09-07T11:37:42","modified_gmt":"2023-09-07T09:37:42","slug":"cabine-de-douche-en-verre","status":"publish","type":"page","link":"https:\/\/relaxsrl.com\/fr\/aide-au-choix\/cabine-de-douche-en-verre\/","title":{"rendered":"Cabine de douche en verre"},"content":{"rendered":"<p>[vc_row full_width=\u00a0\u00bbstretch_row\u00a0\u00bb content_placement=\u00a0\u00bbmiddle\u00a0\u00bb el_class=\u00a0\u00bbintro-row intro-row-grey\u00a0\u00bb][vc_column][vc_column_text]<\/p>\n<h1>Cabine de douche en verre<\/h1>\n<p>[\/vc_column_text][\/vc_column][\/vc_row][vc_row el_class=\u00a0\u00bbrow-path\u00a0\u00bb][vc_column][vc_column_text][\/vc_column_text][\/vc_column][\/vc_row][vc_row][vc_column][vc_single_image image=\u00a0\u00bb8787&Prime; img_size=\u00a0\u00bbfull\u00a0\u00bb][\/vc_column][\/vc_row][vc_row][vc_column width=\u00a0\u00bb1\/6&Prime;][\/vc_column][vc_column width=\u00a0\u00bb2\/3&Prime;][vc_empty_space height=\u00a0\u00bb40px\u00a0\u00bb][vc_column_text el_class=\u00a0\u00bbtxt-blue abstract weight500&Prime;]Le cabine de douche en verre, \u00e9galement appel\u00e9 cristal, le plus souvent tremp\u00e9, parfois stratifi\u00e9, avec des \u00e9paisseurs variables et de nombreuses finitions. Presque toujours lin\u00e9aires, il en existe aussi de forme courbe.[\/vc_column_text][vc_empty_space height=\u00a0\u00bb35px\u00a0\u00bb][\/vc_column][\/vc_row][vc_row][vc_column width=\u00a0\u00bb1\/6&Prime;][\/vc_column][vc_column width=\u00a0\u00bb2\/3&Prime;][vc_column_text]<\/p>\n<ul>\n<li>Types de panneaux de douche\n<ul>\n<li><a class=\"link-interno link-interno-paragrafo-1\" href=\"#\">Panneaux en verre tremp\u00e9 <\/a><\/li>\n<li><a class=\"link-interno link-interno-paragrafo-2\" href=\"#\">aux en verre feuillet\u00e9 <\/a><\/li>\n<li><a class=\"link-interno link-interno-paragrafo-3\" href=\"#\">Panneaux en acrylique <\/a><\/li>\n<\/ul>\n<\/li>\n<li><a class=\"link-interno link-interno-paragrafo-4\" href=\"#\">Dimensions et formes des panneaux en verre <\/a><\/li>\n<li><a class=\"link-interno link-interno-paragrafo-5\" href=\"#\">Finitions et traitements du verre<\/a><\/li>\n<\/ul>\n<p>[\/vc_column_text][vc_empty_space height=\u00a0\u00bb40px\u00a0\u00bb][\/vc_column][\/vc_row][vc_row][vc_column width=\u00a0\u00bb1\/6&Prime;][\/vc_column][vc_column width=\u00a0\u00bb2\/3&Prime;][vc_column_text]<\/p>\n<h2>Types de panneaux de douche<\/h2>\n<p>[\/vc_column_text][vc_empty_space height=\u00a0\u00bb20px\u00a0\u00bb][\/vc_column][\/vc_row][vc_row el_id=\u00a0\u00bbparagrafo-1&Prime;][vc_column width=\u00a0\u00bb1\/6&Prime;][\/vc_column][vc_column width=\u00a0\u00bb2\/3&Prime;][vc_column_text]<\/p>\n<h3>Panneaux en verre tremp\u00e9<\/h3>\n<p>Le verre utilis\u00e9 pour les panneaux des cabines de douche Relax est du verre tremp\u00e9, obtenu avec des plaques de verre soumises \u00e0 un traitement thermique \u00e0 environ 700 degr\u00e9s, puis refroidies instantan\u00e9ment afin de devenir plus r\u00e9sistant aux contraintes, aux chocs thermiques et aux temp\u00e9ratures (jusqu\u2019\u00e0 250\u00b0). Il est consid\u00e9r\u00e9 comme un <strong>vitrage de s\u00e9curit\u00e9<\/strong> parce que, s\u2019il est heurt\u00e9 ou frapp\u00e9 et qu\u2019il se brise, au lieu de se casser en mille morceaux, il <strong>se fragmente en tant de petits morceaux non dangereux<\/strong> pour la s\u00e9curit\u00e9 des personnes parce qu\u2019ils ne sont pas coupants. Toutes les solutions sont certifi\u00e9es <a href=\"https:\/\/www.tuvsud.com\/fr-fr\">T\u00dcV S\u00dcD<\/a>.[\/vc_column_text][vc_empty_space height=\u00a0\u00bb20px\u00a0\u00bb][\/vc_column][\/vc_row][vc_row el_id=\u00a0\u00bbparagrafo-2&Prime;][vc_column width=\u00a0\u00bb1\/6&Prime;][\/vc_column][vc_column width=\u00a0\u00bb2\/3&Prime;][vc_column_text]<\/p>\n<h3>Aux en verre feuillet\u00e9<\/h3>\n<p>Les panneaux en verre feuillet\u00e9 pour les cabines de douche utilisent un <strong>verre de s\u00e9curit\u00e9<\/strong> qui ne se divise pas en plusieurs morceaux lorsqu\u2019il est fractur\u00e9. \u00c0 la rupture, une <strong>couche interm\u00e9diaire intervient pour maintenir ensemble les couches de verre qui l\u2019entourent<\/strong>. De cette fa\u00e7on, m\u00eame si le verre se brise, il reste sur site sans risque pour les personnes et les objets voisins et prend la caract\u00e9ristique forme de toile d\u2019araign\u00e9e. Relax, sur demande, utilise \u00e9galement des panneaux de verre feuillet\u00e9.[\/vc_column_text][vc_empty_space height=\u00a0\u00bb20px\u00a0\u00bb][\/vc_column][\/vc_row][vc_row el_id=\u00a0\u00bbparagrafo-3&Prime;][vc_column width=\u00a0\u00bb1\/6&Prime;][\/vc_column][vc_column width=\u00a0\u00bb2\/3&Prime;][vc_column_text]<\/p>\n<h3>Panneaux en acrylique<\/h3>\n<p>Les cabines de douche peuvent \u00e9galement avoir des<strong> panneaux en acrylique au lieu de verre.<\/strong> C\u2019est un mat\u00e9riau plastique tr\u00e8s r\u00e9sistant, parfait pour ceux qui veulent une d\u00e9pense minimale. Il n\u2019est pas aussi pr\u00e9cieux que le verre et, surtout, ses finitions ne garantissent pas une longue dur\u00e9e de vie, c\u2019est pourquoi Relax d\u00e9conseille ce choix \u00e0 ses clients.[\/vc_column_text][vc_empty_space height=\u00a0\u00bb40px\u00a0\u00bb][\/vc_column][\/vc_row][vc_row el_id=\u00a0\u00bbparagrafo-4&Prime;][vc_column width=\u00a0\u00bb1\/6&Prime;][\/vc_column][vc_column width=\u00a0\u00bb2\/3&Prime;][vc_column_text]<\/p>\n<h2>Mesures et formes des panneaux de verre<\/h2>\n<p>Les \u00e9paisseurs de verre normalement propos\u00e9es pour les panneaux de douche sont de <strong>4 mm, 6 mm et 8 mm<\/strong>. La valeur du verre augmente avec l\u2019\u00e9paisseur. Le 4 mm est le moins cher, le 6 mm est le plus utilis\u00e9, le 8 mm est le plus haut de gamme.<br \/>\nLes panneaux en verre sont <strong>lin\u00e9aires,<\/strong> mais certaines personnes pr\u00e9f\u00e8rent les lignes douces qui n\u00e9cessitent un <strong>processus de courbure<\/strong>. Elle s\u2019obtient par le chauffage du verre et donc son moulage sur un moule sp\u00e9cial. C\u2019est un processus difficile car il doit se faire \u00e0 basses temp\u00e9ratures pour garantir un verre esth\u00e9tiquement beau, mais cela ne permet pas une bonne fragmentation (s\u00e9curit\u00e9) ou respect de la g\u00e9om\u00e9trie (gabarit). Le formage \u00e0 chaud du verre et la trempe qui s\u2019ensuit, se fait au niveau industriel en choisissant le<strong> meilleur compromis entre esth\u00e9tique, forme et s\u00e9curit\u00e9<\/strong> du produit. Relax a trouv\u00e9 une solution et brevet\u00e9 une collection de cabines de douche avec verre courb\u00e9, <a href=\"http:\/\/relaxsrl.com\/prodotti\/collezioni\/bobox\/\">collezione di box doccia con vetri curvi, Bobox<\/a>.[\/vc_column_text][vc_empty_space height=\u00a0\u00bb40px\u00a0\u00bb][\/vc_column][\/vc_row][vc_row el_id=\u00a0\u00bbparagrafo-5&Prime;][vc_column width=\u00a0\u00bb1\/6&Prime;][\/vc_column][vc_column width=\u00a0\u00bb2\/3&Prime;][vc_column_text]<\/p>\n<h2>Finitions et traitements du verre<\/h2>\n<p>Les finitions pour les panneaux en verre des cabines de douche sont nombreuses. Il y a le <strong>verre satin\u00e9<\/strong> qui perd la transparence, mais qui fait passer la lumi\u00e8re, et qui acquiert l\u2019aspect typique velout\u00e9 et doux au toucher. Les <strong>verres s\u00e9rigraphi\u00e9s<\/strong> ont la face ext\u00e9rieure recouverte de motifs d\u00e9coratifs inalt\u00e9rables. Les <strong>verres plumes<\/strong> sont imprim\u00e9s \u00e0 d\u00e9cors, tandis que les<strong> verres color\u00e9s<\/strong> sont color\u00e9s au moment du travail en p\u00e2te. Les <strong>verres extra clairs<\/strong> ont la plus grande transparence, mais ils sont aussi plus chers, pour cette Relax les traite sur demande. <a href=\"http:\/\/relaxsrl.com\/fr\/aide-au-choix\/finitions-en-verre-pour-parois-de-douche\/\">D\u00e9couvrez toutes les finitions des vitres pour cabine de douche<\/a>.<br \/>\nParmi les traitements auxquels peuvent \u00eatre soumis les panneaux en verre pour douches, l\u2019<strong>anticalcaire<\/strong> est le plus demand\u00e9. Le traitement Crystal Protect utilis\u00e9 par Relax est<strong> bas\u00e9 sur une nanotechnologie italienne avanc\u00e9e brevet\u00e9e<\/strong>. Il forme sur la surface une fine couche de protection qui se lie chimiquement au verre, le scellant contre la salet\u00e9, le calcaire et les impuret\u00e9s. Il garantit:<\/p>\n<ul>\n<li>facilit\u00e9 de nettoyage<\/li>\n<li>stabilit\u00e9 aux rayons UV<\/li>\n<li>protection suppl\u00e9mentaire contre les d\u00e9p\u00f4ts de calcaire et de savon<\/li>\n<li>augmentation de 20% de la splendeur de la surface trait\u00e9e<\/li>\n<li>dur\u00e9e de traitement de 5 ans avec un bon entretien<\/li>\n<\/ul>\n<p>[\/vc_column_text][vc_empty_space height=\u00a0\u00bb40px\u00a0\u00bb][\/vc_column][\/vc_row][vc_row][vc_column][vc_empty_space height=\u00a0\u00bb50px\u00a0\u00bb][\/vc_column][\/vc_row][vc_row full_width=\u00a0\u00bbstretch_row_content_no_spaces\u00a0\u00bb equal_height=\u00a0\u00bbyes\u00a0\u00bb content_placement=\u00a0\u00bbmiddle\u00a0\u00bb el_class=\u00a0\u00bbrow-over-footer row-cta-over-footer\u00a0\u00bb][vc_column width=\u00a0\u00bb1\/2&Prime;][vc_single_image image=\u00a0\u00bb2392&Prime; img_size=\u00a0\u00bbfull\u00a0\u00bb][\/vc_column][vc_column width=\u00a0\u00bb1\/2&Prime; css=\u00a0\u00bb.vc_custom_1632908206475{background-image: url(http:\/\/relaxsrl.com\/wp-content\/uploads\/2021\/09\/cta-vetro-opaco.jpg?id=2394) !important;background-position: center !important;background-repeat: no-repeat !important;background-size: cover !important;}\u00a0\u00bb el_class=\u00a0\u00bbrow-cta-over-footer-col-text\u00a0\u00bb][vc_row_inner][vc_column_inner width=\u00a0\u00bb1\/4&Prime;][\/vc_column_inner][vc_column_inner width=\u00a0\u00bb1\/2&Prime;][vc_column_text]<\/p>\n<h2 style=\"text-align: center;\">Voir les exemples de cabines de douche en verre<\/h2>\n<p style=\"text-align: center;\">Feuilletez le catalogue des produits Relax et trouvez inspiration: toutes les cabines de douche ont des portes et des panneaux en verre.<\/p>\n<p>[\/vc_column_text][vc_btn title=\u00a0\u00bbT\u00c9L\u00c9CHARGER LE CATALOGUE\u00a0\u00bb style=\u00a0\u00bbclassic\u00a0\u00bb shape=\u00a0\u00bbsquare\u00a0\u00bb color=\u00a0\u00bbwhite\u00a0\u00bb align=\u00a0\u00bbcenter\u00a0\u00bb el_class=\u00a0\u00bbbtn-default-white\u00a0\u00bb link=\u00a0\u00bburl:http%3A%2F%2Frelaxsrl.com%2Fdocs%2Fcataloghi%2Fcatalogo_relax.pdf|title:T%C3%89L%C3%89CHARGER%20LE%20CATALOGUE|target:_blank|\u00a0\u00bb][\/vc_column_inner][vc_column_inner width=\u00a0\u00bb1\/4&Prime;][\/vc_column_inner][\/vc_row_inner][\/vc_column][\/vc_row]<\/p>\n","protected":false},"excerpt":{"rendered":"<p>[vc_row full_width=\u00a0\u00bbstretch_row\u00a0\u00bb content_placement=\u00a0\u00bbmiddle\u00a0\u00bb el_class=\u00a0\u00bbintro-row intro-row-grey\u00a0\u00bb][vc_column][vc_column_text] Cabine de douche en verre [\/vc_column_text][\/vc_column][\/vc_row][vc_row el_class=\u00a0\u00bbrow-path\u00a0\u00bb][vc_column][vc_column_text][\/vc_column_text][\/vc_column][\/vc_row][vc_row][vc_column][vc_single_image image=\u00a0\u00bb8787&Prime; img_size=\u00a0\u00bbfull\u00a0\u00bb][\/vc_column][\/vc_row][vc_row][vc_column width=\u00a0\u00bb1\/6&Prime;][\/vc_column][vc_column width=\u00a0\u00bb2\/3&Prime;][vc_empty_space height=\u00a0\u00bb40px\u00a0\u00bb][vc_column_text el_class=\u00a0\u00bbtxt-blue abstract weight500&Prime;]Le cabine de douche en verre, \u00e9galement appel\u00e9 cristal, le plus souvent tremp\u00e9, parfois stratifi\u00e9, avec des \u00e9paisseurs variables et de nombreuses finitions. Presque toujours lin\u00e9aires, il en existe aussi de forme courbe.[\/vc_column_text][vc_empty_space height=\u00a0\u00bb35px\u00a0\u00bb][\/vc_column][\/vc_row][vc_row][vc_column width=\u00a0\u00bb1\/6&Prime;][\/vc_column][vc_column width=\u00a0\u00bb2\/3&Prime;][vc_column_text] [&hellip;]<\/p>\n","protected":false},"author":3,"featured_media":8787,"parent":11392,"menu_order":0,"comment_status":"closed","ping_status":"closed","template":"","meta":[],"acf":[],"yoast_head":"<!-- This site is optimized with the Yoast SEO Premium plugin v18.4 (Yoast SEO v18.8) - https:\/\/yoast.com\/wordpress\/plugins\/seo\/ -->\n<title>Cabine de douche en verre - Relax srl<\/title>\n<meta name=\"description\" content=\"Le cabine de douche en verre, presque toujours lin\u00e9aires, mais il en existe aussi des courbes. En savoir plus.\" \/>\n<meta name=\"robots\" content=\"index, follow, max-snippet:-1, max-image-preview:large, max-video-preview:-1\" \/>\n<link rel=\"canonical\" href=\"https:\/\/relaxsrl.com\/fr\/aide-au-choix\/cabine-de-douche-en-verre\/\" \/>\n<meta property=\"og:locale\" content=\"fr_FR\" \/>\n<meta property=\"og:type\" content=\"article\" \/>\n<meta property=\"og:title\" content=\"Cabine de douche en verre - Relax srl\" \/>\n<meta property=\"og:description\" content=\"Le cabine de douche en verre, presque toujours lin\u00e9aires, mais il en existe aussi des courbes. En savoir plus.\" \/>\n<meta property=\"og:url\" content=\"https:\/\/relaxsrl.com\/fr\/aide-au-choix\/cabine-de-douche-en-verre\/\" \/>\n<meta property=\"og:site_name\" content=\"Relax srl\" \/>\n<meta property=\"article:modified_time\" content=\"2023-09-07T09:37:42+00:00\" \/>\n<meta property=\"og:image\" content=\"https:\/\/relaxsrl.com\/website\/wp-content\/uploads\/2021\/10\/Per-web2.jpg\" \/>\n\t<meta property=\"og:image:width\" content=\"1100\" \/>\n\t<meta property=\"og:image:height\" content=\"420\" \/>\n\t<meta property=\"og:image:type\" content=\"image\/jpeg\" \/>\n<meta name=\"twitter:card\" content=\"summary_large_image\" \/>\n<meta name=\"twitter:label1\" content=\"Dur\u00e9e de lecture estim\u00e9e\" \/>\n\t<meta name=\"twitter:data1\" content=\"5 minutes\" \/>\n<script type=\"application\/ld+json\" class=\"yoast-schema-graph\">{\"@context\":\"https:\/\/schema.org\",\"@graph\":[{\"@type\":\"WebSite\",\"@id\":\"https:\/\/relaxsrl.com\/#website\",\"url\":\"https:\/\/relaxsrl.com\/\",\"name\":\"Relax srl\",\"description\":\"\",\"potentialAction\":[{\"@type\":\"SearchAction\",\"target\":{\"@type\":\"EntryPoint\",\"urlTemplate\":\"https:\/\/relaxsrl.com\/?s={search_term_string}\"},\"query-input\":\"required name=search_term_string\"}],\"inLanguage\":\"fr-FR\"},{\"@type\":\"ImageObject\",\"inLanguage\":\"fr-FR\",\"@id\":\"https:\/\/relaxsrl.com\/fr\/aide-au-choix\/cabine-de-douche-en-verre\/#primaryimage\",\"url\":\"https:\/\/relaxsrl.com\/website\/wp-content\/uploads\/2021\/10\/Per-web2.jpg\",\"contentUrl\":\"https:\/\/relaxsrl.com\/website\/wp-content\/uploads\/2021\/10\/Per-web2.jpg\",\"width\":1100,\"height\":420,\"caption\":\"dettaglio anta pivot box doccia\"},{\"@type\":\"WebPage\",\"@id\":\"https:\/\/relaxsrl.com\/fr\/aide-au-choix\/cabine-de-douche-en-verre\/#webpage\",\"url\":\"https:\/\/relaxsrl.com\/fr\/aide-au-choix\/cabine-de-douche-en-verre\/\",\"name\":\"Cabine de douche en verre - Relax srl\",\"isPartOf\":{\"@id\":\"https:\/\/relaxsrl.com\/#website\"},\"primaryImageOfPage\":{\"@id\":\"https:\/\/relaxsrl.com\/fr\/aide-au-choix\/cabine-de-douche-en-verre\/#primaryimage\"},\"datePublished\":\"2021-11-25T10:13:30+00:00\",\"dateModified\":\"2023-09-07T09:37:42+00:00\",\"description\":\"Le cabine de douche en verre, presque toujours lin\u00e9aires, mais il en existe aussi des courbes. En savoir plus.\",\"breadcrumb\":{\"@id\":\"https:\/\/relaxsrl.com\/fr\/aide-au-choix\/cabine-de-douche-en-verre\/#breadcrumb\"},\"inLanguage\":\"fr-FR\",\"potentialAction\":[{\"@type\":\"ReadAction\",\"target\":[\"https:\/\/relaxsrl.com\/fr\/aide-au-choix\/cabine-de-douche-en-verre\/\"]}]},{\"@type\":\"BreadcrumbList\",\"@id\":\"https:\/\/relaxsrl.com\/fr\/aide-au-choix\/cabine-de-douche-en-verre\/#breadcrumb\",\"itemListElement\":[{\"@type\":\"ListItem\",\"position\":1,\"name\":\"Aide au choix\",\"item\":\"https:\/\/relaxsrl.com\/fr\/aide-au-choix\/\"},{\"@type\":\"ListItem\",\"position\":2,\"name\":\"Cabine de douche en verre\"}]}]}<\/script>\n<!-- \/ Yoast SEO Premium plugin. -->","yoast_head_json":{"title":"Cabine de douche en verre - Relax srl","description":"Le cabine de douche en verre, presque toujours lin\u00e9aires, mais il en existe aussi des courbes. En savoir plus.","robots":{"index":"index","follow":"follow","max-snippet":"max-snippet:-1","max-image-preview":"max-image-preview:large","max-video-preview":"max-video-preview:-1"},"canonical":"https:\/\/relaxsrl.com\/fr\/aide-au-choix\/cabine-de-douche-en-verre\/","og_locale":"fr_FR","og_type":"article","og_title":"Cabine de douche en verre - Relax srl","og_description":"Le cabine de douche en verre, presque toujours lin\u00e9aires, mais il en existe aussi des courbes. En savoir plus.","og_url":"https:\/\/relaxsrl.com\/fr\/aide-au-choix\/cabine-de-douche-en-verre\/","og_site_name":"Relax srl","article_modified_time":"2023-09-07T09:37:42+00:00","og_image":[{"width":1100,"height":420,"url":"https:\/\/relaxsrl.com\/website\/wp-content\/uploads\/2021\/10\/Per-web2.jpg","type":"image\/jpeg"}],"twitter_card":"summary_large_image","twitter_misc":{"Dur\u00e9e de lecture estim\u00e9e":"5 minutes"},"schema":{"@context":"https:\/\/schema.org","@graph":[{"@type":"WebSite","@id":"https:\/\/relaxsrl.com\/#website","url":"https:\/\/relaxsrl.com\/","name":"Relax srl","description":"","potentialAction":[{"@type":"SearchAction","target":{"@type":"EntryPoint","urlTemplate":"https:\/\/relaxsrl.com\/?s={search_term_string}"},"query-input":"required name=search_term_string"}],"inLanguage":"fr-FR"},{"@type":"ImageObject","inLanguage":"fr-FR","@id":"https:\/\/relaxsrl.com\/fr\/aide-au-choix\/cabine-de-douche-en-verre\/#primaryimage","url":"https:\/\/relaxsrl.com\/website\/wp-content\/uploads\/2021\/10\/Per-web2.jpg","contentUrl":"https:\/\/relaxsrl.com\/website\/wp-content\/uploads\/2021\/10\/Per-web2.jpg","width":1100,"height":420,"caption":"dettaglio anta pivot box doccia"},{"@type":"WebPage","@id":"https:\/\/relaxsrl.com\/fr\/aide-au-choix\/cabine-de-douche-en-verre\/#webpage","url":"https:\/\/relaxsrl.com\/fr\/aide-au-choix\/cabine-de-douche-en-verre\/","name":"Cabine de douche en verre - Relax srl","isPartOf":{"@id":"https:\/\/relaxsrl.com\/#website"},"primaryImageOfPage":{"@id":"https:\/\/relaxsrl.com\/fr\/aide-au-choix\/cabine-de-douche-en-verre\/#primaryimage"},"datePublished":"2021-11-25T10:13:30+00:00","dateModified":"2023-09-07T09:37:42+00:00","description":"Le cabine de douche en verre, presque toujours lin\u00e9aires, mais il en existe aussi des courbes. En savoir plus.","breadcrumb":{"@id":"https:\/\/relaxsrl.com\/fr\/aide-au-choix\/cabine-de-douche-en-verre\/#breadcrumb"},"inLanguage":"fr-FR","potentialAction":[{"@type":"ReadAction","target":["https:\/\/relaxsrl.com\/fr\/aide-au-choix\/cabine-de-douche-en-verre\/"]}]},{"@type":"BreadcrumbList","@id":"https:\/\/relaxsrl.com\/fr\/aide-au-choix\/cabine-de-douche-en-verre\/#breadcrumb","itemListElement":[{"@type":"ListItem","position":1,"name":"Aide au choix","item":"https:\/\/relaxsrl.com\/fr\/aide-au-choix\/"},{"@type":"ListItem","position":2,"name":"Cabine de douche en verre"}]}]}},"_links":{"self":[{"href":"https:\/\/relaxsrl.com\/fr\/wp-json\/wp\/v2\/pages\/12777"}],"collection":[{"href":"https:\/\/relaxsrl.com\/fr\/wp-json\/wp\/v2\/pages"}],"about":[{"href":"https:\/\/relaxsrl.com\/fr\/wp-json\/wp\/v2\/types\/page"}],"author":[{"embeddable":true,"href":"https:\/\/relaxsrl.com\/fr\/wp-json\/wp\/v2\/users\/3"}],"replies":[{"embeddable":true,"href":"https:\/\/relaxsrl.com\/fr\/wp-json\/wp\/v2\/comments?post=12777"}],"version-history":[{"count":7,"href":"https:\/\/relaxsrl.com\/fr\/wp-json\/wp\/v2\/pages\/12777\/revisions"}],"predecessor-version":[{"id":29119,"href":"https:\/\/relaxsrl.com\/fr\/wp-json\/wp\/v2\/pages\/12777\/revisions\/29119"}],"up":[{"embeddable":true,"href":"https:\/\/relaxsrl.com\/fr\/wp-json\/wp\/v2\/pages\/11392"}],"wp:featuredmedia":[{"embeddable":true,"href":"https:\/\/relaxsrl.com\/fr\/wp-json\/wp\/v2\/media\/8787"}],"wp:attachment":[{"href":"https:\/\/relaxsrl.com\/fr\/wp-json\/wp\/v2\/media?parent=12777"}],"curies":[{"name":"wp","href":"https:\/\/api.w.org\/{rel}","templated":true}]}}