{"id":12793,"date":"2021-11-25T11:50:52","date_gmt":"2021-11-25T10:50:52","guid":{"rendered":"http:\/\/relaxsrl.com\/home\/"},"modified":"2025-10-06T09:50:04","modified_gmt":"2025-10-06T07:50:04","slug":"home","status":"publish","type":"page","link":"https:\/\/relaxsrl.com\/fr\/","title":{"rendered":"Home"},"content":{"rendered":"<p>[vc_row full_width=\u00a0\u00bbstretch_row_content_no_spaces\u00a0\u00bb el_class=\u00a0\u00bbrow_home_caption_img\u00a0\u00bb][vc_column][vc_column_text el_class=\u00a0\u00bbhome_caption_img\u00a0\u00bb]<\/p>\n<h2>Oblique, \u00e9tag\u00e8re stabilisatrice<\/h2>\n<p>L&rsquo;accessoire qui change les r\u00e8gles de la cabine de douche, en soutenant la cabine en toute autonomie, sans \u00e9l\u00e9ments suppl\u00e9mentaires.<\/p>\n<p><a class=\"btn\" title=\"\" href=\"https:\/\/relaxsrl.com\/fr\/produit\/wall-ob\/\">\u00caTRE INSPIR\u00c9<\/a>[\/vc_column_text][\/vc_column][\/vc_row][vc_row full_width=\u00a0\u00bbstretch_row_content_no_spaces\u00a0\u00bb][vc_column][vc_single_image image=\u00a0\u00bb31982&Prime; img_size=\u00a0\u00bbfull\u00a0\u00bb alignment=\u00a0\u00bbcenter\u00a0\u00bb][\/vc_column][\/vc_row][vc_row full_width=\u00a0\u00bbstretch_row_content_no_spaces\u00a0\u00bb][vc_column][vc_column_text el_class=\u00a0\u00bbhome_caption_img-xs\u00a0\u00bb]<\/p>\n<h2>Oblique, \u00e9tag\u00e8re stabilisatrice<\/h2>\n<p>L&rsquo;accessoire qui change les r\u00e8gles de la cabine de douche, en soutenant la cabine en toute autonomie, sans \u00e9l\u00e9ments suppl\u00e9mentaires.<\/p>\n<p><a class=\"btn\" title=\"\" href=\"https:\/\/relaxsrl.com\/fr\/produit\/wall-ob\/\">\u00caTRE INSPIR\u00c9<\/a>[\/vc_column_text][\/vc_column][\/vc_row][vc_row][vc_column width=\u00a0\u00bb1\/12&Prime;][\/vc_column][vc_column width=\u00a0\u00bb10\/12&Prime;][vc_column_text]<\/p>\n<h2 class=\"home_h2\" style=\"text-align: center;\">Le c\u0153ur de Relax est \u00e0 Venise, source d&rsquo;inspiration pour des produits \u00e0 exp\u00e9rimenter l&rsquo;eau tous les jours.<\/h2>\n<p>[\/vc_column_text][\/vc_column][vc_column width=\u00a0\u00bb1\/12&Prime;][\/vc_column][\/vc_row][vc_row][vc_column][\/vc_column][\/vc_row][vc_row][vc_column width=\u00a0\u00bb1\/2&Prime; el_class=\u00a0\u00bbhome_banner_tipologia\u00a0\u00bb][vc_single_image image=\u00a0\u00bb30149&Prime; img_size=\u00a0\u00bbfull\u00a0\u00bb onclick=\u00a0\u00bbcustom_link\u00a0\u00bb link=\u00a0\u00bbhttp:\/\/relaxsrl.com\/fr\/produits\/typologie\/cabine-de-douche\/\u00a0\u00bb][vc_column_text]<\/p>\n<h3><a href=\"http:\/\/relaxsrl.com\/fr\/produits\/typologie\/cabine-de-douche\/\">Cabines de douche<\/a><\/h3>\n<p>[\/vc_column_text][\/vc_column][vc_column width=\u00a0\u00bb1\/2&Prime; el_class=\u00a0\u00bbhome_banner_tipologia\u00a0\u00bb][vc_single_image image=\u00a0\u00bb30154&Prime; img_size=\u00a0\u00bbfull\u00a0\u00bb onclick=\u00a0\u00bbcustom_link\u00a0\u00bb link=\u00a0\u00bbhttp:\/\/relaxsrl.com\/fr\/produits\/typologie\/baignoires\/\u00a0\u00bb][vc_column_text]<\/p>\n<h3><a href=\"http:\/\/relaxsrl.com\/fr\/produits\/typologie\/baignoires\/\">Baignoires<\/a><\/h3>\n<p>[\/vc_column_text][\/vc_column][\/vc_row][vc_row][vc_column width=\u00a0\u00bb1\/2&Prime; el_class=\u00a0\u00bbhome_banner_tipologia\u00a0\u00bb][vc_single_image image=\u00a0\u00bb30170&Prime; img_size=\u00a0\u00bbfull\u00a0\u00bb onclick=\u00a0\u00bbcustom_link\u00a0\u00bb link=\u00a0\u00bbhttps:\/\/relaxsrl.com\/fr\/produits\/typologie\/complements\/\u00a0\u00bb][vc_column_text]<\/p>\n<h3><a href=\"https:\/\/relaxsrl.com\/fr\/produits\/typologie\/complements\/\">Compl\u00e9ments<\/a><\/h3>\n<p>[\/vc_column_text][\/vc_column][vc_column width=\u00a0\u00bb1\/2&Prime; el_class=\u00a0\u00bbhome_banner_tipologia\u00a0\u00bb][vc_single_image image=\u00a0\u00bb30164&Prime; img_size=\u00a0\u00bbfull\u00a0\u00bb onclick=\u00a0\u00bbcustom_link\u00a0\u00bb link=\u00a0\u00bbhttp:\/\/relaxsrl.com\/fr\/produits\/typologie\/receveurs-de-douche\/\u00a0\u00bb][vc_column_text]<\/p>\n<h3><a href=\"http:\/\/relaxsrl.com\/fr\/produits\/typologie\/receveurs-de-douche\/\">Receveurs de douche<\/a><\/h3>\n<p>[\/vc_column_text][\/vc_column][\/vc_row][vc_row][vc_column width=\u00a0\u00bb1\/12&Prime;][\/vc_column][vc_column width=\u00a0\u00bb10\/12&Prime;][vc_empty_space height=\u00a0\u00bb20px\u00a0\u00bb][vc_column_text]<\/p>\n<h1 class=\"home_h1\" style=\"text-align: center; margin-bottom: 20px;\">Style, qualit\u00e9 et soin, tout italien.<\/h1>\n<p class=\"abstract\" style=\"text-align: center;\">Nos solutions pour la salle de bain sont des cabines de douche, des sur-baignoires, des baignoires, des receveurs de douche et des accessoires avec des normes de qualit\u00e9 \u00e9lev\u00e9es, qui peuvent \u00e9galement \u00eatre personnalis\u00e9es sur mesure.<\/p>\n<p>[\/vc_column_text][vc_empty_space height=\u00a0\u00bb40px\u00a0\u00bb][vc_btn title=\u00a0\u00bbVOIR TOUS LES PRODUITS\u00a0\u00bb style=\u00a0\u00bbclassic\u00a0\u00bb shape=\u00a0\u00bbsquare\u00a0\u00bb color=\u00a0\u00bbwhite\u00a0\u00bb align=\u00a0\u00bbcenter\u00a0\u00bb link=\u00a0\u00bburl:http%3A%2F%2Frelaxsrl.com%2Ffr%2Fproduits%2Fconfigurateur%2F|title:Produits\u00a0\u00bb el_class=\u00a0\u00bbbtn-default\u00a0\u00bb][vc_empty_space height=\u00a0\u00bb60px\u00a0\u00bb][\/vc_column][vc_column width=\u00a0\u00bb1\/12&Prime;][\/vc_column][\/vc_row][vc_row equal_height=\u00a0\u00bbyes\u00a0\u00bb content_placement=\u00a0\u00bbmiddle\u00a0\u00bb el_class=\u00a0\u00bbrow-banner-home\u00a0\u00bb][vc_column width=\u00a0\u00bb7\/12&Prime;][vc_single_image image=\u00a0\u00bb30239&Prime; img_size=\u00a0\u00bbfull\u00a0\u00bb onclick=\u00a0\u00bbcustom_link\u00a0\u00bb link=\u00a0\u00bbhttp:\/\/relaxsrl.com\/fr\/aide-au-choix\/\u00a0\u00bb][\/vc_column][vc_column width=\u00a0\u00bb5\/12&Prime; el_class=\u00a0\u00bbcol-text\u00a0\u00bb css=\u00a0\u00bb.vc_custom_1707390763359{background-image: url(https:\/\/relaxsrl.com\/website\/wp-content\/uploads\/2024\/02\/guida-alla-scelta-opaco-1.jpg?id=30189) !important;background-position: center !important;background-repeat: no-repeat !important;background-size: cover !important;}\u00a0\u00bb][vc_column_text]<\/p>\n<h3 style=\"text-align: center;\">Aide au choix<\/h3>\n<p style=\"text-align: center;\">Tout ce que vous devez savoir pour choisir la cabine de douche la mieux adapt\u00e9e \u00e0 vos besoins.<\/p>\n<p>[\/vc_column_text][vc_btn title=\u00a0\u00bbALLER AU CONSEIL\u00a0\u00bb style=\u00a0\u00bbclassic\u00a0\u00bb shape=\u00a0\u00bbsquare\u00a0\u00bb color=\u00a0\u00bbwhite\u00a0\u00bb align=\u00a0\u00bbcenter\u00a0\u00bb el_class=\u00a0\u00bbbtn-default-white\u00a0\u00bb link=\u00a0\u00bburl:http%3A%2F%2Frelaxsrl.com%2Ffr%2Faide-au-choix%2F|title:Guide%20de%20s%C3%A9lection|\u00a0\u00bb][\/vc_column][\/vc_row][vc_row equal_height=\u00a0\u00bbyes\u00a0\u00bb content_placement=\u00a0\u00bbmiddle\u00a0\u00bb el_class=\u00a0\u00bbrow-banner-home\u00a0\u00bb][vc_column width=\u00a0\u00bb5\/12&Prime; el_class=\u00a0\u00bbcol-text\u00a0\u00bb css=\u00a0\u00bb.vc_custom_1707390772584{background-image: url(https:\/\/relaxsrl.com\/website\/wp-content\/uploads\/2024\/02\/guida-alla-scelta-opaco-1.jpg?id=30189) !important;background-position: center !important;background-repeat: no-repeat !important;background-size: cover !important;}\u00a0\u00bb][vc_column_text]<\/p>\n<h3 style=\"text-align: center;\">Sur mesure<\/h3>\n<p style=\"text-align: center;\">Besoin d&rsquo;une cabine de douche sur mesure? Les conseils pratiques de Relax vous aideront \u00e0 choisir.<\/p>\n<p>[\/vc_column_text][vc_btn title=\u00a0\u00bbEN SAVOIR PLUS\u00a0\u00bb style=\u00a0\u00bbclassic\u00a0\u00bb shape=\u00a0\u00bbsquare\u00a0\u00bb color=\u00a0\u00bbwhite\u00a0\u00bb align=\u00a0\u00bbcenter\u00a0\u00bb el_class=\u00a0\u00bbbtn-default-white\u00a0\u00bb link=\u00a0\u00bburl:http%3A%2F%2Frelaxsrl.com%2Ffr%2Faide-au-choix%2Fcabine-de-douche-sur-mesure%2F|title:Guide%20de%20s%C3%A9lection|\u00a0\u00bb][\/vc_column][vc_column width=\u00a0\u00bb7\/12&Prime;][vc_single_image image=\u00a0\u00bb30230&Prime; img_size=\u00a0\u00bbfull\u00a0\u00bb onclick=\u00a0\u00bbcustom_link\u00a0\u00bb link=\u00a0\u00bbhttps:\/\/relaxsrl.com\/fr\/aide-au-choix\/cabine-de-douche-sur-mesure\/\u00a0\u00bb][\/vc_column][\/vc_row][vc_row][vc_column][vc_empty_space height=\u00a0\u00bb35px\u00a0\u00bb][\/vc_column][\/vc_row][vc_row full_width=\u00a0\u00bbstretch_row\u00a0\u00bb el_class=\u00a0\u00bbrow-home-news\u00a0\u00bb][vc_column][vc_basic_grid post_type=\u00a0\u00bbpost\u00a0\u00bb max_items=\u00a0\u00bb2&Prime; element_width=\u00a0\u00bb6&Prime; item=\u00a0\u00bb1543&Prime; grid_id=\u00a0\u00bbvc_gid:1759736835574-f605267f-6bf4-0&Prime;][\/vc_column][\/vc_row][vc_row][vc_column][vc_empty_space height=\u00a0\u00bb100px\u00a0\u00bb][\/vc_column][\/vc_row][vc_row equal_height=\u00a0\u00bbyes\u00a0\u00bb content_placement=\u00a0\u00bbmiddle\u00a0\u00bb el_class=\u00a0\u00bbrow-banner-home\u00a0\u00bb][vc_column width=\u00a0\u00bb7\/12&Prime;][vc_single_image image=\u00a0\u00bb30258&Prime; img_size=\u00a0\u00bbfull\u00a0\u00bb onclick=\u00a0\u00bbcustom_link\u00a0\u00bb link=\u00a0\u00bbhttp:%2F%2Frelaxsrl.com%2Fprodotti%2Fconfiguratore%2F|\u00a0\u00bb][\/vc_column][vc_column width=\u00a0\u00bb5\/12&Prime; el_class=\u00a0\u00bbcol-text\u00a0\u00bb css=\u00a0\u00bb.vc_custom_1633335348194{background-image: url(http:\/\/relaxsrl.com\/wp-content\/uploads\/2021\/10\/configuratore-opaco.jpg?id=3262) !important;background-position: center !important;background-repeat: no-repeat !important;background-size: cover !important;}\u00a0\u00bb][vc_column_text]<\/p>\n<h3 style=\"text-align: center;\">Configurateur<\/h3>\n<p style=\"text-align: center;\">Cr\u00e9ez votre cabine de douche selon vos besoins avec le configurateur Relax. Facile \u00e0 utiliser, r\u00e9sultats imm\u00e9diats.<\/p>\n<p>[\/vc_column_text][vc_btn title=\u00a0\u00bbCOMMENCER ICI\u00a0\u00bb style=\u00a0\u00bbclassic\u00a0\u00bb shape=\u00a0\u00bbsquare\u00a0\u00bb color=\u00a0\u00bbwhite\u00a0\u00bb align=\u00a0\u00bbcenter\u00a0\u00bb el_class=\u00a0\u00bbbtn-default-white\u00a0\u00bb link=\u00a0\u00bburl:http%3A%2F%2Frelaxsrl.com%2Ffr%2Fproduits%2Fconfigurateur%2F|title:Configurateur\u00a0\u00bb][\/vc_column][\/vc_row][vc_row][vc_column width=\u00a0\u00bb1\/12&Prime;][\/vc_column][vc_column width=\u00a0\u00bb10\/12&Prime;][vc_column_text]<\/p>\n<h2 style=\"text-align: center; margin-bottom: 20px;\">Relax depuis 2003.<\/h2>\n<p class=\"abstract\" style=\"text-align: center;\">Nous avons commenc\u00e9 par les parois de douche, que nous voulions \u00eatre belles et fonctionnelles. Nous avons grandi avec les solutions technologiques souvent brevet\u00e9es de notre service Recherche &amp; D\u00e9veloppement. Nous vous apportons des solutions, m\u00eame sur mesure.<\/p>\n<p>[\/vc_column_text][vc_empty_space height=\u00a0\u00bb40px\u00a0\u00bb][vc_btn title=\u00a0\u00bbEN SAVOIR PLUS\u00a0\u00bb style=\u00a0\u00bbclassic\u00a0\u00bb shape=\u00a0\u00bbsquare\u00a0\u00bb color=\u00a0\u00bbwhite\u00a0\u00bb align=\u00a0\u00bbcenter\u00a0\u00bb link=\u00a0\u00bburl:http%3A%2F%2Frelaxsrl.com%2Ffr%2Fsociete%2F|title:Entrerprise\u00a0\u00bb el_class=\u00a0\u00bbbtn-default\u00a0\u00bb][vc_empty_space height=\u00a0\u00bb75px\u00a0\u00bb][\/vc_column][vc_column width=\u00a0\u00bb1\/12&Prime;][\/vc_column][\/vc_row][vc_row full_width=\u00a0\u00bbstretch_row\u00a0\u00bb css=\u00a0\u00bb.vc_custom_1633335397338{background-image: url(http:\/\/relaxsrl.com\/wp-content\/uploads\/2021\/10\/area-architetti.jpg?id=3258) !important;background-position: center !important;background-repeat: no-repeat !important;background-size: cover !important;}\u00a0\u00bb el_class=\u00a0\u00bbrow-home-reserved-area\u00a0\u00bb][vc_column width=\u00a0\u00bb1\/2&Prime;][vc_column_text el_class=\u00a0\u00bbhome-reserved-area-banner home-reserved-area-banner-left\u00a0\u00bb]<\/p>\n<h2>Espace Architectes<\/h2>\n<p>Vous \u00eates architecte ou designer d&rsquo;int\u00e9rieur? Nous avons con\u00e7u pour vous des ressources d\u00e9di\u00e9es.<\/p>\n<p><a class=\"btn btn-default\" href=\"https:\/\/www.relaxsrl.com\/xapp\/public\/architect-login\">D\u00c9COUVREZ<\/a>[\/vc_column_text][\/vc_column][vc_column width=\u00a0\u00bb1\/2&Prime;][vc_column_text el_class=\u00a0\u00bbhome-reserved-area-banner home-reserved-area-banner-right\u00a0\u00bb]<\/p>\n<h2>Espace Revendeurs<\/h2>\n<p>C&rsquo;est l&rsquo;espace r\u00e9serv\u00e9 \u00e0 nos revendeurs avec des outils, des informations et des insights sur mesure.<\/p>\n<p><a class=\"btn btn-default\" href=\"https:\/\/www.relaxsrl.com\/xapp\/public\/login\">ENTREZ<\/a>[\/vc_column_text][\/vc_column][\/vc_row]<\/p>\n","protected":false},"excerpt":{"rendered":"<p>[vc_row full_width=\u00a0\u00bbstretch_row_content_no_spaces\u00a0\u00bb el_class=\u00a0\u00bbrow_home_caption_img\u00a0\u00bb][vc_column][vc_column_text el_class=\u00a0\u00bbhome_caption_img\u00a0\u00bb] Oblique, \u00e9tag\u00e8re stabilisatrice L&rsquo;accessoire qui change les r\u00e8gles de la cabine de douche, en soutenant la cabine en toute autonomie, sans \u00e9l\u00e9ments suppl\u00e9mentaires. \u00caTRE INSPIR\u00c9[\/vc_column_text][\/vc_column][\/vc_row][vc_row full_width=\u00a0\u00bbstretch_row_content_no_spaces\u00a0\u00bb][vc_column][vc_single_image image=\u00a0\u00bb31982&Prime; img_size=\u00a0\u00bbfull\u00a0\u00bb alignment=\u00a0\u00bbcenter\u00a0\u00bb][\/vc_column][\/vc_row][vc_row full_width=\u00a0\u00bbstretch_row_content_no_spaces\u00a0\u00bb][vc_column][vc_column_text el_class=\u00a0\u00bbhome_caption_img-xs\u00a0\u00bb] Oblique, \u00e9tag\u00e8re stabilisatrice L&rsquo;accessoire qui change les r\u00e8gles de la cabine de douche, en soutenant la cabine en toute autonomie, [&hellip;]<\/p>\n","protected":false},"author":3,"featured_media":31982,"parent":0,"menu_order":0,"comment_status":"closed","ping_status":"closed","template":"","meta":[],"acf":[],"yoast_head":"<!-- This site is optimized with the Yoast SEO Premium plugin v18.4 (Yoast SEO v18.8) - https:\/\/yoast.com\/wordpress\/plugins\/seo\/ -->\n<title>Home - Relax srl<\/title>\n<meta name=\"description\" content=\"D\u00e9couvrez la cabine de douche id\u00e9ale. Relax propose des cabines de douche et des accessoires de salle de bain de qualit\u00e9 Made in Italy.\" \/>\n<meta name=\"robots\" content=\"index, follow, max-snippet:-1, max-image-preview:large, max-video-preview:-1\" \/>\n<link rel=\"canonical\" href=\"https:\/\/relaxsrl.com\/fr\/\" \/>\n<meta property=\"og:locale\" content=\"fr_FR\" \/>\n<meta property=\"og:type\" content=\"article\" \/>\n<meta property=\"og:title\" content=\"Home - Relax srl\" \/>\n<meta property=\"og:description\" content=\"D\u00e9couvrez la cabine de douche id\u00e9ale. Relax propose des cabines de douche et des accessoires de salle de bain de qualit\u00e9 Made in Italy.\" \/>\n<meta property=\"og:url\" content=\"https:\/\/relaxsrl.com\/fr\/\" \/>\n<meta property=\"og:site_name\" content=\"Relax srl\" \/>\n<meta property=\"article:modified_time\" content=\"2025-10-06T07:50:04+00:00\" \/>\n<meta property=\"og:image\" content=\"https:\/\/relaxsrl.com\/website\/wp-content\/uploads\/2025\/10\/OBLIQUE-HOMEPAGE.jpg\" \/>\n\t<meta property=\"og:image:width\" content=\"1920\" \/>\n\t<meta property=\"og:image:height\" content=\"1080\" \/>\n\t<meta property=\"og:image:type\" content=\"image\/jpeg\" \/>\n<meta name=\"twitter:card\" content=\"summary_large_image\" \/>\n<meta name=\"twitter:label1\" content=\"Dur\u00e9e de lecture estim\u00e9e\" \/>\n\t<meta name=\"twitter:data1\" content=\"3 minutes\" \/>\n<script type=\"application\/ld+json\" class=\"yoast-schema-graph\">{\"@context\":\"https:\/\/schema.org\",\"@graph\":[{\"@type\":\"WebSite\",\"@id\":\"https:\/\/relaxsrl.com\/#website\",\"url\":\"https:\/\/relaxsrl.com\/\",\"name\":\"Relax srl\",\"description\":\"\",\"potentialAction\":[{\"@type\":\"SearchAction\",\"target\":{\"@type\":\"EntryPoint\",\"urlTemplate\":\"https:\/\/relaxsrl.com\/?s={search_term_string}\"},\"query-input\":\"required name=search_term_string\"}],\"inLanguage\":\"fr-FR\"},{\"@type\":\"ImageObject\",\"inLanguage\":\"fr-FR\",\"@id\":\"https:\/\/relaxsrl.com\/fr\/#primaryimage\",\"url\":\"https:\/\/relaxsrl.com\/website\/wp-content\/uploads\/2025\/10\/OBLIQUE-HOMEPAGE.jpg\",\"contentUrl\":\"https:\/\/relaxsrl.com\/website\/wp-content\/uploads\/2025\/10\/OBLIQUE-HOMEPAGE.jpg\",\"width\":1920,\"height\":1080},{\"@type\":\"WebPage\",\"@id\":\"https:\/\/relaxsrl.com\/fr\/#webpage\",\"url\":\"https:\/\/relaxsrl.com\/fr\/\",\"name\":\"Home - Relax srl\",\"isPartOf\":{\"@id\":\"https:\/\/relaxsrl.com\/#website\"},\"primaryImageOfPage\":{\"@id\":\"https:\/\/relaxsrl.com\/fr\/#primaryimage\"},\"datePublished\":\"2021-11-25T10:50:52+00:00\",\"dateModified\":\"2025-10-06T07:50:04+00:00\",\"description\":\"D\u00e9couvrez la cabine de douche id\u00e9ale. Relax propose des cabines de douche et des accessoires de salle de bain de qualit\u00e9 Made in Italy.\",\"breadcrumb\":{\"@id\":\"https:\/\/relaxsrl.com\/fr\/#breadcrumb\"},\"inLanguage\":\"fr-FR\",\"potentialAction\":[{\"@type\":\"ReadAction\",\"target\":[\"https:\/\/relaxsrl.com\/fr\/\"]}]},{\"@type\":\"BreadcrumbList\",\"@id\":\"https:\/\/relaxsrl.com\/fr\/#breadcrumb\",\"itemListElement\":[{\"@type\":\"ListItem\",\"position\":1,\"name\":\"Home\"}]}]}<\/script>\n<!-- \/ Yoast SEO Premium plugin. -->","yoast_head_json":{"title":"Home - Relax srl","description":"D\u00e9couvrez la cabine de douche id\u00e9ale. Relax propose des cabines de douche et des accessoires de salle de bain de qualit\u00e9 Made in Italy.","robots":{"index":"index","follow":"follow","max-snippet":"max-snippet:-1","max-image-preview":"max-image-preview:large","max-video-preview":"max-video-preview:-1"},"canonical":"https:\/\/relaxsrl.com\/fr\/","og_locale":"fr_FR","og_type":"article","og_title":"Home - Relax srl","og_description":"D\u00e9couvrez la cabine de douche id\u00e9ale. Relax propose des cabines de douche et des accessoires de salle de bain de qualit\u00e9 Made in Italy.","og_url":"https:\/\/relaxsrl.com\/fr\/","og_site_name":"Relax srl","article_modified_time":"2025-10-06T07:50:04+00:00","og_image":[{"width":1920,"height":1080,"url":"https:\/\/relaxsrl.com\/website\/wp-content\/uploads\/2025\/10\/OBLIQUE-HOMEPAGE.jpg","type":"image\/jpeg"}],"twitter_card":"summary_large_image","twitter_misc":{"Dur\u00e9e de lecture estim\u00e9e":"3 minutes"},"schema":{"@context":"https:\/\/schema.org","@graph":[{"@type":"WebSite","@id":"https:\/\/relaxsrl.com\/#website","url":"https:\/\/relaxsrl.com\/","name":"Relax srl","description":"","potentialAction":[{"@type":"SearchAction","target":{"@type":"EntryPoint","urlTemplate":"https:\/\/relaxsrl.com\/?s={search_term_string}"},"query-input":"required name=search_term_string"}],"inLanguage":"fr-FR"},{"@type":"ImageObject","inLanguage":"fr-FR","@id":"https:\/\/relaxsrl.com\/fr\/#primaryimage","url":"https:\/\/relaxsrl.com\/website\/wp-content\/uploads\/2025\/10\/OBLIQUE-HOMEPAGE.jpg","contentUrl":"https:\/\/relaxsrl.com\/website\/wp-content\/uploads\/2025\/10\/OBLIQUE-HOMEPAGE.jpg","width":1920,"height":1080},{"@type":"WebPage","@id":"https:\/\/relaxsrl.com\/fr\/#webpage","url":"https:\/\/relaxsrl.com\/fr\/","name":"Home - Relax srl","isPartOf":{"@id":"https:\/\/relaxsrl.com\/#website"},"primaryImageOfPage":{"@id":"https:\/\/relaxsrl.com\/fr\/#primaryimage"},"datePublished":"2021-11-25T10:50:52+00:00","dateModified":"2025-10-06T07:50:04+00:00","description":"D\u00e9couvrez la cabine de douche id\u00e9ale. Relax propose des cabines de douche et des accessoires de salle de bain de qualit\u00e9 Made in Italy.","breadcrumb":{"@id":"https:\/\/relaxsrl.com\/fr\/#breadcrumb"},"inLanguage":"fr-FR","potentialAction":[{"@type":"ReadAction","target":["https:\/\/relaxsrl.com\/fr\/"]}]},{"@type":"BreadcrumbList","@id":"https:\/\/relaxsrl.com\/fr\/#breadcrumb","itemListElement":[{"@type":"ListItem","position":1,"name":"Home"}]}]}},"_links":{"self":[{"href":"https:\/\/relaxsrl.com\/fr\/wp-json\/wp\/v2\/pages\/12793"}],"collection":[{"href":"https:\/\/relaxsrl.com\/fr\/wp-json\/wp\/v2\/pages"}],"about":[{"href":"https:\/\/relaxsrl.com\/fr\/wp-json\/wp\/v2\/types\/page"}],"author":[{"embeddable":true,"href":"https:\/\/relaxsrl.com\/fr\/wp-json\/wp\/v2\/users\/3"}],"replies":[{"embeddable":true,"href":"https:\/\/relaxsrl.com\/fr\/wp-json\/wp\/v2\/comments?post=12793"}],"version-history":[{"count":32,"href":"https:\/\/relaxsrl.com\/fr\/wp-json\/wp\/v2\/pages\/12793\/revisions"}],"predecessor-version":[{"id":31989,"href":"https:\/\/relaxsrl.com\/fr\/wp-json\/wp\/v2\/pages\/12793\/revisions\/31989"}],"wp:featuredmedia":[{"embeddable":true,"href":"https:\/\/relaxsrl.com\/fr\/wp-json\/wp\/v2\/media\/31982"}],"wp:attachment":[{"href":"https:\/\/relaxsrl.com\/fr\/wp-json\/wp\/v2\/media?parent=12793"}],"curies":[{"name":"wp","href":"https:\/\/api.w.org\/{rel}","templated":true}]}}