{"id":12799,"date":"2021-11-25T12:03:46","date_gmt":"2021-11-25T11:03:46","guid":{"rendered":"http:\/\/relaxsrl.com\/informations-legales\/"},"modified":"2021-12-10T15:20:08","modified_gmt":"2021-12-10T14:20:08","slug":"informations-legales","status":"publish","type":"page","link":"https:\/\/relaxsrl.com\/fr\/informations-legales\/","title":{"rendered":"Informations l\u00e9gales"},"content":{"rendered":"<p>[vc_row][vc_column][vc_column_text]<\/p>\n<h1>Informations l\u00e9gales<\/h1>\n<p><strong>LES DONN\u00c9ES DE LA COMPAGNIE<\/strong><br \/>\nNom commercial\u00a0: RELAX SRL<br \/>\nSi\u00e8ge social : Via Leonardo da Vinci, 2A &#8211; 30020 Torre di Mosto (VE)<br \/>\nNum\u00e9ro fiscal : 03409730276<br \/>\nNum\u00e9ro de TVA : 03409730276<br \/>\nPec: relax-srl@pec.it<br \/>\nCapital social 100 000,00 euros enti\u00e8rement lib\u00e9r\u00e9<br \/>\nBureau du registre des entreprises : Venise<br \/>\nR.E.A.\u00a0:\u00a0VE-305994<\/p>\n<p>&nbsp;<\/p>\n<p>INFORMATION ET CONSENTEMENT<br \/>\n<u><a href=\"http:\/\/relaxsrl.com\/fr\/informations-client-sur-le-traitement-des-donnees\/\" target=\"_blank\" rel=\"noopener\">Informations client sur le traitement des donn\u00e9es<\/a><\/u><br \/>\n<u><a href=\"http:\/\/relaxsrl.com\/fr\/informations-sur-les-fournisseurs-de-traitement-de-donnees\/\" target=\"_blank\" rel=\"noopener\">Informations sur les fournisseurs de traitement de donn\u00e9es<\/a><\/u><br \/>\n<u><a href=\"http:\/\/relaxsrl.com\/fr\/politique-de-confidentialite\/\">Politique de confidentialit\u00e9 du site www.relaxsrl.com<\/a><\/u><br \/>\n<u><a href=\"http:\/\/relaxsrl.com\/fr\/politique-de-cookies\/\">Politique de cookies du site www.relaxsrl.com<\/a><\/u><\/p>\n<p>&nbsp;<\/p>\n<p>AVIS D&rsquo;INFORMATION ET CONSENTEMENT FACULTATIF<br \/>\n<u><a href=\"http:\/\/relaxsrl.com\/fr\/newsletter-policy\/\">Politique de newsletter du site www.relaxsrl.com<\/a><\/u><br \/>\n<u><a href=\"http:\/\/relaxsrl.com\/fr\/informations-de-recrutement\/\">Informations de recrutement du site www.relaxsrl.com<\/a><\/u><\/p>\n<p>&nbsp;<\/p>\n<p>AVERTISSEMENTS SUR LE DROIT D&rsquo;AUTEUR ET LES MARQUES D\u00c9POS\u00c9ES<br \/>\nL&rsquo;ensemble du contenu de ce site Web est prot\u00e9g\u00e9 par le droit d&rsquo;auteur (copyright \u00a9) 2021 de RELAX SRL ou de ses fournisseurs. Tous les droits sont r\u00e9serv\u00e9s aux propri\u00e9taires conform\u00e9ment \u00e0 la loi.<\/p>\n<p>Conform\u00e9ment \u00e0 l&rsquo;art. 1, alin\u00e9a 1 du d\u00e9cret-loi du 22 mars 2004, n. 72, tel que modifi\u00e9 par la loi de conversion 21 mai 2004 n. 128, les \u0153uvres de ce site ont rempli les obligations d\u00e9coulant de la l\u00e9gislation sur le droit d&rsquo;auteur et les droits voisins.<br \/>\nLa reproduction, la communication au public, la mise \u00e0 disposition du public, la location et le pr\u00eat, l&rsquo;ex\u00e9cution publique et la diffusion sans l&rsquo;autorisation du titulaire des droits sont interdites.<br \/>\nLes infractions sont passibles des peines pr\u00e9vues par l&rsquo;art. 171, 171-bis, 171-ter, 174-bis et 174-ter de la loi 633\/1941.<br \/>\nLe droit d&rsquo;auteur indiqu\u00e9 se r\u00e9f\u00e8re au traitement et \u00e0 la forme de pr\u00e9sentation des textes eux-m\u00eames.<\/p>\n<p>Toute communication relative \u00e0 des violations pr\u00e9sum\u00e9es du droit d&rsquo;auteur doit \u00eatre soumise par \u00e9crit et envoy\u00e9e au repr\u00e9sentant d\u00e9sign\u00e9 par RELAX SRL \u00e0 l&rsquo;adresse, num\u00e9ro de fax ou adresse e-mail suivants\u00a0:<\/p>\n<p>&nbsp;<\/p>\n<p>RELAX SRL<br \/>\nVia Leonardo da Vinci, 2A &#8211; 30020 Torre di Mosto (VE)<br \/>\nT\u00e9l.+39 0421 1765124 &#8211; Fax +39 0421 466654<br \/>\neM.: <u><a href=\"mailto:info@relaxsrl.com\">info@relaxsrl.com<\/a><\/u>[\/vc_column_text][vc_empty_space height=\u00a0\u00bb100px\u00a0\u00bb][\/vc_column][\/vc_row]<\/p>\n","protected":false},"excerpt":{"rendered":"<p>[vc_row][vc_column][vc_column_text] Informations l\u00e9gales LES DONN\u00c9ES DE LA COMPAGNIE Nom commercial\u00a0: RELAX SRL Si\u00e8ge social : Via Leonardo da Vinci, 2A &#8211; 30020 Torre di Mosto (VE) Num\u00e9ro fiscal : 03409730276 Num\u00e9ro de TVA : 03409730276 Pec: relax-srl@pec.it Capital social 100 000,00 euros enti\u00e8rement lib\u00e9r\u00e9 Bureau du registre des entreprises : Venise R.E.A.\u00a0:\u00a0VE-305994 &nbsp; INFORMATION ET [&hellip;]<\/p>\n","protected":false},"author":3,"featured_media":25661,"parent":0,"menu_order":0,"comment_status":"closed","ping_status":"closed","template":"","meta":[],"acf":[],"yoast_head":"<!-- This site is optimized with the Yoast SEO Premium plugin v18.4 (Yoast SEO v18.8) - https:\/\/yoast.com\/wordpress\/plugins\/seo\/ -->\n<title>Informations l\u00e9gales - Relax srl<\/title>\n<meta name=\"robots\" content=\"noindex, follow\" \/>\n<meta property=\"og:locale\" content=\"fr_FR\" \/>\n<meta property=\"og:type\" content=\"article\" \/>\n<meta property=\"og:title\" content=\"Informations l\u00e9gales - Relax srl\" \/>\n<meta property=\"og:description\" content=\"[vc_row][vc_column][vc_column_text] Informations l\u00e9gales LES DONN\u00c9ES DE LA COMPAGNIE Nom commercial\u00a0: RELAX SRL Si\u00e8ge social : Via Leonardo da Vinci, 2A &#8211; 30020 Torre di Mosto (VE) Num\u00e9ro fiscal : 03409730276 Num\u00e9ro de TVA : 03409730276 Pec: relax-srl@pec.it Capital social 100 000,00 euros enti\u00e8rement lib\u00e9r\u00e9 Bureau du registre des entreprises : Venise R.E.A.\u00a0:\u00a0VE-305994 &nbsp; INFORMATION ET [&hellip;]\" \/>\n<meta property=\"og:url\" content=\"https:\/\/relaxsrl.com\/fr\/informations-legales\/\" \/>\n<meta property=\"og:site_name\" content=\"Relax srl\" \/>\n<meta property=\"article:modified_time\" content=\"2021-12-10T14:20:08+00:00\" \/>\n<meta property=\"og:image\" content=\"https:\/\/relaxsrl.com\/website\/wp-content\/uploads\/2023\/02\/X_NEUTRA_RELAX.jpg\" \/>\n\t<meta property=\"og:image:width\" content=\"500\" \/>\n\t<meta property=\"og:image:height\" content=\"500\" \/>\n\t<meta property=\"og:image:type\" content=\"image\/jpeg\" \/>\n<meta name=\"twitter:card\" content=\"summary_large_image\" \/>\n<meta name=\"twitter:label1\" content=\"Dur\u00e9e de lecture estim\u00e9e\" \/>\n\t<meta name=\"twitter:data1\" content=\"2 minutes\" \/>\n<script type=\"application\/ld+json\" class=\"yoast-schema-graph\">{\"@context\":\"https:\/\/schema.org\",\"@graph\":[{\"@type\":\"WebSite\",\"@id\":\"https:\/\/relaxsrl.com\/#website\",\"url\":\"https:\/\/relaxsrl.com\/\",\"name\":\"Relax srl\",\"description\":\"\",\"potentialAction\":[{\"@type\":\"SearchAction\",\"target\":{\"@type\":\"EntryPoint\",\"urlTemplate\":\"https:\/\/relaxsrl.com\/?s={search_term_string}\"},\"query-input\":\"required name=search_term_string\"}],\"inLanguage\":\"fr-FR\"},{\"@type\":\"ImageObject\",\"inLanguage\":\"fr-FR\",\"@id\":\"https:\/\/relaxsrl.com\/fr\/informations-legales\/#primaryimage\",\"url\":\"https:\/\/relaxsrl.com\/website\/wp-content\/uploads\/2023\/02\/X_NEUTRA_RELAX.jpg\",\"contentUrl\":\"https:\/\/relaxsrl.com\/website\/wp-content\/uploads\/2023\/02\/X_NEUTRA_RELAX.jpg\",\"width\":500,\"height\":500},{\"@type\":\"WebPage\",\"@id\":\"https:\/\/relaxsrl.com\/fr\/informations-legales\/#webpage\",\"url\":\"https:\/\/relaxsrl.com\/fr\/informations-legales\/\",\"name\":\"Informations l\u00e9gales - Relax srl\",\"isPartOf\":{\"@id\":\"https:\/\/relaxsrl.com\/#website\"},\"primaryImageOfPage\":{\"@id\":\"https:\/\/relaxsrl.com\/fr\/informations-legales\/#primaryimage\"},\"datePublished\":\"2021-11-25T11:03:46+00:00\",\"dateModified\":\"2021-12-10T14:20:08+00:00\",\"breadcrumb\":{\"@id\":\"https:\/\/relaxsrl.com\/fr\/informations-legales\/#breadcrumb\"},\"inLanguage\":\"fr-FR\",\"potentialAction\":[{\"@type\":\"ReadAction\",\"target\":[\"https:\/\/relaxsrl.com\/fr\/informations-legales\/\"]}]},{\"@type\":\"BreadcrumbList\",\"@id\":\"https:\/\/relaxsrl.com\/fr\/informations-legales\/#breadcrumb\",\"itemListElement\":[{\"@type\":\"ListItem\",\"position\":1,\"name\":\"Informations l\u00e9gales\"}]}]}<\/script>\n<!-- \/ Yoast SEO Premium plugin. -->","yoast_head_json":{"title":"Informations l\u00e9gales - Relax srl","robots":{"index":"noindex","follow":"follow"},"og_locale":"fr_FR","og_type":"article","og_title":"Informations l\u00e9gales - Relax srl","og_description":"[vc_row][vc_column][vc_column_text] Informations l\u00e9gales LES DONN\u00c9ES DE LA COMPAGNIE Nom commercial\u00a0: RELAX SRL Si\u00e8ge social : Via Leonardo da Vinci, 2A &#8211; 30020 Torre di Mosto (VE) Num\u00e9ro fiscal : 03409730276 Num\u00e9ro de TVA : 03409730276 Pec: relax-srl@pec.it Capital social 100 000,00 euros enti\u00e8rement lib\u00e9r\u00e9 Bureau du registre des entreprises : Venise R.E.A.\u00a0:\u00a0VE-305994 &nbsp; INFORMATION ET [&hellip;]","og_url":"https:\/\/relaxsrl.com\/fr\/informations-legales\/","og_site_name":"Relax srl","article_modified_time":"2021-12-10T14:20:08+00:00","og_image":[{"width":500,"height":500,"url":"https:\/\/relaxsrl.com\/website\/wp-content\/uploads\/2023\/02\/X_NEUTRA_RELAX.jpg","type":"image\/jpeg"}],"twitter_card":"summary_large_image","twitter_misc":{"Dur\u00e9e de lecture estim\u00e9e":"2 minutes"},"schema":{"@context":"https:\/\/schema.org","@graph":[{"@type":"WebSite","@id":"https:\/\/relaxsrl.com\/#website","url":"https:\/\/relaxsrl.com\/","name":"Relax srl","description":"","potentialAction":[{"@type":"SearchAction","target":{"@type":"EntryPoint","urlTemplate":"https:\/\/relaxsrl.com\/?s={search_term_string}"},"query-input":"required name=search_term_string"}],"inLanguage":"fr-FR"},{"@type":"ImageObject","inLanguage":"fr-FR","@id":"https:\/\/relaxsrl.com\/fr\/informations-legales\/#primaryimage","url":"https:\/\/relaxsrl.com\/website\/wp-content\/uploads\/2023\/02\/X_NEUTRA_RELAX.jpg","contentUrl":"https:\/\/relaxsrl.com\/website\/wp-content\/uploads\/2023\/02\/X_NEUTRA_RELAX.jpg","width":500,"height":500},{"@type":"WebPage","@id":"https:\/\/relaxsrl.com\/fr\/informations-legales\/#webpage","url":"https:\/\/relaxsrl.com\/fr\/informations-legales\/","name":"Informations l\u00e9gales - Relax srl","isPartOf":{"@id":"https:\/\/relaxsrl.com\/#website"},"primaryImageOfPage":{"@id":"https:\/\/relaxsrl.com\/fr\/informations-legales\/#primaryimage"},"datePublished":"2021-11-25T11:03:46+00:00","dateModified":"2021-12-10T14:20:08+00:00","breadcrumb":{"@id":"https:\/\/relaxsrl.com\/fr\/informations-legales\/#breadcrumb"},"inLanguage":"fr-FR","potentialAction":[{"@type":"ReadAction","target":["https:\/\/relaxsrl.com\/fr\/informations-legales\/"]}]},{"@type":"BreadcrumbList","@id":"https:\/\/relaxsrl.com\/fr\/informations-legales\/#breadcrumb","itemListElement":[{"@type":"ListItem","position":1,"name":"Informations l\u00e9gales"}]}]}},"_links":{"self":[{"href":"https:\/\/relaxsrl.com\/fr\/wp-json\/wp\/v2\/pages\/12799"}],"collection":[{"href":"https:\/\/relaxsrl.com\/fr\/wp-json\/wp\/v2\/pages"}],"about":[{"href":"https:\/\/relaxsrl.com\/fr\/wp-json\/wp\/v2\/types\/page"}],"author":[{"embeddable":true,"href":"https:\/\/relaxsrl.com\/fr\/wp-json\/wp\/v2\/users\/3"}],"replies":[{"embeddable":true,"href":"https:\/\/relaxsrl.com\/fr\/wp-json\/wp\/v2\/comments?post=12799"}],"version-history":[{"count":3,"href":"https:\/\/relaxsrl.com\/fr\/wp-json\/wp\/v2\/pages\/12799\/revisions"}],"predecessor-version":[{"id":15207,"href":"https:\/\/relaxsrl.com\/fr\/wp-json\/wp\/v2\/pages\/12799\/revisions\/15207"}],"wp:featuredmedia":[{"embeddable":true,"href":"https:\/\/relaxsrl.com\/fr\/wp-json\/wp\/v2\/media\/25661"}],"wp:attachment":[{"href":"https:\/\/relaxsrl.com\/fr\/wp-json\/wp\/v2\/media?parent=12799"}],"curies":[{"name":"wp","href":"https:\/\/api.w.org\/{rel}","templated":true}]}}