{"id":12822,"date":"2021-11-25T14:26:15","date_gmt":"2021-11-25T13:26:15","guid":{"rendered":"http:\/\/relaxsrl.com\/informations-de-recrutement\/"},"modified":"2021-11-25T14:26:16","modified_gmt":"2021-11-25T13:26:16","slug":"informations-de-recrutement","status":"publish","type":"page","link":"https:\/\/relaxsrl.com\/fr\/informations-de-recrutement\/","title":{"rendered":"Informations de recrutement"},"content":{"rendered":"<p>[vc_row][vc_column][vc_column_text]<\/p>\n<h1> Informations de recrutement <\/h1>\n<p><strong> OBJET\u00a0: Informations en vertu et aux fins des articles 13 et 14 du RGPD UE 2016\/679 et la l\u00e9gislation nationale en vigueur relative \u00e0 la protection des traitements de donn\u00e9es \u00e0 caract\u00e8re personnel. <\/strong><\/p>\n<p>Avec ces informations, RELAX SRL fournit \u00e0 l&rsquo;int\u00e9ress\u00e9 les informations vis\u00e9es aux articles 13 et 14 du RGPD 2016\/679 concernant le traitement des donn\u00e9es personnelles le concernant.<\/p>\n<p><strong> Responsable du traitement. <\/strong><\/p>\n<p>Le responsable du traitement est RELAX SRL, dont le si\u00e8ge social est situ\u00e9 Via Leonardo da Vinci, 2A &#8211; 30020 Torre di Mosto (VE).<\/p>\n<p><strong> Finalit\u00e9 et base l\u00e9gale du traitement. <\/strong><\/p>\n<p>La collecte et le traitement des donn\u00e9es personnelles sont effectu\u00e9s afin de r\u00e9aliser :<\/p>\n<ol>\n<li> la gestion du E-recrutement, et notamment du curriculum vitae transmis via le contact sur le site dans le seul but de r\u00e9pondre aux demandes qui nous sont adress\u00e9es et dans le but d&rsquo;\u00e9valuer le profil pour la mise en place \u00e9ventuelle d&rsquo;un relation de travail o collaboration professionnelle (traitement n\u00e9cessaire \u00e0 l&rsquo;ex\u00e9cution des mesures pr\u00e9contractuelles adopt\u00e9es \u00e0 la demande de l&rsquo;int\u00e9ress\u00e9 conform\u00e9ment \u00e0 l&rsquo;art.6 al. let. b) GDPR 2016\/679)\u00a0; <\/li>\n<\/ol>\n<p>Veuillez noter qu&rsquo;aucune cat\u00e9gorie particuli\u00e8re de donn\u00e9es (donn\u00e9es dites sensibles) ou de donn\u00e9es relatives aux condamnations p\u00e9nales et aux infractions ne doit figurer dans le cursus, \u00e0 moins qu&rsquo;elles ne soient n\u00e9cessaires \u00e0 l&rsquo;\u00e9tablissement de la relation de travail conform\u00e9ment \u00e0 la l\u00e9gislation en vigueur sur le placement. ; en ce qui concerne les donn\u00e9es relatives \u00e0 la sant\u00e9 des travailleurs handicap\u00e9s, en application de la loi du 12 mars 1999, n. 68 \u00ab\u00a0R\u00e8gles pour le droit au travail des personnes handicap\u00e9es\u00a0\u00bb, il est pr\u00e9cis\u00e9 de n&rsquo;indiquer aucune pathologie, mais d&rsquo;indiquer uniquement la possession des pr\u00e9requis. Les diff\u00e9rentes cat\u00e9gories particuli\u00e8res de donn\u00e9es que vous avez indiqu\u00e9es ne seront pas prises en consid\u00e9ration, ni en aucun cas trait\u00e9es, pour l&rsquo;\u00e9valuation du profil.<\/p>\n<p>La collecte et l&rsquo;enregistrement des donn\u00e9es auront lieu dans le respect des principes \u00e9nonc\u00e9s \u00e0 l&rsquo;art. 5 GDPR 2016\/679, \u00e0 savoir : pour des finalit\u00e9s d\u00e9termin\u00e9es, explicites et l\u00e9gitimes et de mani\u00e8re compatible avec ces finalit\u00e9s, dans le cadre des traitements n\u00e9cessaires au fonctionnement de l&rsquo;entreprise ; exactement et si n\u00e9cessaire avec les mises \u00e0 jour appropri\u00e9es. Afin qu&rsquo;elles soient pertinentes, compl\u00e8tes et non excessives au regard des finalit\u00e9s de la collecte ; afin que leur conservation soit fonctionnelle \u00e0 la dur\u00e9e n\u00e9cessaire \u00e0 la finalit\u00e9 pour laquelle elles ont \u00e9t\u00e9 collect\u00e9es puis trait\u00e9es conform\u00e9ment au RGPD 2016\/679 et \u00e0 la l\u00e9gislation nationale en vigueur.<\/p>\n<p>Les donn\u00e9es personnelles peuvent \u00eatre trait\u00e9es \u00e0 l&rsquo;aide d&rsquo;outils papier et \u00e9lectroniques, ou en tout cas appropri\u00e9s pour l&rsquo;enregistrement et le stockage des donn\u00e9es, et en tout cas de mani\u00e8re \u00e0 garantir leur s\u00e9curit\u00e9 et \u00e0 prot\u00e9ger la confidentialit\u00e9 maximale de la personne concern\u00e9e. Des mesures de s\u00e9curit\u00e9 sp\u00e9cifiques seront observ\u00e9es pour emp\u00eacher la perte de donn\u00e9es, l&rsquo;utilisation illicite ou incorrecte et l&rsquo;acc\u00e8s non autoris\u00e9 en pleine conformit\u00e9 avec l&rsquo;art. 32 du GDPR 2016\/679 et de la l\u00e9gislation nationale en vigueur.<br \/>\n<strong> Caract\u00e8re obligatoire ou facultatif de la fourniture des donn\u00e9es et cons\u00e9quences d&rsquo;un refus de les fournir. <\/strong><\/p>\n<p>La fourniture de donn\u00e9es n&rsquo;est pas obligatoire, mais facultative\u00a0; toutefois, tout refus de les fournir en tout ou en partie peut emp\u00eacher de r\u00e9pondre aux demandes de l&rsquo;int\u00e9ress\u00e9 et\/ou de proc\u00e9der \u00e0 l&rsquo;\u00e9valuation de son profil professionnel.<\/p>\n<p><strong> Communication de donn\u00e9es. <\/strong><\/p>\n<p>Sans pr\u00e9judice du respect de la r\u00e9glementation en vigueur et notamment des principes \u00e9nonc\u00e9s \u00e0 l&rsquo;art. 5 GDPR 2016\/679, les donn\u00e9es collect\u00e9es et trait\u00e9es pourront \u00eatre communiqu\u00e9es, exclusivement pour la poursuite des finalit\u00e9s mentionn\u00e9es dans la pr\u00e9sente d\u00e9claration, \u00e0:<\/p>\n<ul>\n<li> Entreprises appartenant au m\u00eame groupe d&rsquo;activit\u00e9s\u00a0; <\/li>\n<li> Professionnels et consultants, cabinets de conseil, entreprises op\u00e9rant dans le secteur de la s\u00e9lection du personnel, agences publiques pour l&#8217;emploi, organismes de formation publics et priv\u00e9s\u00a0; <\/li>\n<li> En particulier, les sujets qui effectuent des traitements pour le compte du contr\u00f4leur de donn\u00e9es en tant que gestionnaires conform\u00e9ment \u00e0 l&rsquo;art. 28 GDPR 2016\/679, tels que, \u00e0 titre d&rsquo;exemple et sans s&rsquo;y limiter\u00a0: les professionnels et\/ou les entreprises mandat\u00e9s pour exercer des activit\u00e9s de conseil dans le domaine du droit du travail, de l&rsquo;informatique technique. La liste compl\u00e8te et mise \u00e0 jour des Gestionnaires est disponible pour les personnes habilit\u00e9es sur simple demande au si\u00e8ge du Responsable de traitement\u00a0; <\/li>\n<li> Sujets autoris\u00e9s \u00e0 acc\u00e9der aux donn\u00e9es par la l\u00e9gislation en vigueur et\/ou \u00e0 qui les donn\u00e9es doivent \u00eatre communiqu\u00e9es dans le respect des obligations l\u00e9gales. <\/li>\n<\/ul>\n<p>Les donn\u00e9es personnelles peuvent \u00eatre trait\u00e9es par des employ\u00e9s et collaborateurs affect\u00e9s aux bureaux comp\u00e9tents du contr\u00f4leur de donn\u00e9es, express\u00e9ment autoris\u00e9s pour le traitement sur la base de l&rsquo;art. 29 du GDPR 2016\/679 et la l\u00e9gislation nationale en vigueur.<\/p>\n<p><strong> Transfert de donn\u00e9es \u00e0 l&rsquo;\u00e9tranger. <\/strong><\/p>\n<p>Les donn\u00e9es personnelles peuvent \u00eatre communiqu\u00e9es et\/ou transmises \u00e0 l&rsquo;\u00e9tranger uniquement pour la poursuite des finalit\u00e9s vis\u00e9es dans ces informations, ou pour des raisons exclusivement techniques li\u00e9es \u00e0 la structure du Syst\u00e8me d&rsquo;Information de l&rsquo;entreprise et\/ou \u00e0 l&rsquo;application de mesures de s\u00e9curit\u00e9 techniques et organisationnelles r\u00e9put\u00e9es. appropri\u00e9 par le responsable du traitement (article 32 GDPR 2016\/679), et exclusivement en conformit\u00e9 avec les articles 44 s.s. du RGPD 2016\/679.<\/p>\n<p><strong> Dur\u00e9es de conservation des donn\u00e9es. <\/strong><\/p>\n<p>Les donn\u00e9es seront conserv\u00e9es dans nos archives m\u00eame apr\u00e8s l&rsquo;entretien d&#8217;embauche, pour l&rsquo;accomplissement de toutes les obligations possibles li\u00e9es \u00e0 cette activit\u00e9, et, en tout \u00e9tat de cause, pour une dur\u00e9e n&rsquo;exc\u00e9dant pas la r\u00e9alisation des finalit\u00e9s pour lesquelles elles sont trait\u00e9es ( \u00ab\u00a0principe de limitation de la conservation\u00a0\u00bb conform\u00e9ment \u00e0 l&rsquo;article 5 GDPR 2016\/679). Concr\u00e8tement, les donn\u00e9es seront conserv\u00e9es par le Responsable de traitement pour une dur\u00e9e de 24 \u00e0 60 mois, selon le profil professionnel, \u00e9tant entendu que le candidat aspirant devra mettre \u00e0 jour et\/ou reconfirmer la candidature tous les 3 mois, ou en dans tous les cas au plus tard dans les 15 mois selon le profil professionnel ; \u00e0 d\u00e9faut, ou en cas d&#8217;embauche, les donn\u00e9es seront supprim\u00e9es. En relation avec les d\u00e9lais de prescription sp\u00e9cifiques pr\u00e9vus par la loi, les donn\u00e9es n\u00e9cessaires \u00e0 la constatation, \u00e0 l&rsquo;exercice ou \u00e0 la d\u00e9fense d&rsquo;un droit peuvent faire l&rsquo;objet de d\u00e9lais de conservation plus longs.<\/p>\n<p>La v\u00e9rification de l&rsquo;obsolescence des donn\u00e9es stock\u00e9es par rapport aux finalit\u00e9s pour lesquelles elles ont \u00e9t\u00e9 collect\u00e9es est effectu\u00e9e p\u00e9riodiquement.<\/p>\n<p><strong> Droits de l&rsquo;int\u00e9ress\u00e9. <\/strong><\/p>\n<p>L&rsquo;int\u00e9ress\u00e9 peut exercer les droits pr\u00e9vus dans les limites et dans les conditions pr\u00e9vues aux articles du 15 au 22 du RGPD 2016\/679. En particulier, le RGPD 2016\/679 attribue les droits suivants \u00e0 l&rsquo;int\u00e9ress\u00e9 :<\/p>\n<ul>\n<li> Droit d&rsquo;acc\u00e8s (article 15 du RGPD 2016\/679)\u00a0; <\/li>\n<li> Droit de rectification des donn\u00e9es personnelles inexactes et droit d&rsquo;int\u00e9gration des donn\u00e9es personnelles incompl\u00e8tes (article 16 du RGPD 2016\/679)\u00a0; <\/li>\n<li> Droit de r\u00e9tractation (article 17 GDPR 2016\/679)\u00a0; <\/li>\n<li> Droit de limiter le traitement (article 18 du RGPD 2016\/679)\u00a0; <\/li>\n<li> Droit de demander aux destinataires auxquels les corrections, annulations ou limitations de traitement ont \u00e9t\u00e9 communiqu\u00e9es (article 19 GDPR 2016\/679)\u00a0; <\/li>\n<li> Droit \u00e0 la portabilit\u00e9 des donn\u00e9es (article 20 du RGPD 2016\/679)\u00a0; <\/li>\n<li> Droit d&rsquo;opposition (article 21 GDPR 2016\/679)\u00a0; <\/li>\n<li> Droit de ne pas \u00eatre soumis \u00e0 une d\u00e9cision fond\u00e9e uniquement sur un traitement automatis\u00e9 (article 22 GDPR 2016\/679). <\/li>\n<\/ul>\n<p>En cas de signature de toute forme de consentement au traitement, il est pr\u00e9cis\u00e9 que l&rsquo;int\u00e9ress\u00e9 peut le r\u00e9voquer \u00e0 tout moment, sans pr\u00e9judice des obligations imp\u00e9ratives pr\u00e9vues par la l\u00e9gislation en vigueur au moment de la demande de r\u00e9vocation, par en contactant le responsable du traitement \u00e0 l&rsquo;adresse suivante par e-mail : info@relaxsrl.com.<\/p>\n<p><strong> Droit de r\u00e9clamation. <\/strong><\/p>\n<p>L&rsquo;int\u00e9ress\u00e9 qui estime que le traitement des donn\u00e9es personnelles est en violation des dispositions du GDPR 2016\/679 a le droit de d\u00e9poser une plainte aupr\u00e8s de l&rsquo;autorit\u00e9 de contr\u00f4le de l&rsquo;\u00c9tat de l&rsquo;Union europ\u00e9enne dans lequel il r\u00e9side, travaille ou du lieu o\u00f9 la violation all\u00e9gu\u00e9e s&rsquo;est produite, comme l&rsquo;exige l&rsquo;art. 77 GDPR 2016\/679, ou d&rsquo;exercer les fonctions judiciaires appropri\u00e9es.<\/p>\n<p>Torre di Mosto, 11\/11\/2021<\/p>\n<p>RELAX SRL[\/vc_column_text][vc_empty_space height=\u00a0\u00bb100px\u00a0\u00bb][\/vc_column][\/vc_row]<\/p>\n","protected":false},"excerpt":{"rendered":"<p>[vc_row][vc_column][vc_column_text] Informations de recrutement OBJET\u00a0: Informations en vertu et aux fins des articles 13 et 14 du RGPD UE 2016\/679 et la l\u00e9gislation nationale en vigueur relative \u00e0 la protection des traitements de donn\u00e9es \u00e0 caract\u00e8re personnel. Avec ces informations, RELAX SRL fournit \u00e0 l&rsquo;int\u00e9ress\u00e9 les informations vis\u00e9es aux articles 13 et 14 du RGPD [&hellip;]<\/p>\n","protected":false},"author":3,"featured_media":25661,"parent":0,"menu_order":0,"comment_status":"closed","ping_status":"closed","template":"","meta":[],"acf":[],"yoast_head":"<!-- This site is optimized with the Yoast SEO Premium plugin v18.4 (Yoast SEO v18.8) - https:\/\/yoast.com\/wordpress\/plugins\/seo\/ -->\n<title>Informations de recrutement - Relax srl<\/title>\n<meta name=\"robots\" content=\"noindex, follow\" \/>\n<meta property=\"og:locale\" content=\"fr_FR\" \/>\n<meta property=\"og:type\" content=\"article\" \/>\n<meta property=\"og:title\" content=\"Informations de recrutement - Relax srl\" \/>\n<meta property=\"og:description\" content=\"[vc_row][vc_column][vc_column_text] Informations de recrutement OBJET\u00a0: Informations en vertu et aux fins des articles 13 et 14 du RGPD UE 2016\/679 et la l\u00e9gislation nationale en vigueur relative \u00e0 la protection des traitements de donn\u00e9es \u00e0 caract\u00e8re personnel. Avec ces informations, RELAX SRL fournit \u00e0 l&rsquo;int\u00e9ress\u00e9 les informations vis\u00e9es aux articles 13 et 14 du RGPD [&hellip;]\" \/>\n<meta property=\"og:url\" content=\"https:\/\/relaxsrl.com\/fr\/informations-de-recrutement\/\" \/>\n<meta property=\"og:site_name\" content=\"Relax srl\" \/>\n<meta property=\"article:modified_time\" content=\"2021-11-25T13:26:16+00:00\" \/>\n<meta name=\"twitter:card\" content=\"summary_large_image\" \/>\n<meta name=\"twitter:label1\" content=\"Dur\u00e9e de lecture estim\u00e9e\" \/>\n\t<meta name=\"twitter:data1\" content=\"7 minutes\" \/>\n<script type=\"application\/ld+json\" class=\"yoast-schema-graph\">{\"@context\":\"https:\/\/schema.org\",\"@graph\":[{\"@type\":\"WebSite\",\"@id\":\"https:\/\/relaxsrl.com\/#website\",\"url\":\"https:\/\/relaxsrl.com\/\",\"name\":\"Relax srl\",\"description\":\"\",\"potentialAction\":[{\"@type\":\"SearchAction\",\"target\":{\"@type\":\"EntryPoint\",\"urlTemplate\":\"https:\/\/relaxsrl.com\/?s={search_term_string}\"},\"query-input\":\"required name=search_term_string\"}],\"inLanguage\":\"fr-FR\"},{\"@type\":\"ImageObject\",\"inLanguage\":\"fr-FR\",\"@id\":\"https:\/\/relaxsrl.com\/fr\/informations-de-recrutement\/#primaryimage\",\"url\":\"https:\/\/relaxsrl.com\/website\/wp-content\/uploads\/2023\/02\/X_NEUTRA_RELAX.jpg\",\"contentUrl\":\"https:\/\/relaxsrl.com\/website\/wp-content\/uploads\/2023\/02\/X_NEUTRA_RELAX.jpg\",\"width\":500,\"height\":500},{\"@type\":\"WebPage\",\"@id\":\"https:\/\/relaxsrl.com\/fr\/informations-de-recrutement\/#webpage\",\"url\":\"https:\/\/relaxsrl.com\/fr\/informations-de-recrutement\/\",\"name\":\"Informations de recrutement - Relax srl\",\"isPartOf\":{\"@id\":\"https:\/\/relaxsrl.com\/#website\"},\"primaryImageOfPage\":{\"@id\":\"https:\/\/relaxsrl.com\/fr\/informations-de-recrutement\/#primaryimage\"},\"datePublished\":\"2021-11-25T13:26:15+00:00\",\"dateModified\":\"2021-11-25T13:26:16+00:00\",\"breadcrumb\":{\"@id\":\"https:\/\/relaxsrl.com\/fr\/informations-de-recrutement\/#breadcrumb\"},\"inLanguage\":\"fr-FR\",\"potentialAction\":[{\"@type\":\"ReadAction\",\"target\":[\"https:\/\/relaxsrl.com\/fr\/informations-de-recrutement\/\"]}]},{\"@type\":\"BreadcrumbList\",\"@id\":\"https:\/\/relaxsrl.com\/fr\/informations-de-recrutement\/#breadcrumb\",\"itemListElement\":[{\"@type\":\"ListItem\",\"position\":1,\"name\":\"Informations de recrutement\"}]}]}<\/script>\n<!-- \/ Yoast SEO Premium plugin. -->","yoast_head_json":{"title":"Informations de recrutement - Relax srl","robots":{"index":"noindex","follow":"follow"},"og_locale":"fr_FR","og_type":"article","og_title":"Informations de recrutement - Relax srl","og_description":"[vc_row][vc_column][vc_column_text] Informations de recrutement OBJET\u00a0: Informations en vertu et aux fins des articles 13 et 14 du RGPD UE 2016\/679 et la l\u00e9gislation nationale en vigueur relative \u00e0 la protection des traitements de donn\u00e9es \u00e0 caract\u00e8re personnel. Avec ces informations, RELAX SRL fournit \u00e0 l&rsquo;int\u00e9ress\u00e9 les informations vis\u00e9es aux articles 13 et 14 du RGPD [&hellip;]","og_url":"https:\/\/relaxsrl.com\/fr\/informations-de-recrutement\/","og_site_name":"Relax srl","article_modified_time":"2021-11-25T13:26:16+00:00","twitter_card":"summary_large_image","twitter_misc":{"Dur\u00e9e de lecture estim\u00e9e":"7 minutes"},"schema":{"@context":"https:\/\/schema.org","@graph":[{"@type":"WebSite","@id":"https:\/\/relaxsrl.com\/#website","url":"https:\/\/relaxsrl.com\/","name":"Relax srl","description":"","potentialAction":[{"@type":"SearchAction","target":{"@type":"EntryPoint","urlTemplate":"https:\/\/relaxsrl.com\/?s={search_term_string}"},"query-input":"required name=search_term_string"}],"inLanguage":"fr-FR"},{"@type":"ImageObject","inLanguage":"fr-FR","@id":"https:\/\/relaxsrl.com\/fr\/informations-de-recrutement\/#primaryimage","url":"https:\/\/relaxsrl.com\/website\/wp-content\/uploads\/2023\/02\/X_NEUTRA_RELAX.jpg","contentUrl":"https:\/\/relaxsrl.com\/website\/wp-content\/uploads\/2023\/02\/X_NEUTRA_RELAX.jpg","width":500,"height":500},{"@type":"WebPage","@id":"https:\/\/relaxsrl.com\/fr\/informations-de-recrutement\/#webpage","url":"https:\/\/relaxsrl.com\/fr\/informations-de-recrutement\/","name":"Informations de recrutement - Relax srl","isPartOf":{"@id":"https:\/\/relaxsrl.com\/#website"},"primaryImageOfPage":{"@id":"https:\/\/relaxsrl.com\/fr\/informations-de-recrutement\/#primaryimage"},"datePublished":"2021-11-25T13:26:15+00:00","dateModified":"2021-11-25T13:26:16+00:00","breadcrumb":{"@id":"https:\/\/relaxsrl.com\/fr\/informations-de-recrutement\/#breadcrumb"},"inLanguage":"fr-FR","potentialAction":[{"@type":"ReadAction","target":["https:\/\/relaxsrl.com\/fr\/informations-de-recrutement\/"]}]},{"@type":"BreadcrumbList","@id":"https:\/\/relaxsrl.com\/fr\/informations-de-recrutement\/#breadcrumb","itemListElement":[{"@type":"ListItem","position":1,"name":"Informations de recrutement"}]}]}},"_links":{"self":[{"href":"https:\/\/relaxsrl.com\/fr\/wp-json\/wp\/v2\/pages\/12822"}],"collection":[{"href":"https:\/\/relaxsrl.com\/fr\/wp-json\/wp\/v2\/pages"}],"about":[{"href":"https:\/\/relaxsrl.com\/fr\/wp-json\/wp\/v2\/types\/page"}],"author":[{"embeddable":true,"href":"https:\/\/relaxsrl.com\/fr\/wp-json\/wp\/v2\/users\/3"}],"replies":[{"embeddable":true,"href":"https:\/\/relaxsrl.com\/fr\/wp-json\/wp\/v2\/comments?post=12822"}],"version-history":[{"count":2,"href":"https:\/\/relaxsrl.com\/fr\/wp-json\/wp\/v2\/pages\/12822\/revisions"}],"predecessor-version":[{"id":12824,"href":"https:\/\/relaxsrl.com\/fr\/wp-json\/wp\/v2\/pages\/12822\/revisions\/12824"}],"wp:featuredmedia":[{"embeddable":true,"href":"https:\/\/relaxsrl.com\/fr\/wp-json\/wp\/v2\/media\/25661"}],"wp:attachment":[{"href":"https:\/\/relaxsrl.com\/fr\/wp-json\/wp\/v2\/media?parent=12822"}],"curies":[{"name":"wp","href":"https:\/\/api.w.org\/{rel}","templated":true}]}}