{"id":12831,"date":"2021-11-25T14:49:47","date_gmt":"2021-11-25T13:49:47","guid":{"rendered":"http:\/\/relaxsrl.com\/connexion-espace-revendeurs\/recuperation-des-informations-du-code-client\/"},"modified":"2023-02-01T15:28:30","modified_gmt":"2023-02-01T14:28:30","slug":"recuperation-des-informations-du-code-client","status":"publish","type":"page","link":"https:\/\/relaxsrl.com\/fr\/recuperation-des-informations-du-code-client\/","title":{"rendered":"R\u00e9cup\u00e9ration des informations du code client"},"content":{"rendered":"<p>[vc_row full_width=\u00a0\u00bbstretch_row\u00a0\u00bb content_placement=\u00a0\u00bbmiddle\u00a0\u00bb el_class=\u00a0\u00bbintro-row\u00a0\u00bb][vc_column width=\u00a0\u00bb5\/12&Prime;][vc_column_text]<\/p>\n<h1>Espace Revendeur<\/h1>\n<p>[\/vc_column_text][\/vc_column][vc_column width=\u00a0\u00bb7\/12&Prime;][\/vc_column][\/vc_row][vc_row el_class=\u00a0\u00bbrow-path\u00a0\u00bb][vc_column][vc_column_text][\/vc_column_text][\/vc_column][\/vc_row][vc_row][vc_column][vc_column_text]<\/p>\n<h3 style=\"text-align: center;\">R\u00e9cup\u00e9ration code client et e-mail<\/h3>\n<div class=\"divider-blue divider-blue-center\"><\/div>\n<p style=\"text-align: center;\">Vous pouvez r\u00e9cup\u00e9rer les informations relatives \u00e0 votre profil Revendeur sur les confirmations de commande ou sur le DDT (document de transport) en bas de page.<\/p>\n<p>[\/vc_column_text][vc_empty_space height=\u00a0\u00bb50px\u00a0\u00bb][\/vc_column][\/vc_row][vc_row][vc_column][vc_gallery interval=\u00a0\u00bb3&Prime; images=\u00a0\u00bb19735,19740&Prime; img_size=\u00a0\u00bb1200&#215;800&Prime;][\/vc_column][\/vc_row][vc_row][vc_column][vc_empty_space height=\u00a0\u00bb100px\u00a0\u00bb][\/vc_column][\/vc_row]<\/p>\n","protected":false},"excerpt":{"rendered":"<p>[vc_row full_width=\u00a0\u00bbstretch_row\u00a0\u00bb content_placement=\u00a0\u00bbmiddle\u00a0\u00bb el_class=\u00a0\u00bbintro-row\u00a0\u00bb][vc_column width=\u00a0\u00bb5\/12&Prime;][vc_column_text] Espace Revendeur [\/vc_column_text][\/vc_column][vc_column width=\u00a0\u00bb7\/12&Prime;][\/vc_column][\/vc_row][vc_row el_class=\u00a0\u00bbrow-path\u00a0\u00bb][vc_column][vc_column_text][\/vc_column_text][\/vc_column][\/vc_row][vc_row][vc_column][vc_column_text] R\u00e9cup\u00e9ration code client et e-mail Vous pouvez r\u00e9cup\u00e9rer les informations relatives \u00e0 votre profil Revendeur sur les confirmations de commande ou sur le DDT (document de transport) en bas de page. [\/vc_column_text][vc_empty_space height=\u00a0\u00bb50px\u00a0\u00bb][\/vc_column][\/vc_row][vc_row][vc_column][vc_gallery interval=\u00a0\u00bb3&Prime; images=\u00a0\u00bb19735,19740&Prime; img_size=\u00a0\u00bb1200&#215;800&Prime;][\/vc_column][\/vc_row][vc_row][vc_column][vc_empty_space height=\u00a0\u00bb100px\u00a0\u00bb][\/vc_column][\/vc_row]<\/p>\n","protected":false},"author":3,"featured_media":25661,"parent":0,"menu_order":0,"comment_status":"closed","ping_status":"closed","template":"","meta":[],"acf":[],"yoast_head":"<!-- This site is optimized with the Yoast SEO Premium plugin v18.4 (Yoast SEO v18.8) - https:\/\/yoast.com\/wordpress\/plugins\/seo\/ -->\n<title>R\u00e9cup\u00e9ration des informations du code client - Relax srl<\/title>\n<meta name=\"description\" content=\"Si vous avez oubli\u00e9 votre mot de passe ou votre num\u00e9ro de compte, veuillez suivre ces \u00e9tapes pour retrouver l&#039;acc\u00e8s \u00e0 votre compte.\" \/>\n<meta name=\"robots\" content=\"noindex, follow\" \/>\n<meta property=\"og:locale\" content=\"fr_FR\" \/>\n<meta property=\"og:type\" content=\"article\" \/>\n<meta property=\"og:title\" content=\"R\u00e9cup\u00e9ration des informations du code client - Relax srl\" \/>\n<meta property=\"og:description\" content=\"Si vous avez oubli\u00e9 votre mot de passe ou votre num\u00e9ro de compte, veuillez suivre ces \u00e9tapes pour retrouver l&#039;acc\u00e8s \u00e0 votre compte.\" \/>\n<meta property=\"og:url\" content=\"https:\/\/relaxsrl.com\/fr\/recuperation-des-informations-du-code-client\/\" \/>\n<meta property=\"og:site_name\" content=\"Relax srl\" \/>\n<meta property=\"article:modified_time\" content=\"2023-02-01T14:28:30+00:00\" \/>\n<meta property=\"og:image\" content=\"https:\/\/relaxsrl.com\/website\/wp-content\/uploads\/2023\/02\/X_NEUTRA_RELAX.jpg\" \/>\n\t<meta property=\"og:image:width\" content=\"500\" \/>\n\t<meta property=\"og:image:height\" content=\"500\" \/>\n\t<meta property=\"og:image:type\" content=\"image\/jpeg\" \/>\n<meta name=\"twitter:card\" content=\"summary_large_image\" \/>\n<meta name=\"twitter:label1\" content=\"Dur\u00e9e de lecture estim\u00e9e\" \/>\n\t<meta name=\"twitter:data1\" content=\"1 minute\" \/>\n<script type=\"application\/ld+json\" class=\"yoast-schema-graph\">{\"@context\":\"https:\/\/schema.org\",\"@graph\":[{\"@type\":\"WebSite\",\"@id\":\"https:\/\/relaxsrl.com\/#website\",\"url\":\"https:\/\/relaxsrl.com\/\",\"name\":\"Relax srl\",\"description\":\"\",\"potentialAction\":[{\"@type\":\"SearchAction\",\"target\":{\"@type\":\"EntryPoint\",\"urlTemplate\":\"https:\/\/relaxsrl.com\/?s={search_term_string}\"},\"query-input\":\"required name=search_term_string\"}],\"inLanguage\":\"fr-FR\"},{\"@type\":\"ImageObject\",\"inLanguage\":\"fr-FR\",\"@id\":\"https:\/\/relaxsrl.com\/fr\/recuperation-des-informations-du-code-client\/#primaryimage\",\"url\":\"https:\/\/relaxsrl.com\/website\/wp-content\/uploads\/2023\/02\/X_NEUTRA_RELAX.jpg\",\"contentUrl\":\"https:\/\/relaxsrl.com\/website\/wp-content\/uploads\/2023\/02\/X_NEUTRA_RELAX.jpg\",\"width\":500,\"height\":500},{\"@type\":\"WebPage\",\"@id\":\"https:\/\/relaxsrl.com\/fr\/recuperation-des-informations-du-code-client\/#webpage\",\"url\":\"https:\/\/relaxsrl.com\/fr\/recuperation-des-informations-du-code-client\/\",\"name\":\"R\u00e9cup\u00e9ration des informations du code client - Relax srl\",\"isPartOf\":{\"@id\":\"https:\/\/relaxsrl.com\/#website\"},\"primaryImageOfPage\":{\"@id\":\"https:\/\/relaxsrl.com\/fr\/recuperation-des-informations-du-code-client\/#primaryimage\"},\"datePublished\":\"2021-11-25T13:49:47+00:00\",\"dateModified\":\"2023-02-01T14:28:30+00:00\",\"description\":\"Si vous avez oubli\u00e9 votre mot de passe ou votre num\u00e9ro de compte, veuillez suivre ces \u00e9tapes pour retrouver l'acc\u00e8s \u00e0 votre compte.\",\"breadcrumb\":{\"@id\":\"https:\/\/relaxsrl.com\/fr\/recuperation-des-informations-du-code-client\/#breadcrumb\"},\"inLanguage\":\"fr-FR\",\"potentialAction\":[{\"@type\":\"ReadAction\",\"target\":[\"https:\/\/relaxsrl.com\/fr\/recuperation-des-informations-du-code-client\/\"]}]},{\"@type\":\"BreadcrumbList\",\"@id\":\"https:\/\/relaxsrl.com\/fr\/recuperation-des-informations-du-code-client\/#breadcrumb\",\"itemListElement\":[{\"@type\":\"ListItem\",\"position\":1,\"name\":\"Connexion Espace Revendeurs\",\"item\":\"https:\/\/relaxsrl.com\/fr\/connexion-espace-revendeurs\/\"},{\"@type\":\"ListItem\",\"position\":2,\"name\":\"R\u00e9cup\u00e9ration des informations du code client\"}]}]}<\/script>\n<!-- \/ Yoast SEO Premium plugin. -->","yoast_head_json":{"title":"R\u00e9cup\u00e9ration des informations du code client - Relax srl","description":"Si vous avez oubli\u00e9 votre mot de passe ou votre num\u00e9ro de compte, veuillez suivre ces \u00e9tapes pour retrouver l'acc\u00e8s \u00e0 votre compte.","robots":{"index":"noindex","follow":"follow"},"og_locale":"fr_FR","og_type":"article","og_title":"R\u00e9cup\u00e9ration des informations du code client - Relax srl","og_description":"Si vous avez oubli\u00e9 votre mot de passe ou votre num\u00e9ro de compte, veuillez suivre ces \u00e9tapes pour retrouver l'acc\u00e8s \u00e0 votre compte.","og_url":"https:\/\/relaxsrl.com\/fr\/recuperation-des-informations-du-code-client\/","og_site_name":"Relax srl","article_modified_time":"2023-02-01T14:28:30+00:00","og_image":[{"width":500,"height":500,"url":"https:\/\/relaxsrl.com\/website\/wp-content\/uploads\/2023\/02\/X_NEUTRA_RELAX.jpg","type":"image\/jpeg"}],"twitter_card":"summary_large_image","twitter_misc":{"Dur\u00e9e de lecture estim\u00e9e":"1 minute"},"schema":{"@context":"https:\/\/schema.org","@graph":[{"@type":"WebSite","@id":"https:\/\/relaxsrl.com\/#website","url":"https:\/\/relaxsrl.com\/","name":"Relax srl","description":"","potentialAction":[{"@type":"SearchAction","target":{"@type":"EntryPoint","urlTemplate":"https:\/\/relaxsrl.com\/?s={search_term_string}"},"query-input":"required name=search_term_string"}],"inLanguage":"fr-FR"},{"@type":"ImageObject","inLanguage":"fr-FR","@id":"https:\/\/relaxsrl.com\/fr\/recuperation-des-informations-du-code-client\/#primaryimage","url":"https:\/\/relaxsrl.com\/website\/wp-content\/uploads\/2023\/02\/X_NEUTRA_RELAX.jpg","contentUrl":"https:\/\/relaxsrl.com\/website\/wp-content\/uploads\/2023\/02\/X_NEUTRA_RELAX.jpg","width":500,"height":500},{"@type":"WebPage","@id":"https:\/\/relaxsrl.com\/fr\/recuperation-des-informations-du-code-client\/#webpage","url":"https:\/\/relaxsrl.com\/fr\/recuperation-des-informations-du-code-client\/","name":"R\u00e9cup\u00e9ration des informations du code client - Relax srl","isPartOf":{"@id":"https:\/\/relaxsrl.com\/#website"},"primaryImageOfPage":{"@id":"https:\/\/relaxsrl.com\/fr\/recuperation-des-informations-du-code-client\/#primaryimage"},"datePublished":"2021-11-25T13:49:47+00:00","dateModified":"2023-02-01T14:28:30+00:00","description":"Si vous avez oubli\u00e9 votre mot de passe ou votre num\u00e9ro de compte, veuillez suivre ces \u00e9tapes pour retrouver l'acc\u00e8s \u00e0 votre compte.","breadcrumb":{"@id":"https:\/\/relaxsrl.com\/fr\/recuperation-des-informations-du-code-client\/#breadcrumb"},"inLanguage":"fr-FR","potentialAction":[{"@type":"ReadAction","target":["https:\/\/relaxsrl.com\/fr\/recuperation-des-informations-du-code-client\/"]}]},{"@type":"BreadcrumbList","@id":"https:\/\/relaxsrl.com\/fr\/recuperation-des-informations-du-code-client\/#breadcrumb","itemListElement":[{"@type":"ListItem","position":1,"name":"Connexion Espace Revendeurs","item":"https:\/\/relaxsrl.com\/fr\/connexion-espace-revendeurs\/"},{"@type":"ListItem","position":2,"name":"R\u00e9cup\u00e9ration des informations du code client"}]}]}},"_links":{"self":[{"href":"https:\/\/relaxsrl.com\/fr\/wp-json\/wp\/v2\/pages\/12831"}],"collection":[{"href":"https:\/\/relaxsrl.com\/fr\/wp-json\/wp\/v2\/pages"}],"about":[{"href":"https:\/\/relaxsrl.com\/fr\/wp-json\/wp\/v2\/types\/page"}],"author":[{"embeddable":true,"href":"https:\/\/relaxsrl.com\/fr\/wp-json\/wp\/v2\/users\/3"}],"replies":[{"embeddable":true,"href":"https:\/\/relaxsrl.com\/fr\/wp-json\/wp\/v2\/comments?post=12831"}],"version-history":[{"count":12,"href":"https:\/\/relaxsrl.com\/fr\/wp-json\/wp\/v2\/pages\/12831\/revisions"}],"predecessor-version":[{"id":25670,"href":"https:\/\/relaxsrl.com\/fr\/wp-json\/wp\/v2\/pages\/12831\/revisions\/25670"}],"wp:featuredmedia":[{"embeddable":true,"href":"https:\/\/relaxsrl.com\/fr\/wp-json\/wp\/v2\/media\/25661"}],"wp:attachment":[{"href":"https:\/\/relaxsrl.com\/fr\/wp-json\/wp\/v2\/media?parent=12831"}],"curies":[{"name":"wp","href":"https:\/\/api.w.org\/{rel}","templated":true}]}}