{"id":12841,"date":"2021-11-25T15:12:31","date_gmt":"2021-11-25T14:12:31","guid":{"rendered":"http:\/\/relaxsrl.com\/materiali-e-componenti\/"},"modified":"2023-09-20T16:42:21","modified_gmt":"2023-09-20T14:42:21","slug":"materiaux-et-composants","status":"publish","type":"page","link":"https:\/\/relaxsrl.com\/fr\/materiaux-et-composants\/","title":{"rendered":"Mat\u00e9riaux et composants"},"content":{"rendered":"<p>[vc_row full_width=\u00a0\u00bbstretch_row\u00a0\u00bb content_placement=\u00a0\u00bbmiddle\u00a0\u00bb el_class=\u00a0\u00bbintro-row\u00a0\u00bb][vc_column][vc_column_text]<\/p>\n<h1>Mat\u00e9riaux et composants<\/h1>\n<p>[\/vc_column_text][\/vc_column][\/vc_row][vc_row el_class=\u00a0\u00bbrow-path\u00a0\u00bb][vc_column][vc_column_text][\/vc_column_text][\/vc_column][\/vc_row][vc_row][vc_column width=\u00a0\u00bb1\/6&Prime;][\/vc_column][vc_column width=\u00a0\u00bb2\/3&Prime;][vc_column_text el_class=\u00a0\u00bbtxt-blue abstract weight500&Prime;]La qualit\u00e9 de nos solutions et mat\u00e9riaux et composants est certifi\u00e9e d\u2019origine italienne. Relax, pour le choix d\u2019entreprise, est orient\u00e9 a collaborer avec les meilleurs fournisseurs italiens, afin d\u2019avoir la s\u00e9curit\u00e9 et la qualit\u00e9 dans chacun de ses produits (comme nos <a href=\"https:\/\/relaxsrl.com\/fr\/produits\/typologie\/cabine-de-douche\/\">cabines de douche<\/a>).[\/vc_column_text][vc_empty_space height=\u00a0\u00bb35px\u00a0\u00bb][\/vc_column][\/vc_row][vc_row][vc_column width=\u00a0\u00bb1\/6&Prime;][\/vc_column][vc_column width=\u00a0\u00bb2\/3&Prime;][vc_column_text]<\/p>\n<h2>Mat\u00e9riaux et composants: Verre<\/h2>\n<p>Transparent, compact, \u00e9tanche, \u00e9cologique. Le verre est l\u2019un des mat\u00e9riaux que nous appr\u00e9cions de plus, gr\u00e2ce \u00e0 ses nombreuses qualit\u00e9s. Dans nos produits nous utilisons <strong>uniquement du verre tremp\u00e9 (ou verre de s\u00e9curit\u00e9)<\/strong> parce que:<\/p>\n<ul>\n<li>En cas de rupture, il se fragmente en de tr\u00e8s petites pi\u00e8ces non coupantes, ce qui le rend extr\u00eamement s\u00fbr.<\/li>\n<li>Il est capable de r\u00e9sister \u00e0 de fortes variations thermiques, ce qui lui garantit une grande durabilit\u00e9.<\/li>\n<\/ul>\n<p>[\/vc_column_text][vc_empty_space height=\u00a0\u00bb40px\u00a0\u00bb][\/vc_column][\/vc_row][vc_row][vc_column width=\u00a0\u00bb1\/6&Prime;][\/vc_column][vc_column width=\u00a0\u00bb2\/3&Prime;][vc_column_text]<\/p>\n<h2>Profils en aluminium<\/h2>\n<p>L\u2019aluminium est le seul mat\u00e9riel que nous utilisons pour nos profils. Cela car:<\/p>\n<ul>\n<li style=\"list-style-type: none;\">\n<ul>\n<li><strong>Il est recyclable \u00e0 100%<\/strong>. Il peut en effet \u00eatre r\u00e9utilis\u00e9 \u00e0 l\u2019infini<\/li>\n<li><strong>C\u2019est \u00e9cologique<\/strong>. Il ne lib\u00e8re aucune substance nocive dans l\u2019<\/li>\n<li><strong>Il est durable. <\/strong><br \/>\nIl reste inalt\u00e9r\u00e9 dans le dans son aspect ext\u00e9rieur.<\/li>\n<li><strong>C \u2018est pratique.<\/strong><br \/>\nIl ne n\u00e9cessite aucun entretien.<\/li>\n<li><strong>Il est l\u00e9ger.<\/strong><br \/>\nLa cabine de douche avec les profils en aluminium est plus facile \u00e0 transporter et \u00e0 manipuler<\/li>\n<\/ul>\n<p>&nbsp;<\/li>\n<\/ul>\n<p>[\/vc_column_text][vc_empty_space height=\u00a0\u00bb40px\u00a0\u00bb][\/vc_column][\/vc_row][vc_row][vc_column width=\u00a0\u00bb1\/6&Prime;][\/vc_column][vc_column width=\u00a0\u00bb2\/3&Prime;][vc_column_text]<\/p>\n<h2>Mat\u00e9riaux et composants: Charni\u00e9res<\/h2>\n<p>Essentielles dans certaines compositions, nos charni\u00e8res sont le fruit d\u2019une \u00e9tude attentive de notre centre de recherche et d\u00e9veloppement. Apr\u00e8s l\u2019\u00e9tude, elles sont produites et test\u00e9es plusieurs fois dans chaque type de situations, soumises \u00e0 chaque type de stress m\u00e9canique, pour ensuite \u00eatre certifi\u00e9s par notre organisme certificateur <a href=\"https:\/\/www.tuvsud.com\/fr-fr\">T\u00dcV S\u00dcD<\/a>.<br \/>\nNos charni\u00e8res se basent sur 3 aspects :<\/p>\n<ul>\n<li><strong>Elles sont innovantes. <\/strong><br \/>\nM\u00e9caniquement et esth\u00e9tiquement.<\/li>\n<li><strong>Elles sont s\u00fbres.<\/strong><br \/>\nSont \u00e9tudi\u00e9es dans le moindre d\u00e9tail.<\/li>\n<li><strong>Elles sont durables dans le temps.<\/strong><br \/>\nSont certifi\u00e9es pour plus de 20.000 ouvertures et fermetures.<\/li>\n<\/ul>\n<p>[\/vc_column_text][vc_empty_space height=\u00a0\u00bb40px\u00a0\u00bb][\/vc_column][\/vc_row][vc_row][vc_column width=\u00a0\u00bb1\/6&Prime;][\/vc_column][vc_column width=\u00a0\u00bb2\/3&Prime;][vc_column_text]<\/p>\n<h2>Syst\u00e9me coulissant<\/h2>\n<p>Partie int\u00e9grante d\u2019une cabine de douche coulissante, les syst\u00e8mes de coulissement que nous utilisons sont con\u00e7us et <strong>fabriqu\u00e9s uniquement pour nos produits<\/strong>. C\u00e0 les rends uniques et nous pouvons inclure des mat\u00e9riaux et des composants.<br \/>\nLes syst\u00e8mes de coulissement que nous utilisons en Relax <strong>se distinguent par leur fluidit\u00e9, leur silence et leur port\u00e9e.<\/strong><br \/>\nElle se trouvent dans <strong>toutes les cabines de douche coulissante<\/strong>, de 4 \u00e0 8 mm, du produit le moins cher au plus cher, sans distinction, car pour nous la qualit\u00e9 est importante.[\/vc_column_text][vc_empty_space height=\u00a0\u00bb40px\u00a0\u00bb][\/vc_column][\/vc_row][vc_row][vc_column width=\u00a0\u00bb1\/6&Prime;][\/vc_column][vc_column width=\u00a0\u00bb2\/3&Prime;][vc_column_text]<\/p>\n<h2>Joints<\/h2>\n<p>Enfin, mais non des moindres, les joints. Nous nous assurons personnellement que nos joints passent tous les <strong>tests pour l\u2019\u00e9tanch\u00e9it\u00e9 \u00e0 l\u2019eau<\/strong>, une \u00e9tape fondamentale pour assurer au client un produit fonctionnel dans toutes ses parties. Pour nos cabines de douche, nous avons aussi choisi des garnitures qui soient <strong>anti-UV<\/strong>, pour en emp\u00eacher le jaunissement, <strong>recyclables<\/strong>, pour en garantir la durabilit\u00e9, <strong>modelables<\/strong>, pour les rendre plus faciles \u00e0 nettoyer et \u00e0 installer.[\/vc_column_text][vc_empty_space height=\u00a0\u00bb100px\u00a0\u00bb][\/vc_column][\/vc_row]<\/p>\n","protected":false},"excerpt":{"rendered":"<p>[vc_row full_width=\u00a0\u00bbstretch_row\u00a0\u00bb content_placement=\u00a0\u00bbmiddle\u00a0\u00bb el_class=\u00a0\u00bbintro-row\u00a0\u00bb][vc_column][vc_column_text] Mat\u00e9riaux et composants [\/vc_column_text][\/vc_column][\/vc_row][vc_row el_class=\u00a0\u00bbrow-path\u00a0\u00bb][vc_column][vc_column_text][\/vc_column_text][\/vc_column][\/vc_row][vc_row][vc_column width=\u00a0\u00bb1\/6&Prime;][\/vc_column][vc_column width=\u00a0\u00bb2\/3&Prime;][vc_column_text el_class=\u00a0\u00bbtxt-blue abstract weight500&Prime;]La qualit\u00e9 de nos solutions et mat\u00e9riaux et composants est certifi\u00e9e d\u2019origine italienne. Relax, pour le choix d\u2019entreprise, est orient\u00e9 a collaborer avec les meilleurs fournisseurs italiens, afin d\u2019avoir la s\u00e9curit\u00e9 et la qualit\u00e9 dans chacun de ses produits (comme nos cabines [&hellip;]<\/p>\n","protected":false},"author":3,"featured_media":22244,"parent":0,"menu_order":0,"comment_status":"closed","ping_status":"closed","template":"","meta":[],"acf":[],"yoast_head":"<!-- This site is optimized with the Yoast SEO Premium plugin v18.4 (Yoast SEO v18.8) - https:\/\/yoast.com\/wordpress\/plugins\/seo\/ -->\n<title>Mat\u00e9riaux et composants - Relax srl<\/title>\n<meta name=\"description\" content=\"La qualit\u00e9 de nos solutions, mat\u00e9riaux et composants est certifi\u00e9e. Relax, est orient\u00e9 a collaborer avec les meilleurs fournisseurs italiens.\" \/>\n<meta name=\"robots\" content=\"index, follow, max-snippet:-1, max-image-preview:large, max-video-preview:-1\" \/>\n<link rel=\"canonical\" href=\"https:\/\/relaxsrl.com\/fr\/materiaux-et-composants\/\" \/>\n<meta property=\"og:locale\" content=\"fr_FR\" \/>\n<meta property=\"og:type\" content=\"article\" \/>\n<meta property=\"og:title\" content=\"Mat\u00e9riaux et composants - Relax srl\" \/>\n<meta property=\"og:description\" content=\"La qualit\u00e9 de nos solutions, mat\u00e9riaux et composants est certifi\u00e9e. Relax, est orient\u00e9 a collaborer avec les meilleurs fournisseurs italiens.\" \/>\n<meta property=\"og:url\" content=\"https:\/\/relaxsrl.com\/fr\/materiaux-et-composants\/\" \/>\n<meta property=\"og:site_name\" content=\"Relax srl\" \/>\n<meta property=\"article:modified_time\" content=\"2023-09-20T14:42:21+00:00\" \/>\n<meta property=\"og:image\" content=\"https:\/\/relaxsrl.com\/website\/wp-content\/uploads\/2022\/07\/Articoli-Blog4-3.jpg\" \/>\n\t<meta property=\"og:image:width\" content=\"730\" \/>\n\t<meta property=\"og:image:height\" content=\"600\" \/>\n\t<meta property=\"og:image:type\" content=\"image\/jpeg\" \/>\n<meta name=\"twitter:card\" content=\"summary_large_image\" \/>\n<meta name=\"twitter:label1\" content=\"Dur\u00e9e de lecture estim\u00e9e\" \/>\n\t<meta name=\"twitter:data1\" content=\"3 minutes\" \/>\n<script type=\"application\/ld+json\" class=\"yoast-schema-graph\">{\"@context\":\"https:\/\/schema.org\",\"@graph\":[{\"@type\":\"WebSite\",\"@id\":\"https:\/\/relaxsrl.com\/#website\",\"url\":\"https:\/\/relaxsrl.com\/\",\"name\":\"Relax srl\",\"description\":\"\",\"potentialAction\":[{\"@type\":\"SearchAction\",\"target\":{\"@type\":\"EntryPoint\",\"urlTemplate\":\"https:\/\/relaxsrl.com\/?s={search_term_string}\"},\"query-input\":\"required name=search_term_string\"}],\"inLanguage\":\"fr-FR\"},{\"@type\":\"ImageObject\",\"inLanguage\":\"fr-FR\",\"@id\":\"https:\/\/relaxsrl.com\/fr\/materiaux-et-composants\/#primaryimage\",\"url\":\"https:\/\/relaxsrl.com\/website\/wp-content\/uploads\/2022\/07\/Articoli-Blog4-3.jpg\",\"contentUrl\":\"https:\/\/relaxsrl.com\/website\/wp-content\/uploads\/2022\/07\/Articoli-Blog4-3.jpg\",\"width\":730,\"height\":600},{\"@type\":\"WebPage\",\"@id\":\"https:\/\/relaxsrl.com\/fr\/materiaux-et-composants\/#webpage\",\"url\":\"https:\/\/relaxsrl.com\/fr\/materiaux-et-composants\/\",\"name\":\"Mat\u00e9riaux et composants - Relax srl\",\"isPartOf\":{\"@id\":\"https:\/\/relaxsrl.com\/#website\"},\"primaryImageOfPage\":{\"@id\":\"https:\/\/relaxsrl.com\/fr\/materiaux-et-composants\/#primaryimage\"},\"datePublished\":\"2021-11-25T14:12:31+00:00\",\"dateModified\":\"2023-09-20T14:42:21+00:00\",\"description\":\"La qualit\u00e9 de nos solutions, mat\u00e9riaux et composants est certifi\u00e9e. Relax, est orient\u00e9 a collaborer avec les meilleurs fournisseurs italiens.\",\"breadcrumb\":{\"@id\":\"https:\/\/relaxsrl.com\/fr\/materiaux-et-composants\/#breadcrumb\"},\"inLanguage\":\"fr-FR\",\"potentialAction\":[{\"@type\":\"ReadAction\",\"target\":[\"https:\/\/relaxsrl.com\/fr\/materiaux-et-composants\/\"]}]},{\"@type\":\"BreadcrumbList\",\"@id\":\"https:\/\/relaxsrl.com\/fr\/materiaux-et-composants\/#breadcrumb\",\"itemListElement\":[{\"@type\":\"ListItem\",\"position\":1,\"name\":\"Mat\u00e9riaux et composants\"}]}]}<\/script>\n<!-- \/ Yoast SEO Premium plugin. -->","yoast_head_json":{"title":"Mat\u00e9riaux et composants - Relax srl","description":"La qualit\u00e9 de nos solutions, mat\u00e9riaux et composants est certifi\u00e9e. Relax, est orient\u00e9 a collaborer avec les meilleurs fournisseurs italiens.","robots":{"index":"index","follow":"follow","max-snippet":"max-snippet:-1","max-image-preview":"max-image-preview:large","max-video-preview":"max-video-preview:-1"},"canonical":"https:\/\/relaxsrl.com\/fr\/materiaux-et-composants\/","og_locale":"fr_FR","og_type":"article","og_title":"Mat\u00e9riaux et composants - Relax srl","og_description":"La qualit\u00e9 de nos solutions, mat\u00e9riaux et composants est certifi\u00e9e. Relax, est orient\u00e9 a collaborer avec les meilleurs fournisseurs italiens.","og_url":"https:\/\/relaxsrl.com\/fr\/materiaux-et-composants\/","og_site_name":"Relax srl","article_modified_time":"2023-09-20T14:42:21+00:00","og_image":[{"width":730,"height":600,"url":"https:\/\/relaxsrl.com\/website\/wp-content\/uploads\/2022\/07\/Articoli-Blog4-3.jpg","type":"image\/jpeg"}],"twitter_card":"summary_large_image","twitter_misc":{"Dur\u00e9e de lecture estim\u00e9e":"3 minutes"},"schema":{"@context":"https:\/\/schema.org","@graph":[{"@type":"WebSite","@id":"https:\/\/relaxsrl.com\/#website","url":"https:\/\/relaxsrl.com\/","name":"Relax srl","description":"","potentialAction":[{"@type":"SearchAction","target":{"@type":"EntryPoint","urlTemplate":"https:\/\/relaxsrl.com\/?s={search_term_string}"},"query-input":"required name=search_term_string"}],"inLanguage":"fr-FR"},{"@type":"ImageObject","inLanguage":"fr-FR","@id":"https:\/\/relaxsrl.com\/fr\/materiaux-et-composants\/#primaryimage","url":"https:\/\/relaxsrl.com\/website\/wp-content\/uploads\/2022\/07\/Articoli-Blog4-3.jpg","contentUrl":"https:\/\/relaxsrl.com\/website\/wp-content\/uploads\/2022\/07\/Articoli-Blog4-3.jpg","width":730,"height":600},{"@type":"WebPage","@id":"https:\/\/relaxsrl.com\/fr\/materiaux-et-composants\/#webpage","url":"https:\/\/relaxsrl.com\/fr\/materiaux-et-composants\/","name":"Mat\u00e9riaux et composants - Relax srl","isPartOf":{"@id":"https:\/\/relaxsrl.com\/#website"},"primaryImageOfPage":{"@id":"https:\/\/relaxsrl.com\/fr\/materiaux-et-composants\/#primaryimage"},"datePublished":"2021-11-25T14:12:31+00:00","dateModified":"2023-09-20T14:42:21+00:00","description":"La qualit\u00e9 de nos solutions, mat\u00e9riaux et composants est certifi\u00e9e. Relax, est orient\u00e9 a collaborer avec les meilleurs fournisseurs italiens.","breadcrumb":{"@id":"https:\/\/relaxsrl.com\/fr\/materiaux-et-composants\/#breadcrumb"},"inLanguage":"fr-FR","potentialAction":[{"@type":"ReadAction","target":["https:\/\/relaxsrl.com\/fr\/materiaux-et-composants\/"]}]},{"@type":"BreadcrumbList","@id":"https:\/\/relaxsrl.com\/fr\/materiaux-et-composants\/#breadcrumb","itemListElement":[{"@type":"ListItem","position":1,"name":"Mat\u00e9riaux et composants"}]}]}},"_links":{"self":[{"href":"https:\/\/relaxsrl.com\/fr\/wp-json\/wp\/v2\/pages\/12841"}],"collection":[{"href":"https:\/\/relaxsrl.com\/fr\/wp-json\/wp\/v2\/pages"}],"about":[{"href":"https:\/\/relaxsrl.com\/fr\/wp-json\/wp\/v2\/types\/page"}],"author":[{"embeddable":true,"href":"https:\/\/relaxsrl.com\/fr\/wp-json\/wp\/v2\/users\/3"}],"replies":[{"embeddable":true,"href":"https:\/\/relaxsrl.com\/fr\/wp-json\/wp\/v2\/comments?post=12841"}],"version-history":[{"count":6,"href":"https:\/\/relaxsrl.com\/fr\/wp-json\/wp\/v2\/pages\/12841\/revisions"}],"predecessor-version":[{"id":29197,"href":"https:\/\/relaxsrl.com\/fr\/wp-json\/wp\/v2\/pages\/12841\/revisions\/29197"}],"wp:featuredmedia":[{"embeddable":true,"href":"https:\/\/relaxsrl.com\/fr\/wp-json\/wp\/v2\/media\/22244"}],"wp:attachment":[{"href":"https:\/\/relaxsrl.com\/fr\/wp-json\/wp\/v2\/media?parent=12841"}],"curies":[{"name":"wp","href":"https:\/\/api.w.org\/{rel}","templated":true}]}}