{"id":12844,"date":"2021-11-25T15:37:09","date_gmt":"2021-11-25T14:37:09","guid":{"rendered":"http:\/\/relaxsrl.com\/assemblage-etanche-a-leau\/"},"modified":"2023-09-08T12:08:57","modified_gmt":"2023-09-08T10:08:57","slug":"assemblage-etanche-a-leau","status":"publish","type":"page","link":"https:\/\/relaxsrl.com\/fr\/assemblage-etanche-a-leau\/","title":{"rendered":"Assemblage \u00e9tanche \u00e0 l&rsquo;eau"},"content":{"rendered":"<p>[vc_row full_width=\u00a0\u00bbstretch_row\u00a0\u00bb content_placement=\u00a0\u00bbmiddle\u00a0\u00bb el_class=\u00a0\u00bbintro-row\u00a0\u00bb][vc_column][vc_column_text]<\/p>\n<h1>Assemblage \u00e9tanche \u00e0 l&rsquo;eau<\/h1>\n<p>[\/vc_column_text][\/vc_column][\/vc_row][vc_row el_class=\u00a0\u00bbrow-path\u00a0\u00bb][vc_column][vc_column_text][\/vc_column_text][\/vc_column][\/vc_row][vc_row][vc_column width=\u00a0\u00bb1\/6&Prime;][\/vc_column][vc_column width=\u00a0\u00bb2\/3&Prime;][vc_column_text el_class=\u00a0\u00bbtxt-blue abstract weight500&Prime;]Pour un assemblage \u00e9tanche \u00e0 l&rsquo;eau les professionnels qui s&rsquo;occupent de l&rsquo;installation de parois de douche (certifi\u00e9 <a href=\"https:\/\/www.tuvsud.com\/fr-fr\">T\u00dcV S\u00dcD<\/a> comme toutes les <a href=\"https:\/\/relaxsrl.com\/fr\/produits\/typologie\/cabine-de-douche\/\">cabines de douche Relax<\/a>) doivent porter une attention particuli\u00e8re \u00e0 la phase de rev\u00eatement en silicone, qui est essentielle pour assurer l&rsquo;\u00e9tanch\u00e9it\u00e9 \u00e0 l&rsquo;eau et, dans une certaine mesure, \u00e9galement la salubrit\u00e9 de la salle de bain.[\/vc_column_text][vc_empty_space height=\u00a0\u00bb35px\u00a0\u00bb][\/vc_column][\/vc_row][vc_row][vc_column width=\u00a0\u00bb1\/6&Prime;][\/vc_column][vc_column width=\u00a0\u00bb2\/3&Prime;][vc_column_text]<\/p>\n<h2>Siliconisation pour un assemblage \u00e9tanche \u00e0 l&rsquo;eau<\/h2>\n<p>Le processus de silicone, donc d&rsquo;imperm\u00e9abilisation de la cabine de douche, doit \u00eatre pr\u00e9cis dans toutes ses parties. La <strong> partie externe de la cabine de douche doit \u00eatre silicon\u00e9e. <\/strong> C&rsquo;est la seule m\u00e9thode qui garantit fiabilit\u00e9 et durabilit\u00e9 dans le temps pour un assemblage \u00e9tanche \u00e0 l&rsquo;eau.<br \/>\nPendant les 24 heures suivant l&rsquo;intervention, il est recommand\u00e9 de ne pas utiliser la cabine de douche, ni en ouvrant ses portes, ni en laissant couler l&rsquo;eau.<\/p>\n<p><strong>Attention<\/strong>: le silicone ne doit jamais \u00eatre utilis\u00e9 \u00e0 l&rsquo;int\u00e9rieur de la cabine de douche pour des raisons d&rsquo;hygi\u00e8ne. Si vous le faisiez, en effet, de la moisissure ou une stagnation d&rsquo;eau pourrait se former \u00e0 l&rsquo;int\u00e9rieur des profil\u00e9s, une condition \u00e0 \u00e9viter.[\/vc_column_text][vc_empty_space height=\u00a0\u00bb20px\u00a0\u00bb][vc_single_image image=\u00a0\u00bb5708&Prime; img_size=\u00a0\u00bbfull\u00a0\u00bb][vc_empty_space height=\u00a0\u00bb100px\u00a0\u00bb][\/vc_column][\/vc_row][vc_row][vc_column width=\u00a0\u00bb1\/6&Prime;][\/vc_column][vc_column width=\u00a0\u00bb2\/3&Prime;][vc_column_text]<\/p>\n<h2>Salubrit\u00e9 de la salle de bain<\/h2>\n<p>La salle de bain est un environnement utilis\u00e9 quotidiennement par tous les membres de la famille. Il doit donc \u00eatre conserv\u00e9 dans des conditions d\u2019hygi\u00e8ne ad\u00e9quates pour \u00e9viter la prolif\u00e9ration de bact\u00e9ries et de champignons. Un nettoyage r\u00e9gulier et en profondeur aide \u00e0 pr\u00e9venir la propagation des maladies, des infections et des allergies. De plus, il est important d\u2019utiliser des produits d\u00e9sinfectants de qualit\u00e9 et d\u2019\u00e9viter la prolif\u00e9ration de moisissures et de bact\u00e9ries. La salubrit\u00e9 de la salle de bain est essentielle pour la sant\u00e9 et le bien-\u00eatre de toute la famille. Le silicone de la cabine de douche est une colle pour le montage de la cabine de douche et surtout une m\u00e9thode pr\u00e9ventive de toute formation d&rsquo;eau stagnante \u00e0 l&rsquo;int\u00e9rieur de la salle de bain.[\/vc_column_text][vc_empty_space height=\u00a0\u00bb20px\u00a0\u00bb][\/vc_column][\/vc_row]<\/p>\n","protected":false},"excerpt":{"rendered":"<p>[vc_row full_width=\u00a0\u00bbstretch_row\u00a0\u00bb content_placement=\u00a0\u00bbmiddle\u00a0\u00bb el_class=\u00a0\u00bbintro-row\u00a0\u00bb][vc_column][vc_column_text] Assemblage \u00e9tanche \u00e0 l&rsquo;eau [\/vc_column_text][\/vc_column][\/vc_row][vc_row el_class=\u00a0\u00bbrow-path\u00a0\u00bb][vc_column][vc_column_text][\/vc_column_text][\/vc_column][\/vc_row][vc_row][vc_column width=\u00a0\u00bb1\/6&Prime;][\/vc_column][vc_column width=\u00a0\u00bb2\/3&Prime;][vc_column_text el_class=\u00a0\u00bbtxt-blue abstract weight500&Prime;]Pour un assemblage \u00e9tanche \u00e0 l&rsquo;eau les professionnels qui s&rsquo;occupent de l&rsquo;installation de parois de douche (certifi\u00e9 T\u00dcV S\u00dcD comme toutes les cabines de douche Relax) doivent porter une attention particuli\u00e8re \u00e0 la phase de rev\u00eatement en silicone, qui est essentielle [&hellip;]<\/p>\n","protected":false},"author":3,"featured_media":25661,"parent":0,"menu_order":0,"comment_status":"closed","ping_status":"closed","template":"","meta":[],"acf":[],"yoast_head":"<!-- This site is optimized with the Yoast SEO Premium plugin v18.4 (Yoast SEO v18.8) - https:\/\/yoast.com\/wordpress\/plugins\/seo\/ -->\n<title>Assemblage \u00e9tanche \u00e0 l&#039;eau - Relax srl<\/title>\n<meta name=\"description\" content=\"Pour un assemblage \u00e9tanche \u00e0 l&#039;eau, les professionnels doivent porter une attention particuli\u00e8re \u00e0 la phase de rev\u00eatement silicone.\" \/>\n<meta name=\"robots\" content=\"index, follow, max-snippet:-1, max-image-preview:large, max-video-preview:-1\" \/>\n<link rel=\"canonical\" href=\"https:\/\/relaxsrl.com\/fr\/assemblage-etanche-a-leau\/\" \/>\n<meta property=\"og:locale\" content=\"fr_FR\" \/>\n<meta property=\"og:type\" content=\"article\" \/>\n<meta property=\"og:title\" content=\"Assemblage \u00e9tanche \u00e0 l&#039;eau - Relax srl\" \/>\n<meta property=\"og:description\" content=\"Pour un assemblage \u00e9tanche \u00e0 l&#039;eau, les professionnels doivent porter une attention particuli\u00e8re \u00e0 la phase de rev\u00eatement silicone.\" \/>\n<meta property=\"og:url\" content=\"https:\/\/relaxsrl.com\/fr\/assemblage-etanche-a-leau\/\" \/>\n<meta property=\"og:site_name\" content=\"Relax srl\" \/>\n<meta property=\"article:modified_time\" content=\"2023-09-08T10:08:57+00:00\" \/>\n<meta property=\"og:image\" content=\"https:\/\/relaxsrl.com\/website\/wp-content\/uploads\/2023\/02\/X_NEUTRA_RELAX.jpg\" \/>\n\t<meta property=\"og:image:width\" content=\"500\" \/>\n\t<meta property=\"og:image:height\" content=\"500\" \/>\n\t<meta property=\"og:image:type\" content=\"image\/jpeg\" \/>\n<meta name=\"twitter:card\" content=\"summary_large_image\" \/>\n<meta name=\"twitter:label1\" content=\"Dur\u00e9e de lecture estim\u00e9e\" \/>\n\t<meta name=\"twitter:data1\" content=\"2 minutes\" \/>\n<script type=\"application\/ld+json\" class=\"yoast-schema-graph\">{\"@context\":\"https:\/\/schema.org\",\"@graph\":[{\"@type\":\"WebSite\",\"@id\":\"https:\/\/relaxsrl.com\/#website\",\"url\":\"https:\/\/relaxsrl.com\/\",\"name\":\"Relax srl\",\"description\":\"\",\"potentialAction\":[{\"@type\":\"SearchAction\",\"target\":{\"@type\":\"EntryPoint\",\"urlTemplate\":\"https:\/\/relaxsrl.com\/?s={search_term_string}\"},\"query-input\":\"required name=search_term_string\"}],\"inLanguage\":\"fr-FR\"},{\"@type\":\"ImageObject\",\"inLanguage\":\"fr-FR\",\"@id\":\"https:\/\/relaxsrl.com\/fr\/assemblage-etanche-a-leau\/#primaryimage\",\"url\":\"https:\/\/relaxsrl.com\/website\/wp-content\/uploads\/2023\/02\/X_NEUTRA_RELAX.jpg\",\"contentUrl\":\"https:\/\/relaxsrl.com\/website\/wp-content\/uploads\/2023\/02\/X_NEUTRA_RELAX.jpg\",\"width\":500,\"height\":500},{\"@type\":\"WebPage\",\"@id\":\"https:\/\/relaxsrl.com\/fr\/assemblage-etanche-a-leau\/#webpage\",\"url\":\"https:\/\/relaxsrl.com\/fr\/assemblage-etanche-a-leau\/\",\"name\":\"Assemblage \u00e9tanche \u00e0 l'eau - Relax srl\",\"isPartOf\":{\"@id\":\"https:\/\/relaxsrl.com\/#website\"},\"primaryImageOfPage\":{\"@id\":\"https:\/\/relaxsrl.com\/fr\/assemblage-etanche-a-leau\/#primaryimage\"},\"datePublished\":\"2021-11-25T14:37:09+00:00\",\"dateModified\":\"2023-09-08T10:08:57+00:00\",\"description\":\"Pour un assemblage \u00e9tanche \u00e0 l'eau, les professionnels doivent porter une attention particuli\u00e8re \u00e0 la phase de rev\u00eatement silicone.\",\"breadcrumb\":{\"@id\":\"https:\/\/relaxsrl.com\/fr\/assemblage-etanche-a-leau\/#breadcrumb\"},\"inLanguage\":\"fr-FR\",\"potentialAction\":[{\"@type\":\"ReadAction\",\"target\":[\"https:\/\/relaxsrl.com\/fr\/assemblage-etanche-a-leau\/\"]}]},{\"@type\":\"BreadcrumbList\",\"@id\":\"https:\/\/relaxsrl.com\/fr\/assemblage-etanche-a-leau\/#breadcrumb\",\"itemListElement\":[{\"@type\":\"ListItem\",\"position\":1,\"name\":\"Assemblage \u00e9tanche \u00e0 l&#8217;eau\"}]}]}<\/script>\n<!-- \/ Yoast SEO Premium plugin. -->","yoast_head_json":{"title":"Assemblage \u00e9tanche \u00e0 l'eau - Relax srl","description":"Pour un assemblage \u00e9tanche \u00e0 l'eau, les professionnels doivent porter une attention particuli\u00e8re \u00e0 la phase de rev\u00eatement silicone.","robots":{"index":"index","follow":"follow","max-snippet":"max-snippet:-1","max-image-preview":"max-image-preview:large","max-video-preview":"max-video-preview:-1"},"canonical":"https:\/\/relaxsrl.com\/fr\/assemblage-etanche-a-leau\/","og_locale":"fr_FR","og_type":"article","og_title":"Assemblage \u00e9tanche \u00e0 l'eau - Relax srl","og_description":"Pour un assemblage \u00e9tanche \u00e0 l'eau, les professionnels doivent porter une attention particuli\u00e8re \u00e0 la phase de rev\u00eatement silicone.","og_url":"https:\/\/relaxsrl.com\/fr\/assemblage-etanche-a-leau\/","og_site_name":"Relax srl","article_modified_time":"2023-09-08T10:08:57+00:00","og_image":[{"width":500,"height":500,"url":"https:\/\/relaxsrl.com\/website\/wp-content\/uploads\/2023\/02\/X_NEUTRA_RELAX.jpg","type":"image\/jpeg"}],"twitter_card":"summary_large_image","twitter_misc":{"Dur\u00e9e de lecture estim\u00e9e":"2 minutes"},"schema":{"@context":"https:\/\/schema.org","@graph":[{"@type":"WebSite","@id":"https:\/\/relaxsrl.com\/#website","url":"https:\/\/relaxsrl.com\/","name":"Relax srl","description":"","potentialAction":[{"@type":"SearchAction","target":{"@type":"EntryPoint","urlTemplate":"https:\/\/relaxsrl.com\/?s={search_term_string}"},"query-input":"required name=search_term_string"}],"inLanguage":"fr-FR"},{"@type":"ImageObject","inLanguage":"fr-FR","@id":"https:\/\/relaxsrl.com\/fr\/assemblage-etanche-a-leau\/#primaryimage","url":"https:\/\/relaxsrl.com\/website\/wp-content\/uploads\/2023\/02\/X_NEUTRA_RELAX.jpg","contentUrl":"https:\/\/relaxsrl.com\/website\/wp-content\/uploads\/2023\/02\/X_NEUTRA_RELAX.jpg","width":500,"height":500},{"@type":"WebPage","@id":"https:\/\/relaxsrl.com\/fr\/assemblage-etanche-a-leau\/#webpage","url":"https:\/\/relaxsrl.com\/fr\/assemblage-etanche-a-leau\/","name":"Assemblage \u00e9tanche \u00e0 l'eau - Relax srl","isPartOf":{"@id":"https:\/\/relaxsrl.com\/#website"},"primaryImageOfPage":{"@id":"https:\/\/relaxsrl.com\/fr\/assemblage-etanche-a-leau\/#primaryimage"},"datePublished":"2021-11-25T14:37:09+00:00","dateModified":"2023-09-08T10:08:57+00:00","description":"Pour un assemblage \u00e9tanche \u00e0 l'eau, les professionnels doivent porter une attention particuli\u00e8re \u00e0 la phase de rev\u00eatement silicone.","breadcrumb":{"@id":"https:\/\/relaxsrl.com\/fr\/assemblage-etanche-a-leau\/#breadcrumb"},"inLanguage":"fr-FR","potentialAction":[{"@type":"ReadAction","target":["https:\/\/relaxsrl.com\/fr\/assemblage-etanche-a-leau\/"]}]},{"@type":"BreadcrumbList","@id":"https:\/\/relaxsrl.com\/fr\/assemblage-etanche-a-leau\/#breadcrumb","itemListElement":[{"@type":"ListItem","position":1,"name":"Assemblage \u00e9tanche \u00e0 l&#8217;eau"}]}]}},"_links":{"self":[{"href":"https:\/\/relaxsrl.com\/fr\/wp-json\/wp\/v2\/pages\/12844"}],"collection":[{"href":"https:\/\/relaxsrl.com\/fr\/wp-json\/wp\/v2\/pages"}],"about":[{"href":"https:\/\/relaxsrl.com\/fr\/wp-json\/wp\/v2\/types\/page"}],"author":[{"embeddable":true,"href":"https:\/\/relaxsrl.com\/fr\/wp-json\/wp\/v2\/users\/3"}],"replies":[{"embeddable":true,"href":"https:\/\/relaxsrl.com\/fr\/wp-json\/wp\/v2\/comments?post=12844"}],"version-history":[{"count":8,"href":"https:\/\/relaxsrl.com\/fr\/wp-json\/wp\/v2\/pages\/12844\/revisions"}],"predecessor-version":[{"id":29146,"href":"https:\/\/relaxsrl.com\/fr\/wp-json\/wp\/v2\/pages\/12844\/revisions\/29146"}],"wp:featuredmedia":[{"embeddable":true,"href":"https:\/\/relaxsrl.com\/fr\/wp-json\/wp\/v2\/media\/25661"}],"wp:attachment":[{"href":"https:\/\/relaxsrl.com\/fr\/wp-json\/wp\/v2\/media?parent=12844"}],"curies":[{"name":"wp","href":"https:\/\/api.w.org\/{rel}","templated":true}]}}