{"id":12848,"date":"2021-11-25T15:56:16","date_gmt":"2021-11-25T14:56:16","guid":{"rendered":"http:\/\/relaxsrl.com\/montage-avec-ou-sans-receveur-de-douche\/"},"modified":"2023-09-20T17:58:49","modified_gmt":"2023-09-20T15:58:49","slug":"installer-une-cabine-de-douche","status":"publish","type":"page","link":"https:\/\/relaxsrl.com\/fr\/installer-une-cabine-de-douche\/","title":{"rendered":"Installer une cabine de douche"},"content":{"rendered":"<p>[vc_row full_width=\u00a0\u00bbstretch_row\u00a0\u00bb content_placement=\u00a0\u00bbmiddle\u00a0\u00bb el_class=\u00a0\u00bbintro-row\u00a0\u00bb][vc_column][vc_column_text]<\/p>\n<h1>Installer une cabine de douche<\/h1>\n<p>[\/vc_column_text][\/vc_column][\/vc_row][vc_row el_class=\u00a0\u00bbrow-path\u00a0\u00bb][vc_column][vc_column_text][\/vc_column_text][\/vc_column][\/vc_row][vc_row][vc_column width=\u00a0\u00bb1\/6&Prime;][\/vc_column][vc_column width=\u00a0\u00bb2\/3&Prime;][vc_column_text el_class=\u00a0\u00bbtxt-blue abstract weight500&Prime;]Comment installer une cabine de douche avec receveur de douche ? Et sans receveur de douche ? Voici ces courtes instructions, fondamentales pour organiser et cr\u00e9er une installation avant-gardiste. Toutes les solutions et le <a href=\"https:\/\/relaxsrl.com\/fr\/produits\/typologie\/cabine-de-douche\/\">cabine de douche<\/a> Relax sont certifi\u00e9es <a href=\"https:\/\/www.tuvsud.com\/fr-fr\">T\u00dcV S\u00dcD<\/a>.[\/vc_column_text][vc_empty_space height=\u00a0\u00bb35px\u00a0\u00bb][\/vc_column][\/vc_row][vc_row][vc_column width=\u00a0\u00bb1\/6&Prime;][\/vc_column][vc_column width=\u00a0\u00bb2\/3&Prime;][vc_column_text]<\/p>\n<h2>Installer une cabine de douche avec receveur<\/h2>\n<p>Pour assurer une installation parfaite de la cabine de douche en pr\u00e9sence d\u2019un receveur de douche, il y a quelques r\u00e8gles simples a suivre:<\/p>\n<ol>\n<li><strong>Prendre les mesures apr\u00e8s la pose<\/strong> <strong>du receveur<\/strong> de douche et du rev\u00eatement des murs. Un plat de douche 90&#215;90 (cm), apr\u00e8s pose et carrelage, devient 88,5&#215;88,5 (cm).<\/li>\n<li><strong>Ramener avec soins les cotes sur le dessin du relief<\/strong>: un bord int\u00e9rieur ou ext\u00e9rieur mal interpr\u00e9t\u00e9 donnera lieu \u00e0 une cabine de douche avec des mesures erron\u00e9es.<\/li>\n<\/ol>\n<p>[\/vc_column_text][vc_empty_space height=\u00a0\u00bb20px\u00a0\u00bb][vc_single_image image=\u00a0\u00bb5630&Prime; img_size=\u00a0\u00bbfull\u00a0\u00bb][vc_empty_space height=\u00a0\u00bb40px\u00a0\u00bb][vc_column_text]Par exemple: un receveur de douche de dimensions 70&#215;100 (cm), apr\u00e8s le carrelage aura des dimensions utiles de 68,5&#215;98,5. Les dimensions correctes de la cabine de douche seront donc : 67-69&#215;97-99 (cm) indiqu\u00e9es comme sur la figure, \u00e0 l\u2019ext\u00e9rieur de l\u2019emballage de vente.[\/vc_column_text][vc_empty_space height=\u00a0\u00bb20px\u00a0\u00bb][vc_single_image image=\u00a0\u00bb5682&Prime; img_size=\u00a0\u00bbfull\u00a0\u00bb][vc_empty_space height=\u00a0\u00bb40px\u00a0\u00bb][vc_column_text]Une derni\u00e8re \u00e9tape importante avant de proc\u00e9der est de v\u00e9rifier que le plat de douche est un bulle dans les deux sens (longitudinal et latitudinal). Enfin, la bulle des murs sur lesquels reposera la cabine de douche doit \u00e9galement \u00eatre confirm\u00e9e.[\/vc_column_text][vc_empty_space height=\u00a0\u00bb20px\u00a0\u00bb][vc_single_image image=\u00a0\u00bb5688&Prime; img_size=\u00a0\u00bbfull\u00a0\u00bb][vc_empty_space height=\u00a0\u00bb40px\u00a0\u00bb][vc_column_text]<\/p>\n<h3>Installer le receveur pour une cabine de douche en niche<\/h3>\n<p>Une des possibles variantes de montage de la cabine de douche avec un plat de douche, est celle de la niche. Pour une cabine de douche en niche, les reliefs doivent \u00eatre le plus pr\u00e9cis que possible, afin d\u2019\u00eatre parfaitement positionn\u00e9s. Dans la figure, on peut voir les 3 hauteurs auxquelles nous devons effectu\u00e9s le relief : en bas (L1), en milieu (L2) et en haut (L3). Tr\u00e8s souvent dans les niches de la maison les murs ne sont presque jamais parfaitement en bulle et pour cette raison, parmi les 3 mesures, la plus petite est celle \u00e0 laquelle se r\u00e9f\u00e9rer.[\/vc_column_text][vc_empty_space height=\u00a0\u00bb20px\u00a0\u00bb][vc_single_image image=\u00a0\u00bb5692&Prime; img_size=\u00a0\u00bbfull\u00a0\u00bb][vc_empty_space height=\u00a0\u00bb40px\u00a0\u00bb][vc_column_text]<\/p>\n<h3>Installer le receveur pour une cabine de douche en angle<\/h3>\n<p>La cabine de douche avec plat de douche angulaire est l\u2019une des solutions les plus courantes. Pour un montage parfait, dans le cas de la cabine de douche \u00e0 deux c\u00f4t\u00e9s, mesurer la distance du mur carrel\u00e9 au bord ext\u00e9rieur du plat de douche. (P e L).[\/vc_column_text][vc_empty_space height=\u00a0\u00bb20px\u00a0\u00bb][vc_column_text]<\/p>\n<h3>Installer le receveur pour une cabine de douche avec 3 c\u00f4t\u00e9s<\/h3>\n<p>Dans le cas de la cabine de douche avec 3 c\u00f4t\u00e9s, il faut mesurer la distance entre les deux bords externes, puis entre le mur (carrel\u00e9) e le bord frontal de la cabine de douche.[\/vc_column_text][vc_empty_space height=\u00a0\u00bb20px\u00a0\u00bb][vc_single_image image=\u00a0\u00bb5697&Prime; img_size=\u00a0\u00bbfull\u00a0\u00bb][vc_empty_space height=\u00a0\u00bb40px\u00a0\u00bb][vc_column_text]<\/p>\n<h3>Installer le receveur pour une cabine de douche semi-circulaire<\/h3>\n<p>Une cabine de douche avec plat semi circulaire n\u00e9cessite de toutes les attentions possibles. Pour vous aidez voici un simple sch\u00e9ma qui permet d\u2019en comprendre les mesures, ou:<\/p>\n<ul>\n<li>P,L sont les dimensions du receveur<\/li>\n<li>A, B sont les parties droites du receveur<\/li>\n<\/ul>\n<p>Le rayon sert \u00e0 calculer la courbure et donc l\u2019encombrement \u00e0 l\u2019int\u00e9rieur de la salle de bain.[\/vc_column_text][vc_empty_space height=\u00a0\u00bb20px\u00a0\u00bb][vc_single_image image=\u00a0\u00bb5650&Prime; img_size=\u00a0\u00bbfull\u00a0\u00bb][vc_empty_space height=\u00a0\u00bb40px\u00a0\u00bb][\/vc_column][\/vc_row][vc_row][vc_column width=\u00a0\u00bb1\/6&Prime;][\/vc_column][vc_column width=\u00a0\u00bb2\/3&Prime;][vc_column_text]<\/p>\n<h2>Installer une cabine de douche sans receveur<\/h2>\n<p>Le dernier cas \u00e0 examiner est le montage de la cabine de douche dans le cas o\u00f9 vous d\u00e9cidez de ne pas utiliser le receveur de douche. Cette particuli\u00e8re typologie d\u2019installation pr\u00e9voit toujours une v<strong>\u00e9rification pr\u00e9alable<\/strong> du niveau<strong> d\u2019inclinaison du plan d\u2019appui est des parois environnantes.<\/strong> La dimension de la cabine (extensibilit\u00e9 minimale ou maximale) doit comprendre la dimension du positionnement exact.[\/vc_column_text][vc_empty_space height=\u00a0\u00bb20px\u00a0\u00bb][vc_single_image image=\u00a0\u00bb5701&Prime; img_size=\u00a0\u00bbfull\u00a0\u00bb][vc_empty_space height=\u00a0\u00bb100px\u00a0\u00bb][\/vc_column][\/vc_row][vc_row][vc_column][vc_column_text]<\/p>\n<p>[\/vc_column_text][\/vc_column][\/vc_row]<\/p>\n","protected":false},"excerpt":{"rendered":"<p>[vc_row full_width=\u00a0\u00bbstretch_row\u00a0\u00bb content_placement=\u00a0\u00bbmiddle\u00a0\u00bb el_class=\u00a0\u00bbintro-row\u00a0\u00bb][vc_column][vc_column_text] Installer une cabine de douche [\/vc_column_text][\/vc_column][\/vc_row][vc_row el_class=\u00a0\u00bbrow-path\u00a0\u00bb][vc_column][vc_column_text][\/vc_column_text][\/vc_column][\/vc_row][vc_row][vc_column width=\u00a0\u00bb1\/6&Prime;][\/vc_column][vc_column width=\u00a0\u00bb2\/3&Prime;][vc_column_text el_class=\u00a0\u00bbtxt-blue abstract weight500&Prime;]Comment installer une cabine de douche avec receveur de douche ? Et sans receveur de douche ? Voici ces courtes instructions, fondamentales pour organiser et cr\u00e9er une installation avant-gardiste. Toutes les solutions et le cabine de douche Relax sont certifi\u00e9es [&hellip;]<\/p>\n","protected":false},"author":3,"featured_media":25661,"parent":0,"menu_order":0,"comment_status":"closed","ping_status":"closed","template":"","meta":[],"acf":[],"yoast_head":"<!-- This site is optimized with the Yoast SEO Premium plugin v18.4 (Yoast SEO v18.8) - https:\/\/yoast.com\/wordpress\/plugins\/seo\/ -->\n<title>Installer une cabine de douche - Relax srl<\/title>\n<meta name=\"description\" content=\"Comment installer une cabine de douche? Voici quelques br\u00e8ves instructions indispensables. En savoir plus.\" \/>\n<meta name=\"robots\" content=\"index, follow, max-snippet:-1, max-image-preview:large, max-video-preview:-1\" \/>\n<link rel=\"canonical\" href=\"https:\/\/relaxsrl.com\/fr\/installer-une-cabine-de-douche\/\" \/>\n<meta property=\"og:locale\" content=\"fr_FR\" \/>\n<meta property=\"og:type\" content=\"article\" \/>\n<meta property=\"og:title\" content=\"Installer une cabine de douche - Relax srl\" \/>\n<meta property=\"og:description\" content=\"Comment installer une cabine de douche? Voici quelques br\u00e8ves instructions indispensables. En savoir plus.\" \/>\n<meta property=\"og:url\" content=\"https:\/\/relaxsrl.com\/fr\/installer-une-cabine-de-douche\/\" \/>\n<meta property=\"og:site_name\" content=\"Relax srl\" \/>\n<meta property=\"article:modified_time\" content=\"2023-09-20T15:58:49+00:00\" \/>\n<meta property=\"og:image\" content=\"https:\/\/relaxsrl.com\/website\/wp-content\/uploads\/2023\/02\/X_NEUTRA_RELAX.jpg\" \/>\n\t<meta property=\"og:image:width\" content=\"500\" \/>\n\t<meta property=\"og:image:height\" content=\"500\" \/>\n\t<meta property=\"og:image:type\" content=\"image\/jpeg\" \/>\n<meta name=\"twitter:card\" content=\"summary_large_image\" \/>\n<meta name=\"twitter:label1\" content=\"Dur\u00e9e de lecture estim\u00e9e\" \/>\n\t<meta name=\"twitter:data1\" content=\"4 minutes\" \/>\n<script type=\"application\/ld+json\" class=\"yoast-schema-graph\">{\"@context\":\"https:\/\/schema.org\",\"@graph\":[{\"@type\":\"WebSite\",\"@id\":\"https:\/\/relaxsrl.com\/#website\",\"url\":\"https:\/\/relaxsrl.com\/\",\"name\":\"Relax srl\",\"description\":\"\",\"potentialAction\":[{\"@type\":\"SearchAction\",\"target\":{\"@type\":\"EntryPoint\",\"urlTemplate\":\"https:\/\/relaxsrl.com\/?s={search_term_string}\"},\"query-input\":\"required name=search_term_string\"}],\"inLanguage\":\"fr-FR\"},{\"@type\":\"ImageObject\",\"inLanguage\":\"fr-FR\",\"@id\":\"https:\/\/relaxsrl.com\/fr\/installer-une-cabine-de-douche\/#primaryimage\",\"url\":\"https:\/\/relaxsrl.com\/website\/wp-content\/uploads\/2023\/02\/X_NEUTRA_RELAX.jpg\",\"contentUrl\":\"https:\/\/relaxsrl.com\/website\/wp-content\/uploads\/2023\/02\/X_NEUTRA_RELAX.jpg\",\"width\":500,\"height\":500},{\"@type\":\"WebPage\",\"@id\":\"https:\/\/relaxsrl.com\/fr\/installer-une-cabine-de-douche\/#webpage\",\"url\":\"https:\/\/relaxsrl.com\/fr\/installer-une-cabine-de-douche\/\",\"name\":\"Installer une cabine de douche - Relax srl\",\"isPartOf\":{\"@id\":\"https:\/\/relaxsrl.com\/#website\"},\"primaryImageOfPage\":{\"@id\":\"https:\/\/relaxsrl.com\/fr\/installer-une-cabine-de-douche\/#primaryimage\"},\"datePublished\":\"2021-11-25T14:56:16+00:00\",\"dateModified\":\"2023-09-20T15:58:49+00:00\",\"description\":\"Comment installer une cabine de douche? Voici quelques br\u00e8ves instructions indispensables. En savoir plus.\",\"breadcrumb\":{\"@id\":\"https:\/\/relaxsrl.com\/fr\/installer-une-cabine-de-douche\/#breadcrumb\"},\"inLanguage\":\"fr-FR\",\"potentialAction\":[{\"@type\":\"ReadAction\",\"target\":[\"https:\/\/relaxsrl.com\/fr\/installer-une-cabine-de-douche\/\"]}]},{\"@type\":\"BreadcrumbList\",\"@id\":\"https:\/\/relaxsrl.com\/fr\/installer-une-cabine-de-douche\/#breadcrumb\",\"itemListElement\":[{\"@type\":\"ListItem\",\"position\":1,\"name\":\"Installer une cabine de douche\"}]}]}<\/script>\n<!-- \/ Yoast SEO Premium plugin. -->","yoast_head_json":{"title":"Installer une cabine de douche - Relax srl","description":"Comment installer une cabine de douche? Voici quelques br\u00e8ves instructions indispensables. En savoir plus.","robots":{"index":"index","follow":"follow","max-snippet":"max-snippet:-1","max-image-preview":"max-image-preview:large","max-video-preview":"max-video-preview:-1"},"canonical":"https:\/\/relaxsrl.com\/fr\/installer-une-cabine-de-douche\/","og_locale":"fr_FR","og_type":"article","og_title":"Installer une cabine de douche - Relax srl","og_description":"Comment installer une cabine de douche? Voici quelques br\u00e8ves instructions indispensables. En savoir plus.","og_url":"https:\/\/relaxsrl.com\/fr\/installer-une-cabine-de-douche\/","og_site_name":"Relax srl","article_modified_time":"2023-09-20T15:58:49+00:00","og_image":[{"width":500,"height":500,"url":"https:\/\/relaxsrl.com\/website\/wp-content\/uploads\/2023\/02\/X_NEUTRA_RELAX.jpg","type":"image\/jpeg"}],"twitter_card":"summary_large_image","twitter_misc":{"Dur\u00e9e de lecture estim\u00e9e":"4 minutes"},"schema":{"@context":"https:\/\/schema.org","@graph":[{"@type":"WebSite","@id":"https:\/\/relaxsrl.com\/#website","url":"https:\/\/relaxsrl.com\/","name":"Relax srl","description":"","potentialAction":[{"@type":"SearchAction","target":{"@type":"EntryPoint","urlTemplate":"https:\/\/relaxsrl.com\/?s={search_term_string}"},"query-input":"required name=search_term_string"}],"inLanguage":"fr-FR"},{"@type":"ImageObject","inLanguage":"fr-FR","@id":"https:\/\/relaxsrl.com\/fr\/installer-une-cabine-de-douche\/#primaryimage","url":"https:\/\/relaxsrl.com\/website\/wp-content\/uploads\/2023\/02\/X_NEUTRA_RELAX.jpg","contentUrl":"https:\/\/relaxsrl.com\/website\/wp-content\/uploads\/2023\/02\/X_NEUTRA_RELAX.jpg","width":500,"height":500},{"@type":"WebPage","@id":"https:\/\/relaxsrl.com\/fr\/installer-une-cabine-de-douche\/#webpage","url":"https:\/\/relaxsrl.com\/fr\/installer-une-cabine-de-douche\/","name":"Installer une cabine de douche - Relax srl","isPartOf":{"@id":"https:\/\/relaxsrl.com\/#website"},"primaryImageOfPage":{"@id":"https:\/\/relaxsrl.com\/fr\/installer-une-cabine-de-douche\/#primaryimage"},"datePublished":"2021-11-25T14:56:16+00:00","dateModified":"2023-09-20T15:58:49+00:00","description":"Comment installer une cabine de douche? Voici quelques br\u00e8ves instructions indispensables. En savoir plus.","breadcrumb":{"@id":"https:\/\/relaxsrl.com\/fr\/installer-une-cabine-de-douche\/#breadcrumb"},"inLanguage":"fr-FR","potentialAction":[{"@type":"ReadAction","target":["https:\/\/relaxsrl.com\/fr\/installer-une-cabine-de-douche\/"]}]},{"@type":"BreadcrumbList","@id":"https:\/\/relaxsrl.com\/fr\/installer-une-cabine-de-douche\/#breadcrumb","itemListElement":[{"@type":"ListItem","position":1,"name":"Installer une cabine de douche"}]}]}},"_links":{"self":[{"href":"https:\/\/relaxsrl.com\/fr\/wp-json\/wp\/v2\/pages\/12848"}],"collection":[{"href":"https:\/\/relaxsrl.com\/fr\/wp-json\/wp\/v2\/pages"}],"about":[{"href":"https:\/\/relaxsrl.com\/fr\/wp-json\/wp\/v2\/types\/page"}],"author":[{"embeddable":true,"href":"https:\/\/relaxsrl.com\/fr\/wp-json\/wp\/v2\/users\/3"}],"replies":[{"embeddable":true,"href":"https:\/\/relaxsrl.com\/fr\/wp-json\/wp\/v2\/comments?post=12848"}],"version-history":[{"count":6,"href":"https:\/\/relaxsrl.com\/fr\/wp-json\/wp\/v2\/pages\/12848\/revisions"}],"predecessor-version":[{"id":29199,"href":"https:\/\/relaxsrl.com\/fr\/wp-json\/wp\/v2\/pages\/12848\/revisions\/29199"}],"wp:featuredmedia":[{"embeddable":true,"href":"https:\/\/relaxsrl.com\/fr\/wp-json\/wp\/v2\/media\/25661"}],"wp:attachment":[{"href":"https:\/\/relaxsrl.com\/fr\/wp-json\/wp\/v2\/media?parent=12848"}],"curies":[{"name":"wp","href":"https:\/\/api.w.org\/{rel}","templated":true}]}}