{"id":12855,"date":"2021-11-25T16:00:56","date_gmt":"2021-11-25T15:00:56","guid":{"rendered":"http:\/\/relaxsrl.com\/page-non-trouvee\/"},"modified":"2021-12-10T15:28:12","modified_gmt":"2021-12-10T14:28:12","slug":"page-non-trouvee","status":"publish","type":"page","link":"https:\/\/relaxsrl.com\/fr\/page-non-trouvee\/","title":{"rendered":"Page non trouv\u00e9e"},"content":{"rendered":"<p>[vc_row full_width=\u00a0\u00bbstretch_row\u00a0\u00bb content_placement=\u00a0\u00bbmiddle\u00a0\u00bb el_class=\u00a0\u00bbintro-row\u00a0\u00bb][vc_column width=\u00a0\u00bb5\/12&Prime;][vc_column_text]<\/p>\n<h1>Page non trouv\u00e9e<\/h1>\n<p>[\/vc_column_text][\/vc_column][vc_column width=\u00a0\u00bb7\/12&Prime;][vc_column_text el_class=\u00a0\u00bbabstract\u00a0\u00bb][\/vc_column_text][\/vc_column][\/vc_row][vc_row el_class=\u00a0\u00bbrow-path\u00a0\u00bb][vc_column][vc_column_text][\/vc_column_text][\/vc_column][\/vc_row][vc_row][vc_column width=\u00a0\u00bb1\/4&Prime;][\/vc_column][vc_column width=\u00a0\u00bb1\/2&Prime;][vc_column_text]<\/p>\n<h3 style=\"text-align: center;\">404<br \/>\nQUELLE DOUCHE FROIDE !<\/h3>\n<div class=\"divider-blue divider-blue-center\"><\/div>\n<p style=\"text-align: center;\">La page que vous recherchez ne r\u00e9pond pas.<br \/>\nCeci peut avoir \u00e9t\u00e9 d\u00e9plac\u00e9 ou effac\u00e9. Ou \u00eates all\u00e9 profiter d&rsquo;une de nos douches avec bain turc <a href=\"http:\/\/relaxsrl.com\/fr\/produits\/collections\/steam\/\">Steam<\/a> \ud83d\ude09<\/p>\n<p>[\/vc_column_text][vc_empty_space height=\u00a0\u00bb50px\u00a0\u00bb][vc_btn title=\u00a0\u00bbALLER \u00c0 HOME\u00a0\u00bb style=\u00a0\u00bbclassic\u00a0\u00bb shape=\u00a0\u00bbsquare\u00a0\u00bb color=\u00a0\u00bbwhite\u00a0\u00bb align=\u00a0\u00bbcenter\u00a0\u00bb link=\u00a0\u00bburl:http%3A%2F%2Frelaxsrl.com%2Ffr%2F|title:Home|\u00a0\u00bb el_class=\u00a0\u00bbbtn-default\u00a0\u00bb][vc_empty_space height=\u00a0\u00bb100px\u00a0\u00bb][\/vc_column][vc_column width=\u00a0\u00bb1\/4&Prime;][\/vc_column][\/vc_row]<\/p>\n","protected":false},"excerpt":{"rendered":"<p>[vc_row full_width=\u00a0\u00bbstretch_row\u00a0\u00bb content_placement=\u00a0\u00bbmiddle\u00a0\u00bb el_class=\u00a0\u00bbintro-row\u00a0\u00bb][vc_column width=\u00a0\u00bb5\/12&Prime;][vc_column_text] Page non trouv\u00e9e [\/vc_column_text][\/vc_column][vc_column width=\u00a0\u00bb7\/12&Prime;][vc_column_text el_class=\u00a0\u00bbabstract\u00a0\u00bb][\/vc_column_text][\/vc_column][\/vc_row][vc_row el_class=\u00a0\u00bbrow-path\u00a0\u00bb][vc_column][vc_column_text][\/vc_column_text][\/vc_column][\/vc_row][vc_row][vc_column width=\u00a0\u00bb1\/4&Prime;][\/vc_column][vc_column width=\u00a0\u00bb1\/2&Prime;][vc_column_text] 404 QUELLE DOUCHE FROIDE ! La page que vous recherchez ne r\u00e9pond pas. Ceci peut avoir \u00e9t\u00e9 d\u00e9plac\u00e9 ou effac\u00e9. Ou \u00eates all\u00e9 profiter d&rsquo;une de nos douches avec bain turc Steam \ud83d\ude09 [\/vc_column_text][vc_empty_space height=\u00a0\u00bb50px\u00a0\u00bb][vc_btn title=\u00a0\u00bbALLER \u00c0 HOME\u00a0\u00bb style=\u00a0\u00bbclassic\u00a0\u00bb shape=\u00a0\u00bbsquare\u00a0\u00bb color=\u00a0\u00bbwhite\u00a0\u00bb [&hellip;]<\/p>\n","protected":false},"author":3,"featured_media":25661,"parent":0,"menu_order":0,"comment_status":"closed","ping_status":"closed","template":"","meta":[],"acf":[],"yoast_head":"<!-- This site is optimized with the Yoast SEO Premium plugin v18.4 (Yoast SEO v18.8) - https:\/\/yoast.com\/wordpress\/plugins\/seo\/ -->\n<title>Page non trouv\u00e9e - Relax srl<\/title>\n<meta name=\"robots\" content=\"noindex, follow\" \/>\n<meta property=\"og:locale\" content=\"fr_FR\" \/>\n<meta property=\"og:type\" content=\"article\" \/>\n<meta property=\"og:title\" content=\"Page non trouv\u00e9e - Relax srl\" \/>\n<meta property=\"og:description\" content=\"[vc_row full_width=\u00a0\u00bbstretch_row\u00a0\u00bb content_placement=\u00a0\u00bbmiddle\u00a0\u00bb el_class=\u00a0\u00bbintro-row\u00a0\u00bb][vc_column width=\u00a0\u00bb5\/12&Prime;][vc_column_text] Page non trouv\u00e9e [\/vc_column_text][\/vc_column][vc_column width=\u00a0\u00bb7\/12&Prime;][vc_column_text el_class=\u00a0\u00bbabstract\u00a0\u00bb][\/vc_column_text][\/vc_column][\/vc_row][vc_row el_class=\u00a0\u00bbrow-path\u00a0\u00bb][vc_column][vc_column_text][\/vc_column_text][\/vc_column][\/vc_row][vc_row][vc_column width=\u00a0\u00bb1\/4&Prime;][\/vc_column][vc_column width=\u00a0\u00bb1\/2&Prime;][vc_column_text] 404 QUELLE DOUCHE FROIDE ! La page que vous recherchez ne r\u00e9pond pas. Ceci peut avoir \u00e9t\u00e9 d\u00e9plac\u00e9 ou effac\u00e9. Ou \u00eates all\u00e9 profiter d&rsquo;une de nos douches avec bain turc Steam \ud83d\ude09 [\/vc_column_text][vc_empty_space height=\u00a0\u00bb50px\u00a0\u00bb][vc_btn title=\u00a0\u00bbALLER \u00c0 HOME\u00a0\u00bb style=\u00a0\u00bbclassic\u00a0\u00bb shape=\u00a0\u00bbsquare\u00a0\u00bb color=\u00a0\u00bbwhite\u00a0\u00bb [&hellip;]\" \/>\n<meta property=\"og:url\" content=\"https:\/\/relaxsrl.com\/fr\/page-non-trouvee\/\" \/>\n<meta property=\"og:site_name\" content=\"Relax srl\" \/>\n<meta property=\"article:modified_time\" content=\"2021-12-10T14:28:12+00:00\" \/>\n<meta name=\"twitter:card\" content=\"summary_large_image\" \/>\n<meta name=\"twitter:label1\" content=\"Dur\u00e9e de lecture estim\u00e9e\" \/>\n\t<meta name=\"twitter:data1\" content=\"1 minute\" \/>\n<script type=\"application\/ld+json\" class=\"yoast-schema-graph\">{\"@context\":\"https:\/\/schema.org\",\"@graph\":[{\"@type\":\"WebSite\",\"@id\":\"https:\/\/relaxsrl.com\/#website\",\"url\":\"https:\/\/relaxsrl.com\/\",\"name\":\"Relax srl\",\"description\":\"\",\"potentialAction\":[{\"@type\":\"SearchAction\",\"target\":{\"@type\":\"EntryPoint\",\"urlTemplate\":\"https:\/\/relaxsrl.com\/?s={search_term_string}\"},\"query-input\":\"required name=search_term_string\"}],\"inLanguage\":\"fr-FR\"},{\"@type\":\"ImageObject\",\"inLanguage\":\"fr-FR\",\"@id\":\"https:\/\/relaxsrl.com\/fr\/page-non-trouvee\/#primaryimage\",\"url\":\"https:\/\/relaxsrl.com\/website\/wp-content\/uploads\/2023\/02\/X_NEUTRA_RELAX.jpg\",\"contentUrl\":\"https:\/\/relaxsrl.com\/website\/wp-content\/uploads\/2023\/02\/X_NEUTRA_RELAX.jpg\",\"width\":500,\"height\":500},{\"@type\":\"WebPage\",\"@id\":\"https:\/\/relaxsrl.com\/fr\/page-non-trouvee\/#webpage\",\"url\":\"https:\/\/relaxsrl.com\/fr\/page-non-trouvee\/\",\"name\":\"Page non trouv\u00e9e - Relax srl\",\"isPartOf\":{\"@id\":\"https:\/\/relaxsrl.com\/#website\"},\"primaryImageOfPage\":{\"@id\":\"https:\/\/relaxsrl.com\/fr\/page-non-trouvee\/#primaryimage\"},\"datePublished\":\"2021-11-25T15:00:56+00:00\",\"dateModified\":\"2021-12-10T14:28:12+00:00\",\"breadcrumb\":{\"@id\":\"https:\/\/relaxsrl.com\/fr\/page-non-trouvee\/#breadcrumb\"},\"inLanguage\":\"fr-FR\",\"potentialAction\":[{\"@type\":\"ReadAction\",\"target\":[\"https:\/\/relaxsrl.com\/fr\/page-non-trouvee\/\"]}]},{\"@type\":\"BreadcrumbList\",\"@id\":\"https:\/\/relaxsrl.com\/fr\/page-non-trouvee\/#breadcrumb\",\"itemListElement\":[{\"@type\":\"ListItem\",\"position\":1,\"name\":\"Page non trouv\u00e9e\"}]}]}<\/script>\n<!-- \/ Yoast SEO Premium plugin. -->","yoast_head_json":{"title":"Page non trouv\u00e9e - Relax srl","robots":{"index":"noindex","follow":"follow"},"og_locale":"fr_FR","og_type":"article","og_title":"Page non trouv\u00e9e - Relax srl","og_description":"[vc_row full_width=\u00a0\u00bbstretch_row\u00a0\u00bb content_placement=\u00a0\u00bbmiddle\u00a0\u00bb el_class=\u00a0\u00bbintro-row\u00a0\u00bb][vc_column width=\u00a0\u00bb5\/12&Prime;][vc_column_text] Page non trouv\u00e9e [\/vc_column_text][\/vc_column][vc_column width=\u00a0\u00bb7\/12&Prime;][vc_column_text el_class=\u00a0\u00bbabstract\u00a0\u00bb][\/vc_column_text][\/vc_column][\/vc_row][vc_row el_class=\u00a0\u00bbrow-path\u00a0\u00bb][vc_column][vc_column_text][\/vc_column_text][\/vc_column][\/vc_row][vc_row][vc_column width=\u00a0\u00bb1\/4&Prime;][\/vc_column][vc_column width=\u00a0\u00bb1\/2&Prime;][vc_column_text] 404 QUELLE DOUCHE FROIDE ! La page que vous recherchez ne r\u00e9pond pas. Ceci peut avoir \u00e9t\u00e9 d\u00e9plac\u00e9 ou effac\u00e9. Ou \u00eates all\u00e9 profiter d&rsquo;une de nos douches avec bain turc Steam \ud83d\ude09 [\/vc_column_text][vc_empty_space height=\u00a0\u00bb50px\u00a0\u00bb][vc_btn title=\u00a0\u00bbALLER \u00c0 HOME\u00a0\u00bb style=\u00a0\u00bbclassic\u00a0\u00bb shape=\u00a0\u00bbsquare\u00a0\u00bb color=\u00a0\u00bbwhite\u00a0\u00bb [&hellip;]","og_url":"https:\/\/relaxsrl.com\/fr\/page-non-trouvee\/","og_site_name":"Relax srl","article_modified_time":"2021-12-10T14:28:12+00:00","twitter_card":"summary_large_image","twitter_misc":{"Dur\u00e9e de lecture estim\u00e9e":"1 minute"},"schema":{"@context":"https:\/\/schema.org","@graph":[{"@type":"WebSite","@id":"https:\/\/relaxsrl.com\/#website","url":"https:\/\/relaxsrl.com\/","name":"Relax srl","description":"","potentialAction":[{"@type":"SearchAction","target":{"@type":"EntryPoint","urlTemplate":"https:\/\/relaxsrl.com\/?s={search_term_string}"},"query-input":"required name=search_term_string"}],"inLanguage":"fr-FR"},{"@type":"ImageObject","inLanguage":"fr-FR","@id":"https:\/\/relaxsrl.com\/fr\/page-non-trouvee\/#primaryimage","url":"https:\/\/relaxsrl.com\/website\/wp-content\/uploads\/2023\/02\/X_NEUTRA_RELAX.jpg","contentUrl":"https:\/\/relaxsrl.com\/website\/wp-content\/uploads\/2023\/02\/X_NEUTRA_RELAX.jpg","width":500,"height":500},{"@type":"WebPage","@id":"https:\/\/relaxsrl.com\/fr\/page-non-trouvee\/#webpage","url":"https:\/\/relaxsrl.com\/fr\/page-non-trouvee\/","name":"Page non trouv\u00e9e - Relax srl","isPartOf":{"@id":"https:\/\/relaxsrl.com\/#website"},"primaryImageOfPage":{"@id":"https:\/\/relaxsrl.com\/fr\/page-non-trouvee\/#primaryimage"},"datePublished":"2021-11-25T15:00:56+00:00","dateModified":"2021-12-10T14:28:12+00:00","breadcrumb":{"@id":"https:\/\/relaxsrl.com\/fr\/page-non-trouvee\/#breadcrumb"},"inLanguage":"fr-FR","potentialAction":[{"@type":"ReadAction","target":["https:\/\/relaxsrl.com\/fr\/page-non-trouvee\/"]}]},{"@type":"BreadcrumbList","@id":"https:\/\/relaxsrl.com\/fr\/page-non-trouvee\/#breadcrumb","itemListElement":[{"@type":"ListItem","position":1,"name":"Page non trouv\u00e9e"}]}]}},"_links":{"self":[{"href":"https:\/\/relaxsrl.com\/fr\/wp-json\/wp\/v2\/pages\/12855"}],"collection":[{"href":"https:\/\/relaxsrl.com\/fr\/wp-json\/wp\/v2\/pages"}],"about":[{"href":"https:\/\/relaxsrl.com\/fr\/wp-json\/wp\/v2\/types\/page"}],"author":[{"embeddable":true,"href":"https:\/\/relaxsrl.com\/fr\/wp-json\/wp\/v2\/users\/3"}],"replies":[{"embeddable":true,"href":"https:\/\/relaxsrl.com\/fr\/wp-json\/wp\/v2\/comments?post=12855"}],"version-history":[{"count":6,"href":"https:\/\/relaxsrl.com\/fr\/wp-json\/wp\/v2\/pages\/12855\/revisions"}],"predecessor-version":[{"id":15214,"href":"https:\/\/relaxsrl.com\/fr\/wp-json\/wp\/v2\/pages\/12855\/revisions\/15214"}],"wp:featuredmedia":[{"embeddable":true,"href":"https:\/\/relaxsrl.com\/fr\/wp-json\/wp\/v2\/media\/25661"}],"wp:attachment":[{"href":"https:\/\/relaxsrl.com\/fr\/wp-json\/wp\/v2\/media?parent=12855"}],"curies":[{"name":"wp","href":"https:\/\/api.w.org\/{rel}","templated":true}]}}