{"id":12870,"date":"2021-11-25T16:13:55","date_gmt":"2021-11-25T15:13:55","guid":{"rendered":"http:\/\/relaxsrl.com\/politique-de-confidentialite\/"},"modified":"2023-07-06T14:52:18","modified_gmt":"2023-07-06T12:52:18","slug":"politique-de-confidentialite","status":"publish","type":"page","link":"https:\/\/relaxsrl.com\/fr\/politique-de-confidentialite\/","title":{"rendered":"Politique de confidentialit\u00e9"},"content":{"rendered":"<p>[vc_row][vc_column][vc_column_text]<strong>POLITIQUE DE CONFIDENTIALIT\u00c9<\/strong><\/p>\n<p><strong>\u00a0<\/strong><\/p>\n<p>Cette page d\u00e9crit comment g\u00e9rer le site en r\u00e9f\u00e9rence au traitement des donn\u00e9es personnelles des utilisateurs qui le consultent.<\/p>\n<p>Il s&rsquo;agit d&rsquo;une divulgation pr\u00e9vue \u00e0 l&rsquo;art. 13 du R\u00e8glement (UE) 2016\/679 (\u00ab\u00a0GDPR\u00a0\u00bb) et de la l\u00e9gislation nationale en vigueur, \u00e0 ceux qui interagissent avec les services web de RELAX SRL, accessibles par voie \u00e9lectronique \u00e0 partir de l&rsquo;adresse\u00a0:<\/p>\n<p>&nbsp;<\/p>\n<p><strong>www.relaxsrl.com<\/strong><\/p>\n<p>&nbsp;<\/p>\n<p>correspondant \u00e0 la page d&rsquo;accueil du site officiel de RELAX SRL.<\/p>\n<p>Les informations sont fournies uniquement pour le site RELAX SRL et pour les sous-domaines associ\u00e9s (par exemple : www.dominioprincipale.it\/sottodominio), et non pour d&rsquo;autres sites Web externes consult\u00e9s par l&rsquo;utilisateur \u00e0 l&rsquo;aide de liens sur le site.<\/p>\n<p>L&rsquo;information s&rsquo;inspire \u00e9galement de la Recommandation n. 2\/2001 que les autorit\u00e9s europ\u00e9ennes pour la protection des donn\u00e9es personnelles, r\u00e9unies dans le Groupe institu\u00e9 par l&rsquo;art. 29 de la directive n. 95\/46\/CE, adopt\u00e9 le 17 mai 2001 pour identifier certaines exigences minimales pour la collecte de donn\u00e9es personnelles en ligne, et, en particulier, les modalit\u00e9s, les d\u00e9lais et la nature des informations que les responsables du traitement doivent fournir aux utilisateurs lorsqu&rsquo;ils se connectent \u00e0 pages Web, quel que soit le but de la connexion.<\/p>\n<p>&nbsp;<\/p>\n<p><strong>Qui traite les donn\u00e9es personnelles<\/strong><\/p>\n<p>Le responsable du traitement, c&rsquo;est-\u00e0-dire le sujet qui d\u00e9termine les finalit\u00e9s et les moyens du traitement des donn\u00e9es personnelles, est RELAX SRL, dont le si\u00e8ge social est situ\u00e9 Via Leonardo da Vinci, 2A &#8211; 30020 Torre di Mosto (VE).<\/p>\n<p>&nbsp;<\/p>\n<p><strong>Type de donn\u00e9es trait\u00e9es et finalit\u00e9 du traitement<\/strong><\/p>\n<p><strong>\u00a0<\/strong><\/p>\n<p><strong>Donn\u00e9es de navigation<\/strong><\/p>\n<p>Les syst\u00e8mes informatiques et les proc\u00e9dures logicielles utilis\u00e9es pour faire fonctionner ce site Web acqui\u00e8rent, au cours de leur fonctionnement normal, certaines donn\u00e9es personnelles dont la transmission est implicite dans l&rsquo;utilisation des protocoles de communication Internet.<\/p>\n<p>Il s&rsquo;agit d&rsquo;informations qui ne sont pas collect\u00e9es pour \u00eatre associ\u00e9es \u00e0 des int\u00e9ress\u00e9s identifi\u00e9s, mais qui, de par leur nature m\u00eame, pourraient, par des \u00e9laborations et des associations avec des donn\u00e9es d\u00e9tenues par des tiers, permettre d&rsquo;identifier les utilisateurs.<\/p>\n<p>Cette cat\u00e9gorie de donn\u00e9es comprend les adresses IP ou les noms de domaine des ordinateurs utilis\u00e9s par les utilisateurs qui se connectent au site, les adresses en notation URI (Uniform Resource Identifier) \u200b\u200b\u200b\u200bdes ressources demand\u00e9es, l&rsquo;heure de la demande, la m\u00e9thode utilis\u00e9e pour soumettre la requ\u00eate au serveur, la taille du fichier obtenu en r\u00e9ponse, le code num\u00e9rique indiquant l&rsquo;\u00e9tat de la r\u00e9ponse donn\u00e9e par le serveur (succ\u00e8s, erreur, etc.) et d&rsquo;autres param\u00e8tres relatifs au syst\u00e8me d&rsquo;exploitation et \u00e0 l&rsquo;environnement informatique de l&rsquo;utilisateur .<\/p>\n<p>Ces donn\u00e9es sont utilis\u00e9es dans le seul but d&rsquo;obtenir des informations statistiques anonymes sur l&rsquo;utilisation du site et de v\u00e9rifier son bon fonctionnement et sont annul\u00e9es apr\u00e8s traitement. Les donn\u00e9es pourraient \u00eatre utilis\u00e9es pour d\u00e9terminer la responsabilit\u00e9 en cas d&rsquo;hypoth\u00e9tiques d\u00e9lits informatiques contre le site.<\/p>\n<p>&nbsp;<\/p>\n<p><strong>Donn\u00e9es fournies volontairement par l&rsquo;utilisateur<\/strong><\/p>\n<p>L&rsquo;envoi facultatif, explicite et volontaire d&rsquo;e-mails aux adresses indiqu\u00e9es sur ce site, \u00e9galement en remplissant des formulaires sp\u00e9cifiques, implique l&rsquo;acquisition ult\u00e9rieure de l&rsquo;adresse de l&rsquo;exp\u00e9diteur, n\u00e9cessaire pour r\u00e9pondre aux demandes, ainsi que de toute autre donn\u00e9e personnelle incluse dans le missive.<\/p>\n<p>&nbsp;<\/p>\n<p>La collecte et le traitement des donn\u00e9es personnelles fournies volontairement sont effectu\u00e9s aux fins suivantes et en vertu des bases juridiques respectives :<\/p>\n<p>&nbsp;<\/p>\n<table width=\"100%\">\n<tbody>\n<tr>\n<td width=\"68%\"><em>Objectif<\/em><\/td>\n<td width=\"30%\"><em>Base juridique (art. 6 RGPD)<\/em><\/td>\n<\/tr>\n<tr>\n<td width=\"68%\">Traitement des demandes d&rsquo;informations sur les services fournis et les produits\/solutions commercialis\u00e9s directement par RELAX SRL, et traitement des rapports de toute nature.<\/td>\n<td width=\"30%\">Demande de l&rsquo;utilisateur, en envoyant une demande et\/ou une communication \u00e9galement via le formulaire de contact.<\/td>\n<\/tr>\n<tr>\n<td width=\"68%\">Gestion du E-recrutement et\/ou autres formes de collaboration professionnelle, sur candidature spontan\u00e9e ou via un formulaire sp\u00e9cifique.<\/td>\n<td width=\"30%\">Demande de l&rsquo;Utilisateur, en envoyant sa candidature.<\/td>\n<\/tr>\n<tr>\n<td width=\"68%\">Abonnement au service de newsletter avec contenu informatif, commercial et\/ou promotionnel<\/td>\n<td width=\"30%\">Consentement de l&rsquo;utilisateur.<\/p>\n<p>&nbsp;<\/p>\n<p>Le consentement est facultatif et peut \u00eatre retir\u00e9 \u00e0 tout moment<\/td>\n<\/tr>\n<tr>\n<td width=\"68%\">Inscription et acc\u00e8s aux Espaces R\u00e9serv\u00e9s du site (Architectes, Revendeurs, Configurateur)<\/td>\n<td width=\"30%\">Demande de l&rsquo;utilisateur, envoy\u00e9e \u00e0 l&rsquo;aide du formulaire appropri\u00e9.<\/td>\n<\/tr>\n<\/tbody>\n<\/table>\n<p>&nbsp;<\/p>\n<p>Toute information sp\u00e9cifique sera progressivement signal\u00e9e ou affich\u00e9e sur les pages du site am\u00e9nag\u00e9es pour des services particuliers sur simple demande.<\/p>\n<p>&nbsp;<\/p>\n<p>La collecte et l&rsquo;enregistrement des donn\u00e9es auront lieu pour des finalit\u00e9s d\u00e9termin\u00e9es, explicites et l\u00e9gitimes et avec des m\u00e9thodes compatibles avec ces finalit\u00e9s, dans le cadre du traitement n\u00e9cessaire au fonctionnement de l&rsquo;activit\u00e9 commerciale. Ces donn\u00e9es seront trait\u00e9es selon le principe d&rsquo;exactitude et, le cas \u00e9ch\u00e9ant, d\u00fbment mises \u00e0 jour, afin qu&rsquo;elles soient toujours pertinentes, compl\u00e8tes et non excessives au regard des finalit\u00e9s de la collecte et que leur conservation soit fonctionnelle pendant la dur\u00e9e n\u00e9cessaire \u00e0 la finalit\u00e9 pour lesquelles ont \u00e9t\u00e9 collect\u00e9es puis trait\u00e9es conform\u00e9ment au RGPD et \u00e0 la l\u00e9gislation nationale en vigueur.<\/p>\n<p>Les donn\u00e9es personnelles peuvent \u00eatre trait\u00e9es \u00e0 l&rsquo;aide d&rsquo;outils papier et t\u00e9l\u00e9matiques et dans tous les cas de mani\u00e8re \u00e0 garantir leur s\u00e9curit\u00e9 et \u00e0 prot\u00e9ger au maximum la confidentialit\u00e9 de l&rsquo;int\u00e9ress\u00e9. Des mesures de s\u00e9curit\u00e9 sp\u00e9cifiques sont observ\u00e9es pour pr\u00e9venir la perte de donn\u00e9es, l&rsquo;utilisation illicite ou incorrecte et l&rsquo;acc\u00e8s non autoris\u00e9 dans le plein respect de l&rsquo;art. 32 du RGPD et la l\u00e9gislation nationale en vigueur.<\/p>\n<p>&nbsp;<\/p>\n<p><strong>Cookies, plugins et services d&rsquo;interaction avec des plateformes externes<\/strong><\/p>\n<p>Des informations compl\u00e8tes sur l&rsquo;utilisation des cookies et des services d&rsquo;interaction avec des plateformes externes (par exemple les r\u00e9seaux sociaux) par ce site sont disponibles sur le lien suivant :<\/p>\n<p>&nbsp;<\/p>\n<p><a href=\"https:\/\/relaxsrl.com\/fr\/politique-de-cookies\/\"><strong><u>Politique relative aux cookies du site www.relaxsrl.com<\/u><\/strong><\/a><\/p>\n<p><em>\u00a0<\/em><\/p>\n<p><strong>Nature de la contribution<\/strong><\/p>\n<p>En dehors de ce qui est sp\u00e9cifi\u00e9 pour les donn\u00e9es de navigation, la fourniture de donn\u00e9es par l&rsquo;Utilisateur est volontaire. Le d\u00e9faut de fournir des donn\u00e9es peut emp\u00eacher RELAX SRL de traiter les services demand\u00e9s.<\/p>\n<p>Le consentement, lorsqu&rsquo;il est requis \u00e0 des fins sp\u00e9cifiques, est toujours facultatif et, s&rsquo;il est accord\u00e9, peut \u00eatre r\u00e9voqu\u00e9 \u00e0 tout moment en envoyant une demande \u00e0 l&rsquo;adresse suivante : info@relaxsrl.com.<\/p>\n<p><strong>\u00a0<\/strong><\/p>\n<p><strong>Communication de donn\u00e9es<\/strong><\/p>\n<p>Sans pr\u00e9judice des communications et divulgations effectu\u00e9es dans le respect des obligations l\u00e9gales, toutes les donn\u00e9es collect\u00e9es et trait\u00e9es pourront \u00eatre communiqu\u00e9es \u00e0 :<\/p>\n<ul>\n<li>Sujets auxquels il est n\u00e9cessaire de communiquer les donn\u00e9es pour l&rsquo;ex\u00e9cution d&rsquo;un contrat dont l&rsquo;int\u00e9ress\u00e9 fait partie ou pour l&rsquo;ex\u00e9cution de mesures pr\u00e9contractuelles adopt\u00e9es \u00e0 la demande de celui-ci, ainsi que, en g\u00e9n\u00e9ral , pour la poursuite des finalit\u00e9s mentionn\u00e9es dans cette d\u00e9claration\u00a0;<\/li>\n<li>Les sujets qui effectuent le traitement pour le compte du responsable du traitement en tant que responsables conform\u00e9ment \u00e0 l&rsquo;art. 28 GDPR, tels que, \u00e0 titre d&rsquo;exemple mais sans s&rsquo;y limiter\u00a0: les sujets qui fournissent des services pour la gestion du syst\u00e8me d&rsquo;information et des r\u00e9seaux de t\u00e9l\u00e9communications (y compris le courrier \u00e9lectronique). La liste compl\u00e8te et mise \u00e0 jour des Responsables peut \u00eatre connue, des ayants droit, sur simple demande au si\u00e8ge du Responsable du traitement<\/li>\n<li>Sujets autoris\u00e9s \u00e0 acc\u00e9der aux donn\u00e9es par la l\u00e9gislation en vigueur et\/ou auxquels les donn\u00e9es doivent \u00eatre communiqu\u00e9es en ex\u00e9cution d&rsquo;obligations l\u00e9gales.<\/li>\n<\/ul>\n<p>Les donn\u00e9es personnelles peuvent \u00eatre trait\u00e9es par les employ\u00e9s et collaborateurs affect\u00e9s aux bureaux comp\u00e9tents du soussign\u00e9, explicitement autoris\u00e9s pour le traitement sur la base des dispositions de l&rsquo;art. 29 du RGPD et par la l\u00e9gislation nationale en vigueur.<\/p>\n<p><strong>\u00a0<\/strong><\/p>\n<p><strong>Transferts de donn\u00e9es \u00e0 l&rsquo;\u00e9tranger<\/strong><\/p>\n<p>Les donn\u00e9es personnelles ne peuvent \u00eatre transf\u00e9r\u00e9es \u00e0 l&rsquo;\u00e9tranger que pour la poursuite des finalit\u00e9s vis\u00e9es dans ces informations, ou pour des raisons strictement techniques li\u00e9es \u00e0 la structure du syst\u00e8me informatique de l&rsquo;entreprise et\/ou \u00e0 l&rsquo;application de mesures de s\u00e9curit\u00e9 techniques et organisationnelles jug\u00e9es appropri\u00e9es par le responsable du traitement. , et exclusivement dans le respect des articles 44 et suiv. GDPR (en pr\u00e9sence de d\u00e9cisions d&rsquo;ad\u00e9quation et\/ou de garanties ad\u00e9quates, toujours \u00e0 condition que les parties int\u00e9ress\u00e9es disposent de droits ex\u00e9cutoires et de recours effectifs, ou \u00e0 condition que l&rsquo;on tombe, de temps \u00e0 autre, dans l&rsquo;une des d\u00e9rogations sp\u00e9cifiques pr\u00e9vues par le l\u00e9gislation).<\/p>\n<p><strong>\u00a0<\/strong><\/p>\n<p><strong>Dur\u00e9es de conservation des donn\u00e9es\u00a0:<\/strong><\/p>\n<p>Les donn\u00e9es sont conserv\u00e9es pendant une dur\u00e9e n&rsquo;exc\u00e9dant pas la r\u00e9alisation des finalit\u00e9s indiqu\u00e9es dans ces informations. En particulier, les donn\u00e9es fournies seront stock\u00e9es dans nos archives selon les param\u00e8tres suivants :<\/p>\n<ul>\n<li>Donn\u00e9es fournies volontairement par l&rsquo;utilisateur\u00a0: jusqu&rsquo;\u00e0 l&rsquo;ach\u00e8vement du service ou sur la base des d\u00e9lais fix\u00e9s par la loi\u00a0;<\/li>\n<li>Donn\u00e9es trait\u00e9es pour l&rsquo;envoi de la newsletter\u00a0: jusqu&rsquo;\u00e0 la demande d&rsquo;annulation aupr\u00e8s du service\u00a0;<\/li>\n<\/ul>\n<p>En relation avec le d\u00e9lai de prescription sp\u00e9cifique pr\u00e9vu par la loi, les donn\u00e9es n\u00e9cessaires \u00e0 l&rsquo;appr\u00e9ciation, l&rsquo;exercice ou la d\u00e9fense d&rsquo;un droit en justice pourront faire l&rsquo;objet de dur\u00e9es de conservation plus longues.<\/p>\n<p>La v\u00e9rification de l&rsquo;obsolescence des donn\u00e9es stock\u00e9es au regard des finalit\u00e9s pour lesquelles elles ont \u00e9t\u00e9 collect\u00e9es est effectu\u00e9e p\u00e9riodiquement.<\/p>\n<p><strong>\u00a0<\/strong><\/p>\n<p><strong>Droits de l&rsquo;int\u00e9ress\u00e9<\/strong><\/p>\n<p>L&rsquo;int\u00e9ress\u00e9 a le droit d&rsquo;obtenir, dans les cas pr\u00e9vus, l&rsquo;acc\u00e8s \u00e0 ses donn\u00e9es personnelles et la rectification ou l&rsquo;annulation de celles-ci ou la limitation du traitement qui le concerne ou de s&rsquo;opposer au traitement (articles 15 et suivants du RGPD ) , en contactant le Responsable du traitement \u00e0 l&rsquo;adresse e-mail suivante : info@relaxsrl.com.<\/p>\n<p>&nbsp;<\/p>\n<p><strong>Droit de r\u00e9clamation<\/strong><\/p>\n<p>L&rsquo;int\u00e9ress\u00e9 qui estime que le traitement des donn\u00e9es personnelles a lieu en violation des dispositions du GDPR 2016\/679 a le droit de d\u00e9poser une plainte aupr\u00e8s de l&rsquo;autorit\u00e9 de contr\u00f4le de l&rsquo;\u00c9tat de l&rsquo;Union europ\u00e9enne dans lequel il r\u00e9side, travaille ou de le lieu o\u00f9 s&rsquo;est produite la violation all\u00e9gu\u00e9e, comme le pr\u00e9voit l&rsquo;art. 77 GDPR 2016\/679, ou d&rsquo;exercer les fonctions judiciaires appropri\u00e9es.<\/p>\n<p><strong><span style=\"text-decoration: line-through;\">\u00a0<\/span><\/strong><\/p>\n<p><strong>Pour plus d&rsquo;informations, vous pouvez contacter le responsable du traitement\u00a0:<\/strong><\/p>\n<p><strong>\u00a0<\/strong><\/p>\n<p><strong>RELAX SRL<\/strong><\/p>\n<p>Via L\u00e9onard de Vinci, 2A &#8211; 30020 Torre di Mosto (VE)<\/p>\n<p>T\u00e9l\u00e9phone +39 0421 1765124 &#8211; Fax +39 0421 466654<\/p>\n<p>eM.\u00a0: info@relaxsrl.com<\/p>\n<p>&nbsp;<\/p>\n<p>Derni\u00e8re modification\u00a0: 06\/07\/2023[\/vc_column_text][vc_empty_space height=\u00a0\u00bb100px\u00a0\u00bb][\/vc_column][\/vc_row]<\/p>\n","protected":false},"excerpt":{"rendered":"<p>[vc_row][vc_column][vc_column_text]POLITIQUE DE CONFIDENTIALIT\u00c9 \u00a0 Cette page d\u00e9crit comment g\u00e9rer le site en r\u00e9f\u00e9rence au traitement des donn\u00e9es personnelles des utilisateurs qui le consultent. Il s&rsquo;agit d&rsquo;une divulgation pr\u00e9vue \u00e0 l&rsquo;art. 13 du R\u00e8glement (UE) 2016\/679 (\u00ab\u00a0GDPR\u00a0\u00bb) et de la l\u00e9gislation nationale en vigueur, \u00e0 ceux qui interagissent avec les services web de RELAX SRL, accessibles [&hellip;]<\/p>\n","protected":false},"author":3,"featured_media":0,"parent":0,"menu_order":0,"comment_status":"closed","ping_status":"open","template":"","meta":[],"acf":[],"yoast_head":"<!-- This site is optimized with the Yoast SEO Premium plugin v18.4 (Yoast SEO v18.8) - https:\/\/yoast.com\/wordpress\/plugins\/seo\/ -->\n<title>Politique de confidentialit\u00e9 - Relax srl<\/title>\n<meta name=\"robots\" content=\"noindex, follow\" \/>\n<meta property=\"og:locale\" content=\"fr_FR\" \/>\n<meta property=\"og:type\" content=\"article\" \/>\n<meta property=\"og:title\" content=\"Politique de confidentialit\u00e9 - Relax srl\" \/>\n<meta property=\"og:description\" content=\"[vc_row][vc_column][vc_column_text]POLITIQUE DE CONFIDENTIALIT\u00c9 \u00a0 Cette page d\u00e9crit comment g\u00e9rer le site en r\u00e9f\u00e9rence au traitement des donn\u00e9es personnelles des utilisateurs qui le consultent. Il s&rsquo;agit d&rsquo;une divulgation pr\u00e9vue \u00e0 l&rsquo;art. 13 du R\u00e8glement (UE) 2016\/679 (\u00ab\u00a0GDPR\u00a0\u00bb) et de la l\u00e9gislation nationale en vigueur, \u00e0 ceux qui interagissent avec les services web de RELAX SRL, accessibles [&hellip;]\" \/>\n<meta property=\"og:url\" content=\"https:\/\/relaxsrl.com\/fr\/politique-de-confidentialite\/\" \/>\n<meta property=\"og:site_name\" content=\"Relax srl\" \/>\n<meta property=\"article:modified_time\" content=\"2023-07-06T12:52:18+00:00\" \/>\n<meta name=\"twitter:card\" content=\"summary_large_image\" \/>\n<meta name=\"twitter:label1\" content=\"Dur\u00e9e de lecture estim\u00e9e\" \/>\n\t<meta name=\"twitter:data1\" content=\"9 minutes\" \/>\n<script type=\"application\/ld+json\" class=\"yoast-schema-graph\">{\"@context\":\"https:\/\/schema.org\",\"@graph\":[{\"@type\":\"WebSite\",\"@id\":\"https:\/\/relaxsrl.com\/#website\",\"url\":\"https:\/\/relaxsrl.com\/\",\"name\":\"Relax srl\",\"description\":\"\",\"potentialAction\":[{\"@type\":\"SearchAction\",\"target\":{\"@type\":\"EntryPoint\",\"urlTemplate\":\"https:\/\/relaxsrl.com\/?s={search_term_string}\"},\"query-input\":\"required name=search_term_string\"}],\"inLanguage\":\"fr-FR\"},{\"@type\":\"WebPage\",\"@id\":\"https:\/\/relaxsrl.com\/fr\/politique-de-confidentialite\/#webpage\",\"url\":\"https:\/\/relaxsrl.com\/fr\/politique-de-confidentialite\/\",\"name\":\"Politique de confidentialit\u00e9 - Relax srl\",\"isPartOf\":{\"@id\":\"https:\/\/relaxsrl.com\/#website\"},\"datePublished\":\"2021-11-25T15:13:55+00:00\",\"dateModified\":\"2023-07-06T12:52:18+00:00\",\"breadcrumb\":{\"@id\":\"https:\/\/relaxsrl.com\/fr\/politique-de-confidentialite\/#breadcrumb\"},\"inLanguage\":\"fr-FR\",\"potentialAction\":[{\"@type\":\"ReadAction\",\"target\":[\"https:\/\/relaxsrl.com\/fr\/politique-de-confidentialite\/\"]}]},{\"@type\":\"BreadcrumbList\",\"@id\":\"https:\/\/relaxsrl.com\/fr\/politique-de-confidentialite\/#breadcrumb\",\"itemListElement\":[{\"@type\":\"ListItem\",\"position\":1,\"name\":\"Politique de confidentialit\u00e9\"}]}]}<\/script>\n<!-- \/ Yoast SEO Premium plugin. -->","yoast_head_json":{"title":"Politique de confidentialit\u00e9 - Relax srl","robots":{"index":"noindex","follow":"follow"},"og_locale":"fr_FR","og_type":"article","og_title":"Politique de confidentialit\u00e9 - Relax srl","og_description":"[vc_row][vc_column][vc_column_text]POLITIQUE DE CONFIDENTIALIT\u00c9 \u00a0 Cette page d\u00e9crit comment g\u00e9rer le site en r\u00e9f\u00e9rence au traitement des donn\u00e9es personnelles des utilisateurs qui le consultent. Il s&rsquo;agit d&rsquo;une divulgation pr\u00e9vue \u00e0 l&rsquo;art. 13 du R\u00e8glement (UE) 2016\/679 (\u00ab\u00a0GDPR\u00a0\u00bb) et de la l\u00e9gislation nationale en vigueur, \u00e0 ceux qui interagissent avec les services web de RELAX SRL, accessibles [&hellip;]","og_url":"https:\/\/relaxsrl.com\/fr\/politique-de-confidentialite\/","og_site_name":"Relax srl","article_modified_time":"2023-07-06T12:52:18+00:00","twitter_card":"summary_large_image","twitter_misc":{"Dur\u00e9e de lecture estim\u00e9e":"9 minutes"},"schema":{"@context":"https:\/\/schema.org","@graph":[{"@type":"WebSite","@id":"https:\/\/relaxsrl.com\/#website","url":"https:\/\/relaxsrl.com\/","name":"Relax srl","description":"","potentialAction":[{"@type":"SearchAction","target":{"@type":"EntryPoint","urlTemplate":"https:\/\/relaxsrl.com\/?s={search_term_string}"},"query-input":"required name=search_term_string"}],"inLanguage":"fr-FR"},{"@type":"WebPage","@id":"https:\/\/relaxsrl.com\/fr\/politique-de-confidentialite\/#webpage","url":"https:\/\/relaxsrl.com\/fr\/politique-de-confidentialite\/","name":"Politique de confidentialit\u00e9 - Relax srl","isPartOf":{"@id":"https:\/\/relaxsrl.com\/#website"},"datePublished":"2021-11-25T15:13:55+00:00","dateModified":"2023-07-06T12:52:18+00:00","breadcrumb":{"@id":"https:\/\/relaxsrl.com\/fr\/politique-de-confidentialite\/#breadcrumb"},"inLanguage":"fr-FR","potentialAction":[{"@type":"ReadAction","target":["https:\/\/relaxsrl.com\/fr\/politique-de-confidentialite\/"]}]},{"@type":"BreadcrumbList","@id":"https:\/\/relaxsrl.com\/fr\/politique-de-confidentialite\/#breadcrumb","itemListElement":[{"@type":"ListItem","position":1,"name":"Politique de confidentialit\u00e9"}]}]}},"_links":{"self":[{"href":"https:\/\/relaxsrl.com\/fr\/wp-json\/wp\/v2\/pages\/12870"}],"collection":[{"href":"https:\/\/relaxsrl.com\/fr\/wp-json\/wp\/v2\/pages"}],"about":[{"href":"https:\/\/relaxsrl.com\/fr\/wp-json\/wp\/v2\/types\/page"}],"author":[{"embeddable":true,"href":"https:\/\/relaxsrl.com\/fr\/wp-json\/wp\/v2\/users\/3"}],"replies":[{"embeddable":true,"href":"https:\/\/relaxsrl.com\/fr\/wp-json\/wp\/v2\/comments?post=12870"}],"version-history":[{"count":6,"href":"https:\/\/relaxsrl.com\/fr\/wp-json\/wp\/v2\/pages\/12870\/revisions"}],"predecessor-version":[{"id":28964,"href":"https:\/\/relaxsrl.com\/fr\/wp-json\/wp\/v2\/pages\/12870\/revisions\/28964"}],"wp:attachment":[{"href":"https:\/\/relaxsrl.com\/fr\/wp-json\/wp\/v2\/media?parent=12870"}],"curies":[{"name":"wp","href":"https:\/\/api.w.org\/{rel}","templated":true}]}}