{"id":12888,"date":"2021-11-25T17:08:34","date_gmt":"2021-11-25T16:08:34","guid":{"rendered":"http:\/\/relaxsrl.com\/produits\/environnements-de-salle-de-bain\/style-maison-a-la-mer\/"},"modified":"2024-11-18T17:24:26","modified_gmt":"2024-11-18T16:24:26","slug":"style-maison-a-la-mer","status":"publish","type":"page","link":"https:\/\/relaxsrl.com\/fr\/produits\/environnements-de-salle-de-bain\/style-maison-a-la-mer\/","title":{"rendered":"Style maison \u00e0 la mer"},"content":{"rendered":"<p>[vc_row full_width=\u00a0\u00bbstretch_row\u00a0\u00bb content_placement=\u00a0\u00bbmiddle\u00a0\u00bb el_class=\u00a0\u00bbintro-row\u00a0\u00bb][vc_column width=\u00a0\u00bb5\/12&Prime;][vc_column_text]<\/p>\n<h1>Style maison \u00e0 la mer<\/h1>\n<p>[\/vc_column_text][\/vc_column][vc_column width=\u00a0\u00bb7\/12&Prime;][vc_column_text el_class=\u00a0\u00bbabstract\u00a0\u00bb]Une salle de bain de style maison \u00e0 la mer donne de la vitalit\u00e9 et vous fait vous sentir en vacances m\u00eame en ville. Il est con\u00e7u pour \u00eatre pratique et confortable m\u00eame dans les petits environnements avec des solutions peu encombrantes et esth\u00e9tiques faciles \u00e0 reproduire. Voyons ensemble comment. Toutes les solutions et le cabine de douche Relax sont certifi\u00e9es <a href=\"https:\/\/www.tuvsud.com\/fr-fr\">T\u00dcV S\u00dcD<\/a>.[\/vc_column_text][\/vc_column][\/vc_row][vc_row el_class=\u00a0\u00bbrow-path\u00a0\u00bb][vc_column][vc_column_text][\/vc_column_text][\/vc_column][\/vc_row][vc_row equal_height=\u00a0\u00bbyes\u00a0\u00bb content_placement=\u00a0\u00bbmiddle\u00a0\u00bb el_class=\u00a0\u00bbrow-prodotto-ambiente\u00a0\u00bb][vc_column width=\u00a0\u00bb7\/12&Prime;][vc_single_image image=\u00a0\u00bb31424&Prime; img_size=\u00a0\u00bbfull\u00a0\u00bb onclick=\u00a0\u00bbcustom_link\u00a0\u00bb link=\u00a0\u00bbhttp:\/\/relaxsrl.com\/fr\/produit\/wall-pa-wall-f\/\u00a0\u00bb][vc_column_text el_class=\u00a0\u00bbprodotto-ambiente-didascalia\u00a0\u00bb]<a href=\"https:\/\/relaxsrl.com\/fr\/produit\/cardine-b1\/\">Aller \u00e0 CARDINE B1<\/a>[\/vc_column_text][\/vc_column][vc_column width=\u00a0\u00bb4\/12&Prime;][vc_column_text el_class=\u00a0\u00bbprodotto-ambiente-text prodotto-ambiente-text-ml30&Prime;]<\/p>\n<h2>Style maison \u00e0 la mer pr\u00e9f\u00e8re un mobilier simple<\/h2>\n<p>Le charme de la maison en bord de mer, avec son mobilier simple et naturel, aux couleurs claires et insouciantes, enchante tout le monde. A l&rsquo;int\u00e9rieur, la salle de bain est une oasis de paix et de s\u00e9r\u00e9nit\u00e9 o\u00f9 vous pourrez vous d\u00e9barrasser de tout le sel accumul\u00e9 sur la plage. Pour ne pas se tromper ? Choisissez une cabine de douche pour vous r\u00e9g\u00e9n\u00e9rer et retrouver de la vitalit\u00e9.[\/vc_column_text][\/vc_column][\/vc_row][vc_row equal_height=\u00a0\u00bbyes\u00a0\u00bb content_placement=\u00a0\u00bbmiddle\u00a0\u00bb el_class=\u00a0\u00bbrow-prodotto-ambiente\u00a0\u00bb][vc_column width=\u00a0\u00bb1\/12&Prime;][\/vc_column][vc_column width=\u00a0\u00bb4\/12&Prime;][vc_column_text el_class=\u00a0\u00bbprodotto-ambiente-text\u00a0\u00bb]<\/p>\n<h2>Baignoire ou cabine de douche pour la maison \u00e0 la me?<\/h2>\n<p>Pas de doute: en bord de mer, le confort et la praticit\u00e9 d&rsquo;une douche priment sur la baignoire. La rapidit\u00e9 d&rsquo;utilisation qui distingue la cabine de douche devient d\u00e9terminante pendant les vacances.[\/vc_column_text][\/vc_column][vc_column width=\u00a0\u00bb1\/12&Prime;][\/vc_column][vc_column width=\u00a0\u00bb5\/12&Prime;][vc_single_image image=\u00a0\u00bb4559&Prime; img_size=\u00a0\u00bbfull\u00a0\u00bb onclick=\u00a0\u00bbcustom_link\u00a0\u00bb link=\u00a0\u00bbhttp:\/\/relaxsrl.com\/fr\/produit\/kubik-ab-kubik-f\/\u00a0\u00bb][vc_column_text el_class=\u00a0\u00bbprodotto-ambiente-didascalia\u00a0\u00bb]<a href=\"http:\/\/relaxsrl.com\/fr\/produit\/kubik-ab-kubik-f\/\">Aller \u00e0 KUBIK AB+F<\/a>[\/vc_column_text][\/vc_column][\/vc_row][vc_row equal_height=\u00a0\u00bbyes\u00a0\u00bb content_placement=\u00a0\u00bbmiddle\u00a0\u00bb el_class=\u00a0\u00bbrow-prodotto-ambiente\u00a0\u00bb][vc_column width=\u00a0\u00bb7\/12&Prime;][vc_single_image image=\u00a0\u00bb3450&Prime; img_size=\u00a0\u00bbfull\u00a0\u00bb onclick=\u00a0\u00bbcustom_link\u00a0\u00bb link=\u00a0\u00bbhttp:\/\/relaxsrl.com\/fr\/produit\/unico-b2\/\u00a0\u00bb][vc_column_text el_class=\u00a0\u00bbprodotto-ambiente-didascalia\u00a0\u00bb]<a href=\"http:\/\/relaxsrl.com\/fr\/produit\/unico-b2\/\">Aller \u00e0 UNICO B2<\/a>[\/vc_column_text][\/vc_column][vc_column width=\u00a0\u00bb4\/12&Prime;][vc_column_text el_class=\u00a0\u00bbprodotto-ambiente-text prodotto-ambiente-text-ml30&Prime;]<\/p>\n<h2>Les couleurs de la salle de bain bord de mer : palette de bleus<\/h2>\n<p>Le bleu dans toutes ses nuances d\u00e9finit les couleurs de la maison de plage et donc aussi de la salle de bain. Cependant, si vous combinez le bleu avec le noir, le r\u00e9sultat privil\u00e9gie une atmosph\u00e8re d\u00e9tendue et peut, gr\u00e2ce \u00e0 cette combinaison, mettre en valeur avec \u00e9l\u00e9gance les espaces, quels qu&rsquo;ils soient.[\/vc_column_text][\/vc_column][\/vc_row][vc_row equal_height=\u00a0\u00bbyes\u00a0\u00bb content_placement=\u00a0\u00bbmiddle\u00a0\u00bb el_class=\u00a0\u00bbrow-prodotto-ambiente\u00a0\u00bb][vc_column width=\u00a0\u00bb1\/12&Prime;][\/vc_column][vc_column width=\u00a0\u00bb4\/12&Prime;][vc_column_text el_class=\u00a0\u00bbprodotto-ambiente-text\u00a0\u00bb]<\/p>\n<h2>Salles de bains et lumi\u00e8re: les pr\u00e9cautions \u00e0 retenir.<\/h2>\n<p>Un environnement vaste et lumineux, d\u00e9di\u00e9 \u00e0 la d\u00e9tente et \u00e0 la praticit\u00e9, est valoris\u00e9 par des baies vitr\u00e9es aux dimensions g\u00e9n\u00e9reuses, qui laissent entrer un maximum de lumi\u00e8re naturelle. Cependant, le soleil ne peut pas \u00eatre agr\u00e9able \u00e0 tout moment. Une cabine de douche en verre semi-transparent peut alors \u00eatre la solution.[\/vc_column_text][\/vc_column][vc_column width=\u00a0\u00bb1\/12&Prime;][\/vc_column][vc_column width=\u00a0\u00bb5\/12&Prime;][vc_single_image image=\u00a0\u00bb31419&Prime; img_size=\u00a0\u00bbfull\u00a0\u00bb onclick=\u00a0\u00bbcustom_link\u00a0\u00bb link=\u00a0\u00bbhttps:\/\/relaxsrl.com\/fr\/produit\/light-as-light-f3\/\u00a0\u00bb][vc_column_text el_class=\u00a0\u00bbprodotto-ambiente-didascalia\u00a0\u00bb]<a href=\"https:\/\/relaxsrl.com\/fr\/produit\/light-as-light-f3\/\">Aller \u00e0 LIGHT AS+F3<\/a>[\/vc_column_text][\/vc_column][\/vc_row][vc_row equal_height=\u00a0\u00bbyes\u00a0\u00bb content_placement=\u00a0\u00bbmiddle\u00a0\u00bb el_class=\u00a0\u00bbrow-prodotto-ambiente\u00a0\u00bb][vc_column width=\u00a0\u00bb7\/12&Prime;][vc_single_image image=\u00a0\u00bb31429&Prime; img_size=\u00a0\u00bbfull\u00a0\u00bb onclick=\u00a0\u00bbcustom_link\u00a0\u00bb link=\u00a0\u00bbhttp:\/\/relaxsrl.com\/fr\/produit\/flat-a-flat-a\/\u00a0\u00bb][vc_column_text el_class=\u00a0\u00bbprodotto-ambiente-didascalia\u00a0\u00bb]<a href=\"http:\/\/relaxsrl.com\/fr\/produit\/flat-a-flat-a\/\">Aller \u00e0 FLAT A+A<\/a>[\/vc_column_text][\/vc_column][vc_column width=\u00a0\u00bb4\/12&Prime;][vc_column_text el_class=\u00a0\u00bbprodotto-ambiente-text prodotto-ambiente-text-ml30&Prime;]<\/p>\n<h2>Salles de bains style maison \u00e0 la mer de petite taille. Vous pouvez.<\/h2>\n<p>Maison \u00e0 la mer signifie souvent un lieu de passage, avec de petites tailles. M\u00eame si vous avez une petite salle de bain, il est possible de l&rsquo;organiser pour se laver et se r\u00e9g\u00e9n\u00e9rer dans un confort total. Dans ces cas, une cabine de douche \u00e0 double porte coulissante est la solution id\u00e9ale pour gagner de la place, comme par exemple Flat A + A.[\/vc_column_text][\/vc_column][\/vc_row]<\/p>\n","protected":false},"excerpt":{"rendered":"<p>[vc_row full_width=\u00a0\u00bbstretch_row\u00a0\u00bb content_placement=\u00a0\u00bbmiddle\u00a0\u00bb el_class=\u00a0\u00bbintro-row\u00a0\u00bb][vc_column width=\u00a0\u00bb5\/12&Prime;][vc_column_text] Style maison \u00e0 la mer [\/vc_column_text][\/vc_column][vc_column width=\u00a0\u00bb7\/12&Prime;][vc_column_text el_class=\u00a0\u00bbabstract\u00a0\u00bb]Une salle de bain de style maison \u00e0 la mer donne de la vitalit\u00e9 et vous fait vous sentir en vacances m\u00eame en ville. Il est con\u00e7u pour \u00eatre pratique et confortable m\u00eame dans les petits environnements avec des solutions peu encombrantes et [&hellip;]<\/p>\n","protected":false},"author":3,"featured_media":9108,"parent":12880,"menu_order":0,"comment_status":"closed","ping_status":"closed","template":"","meta":[],"acf":[],"yoast_head":"<!-- This site is optimized with the Yoast SEO Premium plugin v18.4 (Yoast SEO v18.8) - https:\/\/yoast.com\/wordpress\/plugins\/seo\/ -->\n<title>Style maison \u00e0 la mer - Relax srl<\/title>\n<meta name=\"description\" content=\"Une salle de bain de style maison \u00e0 la mer donne de la vitalit\u00e9 et vous fait vous sentir en vacances m\u00eame en ville. Voyons ensemble comment.\" \/>\n<meta name=\"robots\" content=\"index, follow, max-snippet:-1, max-image-preview:large, max-video-preview:-1\" \/>\n<link rel=\"canonical\" href=\"https:\/\/relaxsrl.com\/fr\/produits\/environnements-de-salle-de-bain\/style-maison-a-la-mer\/\" \/>\n<meta property=\"og:locale\" content=\"fr_FR\" \/>\n<meta property=\"og:type\" content=\"article\" \/>\n<meta property=\"og:title\" content=\"Style maison \u00e0 la mer - Relax srl\" \/>\n<meta property=\"og:description\" content=\"Une salle de bain de style maison \u00e0 la mer donne de la vitalit\u00e9 et vous fait vous sentir en vacances m\u00eame en ville. Voyons ensemble comment.\" \/>\n<meta property=\"og:url\" content=\"https:\/\/relaxsrl.com\/fr\/produits\/environnements-de-salle-de-bain\/style-maison-a-la-mer\/\" \/>\n<meta property=\"og:site_name\" content=\"Relax srl\" \/>\n<meta property=\"article:modified_time\" content=\"2024-11-18T16:24:26+00:00\" \/>\n<meta property=\"og:image\" content=\"https:\/\/relaxsrl.com\/website\/wp-content\/uploads\/2021\/10\/Senza-titolo-1-1.jpg\" \/>\n\t<meta property=\"og:image:width\" content=\"961\" \/>\n\t<meta property=\"og:image:height\" content=\"660\" \/>\n\t<meta property=\"og:image:type\" content=\"image\/jpeg\" \/>\n<meta name=\"twitter:card\" content=\"summary_large_image\" \/>\n<meta name=\"twitter:label1\" content=\"Dur\u00e9e de lecture estim\u00e9e\" \/>\n\t<meta name=\"twitter:data1\" content=\"3 minutes\" \/>\n<script type=\"application\/ld+json\" class=\"yoast-schema-graph\">{\"@context\":\"https:\/\/schema.org\",\"@graph\":[{\"@type\":\"WebSite\",\"@id\":\"https:\/\/relaxsrl.com\/#website\",\"url\":\"https:\/\/relaxsrl.com\/\",\"name\":\"Relax srl\",\"description\":\"\",\"potentialAction\":[{\"@type\":\"SearchAction\",\"target\":{\"@type\":\"EntryPoint\",\"urlTemplate\":\"https:\/\/relaxsrl.com\/?s={search_term_string}\"},\"query-input\":\"required name=search_term_string\"}],\"inLanguage\":\"fr-FR\"},{\"@type\":\"ImageObject\",\"inLanguage\":\"fr-FR\",\"@id\":\"https:\/\/relaxsrl.com\/fr\/produits\/environnements-de-salle-de-bain\/style-maison-a-la-mer\/#primaryimage\",\"url\":\"https:\/\/relaxsrl.com\/website\/wp-content\/uploads\/2021\/10\/Senza-titolo-1-1.jpg\",\"contentUrl\":\"https:\/\/relaxsrl.com\/website\/wp-content\/uploads\/2021\/10\/Senza-titolo-1-1.jpg\",\"width\":961,\"height\":660,\"caption\":\"Bagno di casa al mare con box doccia ad angolo e porta battente\"},{\"@type\":\"WebPage\",\"@id\":\"https:\/\/relaxsrl.com\/fr\/produits\/environnements-de-salle-de-bain\/style-maison-a-la-mer\/#webpage\",\"url\":\"https:\/\/relaxsrl.com\/fr\/produits\/environnements-de-salle-de-bain\/style-maison-a-la-mer\/\",\"name\":\"Style maison \u00e0 la mer - Relax srl\",\"isPartOf\":{\"@id\":\"https:\/\/relaxsrl.com\/#website\"},\"primaryImageOfPage\":{\"@id\":\"https:\/\/relaxsrl.com\/fr\/produits\/environnements-de-salle-de-bain\/style-maison-a-la-mer\/#primaryimage\"},\"datePublished\":\"2021-11-25T16:08:34+00:00\",\"dateModified\":\"2024-11-18T16:24:26+00:00\",\"description\":\"Une salle de bain de style maison \u00e0 la mer donne de la vitalit\u00e9 et vous fait vous sentir en vacances m\u00eame en ville. Voyons ensemble comment.\",\"breadcrumb\":{\"@id\":\"https:\/\/relaxsrl.com\/fr\/produits\/environnements-de-salle-de-bain\/style-maison-a-la-mer\/#breadcrumb\"},\"inLanguage\":\"fr-FR\",\"potentialAction\":[{\"@type\":\"ReadAction\",\"target\":[\"https:\/\/relaxsrl.com\/fr\/produits\/environnements-de-salle-de-bain\/style-maison-a-la-mer\/\"]}]},{\"@type\":\"BreadcrumbList\",\"@id\":\"https:\/\/relaxsrl.com\/fr\/produits\/environnements-de-salle-de-bain\/style-maison-a-la-mer\/#breadcrumb\",\"itemListElement\":[{\"@type\":\"ListItem\",\"position\":1,\"name\":\"Produits\",\"item\":\"https:\/\/relaxsrl.com\/fr\/produits\/\"},{\"@type\":\"ListItem\",\"position\":2,\"name\":\"Environnements de salle de bain\",\"item\":\"https:\/\/relaxsrl.com\/fr\/produits\/environnements-de-salle-de-bain\/\"},{\"@type\":\"ListItem\",\"position\":3,\"name\":\"Style maison \u00e0 la mer\"}]}]}<\/script>\n<!-- \/ Yoast SEO Premium plugin. -->","yoast_head_json":{"title":"Style maison \u00e0 la mer - Relax srl","description":"Une salle de bain de style maison \u00e0 la mer donne de la vitalit\u00e9 et vous fait vous sentir en vacances m\u00eame en ville. Voyons ensemble comment.","robots":{"index":"index","follow":"follow","max-snippet":"max-snippet:-1","max-image-preview":"max-image-preview:large","max-video-preview":"max-video-preview:-1"},"canonical":"https:\/\/relaxsrl.com\/fr\/produits\/environnements-de-salle-de-bain\/style-maison-a-la-mer\/","og_locale":"fr_FR","og_type":"article","og_title":"Style maison \u00e0 la mer - Relax srl","og_description":"Une salle de bain de style maison \u00e0 la mer donne de la vitalit\u00e9 et vous fait vous sentir en vacances m\u00eame en ville. Voyons ensemble comment.","og_url":"https:\/\/relaxsrl.com\/fr\/produits\/environnements-de-salle-de-bain\/style-maison-a-la-mer\/","og_site_name":"Relax srl","article_modified_time":"2024-11-18T16:24:26+00:00","og_image":[{"width":961,"height":660,"url":"https:\/\/relaxsrl.com\/website\/wp-content\/uploads\/2021\/10\/Senza-titolo-1-1.jpg","type":"image\/jpeg"}],"twitter_card":"summary_large_image","twitter_misc":{"Dur\u00e9e de lecture estim\u00e9e":"3 minutes"},"schema":{"@context":"https:\/\/schema.org","@graph":[{"@type":"WebSite","@id":"https:\/\/relaxsrl.com\/#website","url":"https:\/\/relaxsrl.com\/","name":"Relax srl","description":"","potentialAction":[{"@type":"SearchAction","target":{"@type":"EntryPoint","urlTemplate":"https:\/\/relaxsrl.com\/?s={search_term_string}"},"query-input":"required name=search_term_string"}],"inLanguage":"fr-FR"},{"@type":"ImageObject","inLanguage":"fr-FR","@id":"https:\/\/relaxsrl.com\/fr\/produits\/environnements-de-salle-de-bain\/style-maison-a-la-mer\/#primaryimage","url":"https:\/\/relaxsrl.com\/website\/wp-content\/uploads\/2021\/10\/Senza-titolo-1-1.jpg","contentUrl":"https:\/\/relaxsrl.com\/website\/wp-content\/uploads\/2021\/10\/Senza-titolo-1-1.jpg","width":961,"height":660,"caption":"Bagno di casa al mare con box doccia ad angolo e porta battente"},{"@type":"WebPage","@id":"https:\/\/relaxsrl.com\/fr\/produits\/environnements-de-salle-de-bain\/style-maison-a-la-mer\/#webpage","url":"https:\/\/relaxsrl.com\/fr\/produits\/environnements-de-salle-de-bain\/style-maison-a-la-mer\/","name":"Style maison \u00e0 la mer - Relax srl","isPartOf":{"@id":"https:\/\/relaxsrl.com\/#website"},"primaryImageOfPage":{"@id":"https:\/\/relaxsrl.com\/fr\/produits\/environnements-de-salle-de-bain\/style-maison-a-la-mer\/#primaryimage"},"datePublished":"2021-11-25T16:08:34+00:00","dateModified":"2024-11-18T16:24:26+00:00","description":"Une salle de bain de style maison \u00e0 la mer donne de la vitalit\u00e9 et vous fait vous sentir en vacances m\u00eame en ville. Voyons ensemble comment.","breadcrumb":{"@id":"https:\/\/relaxsrl.com\/fr\/produits\/environnements-de-salle-de-bain\/style-maison-a-la-mer\/#breadcrumb"},"inLanguage":"fr-FR","potentialAction":[{"@type":"ReadAction","target":["https:\/\/relaxsrl.com\/fr\/produits\/environnements-de-salle-de-bain\/style-maison-a-la-mer\/"]}]},{"@type":"BreadcrumbList","@id":"https:\/\/relaxsrl.com\/fr\/produits\/environnements-de-salle-de-bain\/style-maison-a-la-mer\/#breadcrumb","itemListElement":[{"@type":"ListItem","position":1,"name":"Produits","item":"https:\/\/relaxsrl.com\/fr\/produits\/"},{"@type":"ListItem","position":2,"name":"Environnements de salle de bain","item":"https:\/\/relaxsrl.com\/fr\/produits\/environnements-de-salle-de-bain\/"},{"@type":"ListItem","position":3,"name":"Style maison \u00e0 la mer"}]}]}},"_links":{"self":[{"href":"https:\/\/relaxsrl.com\/fr\/wp-json\/wp\/v2\/pages\/12888"}],"collection":[{"href":"https:\/\/relaxsrl.com\/fr\/wp-json\/wp\/v2\/pages"}],"about":[{"href":"https:\/\/relaxsrl.com\/fr\/wp-json\/wp\/v2\/types\/page"}],"author":[{"embeddable":true,"href":"https:\/\/relaxsrl.com\/fr\/wp-json\/wp\/v2\/users\/3"}],"replies":[{"embeddable":true,"href":"https:\/\/relaxsrl.com\/fr\/wp-json\/wp\/v2\/comments?post=12888"}],"version-history":[{"count":7,"href":"https:\/\/relaxsrl.com\/fr\/wp-json\/wp\/v2\/pages\/12888\/revisions"}],"predecessor-version":[{"id":31437,"href":"https:\/\/relaxsrl.com\/fr\/wp-json\/wp\/v2\/pages\/12888\/revisions\/31437"}],"up":[{"embeddable":true,"href":"https:\/\/relaxsrl.com\/fr\/wp-json\/wp\/v2\/pages\/12880"}],"wp:featuredmedia":[{"embeddable":true,"href":"https:\/\/relaxsrl.com\/fr\/wp-json\/wp\/v2\/media\/9108"}],"wp:attachment":[{"href":"https:\/\/relaxsrl.com\/fr\/wp-json\/wp\/v2\/media?parent=12888"}],"curies":[{"name":"wp","href":"https:\/\/api.w.org\/{rel}","templated":true}]}}