{"id":12892,"date":"2021-11-25T17:23:08","date_gmt":"2021-11-25T16:23:08","guid":{"rendered":"http:\/\/relaxsrl.com\/produits\/environnements-de-salle-de-bain\/style-contemporain\/"},"modified":"2024-11-18T14:28:45","modified_gmt":"2024-11-18T13:28:45","slug":"style-contemporain","status":"publish","type":"page","link":"https:\/\/relaxsrl.com\/fr\/produits\/environnements-de-salle-de-bain\/style-contemporain\/","title":{"rendered":"Style contemporain"},"content":{"rendered":"<p>[vc_row full_width=\u00a0\u00bbstretch_row\u00a0\u00bb content_placement=\u00a0\u00bbmiddle\u00a0\u00bb el_class=\u00a0\u00bbintro-row\u00a0\u00bb][vc_column width=\u00a0\u00bb5\/12&Prime;][vc_column_text]<\/p>\n<h1>Style contemporain<\/h1>\n<p>[\/vc_column_text][\/vc_column][vc_column width=\u00a0\u00bb7\/12&Prime;][vc_column_text el_class=\u00a0\u00bbabstract\u00a0\u00bb]Avec les produits Relax vous pouvez interpr\u00e9ter votre salle de bain dans un style contemporain. Il suffit quelques d\u00e9tails que nous vous expliquons dans cette section, accompagn\u00e9s d\u2019exemples \u00e0 regarder, \u00e0 r\u00eaver, \u00e0 r\u00e9aliser ensemble. Toutes les solutions et le cabine de douche Relax sont certifi\u00e9es <a href=\"https:\/\/www.tuvsud.com\/fr-fr\">T\u00dcV S\u00dcD<\/a>.[\/vc_column_text][\/vc_column][\/vc_row][vc_row el_class=\u00a0\u00bbrow-path\u00a0\u00bb][vc_column][vc_column_text][\/vc_column_text][\/vc_column][\/vc_row][vc_row equal_height=\u00a0\u00bbyes\u00a0\u00bb content_placement=\u00a0\u00bbmiddle\u00a0\u00bb el_class=\u00a0\u00bbrow-prodotto-ambiente\u00a0\u00bb][vc_column width=\u00a0\u00bb7\/12&Prime;][vc_single_image image=\u00a0\u00bb3293&Prime; img_size=\u00a0\u00bbfull\u00a0\u00bb onclick=\u00a0\u00bbcustom_link\u00a0\u00bb link=\u00a0\u00bbhttp:\/\/relaxsrl.com\/fr\/produit\/evox-sc1\/\u00a0\u00bb][vc_column_text el_class=\u00a0\u00bbprodotto-ambiente-didascalia\u00a0\u00bb]<a href=\"http:\/\/relaxsrl.com\/fr\/produit\/evox-sc1\/\">Aller \u00e0 EVOX SC1<\/a>[\/vc_column_text][\/vc_column][vc_column width=\u00a0\u00bb4\/12&Prime;][vc_column_text el_class=\u00a0\u00bbprodotto-ambiente-text prodotto-ambiente-text-ml30&Prime;]<\/p>\n<h2>Contemporain: \u00e9l\u00e9ments simples, formes lin\u00e9aires, couleurs contrastantes.<\/h2>\n<p>Un espace rendu dynamique et accueillant au m\u00eame temps, o\u00f9 diff\u00e9rents composants se fondent en un tout, de mani\u00e8re harmonique et \u00e9l\u00e9gante. Le style contemporain se distingue par des \u00e9l\u00e9ments simples de go\u00fbt moderne, couleurs contrast\u00e9es, lin\u00e9arit\u00e9 des formes. Il peut \u00eatre consid\u00e9r\u00e9 comme les antipodes du genre vintage.[\/vc_column_text][\/vc_column][\/vc_row][vc_row equal_height=\u00a0\u00bbyes\u00a0\u00bb content_placement=\u00a0\u00bbmiddle\u00a0\u00bb el_class=\u00a0\u00bbrow-prodotto-ambiente\u00a0\u00bb][vc_column width=\u00a0\u00bb4\/12&Prime;][vc_column_text el_class=\u00a0\u00bbprodotto-ambiente-text\u00a0\u00bb]<\/p>\n<h2>La lumi\u00e8re protagoniste du style contemporain<\/h2>\n<p>Tr\u00e8s souvent des jeux de lumi\u00e8re peuvent \u00eatre pr\u00e9sents entre les diff\u00e9rents mat\u00e9riaux qui composent le mobilier, dans un dialogue continu entre opposites. C\u2019est justement la lumi\u00e8re qui est protagoniste de ce style : la fa\u00e7on dont elle met en relief les formes, les ar\u00eates et les rondeurs est presque magique.[\/vc_column_text][\/vc_column][vc_column width=\u00a0\u00bb1\/12&Prime;][\/vc_column][vc_column width=\u00a0\u00bb7\/12&Prime;][vc_single_image image=\u00a0\u00bb3339&Prime; img_size=\u00a0\u00bbfull\u00a0\u00bb onclick=\u00a0\u00bbcustom_link\u00a0\u00bb link=\u00a0\u00bbhttp:\/\/relaxsrl.com\/fr\/produit\/bobox-a-bobox-ab\/\u00a0\u00bb][vc_column_text el_class=\u00a0\u00bbprodotto-ambiente-didascalia\u00a0\u00bb]<a href=\"http:\/\/relaxsrl.com\/fr\/produit\/bobox-a-bobox-ab\/\">Aller \u00e0 BOBOX A+AB<\/a>[\/vc_column_text][\/vc_column][\/vc_row][vc_row equal_height=\u00a0\u00bbyes\u00a0\u00bb content_placement=\u00a0\u00bbmiddle\u00a0\u00bb el_class=\u00a0\u00bbrow-prodotto-ambiente\u00a0\u00bb][vc_column width=\u00a0\u00bb5\/12&Prime;][vc_single_image image=\u00a0\u00bb3343&Prime; img_size=\u00a0\u00bbfull\u00a0\u00bb onclick=\u00a0\u00bbcustom_link\u00a0\u00bb link=\u00a0\u00bbhttp:\/\/relaxsrl.com\/fr\/produit\/light-ab-light-ab\/\u00a0\u00bb][vc_column_text el_class=\u00a0\u00bbprodotto-ambiente-didascalia\u00a0\u00bb]<a href=\"http:\/\/relaxsrl.com\/fr\/produit\/light-ab-light-ab\/\">Aller \u00e0 Light AB+AB<\/a>[\/vc_column_text][\/vc_column][vc_column width=\u00a0\u00bb1\/12&Prime;][\/vc_column][vc_column width=\u00a0\u00bb5\/12&Prime;][vc_column_text el_class=\u00a0\u00bbprodotto-ambiente-text\u00a0\u00bb]<\/p>\n<h2>Jeux de g\u00e9om\u00e9trie pour enrichir la salle de bain<\/h2>\n<p>Rien n\u2019emp\u00eache de jouer avec les formes, cr\u00e9ant des motifs audacieux dans leur simplicit\u00e9. L\u2019alternance de g\u00e9om\u00e9trie diff\u00e9rentes enrichit les espaces car elle donne un sens de profondeur aux diff\u00e9rent \u00e9l\u00e9ments utilis\u00e9s, dans une composition qui semblent dispos\u00e9e sur plus niveaux comme le cas de l\u2019image avec Light AB+AB.[\/vc_column_text][\/vc_column][\/vc_row][vc_row equal_height=\u00a0\u00bbyes\u00a0\u00bb content_placement=\u00a0\u00bbmiddle\u00a0\u00bb el_class=\u00a0\u00bbrow-prodotto-ambiente\u00a0\u00bb][vc_column width=\u00a0\u00bb4\/12&Prime;][vc_column_text el_class=\u00a0\u00bbprodotto-ambiente-text\u00a0\u00bb]<\/p>\n<h2>Esth\u00e9tique minimaliste et raffin\u00e9e pour style contemporaine<\/h2>\n<p>Une salle de bain dans le style contemporain se distingue par la perception des espaces, tr\u00e8s souvent exalt\u00e9s par une esth\u00e9tique minimale, raffin\u00e9e et attentive aux mat\u00e9riaux. Les couleurs naturelles se fondent dans une toute nouvelle dimension, faite de perceptions tactiles et contrastes.[\/vc_column_text][\/vc_column][vc_column width=\u00a0\u00bb1\/12&Prime;][\/vc_column][vc_column width=\u00a0\u00bb7\/12&Prime;][vc_single_image image=\u00a0\u00bb3351&Prime; img_size=\u00a0\u00bbfull\u00a0\u00bb onclick=\u00a0\u00bbcustom_link\u00a0\u00bb link=\u00a0\u00bbhttp:\/\/relaxsrl.com\/fr\/produit\/wall-a\/\u00a0\u00bb][vc_column_text el_class=\u00a0\u00bbprodotto-ambiente-didascalia\u00a0\u00bb]<a href=\"http:\/\/relaxsrl.com\/fr\/produit\/wall-a\/\">Aller \u00e0 WALL A+FRAME<\/a>[\/vc_column_text][\/vc_column][\/vc_row][vc_row equal_height=\u00a0\u00bbyes\u00a0\u00bb content_placement=\u00a0\u00bbmiddle\u00a0\u00bb el_class=\u00a0\u00bbrow-prodotto-ambiente\u00a0\u00bb][vc_column width=\u00a0\u00bb5\/12&Prime;][vc_single_image image=\u00a0\u00bb31382&Prime; img_size=\u00a0\u00bbfull\u00a0\u00bb onclick=\u00a0\u00bbcustom_link\u00a0\u00bb link=\u00a0\u00bbhttp:\/\/relaxsrl.com\/fr\/produit\/unico-a-unico-a\/\u00a0\u00bb][vc_column_text el_class=\u00a0\u00bbprodotto-ambiente-didascalia\u00a0\u00bb]<a href=\"http:\/\/relaxsrl.com\/fr\/produit\/unico-a-unico-a\/\">Aller \u00e0 UNICO A+A<\/a>[\/vc_column_text][\/vc_column][vc_column width=\u00a0\u00bb1\/12&Prime;][\/vc_column][vc_column width=\u00a0\u00bb5\/12&Prime;][vc_column_text el_class=\u00a0\u00bbprodotto-ambiente-text\u00a0\u00bb]<\/p>\n<h2>Essentialit\u00e9 et fonctionnalit\u00e9 du mobilier de la salle de bain<\/h2>\n<p>Le style contemporain a pour objectif d\u2019\u00e9liminer le superflu. Il rappelle les g\u00e9om\u00e9tries de la pi\u00e8ce avec des meubles qui n\u2019interrompent pas la lin\u00e9arit\u00e9 des environnements. Les \u00e9l\u00e9ments sont r\u00e9duits \u00e0 l\u2019essentiel, dispos\u00e9s pour \u00eatre faciles \u00e0 atteindre.[\/vc_column_text][\/vc_column][\/vc_row]<\/p>\n","protected":false},"excerpt":{"rendered":"<p>[vc_row full_width=\u00a0\u00bbstretch_row\u00a0\u00bb content_placement=\u00a0\u00bbmiddle\u00a0\u00bb el_class=\u00a0\u00bbintro-row\u00a0\u00bb][vc_column width=\u00a0\u00bb5\/12&Prime;][vc_column_text] Style contemporain [\/vc_column_text][\/vc_column][vc_column width=\u00a0\u00bb7\/12&Prime;][vc_column_text el_class=\u00a0\u00bbabstract\u00a0\u00bb]Avec les produits Relax vous pouvez interpr\u00e9ter votre salle de bain dans un style contemporain. Il suffit quelques d\u00e9tails que nous vous expliquons dans cette section, accompagn\u00e9s d\u2019exemples \u00e0 regarder, \u00e0 r\u00eaver, \u00e0 r\u00e9aliser ensemble. Toutes les solutions et le cabine de douche Relax sont certifi\u00e9es [&hellip;]<\/p>\n","protected":false},"author":3,"featured_media":3293,"parent":12880,"menu_order":0,"comment_status":"closed","ping_status":"closed","template":"","meta":[],"acf":[],"yoast_head":"<!-- This site is optimized with the Yoast SEO Premium plugin v18.4 (Yoast SEO v18.8) - https:\/\/yoast.com\/wordpress\/plugins\/seo\/ -->\n<title>Style contemporain - Relax srl<\/title>\n<meta name=\"description\" content=\"Avec Relax, vous pouvez interpr\u00e9ter votre salle de bain dans un style contemporain. Quelques pr\u00e9cautions suffisent.\" \/>\n<meta name=\"robots\" content=\"index, follow, max-snippet:-1, max-image-preview:large, max-video-preview:-1\" \/>\n<link rel=\"canonical\" href=\"https:\/\/relaxsrl.com\/fr\/produits\/environnements-de-salle-de-bain\/style-contemporain\/\" \/>\n<meta property=\"og:locale\" content=\"fr_FR\" \/>\n<meta property=\"og:type\" content=\"article\" \/>\n<meta property=\"og:title\" content=\"Style contemporain - Relax srl\" \/>\n<meta property=\"og:description\" content=\"Avec Relax, vous pouvez interpr\u00e9ter votre salle de bain dans un style contemporain. Quelques pr\u00e9cautions suffisent.\" \/>\n<meta property=\"og:url\" content=\"https:\/\/relaxsrl.com\/fr\/produits\/environnements-de-salle-de-bain\/style-contemporain\/\" \/>\n<meta property=\"og:site_name\" content=\"Relax srl\" \/>\n<meta property=\"article:modified_time\" content=\"2024-11-18T13:28:45+00:00\" \/>\n<meta property=\"og:image\" content=\"https:\/\/relaxsrl.com\/website\/wp-content\/uploads\/2021\/10\/EVOX-SC1.jpg\" \/>\n\t<meta property=\"og:image:width\" content=\"961\" \/>\n\t<meta property=\"og:image:height\" content=\"660\" \/>\n\t<meta property=\"og:image:type\" content=\"image\/jpeg\" \/>\n<meta name=\"twitter:card\" content=\"summary_large_image\" \/>\n<meta name=\"twitter:label1\" content=\"Dur\u00e9e de lecture estim\u00e9e\" \/>\n\t<meta name=\"twitter:data1\" content=\"3 minutes\" \/>\n<script type=\"application\/ld+json\" class=\"yoast-schema-graph\">{\"@context\":\"https:\/\/schema.org\",\"@graph\":[{\"@type\":\"WebSite\",\"@id\":\"https:\/\/relaxsrl.com\/#website\",\"url\":\"https:\/\/relaxsrl.com\/\",\"name\":\"Relax srl\",\"description\":\"\",\"potentialAction\":[{\"@type\":\"SearchAction\",\"target\":{\"@type\":\"EntryPoint\",\"urlTemplate\":\"https:\/\/relaxsrl.com\/?s={search_term_string}\"},\"query-input\":\"required name=search_term_string\"}],\"inLanguage\":\"fr-FR\"},{\"@type\":\"ImageObject\",\"inLanguage\":\"fr-FR\",\"@id\":\"https:\/\/relaxsrl.com\/fr\/produits\/environnements-de-salle-de-bain\/style-contemporain\/#primaryimage\",\"url\":\"https:\/\/relaxsrl.com\/website\/wp-content\/uploads\/2021\/10\/EVOX-SC1.jpg\",\"contentUrl\":\"https:\/\/relaxsrl.com\/website\/wp-content\/uploads\/2021\/10\/EVOX-SC1.jpg\",\"width\":961,\"height\":660,\"caption\":\"Box doccia di stile contemporaneo con profili neri, in nicchia\"},{\"@type\":\"WebPage\",\"@id\":\"https:\/\/relaxsrl.com\/fr\/produits\/environnements-de-salle-de-bain\/style-contemporain\/#webpage\",\"url\":\"https:\/\/relaxsrl.com\/fr\/produits\/environnements-de-salle-de-bain\/style-contemporain\/\",\"name\":\"Style contemporain - Relax srl\",\"isPartOf\":{\"@id\":\"https:\/\/relaxsrl.com\/#website\"},\"primaryImageOfPage\":{\"@id\":\"https:\/\/relaxsrl.com\/fr\/produits\/environnements-de-salle-de-bain\/style-contemporain\/#primaryimage\"},\"datePublished\":\"2021-11-25T16:23:08+00:00\",\"dateModified\":\"2024-11-18T13:28:45+00:00\",\"description\":\"Avec Relax, vous pouvez interpr\u00e9ter votre salle de bain dans un style contemporain. Quelques pr\u00e9cautions suffisent.\",\"breadcrumb\":{\"@id\":\"https:\/\/relaxsrl.com\/fr\/produits\/environnements-de-salle-de-bain\/style-contemporain\/#breadcrumb\"},\"inLanguage\":\"fr-FR\",\"potentialAction\":[{\"@type\":\"ReadAction\",\"target\":[\"https:\/\/relaxsrl.com\/fr\/produits\/environnements-de-salle-de-bain\/style-contemporain\/\"]}]},{\"@type\":\"BreadcrumbList\",\"@id\":\"https:\/\/relaxsrl.com\/fr\/produits\/environnements-de-salle-de-bain\/style-contemporain\/#breadcrumb\",\"itemListElement\":[{\"@type\":\"ListItem\",\"position\":1,\"name\":\"Produits\",\"item\":\"https:\/\/relaxsrl.com\/fr\/produits\/\"},{\"@type\":\"ListItem\",\"position\":2,\"name\":\"Environnements de salle de bain\",\"item\":\"https:\/\/relaxsrl.com\/fr\/produits\/environnements-de-salle-de-bain\/\"},{\"@type\":\"ListItem\",\"position\":3,\"name\":\"Style contemporain\"}]}]}<\/script>\n<!-- \/ Yoast SEO Premium plugin. -->","yoast_head_json":{"title":"Style contemporain - Relax srl","description":"Avec Relax, vous pouvez interpr\u00e9ter votre salle de bain dans un style contemporain. Quelques pr\u00e9cautions suffisent.","robots":{"index":"index","follow":"follow","max-snippet":"max-snippet:-1","max-image-preview":"max-image-preview:large","max-video-preview":"max-video-preview:-1"},"canonical":"https:\/\/relaxsrl.com\/fr\/produits\/environnements-de-salle-de-bain\/style-contemporain\/","og_locale":"fr_FR","og_type":"article","og_title":"Style contemporain - Relax srl","og_description":"Avec Relax, vous pouvez interpr\u00e9ter votre salle de bain dans un style contemporain. Quelques pr\u00e9cautions suffisent.","og_url":"https:\/\/relaxsrl.com\/fr\/produits\/environnements-de-salle-de-bain\/style-contemporain\/","og_site_name":"Relax srl","article_modified_time":"2024-11-18T13:28:45+00:00","og_image":[{"width":961,"height":660,"url":"https:\/\/relaxsrl.com\/website\/wp-content\/uploads\/2021\/10\/EVOX-SC1.jpg","type":"image\/jpeg"}],"twitter_card":"summary_large_image","twitter_misc":{"Dur\u00e9e de lecture estim\u00e9e":"3 minutes"},"schema":{"@context":"https:\/\/schema.org","@graph":[{"@type":"WebSite","@id":"https:\/\/relaxsrl.com\/#website","url":"https:\/\/relaxsrl.com\/","name":"Relax srl","description":"","potentialAction":[{"@type":"SearchAction","target":{"@type":"EntryPoint","urlTemplate":"https:\/\/relaxsrl.com\/?s={search_term_string}"},"query-input":"required name=search_term_string"}],"inLanguage":"fr-FR"},{"@type":"ImageObject","inLanguage":"fr-FR","@id":"https:\/\/relaxsrl.com\/fr\/produits\/environnements-de-salle-de-bain\/style-contemporain\/#primaryimage","url":"https:\/\/relaxsrl.com\/website\/wp-content\/uploads\/2021\/10\/EVOX-SC1.jpg","contentUrl":"https:\/\/relaxsrl.com\/website\/wp-content\/uploads\/2021\/10\/EVOX-SC1.jpg","width":961,"height":660,"caption":"Box doccia di stile contemporaneo con profili neri, in nicchia"},{"@type":"WebPage","@id":"https:\/\/relaxsrl.com\/fr\/produits\/environnements-de-salle-de-bain\/style-contemporain\/#webpage","url":"https:\/\/relaxsrl.com\/fr\/produits\/environnements-de-salle-de-bain\/style-contemporain\/","name":"Style contemporain - Relax srl","isPartOf":{"@id":"https:\/\/relaxsrl.com\/#website"},"primaryImageOfPage":{"@id":"https:\/\/relaxsrl.com\/fr\/produits\/environnements-de-salle-de-bain\/style-contemporain\/#primaryimage"},"datePublished":"2021-11-25T16:23:08+00:00","dateModified":"2024-11-18T13:28:45+00:00","description":"Avec Relax, vous pouvez interpr\u00e9ter votre salle de bain dans un style contemporain. Quelques pr\u00e9cautions suffisent.","breadcrumb":{"@id":"https:\/\/relaxsrl.com\/fr\/produits\/environnements-de-salle-de-bain\/style-contemporain\/#breadcrumb"},"inLanguage":"fr-FR","potentialAction":[{"@type":"ReadAction","target":["https:\/\/relaxsrl.com\/fr\/produits\/environnements-de-salle-de-bain\/style-contemporain\/"]}]},{"@type":"BreadcrumbList","@id":"https:\/\/relaxsrl.com\/fr\/produits\/environnements-de-salle-de-bain\/style-contemporain\/#breadcrumb","itemListElement":[{"@type":"ListItem","position":1,"name":"Produits","item":"https:\/\/relaxsrl.com\/fr\/produits\/"},{"@type":"ListItem","position":2,"name":"Environnements de salle de bain","item":"https:\/\/relaxsrl.com\/fr\/produits\/environnements-de-salle-de-bain\/"},{"@type":"ListItem","position":3,"name":"Style contemporain"}]}]}},"_links":{"self":[{"href":"https:\/\/relaxsrl.com\/fr\/wp-json\/wp\/v2\/pages\/12892"}],"collection":[{"href":"https:\/\/relaxsrl.com\/fr\/wp-json\/wp\/v2\/pages"}],"about":[{"href":"https:\/\/relaxsrl.com\/fr\/wp-json\/wp\/v2\/types\/page"}],"author":[{"embeddable":true,"href":"https:\/\/relaxsrl.com\/fr\/wp-json\/wp\/v2\/users\/3"}],"replies":[{"embeddable":true,"href":"https:\/\/relaxsrl.com\/fr\/wp-json\/wp\/v2\/comments?post=12892"}],"version-history":[{"count":8,"href":"https:\/\/relaxsrl.com\/fr\/wp-json\/wp\/v2\/pages\/12892\/revisions"}],"predecessor-version":[{"id":31387,"href":"https:\/\/relaxsrl.com\/fr\/wp-json\/wp\/v2\/pages\/12892\/revisions\/31387"}],"up":[{"embeddable":true,"href":"https:\/\/relaxsrl.com\/fr\/wp-json\/wp\/v2\/pages\/12880"}],"wp:featuredmedia":[{"embeddable":true,"href":"https:\/\/relaxsrl.com\/fr\/wp-json\/wp\/v2\/media\/3293"}],"wp:attachment":[{"href":"https:\/\/relaxsrl.com\/fr\/wp-json\/wp\/v2\/media?parent=12892"}],"curies":[{"name":"wp","href":"https:\/\/api.w.org\/{rel}","templated":true}]}}