{"id":12896,"date":"2021-11-25T17:43:45","date_gmt":"2021-11-25T16:43:45","guid":{"rendered":"http:\/\/relaxsrl.com\/produits\/environnements-de-salle-de-bain\/style-mansarde\/"},"modified":"2024-11-18T17:49:51","modified_gmt":"2024-11-18T16:49:51","slug":"style-mansarde","status":"publish","type":"page","link":"https:\/\/relaxsrl.com\/fr\/produits\/environnements-de-salle-de-bain\/style-mansarde\/","title":{"rendered":"Style mansarde"},"content":{"rendered":"<p>[vc_row full_width=\u00a0\u00bbstretch_row\u00a0\u00bb content_placement=\u00a0\u00bbmiddle\u00a0\u00bb el_class=\u00a0\u00bbintro-row\u00a0\u00bb][vc_column width=\u00a0\u00bb5\/12&Prime;][vc_column_text]<\/p>\n<h1>Style mansarde<\/h1>\n<p>[\/vc_column_text][\/vc_column][vc_column width=\u00a0\u00bb7\/12&Prime;][vc_column_text el_class=\u00a0\u00bbabstract\u00a0\u00bb]Le style mansarde en salle de bain est une occasion suppl\u00e9mentaire d&#8217;embellir votre maison, surtout si vous avez un toit en pente avec des poutres apparentes. L&rsquo;effet chaleureux et intime est garanti. Et si l&rsquo;\u00e9clairage naturel se fait rare, il est possible de trouver d&rsquo;excellentes solutions artificielles. L&rsquo;important est de s&rsquo;appuyer sur ceux qui garantissent pr\u00e9cision et solutions sur mesure. Toutes les solutions et le cabine de douche Relax sont certifi\u00e9es <a href=\"https:\/\/www.tuvsud.com\/fr-fr\">T\u00dcV S\u00dcD<\/a>.[\/vc_column_text][\/vc_column][\/vc_row][vc_row el_class=\u00a0\u00bbrow-path\u00a0\u00bb][vc_column][vc_column_text][\/vc_column_text][\/vc_column][\/vc_row][vc_row equal_height=\u00a0\u00bbyes\u00a0\u00bb content_placement=\u00a0\u00bbmiddle\u00a0\u00bb el_class=\u00a0\u00bbrow-prodotto-ambiente\u00a0\u00bb][vc_column width=\u00a0\u00bb7\/12&Prime;][vc_single_image image=\u00a0\u00bb3334&Prime; img_size=\u00a0\u00bbfull\u00a0\u00bb onclick=\u00a0\u00bbcustom_link\u00a0\u00bb link=\u00a0\u00bbhttps:\/\/relaxsrl.com\/prodotto\/cardine-af-f\/\u00a0\u00bb][vc_column_text el_class=\u00a0\u00bbprodotto-ambiente-didascalia\u00a0\u00bb]<a href=\"https:\/\/relaxsrl.com\/prodotto\/cardine-af-f\/\">Aller \u00e0 CARDINE AF+F<\/a>[\/vc_column_text][\/vc_column][vc_column width=\u00a0\u00bb4\/12&Prime;][vc_column_text el_class=\u00a0\u00bbprodotto-ambiente-text prodotto-ambiente-text-ml30&Prime;]<\/p>\n<h2>La salle de bain de style mansard\u00e9 utilise la lumi\u00e8re d&rsquo;en haut.<\/h2>\n<p>Un grenier est un grenier habitable, dans lequel pr\u00e9dominent les fen\u00eatres plac\u00e9es directement entre les tuiles. L&rsquo;\u00e9clairage naturel, qui descend directement du plafond, cr\u00e9e des jeux d&rsquo;ombres et de lumi\u00e8re qui embellissent l&rsquo;environnement lui-m\u00eame et doivent \u00eatre mis en valeur par les choix de mobilier.[\/vc_column_text][\/vc_column][\/vc_row][vc_row equal_height=\u00a0\u00bbyes\u00a0\u00bb content_placement=\u00a0\u00bbmiddle\u00a0\u00bb el_class=\u00a0\u00bbrow-prodotto-ambiente\u00a0\u00bb][vc_column width=\u00a0\u00bb1\/12&Prime;][\/vc_column][vc_column width=\u00a0\u00bb4\/12&Prime;][vc_column_text el_class=\u00a0\u00bbprodotto-ambiente-text\u00a0\u00bb]<\/p>\n<h2>Cabines de douche sur mesure dans la salle de bain avec style mansarde.<\/h2>\n<p>Quel est le degr\u00e9 d&rsquo;inclinaison de votre grenier ? En effet, un environnement fonctionnel et beau a besoin de solutions adapt\u00e9es, souvent sur mesure dans ce cas. Avec Relax, vous pouvez optimiser les espaces en fonction de vos besoins pour cr\u00e9er une synergie parfaite entre praticit\u00e9 et \u00e9l\u00e9gance.[\/vc_column_text][\/vc_column][vc_column width=\u00a0\u00bb1\/12&Prime;][\/vc_column][vc_column width=\u00a0\u00bb5\/12&Prime;][vc_single_image image=\u00a0\u00bb3476&Prime; img_size=\u00a0\u00bbfull\u00a0\u00bb onclick=\u00a0\u00bbcustom_link\u00a0\u00bb link=\u00a0\u00bbhttp:\/\/relaxsrl.com\/fr\/produit\/light-ab-light-f1\/\u00a0\u00bb][vc_column_text el_class=\u00a0\u00bbprodotto-ambiente-didascalia\u00a0\u00bb]<a href=\"http:\/\/relaxsrl.com\/fr\/produit\/light-ab-light-f1\/\">Aller \u00e0 LIGHT AB+F1<\/a>[\/vc_column_text][\/vc_column][\/vc_row][vc_row equal_height=\u00a0\u00bbyes\u00a0\u00bb content_placement=\u00a0\u00bbmiddle\u00a0\u00bb el_class=\u00a0\u00bbrow-prodotto-ambiente\u00a0\u00bb][vc_column width=\u00a0\u00bb5\/12&Prime;][vc_single_image image=\u00a0\u00bb3480&Prime; img_size=\u00a0\u00bbfull\u00a0\u00bb onclick=\u00a0\u00bbcustom_link\u00a0\u00bb link=\u00a0\u00bbhttp:\/\/relaxsrl.com\/fr\/produit\/lyra-sc1-lyra-f\/\u00a0\u00bb][vc_column_text el_class=\u00a0\u00bbprodotto-ambiente-didascalia\u00a0\u00bb]<a href=\"http:\/\/relaxsrl.com\/fr\/produit\/lyra-sc1-lyra-f\/\">Aller \u00e0 LYRA SC1+ F<\/a>[\/vc_column_text][\/vc_column][vc_column width=\u00a0\u00bb1\/12&Prime;][\/vc_column][vc_column width=\u00a0\u00bb5\/12&Prime;][vc_column_text el_class=\u00a0\u00bbprodotto-ambiente-text\u00a0\u00bb]<\/p>\n<h2>Salle de bain mansard\u00e9e avec bois et poutres apparentes.<\/h2>\n<p>Habituellement, les greniers ont un plafond en pente, sous lequel se trouve l&rsquo;espace de vie. De nombreuses salles de bains dans les combles adoptent ainsi le bois et les poutres apparentes comme \u00e9l\u00e9ments caract\u00e9ristiques. Et de cette fa\u00e7on, ils deviennent des environnements qui mettent en valeur la maison, des lieux confortables et accueillants.[\/vc_column_text][\/vc_column][\/vc_row][vc_row equal_height=\u00a0\u00bbyes\u00a0\u00bb content_placement=\u00a0\u00bbmiddle\u00a0\u00bb el_class=\u00a0\u00bbrow-prodotto-ambiente\u00a0\u00bb][vc_column width=\u00a0\u00bb1\/12&Prime;][\/vc_column][vc_column width=\u00a0\u00bb4\/12&Prime;][vc_column_text el_class=\u00a0\u00bbprodotto-ambiente-text\u00a0\u00bb]<\/p>\n<h2>Salles de bains mansard\u00e9es avec lumi\u00e8re artificielle.<\/h2>\n<p>En l&rsquo;absence de lumi\u00e8re naturelle, un \u00e9clairage artificiel est n\u00e9cessaire pour mettre en valeur les \u00e9l\u00e9ments et les textures environnants, en combinant les couleurs des \u00e9l\u00e9ments de mobilier. Dans l&rsquo;image avec Cardine B2 de Relax, voyez comment agr\u00e9menter une niche dans le grenier avec une cabine de douche dans laquelle le les \u00e9l\u00e9ments sont en parfaite harmonie les uns avec les autres, y compris l&rsquo;\u00e9clairage.[\/vc_column_text][\/vc_column][vc_column width=\u00a0\u00bb1\/12&Prime;][\/vc_column][vc_column width=\u00a0\u00bb5\/12&Prime;][vc_single_image image=\u00a0\u00bb31455&Prime; img_size=\u00a0\u00bbfull\u00a0\u00bb onclick=\u00a0\u00bbcustom_link\u00a0\u00bb link=\u00a0\u00bbhttp:\/\/relaxsrl.com\/fr\/produit\/puro-sc2\/\u00a0\u00bb][vc_column_text el_class=\u00a0\u00bbprodotto-ambiente-didascalia\u00a0\u00bb]<a href=\"https:\/\/relaxsrl.com\/prodotto\/cardine-b2\/\">Aller \u00e0 CARDINE B2<\/a>[\/vc_column_text][\/vc_column][\/vc_row]<\/p>\n","protected":false},"excerpt":{"rendered":"<p>[vc_row full_width=\u00a0\u00bbstretch_row\u00a0\u00bb content_placement=\u00a0\u00bbmiddle\u00a0\u00bb el_class=\u00a0\u00bbintro-row\u00a0\u00bb][vc_column width=\u00a0\u00bb5\/12&Prime;][vc_column_text] Style mansarde [\/vc_column_text][\/vc_column][vc_column width=\u00a0\u00bb7\/12&Prime;][vc_column_text el_class=\u00a0\u00bbabstract\u00a0\u00bb]Le style mansarde en salle de bain est une occasion suppl\u00e9mentaire d&#8217;embellir votre maison, surtout si vous avez un toit en pente avec des poutres apparentes. L&rsquo;effet chaleureux et intime est garanti. Et si l&rsquo;\u00e9clairage naturel se fait rare, il est possible de trouver d&rsquo;excellentes solutions [&hellip;]<\/p>\n","protected":false},"author":3,"featured_media":3334,"parent":12880,"menu_order":0,"comment_status":"closed","ping_status":"closed","template":"","meta":[],"acf":[],"yoast_head":"<!-- This site is optimized with the Yoast SEO Premium plugin v18.4 (Yoast SEO v18.8) - https:\/\/yoast.com\/wordpress\/plugins\/seo\/ -->\n<title>Style mansarde - Relax srl<\/title>\n<meta name=\"description\" content=\"Le style mansarde est une opportunit\u00e9 suppl\u00e9mentaire pour mettre en valeur votre maison. D\u00e9couvrez toutes les solutions Relax.\" \/>\n<meta name=\"robots\" content=\"index, follow, max-snippet:-1, max-image-preview:large, max-video-preview:-1\" \/>\n<link rel=\"canonical\" href=\"https:\/\/relaxsrl.com\/fr\/produits\/environnements-de-salle-de-bain\/style-mansarde\/\" \/>\n<meta property=\"og:locale\" content=\"fr_FR\" \/>\n<meta property=\"og:type\" content=\"article\" \/>\n<meta property=\"og:title\" content=\"Style mansarde - Relax srl\" \/>\n<meta property=\"og:description\" content=\"Le style mansarde est une opportunit\u00e9 suppl\u00e9mentaire pour mettre en valeur votre maison. D\u00e9couvrez toutes les solutions Relax.\" \/>\n<meta property=\"og:url\" content=\"https:\/\/relaxsrl.com\/fr\/produits\/environnements-de-salle-de-bain\/style-mansarde\/\" \/>\n<meta property=\"og:site_name\" content=\"Relax srl\" \/>\n<meta property=\"article:modified_time\" content=\"2024-11-18T16:49:51+00:00\" \/>\n<meta property=\"og:image\" content=\"https:\/\/relaxsrl.com\/website\/wp-content\/uploads\/2021\/10\/COVER-AFF3.jpg\" \/>\n\t<meta property=\"og:image:width\" content=\"961\" \/>\n\t<meta property=\"og:image:height\" content=\"660\" \/>\n\t<meta property=\"og:image:type\" content=\"image\/jpeg\" \/>\n<meta name=\"twitter:card\" content=\"summary_large_image\" \/>\n<meta name=\"twitter:label1\" content=\"Dur\u00e9e de lecture estim\u00e9e\" \/>\n\t<meta name=\"twitter:data1\" content=\"3 minutes\" \/>\n<script type=\"application\/ld+json\" class=\"yoast-schema-graph\">{\"@context\":\"https:\/\/schema.org\",\"@graph\":[{\"@type\":\"WebSite\",\"@id\":\"https:\/\/relaxsrl.com\/#website\",\"url\":\"https:\/\/relaxsrl.com\/\",\"name\":\"Relax srl\",\"description\":\"\",\"potentialAction\":[{\"@type\":\"SearchAction\",\"target\":{\"@type\":\"EntryPoint\",\"urlTemplate\":\"https:\/\/relaxsrl.com\/?s={search_term_string}\"},\"query-input\":\"required name=search_term_string\"}],\"inLanguage\":\"fr-FR\"},{\"@type\":\"ImageObject\",\"inLanguage\":\"fr-FR\",\"@id\":\"https:\/\/relaxsrl.com\/fr\/produits\/environnements-de-salle-de-bain\/style-mansarde\/#primaryimage\",\"url\":\"https:\/\/relaxsrl.com\/website\/wp-content\/uploads\/2021\/10\/COVER-AFF3.jpg\",\"contentUrl\":\"https:\/\/relaxsrl.com\/website\/wp-content\/uploads\/2021\/10\/COVER-AFF3.jpg\",\"width\":961,\"height\":660,\"caption\":\"Box doccia in mansarda con cerniere personalizzabili e porta battente\"},{\"@type\":\"WebPage\",\"@id\":\"https:\/\/relaxsrl.com\/fr\/produits\/environnements-de-salle-de-bain\/style-mansarde\/#webpage\",\"url\":\"https:\/\/relaxsrl.com\/fr\/produits\/environnements-de-salle-de-bain\/style-mansarde\/\",\"name\":\"Style mansarde - Relax srl\",\"isPartOf\":{\"@id\":\"https:\/\/relaxsrl.com\/#website\"},\"primaryImageOfPage\":{\"@id\":\"https:\/\/relaxsrl.com\/fr\/produits\/environnements-de-salle-de-bain\/style-mansarde\/#primaryimage\"},\"datePublished\":\"2021-11-25T16:43:45+00:00\",\"dateModified\":\"2024-11-18T16:49:51+00:00\",\"description\":\"Le style mansarde est une opportunit\u00e9 suppl\u00e9mentaire pour mettre en valeur votre maison. D\u00e9couvrez toutes les solutions Relax.\",\"breadcrumb\":{\"@id\":\"https:\/\/relaxsrl.com\/fr\/produits\/environnements-de-salle-de-bain\/style-mansarde\/#breadcrumb\"},\"inLanguage\":\"fr-FR\",\"potentialAction\":[{\"@type\":\"ReadAction\",\"target\":[\"https:\/\/relaxsrl.com\/fr\/produits\/environnements-de-salle-de-bain\/style-mansarde\/\"]}]},{\"@type\":\"BreadcrumbList\",\"@id\":\"https:\/\/relaxsrl.com\/fr\/produits\/environnements-de-salle-de-bain\/style-mansarde\/#breadcrumb\",\"itemListElement\":[{\"@type\":\"ListItem\",\"position\":1,\"name\":\"Produits\",\"item\":\"https:\/\/relaxsrl.com\/fr\/produits\/\"},{\"@type\":\"ListItem\",\"position\":2,\"name\":\"Environnements de salle de bain\",\"item\":\"https:\/\/relaxsrl.com\/fr\/produits\/environnements-de-salle-de-bain\/\"},{\"@type\":\"ListItem\",\"position\":3,\"name\":\"Style mansarde\"}]}]}<\/script>\n<!-- \/ Yoast SEO Premium plugin. -->","yoast_head_json":{"title":"Style mansarde - Relax srl","description":"Le style mansarde est une opportunit\u00e9 suppl\u00e9mentaire pour mettre en valeur votre maison. D\u00e9couvrez toutes les solutions Relax.","robots":{"index":"index","follow":"follow","max-snippet":"max-snippet:-1","max-image-preview":"max-image-preview:large","max-video-preview":"max-video-preview:-1"},"canonical":"https:\/\/relaxsrl.com\/fr\/produits\/environnements-de-salle-de-bain\/style-mansarde\/","og_locale":"fr_FR","og_type":"article","og_title":"Style mansarde - Relax srl","og_description":"Le style mansarde est une opportunit\u00e9 suppl\u00e9mentaire pour mettre en valeur votre maison. D\u00e9couvrez toutes les solutions Relax.","og_url":"https:\/\/relaxsrl.com\/fr\/produits\/environnements-de-salle-de-bain\/style-mansarde\/","og_site_name":"Relax srl","article_modified_time":"2024-11-18T16:49:51+00:00","og_image":[{"width":961,"height":660,"url":"https:\/\/relaxsrl.com\/website\/wp-content\/uploads\/2021\/10\/COVER-AFF3.jpg","type":"image\/jpeg"}],"twitter_card":"summary_large_image","twitter_misc":{"Dur\u00e9e de lecture estim\u00e9e":"3 minutes"},"schema":{"@context":"https:\/\/schema.org","@graph":[{"@type":"WebSite","@id":"https:\/\/relaxsrl.com\/#website","url":"https:\/\/relaxsrl.com\/","name":"Relax srl","description":"","potentialAction":[{"@type":"SearchAction","target":{"@type":"EntryPoint","urlTemplate":"https:\/\/relaxsrl.com\/?s={search_term_string}"},"query-input":"required name=search_term_string"}],"inLanguage":"fr-FR"},{"@type":"ImageObject","inLanguage":"fr-FR","@id":"https:\/\/relaxsrl.com\/fr\/produits\/environnements-de-salle-de-bain\/style-mansarde\/#primaryimage","url":"https:\/\/relaxsrl.com\/website\/wp-content\/uploads\/2021\/10\/COVER-AFF3.jpg","contentUrl":"https:\/\/relaxsrl.com\/website\/wp-content\/uploads\/2021\/10\/COVER-AFF3.jpg","width":961,"height":660,"caption":"Box doccia in mansarda con cerniere personalizzabili e porta battente"},{"@type":"WebPage","@id":"https:\/\/relaxsrl.com\/fr\/produits\/environnements-de-salle-de-bain\/style-mansarde\/#webpage","url":"https:\/\/relaxsrl.com\/fr\/produits\/environnements-de-salle-de-bain\/style-mansarde\/","name":"Style mansarde - Relax srl","isPartOf":{"@id":"https:\/\/relaxsrl.com\/#website"},"primaryImageOfPage":{"@id":"https:\/\/relaxsrl.com\/fr\/produits\/environnements-de-salle-de-bain\/style-mansarde\/#primaryimage"},"datePublished":"2021-11-25T16:43:45+00:00","dateModified":"2024-11-18T16:49:51+00:00","description":"Le style mansarde est une opportunit\u00e9 suppl\u00e9mentaire pour mettre en valeur votre maison. D\u00e9couvrez toutes les solutions Relax.","breadcrumb":{"@id":"https:\/\/relaxsrl.com\/fr\/produits\/environnements-de-salle-de-bain\/style-mansarde\/#breadcrumb"},"inLanguage":"fr-FR","potentialAction":[{"@type":"ReadAction","target":["https:\/\/relaxsrl.com\/fr\/produits\/environnements-de-salle-de-bain\/style-mansarde\/"]}]},{"@type":"BreadcrumbList","@id":"https:\/\/relaxsrl.com\/fr\/produits\/environnements-de-salle-de-bain\/style-mansarde\/#breadcrumb","itemListElement":[{"@type":"ListItem","position":1,"name":"Produits","item":"https:\/\/relaxsrl.com\/fr\/produits\/"},{"@type":"ListItem","position":2,"name":"Environnements de salle de bain","item":"https:\/\/relaxsrl.com\/fr\/produits\/environnements-de-salle-de-bain\/"},{"@type":"ListItem","position":3,"name":"Style mansarde"}]}]}},"_links":{"self":[{"href":"https:\/\/relaxsrl.com\/fr\/wp-json\/wp\/v2\/pages\/12896"}],"collection":[{"href":"https:\/\/relaxsrl.com\/fr\/wp-json\/wp\/v2\/pages"}],"about":[{"href":"https:\/\/relaxsrl.com\/fr\/wp-json\/wp\/v2\/types\/page"}],"author":[{"embeddable":true,"href":"https:\/\/relaxsrl.com\/fr\/wp-json\/wp\/v2\/users\/3"}],"replies":[{"embeddable":true,"href":"https:\/\/relaxsrl.com\/fr\/wp-json\/wp\/v2\/comments?post=12896"}],"version-history":[{"count":7,"href":"https:\/\/relaxsrl.com\/fr\/wp-json\/wp\/v2\/pages\/12896\/revisions"}],"predecessor-version":[{"id":31461,"href":"https:\/\/relaxsrl.com\/fr\/wp-json\/wp\/v2\/pages\/12896\/revisions\/31461"}],"up":[{"embeddable":true,"href":"https:\/\/relaxsrl.com\/fr\/wp-json\/wp\/v2\/pages\/12880"}],"wp:featuredmedia":[{"embeddable":true,"href":"https:\/\/relaxsrl.com\/fr\/wp-json\/wp\/v2\/media\/3334"}],"wp:attachment":[{"href":"https:\/\/relaxsrl.com\/fr\/wp-json\/wp\/v2\/media?parent=12896"}],"curies":[{"name":"wp","href":"https:\/\/api.w.org\/{rel}","templated":true}]}}