{"id":12900,"date":"2021-11-25T17:56:17","date_gmt":"2021-11-25T16:56:17","guid":{"rendered":"http:\/\/relaxsrl.com\/produits\/environnements-de-salle-de-bain\/style-moderne\/"},"modified":"2023-10-23T15:04:46","modified_gmt":"2023-10-23T13:04:46","slug":"style-moderne","status":"publish","type":"page","link":"https:\/\/relaxsrl.com\/fr\/produits\/environnements-de-salle-de-bain\/style-moderne\/","title":{"rendered":"Style moderne"},"content":{"rendered":"<p>[vc_row full_width=\u00a0\u00bbstretch_row\u00a0\u00bb content_placement=\u00a0\u00bbmiddle\u00a0\u00bb el_class=\u00a0\u00bbintro-row\u00a0\u00bb][vc_column width=\u00a0\u00bb5\/12&Prime;][vc_column_text]<\/p>\n<h1>Style moderne<\/h1>\n<p>[\/vc_column_text][\/vc_column][vc_column width=\u00a0\u00bb7\/12&Prime;][vc_column_text el_class=\u00a0\u00bbabstract\u00a0\u00bb]Une salle de bain au style moderne est une certitude dans le temps : quelques touches suffiront pour la r\u00e9viser quand vous le souhaitez et avoir toujours un environnement dans l&rsquo;air du temps. Nous vous donnons ici quelques conseils pour am\u00e9nager une salle de bain moderne et \u00e9l\u00e9gante. Toutes les solutions et le cabine de douche Relax sont certifi\u00e9es <a href=\"https:\/\/www.tuvsud.com\/fr-fr\">T\u00dcV S\u00dcD<\/a>.[\/vc_column_text][\/vc_column][\/vc_row][vc_row el_class=\u00a0\u00bbrow-path\u00a0\u00bb][vc_column][vc_column_text][\/vc_column_text][\/vc_column][\/vc_row][vc_row equal_height=\u00a0\u00bbyes\u00a0\u00bb content_placement=\u00a0\u00bbmiddle\u00a0\u00bb el_class=\u00a0\u00bbrow-prodotto-ambiente\u00a0\u00bb][vc_column width=\u00a0\u00bb7\/12&Prime;][vc_single_image image=\u00a0\u00bb3310&Prime; img_size=\u00a0\u00bbfull\u00a0\u00bb onclick=\u00a0\u00bbcustom_link\u00a0\u00bb link=\u00a0\u00bbhttp:\/\/relaxsrl.com\/fr\/produit\/bobox-a\/\u00a0\u00bb][vc_column_text el_class=\u00a0\u00bbprodotto-ambiente-didascalia\u00a0\u00bb]<a href=\"http:\/\/relaxsrl.com\/fr\/produit\/bobox-a\/\">Aller \u00e0 BOBOX A<\/a>[\/vc_column_text][\/vc_column][vc_column width=\u00a0\u00bb4\/12&Prime;][vc_column_text el_class=\u00a0\u00bbprodotto-ambiente-text prodotto-ambiente-text-ml30&Prime;]<\/p>\n<h2>Le style moderne est inh\u00e9rent aux concepts d&rsquo;agilit\u00e9 et de praticit\u00e9.<\/h2>\n<p>Une salle de bain moderne est \u00e9ternelle car ses teintes d\u00e9licates trouvent de la place dans toutes les situations, et la disposition minimale des \u00e9l\u00e9ments permet de meubler avec intelligence. Parmi les nombreuses solutions de douche, un paroi fixe tel que <a href=\"http:\/\/relaxsrl.com\/fr\/?attachment_id=1847\"> Bobox A <\/a> parvient \u00e0 \u00eatre moderne et fonctionnel au bon endroit.[\/vc_column_text][\/vc_column][\/vc_row][vc_row equal_height=\u00a0\u00bbyes\u00a0\u00bb content_placement=\u00a0\u00bbmiddle\u00a0\u00bb el_class=\u00a0\u00bbrow-prodotto-ambiente\u00a0\u00bb][vc_column width=\u00a0\u00bb4\/12&Prime;][vc_column_text el_class=\u00a0\u00bbprodotto-ambiente-text\u00a0\u00bb]<\/p>\n<h2>Am\u00e9nagement des espaces et solutions peu encombrantes.<\/h2>\n<p>Si la praticit\u00e9 est l&rsquo;une des pierres angulaires d&rsquo;une salle de bain moderne, \u00e9viter de gaspiller de pr\u00e9cieux centim\u00e8tres devient une priorit\u00e9. Les solutions peu encombrantes telles que les meubles de salle de bain avec plusieurs \u00e9tag\u00e8res et les cabines de douche \u00e0 portes coulissantes sont pr\u00e9f\u00e9rables lorsque la taille de la pi\u00e8ce est petite.[\/vc_column_text][\/vc_column][vc_column width=\u00a0\u00bb1\/12&Prime;][\/vc_column][vc_column width=\u00a0\u00bb7\/12&Prime;][vc_single_image image=\u00a0\u00bb3432&Prime; img_size=\u00a0\u00bbfull\u00a0\u00bb onclick=\u00a0\u00bbcustom_link\u00a0\u00bb link=\u00a0\u00bbhttp:\/\/relaxsrl.com\/fr\/produit\/evox-sf-evox-f\/\u00a0\u00bb][vc_column_text el_class=\u00a0\u00bbprodotto-ambiente-didascalia\u00a0\u00bb]<a href=\"http:\/\/relaxsrl.com\/fr\/produit\/evox-sf-evox-f\/\">Aller \u00e0 EVOX SF+F<\/a>[\/vc_column_text][\/vc_column][\/vc_row][vc_row equal_height=\u00a0\u00bbyes\u00a0\u00bb content_placement=\u00a0\u00bbmiddle\u00a0\u00bb el_class=\u00a0\u00bbrow-prodotto-ambiente\u00a0\u00bb][vc_column width=\u00a0\u00bb5\/12&Prime;][vc_single_image image=\u00a0\u00bb3436&Prime; img_size=\u00a0\u00bbfull\u00a0\u00bb onclick=\u00a0\u00bbcustom_link\u00a0\u00bb link=\u00a0\u00bbhttp:\/\/relaxsrl.com\/fr\/produit\/axia-sf-axia-f\/\u00a0\u00bb][vc_column_text el_class=\u00a0\u00bbprodotto-ambiente-didascalia\u00a0\u00bb]<a href=\"http:\/\/relaxsrl.com\/fr\/produit\/axia-sf-axia-f\/\">Aller \u00e0 AXIA SF+F1<\/a>[\/vc_column_text][\/vc_column][vc_column width=\u00a0\u00bb1\/12&Prime;][\/vc_column][vc_column width=\u00a0\u00bb5\/12&Prime;][vc_column_text el_class=\u00a0\u00bbprodotto-ambiente-text\u00a0\u00bb]<\/p>\n<h2>Touches de minimalisme et nuances de gris pour la salle de bain moderne.<\/h2>\n<p>Un environnement moderne est aussi un environnement minimal, qui sait r\u00e9interpr\u00e9ter les besoins et les exigences, en r\u00e9duisant les dimensions globales au minimum, avec style. Parmi les palettes de couleurs les plus populaires, l&rsquo;\u00e9chelle de gris, agr\u00e9ment\u00e9e de d\u00e9tails brillants et chrom\u00e9s, a un effet classe intemporel.[\/vc_column_text][\/vc_column][\/vc_row][vc_row equal_height=\u00a0\u00bbyes\u00a0\u00bb content_placement=\u00a0\u00bbmiddle\u00a0\u00bb el_class=\u00a0\u00bbrow-prodotto-ambiente\u00a0\u00bb][vc_column width=\u00a0\u00bb1\/12&Prime;][\/vc_column][vc_column width=\u00a0\u00bb4\/12&Prime;][vc_column_text el_class=\u00a0\u00bbprodotto-ambiente-text\u00a0\u00bb]<\/p>\n<h2>Couleur? R\u00e9serv\u00e9 aux d\u00e9tails pour le style moderne.<\/h2>\n<p>Vous aimez les situations plus vivantes et color\u00e9es ? Si vous souhaitez conserver un style moderne et ind\u00e9modable, rehaussez une niche avec du papier peint aux tons chauds. L&rsquo;environnement de douche qui en r\u00e9sulte peut devenir un chef-d&rsquo;\u0153uvre.[\/vc_column_text][\/vc_column][vc_column width=\u00a0\u00bb1\/12&Prime;][\/vc_column][vc_column width=\u00a0\u00bb5\/12&Prime;][vc_single_image image=\u00a0\u00bb3440&Prime; img_size=\u00a0\u00bbfull\u00a0\u00bb onclick=\u00a0\u00bbcustom_link\u00a0\u00bb link=\u00a0\u00bbhttp:\/\/relaxsrl.com\/fr\/produit\/wall-pl\/\u00a0\u00bb][vc_column_text el_class=\u00a0\u00bbprodotto-ambiente-didascalia\u00a0\u00bb]<a href=\"http:\/\/relaxsrl.com\/fr\/produit\/wall-pl\/\">Aller \u00e0 WALL PL<\/a>[\/vc_column_text][\/vc_column][\/vc_row][vc_row equal_height=\u00a0\u00bbyes\u00a0\u00bb content_placement=\u00a0\u00bbmiddle\u00a0\u00bb el_class=\u00a0\u00bbrow-prodotto-ambiente\u00a0\u00bb][vc_column width=\u00a0\u00bb5\/12&Prime;][vc_single_image image=\u00a0\u00bb3444&Prime; img_size=\u00a0\u00bbfull\u00a0\u00bb onclick=\u00a0\u00bbcustom_link\u00a0\u00bb link=\u00a0\u00bbhttp:\/\/relaxsrl.com\/fr\/produit\/luxor-140s\/\u00a0\u00bb][vc_column_text el_class=\u00a0\u00bbprodotto-ambiente-didascalia\u00a0\u00bb]<a href=\"http:\/\/relaxsrl.com\/fr\/produit\/luxor-140s\/\">Aller \u00e0 LUXOR 140S<\/a>[\/vc_column_text][\/vc_column][vc_column width=\u00a0\u00bb1\/12&Prime;][\/vc_column][vc_column width=\u00a0\u00bb5\/12&Prime;][vc_column_text el_class=\u00a0\u00bbprodotto-ambiente-text\u00a0\u00bb]<\/p>\n<h2>Harmonie de formes rondes et lin\u00e9aires.<\/h2>\n<p>Il n&rsquo;y a pas de style moderne qui se respecte sans une savante fusion des lignes et des formes. Ces derniers cr\u00e9ent des compositions toujours diff\u00e9rentes, o\u00f9 sph\u00e9ricit\u00e9 et lin\u00e9arit\u00e9 se m\u00ealent en totale harmonie.[\/vc_column_text][\/vc_column][\/vc_row]<\/p>\n","protected":false},"excerpt":{"rendered":"<p>[vc_row full_width=\u00a0\u00bbstretch_row\u00a0\u00bb content_placement=\u00a0\u00bbmiddle\u00a0\u00bb el_class=\u00a0\u00bbintro-row\u00a0\u00bb][vc_column width=\u00a0\u00bb5\/12&Prime;][vc_column_text] Style moderne [\/vc_column_text][\/vc_column][vc_column width=\u00a0\u00bb7\/12&Prime;][vc_column_text el_class=\u00a0\u00bbabstract\u00a0\u00bb]Une salle de bain au style moderne est une certitude dans le temps : quelques touches suffiront pour la r\u00e9viser quand vous le souhaitez et avoir toujours un environnement dans l&rsquo;air du temps. Nous vous donnons ici quelques conseils pour am\u00e9nager une salle de bain moderne [&hellip;]<\/p>\n","protected":false},"author":3,"featured_media":3310,"parent":12880,"menu_order":0,"comment_status":"closed","ping_status":"closed","template":"","meta":[],"acf":[],"yoast_head":"<!-- This site is optimized with the Yoast SEO Premium plugin v18.4 (Yoast SEO v18.8) - https:\/\/yoast.com\/wordpress\/plugins\/seo\/ -->\n<title>Style moderne - Relax srl<\/title>\n<meta name=\"description\" content=\"Une salle de bain de style moderne est une certitude. Voici quelques conseils pour am\u00e9nager une salle de bain moderne et \u00e9l\u00e9gante.\" \/>\n<meta name=\"robots\" content=\"index, follow, max-snippet:-1, max-image-preview:large, max-video-preview:-1\" \/>\n<link rel=\"canonical\" href=\"https:\/\/relaxsrl.com\/fr\/produits\/environnements-de-salle-de-bain\/style-moderne\/\" \/>\n<meta property=\"og:locale\" content=\"fr_FR\" \/>\n<meta property=\"og:type\" content=\"article\" \/>\n<meta property=\"og:title\" content=\"Style moderne - Relax srl\" \/>\n<meta property=\"og:description\" content=\"Une salle de bain de style moderne est une certitude. Voici quelques conseils pour am\u00e9nager une salle de bain moderne et \u00e9l\u00e9gante.\" \/>\n<meta property=\"og:url\" content=\"https:\/\/relaxsrl.com\/fr\/produits\/environnements-de-salle-de-bain\/style-moderne\/\" \/>\n<meta property=\"og:site_name\" content=\"Relax srl\" \/>\n<meta property=\"article:modified_time\" content=\"2023-10-23T13:04:46+00:00\" \/>\n<meta property=\"og:image\" content=\"https:\/\/relaxsrl.com\/website\/wp-content\/uploads\/2021\/10\/BOBOX-A.jpg\" \/>\n\t<meta property=\"og:image:width\" content=\"961\" \/>\n\t<meta property=\"og:image:height\" content=\"660\" \/>\n\t<meta property=\"og:image:type\" content=\"image\/jpeg\" \/>\n<meta name=\"twitter:card\" content=\"summary_large_image\" \/>\n<meta name=\"twitter:label1\" content=\"Dur\u00e9e de lecture estim\u00e9e\" \/>\n\t<meta name=\"twitter:data1\" content=\"3 minutes\" \/>\n<script type=\"application\/ld+json\" class=\"yoast-schema-graph\">{\"@context\":\"https:\/\/schema.org\",\"@graph\":[{\"@type\":\"WebSite\",\"@id\":\"https:\/\/relaxsrl.com\/#website\",\"url\":\"https:\/\/relaxsrl.com\/\",\"name\":\"Relax srl\",\"description\":\"\",\"potentialAction\":[{\"@type\":\"SearchAction\",\"target\":{\"@type\":\"EntryPoint\",\"urlTemplate\":\"https:\/\/relaxsrl.com\/?s={search_term_string}\"},\"query-input\":\"required name=search_term_string\"}],\"inLanguage\":\"fr-FR\"},{\"@type\":\"ImageObject\",\"inLanguage\":\"fr-FR\",\"@id\":\"https:\/\/relaxsrl.com\/fr\/produits\/environnements-de-salle-de-bain\/style-moderne\/#primaryimage\",\"url\":\"https:\/\/relaxsrl.com\/website\/wp-content\/uploads\/2021\/10\/BOBOX-A.jpg\",\"contentUrl\":\"https:\/\/relaxsrl.com\/website\/wp-content\/uploads\/2021\/10\/BOBOX-A.jpg\",\"width\":961,\"height\":660,\"caption\":\"Box doccia dallo stile moderno in palestra\"},{\"@type\":\"WebPage\",\"@id\":\"https:\/\/relaxsrl.com\/fr\/produits\/environnements-de-salle-de-bain\/style-moderne\/#webpage\",\"url\":\"https:\/\/relaxsrl.com\/fr\/produits\/environnements-de-salle-de-bain\/style-moderne\/\",\"name\":\"Style moderne - Relax srl\",\"isPartOf\":{\"@id\":\"https:\/\/relaxsrl.com\/#website\"},\"primaryImageOfPage\":{\"@id\":\"https:\/\/relaxsrl.com\/fr\/produits\/environnements-de-salle-de-bain\/style-moderne\/#primaryimage\"},\"datePublished\":\"2021-11-25T16:56:17+00:00\",\"dateModified\":\"2023-10-23T13:04:46+00:00\",\"description\":\"Une salle de bain de style moderne est une certitude. Voici quelques conseils pour am\u00e9nager une salle de bain moderne et \u00e9l\u00e9gante.\",\"breadcrumb\":{\"@id\":\"https:\/\/relaxsrl.com\/fr\/produits\/environnements-de-salle-de-bain\/style-moderne\/#breadcrumb\"},\"inLanguage\":\"fr-FR\",\"potentialAction\":[{\"@type\":\"ReadAction\",\"target\":[\"https:\/\/relaxsrl.com\/fr\/produits\/environnements-de-salle-de-bain\/style-moderne\/\"]}]},{\"@type\":\"BreadcrumbList\",\"@id\":\"https:\/\/relaxsrl.com\/fr\/produits\/environnements-de-salle-de-bain\/style-moderne\/#breadcrumb\",\"itemListElement\":[{\"@type\":\"ListItem\",\"position\":1,\"name\":\"Produits\",\"item\":\"https:\/\/relaxsrl.com\/fr\/produits\/\"},{\"@type\":\"ListItem\",\"position\":2,\"name\":\"Environnements de salle de bain\",\"item\":\"https:\/\/relaxsrl.com\/fr\/produits\/environnements-de-salle-de-bain\/\"},{\"@type\":\"ListItem\",\"position\":3,\"name\":\"Style moderne\"}]}]}<\/script>\n<!-- \/ Yoast SEO Premium plugin. -->","yoast_head_json":{"title":"Style moderne - Relax srl","description":"Une salle de bain de style moderne est une certitude. Voici quelques conseils pour am\u00e9nager une salle de bain moderne et \u00e9l\u00e9gante.","robots":{"index":"index","follow":"follow","max-snippet":"max-snippet:-1","max-image-preview":"max-image-preview:large","max-video-preview":"max-video-preview:-1"},"canonical":"https:\/\/relaxsrl.com\/fr\/produits\/environnements-de-salle-de-bain\/style-moderne\/","og_locale":"fr_FR","og_type":"article","og_title":"Style moderne - Relax srl","og_description":"Une salle de bain de style moderne est une certitude. Voici quelques conseils pour am\u00e9nager une salle de bain moderne et \u00e9l\u00e9gante.","og_url":"https:\/\/relaxsrl.com\/fr\/produits\/environnements-de-salle-de-bain\/style-moderne\/","og_site_name":"Relax srl","article_modified_time":"2023-10-23T13:04:46+00:00","og_image":[{"width":961,"height":660,"url":"https:\/\/relaxsrl.com\/website\/wp-content\/uploads\/2021\/10\/BOBOX-A.jpg","type":"image\/jpeg"}],"twitter_card":"summary_large_image","twitter_misc":{"Dur\u00e9e de lecture estim\u00e9e":"3 minutes"},"schema":{"@context":"https:\/\/schema.org","@graph":[{"@type":"WebSite","@id":"https:\/\/relaxsrl.com\/#website","url":"https:\/\/relaxsrl.com\/","name":"Relax srl","description":"","potentialAction":[{"@type":"SearchAction","target":{"@type":"EntryPoint","urlTemplate":"https:\/\/relaxsrl.com\/?s={search_term_string}"},"query-input":"required name=search_term_string"}],"inLanguage":"fr-FR"},{"@type":"ImageObject","inLanguage":"fr-FR","@id":"https:\/\/relaxsrl.com\/fr\/produits\/environnements-de-salle-de-bain\/style-moderne\/#primaryimage","url":"https:\/\/relaxsrl.com\/website\/wp-content\/uploads\/2021\/10\/BOBOX-A.jpg","contentUrl":"https:\/\/relaxsrl.com\/website\/wp-content\/uploads\/2021\/10\/BOBOX-A.jpg","width":961,"height":660,"caption":"Box doccia dallo stile moderno in palestra"},{"@type":"WebPage","@id":"https:\/\/relaxsrl.com\/fr\/produits\/environnements-de-salle-de-bain\/style-moderne\/#webpage","url":"https:\/\/relaxsrl.com\/fr\/produits\/environnements-de-salle-de-bain\/style-moderne\/","name":"Style moderne - Relax srl","isPartOf":{"@id":"https:\/\/relaxsrl.com\/#website"},"primaryImageOfPage":{"@id":"https:\/\/relaxsrl.com\/fr\/produits\/environnements-de-salle-de-bain\/style-moderne\/#primaryimage"},"datePublished":"2021-11-25T16:56:17+00:00","dateModified":"2023-10-23T13:04:46+00:00","description":"Une salle de bain de style moderne est une certitude. Voici quelques conseils pour am\u00e9nager une salle de bain moderne et \u00e9l\u00e9gante.","breadcrumb":{"@id":"https:\/\/relaxsrl.com\/fr\/produits\/environnements-de-salle-de-bain\/style-moderne\/#breadcrumb"},"inLanguage":"fr-FR","potentialAction":[{"@type":"ReadAction","target":["https:\/\/relaxsrl.com\/fr\/produits\/environnements-de-salle-de-bain\/style-moderne\/"]}]},{"@type":"BreadcrumbList","@id":"https:\/\/relaxsrl.com\/fr\/produits\/environnements-de-salle-de-bain\/style-moderne\/#breadcrumb","itemListElement":[{"@type":"ListItem","position":1,"name":"Produits","item":"https:\/\/relaxsrl.com\/fr\/produits\/"},{"@type":"ListItem","position":2,"name":"Environnements de salle de bain","item":"https:\/\/relaxsrl.com\/fr\/produits\/environnements-de-salle-de-bain\/"},{"@type":"ListItem","position":3,"name":"Style moderne"}]}]}},"_links":{"self":[{"href":"https:\/\/relaxsrl.com\/fr\/wp-json\/wp\/v2\/pages\/12900"}],"collection":[{"href":"https:\/\/relaxsrl.com\/fr\/wp-json\/wp\/v2\/pages"}],"about":[{"href":"https:\/\/relaxsrl.com\/fr\/wp-json\/wp\/v2\/types\/page"}],"author":[{"embeddable":true,"href":"https:\/\/relaxsrl.com\/fr\/wp-json\/wp\/v2\/users\/3"}],"replies":[{"embeddable":true,"href":"https:\/\/relaxsrl.com\/fr\/wp-json\/wp\/v2\/comments?post=12900"}],"version-history":[{"count":6,"href":"https:\/\/relaxsrl.com\/fr\/wp-json\/wp\/v2\/pages\/12900\/revisions"}],"predecessor-version":[{"id":29304,"href":"https:\/\/relaxsrl.com\/fr\/wp-json\/wp\/v2\/pages\/12900\/revisions\/29304"}],"up":[{"embeddable":true,"href":"https:\/\/relaxsrl.com\/fr\/wp-json\/wp\/v2\/pages\/12880"}],"wp:featuredmedia":[{"embeddable":true,"href":"https:\/\/relaxsrl.com\/fr\/wp-json\/wp\/v2\/media\/3310"}],"wp:attachment":[{"href":"https:\/\/relaxsrl.com\/fr\/wp-json\/wp\/v2\/media?parent=12900"}],"curies":[{"name":"wp","href":"https:\/\/api.w.org\/{rel}","templated":true}]}}