{"id":12975,"date":"2021-11-26T16:50:11","date_gmt":"2021-11-26T15:50:11","guid":{"rendered":"http:\/\/relaxsrl.com\/produits\/collections\/axia\/"},"modified":"2023-10-13T10:10:00","modified_gmt":"2023-10-13T08:10:00","slug":"axia","status":"publish","type":"page","link":"https:\/\/relaxsrl.com\/fr\/produits\/collections\/axia\/","title":{"rendered":"Axia"},"content":{"rendered":"<p>[vc_row full_width=\u00a0\u00bbstretch_row\u00a0\u00bb equal_height=\u00a0\u00bbyes\u00a0\u00bb el_class=\u00a0\u00bbrow-header-collezione-prodotti\u00a0\u00bb css=\u00a0\u00bb.vc_custom_1632994519688{background-image: url(http:\/\/relaxsrl.com\/wp-content\/uploads\/2021\/09\/collezione-axia.jpg?id=2694) !important;}\u00a0\u00bb][vc_column width=\u00a0\u00bb1\/2&Prime; el_class=\u00a0\u00bbcol-sx-header-collezione-prodotti\u00a0\u00bb][vc_column_text el_class=\u00a0\u00bbheader-collezione-prodotti-txt\u00a0\u00bb]<\/p>\n<h1>La cabine de douche avec le roulement \u00e0 vue<\/h1>\n<p>Le concept de cette cabine de douche avec porte coulissante repose sur la recherche esth\u00e9tique de son fonctionnement. Le rail de coulissement \u00e0 vue de la porte d\u00e9core la transparence du verre. Il est m\u00eame possible de monter sur la porte le syst\u00e8me soft-close de ralentir. Equip\u00e9e de syst\u00e8me de d\u00e9gagement rapide de la partie inf\u00e9rieure de la porte pour faciliter le nettoyage.[\/vc_column_text][\/vc_column][vc_column width=\u00a0\u00bb1\/2&Prime; el_class=\u00a0\u00bbcol-dx-header-collezione-prodotti\u00a0\u00bb][vc_single_image image=\u00a0\u00bb2110&Prime; img_size=\u00a0\u00bbfull\u00a0\u00bb alignment=\u00a0\u00bbcenter\u00a0\u00bb el_class=\u00a0\u00bbrow-header-prodotto-img\u00a0\u00bb][\/vc_column][\/vc_row][vc_row el_class=\u00a0\u00bbrow-path\u00a0\u00bb][vc_column][vc_column_text][\/vc_column_text][\/vc_column][\/vc_row][vc_row][vc_column]<div class=\"woocommerce columns-4 \"><ul class=\"products columns-4\">\n<li class=\"product type-product post-13888 status-publish first instock product_cat-3-lati-fr product_cat-3-lati-de product_cat-3-lati-en product_cat-3- product_cat-angolare-en product_cat-angolare-de product_cat-angulaire product_cat-axia-fr product_cat-axia-en product_cat-axia-de product_cat-axia-ru product_cat-box-doccia-de product_cat-box-doccia-en product_cat-box-doccia-industriale product_cat-cabine-de-douche product_cat-guide-de-selection-cabines-de-douche-industrielles product_cat-collections product_cat-collections-en product_cat-guide-de-selection-coulissante product_cat-angulaire-coulissante product_cat-guida-alla-scelta-de product_cat-selection-guide-en product_cat-guide-de-selection product_cat-selection-guide product_cat-collezioni-de product_cat-scorrevole-de product_cat-scorrevole-de-2 product_cat-scorrevole-fr product_cat-scorrevole-de-6 product_cat-selection-guide-scorrevole product_cat-scorrevole product_cat-angular-sliding product_cat-tipologia-prodotto-de product_cat-tipologia-prodotto-en product_cat-type-de-produit product_cat-1618 product_cat-1568 product_cat-1599 product_cat-1610 product_cat-1632 product_cat-3--- product_cat-1594 product_cat-1617 product_cat-1626 has-post-thumbnail shipping-taxable product-type-simple\">\n\t<div class=\"woocommerce-loop-product__short_description\" itemprop=\"description\"><a href=\"https:\/\/relaxsrl.com\/fr\/produit\/axia-sf-axia-f\/\" class=\"woocommerce-LoopProduct-link woocommerce-loop-product__link\"><p>Cabine de douche d&rsquo;angle avec porte coulissante et avec le syst\u00e8me visible.<\/p>\n<\/a><\/div><\/li>\n<li class=\"product type-product post-13884 status-publish instock product_cat-axia-de product_cat-axia-ru product_cat-axia-en product_cat-axia-fr product_cat-box-doccia-en product_cat-box-doccia-de product_cat-cabine-de-douche product_cat-collections-en product_cat-collections product_cat-niche-coulissante product_cat-guida-alla-scelta-de product_cat-selection-guide-en product_cat-guide-de-selection product_cat-nicchia-de product_cat-nicchia-de-2 product_cat-niche-fr product_cat-selection-guide-niche product_cat-niche product_cat-guide-de-selection-niche product_cat-collezioni-de product_cat-scorrevole-de-5 product_cat-niche-sliding product_cat-tipologia-prodotto-de product_cat-tipologia-prodotto-en product_cat-type-de-produit product_cat-1618 product_cat-1568 product_cat-1637 product_cat-1607 product_cat-1639 product_cat-1594 product_cat-1617 has-post-thumbnail shipping-taxable product-type-simple\">\n\t<div class=\"woocommerce-loop-product__short_description\" itemprop=\"description\"><a href=\"https:\/\/relaxsrl.com\/fr\/produit\/axia-sc1\/\" class=\"woocommerce-LoopProduct-link woocommerce-loop-product__link\"><p>Cabine de douche en niche avec porte coulissante et syst\u00e8me coulissant apparent.<\/p>\n<\/a><\/div><\/li>\n<li class=\"product type-product post-13813 status-publish instock product_cat-au-dessus-du-baignoire product_cat-au-dessus-du-baignoire-fr product_cat-axia-fr product_cat-axia-de product_cat-axia-ru product_cat-box-doccia-de product_cat-cabine-de-douche product_cat-collections product_cat-au-dessus-du-baignoire-coulissante-fr product_cat-collezioni-de product_cat-scorrevole-de-3 product_cat-sopravasca-de product_cat-sopravasca-de-2 product_cat-tipologia-prodotto-de product_cat-type-de-produit product_cat-1618 product_cat-1568 product_cat-1645 product_cat----ru product_cat-1647 product_cat-1617 has-post-thumbnail shipping-taxable product-type-simple\">\n\t<div class=\"woocommerce-loop-product__short_description\" itemprop=\"description\"><a href=\"https:\/\/relaxsrl.com\/fr\/produit\/axia-sf-v-axia-f-v\/\" class=\"woocommerce-LoopProduct-link woocommerce-loop-product__link\"><p>Paroi de baignoire d&rsquo;angle \u00e0 ouverture coulissante. Verre 8 mm.<\/p>\n<\/a><\/div><\/li>\n<li class=\"product type-product post-13809 status-publish last instock product_cat-au-dessus-du-baignoire product_cat-au-dessus-du-baignoire-fr product_cat-guide-de-selection-au-dessus-du-baignoire product_cat-axia-fr product_cat-axia-de product_cat-axia-ru product_cat-box-doccia-de product_cat-cabine-de-douche product_cat-collections product_cat-au-dessus-du-baignoire-coulissante-fr product_cat-guida-alla-scelta-de product_cat-guide-de-selection product_cat-collezioni-de product_cat-scorrevole-de-3 product_cat-sopravasca-de product_cat-sopravasca-de-2 product_cat-sopravasca-de-3 product_cat-tipologia-prodotto-de product_cat-type-de-produit product_cat-1618 product_cat-1568 product_cat----ru product_cat-1614 product_cat-1645 product_cat-1647 product_cat-1594 product_cat-1617 has-post-thumbnail shipping-taxable product-type-simple\">\n\t<div class=\"woocommerce-loop-product__short_description\" itemprop=\"description\"><a href=\"https:\/\/relaxsrl.com\/fr\/produit\/axia-sc1-v\/\" class=\"woocommerce-LoopProduct-link woocommerce-loop-product__link\"><p>Pare-baignoire en niche avec ouverture coulissante. Verre 8 mm.<\/p>\n<\/a><\/div><\/li>\n<\/ul>\n<\/div>[\/vc_column][\/vc_row]<\/p>\n","protected":false},"excerpt":{"rendered":"<p>[vc_row full_width=\u00a0\u00bbstretch_row\u00a0\u00bb equal_height=\u00a0\u00bbyes\u00a0\u00bb el_class=\u00a0\u00bbrow-header-collezione-prodotti\u00a0\u00bb css=\u00a0\u00bb.vc_custom_1632994519688{background-image: url(http:\/\/relaxsrl.com\/wp-content\/uploads\/2021\/09\/collezione-axia.jpg?id=2694) !important;}\u00a0\u00bb][vc_column width=\u00a0\u00bb1\/2&Prime; el_class=\u00a0\u00bbcol-sx-header-collezione-prodotti\u00a0\u00bb][vc_column_text el_class=\u00a0\u00bbheader-collezione-prodotti-txt\u00a0\u00bb] La cabine de douche avec le roulement \u00e0 vue Le concept de cette cabine de douche avec porte coulissante repose sur la recherche esth\u00e9tique de son fonctionnement. Le rail de coulissement \u00e0 vue de la porte d\u00e9core la transparence du verre. Il est m\u00eame possible [&hellip;]<\/p>\n","protected":false},"author":3,"featured_media":2110,"parent":32054,"menu_order":0,"comment_status":"closed","ping_status":"closed","template":"","meta":[],"acf":[],"yoast_head":"<!-- This site is optimized with the Yoast SEO Premium plugin v18.4 (Yoast SEO v18.8) - https:\/\/yoast.com\/wordpress\/plugins\/seo\/ -->\n<title>Axia - Relax srl<\/title>\n<meta name=\"description\" content=\"Axia est la collection de cabines de douche \u00e0 portes coulissantes avec profil coulissant visible. En savoir plus.\" \/>\n<meta name=\"robots\" content=\"index, follow, max-snippet:-1, max-image-preview:large, max-video-preview:-1\" \/>\n<link rel=\"canonical\" href=\"https:\/\/relaxsrl.com\/fr\/produits\/collections\/axia\/\" \/>\n<meta property=\"og:locale\" content=\"fr_FR\" \/>\n<meta property=\"og:type\" content=\"article\" \/>\n<meta property=\"og:title\" content=\"Axia - Relax srl\" \/>\n<meta property=\"og:description\" content=\"Axia est la collection de cabines de douche \u00e0 portes coulissantes avec profil coulissant visible. En savoir plus.\" \/>\n<meta property=\"og:url\" content=\"https:\/\/relaxsrl.com\/fr\/produits\/collections\/axia\/\" \/>\n<meta property=\"og:site_name\" content=\"Relax srl\" \/>\n<meta property=\"article:modified_time\" content=\"2023-10-13T08:10:00+00:00\" \/>\n<meta property=\"og:image\" content=\"https:\/\/relaxsrl.com\/website\/wp-content\/uploads\/2021\/09\/AXIA_SFF_2.jpg\" \/>\n\t<meta property=\"og:image:width\" content=\"800\" \/>\n\t<meta property=\"og:image:height\" content=\"1110\" \/>\n\t<meta property=\"og:image:type\" content=\"image\/jpeg\" \/>\n<meta name=\"twitter:card\" content=\"summary_large_image\" \/>\n<meta name=\"twitter:label1\" content=\"Dur\u00e9e de lecture estim\u00e9e\" \/>\n\t<meta name=\"twitter:data1\" content=\"1 minute\" \/>\n<script type=\"application\/ld+json\" class=\"yoast-schema-graph\">{\"@context\":\"https:\/\/schema.org\",\"@graph\":[{\"@type\":\"WebSite\",\"@id\":\"https:\/\/relaxsrl.com\/#website\",\"url\":\"https:\/\/relaxsrl.com\/\",\"name\":\"Relax srl\",\"description\":\"\",\"potentialAction\":[{\"@type\":\"SearchAction\",\"target\":{\"@type\":\"EntryPoint\",\"urlTemplate\":\"https:\/\/relaxsrl.com\/?s={search_term_string}\"},\"query-input\":\"required name=search_term_string\"}],\"inLanguage\":\"fr-FR\"},{\"@type\":\"ImageObject\",\"inLanguage\":\"fr-FR\",\"@id\":\"https:\/\/relaxsrl.com\/fr\/produits\/collections\/axia\/#primaryimage\",\"url\":\"https:\/\/relaxsrl.com\/website\/wp-content\/uploads\/2021\/09\/AXIA_SFF_2.jpg\",\"contentUrl\":\"https:\/\/relaxsrl.com\/website\/wp-content\/uploads\/2021\/09\/AXIA_SFF_2.jpg\",\"width\":800,\"height\":1110,\"caption\":\"Box doccia con anta scorrevole e sistema di scorrimento a vista. Collezione Axia\"},{\"@type\":\"WebPage\",\"@id\":\"https:\/\/relaxsrl.com\/fr\/produits\/collections\/axia\/#webpage\",\"url\":\"https:\/\/relaxsrl.com\/fr\/produits\/collections\/axia\/\",\"name\":\"Axia - Relax srl\",\"isPartOf\":{\"@id\":\"https:\/\/relaxsrl.com\/#website\"},\"primaryImageOfPage\":{\"@id\":\"https:\/\/relaxsrl.com\/fr\/produits\/collections\/axia\/#primaryimage\"},\"datePublished\":\"2021-11-26T15:50:11+00:00\",\"dateModified\":\"2023-10-13T08:10:00+00:00\",\"description\":\"Axia est la collection de cabines de douche \u00e0 portes coulissantes avec profil coulissant visible. En savoir plus.\",\"breadcrumb\":{\"@id\":\"https:\/\/relaxsrl.com\/fr\/produits\/collections\/axia\/#breadcrumb\"},\"inLanguage\":\"fr-FR\",\"potentialAction\":[{\"@type\":\"ReadAction\",\"target\":[\"https:\/\/relaxsrl.com\/fr\/produits\/collections\/axia\/\"]}]},{\"@type\":\"BreadcrumbList\",\"@id\":\"https:\/\/relaxsrl.com\/fr\/produits\/collections\/axia\/#breadcrumb\",\"itemListElement\":[{\"@type\":\"ListItem\",\"position\":1,\"name\":\"Produits\",\"item\":\"https:\/\/relaxsrl.com\/fr\/produits\/\"},{\"@type\":\"ListItem\",\"position\":2,\"name\":\"Collections\",\"item\":\"https:\/\/relaxsrl.com\/fr\/produits\/collections-old-non-usare\/\"},{\"@type\":\"ListItem\",\"position\":3,\"name\":\"Axia\"}]}]}<\/script>\n<!-- \/ Yoast SEO Premium plugin. -->","yoast_head_json":{"title":"Axia - Relax srl","description":"Axia est la collection de cabines de douche \u00e0 portes coulissantes avec profil coulissant visible. En savoir plus.","robots":{"index":"index","follow":"follow","max-snippet":"max-snippet:-1","max-image-preview":"max-image-preview:large","max-video-preview":"max-video-preview:-1"},"canonical":"https:\/\/relaxsrl.com\/fr\/produits\/collections\/axia\/","og_locale":"fr_FR","og_type":"article","og_title":"Axia - Relax srl","og_description":"Axia est la collection de cabines de douche \u00e0 portes coulissantes avec profil coulissant visible. En savoir plus.","og_url":"https:\/\/relaxsrl.com\/fr\/produits\/collections\/axia\/","og_site_name":"Relax srl","article_modified_time":"2023-10-13T08:10:00+00:00","og_image":[{"width":800,"height":1110,"url":"https:\/\/relaxsrl.com\/website\/wp-content\/uploads\/2021\/09\/AXIA_SFF_2.jpg","type":"image\/jpeg"}],"twitter_card":"summary_large_image","twitter_misc":{"Dur\u00e9e de lecture estim\u00e9e":"1 minute"},"schema":{"@context":"https:\/\/schema.org","@graph":[{"@type":"WebSite","@id":"https:\/\/relaxsrl.com\/#website","url":"https:\/\/relaxsrl.com\/","name":"Relax srl","description":"","potentialAction":[{"@type":"SearchAction","target":{"@type":"EntryPoint","urlTemplate":"https:\/\/relaxsrl.com\/?s={search_term_string}"},"query-input":"required name=search_term_string"}],"inLanguage":"fr-FR"},{"@type":"ImageObject","inLanguage":"fr-FR","@id":"https:\/\/relaxsrl.com\/fr\/produits\/collections\/axia\/#primaryimage","url":"https:\/\/relaxsrl.com\/website\/wp-content\/uploads\/2021\/09\/AXIA_SFF_2.jpg","contentUrl":"https:\/\/relaxsrl.com\/website\/wp-content\/uploads\/2021\/09\/AXIA_SFF_2.jpg","width":800,"height":1110,"caption":"Box doccia con anta scorrevole e sistema di scorrimento a vista. Collezione Axia"},{"@type":"WebPage","@id":"https:\/\/relaxsrl.com\/fr\/produits\/collections\/axia\/#webpage","url":"https:\/\/relaxsrl.com\/fr\/produits\/collections\/axia\/","name":"Axia - Relax srl","isPartOf":{"@id":"https:\/\/relaxsrl.com\/#website"},"primaryImageOfPage":{"@id":"https:\/\/relaxsrl.com\/fr\/produits\/collections\/axia\/#primaryimage"},"datePublished":"2021-11-26T15:50:11+00:00","dateModified":"2023-10-13T08:10:00+00:00","description":"Axia est la collection de cabines de douche \u00e0 portes coulissantes avec profil coulissant visible. En savoir plus.","breadcrumb":{"@id":"https:\/\/relaxsrl.com\/fr\/produits\/collections\/axia\/#breadcrumb"},"inLanguage":"fr-FR","potentialAction":[{"@type":"ReadAction","target":["https:\/\/relaxsrl.com\/fr\/produits\/collections\/axia\/"]}]},{"@type":"BreadcrumbList","@id":"https:\/\/relaxsrl.com\/fr\/produits\/collections\/axia\/#breadcrumb","itemListElement":[{"@type":"ListItem","position":1,"name":"Produits","item":"https:\/\/relaxsrl.com\/fr\/produits\/"},{"@type":"ListItem","position":2,"name":"Collections","item":"https:\/\/relaxsrl.com\/fr\/produits\/collections-old-non-usare\/"},{"@type":"ListItem","position":3,"name":"Axia"}]}]}},"_links":{"self":[{"href":"https:\/\/relaxsrl.com\/fr\/wp-json\/wp\/v2\/pages\/12975"}],"collection":[{"href":"https:\/\/relaxsrl.com\/fr\/wp-json\/wp\/v2\/pages"}],"about":[{"href":"https:\/\/relaxsrl.com\/fr\/wp-json\/wp\/v2\/types\/page"}],"author":[{"embeddable":true,"href":"https:\/\/relaxsrl.com\/fr\/wp-json\/wp\/v2\/users\/3"}],"replies":[{"embeddable":true,"href":"https:\/\/relaxsrl.com\/fr\/wp-json\/wp\/v2\/comments?post=12975"}],"version-history":[{"count":5,"href":"https:\/\/relaxsrl.com\/fr\/wp-json\/wp\/v2\/pages\/12975\/revisions"}],"predecessor-version":[{"id":15219,"href":"https:\/\/relaxsrl.com\/fr\/wp-json\/wp\/v2\/pages\/12975\/revisions\/15219"}],"up":[{"embeddable":true,"href":"https:\/\/relaxsrl.com\/fr\/wp-json\/wp\/v2\/pages\/32054"}],"wp:featuredmedia":[{"embeddable":true,"href":"https:\/\/relaxsrl.com\/fr\/wp-json\/wp\/v2\/media\/2110"}],"wp:attachment":[{"href":"https:\/\/relaxsrl.com\/fr\/wp-json\/wp\/v2\/media?parent=12975"}],"curies":[{"name":"wp","href":"https:\/\/api.w.org\/{rel}","templated":true}]}}