{"id":13011,"date":"2021-11-26T17:19:39","date_gmt":"2021-11-26T16:19:39","guid":{"rendered":"http:\/\/relaxsrl.com\/produits\/collections\/joy\/"},"modified":"2023-10-18T17:53:59","modified_gmt":"2023-10-18T15:53:59","slug":"joy","status":"publish","type":"page","link":"https:\/\/relaxsrl.com\/fr\/produits\/collections\/joy\/","title":{"rendered":"Joy"},"content":{"rendered":"<p>[vc_row full_width=\u00a0\u00bbstretch_row\u00a0\u00bb equal_height=\u00a0\u00bbyes\u00a0\u00bb el_class=\u00a0\u00bbrow-header-collezione-prodotti\u00a0\u00bb css=\u00a0\u00bb.vc_custom_1635241556455{background-image: url(http:\/\/relaxsrl.com\/wp-content\/uploads\/2021\/10\/Joy.jpg?id=9000) !important;}\u00a0\u00bb][vc_column width=\u00a0\u00bb1\/2&Prime; el_class=\u00a0\u00bbcol-sx-header-collezione-prodotti\u00a0\u00bb][vc_column_text el_class=\u00a0\u00bbheader-collezione-prodotti-txt\u00a0\u00bb]<\/p>\n<h1>Joy, pommes de douche et colonnes carr\u00e9es<\/h1>\n<p>Les pommes de douche et colonnes Joy avec pommes de douche int\u00e9gr\u00e9es sont con\u00e7ues par le bureau Relax Research &amp; Development pour ceux qui pr\u00e9f\u00e8rent les formes \u00e9pur\u00e9es et carr\u00e9es. Dans certains cas, ils sont \u00e9galement \u00e9quip\u00e9s d&rsquo;une fonction cascade.[\/vc_column_text][\/vc_column][vc_column width=\u00a0\u00bb1\/2&Prime; el_class=\u00a0\u00bbcol-dx-header-collezione-prodotti\u00a0\u00bb][vc_single_image image=\u00a0\u00bb9212&Prime; img_size=\u00a0\u00bbfull\u00a0\u00bb alignment=\u00a0\u00bbcenter\u00a0\u00bb el_class=\u00a0\u00bbrow-header-prodotto-img\u00a0\u00bb][\/vc_column][\/vc_row][vc_row el_class=\u00a0\u00bbrow-path\u00a0\u00bb][vc_column][vc_column_text][\/vc_column_text][\/vc_column][\/vc_row][vc_row][vc_column]<div class=\"woocommerce columns-4 \"><ul class=\"products columns-4\">\n<li class=\"product type-product post-13767 status-publish first instock product_cat-collections product_cat-complementi-de product_cat-complements-fr product_cat-joy-ru product_cat-joy-fr product_cat-joy-de product_cat-collezioni-de product_cat-tipologia-prodotto-de product_cat-type-de-produit product_cat-1650 product_cat-1568 product_cat-1617 has-post-thumbnail shipping-taxable product-type-simple\">\n\t<div class=\"woocommerce-loop-product__short_description\" itemprop=\"description\"><a href=\"https:\/\/relaxsrl.com\/fr\/produit\/joy-s\/\" class=\"woocommerce-LoopProduct-link woocommerce-loop-product__link\"><p>Pomme de douche traditionnelle en acier inoxydable de forme carr\u00e9e.<\/p>\n<\/a><\/div><\/li>\n<li class=\"product type-product post-13768 status-publish instock product_cat-collections product_cat-complementi-de product_cat-complements-fr product_cat-joy-ru product_cat-joy-fr product_cat-joy-de product_cat-collezioni-de product_cat-tipologia-prodotto-de product_cat-type-de-produit product_cat-1650 product_cat-1568 product_cat-1617 has-post-thumbnail shipping-taxable product-type-simple\">\n\t<div class=\"woocommerce-loop-product__short_description\" itemprop=\"description\"><a href=\"https:\/\/relaxsrl.com\/fr\/produit\/joy-sc\/\" class=\"woocommerce-LoopProduct-link woocommerce-loop-product__link\"><p>Pomme de douche carr\u00e9e en acier inoxydable et fonction cascade int\u00e9gr\u00e9e.<\/p>\n<\/a><\/div><\/li>\n<li class=\"product type-product post-13765 status-publish instock product_cat-collections product_cat-complementi-de product_cat-complements-fr product_cat-joy-de product_cat-joy-ru product_cat-joy-fr product_cat-collezioni-de product_cat-tipologia-prodotto-de product_cat-type-de-produit product_cat-1650 product_cat-1568 product_cat-1617 has-post-thumbnail shipping-taxable product-type-simple\">\n\t<div class=\"woocommerce-loop-product__short_description\" itemprop=\"description\"><a href=\"https:\/\/relaxsrl.com\/fr\/produit\/joy-plus\/\" class=\"woocommerce-LoopProduct-link woocommerce-loop-product__link\"><p>Il s&rsquo;agit d&rsquo;une colonne de douche murale enti\u00e8rement en acier poli.<\/p>\n<\/a><\/div><\/li>\n<\/ul>\n<\/div>[\/vc_column][\/vc_row]<\/p>\n","protected":false},"excerpt":{"rendered":"<p>[vc_row full_width=\u00a0\u00bbstretch_row\u00a0\u00bb equal_height=\u00a0\u00bbyes\u00a0\u00bb el_class=\u00a0\u00bbrow-header-collezione-prodotti\u00a0\u00bb css=\u00a0\u00bb.vc_custom_1635241556455{background-image: url(http:\/\/relaxsrl.com\/wp-content\/uploads\/2021\/10\/Joy.jpg?id=9000) !important;}\u00a0\u00bb][vc_column width=\u00a0\u00bb1\/2&Prime; el_class=\u00a0\u00bbcol-sx-header-collezione-prodotti\u00a0\u00bb][vc_column_text el_class=\u00a0\u00bbheader-collezione-prodotti-txt\u00a0\u00bb] Joy, pommes de douche et colonnes carr\u00e9es Les pommes de douche et colonnes Joy avec pommes de douche int\u00e9gr\u00e9es sont con\u00e7ues par le bureau Relax Research &amp; Development pour ceux qui pr\u00e9f\u00e8rent les formes \u00e9pur\u00e9es et carr\u00e9es. Dans certains cas, ils sont \u00e9galement \u00e9quip\u00e9s d&rsquo;une [&hellip;]<\/p>\n","protected":false},"author":3,"featured_media":9212,"parent":32054,"menu_order":0,"comment_status":"closed","ping_status":"closed","template":"","meta":[],"acf":[],"yoast_head":"<!-- This site is optimized with the Yoast SEO Premium plugin v18.4 (Yoast SEO v18.8) - https:\/\/yoast.com\/wordpress\/plugins\/seo\/ -->\n<title>Joy - Relax srl<\/title>\n<meta name=\"description\" content=\"Les pommes de douche et les colonnes Joy sont con\u00e7ues pour ceux qui pr\u00e9f\u00e8rent les formes \u00e9pur\u00e9es et carr\u00e9es. D\u00e9couvrez la collection Joy.\" \/>\n<meta name=\"robots\" content=\"index, follow, max-snippet:-1, max-image-preview:large, max-video-preview:-1\" \/>\n<link rel=\"canonical\" href=\"https:\/\/relaxsrl.com\/fr\/produits\/collections\/joy\/\" \/>\n<meta property=\"og:locale\" content=\"fr_FR\" \/>\n<meta property=\"og:type\" content=\"article\" \/>\n<meta property=\"og:title\" content=\"Joy - Relax srl\" \/>\n<meta property=\"og:description\" content=\"Les pommes de douche et les colonnes Joy sont con\u00e7ues pour ceux qui pr\u00e9f\u00e8rent les formes \u00e9pur\u00e9es et carr\u00e9es. D\u00e9couvrez la collection Joy.\" \/>\n<meta property=\"og:url\" content=\"https:\/\/relaxsrl.com\/fr\/produits\/collections\/joy\/\" \/>\n<meta property=\"og:site_name\" content=\"Relax srl\" \/>\n<meta property=\"article:modified_time\" content=\"2023-10-18T15:53:59+00:00\" \/>\n<meta property=\"og:image\" content=\"https:\/\/relaxsrl.com\/website\/wp-content\/uploads\/2021\/10\/JOY-SC_immagineprincipale-1.jpg\" \/>\n\t<meta property=\"og:image:width\" content=\"800\" \/>\n\t<meta property=\"og:image:height\" content=\"1110\" \/>\n\t<meta property=\"og:image:type\" content=\"image\/jpeg\" \/>\n<meta name=\"twitter:card\" content=\"summary_large_image\" \/>\n<meta name=\"twitter:label1\" content=\"Dur\u00e9e de lecture estim\u00e9e\" \/>\n\t<meta name=\"twitter:data1\" content=\"1 minute\" \/>\n<script type=\"application\/ld+json\" class=\"yoast-schema-graph\">{\"@context\":\"https:\/\/schema.org\",\"@graph\":[{\"@type\":\"WebSite\",\"@id\":\"https:\/\/relaxsrl.com\/#website\",\"url\":\"https:\/\/relaxsrl.com\/\",\"name\":\"Relax srl\",\"description\":\"\",\"potentialAction\":[{\"@type\":\"SearchAction\",\"target\":{\"@type\":\"EntryPoint\",\"urlTemplate\":\"https:\/\/relaxsrl.com\/?s={search_term_string}\"},\"query-input\":\"required name=search_term_string\"}],\"inLanguage\":\"fr-FR\"},{\"@type\":\"ImageObject\",\"inLanguage\":\"fr-FR\",\"@id\":\"https:\/\/relaxsrl.com\/fr\/produits\/collections\/joy\/#primaryimage\",\"url\":\"https:\/\/relaxsrl.com\/website\/wp-content\/uploads\/2021\/10\/JOY-SC_immagineprincipale-1.jpg\",\"contentUrl\":\"https:\/\/relaxsrl.com\/website\/wp-content\/uploads\/2021\/10\/JOY-SC_immagineprincipale-1.jpg\",\"width\":800,\"height\":1110,\"caption\":\"Soffione dalle forme squadrate color alluminio brillantato Joy\"},{\"@type\":\"WebPage\",\"@id\":\"https:\/\/relaxsrl.com\/fr\/produits\/collections\/joy\/#webpage\",\"url\":\"https:\/\/relaxsrl.com\/fr\/produits\/collections\/joy\/\",\"name\":\"Joy - Relax srl\",\"isPartOf\":{\"@id\":\"https:\/\/relaxsrl.com\/#website\"},\"primaryImageOfPage\":{\"@id\":\"https:\/\/relaxsrl.com\/fr\/produits\/collections\/joy\/#primaryimage\"},\"datePublished\":\"2021-11-26T16:19:39+00:00\",\"dateModified\":\"2023-10-18T15:53:59+00:00\",\"description\":\"Les pommes de douche et les colonnes Joy sont con\u00e7ues pour ceux qui pr\u00e9f\u00e8rent les formes \u00e9pur\u00e9es et carr\u00e9es. D\u00e9couvrez la collection Joy.\",\"breadcrumb\":{\"@id\":\"https:\/\/relaxsrl.com\/fr\/produits\/collections\/joy\/#breadcrumb\"},\"inLanguage\":\"fr-FR\",\"potentialAction\":[{\"@type\":\"ReadAction\",\"target\":[\"https:\/\/relaxsrl.com\/fr\/produits\/collections\/joy\/\"]}]},{\"@type\":\"BreadcrumbList\",\"@id\":\"https:\/\/relaxsrl.com\/fr\/produits\/collections\/joy\/#breadcrumb\",\"itemListElement\":[{\"@type\":\"ListItem\",\"position\":1,\"name\":\"Produits\",\"item\":\"https:\/\/relaxsrl.com\/fr\/produits\/\"},{\"@type\":\"ListItem\",\"position\":2,\"name\":\"Collections\",\"item\":\"https:\/\/relaxsrl.com\/fr\/produits\/collections-old-non-usare\/\"},{\"@type\":\"ListItem\",\"position\":3,\"name\":\"Joy\"}]}]}<\/script>\n<!-- \/ Yoast SEO Premium plugin. -->","yoast_head_json":{"title":"Joy - Relax srl","description":"Les pommes de douche et les colonnes Joy sont con\u00e7ues pour ceux qui pr\u00e9f\u00e8rent les formes \u00e9pur\u00e9es et carr\u00e9es. D\u00e9couvrez la collection Joy.","robots":{"index":"index","follow":"follow","max-snippet":"max-snippet:-1","max-image-preview":"max-image-preview:large","max-video-preview":"max-video-preview:-1"},"canonical":"https:\/\/relaxsrl.com\/fr\/produits\/collections\/joy\/","og_locale":"fr_FR","og_type":"article","og_title":"Joy - Relax srl","og_description":"Les pommes de douche et les colonnes Joy sont con\u00e7ues pour ceux qui pr\u00e9f\u00e8rent les formes \u00e9pur\u00e9es et carr\u00e9es. D\u00e9couvrez la collection Joy.","og_url":"https:\/\/relaxsrl.com\/fr\/produits\/collections\/joy\/","og_site_name":"Relax srl","article_modified_time":"2023-10-18T15:53:59+00:00","og_image":[{"width":800,"height":1110,"url":"https:\/\/relaxsrl.com\/website\/wp-content\/uploads\/2021\/10\/JOY-SC_immagineprincipale-1.jpg","type":"image\/jpeg"}],"twitter_card":"summary_large_image","twitter_misc":{"Dur\u00e9e de lecture estim\u00e9e":"1 minute"},"schema":{"@context":"https:\/\/schema.org","@graph":[{"@type":"WebSite","@id":"https:\/\/relaxsrl.com\/#website","url":"https:\/\/relaxsrl.com\/","name":"Relax srl","description":"","potentialAction":[{"@type":"SearchAction","target":{"@type":"EntryPoint","urlTemplate":"https:\/\/relaxsrl.com\/?s={search_term_string}"},"query-input":"required name=search_term_string"}],"inLanguage":"fr-FR"},{"@type":"ImageObject","inLanguage":"fr-FR","@id":"https:\/\/relaxsrl.com\/fr\/produits\/collections\/joy\/#primaryimage","url":"https:\/\/relaxsrl.com\/website\/wp-content\/uploads\/2021\/10\/JOY-SC_immagineprincipale-1.jpg","contentUrl":"https:\/\/relaxsrl.com\/website\/wp-content\/uploads\/2021\/10\/JOY-SC_immagineprincipale-1.jpg","width":800,"height":1110,"caption":"Soffione dalle forme squadrate color alluminio brillantato Joy"},{"@type":"WebPage","@id":"https:\/\/relaxsrl.com\/fr\/produits\/collections\/joy\/#webpage","url":"https:\/\/relaxsrl.com\/fr\/produits\/collections\/joy\/","name":"Joy - Relax srl","isPartOf":{"@id":"https:\/\/relaxsrl.com\/#website"},"primaryImageOfPage":{"@id":"https:\/\/relaxsrl.com\/fr\/produits\/collections\/joy\/#primaryimage"},"datePublished":"2021-11-26T16:19:39+00:00","dateModified":"2023-10-18T15:53:59+00:00","description":"Les pommes de douche et les colonnes Joy sont con\u00e7ues pour ceux qui pr\u00e9f\u00e8rent les formes \u00e9pur\u00e9es et carr\u00e9es. D\u00e9couvrez la collection Joy.","breadcrumb":{"@id":"https:\/\/relaxsrl.com\/fr\/produits\/collections\/joy\/#breadcrumb"},"inLanguage":"fr-FR","potentialAction":[{"@type":"ReadAction","target":["https:\/\/relaxsrl.com\/fr\/produits\/collections\/joy\/"]}]},{"@type":"BreadcrumbList","@id":"https:\/\/relaxsrl.com\/fr\/produits\/collections\/joy\/#breadcrumb","itemListElement":[{"@type":"ListItem","position":1,"name":"Produits","item":"https:\/\/relaxsrl.com\/fr\/produits\/"},{"@type":"ListItem","position":2,"name":"Collections","item":"https:\/\/relaxsrl.com\/fr\/produits\/collections-old-non-usare\/"},{"@type":"ListItem","position":3,"name":"Joy"}]}]}},"_links":{"self":[{"href":"https:\/\/relaxsrl.com\/fr\/wp-json\/wp\/v2\/pages\/13011"}],"collection":[{"href":"https:\/\/relaxsrl.com\/fr\/wp-json\/wp\/v2\/pages"}],"about":[{"href":"https:\/\/relaxsrl.com\/fr\/wp-json\/wp\/v2\/types\/page"}],"author":[{"embeddable":true,"href":"https:\/\/relaxsrl.com\/fr\/wp-json\/wp\/v2\/users\/3"}],"replies":[{"embeddable":true,"href":"https:\/\/relaxsrl.com\/fr\/wp-json\/wp\/v2\/comments?post=13011"}],"version-history":[{"count":5,"href":"https:\/\/relaxsrl.com\/fr\/wp-json\/wp\/v2\/pages\/13011\/revisions"}],"predecessor-version":[{"id":15232,"href":"https:\/\/relaxsrl.com\/fr\/wp-json\/wp\/v2\/pages\/13011\/revisions\/15232"}],"up":[{"embeddable":true,"href":"https:\/\/relaxsrl.com\/fr\/wp-json\/wp\/v2\/pages\/32054"}],"wp:featuredmedia":[{"embeddable":true,"href":"https:\/\/relaxsrl.com\/fr\/wp-json\/wp\/v2\/media\/9212"}],"wp:attachment":[{"href":"https:\/\/relaxsrl.com\/fr\/wp-json\/wp\/v2\/media?parent=13011"}],"curies":[{"name":"wp","href":"https:\/\/api.w.org\/{rel}","templated":true}]}}