{"id":13018,"date":"2021-11-26T17:22:45","date_gmt":"2021-11-26T16:22:45","guid":{"rendered":"http:\/\/relaxsrl.com\/produits\/collections\/lago\/"},"modified":"2023-10-19T16:31:40","modified_gmt":"2023-10-19T14:31:40","slug":"lago","status":"publish","type":"page","link":"https:\/\/relaxsrl.com\/fr\/produits\/collections\/lago\/","title":{"rendered":"Lago"},"content":{"rendered":"<p>[vc_row full_width=\u00a0\u00bbstretch_row\u00a0\u00bb equal_height=\u00a0\u00bbyes\u00a0\u00bb el_class=\u00a0\u00bbrow-header-collezione-prodotti\u00a0\u00bb css=\u00a0\u00bb.vc_custom_1635241792318{background-image: url(http:\/\/relaxsrl.com\/wp-content\/uploads\/2021\/10\/Lago.jpg?id=9008) !important;}\u00a0\u00bb][vc_column width=\u00a0\u00bb1\/2&Prime; el_class=\u00a0\u00bbcol-sx-header-collezione-prodotti\u00a0\u00bb][vc_column_text el_class=\u00a0\u00bbheader-collezione-prodotti-txt\u00a0\u00bb]<\/p>\n<h1>Lago, receveurs de douche avec rebord de confinement<\/h1>\n<p>Les receveurs de douche Lago sont fabriqu\u00e9s en Gel Coat, un mat\u00e9riau compos\u00e9 de r\u00e9sines et de min\u00e9raux, antid\u00e9rapant et antibact\u00e9rien, tr\u00e8s solide et r\u00e9sistant au temps qui passe. Ils sont con\u00e7us pour avoir un bord ext\u00e9rieur, donc minimal, mais avec une bonne fonction de confinement.[\/vc_column_text][\/vc_column][vc_column width=\u00a0\u00bb1\/2&Prime; el_class=\u00a0\u00bbcol-dx-header-collezione-prodotti\u00a0\u00bb][vc_single_image image=\u00a0\u00bb9196&Prime; img_size=\u00a0\u00bbfull\u00a0\u00bb alignment=\u00a0\u00bbcenter\u00a0\u00bb el_class=\u00a0\u00bbrow-header-prodotto-img\u00a0\u00bb][\/vc_column][\/vc_row][vc_row el_class=\u00a0\u00bbrow-path\u00a0\u00bb][vc_column][vc_column_text][\/vc_column_text][\/vc_column][\/vc_row][vc_row][vc_column]<div class=\"woocommerce columns-4 \"><ul class=\"products columns-4\">\n<li class=\"product type-product post-13798 status-publish first instock product_cat-collections product_cat-collections-en product_cat-lago-ru product_cat-lago-fr product_cat-lago-de product_cat-lago-en product_cat-piatti-doccia-e-pareti-de product_cat-receveurs-et-parois-de-douche product_cat-collezioni-de product_cat-shower-trays-and-walls product_cat-tipologia-prodotto-en product_cat-tipologia-prodotto-de product_cat-type-de-produit product_cat-1651 product_cat-1568 product_cat-1617 has-post-thumbnail shipping-taxable product-type-simple\">\n\t<div class=\"woocommerce-loop-product__short_description\" itemprop=\"description\"><a href=\"https:\/\/relaxsrl.com\/fr\/produit\/receveur-lago-angulaire\/\" class=\"woocommerce-LoopProduct-link woocommerce-loop-product__link\"><p>Receveur de douche Gel Coat antid\u00e9rapant et antibact\u00e9rien avec bord plat contenant.<\/p>\n<\/a><\/div><\/li>\n<li class=\"product type-product post-13795 status-publish instock product_cat-collections product_cat-collections-en product_cat-lago-ru product_cat-lago-fr product_cat-lago-de product_cat-lago-en product_cat-piatti-doccia-e-pareti-de product_cat-receveurs-et-parois-de-douche product_cat-collezioni-de product_cat-shower-trays-and-walls product_cat-tipologia-prodotto-en product_cat-tipologia-prodotto-de product_cat-type-de-produit product_cat-1651 product_cat-1568 product_cat-1617 has-post-thumbnail shipping-taxable product-type-simple\">\n\t<div class=\"woocommerce-loop-product__short_description\" itemprop=\"description\"><a href=\"https:\/\/relaxsrl.com\/fr\/produit\/receveur-lago-plus-angulaire\/\" class=\"woocommerce-LoopProduct-link woocommerce-loop-product__link\"><p>Receveur de douche Gel Coat avec antichambre et contenant un rebord plat sous la pomme de douche.<\/p>\n<\/a><\/div><\/li>\n<\/ul>\n<\/div>[\/vc_column][\/vc_row]<\/p>\n","protected":false},"excerpt":{"rendered":"<p>[vc_row full_width=\u00a0\u00bbstretch_row\u00a0\u00bb equal_height=\u00a0\u00bbyes\u00a0\u00bb el_class=\u00a0\u00bbrow-header-collezione-prodotti\u00a0\u00bb css=\u00a0\u00bb.vc_custom_1635241792318{background-image: url(http:\/\/relaxsrl.com\/wp-content\/uploads\/2021\/10\/Lago.jpg?id=9008) !important;}\u00a0\u00bb][vc_column width=\u00a0\u00bb1\/2&Prime; el_class=\u00a0\u00bbcol-sx-header-collezione-prodotti\u00a0\u00bb][vc_column_text el_class=\u00a0\u00bbheader-collezione-prodotti-txt\u00a0\u00bb] Lago, receveurs de douche avec rebord de confinement Les receveurs de douche Lago sont fabriqu\u00e9s en Gel Coat, un mat\u00e9riau compos\u00e9 de r\u00e9sines et de min\u00e9raux, antid\u00e9rapant et antibact\u00e9rien, tr\u00e8s solide et r\u00e9sistant au temps qui passe. Ils sont con\u00e7us pour avoir un bord ext\u00e9rieur, [&hellip;]<\/p>\n","protected":false},"author":3,"featured_media":9196,"parent":32054,"menu_order":0,"comment_status":"closed","ping_status":"closed","template":"","meta":[],"acf":[],"yoast_head":"<!-- This site is optimized with the Yoast SEO Premium plugin v18.4 (Yoast SEO v18.8) - https:\/\/yoast.com\/wordpress\/plugins\/seo\/ -->\n<title>Lago - Relax srl<\/title>\n<meta name=\"description\" content=\"Les receveurs de douche Lago sont fabriqu\u00e9s en Gel Coat, un mat\u00e9riau compos\u00e9 de r\u00e9sines et de min\u00e9raux, antid\u00e9rapant et antibact\u00e9rien.\" \/>\n<meta name=\"robots\" content=\"index, follow, max-snippet:-1, max-image-preview:large, max-video-preview:-1\" \/>\n<link rel=\"canonical\" href=\"https:\/\/relaxsrl.com\/fr\/produits\/collections\/lago\/\" \/>\n<meta property=\"og:locale\" content=\"fr_FR\" \/>\n<meta property=\"og:type\" content=\"article\" \/>\n<meta property=\"og:title\" content=\"Lago - Relax srl\" \/>\n<meta property=\"og:description\" content=\"Les receveurs de douche Lago sont fabriqu\u00e9s en Gel Coat, un mat\u00e9riau compos\u00e9 de r\u00e9sines et de min\u00e9raux, antid\u00e9rapant et antibact\u00e9rien.\" \/>\n<meta property=\"og:url\" content=\"https:\/\/relaxsrl.com\/fr\/produits\/collections\/lago\/\" \/>\n<meta property=\"og:site_name\" content=\"Relax srl\" \/>\n<meta property=\"article:modified_time\" content=\"2023-10-19T14:31:40+00:00\" \/>\n<meta property=\"og:image\" content=\"https:\/\/relaxsrl.com\/website\/wp-content\/uploads\/2021\/10\/LAGO-ANGOLARE_immagineprincipale-1.jpg\" \/>\n\t<meta property=\"og:image:width\" content=\"800\" \/>\n\t<meta property=\"og:image:height\" content=\"1110\" \/>\n\t<meta property=\"og:image:type\" content=\"image\/jpeg\" \/>\n<meta name=\"twitter:card\" content=\"summary_large_image\" \/>\n<meta name=\"twitter:label1\" content=\"Dur\u00e9e de lecture estim\u00e9e\" \/>\n\t<meta name=\"twitter:data1\" content=\"1 minute\" \/>\n<script type=\"application\/ld+json\" class=\"yoast-schema-graph\">{\"@context\":\"https:\/\/schema.org\",\"@graph\":[{\"@type\":\"WebSite\",\"@id\":\"https:\/\/relaxsrl.com\/#website\",\"url\":\"https:\/\/relaxsrl.com\/\",\"name\":\"Relax srl\",\"description\":\"\",\"potentialAction\":[{\"@type\":\"SearchAction\",\"target\":{\"@type\":\"EntryPoint\",\"urlTemplate\":\"https:\/\/relaxsrl.com\/?s={search_term_string}\"},\"query-input\":\"required name=search_term_string\"}],\"inLanguage\":\"fr-FR\"},{\"@type\":\"ImageObject\",\"inLanguage\":\"fr-FR\",\"@id\":\"https:\/\/relaxsrl.com\/fr\/produits\/collections\/lago\/#primaryimage\",\"url\":\"https:\/\/relaxsrl.com\/website\/wp-content\/uploads\/2021\/10\/LAGO-ANGOLARE_immagineprincipale-1.jpg\",\"contentUrl\":\"https:\/\/relaxsrl.com\/website\/wp-content\/uploads\/2021\/10\/LAGO-ANGOLARE_immagineprincipale-1.jpg\",\"width\":800,\"height\":1110,\"caption\":\"Piatto doccia rettangolare color crema con bordo contenitivo Lago\"},{\"@type\":\"WebPage\",\"@id\":\"https:\/\/relaxsrl.com\/fr\/produits\/collections\/lago\/#webpage\",\"url\":\"https:\/\/relaxsrl.com\/fr\/produits\/collections\/lago\/\",\"name\":\"Lago - Relax srl\",\"isPartOf\":{\"@id\":\"https:\/\/relaxsrl.com\/#website\"},\"primaryImageOfPage\":{\"@id\":\"https:\/\/relaxsrl.com\/fr\/produits\/collections\/lago\/#primaryimage\"},\"datePublished\":\"2021-11-26T16:22:45+00:00\",\"dateModified\":\"2023-10-19T14:31:40+00:00\",\"description\":\"Les receveurs de douche Lago sont fabriqu\u00e9s en Gel Coat, un mat\u00e9riau compos\u00e9 de r\u00e9sines et de min\u00e9raux, antid\u00e9rapant et antibact\u00e9rien.\",\"breadcrumb\":{\"@id\":\"https:\/\/relaxsrl.com\/fr\/produits\/collections\/lago\/#breadcrumb\"},\"inLanguage\":\"fr-FR\",\"potentialAction\":[{\"@type\":\"ReadAction\",\"target\":[\"https:\/\/relaxsrl.com\/fr\/produits\/collections\/lago\/\"]}]},{\"@type\":\"BreadcrumbList\",\"@id\":\"https:\/\/relaxsrl.com\/fr\/produits\/collections\/lago\/#breadcrumb\",\"itemListElement\":[{\"@type\":\"ListItem\",\"position\":1,\"name\":\"Produits\",\"item\":\"https:\/\/relaxsrl.com\/fr\/produits\/\"},{\"@type\":\"ListItem\",\"position\":2,\"name\":\"Collections\",\"item\":\"https:\/\/relaxsrl.com\/fr\/produits\/collections-old-non-usare\/\"},{\"@type\":\"ListItem\",\"position\":3,\"name\":\"Lago\"}]}]}<\/script>\n<!-- \/ Yoast SEO Premium plugin. -->","yoast_head_json":{"title":"Lago - Relax srl","description":"Les receveurs de douche Lago sont fabriqu\u00e9s en Gel Coat, un mat\u00e9riau compos\u00e9 de r\u00e9sines et de min\u00e9raux, antid\u00e9rapant et antibact\u00e9rien.","robots":{"index":"index","follow":"follow","max-snippet":"max-snippet:-1","max-image-preview":"max-image-preview:large","max-video-preview":"max-video-preview:-1"},"canonical":"https:\/\/relaxsrl.com\/fr\/produits\/collections\/lago\/","og_locale":"fr_FR","og_type":"article","og_title":"Lago - Relax srl","og_description":"Les receveurs de douche Lago sont fabriqu\u00e9s en Gel Coat, un mat\u00e9riau compos\u00e9 de r\u00e9sines et de min\u00e9raux, antid\u00e9rapant et antibact\u00e9rien.","og_url":"https:\/\/relaxsrl.com\/fr\/produits\/collections\/lago\/","og_site_name":"Relax srl","article_modified_time":"2023-10-19T14:31:40+00:00","og_image":[{"width":800,"height":1110,"url":"https:\/\/relaxsrl.com\/website\/wp-content\/uploads\/2021\/10\/LAGO-ANGOLARE_immagineprincipale-1.jpg","type":"image\/jpeg"}],"twitter_card":"summary_large_image","twitter_misc":{"Dur\u00e9e de lecture estim\u00e9e":"1 minute"},"schema":{"@context":"https:\/\/schema.org","@graph":[{"@type":"WebSite","@id":"https:\/\/relaxsrl.com\/#website","url":"https:\/\/relaxsrl.com\/","name":"Relax srl","description":"","potentialAction":[{"@type":"SearchAction","target":{"@type":"EntryPoint","urlTemplate":"https:\/\/relaxsrl.com\/?s={search_term_string}"},"query-input":"required name=search_term_string"}],"inLanguage":"fr-FR"},{"@type":"ImageObject","inLanguage":"fr-FR","@id":"https:\/\/relaxsrl.com\/fr\/produits\/collections\/lago\/#primaryimage","url":"https:\/\/relaxsrl.com\/website\/wp-content\/uploads\/2021\/10\/LAGO-ANGOLARE_immagineprincipale-1.jpg","contentUrl":"https:\/\/relaxsrl.com\/website\/wp-content\/uploads\/2021\/10\/LAGO-ANGOLARE_immagineprincipale-1.jpg","width":800,"height":1110,"caption":"Piatto doccia rettangolare color crema con bordo contenitivo Lago"},{"@type":"WebPage","@id":"https:\/\/relaxsrl.com\/fr\/produits\/collections\/lago\/#webpage","url":"https:\/\/relaxsrl.com\/fr\/produits\/collections\/lago\/","name":"Lago - Relax srl","isPartOf":{"@id":"https:\/\/relaxsrl.com\/#website"},"primaryImageOfPage":{"@id":"https:\/\/relaxsrl.com\/fr\/produits\/collections\/lago\/#primaryimage"},"datePublished":"2021-11-26T16:22:45+00:00","dateModified":"2023-10-19T14:31:40+00:00","description":"Les receveurs de douche Lago sont fabriqu\u00e9s en Gel Coat, un mat\u00e9riau compos\u00e9 de r\u00e9sines et de min\u00e9raux, antid\u00e9rapant et antibact\u00e9rien.","breadcrumb":{"@id":"https:\/\/relaxsrl.com\/fr\/produits\/collections\/lago\/#breadcrumb"},"inLanguage":"fr-FR","potentialAction":[{"@type":"ReadAction","target":["https:\/\/relaxsrl.com\/fr\/produits\/collections\/lago\/"]}]},{"@type":"BreadcrumbList","@id":"https:\/\/relaxsrl.com\/fr\/produits\/collections\/lago\/#breadcrumb","itemListElement":[{"@type":"ListItem","position":1,"name":"Produits","item":"https:\/\/relaxsrl.com\/fr\/produits\/"},{"@type":"ListItem","position":2,"name":"Collections","item":"https:\/\/relaxsrl.com\/fr\/produits\/collections-old-non-usare\/"},{"@type":"ListItem","position":3,"name":"Lago"}]}]}},"_links":{"self":[{"href":"https:\/\/relaxsrl.com\/fr\/wp-json\/wp\/v2\/pages\/13018"}],"collection":[{"href":"https:\/\/relaxsrl.com\/fr\/wp-json\/wp\/v2\/pages"}],"about":[{"href":"https:\/\/relaxsrl.com\/fr\/wp-json\/wp\/v2\/types\/page"}],"author":[{"embeddable":true,"href":"https:\/\/relaxsrl.com\/fr\/wp-json\/wp\/v2\/users\/3"}],"replies":[{"embeddable":true,"href":"https:\/\/relaxsrl.com\/fr\/wp-json\/wp\/v2\/comments?post=13018"}],"version-history":[{"count":4,"href":"https:\/\/relaxsrl.com\/fr\/wp-json\/wp\/v2\/pages\/13018\/revisions"}],"predecessor-version":[{"id":15236,"href":"https:\/\/relaxsrl.com\/fr\/wp-json\/wp\/v2\/pages\/13018\/revisions\/15236"}],"up":[{"embeddable":true,"href":"https:\/\/relaxsrl.com\/fr\/wp-json\/wp\/v2\/pages\/32054"}],"wp:featuredmedia":[{"embeddable":true,"href":"https:\/\/relaxsrl.com\/fr\/wp-json\/wp\/v2\/media\/9196"}],"wp:attachment":[{"href":"https:\/\/relaxsrl.com\/fr\/wp-json\/wp\/v2\/media?parent=13018"}],"curies":[{"name":"wp","href":"https:\/\/api.w.org\/{rel}","templated":true}]}}