{"id":13029,"date":"2021-11-26T17:30:09","date_gmt":"2021-11-26T16:30:09","guid":{"rendered":"http:\/\/relaxsrl.com\/produits\/collections\/lyra\/"},"modified":"2023-10-19T17:32:27","modified_gmt":"2023-10-19T15:32:27","slug":"lyra","status":"publish","type":"page","link":"https:\/\/relaxsrl.com\/fr\/produits\/collections\/lyra\/","title":{"rendered":"Lyra"},"content":{"rendered":"<p>[vc_row full_width=\u00a0\u00bbstretch_row\u00a0\u00bb equal_height=\u00a0\u00bbyes\u00a0\u00bb el_class=\u00a0\u00bbrow-header-collezione-prodotti\u00a0\u00bb css=\u00a0\u00bb.vc_custom_1632995316220{background-image: url(http:\/\/relaxsrl.com\/wp-content\/uploads\/2021\/09\/collezione-lyra.jpg?id=2726) !important;}\u00a0\u00bb][vc_column width=\u00a0\u00bb1\/2&Prime; el_class=\u00a0\u00bbcol-sx-header-collezione-prodotti\u00a0\u00bb][vc_column_text el_class=\u00a0\u00bbheader-collezione-prodotti-txt\u00a0\u00bb]<\/p>\n<h1>Lyra, la cabine de douche avec la poign\u00e9e int\u00e9gr\u00e9e<\/h1>\n<p>Cabine de douche compl\u00e8te dans les formes et les syst\u00e8mes d\u2019ouverture: coulissante, battante, pliante et saloon. La poign\u00e9e int\u00e9gr\u00e9e dans le verre d\u2019une \u00e9paisseur de 4mm rend le produit robuste et r\u00e9sistante pour un usage quotidien.[\/vc_column_text][\/vc_column][vc_column width=\u00a0\u00bb1\/2&Prime; el_class=\u00a0\u00bbcol-dx-header-collezione-prodotti\u00a0\u00bb][vc_single_image image=\u00a0\u00bb2142&Prime; img_size=\u00a0\u00bbfull\u00a0\u00bb alignment=\u00a0\u00bbcenter\u00a0\u00bb el_class=\u00a0\u00bbrow-header-prodotto-img\u00a0\u00bb][\/vc_column][\/vc_row][vc_row el_class=\u00a0\u00bbrow-path\u00a0\u00bb][vc_column][vc_column_text][\/vc_column_text][\/vc_column][\/vc_row][vc_row][vc_column]<div class=\"woocommerce columns-4 \"><ul class=\"products columns-4\">\n<li class=\"product type-product post-13825 status-publish first instock product_cat-3-lati-de product_cat-3-lati-fr product_cat-3-lati-en product_cat-3- product_cat-angolare-en product_cat-angolare-de product_cat-angulaire product_cat-box-doccia-de product_cat-box-doccia-en product_cat-cabine-de-douche product_cat-collections product_cat-collections-en product_cat-angulaire-coulissante product_cat-lyra-fr product_cat-lyra-ru product_cat-lyra-en product_cat-lyra-de product_cat-collezioni-de product_cat-scorrevole product_cat-scorrevole-de-2 product_cat-scorrevole-fr product_cat-scorrevole-de product_cat-angular-sliding product_cat-tipologia-prodotto-de product_cat-tipologia-prodotto-en product_cat-type-de-produit product_cat-1618 product_cat-1568 product_cat-3--- product_cat-1632 product_cat-1617 product_cat-1626 has-post-thumbnail shipping-taxable product-type-simple\">\n\t<div class=\"woocommerce-loop-product__short_description\" itemprop=\"description\"><a href=\"https:\/\/relaxsrl.com\/fr\/produit\/lyra-a-lyra-a\/\" class=\"woocommerce-LoopProduct-link woocommerce-loop-product__link\"><p>Cabine de douche avec double porte coulissante et poign\u00e9e int\u00e9gr\u00e9e dans le verre.<\/p>\n<\/a><\/div><\/li>\n<li class=\"product type-product post-13826 status-publish instock product_cat-3-lati-fr product_cat-3-lati-de product_cat-3-lati-en product_cat-3- product_cat-box-doccia-de product_cat-box-doccia-en product_cat-cabine-de-douche product_cat-collections product_cat-collections-en product_cat-niche-coulissante product_cat-lyra-fr product_cat-lyra-ru product_cat-lyra-en product_cat-lyra-de product_cat-nicchia-de product_cat-niche product_cat-niche-fr product_cat-collezioni-de product_cat-scorrevole product_cat-scorrevole-de-5 product_cat-scorrevole-de-2 product_cat-scorrevole-fr product_cat-niche-sliding product_cat-tipologia-prodotto-de product_cat-tipologia-prodotto-en product_cat-type-de-produit product_cat-1618 product_cat-1568 product_cat-1637 product_cat-3--- product_cat-1639 product_cat-1617 has-post-thumbnail shipping-taxable product-type-simple\">\n\t<div class=\"woocommerce-loop-product__short_description\" itemprop=\"description\"><a href=\"https:\/\/relaxsrl.com\/fr\/produit\/lyra-sc1\/\" class=\"woocommerce-LoopProduct-link woocommerce-loop-product__link\"><p>Cabine de douche en niche avec porte coulissante et poign\u00e9e int\u00e9gr\u00e9e dans le verre.<\/p>\n<\/a><\/div><\/li>\n<li class=\"product type-product post-13822 status-publish instock product_cat-3-lati-de product_cat-3-lati-fr product_cat-3-lati-en product_cat-3- product_cat-angolare-en product_cat-angolare-de product_cat-angulaire product_cat-box-doccia-de product_cat-box-doccia-en product_cat-cabine-de-douche product_cat-collections product_cat-collections-en product_cat-angulaire-coulissante product_cat-lyra-fr product_cat-lyra-ru product_cat-lyra-en product_cat-lyra-de product_cat-collezioni-de product_cat-scorrevole product_cat-scorrevole-de-2 product_cat-scorrevole-fr product_cat-scorrevole-de product_cat-angular-sliding product_cat-tipologia-prodotto-de product_cat-tipologia-prodotto-en product_cat-type-de-produit product_cat-1618 product_cat-1568 product_cat-3--- product_cat-1632 product_cat-1617 product_cat-1626 has-post-thumbnail shipping-taxable product-type-simple\">\n\t<div class=\"woocommerce-loop-product__short_description\" itemprop=\"description\"><a href=\"https:\/\/relaxsrl.com\/fr\/produit\/lyra-sc1-lyra-f\/\" class=\"woocommerce-LoopProduct-link woocommerce-loop-product__link\"><p>Cabine de douche d&rsquo;angle avec porte coulissante, c\u00f4t\u00e9 fixe et poign\u00e9e int\u00e9gr\u00e9e dans le verre.<\/p>\n<\/a><\/div><\/li>\n<li class=\"product type-product post-13823 status-publish last instock product_cat-3-lati-fr product_cat-3-lati-en product_cat-3-lati-de product_cat-3- product_cat-niche-battante product_cat-guide-de-selection-battante product_cat-battente-de product_cat-battente-fr product_cat-battente-de-3 product_cat-battente-de-5 product_cat-battente product_cat-box-doccia-de product_cat-box-doccia-en product_cat-cabine-de-douche product_cat-collections product_cat-collections-en product_cat-selection-guide-en product_cat-guida-alla-scelta-de product_cat-guide-de-selection product_cat-niche-hinged product_cat-selection-guide-hinged-door product_cat-lyra-fr product_cat-lyra-de product_cat-lyra-en product_cat-lyra-ru product_cat-nicchia-de product_cat-niche-fr product_cat-niche product_cat-collezioni-de product_cat-tipologia-prodotto-en product_cat-tipologia-prodotto-de product_cat-type-de-produit product_cat-1618 product_cat-1568 product_cat-1638 product_cat-3-- product_cat-1597 product_cat-1637 product_cat-1594 product_cat-1617 has-post-thumbnail shipping-taxable product-type-simple\">\n\t<div class=\"woocommerce-loop-product__short_description\" itemprop=\"description\"><a href=\"https:\/\/relaxsrl.com\/fr\/produit\/lyra-b1\/\" class=\"woocommerce-LoopProduct-link woocommerce-loop-product__link\"><p>Cabine de douche en niche avec porte battante et poign\u00e9e int\u00e9gr\u00e9e dans le verre.<\/p>\n<\/a><\/div><\/li>\n<li class=\"product type-product post-13819 status-publish first instock product_cat-3-lati-de product_cat-3-lati-fr product_cat-3-lati-en product_cat-3- product_cat-angolare-en product_cat-angolare-de product_cat-angulaire product_cat-angulaire-battante product_cat-battente product_cat-battente-de-2 product_cat-battente-de-3 product_cat-battente-fr product_cat-box-doccia-de product_cat-box-doccia-en product_cat-cabine-de-douche product_cat-collections product_cat-collections-en product_cat-hinged product_cat-lyra-en product_cat-lyra-fr product_cat-lyra-ru product_cat-lyra-de product_cat-collezioni-de product_cat-tipologia-prodotto-de product_cat-tipologia-prodotto-en product_cat-type-de-produit product_cat-1618 product_cat-1568 product_cat-3-- product_cat-1627 product_cat-1617 product_cat-1626 has-post-thumbnail shipping-taxable product-type-simple\">\n\t<div class=\"woocommerce-loop-product__short_description\" itemprop=\"description\"><a href=\"https:\/\/relaxsrl.com\/fr\/produit\/lyra-b1-lyra-f\/\" class=\"woocommerce-LoopProduct-link woocommerce-loop-product__link\"><p>Cabine de douche d&rsquo;angle avec porte battante, c\u00f4t\u00e9 fixe et poign\u00e9e int\u00e9gr\u00e9e dans le verre.<\/p>\n<\/a><\/div><\/li>\n<li class=\"product type-product post-13820 status-publish instock product_cat-3-lati-en product_cat-3-lati-de product_cat-3-lati-fr product_cat-3- product_cat-box-doccia-en product_cat-box-doccia-de product_cat-cabina-doccia-piccola product_cat-cabina-doccia-salvaspazio product_cat-cabine-de-douche product_cat-guide-de-selection-cabine-de-douche-peu-encombrante product_cat-collections product_cat-collections-en product_cat-selection-guide-en product_cat-guida-alla-scelta-de product_cat-guide-de-selection product_cat-lyra-fr product_cat-lyra-en product_cat-lyra-de product_cat-lyra-ru product_cat-nicchia-de product_cat-niche product_cat-niche-fr product_cat-guide-de-selection-petite-cabine-de-douche product_cat-saloon product_cat-niche-saloon product_cat-niche-saloon-fr product_cat-saloon-de-3 product_cat-saloon-de-4 product_cat-collezioni-de product_cat-selection-guide-small-shower-enclosure product_cat-selection-guide-space-saving-shower-enclosure product_cat-tipologia-prodotto-de product_cat-tipologia-prodotto-en product_cat-type-de-produit product_cat-1618 product_cat-1568 product_cat-1605 product_cat-1604 product_cat-1637 product_cat-1594 product_cat-3--- product_cat-1630 product_cat-1617 has-post-thumbnail shipping-taxable product-type-simple\">\n\t<div class=\"woocommerce-loop-product__short_description\" itemprop=\"description\"><a href=\"https:\/\/relaxsrl.com\/fr\/produit\/lyra-b2\/\" class=\"woocommerce-LoopProduct-link woocommerce-loop-product__link\"><p>Cabine de douche en niche avec porte de carr\u00e9 avec syst\u00e8me d&rsquo;alignement des portes.<\/p>\n<\/a><\/div><\/li>\n<li class=\"product type-product post-13821 status-publish instock product_cat-3-lati-de product_cat-3-lati-en product_cat-3-lati-fr product_cat-3- product_cat-angolare-en product_cat-angolare-de product_cat-angulaire product_cat-box-doccia-de product_cat-box-doccia-en product_cat-cabine-de-douche product_cat-collections product_cat-collections-en product_cat-selection-guide-en product_cat-guida-alla-scelta-de product_cat-guide-de-selection product_cat-lyra-en product_cat-lyra-fr product_cat-lyra-de product_cat-lyra-ru product_cat-saloon product_cat-saloon-de product_cat-selection-guide-saloon product_cat-saloon-de-2 product_cat-angulaire-saloon product_cat-angular-saloon product_cat-saloon-de-3 product_cat-guide-de-selection-saloon product_cat-collezioni-de product_cat-tipologia-prodotto-de product_cat-tipologia-prodotto-en product_cat-type-de-produit product_cat-1618 product_cat-1568 product_cat-1594 product_cat-3--- product_cat-1612 product_cat-1629 product_cat-1617 product_cat-1626 has-post-thumbnail shipping-taxable product-type-simple\">\n\t<div class=\"woocommerce-loop-product__short_description\" itemprop=\"description\"><a href=\"https:\/\/relaxsrl.com\/fr\/produit\/lyra-b2-lyra-f\/\" class=\"woocommerce-LoopProduct-link woocommerce-loop-product__link\"><p>Cabine de douche d&rsquo;angle avec porte saloon avec syst\u00e8me d&rsquo;alignement des portes.<\/p>\n<\/a><\/div><\/li>\n<li class=\"product type-product post-13817 status-publish last instock product_cat-3-lati-en product_cat-3-lati-de product_cat-3-lati-fr product_cat-3- product_cat-box-doccia-en product_cat-box-doccia-de product_cat-cabina-doccia-piccola product_cat-cabine-de-douche product_cat-collections product_cat-collections-en product_cat-selection-guide-foldable product_cat-niche-folding product_cat-selection-guide-en product_cat-guida-alla-scelta-de product_cat-guide-de-selection product_cat-lyra-en product_cat-lyra-fr product_cat-lyra-de product_cat-lyra-ru product_cat-nicchia-de product_cat-niche product_cat-niche-fr product_cat-guide-de-selection-petite-cabine-de-douche product_cat-niche-pliable product_cat-guide-de-selection-pliable product_cat-collezioni-de product_cat-selection-guide-small-shower-enclosure product_cat-soffietto-de-3 product_cat-soffietto-de-4 product_cat-soffietto-fr product_cat-soffietto-de-2 product_cat-tipologia-prodotto-de product_cat-tipologia-prodotto-en product_cat-type-de-produit product_cat-1618 product_cat-1568 product_cat-1604 product_cat-1637 product_cat-1594 product_cat-3--- product_cat-1634 product_cat-1611 product_cat-1617 has-post-thumbnail shipping-taxable product-type-simple\">\n\t<div class=\"woocommerce-loop-product__short_description\" itemprop=\"description\"><a href=\"https:\/\/relaxsrl.com\/fr\/produit\/lyra-ps\/\" class=\"woocommerce-LoopProduct-link woocommerce-loop-product__link\"><p>Cabine de douche en niche avec ouverture rabattable et poign\u00e9e int\u00e9gr\u00e9e dans le verre.<\/p>\n<\/a><\/div><\/li>\n<li class=\"product type-product post-13818 status-publish first instock product_cat-3-lati-de product_cat-3-lati-fr product_cat-3-lati-en product_cat-3- product_cat-angolare-en product_cat-angolare-de product_cat-angulaire product_cat-box-doccia-en product_cat-box-doccia-de product_cat-cabine-de-douche product_cat-collections product_cat-collections-en product_cat-angular-foldable product_cat-lyra-ru product_cat-lyra-fr product_cat-lyra-en product_cat-lyra-de product_cat-angulaire-pliable product_cat-collezioni-de product_cat-soffietto-fr product_cat-soffietto-de-4 product_cat-soffietto-de-5 product_cat-tipologia-prodotto-de product_cat-tipologia-prodotto-en product_cat-type-de-produit product_cat-1618 product_cat-1568 product_cat-3--- product_cat-1633 product_cat-1617 product_cat-1626 has-post-thumbnail shipping-taxable product-type-simple\">\n\t<div class=\"woocommerce-loop-product__short_description\" itemprop=\"description\"><a href=\"https:\/\/relaxsrl.com\/fr\/produit\/lyra-ps-lyra-f\/\" class=\"woocommerce-LoopProduct-link woocommerce-loop-product__link\"><p>Cabine de douche d&rsquo;angle avec ouverture rabattable et poign\u00e9e int\u00e9gr\u00e9e dans le verre.<\/p>\n<\/a><\/div><\/li>\n<li class=\"product type-product post-13814 status-publish instock product_cat-3-lati-fr product_cat-3-lati-de product_cat-3-lati-en product_cat-3- product_cat-box-doccia-en product_cat-box-doccia-de product_cat-cabine-de-douche product_cat-collections product_cat-collections-en product_cat-coulissante product_cat-lyra-en product_cat-lyra-fr product_cat-lyra-ru product_cat-lyra-de product_cat-collezioni-de product_cat-scorrevole product_cat-scorrevole-de-4 product_cat-scorrevole-de-2 product_cat-scorrevole-fr product_cat-semi-circulaire product_cat-semicircolari-de product_cat-semicircular product_cat-semicircular-sliding product_cat-tipologia-prodotto-de product_cat-tipologia-prodotto-en product_cat-type-de-produit product_cat-1618 product_cat-1568 product_cat-1641 product_cat-3--- product_cat-1643 product_cat-1617 has-post-thumbnail shipping-taxable product-type-simple\">\n\t<div class=\"woocommerce-loop-product__short_description\" itemprop=\"description\"><a href=\"https:\/\/relaxsrl.com\/fr\/produit\/lyra-r2-s\/\" class=\"woocommerce-LoopProduct-link woocommerce-loop-product__link\"><p>Cabine de douche semi-circulaire avec double porte coulissante et poign\u00e9e int\u00e9gr\u00e9e dans le verre.<\/p>\n<\/a><\/div><\/li>\n<\/ul>\n<\/div>[\/vc_column][\/vc_row]<\/p>\n","protected":false},"excerpt":{"rendered":"<p>[vc_row full_width=\u00a0\u00bbstretch_row\u00a0\u00bb equal_height=\u00a0\u00bbyes\u00a0\u00bb el_class=\u00a0\u00bbrow-header-collezione-prodotti\u00a0\u00bb css=\u00a0\u00bb.vc_custom_1632995316220{background-image: url(http:\/\/relaxsrl.com\/wp-content\/uploads\/2021\/09\/collezione-lyra.jpg?id=2726) !important;}\u00a0\u00bb][vc_column width=\u00a0\u00bb1\/2&Prime; el_class=\u00a0\u00bbcol-sx-header-collezione-prodotti\u00a0\u00bb][vc_column_text el_class=\u00a0\u00bbheader-collezione-prodotti-txt\u00a0\u00bb] Lyra, la cabine de douche avec la poign\u00e9e int\u00e9gr\u00e9e Cabine de douche compl\u00e8te dans les formes et les syst\u00e8mes d\u2019ouverture: coulissante, battante, pliante et saloon. La poign\u00e9e int\u00e9gr\u00e9e dans le verre d\u2019une \u00e9paisseur de 4mm rend le produit robuste et r\u00e9sistante pour un usage quotidien.[\/vc_column_text][\/vc_column][vc_column [&hellip;]<\/p>\n","protected":false},"author":3,"featured_media":2142,"parent":32054,"menu_order":0,"comment_status":"closed","ping_status":"closed","template":"","meta":[],"acf":[],"yoast_head":"<!-- This site is optimized with the Yoast SEO Premium plugin v18.4 (Yoast SEO v18.8) - https:\/\/yoast.com\/wordpress\/plugins\/seo\/ -->\n<title>Lyra - Relax srl<\/title>\n<meta name=\"description\" content=\"Lyra est une cabine de douche compl\u00e8te dans les formes et les syst\u00e8mes d&#039;ouverture. Un produit robuste et durable pour un usage quotidien.\" \/>\n<meta name=\"robots\" content=\"index, follow, max-snippet:-1, max-image-preview:large, max-video-preview:-1\" \/>\n<link rel=\"canonical\" href=\"https:\/\/relaxsrl.com\/fr\/produits\/collections\/lyra\/\" \/>\n<meta property=\"og:locale\" content=\"fr_FR\" \/>\n<meta property=\"og:type\" content=\"article\" \/>\n<meta property=\"og:title\" content=\"Lyra - Relax srl\" \/>\n<meta property=\"og:description\" content=\"Lyra est une cabine de douche compl\u00e8te dans les formes et les syst\u00e8mes d&#039;ouverture. Un produit robuste et durable pour un usage quotidien.\" \/>\n<meta property=\"og:url\" content=\"https:\/\/relaxsrl.com\/fr\/produits\/collections\/lyra\/\" \/>\n<meta property=\"og:site_name\" content=\"Relax srl\" \/>\n<meta property=\"article:modified_time\" content=\"2023-10-19T15:32:27+00:00\" \/>\n<meta property=\"og:image\" content=\"https:\/\/relaxsrl.com\/website\/wp-content\/uploads\/2021\/09\/LYRA_B1F.jpg\" \/>\n\t<meta property=\"og:image:width\" content=\"800\" \/>\n\t<meta property=\"og:image:height\" content=\"1110\" \/>\n\t<meta property=\"og:image:type\" content=\"image\/jpeg\" \/>\n<meta name=\"twitter:card\" content=\"summary_large_image\" \/>\n<meta name=\"twitter:label1\" content=\"Dur\u00e9e de lecture estim\u00e9e\" \/>\n\t<meta name=\"twitter:data1\" content=\"1 minute\" \/>\n<script type=\"application\/ld+json\" class=\"yoast-schema-graph\">{\"@context\":\"https:\/\/schema.org\",\"@graph\":[{\"@type\":\"WebSite\",\"@id\":\"https:\/\/relaxsrl.com\/#website\",\"url\":\"https:\/\/relaxsrl.com\/\",\"name\":\"Relax srl\",\"description\":\"\",\"potentialAction\":[{\"@type\":\"SearchAction\",\"target\":{\"@type\":\"EntryPoint\",\"urlTemplate\":\"https:\/\/relaxsrl.com\/?s={search_term_string}\"},\"query-input\":\"required name=search_term_string\"}],\"inLanguage\":\"fr-FR\"},{\"@type\":\"ImageObject\",\"inLanguage\":\"fr-FR\",\"@id\":\"https:\/\/relaxsrl.com\/fr\/produits\/collections\/lyra\/#primaryimage\",\"url\":\"https:\/\/relaxsrl.com\/website\/wp-content\/uploads\/2021\/09\/LYRA_B1F.jpg\",\"contentUrl\":\"https:\/\/relaxsrl.com\/website\/wp-content\/uploads\/2021\/09\/LYRA_B1F.jpg\",\"width\":800,\"height\":1110,\"caption\":\"Box doccia ad angolo con maniglia integrata nel profilo. Collezione Lyra\"},{\"@type\":\"WebPage\",\"@id\":\"https:\/\/relaxsrl.com\/fr\/produits\/collections\/lyra\/#webpage\",\"url\":\"https:\/\/relaxsrl.com\/fr\/produits\/collections\/lyra\/\",\"name\":\"Lyra - Relax srl\",\"isPartOf\":{\"@id\":\"https:\/\/relaxsrl.com\/#website\"},\"primaryImageOfPage\":{\"@id\":\"https:\/\/relaxsrl.com\/fr\/produits\/collections\/lyra\/#primaryimage\"},\"datePublished\":\"2021-11-26T16:30:09+00:00\",\"dateModified\":\"2023-10-19T15:32:27+00:00\",\"description\":\"Lyra est une cabine de douche compl\u00e8te dans les formes et les syst\u00e8mes d'ouverture. Un produit robuste et durable pour un usage quotidien.\",\"breadcrumb\":{\"@id\":\"https:\/\/relaxsrl.com\/fr\/produits\/collections\/lyra\/#breadcrumb\"},\"inLanguage\":\"fr-FR\",\"potentialAction\":[{\"@type\":\"ReadAction\",\"target\":[\"https:\/\/relaxsrl.com\/fr\/produits\/collections\/lyra\/\"]}]},{\"@type\":\"BreadcrumbList\",\"@id\":\"https:\/\/relaxsrl.com\/fr\/produits\/collections\/lyra\/#breadcrumb\",\"itemListElement\":[{\"@type\":\"ListItem\",\"position\":1,\"name\":\"Produits\",\"item\":\"https:\/\/relaxsrl.com\/fr\/produits\/\"},{\"@type\":\"ListItem\",\"position\":2,\"name\":\"Collections\",\"item\":\"https:\/\/relaxsrl.com\/fr\/produits\/collections-old-non-usare\/\"},{\"@type\":\"ListItem\",\"position\":3,\"name\":\"Lyra\"}]}]}<\/script>\n<!-- \/ Yoast SEO Premium plugin. -->","yoast_head_json":{"title":"Lyra - Relax srl","description":"Lyra est une cabine de douche compl\u00e8te dans les formes et les syst\u00e8mes d'ouverture. Un produit robuste et durable pour un usage quotidien.","robots":{"index":"index","follow":"follow","max-snippet":"max-snippet:-1","max-image-preview":"max-image-preview:large","max-video-preview":"max-video-preview:-1"},"canonical":"https:\/\/relaxsrl.com\/fr\/produits\/collections\/lyra\/","og_locale":"fr_FR","og_type":"article","og_title":"Lyra - Relax srl","og_description":"Lyra est une cabine de douche compl\u00e8te dans les formes et les syst\u00e8mes d'ouverture. Un produit robuste et durable pour un usage quotidien.","og_url":"https:\/\/relaxsrl.com\/fr\/produits\/collections\/lyra\/","og_site_name":"Relax srl","article_modified_time":"2023-10-19T15:32:27+00:00","og_image":[{"width":800,"height":1110,"url":"https:\/\/relaxsrl.com\/website\/wp-content\/uploads\/2021\/09\/LYRA_B1F.jpg","type":"image\/jpeg"}],"twitter_card":"summary_large_image","twitter_misc":{"Dur\u00e9e de lecture estim\u00e9e":"1 minute"},"schema":{"@context":"https:\/\/schema.org","@graph":[{"@type":"WebSite","@id":"https:\/\/relaxsrl.com\/#website","url":"https:\/\/relaxsrl.com\/","name":"Relax srl","description":"","potentialAction":[{"@type":"SearchAction","target":{"@type":"EntryPoint","urlTemplate":"https:\/\/relaxsrl.com\/?s={search_term_string}"},"query-input":"required name=search_term_string"}],"inLanguage":"fr-FR"},{"@type":"ImageObject","inLanguage":"fr-FR","@id":"https:\/\/relaxsrl.com\/fr\/produits\/collections\/lyra\/#primaryimage","url":"https:\/\/relaxsrl.com\/website\/wp-content\/uploads\/2021\/09\/LYRA_B1F.jpg","contentUrl":"https:\/\/relaxsrl.com\/website\/wp-content\/uploads\/2021\/09\/LYRA_B1F.jpg","width":800,"height":1110,"caption":"Box doccia ad angolo con maniglia integrata nel profilo. Collezione Lyra"},{"@type":"WebPage","@id":"https:\/\/relaxsrl.com\/fr\/produits\/collections\/lyra\/#webpage","url":"https:\/\/relaxsrl.com\/fr\/produits\/collections\/lyra\/","name":"Lyra - Relax srl","isPartOf":{"@id":"https:\/\/relaxsrl.com\/#website"},"primaryImageOfPage":{"@id":"https:\/\/relaxsrl.com\/fr\/produits\/collections\/lyra\/#primaryimage"},"datePublished":"2021-11-26T16:30:09+00:00","dateModified":"2023-10-19T15:32:27+00:00","description":"Lyra est une cabine de douche compl\u00e8te dans les formes et les syst\u00e8mes d'ouverture. Un produit robuste et durable pour un usage quotidien.","breadcrumb":{"@id":"https:\/\/relaxsrl.com\/fr\/produits\/collections\/lyra\/#breadcrumb"},"inLanguage":"fr-FR","potentialAction":[{"@type":"ReadAction","target":["https:\/\/relaxsrl.com\/fr\/produits\/collections\/lyra\/"]}]},{"@type":"BreadcrumbList","@id":"https:\/\/relaxsrl.com\/fr\/produits\/collections\/lyra\/#breadcrumb","itemListElement":[{"@type":"ListItem","position":1,"name":"Produits","item":"https:\/\/relaxsrl.com\/fr\/produits\/"},{"@type":"ListItem","position":2,"name":"Collections","item":"https:\/\/relaxsrl.com\/fr\/produits\/collections-old-non-usare\/"},{"@type":"ListItem","position":3,"name":"Lyra"}]}]}},"_links":{"self":[{"href":"https:\/\/relaxsrl.com\/fr\/wp-json\/wp\/v2\/pages\/13029"}],"collection":[{"href":"https:\/\/relaxsrl.com\/fr\/wp-json\/wp\/v2\/pages"}],"about":[{"href":"https:\/\/relaxsrl.com\/fr\/wp-json\/wp\/v2\/types\/page"}],"author":[{"embeddable":true,"href":"https:\/\/relaxsrl.com\/fr\/wp-json\/wp\/v2\/users\/3"}],"replies":[{"embeddable":true,"href":"https:\/\/relaxsrl.com\/fr\/wp-json\/wp\/v2\/comments?post=13029"}],"version-history":[{"count":3,"href":"https:\/\/relaxsrl.com\/fr\/wp-json\/wp\/v2\/pages\/13029\/revisions"}],"predecessor-version":[{"id":15239,"href":"https:\/\/relaxsrl.com\/fr\/wp-json\/wp\/v2\/pages\/13029\/revisions\/15239"}],"up":[{"embeddable":true,"href":"https:\/\/relaxsrl.com\/fr\/wp-json\/wp\/v2\/pages\/32054"}],"wp:featuredmedia":[{"embeddable":true,"href":"https:\/\/relaxsrl.com\/fr\/wp-json\/wp\/v2\/media\/2142"}],"wp:attachment":[{"href":"https:\/\/relaxsrl.com\/fr\/wp-json\/wp\/v2\/media?parent=13029"}],"curies":[{"name":"wp","href":"https:\/\/api.w.org\/{rel}","templated":true}]}}