{"id":13032,"date":"2021-11-26T17:32:17","date_gmt":"2021-11-26T16:32:17","guid":{"rendered":"http:\/\/relaxsrl.com\/produits\/collections\/oblique\/"},"modified":"2023-10-20T09:32:16","modified_gmt":"2023-10-20T07:32:16","slug":"oblique","status":"publish","type":"page","link":"https:\/\/relaxsrl.com\/fr\/produits\/collections\/oblique\/","title":{"rendered":"Oblique"},"content":{"rendered":"<p>[vc_row full_width=\u00a0\u00bbstretch_row\u00a0\u00bb equal_height=\u00a0\u00bbyes\u00a0\u00bb el_class=\u00a0\u00bbrow-header-collezione-prodotti\u00a0\u00bb css=\u00a0\u00bb.vc_custom_1635241491484{background-image: url(http:\/\/relaxsrl.com\/wp-content\/uploads\/2021\/10\/Oblique.jpg?id=9016) !important;}\u00a0\u00bb][vc_column width=\u00a0\u00bb1\/2&Prime; el_class=\u00a0\u00bbcol-sx-header-collezione-prodotti\u00a0\u00bb offset=\u00a0\u00bbvc_hidden-xs\u00a0\u00bb][vc_column_text el_class=\u00a0\u00bbheader-collezione-prodotti-txt\u00a0\u00bb]<\/p>\n<h1>Oblique, accessoires de salle de bain uniques<\/h1>\n<p>Produits pour \u00e9quiper la salle de bain \u00e0 partir d&rsquo;\u00e9tag\u00e8res avec fonction stabilisatrice pour la cabine de douche et aussi ornementales. Con\u00e7u pour r\u00e9soudre de nombreuses situations autrement critiques. En combinaison, pommes de douche, porte-serviettes, porte-rouleaux de papier toilette et porte-balais de toilette.[\/vc_column_text][vc_column_text el_class=\u00a0\u00bbheader-collezione-prodotti-txt header-collezione-prodotti-txt-designer\u00a0\u00bb]Designer: G.Diana[\/vc_column_text][\/vc_column][vc_column width=\u00a0\u00bb1\/2&Prime; el_class=\u00a0\u00bbcol-dx-header-collezione-prodotti\u00a0\u00bb][vc_single_image image=\u00a0\u00bb9184&Prime; img_size=\u00a0\u00bbfull\u00a0\u00bb alignment=\u00a0\u00bbcenter\u00a0\u00bb el_class=\u00a0\u00bbrow-header-prodotto-img\u00a0\u00bb][\/vc_column][\/vc_row][vc_row full_width=\u00a0\u00bbstretch_row\u00a0\u00bb equal_height=\u00a0\u00bbyes\u00a0\u00bb el_class=\u00a0\u00bbrow-header-collezione-prodotti\u00a0\u00bb css=\u00a0\u00bb.vc_custom_1635241491484{background-image: url(http:\/\/relaxsrl.com\/wp-content\/uploads\/2021\/10\/Oblique.jpg?id=9016) !important;}\u00a0\u00bb][vc_column width=\u00a0\u00bb1\/2&Prime; el_class=\u00a0\u00bbcol-sx-header-collezione-prodotti\u00a0\u00bb offset=\u00a0\u00bbvc_hidden-lg vc_hidden-md vc_hidden-sm\u00a0\u00bb][vc_column_text el_class=\u00a0\u00bbheader-collezione-prodotti-txt\u00a0\u00bb]<\/p>\n<h1>Oblique, accessoires de salle de bain uniques<\/h1>\n<p>Produits pour \u00e9quiper la salle de bain \u00e0 partir d&rsquo;\u00e9tag\u00e8res avec fonction stabilisatrice pour la cabine de douche et aussi ornementales. Con\u00e7u pour r\u00e9soudre de nombreuses situations autrement critiques. En combinaison, pommes de douche, porte-serviettes, porte-rouleaux de papier toilette et porte-balais de toilette.[\/vc_column_text][vc_column_text el_class=\u00a0\u00bbheader-collezione-prodotti-txt\u00a0\u00bb]Designer: G.Diana[\/vc_column_text][\/vc_column][\/vc_row][vc_row el_class=\u00a0\u00bbrow-path\u00a0\u00bb][vc_column][vc_column_text][\/vc_column_text][\/vc_column][\/vc_row][vc_row][vc_column]<div class=\"woocommerce columns-4 \"><ul class=\"products columns-4\">\n<li class=\"product type-product post-13779 status-publish first instock product_cat-collections product_cat-collections-en product_cat-complementi-de product_cat-complements-fr product_cat-complements product_cat-guida-alla-scelta-de product_cat-selection-guide-en product_cat-guide-de-selection product_cat-oblique-fr product_cat-oblique-de product_cat-oblique-en product_cat-oblique-ru product_cat-collezioni-de product_cat-tipologia-prodotto-de product_cat-tipologia-prodotto-en product_cat-type-de-produit product_cat-walk-in-de-5 product_cat-walk-in-en-2 product_cat-guide-de-selection-walk-in product_cat-1650 product_cat-1568 product_cat-1615 product_cat-1594 product_cat-1617 has-post-thumbnail shipping-taxable product-type-simple\">\n\t<div class=\"woocommerce-loop-product__short_description\" itemprop=\"description\"><a href=\"https:\/\/relaxsrl.com\/fr\/produit\/oblique-mv\/\" class=\"woocommerce-LoopProduct-link woocommerce-loop-product__link\"><p>\u00c9tag\u00e8re avec fonction de stabilisation. Disponible en acier ou en surface solide.<\/p>\n<\/a><\/div><\/li>\n<li class=\"product type-product post-13776 status-publish instock product_cat-collections product_cat-collections-en product_cat-complementi-de product_cat-complements product_cat-complements-fr product_cat-oblique-de product_cat-oblique-ru product_cat-oblique-en product_cat-oblique-fr product_cat-collezioni-de product_cat-tipologia-prodotto-de product_cat-tipologia-prodotto-en product_cat-type-de-produit product_cat-1650 product_cat-1568 product_cat-1617 has-post-thumbnail shipping-taxable product-type-simple\">\n\t<div class=\"woocommerce-loop-product__short_description\" itemprop=\"description\"><a href=\"https:\/\/relaxsrl.com\/fr\/produit\/oblique-p\/\" class=\"woocommerce-LoopProduct-link woocommerce-loop-product__link\"><p>Porte-serviettes ext\u00e9rieur en verre. Disponible en acier ou en surface solide.<\/p>\n<\/a><\/div><\/li>\n<li class=\"product type-product post-13775 status-publish instock product_cat-collections product_cat-collections-en product_cat-complementi-de product_cat-complements product_cat-complements-fr product_cat-oblique-de product_cat-oblique-ru product_cat-oblique-en product_cat-oblique-fr product_cat-collezioni-de product_cat-tipologia-prodotto-de product_cat-tipologia-prodotto-en product_cat-type-de-produit product_cat-1650 product_cat-1568 product_cat-1617 has-post-thumbnail shipping-taxable product-type-simple\">\n\t<div class=\"woocommerce-loop-product__short_description\" itemprop=\"description\"><a href=\"https:\/\/relaxsrl.com\/fr\/produit\/oblique-p39\/\" class=\"woocommerce-LoopProduct-link woocommerce-loop-product__link\"><p>Porte-serviettes mural en acier.<\/p>\n<\/a><\/div><\/li>\n<li class=\"product type-product post-13773 status-publish last instock product_cat-collections product_cat-collections-en product_cat-complementi-de product_cat-complements product_cat-complements-fr product_cat-oblique-de product_cat-oblique-ru product_cat-oblique-en product_cat-oblique-fr product_cat-collezioni-de product_cat-tipologia-prodotto-de product_cat-tipologia-prodotto-en product_cat-type-de-produit product_cat-1650 product_cat-1568 product_cat-1617 has-post-thumbnail shipping-taxable product-type-simple\">\n\t<div class=\"woocommerce-loop-product__short_description\" itemprop=\"description\"><a href=\"https:\/\/relaxsrl.com\/fr\/produit\/oblique-m\/\" class=\"woocommerce-LoopProduct-link woocommerce-loop-product__link\"><p>\u00c9tag\u00e8re d\u00e9corative. Disponible en acier ou en surface solide.<\/p>\n<\/a><\/div><\/li>\n<li class=\"product type-product post-13774 status-publish first instock product_cat-collections product_cat-collections-en product_cat-complementi-de product_cat-complements-fr product_cat-complements product_cat-oblique-ru product_cat-oblique-en product_cat-oblique-fr product_cat-oblique-de product_cat-collezioni-de product_cat-tipologia-prodotto-de product_cat-tipologia-prodotto-en product_cat-type-de-produit product_cat-1650 product_cat-1568 product_cat-1617 has-post-thumbnail shipping-taxable product-type-simple\">\n\t<div class=\"woocommerce-loop-product__short_description\" itemprop=\"description\"><a href=\"https:\/\/relaxsrl.com\/fr\/produit\/oblique-pr\/\" class=\"woocommerce-LoopProduct-link woocommerce-loop-product__link\"><p>Porte-rouleau en acier \u00e0 accrocher au mur.<\/p>\n<\/a><\/div><\/li>\n<\/ul>\n<\/div>[\/vc_column][\/vc_row]<\/p>\n","protected":false},"excerpt":{"rendered":"<p>[vc_row full_width=\u00a0\u00bbstretch_row\u00a0\u00bb equal_height=\u00a0\u00bbyes\u00a0\u00bb el_class=\u00a0\u00bbrow-header-collezione-prodotti\u00a0\u00bb css=\u00a0\u00bb.vc_custom_1635241491484{background-image: url(http:\/\/relaxsrl.com\/wp-content\/uploads\/2021\/10\/Oblique.jpg?id=9016) !important;}\u00a0\u00bb][vc_column width=\u00a0\u00bb1\/2&Prime; el_class=\u00a0\u00bbcol-sx-header-collezione-prodotti\u00a0\u00bb offset=\u00a0\u00bbvc_hidden-xs\u00a0\u00bb][vc_column_text el_class=\u00a0\u00bbheader-collezione-prodotti-txt\u00a0\u00bb] Oblique, accessoires de salle de bain uniques Produits pour \u00e9quiper la salle de bain \u00e0 partir d&rsquo;\u00e9tag\u00e8res avec fonction stabilisatrice pour la cabine de douche et aussi ornementales. Con\u00e7u pour r\u00e9soudre de nombreuses situations autrement critiques. En combinaison, pommes de douche, porte-serviettes, porte-rouleaux de [&hellip;]<\/p>\n","protected":false},"author":3,"featured_media":9184,"parent":32054,"menu_order":0,"comment_status":"closed","ping_status":"closed","template":"","meta":[],"acf":[],"yoast_head":"<!-- This site is optimized with the Yoast SEO Premium plugin v18.4 (Yoast SEO v18.8) - https:\/\/yoast.com\/wordpress\/plugins\/seo\/ -->\n<title>Oblique - Relax srl<\/title>\n<meta name=\"description\" content=\"Produits pour \u00e9quiper la salle de bain \u00e0 partir d&#039;\u00e9tag\u00e8res ornementales et autres avec fonction stabilisatrice pour la cabine de douche.\" \/>\n<meta name=\"robots\" content=\"index, follow, max-snippet:-1, max-image-preview:large, max-video-preview:-1\" \/>\n<link rel=\"canonical\" href=\"https:\/\/relaxsrl.com\/fr\/produits\/collections\/oblique\/\" \/>\n<meta property=\"og:locale\" content=\"fr_FR\" \/>\n<meta property=\"og:type\" content=\"article\" \/>\n<meta property=\"og:title\" content=\"Oblique - Relax srl\" \/>\n<meta property=\"og:description\" content=\"Produits pour \u00e9quiper la salle de bain \u00e0 partir d&#039;\u00e9tag\u00e8res ornementales et autres avec fonction stabilisatrice pour la cabine de douche.\" \/>\n<meta property=\"og:url\" content=\"https:\/\/relaxsrl.com\/fr\/produits\/collections\/oblique\/\" \/>\n<meta property=\"og:site_name\" content=\"Relax srl\" \/>\n<meta property=\"article:modified_time\" content=\"2023-10-20T07:32:16+00:00\" \/>\n<meta property=\"og:image\" content=\"https:\/\/relaxsrl.com\/website\/wp-content\/uploads\/2021\/10\/OBLIQUE_LATERALE-1.jpg\" \/>\n\t<meta property=\"og:image:width\" content=\"800\" \/>\n\t<meta property=\"og:image:height\" content=\"1110\" \/>\n\t<meta property=\"og:image:type\" content=\"image\/jpeg\" \/>\n<meta name=\"twitter:card\" content=\"summary_large_image\" \/>\n<meta name=\"twitter:label1\" content=\"Dur\u00e9e de lecture estim\u00e9e\" \/>\n\t<meta name=\"twitter:data1\" content=\"1 minute\" \/>\n<script type=\"application\/ld+json\" class=\"yoast-schema-graph\">{\"@context\":\"https:\/\/schema.org\",\"@graph\":[{\"@type\":\"WebSite\",\"@id\":\"https:\/\/relaxsrl.com\/#website\",\"url\":\"https:\/\/relaxsrl.com\/\",\"name\":\"Relax srl\",\"description\":\"\",\"potentialAction\":[{\"@type\":\"SearchAction\",\"target\":{\"@type\":\"EntryPoint\",\"urlTemplate\":\"https:\/\/relaxsrl.com\/?s={search_term_string}\"},\"query-input\":\"required name=search_term_string\"}],\"inLanguage\":\"fr-FR\"},{\"@type\":\"ImageObject\",\"inLanguage\":\"fr-FR\",\"@id\":\"https:\/\/relaxsrl.com\/fr\/produits\/collections\/oblique\/#primaryimage\",\"url\":\"https:\/\/relaxsrl.com\/website\/wp-content\/uploads\/2021\/10\/OBLIQUE_LATERALE-1.jpg\",\"contentUrl\":\"https:\/\/relaxsrl.com\/website\/wp-content\/uploads\/2021\/10\/OBLIQUE_LATERALE-1.jpg\",\"width\":800,\"height\":1110,\"caption\":\"Collezione Oblique con diverse mensole e accessori per il bagno\"},{\"@type\":\"WebPage\",\"@id\":\"https:\/\/relaxsrl.com\/fr\/produits\/collections\/oblique\/#webpage\",\"url\":\"https:\/\/relaxsrl.com\/fr\/produits\/collections\/oblique\/\",\"name\":\"Oblique - Relax srl\",\"isPartOf\":{\"@id\":\"https:\/\/relaxsrl.com\/#website\"},\"primaryImageOfPage\":{\"@id\":\"https:\/\/relaxsrl.com\/fr\/produits\/collections\/oblique\/#primaryimage\"},\"datePublished\":\"2021-11-26T16:32:17+00:00\",\"dateModified\":\"2023-10-20T07:32:16+00:00\",\"description\":\"Produits pour \u00e9quiper la salle de bain \u00e0 partir d'\u00e9tag\u00e8res ornementales et autres avec fonction stabilisatrice pour la cabine de douche.\",\"breadcrumb\":{\"@id\":\"https:\/\/relaxsrl.com\/fr\/produits\/collections\/oblique\/#breadcrumb\"},\"inLanguage\":\"fr-FR\",\"potentialAction\":[{\"@type\":\"ReadAction\",\"target\":[\"https:\/\/relaxsrl.com\/fr\/produits\/collections\/oblique\/\"]}]},{\"@type\":\"BreadcrumbList\",\"@id\":\"https:\/\/relaxsrl.com\/fr\/produits\/collections\/oblique\/#breadcrumb\",\"itemListElement\":[{\"@type\":\"ListItem\",\"position\":1,\"name\":\"Produits\",\"item\":\"https:\/\/relaxsrl.com\/fr\/produits\/\"},{\"@type\":\"ListItem\",\"position\":2,\"name\":\"Collections\",\"item\":\"https:\/\/relaxsrl.com\/fr\/produits\/collections-old-non-usare\/\"},{\"@type\":\"ListItem\",\"position\":3,\"name\":\"Oblique\"}]}]}<\/script>\n<!-- \/ Yoast SEO Premium plugin. -->","yoast_head_json":{"title":"Oblique - Relax srl","description":"Produits pour \u00e9quiper la salle de bain \u00e0 partir d'\u00e9tag\u00e8res ornementales et autres avec fonction stabilisatrice pour la cabine de douche.","robots":{"index":"index","follow":"follow","max-snippet":"max-snippet:-1","max-image-preview":"max-image-preview:large","max-video-preview":"max-video-preview:-1"},"canonical":"https:\/\/relaxsrl.com\/fr\/produits\/collections\/oblique\/","og_locale":"fr_FR","og_type":"article","og_title":"Oblique - Relax srl","og_description":"Produits pour \u00e9quiper la salle de bain \u00e0 partir d'\u00e9tag\u00e8res ornementales et autres avec fonction stabilisatrice pour la cabine de douche.","og_url":"https:\/\/relaxsrl.com\/fr\/produits\/collections\/oblique\/","og_site_name":"Relax srl","article_modified_time":"2023-10-20T07:32:16+00:00","og_image":[{"width":800,"height":1110,"url":"https:\/\/relaxsrl.com\/website\/wp-content\/uploads\/2021\/10\/OBLIQUE_LATERALE-1.jpg","type":"image\/jpeg"}],"twitter_card":"summary_large_image","twitter_misc":{"Dur\u00e9e de lecture estim\u00e9e":"1 minute"},"schema":{"@context":"https:\/\/schema.org","@graph":[{"@type":"WebSite","@id":"https:\/\/relaxsrl.com\/#website","url":"https:\/\/relaxsrl.com\/","name":"Relax srl","description":"","potentialAction":[{"@type":"SearchAction","target":{"@type":"EntryPoint","urlTemplate":"https:\/\/relaxsrl.com\/?s={search_term_string}"},"query-input":"required name=search_term_string"}],"inLanguage":"fr-FR"},{"@type":"ImageObject","inLanguage":"fr-FR","@id":"https:\/\/relaxsrl.com\/fr\/produits\/collections\/oblique\/#primaryimage","url":"https:\/\/relaxsrl.com\/website\/wp-content\/uploads\/2021\/10\/OBLIQUE_LATERALE-1.jpg","contentUrl":"https:\/\/relaxsrl.com\/website\/wp-content\/uploads\/2021\/10\/OBLIQUE_LATERALE-1.jpg","width":800,"height":1110,"caption":"Collezione Oblique con diverse mensole e accessori per il bagno"},{"@type":"WebPage","@id":"https:\/\/relaxsrl.com\/fr\/produits\/collections\/oblique\/#webpage","url":"https:\/\/relaxsrl.com\/fr\/produits\/collections\/oblique\/","name":"Oblique - Relax srl","isPartOf":{"@id":"https:\/\/relaxsrl.com\/#website"},"primaryImageOfPage":{"@id":"https:\/\/relaxsrl.com\/fr\/produits\/collections\/oblique\/#primaryimage"},"datePublished":"2021-11-26T16:32:17+00:00","dateModified":"2023-10-20T07:32:16+00:00","description":"Produits pour \u00e9quiper la salle de bain \u00e0 partir d'\u00e9tag\u00e8res ornementales et autres avec fonction stabilisatrice pour la cabine de douche.","breadcrumb":{"@id":"https:\/\/relaxsrl.com\/fr\/produits\/collections\/oblique\/#breadcrumb"},"inLanguage":"fr-FR","potentialAction":[{"@type":"ReadAction","target":["https:\/\/relaxsrl.com\/fr\/produits\/collections\/oblique\/"]}]},{"@type":"BreadcrumbList","@id":"https:\/\/relaxsrl.com\/fr\/produits\/collections\/oblique\/#breadcrumb","itemListElement":[{"@type":"ListItem","position":1,"name":"Produits","item":"https:\/\/relaxsrl.com\/fr\/produits\/"},{"@type":"ListItem","position":2,"name":"Collections","item":"https:\/\/relaxsrl.com\/fr\/produits\/collections-old-non-usare\/"},{"@type":"ListItem","position":3,"name":"Oblique"}]}]}},"_links":{"self":[{"href":"https:\/\/relaxsrl.com\/fr\/wp-json\/wp\/v2\/pages\/13032"}],"collection":[{"href":"https:\/\/relaxsrl.com\/fr\/wp-json\/wp\/v2\/pages"}],"about":[{"href":"https:\/\/relaxsrl.com\/fr\/wp-json\/wp\/v2\/types\/page"}],"author":[{"embeddable":true,"href":"https:\/\/relaxsrl.com\/fr\/wp-json\/wp\/v2\/users\/3"}],"replies":[{"embeddable":true,"href":"https:\/\/relaxsrl.com\/fr\/wp-json\/wp\/v2\/comments?post=13032"}],"version-history":[{"count":4,"href":"https:\/\/relaxsrl.com\/fr\/wp-json\/wp\/v2\/pages\/13032\/revisions"}],"predecessor-version":[{"id":15240,"href":"https:\/\/relaxsrl.com\/fr\/wp-json\/wp\/v2\/pages\/13032\/revisions\/15240"}],"up":[{"embeddable":true,"href":"https:\/\/relaxsrl.com\/fr\/wp-json\/wp\/v2\/pages\/32054"}],"wp:featuredmedia":[{"embeddable":true,"href":"https:\/\/relaxsrl.com\/fr\/wp-json\/wp\/v2\/media\/9184"}],"wp:attachment":[{"href":"https:\/\/relaxsrl.com\/fr\/wp-json\/wp\/v2\/media?parent=13032"}],"curies":[{"name":"wp","href":"https:\/\/api.w.org\/{rel}","templated":true}]}}