{"id":13050,"date":"2021-11-26T17:39:20","date_gmt":"2021-11-26T16:39:20","guid":{"rendered":"http:\/\/relaxsrl.com\/produits\/collections\/slim\/"},"modified":"2023-10-12T18:08:05","modified_gmt":"2023-10-12T16:08:05","slug":"slim","status":"publish","type":"page","link":"https:\/\/relaxsrl.com\/fr\/produits\/collections\/slim\/","title":{"rendered":"Slim"},"content":{"rendered":"<p>[vc_row full_width=\u00a0\u00bbstretch_row\u00a0\u00bb equal_height=\u00a0\u00bbyes\u00a0\u00bb el_class=\u00a0\u00bbrow-header-collezione-prodotti\u00a0\u00bb css=\u00a0\u00bb.vc_custom_1635241847555{background-image: url(http:\/\/relaxsrl.com\/wp-content\/uploads\/2021\/10\/Slim.jpg?id=9032) !important;}\u00a0\u00bb][vc_column width=\u00a0\u00bb1\/2&Prime; el_class=\u00a0\u00bbcol-sx-header-collezione-prodotti\u00a0\u00bb][vc_column_text el_class=\u00a0\u00bbheader-collezione-prodotti-txt\u00a0\u00bb]<\/p>\n<h1>Slim, receveurs de douche en Solid Surface<\/h1>\n<p>Les receveurs de douche Slim sont fabriqu\u00e9s en Solid Surface, un mat\u00e9riau qui s\u00e9duit par son toucher velout\u00e9 et pla\u00eet car il est hygi\u00e9nique, antibact\u00e9rien et autonettoyant. Ils sont disponibles en version d&rsquo;angle classique ou sur mesure[\/vc_column_text][\/vc_column][vc_column width=\u00a0\u00bb1\/2&Prime; el_class=\u00a0\u00bbcol-dx-header-collezione-prodotti\u00a0\u00bb][vc_single_image image=\u00a0\u00bb9192&Prime; img_size=\u00a0\u00bbfull\u00a0\u00bb alignment=\u00a0\u00bbcenter\u00a0\u00bb el_class=\u00a0\u00bbrow-header-prodotto-img\u00a0\u00bb][\/vc_column][\/vc_row][vc_row el_class=\u00a0\u00bbrow-path\u00a0\u00bb][vc_column][vc_column_text][\/vc_column_text][\/vc_column][\/vc_row][vc_row][vc_column]<div class=\"woocommerce columns-4 \"><ul class=\"products columns-4\">\n<li class=\"product type-product post-13796 status-publish first instock product_cat-collections-en product_cat-collections product_cat-piatti-doccia-e-pareti-de product_cat-receveurs-et-parois-de-douche product_cat-collezioni-de product_cat-shower-trays-and-walls product_cat-slim-ru product_cat-slim-fr product_cat-slim-en product_cat-slim-de product_cat-tipologia-prodotto-en product_cat-tipologia-prodotto-de product_cat-type-de-produit product_cat-1651 product_cat-1568 product_cat-1617 has-post-thumbnail shipping-taxable product-type-simple\">\n\t<div class=\"woocommerce-loop-product__short_description\" itemprop=\"description\"><a href=\"https:\/\/relaxsrl.com\/fr\/produit\/receveur-slim-angulaire\/\" class=\"woocommerce-LoopProduct-link woocommerce-loop-product__link\"><p>Receveur de douche en Solid Surface antid\u00e9rapant et antibact\u00e9rien.<\/p>\n<\/a><\/div><\/li>\n<\/ul>\n<\/div>[\/vc_column][\/vc_row]<\/p>\n","protected":false},"excerpt":{"rendered":"<p>[vc_row full_width=\u00a0\u00bbstretch_row\u00a0\u00bb equal_height=\u00a0\u00bbyes\u00a0\u00bb el_class=\u00a0\u00bbrow-header-collezione-prodotti\u00a0\u00bb css=\u00a0\u00bb.vc_custom_1635241847555{background-image: url(http:\/\/relaxsrl.com\/wp-content\/uploads\/2021\/10\/Slim.jpg?id=9032) !important;}\u00a0\u00bb][vc_column width=\u00a0\u00bb1\/2&Prime; el_class=\u00a0\u00bbcol-sx-header-collezione-prodotti\u00a0\u00bb][vc_column_text el_class=\u00a0\u00bbheader-collezione-prodotti-txt\u00a0\u00bb] Slim, receveurs de douche en Solid Surface Les receveurs de douche Slim sont fabriqu\u00e9s en Solid Surface, un mat\u00e9riau qui s\u00e9duit par son toucher velout\u00e9 et pla\u00eet car il est hygi\u00e9nique, antibact\u00e9rien et autonettoyant. Ils sont disponibles en version d&rsquo;angle classique ou sur mesure[\/vc_column_text][\/vc_column][vc_column width=\u00a0\u00bb1\/2&Prime; [&hellip;]<\/p>\n","protected":false},"author":3,"featured_media":9192,"parent":32054,"menu_order":0,"comment_status":"closed","ping_status":"closed","template":"","meta":[],"acf":[],"yoast_head":"<!-- This site is optimized with the Yoast SEO Premium plugin v18.4 (Yoast SEO v18.8) - https:\/\/yoast.com\/wordpress\/plugins\/seo\/ -->\n<title>Slim - Relax srl<\/title>\n<meta name=\"description\" content=\"Les receveurs de douche Slim sont fabriqu\u00e9s en Solid Surface, un mat\u00e9riau qui s\u00e9duit par son toucher velout\u00e9. D\u00e9couvrez la collection Slim.\" \/>\n<meta name=\"robots\" content=\"index, follow, max-snippet:-1, max-image-preview:large, max-video-preview:-1\" \/>\n<link rel=\"canonical\" href=\"https:\/\/relaxsrl.com\/fr\/produits\/collections\/slim\/\" \/>\n<meta property=\"og:locale\" content=\"fr_FR\" \/>\n<meta property=\"og:type\" content=\"article\" \/>\n<meta property=\"og:title\" content=\"Slim - Relax srl\" \/>\n<meta property=\"og:description\" content=\"Les receveurs de douche Slim sont fabriqu\u00e9s en Solid Surface, un mat\u00e9riau qui s\u00e9duit par son toucher velout\u00e9. D\u00e9couvrez la collection Slim.\" \/>\n<meta property=\"og:url\" content=\"https:\/\/relaxsrl.com\/fr\/produits\/collections\/slim\/\" \/>\n<meta property=\"og:site_name\" content=\"Relax srl\" \/>\n<meta property=\"article:modified_time\" content=\"2023-10-12T16:08:05+00:00\" \/>\n<meta property=\"og:image\" content=\"https:\/\/relaxsrl.com\/website\/wp-content\/uploads\/2021\/10\/SLIM_immagineprincipale-1.jpg\" \/>\n\t<meta property=\"og:image:width\" content=\"800\" \/>\n\t<meta property=\"og:image:height\" content=\"1110\" \/>\n\t<meta property=\"og:image:type\" content=\"image\/jpeg\" \/>\n<meta name=\"twitter:card\" content=\"summary_large_image\" \/>\n<meta name=\"twitter:label1\" content=\"Dur\u00e9e de lecture estim\u00e9e\" \/>\n\t<meta name=\"twitter:data1\" content=\"1 minute\" \/>\n<script type=\"application\/ld+json\" class=\"yoast-schema-graph\">{\"@context\":\"https:\/\/schema.org\",\"@graph\":[{\"@type\":\"WebSite\",\"@id\":\"https:\/\/relaxsrl.com\/#website\",\"url\":\"https:\/\/relaxsrl.com\/\",\"name\":\"Relax srl\",\"description\":\"\",\"potentialAction\":[{\"@type\":\"SearchAction\",\"target\":{\"@type\":\"EntryPoint\",\"urlTemplate\":\"https:\/\/relaxsrl.com\/?s={search_term_string}\"},\"query-input\":\"required name=search_term_string\"}],\"inLanguage\":\"fr-FR\"},{\"@type\":\"ImageObject\",\"inLanguage\":\"fr-FR\",\"@id\":\"https:\/\/relaxsrl.com\/fr\/produits\/collections\/slim\/#primaryimage\",\"url\":\"https:\/\/relaxsrl.com\/website\/wp-content\/uploads\/2021\/10\/SLIM_immagineprincipale-1.jpg\",\"contentUrl\":\"https:\/\/relaxsrl.com\/website\/wp-content\/uploads\/2021\/10\/SLIM_immagineprincipale-1.jpg\",\"width\":800,\"height\":1110,\"caption\":\"Piatto doccia in solid surface bianco Slim\"},{\"@type\":\"WebPage\",\"@id\":\"https:\/\/relaxsrl.com\/fr\/produits\/collections\/slim\/#webpage\",\"url\":\"https:\/\/relaxsrl.com\/fr\/produits\/collections\/slim\/\",\"name\":\"Slim - Relax srl\",\"isPartOf\":{\"@id\":\"https:\/\/relaxsrl.com\/#website\"},\"primaryImageOfPage\":{\"@id\":\"https:\/\/relaxsrl.com\/fr\/produits\/collections\/slim\/#primaryimage\"},\"datePublished\":\"2021-11-26T16:39:20+00:00\",\"dateModified\":\"2023-10-12T16:08:05+00:00\",\"description\":\"Les receveurs de douche Slim sont fabriqu\u00e9s en Solid Surface, un mat\u00e9riau qui s\u00e9duit par son toucher velout\u00e9. D\u00e9couvrez la collection Slim.\",\"breadcrumb\":{\"@id\":\"https:\/\/relaxsrl.com\/fr\/produits\/collections\/slim\/#breadcrumb\"},\"inLanguage\":\"fr-FR\",\"potentialAction\":[{\"@type\":\"ReadAction\",\"target\":[\"https:\/\/relaxsrl.com\/fr\/produits\/collections\/slim\/\"]}]},{\"@type\":\"BreadcrumbList\",\"@id\":\"https:\/\/relaxsrl.com\/fr\/produits\/collections\/slim\/#breadcrumb\",\"itemListElement\":[{\"@type\":\"ListItem\",\"position\":1,\"name\":\"Produits\",\"item\":\"https:\/\/relaxsrl.com\/fr\/produits\/\"},{\"@type\":\"ListItem\",\"position\":2,\"name\":\"Collections\",\"item\":\"https:\/\/relaxsrl.com\/fr\/produits\/collections-old-non-usare\/\"},{\"@type\":\"ListItem\",\"position\":3,\"name\":\"Slim\"}]}]}<\/script>\n<!-- \/ Yoast SEO Premium plugin. -->","yoast_head_json":{"title":"Slim - Relax srl","description":"Les receveurs de douche Slim sont fabriqu\u00e9s en Solid Surface, un mat\u00e9riau qui s\u00e9duit par son toucher velout\u00e9. D\u00e9couvrez la collection Slim.","robots":{"index":"index","follow":"follow","max-snippet":"max-snippet:-1","max-image-preview":"max-image-preview:large","max-video-preview":"max-video-preview:-1"},"canonical":"https:\/\/relaxsrl.com\/fr\/produits\/collections\/slim\/","og_locale":"fr_FR","og_type":"article","og_title":"Slim - Relax srl","og_description":"Les receveurs de douche Slim sont fabriqu\u00e9s en Solid Surface, un mat\u00e9riau qui s\u00e9duit par son toucher velout\u00e9. D\u00e9couvrez la collection Slim.","og_url":"https:\/\/relaxsrl.com\/fr\/produits\/collections\/slim\/","og_site_name":"Relax srl","article_modified_time":"2023-10-12T16:08:05+00:00","og_image":[{"width":800,"height":1110,"url":"https:\/\/relaxsrl.com\/website\/wp-content\/uploads\/2021\/10\/SLIM_immagineprincipale-1.jpg","type":"image\/jpeg"}],"twitter_card":"summary_large_image","twitter_misc":{"Dur\u00e9e de lecture estim\u00e9e":"1 minute"},"schema":{"@context":"https:\/\/schema.org","@graph":[{"@type":"WebSite","@id":"https:\/\/relaxsrl.com\/#website","url":"https:\/\/relaxsrl.com\/","name":"Relax srl","description":"","potentialAction":[{"@type":"SearchAction","target":{"@type":"EntryPoint","urlTemplate":"https:\/\/relaxsrl.com\/?s={search_term_string}"},"query-input":"required name=search_term_string"}],"inLanguage":"fr-FR"},{"@type":"ImageObject","inLanguage":"fr-FR","@id":"https:\/\/relaxsrl.com\/fr\/produits\/collections\/slim\/#primaryimage","url":"https:\/\/relaxsrl.com\/website\/wp-content\/uploads\/2021\/10\/SLIM_immagineprincipale-1.jpg","contentUrl":"https:\/\/relaxsrl.com\/website\/wp-content\/uploads\/2021\/10\/SLIM_immagineprincipale-1.jpg","width":800,"height":1110,"caption":"Piatto doccia in solid surface bianco Slim"},{"@type":"WebPage","@id":"https:\/\/relaxsrl.com\/fr\/produits\/collections\/slim\/#webpage","url":"https:\/\/relaxsrl.com\/fr\/produits\/collections\/slim\/","name":"Slim - Relax srl","isPartOf":{"@id":"https:\/\/relaxsrl.com\/#website"},"primaryImageOfPage":{"@id":"https:\/\/relaxsrl.com\/fr\/produits\/collections\/slim\/#primaryimage"},"datePublished":"2021-11-26T16:39:20+00:00","dateModified":"2023-10-12T16:08:05+00:00","description":"Les receveurs de douche Slim sont fabriqu\u00e9s en Solid Surface, un mat\u00e9riau qui s\u00e9duit par son toucher velout\u00e9. D\u00e9couvrez la collection Slim.","breadcrumb":{"@id":"https:\/\/relaxsrl.com\/fr\/produits\/collections\/slim\/#breadcrumb"},"inLanguage":"fr-FR","potentialAction":[{"@type":"ReadAction","target":["https:\/\/relaxsrl.com\/fr\/produits\/collections\/slim\/"]}]},{"@type":"BreadcrumbList","@id":"https:\/\/relaxsrl.com\/fr\/produits\/collections\/slim\/#breadcrumb","itemListElement":[{"@type":"ListItem","position":1,"name":"Produits","item":"https:\/\/relaxsrl.com\/fr\/produits\/"},{"@type":"ListItem","position":2,"name":"Collections","item":"https:\/\/relaxsrl.com\/fr\/produits\/collections-old-non-usare\/"},{"@type":"ListItem","position":3,"name":"Slim"}]}]}},"_links":{"self":[{"href":"https:\/\/relaxsrl.com\/fr\/wp-json\/wp\/v2\/pages\/13050"}],"collection":[{"href":"https:\/\/relaxsrl.com\/fr\/wp-json\/wp\/v2\/pages"}],"about":[{"href":"https:\/\/relaxsrl.com\/fr\/wp-json\/wp\/v2\/types\/page"}],"author":[{"embeddable":true,"href":"https:\/\/relaxsrl.com\/fr\/wp-json\/wp\/v2\/users\/3"}],"replies":[{"embeddable":true,"href":"https:\/\/relaxsrl.com\/fr\/wp-json\/wp\/v2\/comments?post=13050"}],"version-history":[{"count":4,"href":"https:\/\/relaxsrl.com\/fr\/wp-json\/wp\/v2\/pages\/13050\/revisions"}],"predecessor-version":[{"id":15244,"href":"https:\/\/relaxsrl.com\/fr\/wp-json\/wp\/v2\/pages\/13050\/revisions\/15244"}],"up":[{"embeddable":true,"href":"https:\/\/relaxsrl.com\/fr\/wp-json\/wp\/v2\/pages\/32054"}],"wp:featuredmedia":[{"embeddable":true,"href":"https:\/\/relaxsrl.com\/fr\/wp-json\/wp\/v2\/media\/9192"}],"wp:attachment":[{"href":"https:\/\/relaxsrl.com\/fr\/wp-json\/wp\/v2\/media?parent=13050"}],"curies":[{"name":"wp","href":"https:\/\/api.w.org\/{rel}","templated":true}]}}