{"id":13054,"date":"2021-11-26T17:40:18","date_gmt":"2021-11-26T16:40:18","guid":{"rendered":"http:\/\/relaxsrl.com\/produits\/collections\/smart\/"},"modified":"2023-10-12T17:27:20","modified_gmt":"2023-10-12T15:27:20","slug":"smart","status":"publish","type":"page","link":"https:\/\/relaxsrl.com\/fr\/produits\/collections\/smart\/","title":{"rendered":"Smart"},"content":{"rendered":"<p>[vc_row full_width=\u00a0\u00bbstretch_row\u00a0\u00bb equal_height=\u00a0\u00bbyes\u00a0\u00bb el_class=\u00a0\u00bbrow-header-collezione-prodotti\u00a0\u00bb css=\u00a0\u00bb.vc_custom_1632995266519{background-image: url(http:\/\/relaxsrl.com\/wp-content\/uploads\/2021\/09\/collezione-smart.jpg?id=2738) !important;}\u00a0\u00bb][vc_column width=\u00a0\u00bb1\/2&Prime; el_class=\u00a0\u00bbcol-sx-header-collezione-prodotti\u00a0\u00bb][vc_column_text el_class=\u00a0\u00bbheader-collezione-prodotti-txt\u00a0\u00bb]<\/p>\n<h1>Smart, la cabine de douche facile<\/h1>\n<p>Cabine de douche au design simple et minimal qui se distingue par la versatilit\u00e9 d\u2019utilisation et la fonctionnalit\u00e9 au service du confort. Au-del\u00e0 de l\u2019aspect esth\u00e9tique, ses points forts sont la rapidit\u00e9 et facilit\u00e9 d\u2019installation.[\/vc_column_text][\/vc_column][vc_column width=\u00a0\u00bb1\/2&Prime; el_class=\u00a0\u00bbcol-dx-header-collezione-prodotti\u00a0\u00bb][vc_single_image image=\u00a0\u00bb2154&Prime; img_size=\u00a0\u00bbfull\u00a0\u00bb alignment=\u00a0\u00bbcenter\u00a0\u00bb el_class=\u00a0\u00bbrow-header-prodotto-img\u00a0\u00bb][\/vc_column][\/vc_row][vc_row el_class=\u00a0\u00bbrow-path\u00a0\u00bb][vc_column][vc_column_text][\/vc_column_text][\/vc_column][\/vc_row][vc_row][vc_column]<div class=\"woocommerce columns-4 \"><ul class=\"products columns-4\">\n<li class=\"product type-product post-13834 status-publish first instock product_cat-3-lati-en product_cat-3-lati-de product_cat-3-lati-fr product_cat-3- product_cat-angolare-de product_cat-angolare-de-2 product_cat-angolare-en product_cat-guide-de-selection-angulaire product_cat-angulaire product_cat-selection-guide-angular product_cat-box-doccia-en product_cat-box-doccia-de product_cat-cabine-de-douche product_cat-collections-en product_cat-collections product_cat-angulaire-coulissante product_cat-guida-alla-scelta-de product_cat-selection-guide-en product_cat-guide-de-selection product_cat-collezioni-de product_cat-scorrevole product_cat-scorrevole-de-2 product_cat-scorrevole-fr product_cat-scorrevole-de product_cat-angular-sliding product_cat-smart-en product_cat-smart-fr product_cat-smart-de product_cat-smart-ru product_cat-tipologia-prodotto-en product_cat-tipologia-prodotto-de product_cat-type-de-produit product_cat-1618 product_cat-1568 product_cat-3--- product_cat-1632 product_cat-1594 product_cat-1617 product_cat-1596 product_cat-1626 has-post-thumbnail shipping-taxable product-type-simple\">\n\t<div class=\"woocommerce-loop-product__short_description\" itemprop=\"description\"><a href=\"https:\/\/relaxsrl.com\/fr\/produit\/smart-a-smart-a\/\" class=\"woocommerce-LoopProduct-link woocommerce-loop-product__link\"><p>Cabine de douche d&rsquo;angle avec double porte coulissante et syst\u00e8me de d\u00e9verrouillage rapide de la porte.<\/p>\n<\/a><\/div><\/li>\n<li class=\"product type-product post-13835 status-publish instock product_cat-3-lati-en product_cat-3-lati-de product_cat-3-lati-fr product_cat-3- product_cat-box-doccia-en product_cat-box-doccia-de product_cat-cabine-de-douche product_cat-collections product_cat-collections-en product_cat-niche-coulissante product_cat-nicchia-de product_cat-niche-fr product_cat-niche product_cat-collezioni-de product_cat-scorrevole-de-5 product_cat-scorrevole-de-2 product_cat-scorrevole product_cat-scorrevole-fr product_cat-niche-sliding product_cat-smart-ru product_cat-smart-fr product_cat-smart-de product_cat-smart-en product_cat-tipologia-prodotto-de product_cat-tipologia-prodotto-en product_cat-type-de-produit product_cat-1618 product_cat-1568 product_cat-1637 product_cat-1639 product_cat-3--- product_cat-1617 has-post-thumbnail shipping-taxable product-type-simple\">\n\t<div class=\"woocommerce-loop-product__short_description\" itemprop=\"description\"><a href=\"https:\/\/relaxsrl.com\/fr\/produit\/smart-sc1\/\" class=\"woocommerce-LoopProduct-link woocommerce-loop-product__link\"><p>Cabine de douche en niche avec porte coulissante et syst\u00e8me de d\u00e9verrouillage rapide de la porte.<\/p>\n<\/a><\/div><\/li>\n<li class=\"product type-product post-13836 status-publish instock product_cat-3-lati-de product_cat-3-lati-en product_cat-3-lati-fr product_cat-3- product_cat-angolare-de product_cat-angolare-en product_cat-angulaire product_cat-box-doccia-en product_cat-box-doccia-de product_cat-cabine-de-douche product_cat-collections product_cat-collections-en product_cat-angulaire-coulissante product_cat-collezioni-de product_cat-scorrevole product_cat-scorrevole-de product_cat-scorrevole-de-2 product_cat-scorrevole-fr product_cat-angular-sliding product_cat-smart-ru product_cat-smart-fr product_cat-smart-de product_cat-smart-en product_cat-tipologia-prodotto-de product_cat-tipologia-prodotto-en product_cat-type-de-produit product_cat-1618 product_cat-1568 product_cat-1632 product_cat-3--- product_cat-1617 product_cat-1626 has-post-thumbnail shipping-taxable product-type-simple\">\n\t<div class=\"woocommerce-loop-product__short_description\" itemprop=\"description\"><a href=\"https:\/\/relaxsrl.com\/fr\/produit\/smart-sc1-smart-f\/\" class=\"woocommerce-LoopProduct-link woocommerce-loop-product__link\"><p>Cabine de douche d&rsquo;angle avec porte coulissante et c\u00f4t\u00e9 fixe.<\/p>\n<\/a><\/div><\/li>\n<li class=\"product type-product post-13833 status-publish last instock product_cat-3-lati-en product_cat-3-lati-de product_cat-3-lati-fr product_cat-3- product_cat-box-doccia-en product_cat-box-doccia-de product_cat-cabine-de-douche product_cat-collections product_cat-collections-en product_cat-niche-coulissante product_cat-nicchia-de product_cat-niche-fr product_cat-niche product_cat-collezioni-de product_cat-scorrevole-de-5 product_cat-scorrevole-de-2 product_cat-scorrevole product_cat-scorrevole-fr product_cat-niche-sliding product_cat-smart-ru product_cat-smart-fr product_cat-smart-de product_cat-smart-en product_cat-tipologia-prodotto-de product_cat-tipologia-prodotto-en product_cat-type-de-produit product_cat-1618 product_cat-1568 product_cat-1637 product_cat-1639 product_cat-3--- product_cat-1617 has-post-thumbnail shipping-taxable product-type-simple\">\n\t<div class=\"woocommerce-loop-product__short_description\" itemprop=\"description\"><a href=\"https:\/\/relaxsrl.com\/fr\/produit\/smart-sc2\/\" class=\"woocommerce-LoopProduct-link woocommerce-loop-product__link\"><p>Cabine de douche en niche avec deux portes coulissantes.<\/p>\n<\/a><\/div><\/li>\n<li class=\"product type-product post-13832 status-publish first instock product_cat-3-lati-de product_cat-3-lati-en product_cat-3-lati-fr product_cat-3- product_cat-angolare-de product_cat-angolare-en product_cat-angulaire product_cat-box-doccia-en product_cat-box-doccia-de product_cat-cabine-de-douche product_cat-collections product_cat-collections-en product_cat-angulaire-coulissante product_cat-collezioni-de product_cat-scorrevole product_cat-scorrevole-de product_cat-scorrevole-de-2 product_cat-scorrevole-fr product_cat-angular-sliding product_cat-smart-ru product_cat-smart-fr product_cat-smart-de product_cat-smart-en product_cat-tipologia-prodotto-de product_cat-tipologia-prodotto-en product_cat-type-de-produit product_cat-1618 product_cat-1568 product_cat-1632 product_cat-3--- product_cat-1617 product_cat-1626 has-post-thumbnail shipping-taxable product-type-simple\">\n\t<div class=\"woocommerce-loop-product__short_description\" itemprop=\"description\"><a href=\"https:\/\/relaxsrl.com\/fr\/produit\/smart-sc2-smart-f\/\" class=\"woocommerce-LoopProduct-link woocommerce-loop-product__link\"><p>Cabine de douche d&rsquo;angle avec double porte coulissante et c\u00f4t\u00e9 fixe.<\/p>\n<\/a><\/div><\/li>\n<li class=\"product type-product post-13829 status-publish instock product_cat-3-lati-fr product_cat-3-lati-de product_cat-3- product_cat-niche-battante product_cat-battente-de product_cat-battente-fr product_cat-battente-de-3 product_cat-box-doccia-de product_cat-cabine-de-douche product_cat-collections product_cat-nicchia-de product_cat-niche-fr product_cat-collezioni-de product_cat-smart-fr product_cat-smart-ru product_cat-smart-de product_cat-tipologia-prodotto-de product_cat-type-de-produit product_cat-1618 product_cat-1568 product_cat-3-- product_cat-1638 product_cat-1637 product_cat-1617 has-post-thumbnail shipping-taxable product-type-simple\">\n\t<div class=\"woocommerce-loop-product__short_description\" itemprop=\"description\"><a href=\"https:\/\/relaxsrl.com\/fr\/produit\/smart-b1\/\" class=\"woocommerce-LoopProduct-link woocommerce-loop-product__link\"><p>Cabine de douche en niche avec porte battante.<\/p>\n<\/a><\/div><\/li>\n<li class=\"product type-product post-13830 status-publish instock product_cat-3-lati-fr product_cat-3-lati-de product_cat-3- product_cat-angolare-de product_cat-angulaire product_cat-angulaire-battante product_cat-battente-fr product_cat-battente-de-2 product_cat-battente-de-3 product_cat-box-doccia-de product_cat-cabine-de-douche product_cat-collections product_cat-collezioni-de product_cat-smart-fr product_cat-smart-ru product_cat-smart-de product_cat-tipologia-prodotto-de product_cat-type-de-produit product_cat-1618 product_cat-1568 product_cat-3-- product_cat-1627 product_cat-1617 product_cat-1626 has-post-thumbnail shipping-taxable product-type-simple\">\n\t<div class=\"woocommerce-loop-product__short_description\" itemprop=\"description\"><a href=\"https:\/\/relaxsrl.com\/fr\/produit\/smart-b1-smart-f\/\" class=\"woocommerce-LoopProduct-link woocommerce-loop-product__link\"><p>Cabine de douche d&rsquo;angle avec porte battante.<\/p>\n<\/a><\/div><\/li>\n<li class=\"product type-product post-13831 status-publish last instock product_cat-3-lati-fr product_cat-3-lati-de product_cat-3- product_cat-box-doccia-de product_cat-cabine-de-douche product_cat-collections product_cat-guida-alla-scelta-de product_cat-guide-de-selection product_cat-nicchia-de product_cat-niche-fr product_cat-guide-de-selection-saloon product_cat-saloon product_cat-saloon-de-2 product_cat-saloon-de-3 product_cat-niche-saloon-fr product_cat-saloon-de-4 product_cat-collezioni-de product_cat-smart-fr product_cat-smart-de product_cat-smart-ru product_cat-tipologia-prodotto-de product_cat-type-de-produit product_cat-1618 product_cat-1568 product_cat-1637 product_cat-1594 product_cat-3--- product_cat-1630 product_cat-1612 product_cat-1617 has-post-thumbnail shipping-taxable product-type-simple\">\n\t<div class=\"woocommerce-loop-product__short_description\" itemprop=\"description\"><a href=\"https:\/\/relaxsrl.com\/fr\/produit\/smart-b2\/\" class=\"woocommerce-LoopProduct-link woocommerce-loop-product__link\"><p>Cabine de douche en niche avec porte saloon et avec syst\u00e8me de levage de porte.<\/p>\n<\/a><\/div><\/li>\n<li class=\"product type-product post-13827 status-publish first instock product_cat-3-lati-fr product_cat-3-lati-de product_cat-3-lati-en product_cat-3- product_cat-angolare-de product_cat-angolare-en product_cat-angulaire product_cat-box-doccia-en product_cat-box-doccia-de product_cat-cabine-de-douche product_cat-collections product_cat-collections-en product_cat-angulaire-saloon product_cat-angular-saloon product_cat-saloon product_cat-saloon-de product_cat-saloon-de-3 product_cat-collezioni-de product_cat-smart-fr product_cat-smart-de product_cat-smart-ru product_cat-smart-en product_cat-tipologia-prodotto-en product_cat-tipologia-prodotto-de product_cat-type-de-produit product_cat-1618 product_cat-1568 product_cat-3--- product_cat-1629 product_cat-1617 product_cat-1626 has-post-thumbnail shipping-taxable product-type-simple\">\n\t<div class=\"woocommerce-loop-product__short_description\" itemprop=\"description\"><a href=\"https:\/\/relaxsrl.com\/fr\/produit\/smart-b2-smart-f\/\" class=\"woocommerce-LoopProduct-link woocommerce-loop-product__link\"><p>Cabine de douche d&rsquo;angle avec porte carr\u00e9e et syst\u00e8me de levage de porte.<\/p>\n<\/a><\/div><\/li>\n<li class=\"product type-product post-13828 status-publish instock product_cat-3-lati-en product_cat-3-lati-de product_cat-3-lati-fr product_cat-3- product_cat-box-doccia-en product_cat-box-doccia-de product_cat-cabine-de-douche product_cat-collections-en product_cat-collections product_cat-coulissante product_cat-guida-alla-scelta-de product_cat-selection-guide-en product_cat-guide-de-selection product_cat-collezioni-de product_cat-scorrevole-fr product_cat-scorrevole-de-2 product_cat-scorrevole-de-4 product_cat-scorrevole product_cat-semi-circulaire product_cat-guide-de-selection-semi-circulaire product_cat-semicircolare product_cat-semicircolari-de product_cat-selection-guide-semicircular product_cat-semicircular product_cat-semicircular-sliding product_cat-smart-en product_cat-smart-fr product_cat-smart-de product_cat-smart-ru product_cat-tipologia-prodotto-en product_cat-tipologia-prodotto-de product_cat-type-de-produit product_cat-1618 product_cat-1568 product_cat-1641 product_cat-1613 product_cat-1643 product_cat-3--- product_cat-1594 product_cat-1617 has-post-thumbnail shipping-taxable product-type-simple\">\n\t<div class=\"woocommerce-loop-product__short_description\" itemprop=\"description\"><a href=\"https:\/\/relaxsrl.com\/fr\/produit\/smart-r2-s\/\" class=\"woocommerce-LoopProduct-link woocommerce-loop-product__link\"><p>Cabine de douche semi-circulaire caract\u00e9ris\u00e9e par une double porte coulissante.<\/p>\n<\/a><\/div><\/li>\n<\/ul>\n<\/div>[\/vc_column][\/vc_row]<\/p>\n","protected":false},"excerpt":{"rendered":"<p>[vc_row full_width=\u00a0\u00bbstretch_row\u00a0\u00bb equal_height=\u00a0\u00bbyes\u00a0\u00bb el_class=\u00a0\u00bbrow-header-collezione-prodotti\u00a0\u00bb css=\u00a0\u00bb.vc_custom_1632995266519{background-image: url(http:\/\/relaxsrl.com\/wp-content\/uploads\/2021\/09\/collezione-smart.jpg?id=2738) !important;}\u00a0\u00bb][vc_column width=\u00a0\u00bb1\/2&Prime; el_class=\u00a0\u00bbcol-sx-header-collezione-prodotti\u00a0\u00bb][vc_column_text el_class=\u00a0\u00bbheader-collezione-prodotti-txt\u00a0\u00bb] Smart, la cabine de douche facile Cabine de douche au design simple et minimal qui se distingue par la versatilit\u00e9 d\u2019utilisation et la fonctionnalit\u00e9 au service du confort. Au-del\u00e0 de l\u2019aspect esth\u00e9tique, ses points forts sont la rapidit\u00e9 et facilit\u00e9 d\u2019installation.[\/vc_column_text][\/vc_column][vc_column width=\u00a0\u00bb1\/2&Prime; el_class=\u00a0\u00bbcol-dx-header-collezione-prodotti\u00a0\u00bb][vc_single_image image=\u00a0\u00bb2154&Prime; img_size=\u00a0\u00bbfull\u00a0\u00bb [&hellip;]<\/p>\n","protected":false},"author":3,"featured_media":2154,"parent":32054,"menu_order":0,"comment_status":"closed","ping_status":"closed","template":"","meta":[],"acf":[],"yoast_head":"<!-- This site is optimized with the Yoast SEO Premium plugin v18.4 (Yoast SEO v18.8) - https:\/\/yoast.com\/wordpress\/plugins\/seo\/ -->\n<title>Smart - Relax srl<\/title>\n<meta name=\"description\" content=\"Cabines de douche au design simple et minimal avec une grande polyvalence d&#039;utilisation. D\u00e9couvrez la collection Smart.\" \/>\n<meta name=\"robots\" content=\"index, follow, max-snippet:-1, max-image-preview:large, max-video-preview:-1\" \/>\n<link rel=\"canonical\" href=\"https:\/\/relaxsrl.com\/fr\/produits\/collections\/smart\/\" \/>\n<meta property=\"og:locale\" content=\"fr_FR\" \/>\n<meta property=\"og:type\" content=\"article\" \/>\n<meta property=\"og:title\" content=\"Smart - Relax srl\" \/>\n<meta property=\"og:description\" content=\"Cabines de douche au design simple et minimal avec une grande polyvalence d&#039;utilisation. D\u00e9couvrez la collection Smart.\" \/>\n<meta property=\"og:url\" content=\"https:\/\/relaxsrl.com\/fr\/produits\/collections\/smart\/\" \/>\n<meta property=\"og:site_name\" content=\"Relax srl\" \/>\n<meta property=\"article:modified_time\" content=\"2023-10-12T15:27:20+00:00\" \/>\n<meta property=\"og:image\" content=\"https:\/\/relaxsrl.com\/website\/wp-content\/uploads\/2021\/09\/SMART_AA_2.jpg\" \/>\n\t<meta property=\"og:image:width\" content=\"800\" \/>\n\t<meta property=\"og:image:height\" content=\"1110\" \/>\n\t<meta property=\"og:image:type\" content=\"image\/jpeg\" \/>\n<meta name=\"twitter:card\" content=\"summary_large_image\" \/>\n<meta name=\"twitter:label1\" content=\"Dur\u00e9e de lecture estim\u00e9e\" \/>\n\t<meta name=\"twitter:data1\" content=\"1 minute\" \/>\n<script type=\"application\/ld+json\" class=\"yoast-schema-graph\">{\"@context\":\"https:\/\/schema.org\",\"@graph\":[{\"@type\":\"WebSite\",\"@id\":\"https:\/\/relaxsrl.com\/#website\",\"url\":\"https:\/\/relaxsrl.com\/\",\"name\":\"Relax srl\",\"description\":\"\",\"potentialAction\":[{\"@type\":\"SearchAction\",\"target\":{\"@type\":\"EntryPoint\",\"urlTemplate\":\"https:\/\/relaxsrl.com\/?s={search_term_string}\"},\"query-input\":\"required name=search_term_string\"}],\"inLanguage\":\"fr-FR\"},{\"@type\":\"ImageObject\",\"inLanguage\":\"fr-FR\",\"@id\":\"https:\/\/relaxsrl.com\/fr\/produits\/collections\/smart\/#primaryimage\",\"url\":\"https:\/\/relaxsrl.com\/website\/wp-content\/uploads\/2021\/09\/SMART_AA_2.jpg\",\"contentUrl\":\"https:\/\/relaxsrl.com\/website\/wp-content\/uploads\/2021\/09\/SMART_AA_2.jpg\",\"width\":800,\"height\":1110,\"caption\":\"Box doccia per bagno contract con doppia porta scorrevole e profili brillantati. Collezione Smart\"},{\"@type\":\"WebPage\",\"@id\":\"https:\/\/relaxsrl.com\/fr\/produits\/collections\/smart\/#webpage\",\"url\":\"https:\/\/relaxsrl.com\/fr\/produits\/collections\/smart\/\",\"name\":\"Smart - Relax srl\",\"isPartOf\":{\"@id\":\"https:\/\/relaxsrl.com\/#website\"},\"primaryImageOfPage\":{\"@id\":\"https:\/\/relaxsrl.com\/fr\/produits\/collections\/smart\/#primaryimage\"},\"datePublished\":\"2021-11-26T16:40:18+00:00\",\"dateModified\":\"2023-10-12T15:27:20+00:00\",\"description\":\"Cabines de douche au design simple et minimal avec une grande polyvalence d'utilisation. D\u00e9couvrez la collection Smart.\",\"breadcrumb\":{\"@id\":\"https:\/\/relaxsrl.com\/fr\/produits\/collections\/smart\/#breadcrumb\"},\"inLanguage\":\"fr-FR\",\"potentialAction\":[{\"@type\":\"ReadAction\",\"target\":[\"https:\/\/relaxsrl.com\/fr\/produits\/collections\/smart\/\"]}]},{\"@type\":\"BreadcrumbList\",\"@id\":\"https:\/\/relaxsrl.com\/fr\/produits\/collections\/smart\/#breadcrumb\",\"itemListElement\":[{\"@type\":\"ListItem\",\"position\":1,\"name\":\"Produits\",\"item\":\"https:\/\/relaxsrl.com\/fr\/produits\/\"},{\"@type\":\"ListItem\",\"position\":2,\"name\":\"Collections\",\"item\":\"https:\/\/relaxsrl.com\/fr\/produits\/collections-old-non-usare\/\"},{\"@type\":\"ListItem\",\"position\":3,\"name\":\"Smart\"}]}]}<\/script>\n<!-- \/ Yoast SEO Premium plugin. -->","yoast_head_json":{"title":"Smart - Relax srl","description":"Cabines de douche au design simple et minimal avec une grande polyvalence d'utilisation. D\u00e9couvrez la collection Smart.","robots":{"index":"index","follow":"follow","max-snippet":"max-snippet:-1","max-image-preview":"max-image-preview:large","max-video-preview":"max-video-preview:-1"},"canonical":"https:\/\/relaxsrl.com\/fr\/produits\/collections\/smart\/","og_locale":"fr_FR","og_type":"article","og_title":"Smart - Relax srl","og_description":"Cabines de douche au design simple et minimal avec une grande polyvalence d'utilisation. D\u00e9couvrez la collection Smart.","og_url":"https:\/\/relaxsrl.com\/fr\/produits\/collections\/smart\/","og_site_name":"Relax srl","article_modified_time":"2023-10-12T15:27:20+00:00","og_image":[{"width":800,"height":1110,"url":"https:\/\/relaxsrl.com\/website\/wp-content\/uploads\/2021\/09\/SMART_AA_2.jpg","type":"image\/jpeg"}],"twitter_card":"summary_large_image","twitter_misc":{"Dur\u00e9e de lecture estim\u00e9e":"1 minute"},"schema":{"@context":"https:\/\/schema.org","@graph":[{"@type":"WebSite","@id":"https:\/\/relaxsrl.com\/#website","url":"https:\/\/relaxsrl.com\/","name":"Relax srl","description":"","potentialAction":[{"@type":"SearchAction","target":{"@type":"EntryPoint","urlTemplate":"https:\/\/relaxsrl.com\/?s={search_term_string}"},"query-input":"required name=search_term_string"}],"inLanguage":"fr-FR"},{"@type":"ImageObject","inLanguage":"fr-FR","@id":"https:\/\/relaxsrl.com\/fr\/produits\/collections\/smart\/#primaryimage","url":"https:\/\/relaxsrl.com\/website\/wp-content\/uploads\/2021\/09\/SMART_AA_2.jpg","contentUrl":"https:\/\/relaxsrl.com\/website\/wp-content\/uploads\/2021\/09\/SMART_AA_2.jpg","width":800,"height":1110,"caption":"Box doccia per bagno contract con doppia porta scorrevole e profili brillantati. Collezione Smart"},{"@type":"WebPage","@id":"https:\/\/relaxsrl.com\/fr\/produits\/collections\/smart\/#webpage","url":"https:\/\/relaxsrl.com\/fr\/produits\/collections\/smart\/","name":"Smart - Relax srl","isPartOf":{"@id":"https:\/\/relaxsrl.com\/#website"},"primaryImageOfPage":{"@id":"https:\/\/relaxsrl.com\/fr\/produits\/collections\/smart\/#primaryimage"},"datePublished":"2021-11-26T16:40:18+00:00","dateModified":"2023-10-12T15:27:20+00:00","description":"Cabines de douche au design simple et minimal avec une grande polyvalence d'utilisation. D\u00e9couvrez la collection Smart.","breadcrumb":{"@id":"https:\/\/relaxsrl.com\/fr\/produits\/collections\/smart\/#breadcrumb"},"inLanguage":"fr-FR","potentialAction":[{"@type":"ReadAction","target":["https:\/\/relaxsrl.com\/fr\/produits\/collections\/smart\/"]}]},{"@type":"BreadcrumbList","@id":"https:\/\/relaxsrl.com\/fr\/produits\/collections\/smart\/#breadcrumb","itemListElement":[{"@type":"ListItem","position":1,"name":"Produits","item":"https:\/\/relaxsrl.com\/fr\/produits\/"},{"@type":"ListItem","position":2,"name":"Collections","item":"https:\/\/relaxsrl.com\/fr\/produits\/collections-old-non-usare\/"},{"@type":"ListItem","position":3,"name":"Smart"}]}]}},"_links":{"self":[{"href":"https:\/\/relaxsrl.com\/fr\/wp-json\/wp\/v2\/pages\/13054"}],"collection":[{"href":"https:\/\/relaxsrl.com\/fr\/wp-json\/wp\/v2\/pages"}],"about":[{"href":"https:\/\/relaxsrl.com\/fr\/wp-json\/wp\/v2\/types\/page"}],"author":[{"embeddable":true,"href":"https:\/\/relaxsrl.com\/fr\/wp-json\/wp\/v2\/users\/3"}],"replies":[{"embeddable":true,"href":"https:\/\/relaxsrl.com\/fr\/wp-json\/wp\/v2\/comments?post=13054"}],"version-history":[{"count":4,"href":"https:\/\/relaxsrl.com\/fr\/wp-json\/wp\/v2\/pages\/13054\/revisions"}],"predecessor-version":[{"id":15245,"href":"https:\/\/relaxsrl.com\/fr\/wp-json\/wp\/v2\/pages\/13054\/revisions\/15245"}],"up":[{"embeddable":true,"href":"https:\/\/relaxsrl.com\/fr\/wp-json\/wp\/v2\/pages\/32054"}],"wp:featuredmedia":[{"embeddable":true,"href":"https:\/\/relaxsrl.com\/fr\/wp-json\/wp\/v2\/media\/2154"}],"wp:attachment":[{"href":"https:\/\/relaxsrl.com\/fr\/wp-json\/wp\/v2\/media?parent=13054"}],"curies":[{"name":"wp","href":"https:\/\/api.w.org\/{rel}","templated":true}]}}