{"id":13058,"date":"2021-11-26T17:41:18","date_gmt":"2021-11-26T16:41:18","guid":{"rendered":"http:\/\/relaxsrl.com\/produits\/collections\/steam\/"},"modified":"2023-10-12T17:10:54","modified_gmt":"2023-10-12T15:10:54","slug":"steam","status":"publish","type":"page","link":"https:\/\/relaxsrl.com\/fr\/produits\/collections\/steam\/","title":{"rendered":"Steam"},"content":{"rendered":"<p>[vc_row full_width=\u00a0\u00bbstretch_row\u00a0\u00bb equal_height=\u00a0\u00bbyes\u00a0\u00bb el_class=\u00a0\u00bbrow-header-collezione-prodotti\u00a0\u00bb css=\u00a0\u00bb.vc_custom_1632994649392{background-image: url(http:\/\/relaxsrl.com\/wp-content\/uploads\/2021\/09\/collezione-steam.jpg?id=2742) !important;}\u00a0\u00bb][vc_column width=\u00a0\u00bb1\/2&Prime; el_class=\u00a0\u00bbcol-sx-header-collezione-prodotti\u00a0\u00bb][vc_column_text el_class=\u00a0\u00bbheader-collezione-prodotti-txt\u00a0\u00bb]<\/p>\n<h1>Steam, la cabine de douche pour le bain turc<\/h1>\n<p>Porte ou vitrage pour transformer la cabine de douche en un agr\u00e9able hammam, \u00e9quip\u00e9 de syst\u00e8me d\u2019\u00e9tanch\u00e9it\u00e9 \u00e0 la vapeur. Elle peut \u00eatre install\u00e9e directement dans la ma\u00e7onnerie ou elle peut se composer comme une cabine de douche traditionnelle. Le g\u00e9n\u00e9rateur de vapeur est aussi disponible.[\/vc_column_text][\/vc_column][vc_column width=\u00a0\u00bb1\/2&Prime; el_class=\u00a0\u00bbcol-dx-header-collezione-prodotti\u00a0\u00bb][vc_single_image image=\u00a0\u00bb2158&Prime; img_size=\u00a0\u00bbfull\u00a0\u00bb alignment=\u00a0\u00bbcenter\u00a0\u00bb el_class=\u00a0\u00bbrow-header-prodotto-img\u00a0\u00bb][\/vc_column][\/vc_row][vc_row el_class=\u00a0\u00bbrow-path\u00a0\u00bb][vc_column][vc_column_text][\/vc_column_text][\/vc_column][\/vc_row][vc_row][vc_column]<div class=\"woocommerce columns-4 \"><ul class=\"products columns-4\">\n<li class=\"product type-product post-13885 status-publish first instock product_cat-niche-battante product_cat-battente-de product_cat-box-doccia-en product_cat-box-doccia-de product_cat-cabine-de-douche product_cat-collections product_cat-collections-en product_cat-niche-hinged product_cat-nicchia-de product_cat-niche-fr product_cat-niche product_cat-collezioni-de product_cat-steam-ru product_cat-steam-fr product_cat-steam-en product_cat-steam-de product_cat-tipologia-prodotto-de product_cat-tipologia-prodotto-en product_cat-type-de-produit product_cat-1618 product_cat-1568 product_cat-1638 product_cat-1637 product_cat-1617 has-post-thumbnail shipping-taxable product-type-simple\">\n\t<div class=\"woocommerce-loop-product__short_description\" itemprop=\"description\"><a href=\"https:\/\/relaxsrl.com\/fr\/produit\/steam-pb\/\" class=\"woocommerce-LoopProduct-link woocommerce-loop-product__link\"><p>Cabine de douche en niche avec porte battante qui s&rsquo;ouvre vers le c\u00f4t\u00e9 fixe et syst\u00e8me d&rsquo;\u00e9tanch\u00e9it\u00e9 \u00e0 la vapeur.<\/p>\n<\/a><\/div><\/li>\n<li class=\"product type-product post-13881 status-publish instock product_cat-box-doccia-en product_cat-box-doccia-de product_cat-cabine-de-douche product_cat-collections-en product_cat-collections product_cat-collezioni-de product_cat-steam-en product_cat-steam-de product_cat-steam-ru product_cat-steam-fr product_cat-tipologia-prodotto-en product_cat-tipologia-prodotto-de product_cat-type-de-produit product_cat-1618 product_cat-1568 product_cat-1617 has-post-thumbnail shipping-taxable product-type-simple\">\n\t<div class=\"woocommerce-loop-product__short_description\" itemprop=\"description\"><a href=\"https:\/\/relaxsrl.com\/fr\/produit\/steam-v\/\" class=\"woocommerce-LoopProduct-link woocommerce-loop-product__link\"><p>Verre pour cabine de douche en niche avec syst\u00e8me d&rsquo;\u00e9tanch\u00e9it\u00e9 \u00e0 la vapeur.<\/p>\n<\/a><\/div><\/li>\n<li class=\"product type-product post-13882 status-publish instock product_cat-angolare-de product_cat-angolare-en product_cat-angulaire product_cat-angulaire-battante product_cat-battente-de-2 product_cat-box-doccia-en product_cat-box-doccia-de product_cat-cabina-doccia-per-2 product_cat-cabine-de-douche product_cat-guide-de-selection-cabine-de-douche-pour-2 product_cat-collections product_cat-collections-en product_cat-hinged product_cat-collezioni-de product_cat-selection-guide-shower-enclosure-for-2 product_cat-steam-fr product_cat-steam-de product_cat-steam-en product_cat-steam-ru product_cat-tipologia-prodotto-de product_cat-tipologia-prodotto-en product_cat-type-de-produit product_cat-1618 product_cat------x-2 product_cat-1568 product_cat-1627 product_cat-1617 product_cat-1626 has-post-thumbnail shipping-taxable product-type-simple\">\n\t<div class=\"woocommerce-loop-product__short_description\" itemprop=\"description\"><a href=\"https:\/\/relaxsrl.com\/fr\/produit\/steam-pb-steam-f\/\" class=\"woocommerce-LoopProduct-link woocommerce-loop-product__link\"><p>Cabine de douche d&rsquo;angle avec porte battante, deux c\u00f4t\u00e9s fixes et syst\u00e8me d&rsquo;\u00e9tanch\u00e9it\u00e9 \u00e0 la vapeur.<\/p>\n<\/a><\/div><\/li>\n<li class=\"product type-product post-13883 status-publish last instock product_cat-niche-battante product_cat-battente-de product_cat-box-doccia-de product_cat-box-doccia-en product_cat-cabine-de-douche product_cat-collections-en product_cat-collections product_cat-niche-hinged product_cat-nicchia-de product_cat-niche-fr product_cat-niche product_cat-collezioni-de product_cat-steam-fr product_cat-steam-en product_cat-steam-de product_cat-steam-ru product_cat-tipologia-prodotto-de product_cat-tipologia-prodotto-en product_cat-type-de-produit product_cat-1618 product_cat-1568 product_cat-1638 product_cat-1637 product_cat-1617 has-post-thumbnail shipping-taxable product-type-simple\">\n\t<div class=\"woocommerce-loop-product__short_description\" itemprop=\"description\"><a href=\"https:\/\/relaxsrl.com\/fr\/produit\/steam-pl\/\" class=\"woocommerce-LoopProduct-link woocommerce-loop-product__link\"><p>Cabine de douche en niche avec porte battante, c\u00f4t\u00e9 fixe et syst\u00e8me d&rsquo;\u00e9tanch\u00e9it\u00e9 \u00e0 la vapeur.<\/p>\n<\/a><\/div><\/li>\n<li class=\"product type-product post-13880 status-publish first instock product_cat-niche-battante product_cat-battente-de product_cat-box-doccia-de product_cat-box-doccia-en product_cat-cabine-de-douche product_cat-collections product_cat-collections-en product_cat-niche-hinged product_cat-nicchia-de product_cat-niche product_cat-niche-fr product_cat-collezioni-de product_cat-steam-fr product_cat-steam-en product_cat-steam-de product_cat-steam-ru product_cat-tipologia-prodotto-de product_cat-tipologia-prodotto-en product_cat-type-de-produit product_cat-1618 product_cat-1568 product_cat-1638 product_cat-1637 product_cat-1617 has-post-thumbnail shipping-taxable product-type-simple\">\n\t<div class=\"woocommerce-loop-product__short_description\" itemprop=\"description\"><a href=\"https:\/\/relaxsrl.com\/fr\/produit\/steam-b1\/\" class=\"woocommerce-LoopProduct-link woocommerce-loop-product__link\"><p>Cabine de douche en niche avec porte battante et syst\u00e8me d&rsquo;\u00e9tanch\u00e9it\u00e9 \u00e0 la vapeur.<\/p>\n<\/a><\/div><\/li>\n<li class=\"product type-product post-27400 status-publish instock product_cat-collections-en product_cat-collections product_cat-complementi-de product_cat-complements-fr product_cat-complements product_cat-collezioni-de product_cat-steam-ru product_cat-steam-de product_cat-steam-en product_cat-steam-fr product_cat-tipologia-prodotto-en product_cat-tipologia-prodotto-de product_cat-type-de-produit product_cat-1650 product_cat-1568 product_cat-1617 has-post-thumbnail shipping-taxable product-type-simple\">\n\t<div class=\"woocommerce-loop-product__short_description\" itemprop=\"description\"><a href=\"https:\/\/relaxsrl.com\/fr\/produit\/x-steam\/\" class=\"woocommerce-LoopProduct-link woocommerce-loop-product__link\"><p>G\u00e9n\u00e9rateur de vapeur pour bain turc.<\/p>\n<\/a><\/div><\/li>\n<li class=\"product type-product post-13878 status-publish instock product_cat-angolare-en product_cat-angolare-de product_cat-angulaire product_cat-angulaire-battante product_cat-battente-de-2 product_cat-box-doccia-en product_cat-box-doccia-de product_cat-cabine-de-douche product_cat-collections product_cat-collections-en product_cat-hinged product_cat-collezioni-de product_cat-steam-fr product_cat-steam-de product_cat-steam-en product_cat-steam-ru product_cat-tipologia-prodotto-en product_cat-tipologia-prodotto-de product_cat-type-de-produit product_cat-1618 product_cat-1568 product_cat-1627 product_cat-1617 product_cat-1626 has-post-thumbnail shipping-taxable product-type-simple\">\n\t<div class=\"woocommerce-loop-product__short_description\" itemprop=\"description\"><a href=\"https:\/\/relaxsrl.com\/fr\/produit\/steam-b1-steam-f\/\" class=\"woocommerce-LoopProduct-link woocommerce-loop-product__link\"><p>Cabine de douche avec porte battante, un c\u00f4t\u00e9 fixe et syst\u00e8me d&rsquo;\u00e9tanch\u00e9it\u00e9 \u00e0 la vapeur.<\/p>\n<\/a><\/div><\/li>\n<\/ul>\n<\/div>[\/vc_column][\/vc_row]<\/p>\n","protected":false},"excerpt":{"rendered":"<p>[vc_row full_width=\u00a0\u00bbstretch_row\u00a0\u00bb equal_height=\u00a0\u00bbyes\u00a0\u00bb el_class=\u00a0\u00bbrow-header-collezione-prodotti\u00a0\u00bb css=\u00a0\u00bb.vc_custom_1632994649392{background-image: url(http:\/\/relaxsrl.com\/wp-content\/uploads\/2021\/09\/collezione-steam.jpg?id=2742) !important;}\u00a0\u00bb][vc_column width=\u00a0\u00bb1\/2&Prime; el_class=\u00a0\u00bbcol-sx-header-collezione-prodotti\u00a0\u00bb][vc_column_text el_class=\u00a0\u00bbheader-collezione-prodotti-txt\u00a0\u00bb] Steam, la cabine de douche pour le bain turc Porte ou vitrage pour transformer la cabine de douche en un agr\u00e9able hammam, \u00e9quip\u00e9 de syst\u00e8me d\u2019\u00e9tanch\u00e9it\u00e9 \u00e0 la vapeur. Elle peut \u00eatre install\u00e9e directement dans la ma\u00e7onnerie ou elle peut se composer comme une cabine [&hellip;]<\/p>\n","protected":false},"author":3,"featured_media":10672,"parent":32054,"menu_order":0,"comment_status":"closed","ping_status":"closed","template":"","meta":[],"acf":[],"yoast_head":"<!-- This site is optimized with the Yoast SEO Premium plugin v18.4 (Yoast SEO v18.8) - https:\/\/yoast.com\/wordpress\/plugins\/seo\/ -->\n<title>Steam - Relax srl<\/title>\n<meta name=\"description\" content=\"Porte ou vitre pour obtenir des cabines de douche confortables avec bain turc, \u00e9quip\u00e9es d&#039;un syst\u00e8me pare-vapeur. Collection Steam.\" \/>\n<meta name=\"robots\" content=\"index, follow, max-snippet:-1, max-image-preview:large, max-video-preview:-1\" \/>\n<link rel=\"canonical\" href=\"https:\/\/relaxsrl.com\/fr\/produits\/collections\/steam\/\" \/>\n<meta property=\"og:locale\" content=\"fr_FR\" \/>\n<meta property=\"og:type\" content=\"article\" \/>\n<meta property=\"og:title\" content=\"Steam - Relax srl\" \/>\n<meta property=\"og:description\" content=\"Porte ou vitre pour obtenir des cabines de douche confortables avec bain turc, \u00e9quip\u00e9es d&#039;un syst\u00e8me pare-vapeur. Collection Steam.\" \/>\n<meta property=\"og:url\" content=\"https:\/\/relaxsrl.com\/fr\/produits\/collections\/steam\/\" \/>\n<meta property=\"og:site_name\" content=\"Relax srl\" \/>\n<meta property=\"article:modified_time\" content=\"2023-10-12T15:10:54+00:00\" \/>\n<meta property=\"og:image\" content=\"https:\/\/relaxsrl.com\/website\/wp-content\/uploads\/2021\/11\/STEAM_PB_F_ANGOLO.jpg\" \/>\n\t<meta property=\"og:image:width\" content=\"520\" \/>\n\t<meta property=\"og:image:height\" content=\"720\" \/>\n\t<meta property=\"og:image:type\" content=\"image\/jpeg\" \/>\n<meta name=\"twitter:card\" content=\"summary_large_image\" \/>\n<meta name=\"twitter:label1\" content=\"Dur\u00e9e de lecture estim\u00e9e\" \/>\n\t<meta name=\"twitter:data1\" content=\"1 minute\" \/>\n<script type=\"application\/ld+json\" class=\"yoast-schema-graph\">{\"@context\":\"https:\/\/schema.org\",\"@graph\":[{\"@type\":\"WebSite\",\"@id\":\"https:\/\/relaxsrl.com\/#website\",\"url\":\"https:\/\/relaxsrl.com\/\",\"name\":\"Relax srl\",\"description\":\"\",\"potentialAction\":[{\"@type\":\"SearchAction\",\"target\":{\"@type\":\"EntryPoint\",\"urlTemplate\":\"https:\/\/relaxsrl.com\/?s={search_term_string}\"},\"query-input\":\"required name=search_term_string\"}],\"inLanguage\":\"fr-FR\"},{\"@type\":\"ImageObject\",\"inLanguage\":\"fr-FR\",\"@id\":\"https:\/\/relaxsrl.com\/fr\/produits\/collections\/steam\/#primaryimage\",\"url\":\"https:\/\/relaxsrl.com\/website\/wp-content\/uploads\/2021\/11\/STEAM_PB_F_ANGOLO.jpg\",\"contentUrl\":\"https:\/\/relaxsrl.com\/website\/wp-content\/uploads\/2021\/11\/STEAM_PB_F_ANGOLO.jpg\",\"width\":520,\"height\":720,\"caption\":\"Box doccia per area benessere ad angolo con profili a tenuta stagna\"},{\"@type\":\"WebPage\",\"@id\":\"https:\/\/relaxsrl.com\/fr\/produits\/collections\/steam\/#webpage\",\"url\":\"https:\/\/relaxsrl.com\/fr\/produits\/collections\/steam\/\",\"name\":\"Steam - Relax srl\",\"isPartOf\":{\"@id\":\"https:\/\/relaxsrl.com\/#website\"},\"primaryImageOfPage\":{\"@id\":\"https:\/\/relaxsrl.com\/fr\/produits\/collections\/steam\/#primaryimage\"},\"datePublished\":\"2021-11-26T16:41:18+00:00\",\"dateModified\":\"2023-10-12T15:10:54+00:00\",\"description\":\"Porte ou vitre pour obtenir des cabines de douche confortables avec bain turc, \u00e9quip\u00e9es d'un syst\u00e8me pare-vapeur. Collection Steam.\",\"breadcrumb\":{\"@id\":\"https:\/\/relaxsrl.com\/fr\/produits\/collections\/steam\/#breadcrumb\"},\"inLanguage\":\"fr-FR\",\"potentialAction\":[{\"@type\":\"ReadAction\",\"target\":[\"https:\/\/relaxsrl.com\/fr\/produits\/collections\/steam\/\"]}]},{\"@type\":\"BreadcrumbList\",\"@id\":\"https:\/\/relaxsrl.com\/fr\/produits\/collections\/steam\/#breadcrumb\",\"itemListElement\":[{\"@type\":\"ListItem\",\"position\":1,\"name\":\"Produits\",\"item\":\"https:\/\/relaxsrl.com\/fr\/produits\/\"},{\"@type\":\"ListItem\",\"position\":2,\"name\":\"Collections\",\"item\":\"https:\/\/relaxsrl.com\/fr\/produits\/collections-old-non-usare\/\"},{\"@type\":\"ListItem\",\"position\":3,\"name\":\"Steam\"}]}]}<\/script>\n<!-- \/ Yoast SEO Premium plugin. -->","yoast_head_json":{"title":"Steam - Relax srl","description":"Porte ou vitre pour obtenir des cabines de douche confortables avec bain turc, \u00e9quip\u00e9es d'un syst\u00e8me pare-vapeur. Collection Steam.","robots":{"index":"index","follow":"follow","max-snippet":"max-snippet:-1","max-image-preview":"max-image-preview:large","max-video-preview":"max-video-preview:-1"},"canonical":"https:\/\/relaxsrl.com\/fr\/produits\/collections\/steam\/","og_locale":"fr_FR","og_type":"article","og_title":"Steam - Relax srl","og_description":"Porte ou vitre pour obtenir des cabines de douche confortables avec bain turc, \u00e9quip\u00e9es d'un syst\u00e8me pare-vapeur. Collection Steam.","og_url":"https:\/\/relaxsrl.com\/fr\/produits\/collections\/steam\/","og_site_name":"Relax srl","article_modified_time":"2023-10-12T15:10:54+00:00","og_image":[{"width":520,"height":720,"url":"https:\/\/relaxsrl.com\/website\/wp-content\/uploads\/2021\/11\/STEAM_PB_F_ANGOLO.jpg","type":"image\/jpeg"}],"twitter_card":"summary_large_image","twitter_misc":{"Dur\u00e9e de lecture estim\u00e9e":"1 minute"},"schema":{"@context":"https:\/\/schema.org","@graph":[{"@type":"WebSite","@id":"https:\/\/relaxsrl.com\/#website","url":"https:\/\/relaxsrl.com\/","name":"Relax srl","description":"","potentialAction":[{"@type":"SearchAction","target":{"@type":"EntryPoint","urlTemplate":"https:\/\/relaxsrl.com\/?s={search_term_string}"},"query-input":"required name=search_term_string"}],"inLanguage":"fr-FR"},{"@type":"ImageObject","inLanguage":"fr-FR","@id":"https:\/\/relaxsrl.com\/fr\/produits\/collections\/steam\/#primaryimage","url":"https:\/\/relaxsrl.com\/website\/wp-content\/uploads\/2021\/11\/STEAM_PB_F_ANGOLO.jpg","contentUrl":"https:\/\/relaxsrl.com\/website\/wp-content\/uploads\/2021\/11\/STEAM_PB_F_ANGOLO.jpg","width":520,"height":720,"caption":"Box doccia per area benessere ad angolo con profili a tenuta stagna"},{"@type":"WebPage","@id":"https:\/\/relaxsrl.com\/fr\/produits\/collections\/steam\/#webpage","url":"https:\/\/relaxsrl.com\/fr\/produits\/collections\/steam\/","name":"Steam - Relax srl","isPartOf":{"@id":"https:\/\/relaxsrl.com\/#website"},"primaryImageOfPage":{"@id":"https:\/\/relaxsrl.com\/fr\/produits\/collections\/steam\/#primaryimage"},"datePublished":"2021-11-26T16:41:18+00:00","dateModified":"2023-10-12T15:10:54+00:00","description":"Porte ou vitre pour obtenir des cabines de douche confortables avec bain turc, \u00e9quip\u00e9es d'un syst\u00e8me pare-vapeur. Collection Steam.","breadcrumb":{"@id":"https:\/\/relaxsrl.com\/fr\/produits\/collections\/steam\/#breadcrumb"},"inLanguage":"fr-FR","potentialAction":[{"@type":"ReadAction","target":["https:\/\/relaxsrl.com\/fr\/produits\/collections\/steam\/"]}]},{"@type":"BreadcrumbList","@id":"https:\/\/relaxsrl.com\/fr\/produits\/collections\/steam\/#breadcrumb","itemListElement":[{"@type":"ListItem","position":1,"name":"Produits","item":"https:\/\/relaxsrl.com\/fr\/produits\/"},{"@type":"ListItem","position":2,"name":"Collections","item":"https:\/\/relaxsrl.com\/fr\/produits\/collections-old-non-usare\/"},{"@type":"ListItem","position":3,"name":"Steam"}]}]}},"_links":{"self":[{"href":"https:\/\/relaxsrl.com\/fr\/wp-json\/wp\/v2\/pages\/13058"}],"collection":[{"href":"https:\/\/relaxsrl.com\/fr\/wp-json\/wp\/v2\/pages"}],"about":[{"href":"https:\/\/relaxsrl.com\/fr\/wp-json\/wp\/v2\/types\/page"}],"author":[{"embeddable":true,"href":"https:\/\/relaxsrl.com\/fr\/wp-json\/wp\/v2\/users\/3"}],"replies":[{"embeddable":true,"href":"https:\/\/relaxsrl.com\/fr\/wp-json\/wp\/v2\/comments?post=13058"}],"version-history":[{"count":4,"href":"https:\/\/relaxsrl.com\/fr\/wp-json\/wp\/v2\/pages\/13058\/revisions"}],"predecessor-version":[{"id":15247,"href":"https:\/\/relaxsrl.com\/fr\/wp-json\/wp\/v2\/pages\/13058\/revisions\/15247"}],"up":[{"embeddable":true,"href":"https:\/\/relaxsrl.com\/fr\/wp-json\/wp\/v2\/pages\/32054"}],"wp:featuredmedia":[{"embeddable":true,"href":"https:\/\/relaxsrl.com\/fr\/wp-json\/wp\/v2\/media\/10672"}],"wp:attachment":[{"href":"https:\/\/relaxsrl.com\/fr\/wp-json\/wp\/v2\/media?parent=13058"}],"curies":[{"name":"wp","href":"https:\/\/api.w.org\/{rel}","templated":true}]}}