{"id":13067,"date":"2021-11-26T17:58:11","date_gmt":"2021-11-26T16:58:11","guid":{"rendered":"http:\/\/relaxsrl.com\/produits\/configurateur\/"},"modified":"2023-10-05T17:30:25","modified_gmt":"2023-10-05T15:30:25","slug":"configurateur","status":"publish","type":"page","link":"https:\/\/relaxsrl.com\/fr\/produits\/configurateur\/","title":{"rendered":"Configurateur"},"content":{"rendered":"<p>[vc_row full_width=\u00a0\u00bbstretch_row\u00a0\u00bb content_placement=\u00a0\u00bbmiddle\u00a0\u00bb el_class=\u00a0\u00bbintro-row intro-row-grey\u00a0\u00bb][vc_column width=\u00a0\u00bb5\/12&Prime;][vc_column_text]<\/p>\n<h1>Configurateur<br \/>\nCabine de douche<\/h1>\n<p>[\/vc_column_text][\/vc_column][vc_column width=\u00a0\u00bb7\/12&Prime;][vc_column_text el_class=\u00a0\u00bbabstract\u00a0\u00bb]<span style=\"font-weight: 400;\">Suivez les instructions qui vous sont donn\u00e9es pour trouver les parois de douche Relax adapt\u00e9es \u00e0 vos besoins. En quelques \u00e9tapes simples, vous trouverez la solution parfaite pour vous.<\/span>[\/vc_column_text][\/vc_column][\/vc_row][vc_row el_class=\u00a0\u00bbrow-path\u00a0\u00bb][vc_column][vc_column_text][\/vc_column_text][\/vc_column][\/vc_row][vc_row][vc_column][vc_column_text]<\/p>\n<h3 style=\"text-align: center;\">1. S\u00e9lectionnez le type de cabine de douche<\/h3>\n<p>[\/vc_column_text][vc_empty_space height=\u00a0\u00bb50px\u00a0\u00bb][\/vc_column][\/vc_row][vc_row][vc_column width=\u00a0\u00bb1\/3&Prime; el_class=\u00a0\u00bbselezionatore-col selezionatore-item\u00a0\u00bb][vc_single_image image=\u00a0\u00bb10264&Prime; img_size=\u00a0\u00bbfull\u00a0\u00bb onclick=\u00a0\u00bbcustom_link\u00a0\u00bb link=\u00a0\u00bbhttp:\/\/relaxsrl.com\/fr\/produits\/configurateur\/angulaire\/\u00a0\u00bb][vc_row_inner equal_height=\u00a0\u00bbyes\u00a0\u00bb content_placement=\u00a0\u00bbmiddle\u00a0\u00bb][vc_column_inner width=\u00a0\u00bb3\/4&Prime;][vc_column_text]<\/p>\n<h3><a href=\"http:\/\/relaxsrl.com\/fr\/produits\/configurateur\/angulaire\/\">Angulaire<\/a><\/h3>\n<p>[\/vc_column_text][\/vc_column_inner][vc_column_inner width=\u00a0\u00bb1\/4&Prime;][vc_single_image image=\u00a0\u00bb798&Prime; img_size=\u00a0\u00bbfull\u00a0\u00bb alignment=\u00a0\u00bbright\u00a0\u00bb el_class=\u00a0\u00bbselezionatore-information-icon\u00a0\u00bb][vc_single_image image=\u00a0\u00bb820&Prime; img_size=\u00a0\u00bbfull\u00a0\u00bb el_class=\u00a0\u00bbinformation-arrow\u00a0\u00bb][vc_column_text el_class=\u00a0\u00bbinformation\u00a0\u00bb]Les cabines de douche d&rsquo;angle sont le type le plus courant avec deux c\u00f4t\u00e9s de la cabine de douche plac\u00e9s dans un coin de la salle de bain. Toutes les collections Relax ont d\u00e9velopp\u00e9 cette possibilit\u00e9.[\/vc_column_text][\/vc_column_inner][\/vc_row_inner][\/vc_column][vc_column width=\u00a0\u00bb1\/3&Prime; el_class=\u00a0\u00bbselezionatore-col selezionatore-item\u00a0\u00bb][vc_single_image image=\u00a0\u00bb10269&Prime; img_size=\u00a0\u00bbfull\u00a0\u00bb onclick=\u00a0\u00bbcustom_link\u00a0\u00bb link=\u00a0\u00bbhttp:\/\/relaxsrl.com\/fr\/produits\/configurateur\/niche\/\u00a0\u00bb][vc_row_inner equal_height=\u00a0\u00bbyes\u00a0\u00bb content_placement=\u00a0\u00bbmiddle\u00a0\u00bb][vc_column_inner width=\u00a0\u00bb3\/4&Prime;][vc_column_text]<\/p>\n<h3><a href=\"http:\/\/relaxsrl.com\/fr\/produits\/configurateur\/niche\/\">Niche<\/a><\/h3>\n<p>[\/vc_column_text][\/vc_column_inner][vc_column_inner width=\u00a0\u00bb1\/4&Prime;][vc_single_image image=\u00a0\u00bb798&Prime; img_size=\u00a0\u00bbfull\u00a0\u00bb alignment=\u00a0\u00bbright\u00a0\u00bb el_class=\u00a0\u00bbselezionatore-information-icon\u00a0\u00bb][vc_single_image image=\u00a0\u00bb820&Prime; img_size=\u00a0\u00bbfull\u00a0\u00bb el_class=\u00a0\u00bbinformation-arrow\u00a0\u00bb][vc_column_text el_class=\u00a0\u00bbinformation\u00a0\u00bb]Les cabines de douche en niche (ou cabines de douche d&rsquo;un c\u00f4t\u00e9), encastr\u00e9es entre trois parois dispos\u00e9es en C, n&rsquo;ont qu&rsquo;un seul c\u00f4t\u00e9 ouvert ; elles sont id\u00e9ales s&rsquo;il existe une niche naturelle et peuvent \u00eatre r\u00e9alis\u00e9es sur mesure.[\/vc_column_text][\/vc_column_inner][\/vc_row_inner][\/vc_column][vc_column width=\u00a0\u00bb1\/3&Prime; el_class=\u00a0\u00bbselezionatore-col selezionatore-item\u00a0\u00bb][vc_single_image image=\u00a0\u00bb10273&Prime; img_size=\u00a0\u00bbfull\u00a0\u00bb onclick=\u00a0\u00bbcustom_link\u00a0\u00bb link=\u00a0\u00bbhttp:\/\/relaxsrl.com\/fr\/produits\/configurateur\/paroi-fixe\/\u00a0\u00bb][vc_row_inner equal_height=\u00a0\u00bbyes\u00a0\u00bb content_placement=\u00a0\u00bbmiddle\u00a0\u00bb][vc_column_inner width=\u00a0\u00bb3\/4&Prime;][vc_column_text]<\/p>\n<h3><a href=\"http:\/\/relaxsrl.com\/fr\/produits\/configurateur\/paroi-fixe\/\">Paroi fixe<\/a><\/h3>\n<p>[\/vc_column_text][\/vc_column_inner][vc_column_inner width=\u00a0\u00bb1\/4&Prime;][vc_single_image image=\u00a0\u00bb798&Prime; img_size=\u00a0\u00bbfull\u00a0\u00bb alignment=\u00a0\u00bbright\u00a0\u00bb el_class=\u00a0\u00bbselezionatore-information-icon\u00a0\u00bb][vc_single_image image=\u00a0\u00bb820&Prime; img_size=\u00a0\u00bbfull\u00a0\u00bb el_class=\u00a0\u00bbinformation-arrow\u00a0\u00bb][vc_column_text el_class=\u00a0\u00bbinformation\u00a0\u00bb]Les parois de douche \u00e0 l&rsquo;italienne (\u00e9galement appel\u00e9es parois fixes en verre ou parois de douche ouvertes) sont minimales et essentielles, avec un acc\u00e8s imm\u00e9diat car elles n&rsquo;ont pas de porte. Ceux de Relax sont \u00e9galement modulables.[\/vc_column_text][\/vc_column_inner][\/vc_row_inner][\/vc_column][\/vc_row][vc_row][vc_column width=\u00a0\u00bb1\/3&Prime; el_class=\u00a0\u00bbselezionatore-col selezionatore-item\u00a0\u00bb][vc_single_image image=\u00a0\u00bb10277&Prime; img_size=\u00a0\u00bbfull\u00a0\u00bb onclick=\u00a0\u00bbcustom_link\u00a0\u00bb link=\u00a0\u00bbhttp:\/\/relaxsrl.com\/fr\/produits\/configurateur\/au-dessus-de-la-baignoire\/\u00a0\u00bb][vc_row_inner equal_height=\u00a0\u00bbyes\u00a0\u00bb content_placement=\u00a0\u00bbmiddle\u00a0\u00bb][vc_column_inner width=\u00a0\u00bb3\/4&Prime;][vc_column_text]<\/p>\n<h3><a href=\"http:\/\/relaxsrl.com\/fr\/produits\/configurateur\/au-dessus-de-la-baignoire\/\">Au-dessus de la baignoire<\/a><\/h3>\n<p>[\/vc_column_text][\/vc_column_inner][vc_column_inner width=\u00a0\u00bb1\/4&Prime;][vc_single_image image=\u00a0\u00bb798&Prime; img_size=\u00a0\u00bbfull\u00a0\u00bb alignment=\u00a0\u00bbright\u00a0\u00bb el_class=\u00a0\u00bbselezionatore-information-icon\u00a0\u00bb][vc_single_image image=\u00a0\u00bb820&Prime; img_size=\u00a0\u00bbfull\u00a0\u00bb el_class=\u00a0\u00bbinformation-arrow\u00a0\u00bb][vc_column_text el_class=\u00a0\u00bbinformation\u00a0\u00bb]D\u00e9clin\u00e9s en plusieurs mod\u00e8les, ils transforment la baignoire en une parfaite cabine de douche, une solution particuli\u00e8rement appr\u00e9ci\u00e9e des familles avec enfants et des structures d&rsquo;h\u00e9bergement.[\/vc_column_text][\/vc_column_inner][\/vc_row_inner][\/vc_column][vc_column width=\u00a0\u00bb1\/3&Prime; el_class=\u00a0\u00bbselezionatore-col selezionatore-item\u00a0\u00bb][vc_single_image image=\u00a0\u00bb10281&Prime; img_size=\u00a0\u00bbfull\u00a0\u00bb onclick=\u00a0\u00bbcustom_link\u00a0\u00bb link=\u00a0\u00bbhttp:\/\/relaxsrl.com\/fr\/produits\/configurateur\/semi-circulaire\/\u00a0\u00bb][vc_row_inner equal_height=\u00a0\u00bbyes\u00a0\u00bb content_placement=\u00a0\u00bbmiddle\u00a0\u00bb][vc_column_inner width=\u00a0\u00bb3\/4&Prime;][vc_column_text]<\/p>\n<h3><a href=\"http:\/\/relaxsrl.com\/fr\/produits\/configurateur\/semi-circulaire\/\">Semi-circulaire<\/a><\/h3>\n<p>[\/vc_column_text][\/vc_column_inner][vc_column_inner width=\u00a0\u00bb1\/4&Prime;][vc_single_image image=\u00a0\u00bb798&Prime; img_size=\u00a0\u00bbfull\u00a0\u00bb alignment=\u00a0\u00bbright\u00a0\u00bb el_class=\u00a0\u00bbselezionatore-information-icon\u00a0\u00bb][vc_single_image image=\u00a0\u00bb820&Prime; img_size=\u00a0\u00bbfull\u00a0\u00bb el_class=\u00a0\u00bbinformation-arrow\u00a0\u00bb][vc_column_text el_class=\u00a0\u00bbinformation\u00a0\u00bb]Les cabines de douche semi-circulaires, rondes ou asym\u00e9triques sont id\u00e9ales pour les petites salles de bains. Ils sont disponibles dans diff\u00e9rentes collections Relax, \u00e0 ouverture battante ou \u00e0 portes coulissantes.[\/vc_column_text][\/vc_column_inner][\/vc_row_inner][\/vc_column][vc_column width=\u00a0\u00bb1\/3&Prime; css=\u00a0\u00bb.vc_custom_1635233363645{border-radius: 1px !important;}\u00a0\u00bb el_class=\u00a0\u00bbselezionatore-col selezionatore-item\u00a0\u00bb][vc_single_image image=\u00a0\u00bb10285&Prime; img_size=\u00a0\u00bbfull\u00a0\u00bb onclick=\u00a0\u00bbcustom_link\u00a0\u00bb link=\u00a0\u00bbhttp:\/\/relaxsrl.com\/fr\/produits\/configurateur\/3-cotes\/\u00a0\u00bb][vc_row_inner equal_height=\u00a0\u00bbyes\u00a0\u00bb content_placement=\u00a0\u00bbmiddle\u00a0\u00bb][vc_column_inner width=\u00a0\u00bb3\/4&Prime;][vc_column_text]<\/p>\n<h3><a href=\"http:\/\/relaxsrl.com\/fr\/produits\/configurateur\/3-cotes\/\">Disponible sur 3 c\u00f4t\u00e9s<\/a><\/h3>\n<p>[\/vc_column_text][\/vc_column_inner][vc_column_inner width=\u00a0\u00bb1\/4&Prime;][vc_single_image image=\u00a0\u00bb798&Prime; img_size=\u00a0\u00bbfull\u00a0\u00bb alignment=\u00a0\u00bbright\u00a0\u00bb el_class=\u00a0\u00bbselezionatore-information-icon\u00a0\u00bb][vc_single_image image=\u00a0\u00bb820&Prime; img_size=\u00a0\u00bbfull\u00a0\u00bb el_class=\u00a0\u00bbinformation-arrow\u00a0\u00bb][vc_column_text el_class=\u00a0\u00bbinformation\u00a0\u00bb]Les cabines de douche \u00e0 trois c\u00f4t\u00e9s (\u00e9galement appel\u00e9es \u00e0 paroi centrale) sont tr\u00e8s polyvalentes en termes de mod\u00e8les, de types d&rsquo;ouvertures et de styles et sont en fait une option disponible[\/vc_column_text][\/vc_column_inner][\/vc_row_inner][\/vc_column][\/vc_row][vc_row][vc_column][vc_empty_space height=\u00a0\u00bb100px\u00a0\u00bb][\/vc_column][\/vc_row]<\/p>\n","protected":false},"excerpt":{"rendered":"<p>[vc_row full_width=\u00a0\u00bbstretch_row\u00a0\u00bb content_placement=\u00a0\u00bbmiddle\u00a0\u00bb el_class=\u00a0\u00bbintro-row intro-row-grey\u00a0\u00bb][vc_column width=\u00a0\u00bb5\/12&Prime;][vc_column_text] Configurateur Cabine de douche [\/vc_column_text][\/vc_column][vc_column width=\u00a0\u00bb7\/12&Prime;][vc_column_text el_class=\u00a0\u00bbabstract\u00a0\u00bb]Suivez les instructions qui vous sont donn\u00e9es pour trouver les parois de douche Relax adapt\u00e9es \u00e0 vos besoins. En quelques \u00e9tapes simples, vous trouverez la solution parfaite pour vous.[\/vc_column_text][\/vc_column][\/vc_row][vc_row el_class=\u00a0\u00bbrow-path\u00a0\u00bb][vc_column][vc_column_text][\/vc_column_text][\/vc_column][\/vc_row][vc_row][vc_column][vc_column_text] 1. S\u00e9lectionnez le type de cabine de douche [\/vc_column_text][vc_empty_space height=\u00a0\u00bb50px\u00a0\u00bb][\/vc_column][\/vc_row][vc_row][vc_column width=\u00a0\u00bb1\/3&Prime; el_class=\u00a0\u00bbselezionatore-col selezionatore-item\u00a0\u00bb][vc_single_image [&hellip;]<\/p>\n","protected":false},"author":3,"featured_media":25037,"parent":12873,"menu_order":0,"comment_status":"closed","ping_status":"closed","template":"","meta":[],"acf":[],"yoast_head":"<!-- This site is optimized with the Yoast SEO Premium plugin v18.4 (Yoast SEO v18.8) - https:\/\/yoast.com\/wordpress\/plugins\/seo\/ -->\n<title>Configurateur - Relax srl<\/title>\n<meta name=\"description\" content=\"Avec le configurateur de cabine de douche vous pourrez identifier les produits Relax design et de qualit\u00e9 adapt\u00e9s \u00e0 vos besoins.\" \/>\n<meta name=\"robots\" content=\"index, follow, max-snippet:-1, max-image-preview:large, max-video-preview:-1\" \/>\n<link rel=\"canonical\" href=\"https:\/\/relaxsrl.com\/fr\/produits\/configurateur\/\" \/>\n<meta property=\"og:locale\" content=\"fr_FR\" \/>\n<meta property=\"og:type\" content=\"article\" \/>\n<meta property=\"og:title\" content=\"Configurateur - Relax srl\" \/>\n<meta property=\"og:description\" content=\"Avec le configurateur de cabine de douche vous pourrez identifier les produits Relax design et de qualit\u00e9 adapt\u00e9s \u00e0 vos besoins.\" \/>\n<meta property=\"og:url\" content=\"https:\/\/relaxsrl.com\/fr\/produits\/configurateur\/\" \/>\n<meta property=\"og:site_name\" content=\"Relax srl\" \/>\n<meta property=\"article:modified_time\" content=\"2023-10-05T15:30:25+00:00\" \/>\n<meta property=\"og:image\" content=\"https:\/\/relaxsrl.com\/website\/wp-content\/uploads\/2021\/11\/TIPOLOGIA_BOX_ANGOLARE.jpg\" \/>\n\t<meta property=\"og:image:width\" content=\"800\" \/>\n\t<meta property=\"og:image:height\" content=\"600\" \/>\n\t<meta property=\"og:image:type\" content=\"image\/jpeg\" \/>\n<meta name=\"twitter:card\" content=\"summary_large_image\" \/>\n<meta name=\"twitter:label1\" content=\"Dur\u00e9e de lecture estim\u00e9e\" \/>\n\t<meta name=\"twitter:data1\" content=\"2 minutes\" \/>\n<script type=\"application\/ld+json\" class=\"yoast-schema-graph\">{\"@context\":\"https:\/\/schema.org\",\"@graph\":[{\"@type\":\"WebSite\",\"@id\":\"https:\/\/relaxsrl.com\/#website\",\"url\":\"https:\/\/relaxsrl.com\/\",\"name\":\"Relax srl\",\"description\":\"\",\"potentialAction\":[{\"@type\":\"SearchAction\",\"target\":{\"@type\":\"EntryPoint\",\"urlTemplate\":\"https:\/\/relaxsrl.com\/?s={search_term_string}\"},\"query-input\":\"required name=search_term_string\"}],\"inLanguage\":\"fr-FR\"},{\"@type\":\"ImageObject\",\"inLanguage\":\"fr-FR\",\"@id\":\"https:\/\/relaxsrl.com\/fr\/produits\/configurateur\/#primaryimage\",\"url\":\"https:\/\/relaxsrl.com\/website\/wp-content\/uploads\/2021\/11\/TIPOLOGIA_BOX_ANGOLARE.jpg\",\"contentUrl\":\"https:\/\/relaxsrl.com\/website\/wp-content\/uploads\/2021\/11\/TIPOLOGIA_BOX_ANGOLARE.jpg\",\"width\":800,\"height\":600},{\"@type\":\"WebPage\",\"@id\":\"https:\/\/relaxsrl.com\/fr\/produits\/configurateur\/#webpage\",\"url\":\"https:\/\/relaxsrl.com\/fr\/produits\/configurateur\/\",\"name\":\"Configurateur - Relax srl\",\"isPartOf\":{\"@id\":\"https:\/\/relaxsrl.com\/#website\"},\"primaryImageOfPage\":{\"@id\":\"https:\/\/relaxsrl.com\/fr\/produits\/configurateur\/#primaryimage\"},\"datePublished\":\"2021-11-26T16:58:11+00:00\",\"dateModified\":\"2023-10-05T15:30:25+00:00\",\"description\":\"Avec le configurateur de cabine de douche vous pourrez identifier les produits Relax design et de qualit\u00e9 adapt\u00e9s \u00e0 vos besoins.\",\"breadcrumb\":{\"@id\":\"https:\/\/relaxsrl.com\/fr\/produits\/configurateur\/#breadcrumb\"},\"inLanguage\":\"fr-FR\",\"potentialAction\":[{\"@type\":\"ReadAction\",\"target\":[\"https:\/\/relaxsrl.com\/fr\/produits\/configurateur\/\"]}]},{\"@type\":\"BreadcrumbList\",\"@id\":\"https:\/\/relaxsrl.com\/fr\/produits\/configurateur\/#breadcrumb\",\"itemListElement\":[{\"@type\":\"ListItem\",\"position\":1,\"name\":\"Produits\",\"item\":\"https:\/\/relaxsrl.com\/fr\/produits\/\"},{\"@type\":\"ListItem\",\"position\":2,\"name\":\"Configurateur\"}]}]}<\/script>\n<!-- \/ Yoast SEO Premium plugin. -->","yoast_head_json":{"title":"Configurateur - Relax srl","description":"Avec le configurateur de cabine de douche vous pourrez identifier les produits Relax design et de qualit\u00e9 adapt\u00e9s \u00e0 vos besoins.","robots":{"index":"index","follow":"follow","max-snippet":"max-snippet:-1","max-image-preview":"max-image-preview:large","max-video-preview":"max-video-preview:-1"},"canonical":"https:\/\/relaxsrl.com\/fr\/produits\/configurateur\/","og_locale":"fr_FR","og_type":"article","og_title":"Configurateur - Relax srl","og_description":"Avec le configurateur de cabine de douche vous pourrez identifier les produits Relax design et de qualit\u00e9 adapt\u00e9s \u00e0 vos besoins.","og_url":"https:\/\/relaxsrl.com\/fr\/produits\/configurateur\/","og_site_name":"Relax srl","article_modified_time":"2023-10-05T15:30:25+00:00","og_image":[{"width":800,"height":600,"url":"https:\/\/relaxsrl.com\/website\/wp-content\/uploads\/2021\/11\/TIPOLOGIA_BOX_ANGOLARE.jpg","type":"image\/jpeg"}],"twitter_card":"summary_large_image","twitter_misc":{"Dur\u00e9e de lecture estim\u00e9e":"2 minutes"},"schema":{"@context":"https:\/\/schema.org","@graph":[{"@type":"WebSite","@id":"https:\/\/relaxsrl.com\/#website","url":"https:\/\/relaxsrl.com\/","name":"Relax srl","description":"","potentialAction":[{"@type":"SearchAction","target":{"@type":"EntryPoint","urlTemplate":"https:\/\/relaxsrl.com\/?s={search_term_string}"},"query-input":"required name=search_term_string"}],"inLanguage":"fr-FR"},{"@type":"ImageObject","inLanguage":"fr-FR","@id":"https:\/\/relaxsrl.com\/fr\/produits\/configurateur\/#primaryimage","url":"https:\/\/relaxsrl.com\/website\/wp-content\/uploads\/2021\/11\/TIPOLOGIA_BOX_ANGOLARE.jpg","contentUrl":"https:\/\/relaxsrl.com\/website\/wp-content\/uploads\/2021\/11\/TIPOLOGIA_BOX_ANGOLARE.jpg","width":800,"height":600},{"@type":"WebPage","@id":"https:\/\/relaxsrl.com\/fr\/produits\/configurateur\/#webpage","url":"https:\/\/relaxsrl.com\/fr\/produits\/configurateur\/","name":"Configurateur - Relax srl","isPartOf":{"@id":"https:\/\/relaxsrl.com\/#website"},"primaryImageOfPage":{"@id":"https:\/\/relaxsrl.com\/fr\/produits\/configurateur\/#primaryimage"},"datePublished":"2021-11-26T16:58:11+00:00","dateModified":"2023-10-05T15:30:25+00:00","description":"Avec le configurateur de cabine de douche vous pourrez identifier les produits Relax design et de qualit\u00e9 adapt\u00e9s \u00e0 vos besoins.","breadcrumb":{"@id":"https:\/\/relaxsrl.com\/fr\/produits\/configurateur\/#breadcrumb"},"inLanguage":"fr-FR","potentialAction":[{"@type":"ReadAction","target":["https:\/\/relaxsrl.com\/fr\/produits\/configurateur\/"]}]},{"@type":"BreadcrumbList","@id":"https:\/\/relaxsrl.com\/fr\/produits\/configurateur\/#breadcrumb","itemListElement":[{"@type":"ListItem","position":1,"name":"Produits","item":"https:\/\/relaxsrl.com\/fr\/produits\/"},{"@type":"ListItem","position":2,"name":"Configurateur"}]}]}},"_links":{"self":[{"href":"https:\/\/relaxsrl.com\/fr\/wp-json\/wp\/v2\/pages\/13067"}],"collection":[{"href":"https:\/\/relaxsrl.com\/fr\/wp-json\/wp\/v2\/pages"}],"about":[{"href":"https:\/\/relaxsrl.com\/fr\/wp-json\/wp\/v2\/types\/page"}],"author":[{"embeddable":true,"href":"https:\/\/relaxsrl.com\/fr\/wp-json\/wp\/v2\/users\/3"}],"replies":[{"embeddable":true,"href":"https:\/\/relaxsrl.com\/fr\/wp-json\/wp\/v2\/comments?post=13067"}],"version-history":[{"count":4,"href":"https:\/\/relaxsrl.com\/fr\/wp-json\/wp\/v2\/pages\/13067\/revisions"}],"predecessor-version":[{"id":15262,"href":"https:\/\/relaxsrl.com\/fr\/wp-json\/wp\/v2\/pages\/13067\/revisions\/15262"}],"up":[{"embeddable":true,"href":"https:\/\/relaxsrl.com\/fr\/wp-json\/wp\/v2\/pages\/12873"}],"wp:featuredmedia":[{"embeddable":true,"href":"https:\/\/relaxsrl.com\/fr\/wp-json\/wp\/v2\/media\/25037"}],"wp:attachment":[{"href":"https:\/\/relaxsrl.com\/fr\/wp-json\/wp\/v2\/media?parent=13067"}],"curies":[{"name":"wp","href":"https:\/\/api.w.org\/{rel}","templated":true}]}}