{"id":13144,"date":"2021-11-29T14:31:09","date_gmt":"2021-11-29T13:31:09","guid":{"rendered":"http:\/\/relaxsrl.com\/produits\/configurateur\/angulaire\/"},"modified":"2023-10-20T11:34:06","modified_gmt":"2023-10-20T09:34:06","slug":"angulaire","status":"publish","type":"page","link":"https:\/\/relaxsrl.com\/fr\/produits\/configurateur\/angulaire\/","title":{"rendered":"Angulaire"},"content":{"rendered":"<p>[vc_row full_width=\u00a0\u00bbstretch_row\u00a0\u00bb content_placement=\u00a0\u00bbmiddle\u00a0\u00bb el_class=\u00a0\u00bbintro-row intro-row-grey\u00a0\u00bb][vc_column width=\u00a0\u00bb5\/12&Prime;][vc_column_text]<\/p>\n<h1>Configurateur<br \/>\nCabine de douche<\/h1>\n<p>[\/vc_column_text][\/vc_column][vc_column width=\u00a0\u00bb7\/12&Prime;][vc_column_text el_class=\u00a0\u00bbabstract\u00a0\u00bb]Suivez les instructions qui vous sont donn\u00e9es pour trouver les parois de douche Relax adapt\u00e9es \u00e0 vos besoins. En quelques \u00e9tapes simples, vous trouverez la solution parfaite pour vous.[\/vc_column_text][\/vc_column][\/vc_row][vc_row el_class=\u00a0\u00bbrow-path\u00a0\u00bb][vc_column][vc_column_text][\/vc_column_text][\/vc_column][\/vc_row][vc_row][vc_column][vc_column_text]<\/p>\n<h3 style=\"text-align: center;\">2. S\u00e9lectionnez le type d&rsquo;ouverture de votre cabine de douche<\/h3>\n<p>[\/vc_column_text][vc_empty_space height=\u00a0\u00bb50px\u00a0\u00bb][vc_column_text el_class=\u00a0\u00bbselezionatore-back\u00a0\u00bb]<a href=\"http:\/\/relaxsrl.com\/fr\/produits\/configurateur\/\">&lt; en arri\u00e8re<br \/>\n<\/a>[\/vc_column_text][vc_empty_space height=\u00a0\u00bb20px\u00a0\u00bb][\/vc_column][\/vc_row][vc_row][vc_column width=\u00a0\u00bb1\/3&Prime; el_class=\u00a0\u00bbselezionatore-col selezionatore-item\u00a0\u00bb][vc_single_image image=\u00a0\u00bb7950&Prime; img_size=\u00a0\u00bbfull\u00a0\u00bb onclick=\u00a0\u00bbcustom_link\u00a0\u00bb link=\u00a0\u00bbhttp:\/\/relaxsrl.com\/fr\/produits\/configurateur\/angulaire\/coulissante\/\u00a0\u00bb el_class=\u00a0\u00bbselezionatore-item-img-hover\u00a0\u00bb][vc_single_image image=\u00a0\u00bb7818&Prime; img_size=\u00a0\u00bbfull\u00a0\u00bb onclick=\u00a0\u00bbcustom_link\u00a0\u00bb link=\u00a0\u00bbhttp:\/\/relaxsrl.com\/fr\/produits\/configurateur\/angulaire\/coulissante\/\u00a0\u00bb][vc_row_inner equal_height=\u00a0\u00bbyes\u00a0\u00bb content_placement=\u00a0\u00bbmiddle\u00a0\u00bb][vc_column_inner width=\u00a0\u00bb3\/4&Prime;][vc_column_text]<\/p>\n<h3><a href=\"http:\/\/relaxsrl.com\/fr\/produits\/configurateur\/angulaire\/coulissante\/\">Coulissante<\/a><\/h3>\n<p>[\/vc_column_text][\/vc_column_inner][vc_column_inner width=\u00a0\u00bb1\/4&Prime;][vc_single_image image=\u00a0\u00bb798&Prime; img_size=\u00a0\u00bbfull\u00a0\u00bb alignment=\u00a0\u00bbright\u00a0\u00bb el_class=\u00a0\u00bbselezionatore-information-icon\u00a0\u00bb][vc_single_image image=\u00a0\u00bb820&Prime; img_size=\u00a0\u00bbfull\u00a0\u00bb el_class=\u00a0\u00bbinformation-arrow\u00a0\u00bb][vc_column_text el_class=\u00a0\u00bbinformation\u00a0\u00bb]Les portes coulissantes sont constitu\u00e9es d&rsquo;un ou plusieurs panneaux fixes et d&rsquo;un ou plusieurs panneaux coulissants sur rail. Ils peuvent \u00eatre mont\u00e9s sur des parois de douche en niche, en angle, \u00e0 3 et 4 c\u00f4t\u00e9s.[\/vc_column_text][\/vc_column_inner][\/vc_row_inner][\/vc_column][vc_column width=\u00a0\u00bb1\/3&Prime; el_class=\u00a0\u00bbselezionatore-col selezionatore-item\u00a0\u00bb][vc_single_image image=\u00a0\u00bb7938&Prime; img_size=\u00a0\u00bbfull\u00a0\u00bb onclick=\u00a0\u00bbcustom_link\u00a0\u00bb link=\u00a0\u00bbhttp:\/\/relaxsrl.com\/fr\/produits\/configurateur\/angulaire\/battante\/\u00a0\u00bb el_class=\u00a0\u00bbselezionatore-item-img-hover\u00a0\u00bb][vc_single_image image=\u00a0\u00bb7806&Prime; img_size=\u00a0\u00bbfull\u00a0\u00bb onclick=\u00a0\u00bbcustom_link\u00a0\u00bb link=\u00a0\u00bbhttp:\/\/relaxsrl.com\/fr\/produits\/configurateur\/angulaire\/battante\/\u00a0\u00bb][vc_row_inner equal_height=\u00a0\u00bbyes\u00a0\u00bb content_placement=\u00a0\u00bbmiddle\u00a0\u00bb][vc_column_inner width=\u00a0\u00bb3\/4&Prime;][vc_column_text]<\/p>\n<h3><a href=\"http:\/\/relaxsrl.com\/fr\/produits\/configurateur\/angulaire\/battante\/\">Battante<\/a><\/h3>\n<p>[\/vc_column_text][\/vc_column_inner][vc_column_inner width=\u00a0\u00bb1\/4&Prime;][vc_single_image image=\u00a0\u00bb798&Prime; img_size=\u00a0\u00bbfull\u00a0\u00bb alignment=\u00a0\u00bbright\u00a0\u00bb el_class=\u00a0\u00bbselezionatore-information-icon\u00a0\u00bb][vc_single_image image=\u00a0\u00bb820&Prime; img_size=\u00a0\u00bbfull\u00a0\u00bb el_class=\u00a0\u00bbinformation-arrow\u00a0\u00bb][vc_column_text el_class=\u00a0\u00bbinformation\u00a0\u00bb]Les portes battantes sont largement utilis\u00e9es. Ils ont une porte qui permet une grande entr\u00e9e dans la zone de douche. Id\u00e9al pour les personnes \u00e0 mobilit\u00e9 r\u00e9duite.[\/vc_column_text][\/vc_column_inner][\/vc_row_inner][\/vc_column][vc_column width=\u00a0\u00bb1\/3&Prime; el_class=\u00a0\u00bbselezionatore-col selezionatore-item\u00a0\u00bb][vc_single_image image=\u00a0\u00bb7942&Prime; img_size=\u00a0\u00bbfull\u00a0\u00bb onclick=\u00a0\u00bbcustom_link\u00a0\u00bb link=\u00a0\u00bbhttp:\/\/relaxsrl.com\/fr\/produits\/configurateur\/angulaire\/pivotante\/\u00a0\u00bb el_class=\u00a0\u00bbselezionatore-item-img-hover\u00a0\u00bb][vc_single_image image=\u00a0\u00bb7810&Prime; img_size=\u00a0\u00bbfull\u00a0\u00bb onclick=\u00a0\u00bbcustom_link\u00a0\u00bb link=\u00a0\u00bbhttp:\/\/relaxsrl.com\/fr\/produits\/configurateur\/angulaire\/pivotante\/\u00a0\u00bb][vc_row_inner equal_height=\u00a0\u00bbyes\u00a0\u00bb content_placement=\u00a0\u00bbmiddle\u00a0\u00bb][vc_column_inner width=\u00a0\u00bb3\/4&Prime;][vc_column_text]<\/p>\n<h3><a href=\"http:\/\/relaxsrl.com\/fr\/produits\/configurateur\/angulaire\/pivotante\/\">Pivotante<\/a><\/h3>\n<p>[\/vc_column_text][\/vc_column_inner][vc_column_inner width=\u00a0\u00bb1\/4&Prime;][vc_single_image image=\u00a0\u00bb798&Prime; img_size=\u00a0\u00bbfull\u00a0\u00bb alignment=\u00a0\u00bbright\u00a0\u00bb el_class=\u00a0\u00bbselezionatore-information-icon\u00a0\u00bb][vc_single_image image=\u00a0\u00bb820&Prime; img_size=\u00a0\u00bbfull\u00a0\u00bb el_class=\u00a0\u00bbinformation-arrow\u00a0\u00bb][vc_column_text el_class=\u00a0\u00bbinformation\u00a0\u00bb]Les portes pivotantes s&rsquo;ouvrent en tournant sur des axes mont\u00e9s \u00e0 une certaine distance du mur (9-18 cm). Parfait pour les cabines de douche d&rsquo;angle ou de niche et surtout avec le radiateur sur le mur parall\u00e8le \u00e0 l&rsquo;ouverture.[\/vc_column_text][\/vc_column_inner][\/vc_row_inner][\/vc_column][\/vc_row][vc_row][vc_column width=\u00a0\u00bb1\/3&Prime; el_class=\u00a0\u00bbselezionatore-col selezionatore-item\u00a0\u00bb][vc_single_image image=\u00a0\u00bb7954&Prime; img_size=\u00a0\u00bbfull\u00a0\u00bb onclick=\u00a0\u00bbcustom_link\u00a0\u00bb link=\u00a0\u00bbhttp:\/\/relaxsrl.com\/fr\/produits\/configurateur\/angulaire\/pliable\/\u00a0\u00bb el_class=\u00a0\u00bbselezionatore-item-img-hover\u00a0\u00bb][vc_single_image image=\u00a0\u00bb7822&Prime; img_size=\u00a0\u00bbfull\u00a0\u00bb onclick=\u00a0\u00bbcustom_link\u00a0\u00bb link=\u00a0\u00bbhttp:\/\/relaxsrl.com\/fr\/produits\/configurateur\/angulaire\/pliable\/\u00a0\u00bb][vc_row_inner equal_height=\u00a0\u00bbyes\u00a0\u00bb content_placement=\u00a0\u00bbmiddle\u00a0\u00bb][vc_column_inner width=\u00a0\u00bb3\/4&Prime;][vc_column_text]<\/p>\n<h3><a href=\"http:\/\/relaxsrl.com\/fr\/produits\/configurateur\/angulaire\/pliable\/\">Pliable<\/a><\/h3>\n<p>[\/vc_column_text][\/vc_column_inner][vc_column_inner width=\u00a0\u00bb1\/4&Prime;][vc_single_image image=\u00a0\u00bb798&Prime; img_size=\u00a0\u00bbfull\u00a0\u00bb alignment=\u00a0\u00bbright\u00a0\u00bb el_class=\u00a0\u00bbselezionatore-information-icon\u00a0\u00bb][vc_single_image image=\u00a0\u00bb820&Prime; img_size=\u00a0\u00bbfull\u00a0\u00bb el_class=\u00a0\u00bbinformation-arrow\u00a0\u00bb][vc_column_text el_class=\u00a0\u00bbinformation\u00a0\u00bb]Les portes pliantes (ou pliantes, pliantes, accord\u00e9on, escamotables) poss\u00e8dent des charni\u00e8res ou des profil\u00e9s articul\u00e9s pour ouvrir en extension ou replier les panneaux entre eux. Largement utilis\u00e9 dans les petites salles de bains.[\/vc_column_text][\/vc_column_inner][\/vc_row_inner][\/vc_column][vc_column width=\u00a0\u00bb1\/3&Prime; el_class=\u00a0\u00bbselezionatore-col selezionatore-item\u00a0\u00bb][vc_single_image image=\u00a0\u00bb7946&Prime; img_size=\u00a0\u00bbfull\u00a0\u00bb onclick=\u00a0\u00bbcustom_link\u00a0\u00bb link=\u00a0\u00bbhttp:\/\/relaxsrl.com\/fr\/produits\/configurateur\/angulaire\/saloon\/\u00a0\u00bb el_class=\u00a0\u00bbselezionatore-item-img-hover\u00a0\u00bb][vc_single_image image=\u00a0\u00bb7814&Prime; img_size=\u00a0\u00bbfull\u00a0\u00bb onclick=\u00a0\u00bbcustom_link\u00a0\u00bb link=\u00a0\u00bbhttp:\/\/relaxsrl.com\/fr\/produits\/configurateur\/angulaire\/saloon\/\u00a0\u00bb][vc_row_inner equal_height=\u00a0\u00bbyes\u00a0\u00bb content_placement=\u00a0\u00bbmiddle\u00a0\u00bb][vc_column_inner width=\u00a0\u00bb3\/4&Prime;][vc_column_text]<\/p>\n<h3><a href=\"http:\/\/relaxsrl.com\/fr\/produits\/configurateur\/angulaire\/saloon\/\">Saloon<\/a><\/h3>\n<p>[\/vc_column_text][\/vc_column_inner][vc_column_inner width=\u00a0\u00bb1\/4&Prime;][vc_single_image image=\u00a0\u00bb798&Prime; img_size=\u00a0\u00bbfull\u00a0\u00bb alignment=\u00a0\u00bbright\u00a0\u00bb el_class=\u00a0\u00bbselezionatore-information-icon\u00a0\u00bb][vc_single_image image=\u00a0\u00bb820&Prime; img_size=\u00a0\u00bbfull\u00a0\u00bb el_class=\u00a0\u00bbinformation-arrow\u00a0\u00bb][vc_column_text el_class=\u00a0\u00bbinformation\u00a0\u00bb]Les portes \u00e0 saloon sont deux portes ind\u00e9pendantes qui s&rsquo;ouvrent \u00e0 180\u00b0 aussi bien vers l&rsquo;int\u00e9rieur que vers l&rsquo;ext\u00e9rieur. Ils constituent une solution peu encombrante pour les cabines de douche en niche, en angle ou \u00e0 3 c\u00f4t\u00e9s.[\/vc_column_text][\/vc_column_inner][\/vc_row_inner][\/vc_column][vc_column width=\u00a0\u00bb1\/3&Prime; el_class=\u00a0\u00bbselezionatore-col selezionatore-item\u00a0\u00bb][vc_single_image image=\u00a0\u00bb7958&Prime; img_size=\u00a0\u00bbfull\u00a0\u00bb onclick=\u00a0\u00bbcustom_link\u00a0\u00bb link=\u00a0\u00bbhttp:\/\/relaxsrl.com\/fr\/produits\/configurateur\/angulaire\/paroi-fixe\/\u00a0\u00bb el_class=\u00a0\u00bbselezionatore-item-img-hover\u00a0\u00bb][vc_single_image image=\u00a0\u00bb8714&Prime; img_size=\u00a0\u00bbfull\u00a0\u00bb onclick=\u00a0\u00bbcustom_link\u00a0\u00bb link=\u00a0\u00bbhttp:\/\/relaxsrl.com\/fr\/produits\/configurateur\/angulaire\/paroi-fixe\/\u00a0\u00bb][vc_row_inner equal_height=\u00a0\u00bbyes\u00a0\u00bb content_placement=\u00a0\u00bbmiddle\u00a0\u00bb][vc_column_inner width=\u00a0\u00bb3\/4&Prime;][vc_column_text]<\/p>\n<h3><a href=\"http:\/\/relaxsrl.com\/fr\/produits\/configurateur\/angulaire\/paroi-fixe\/\">Paroi fixe<\/a><\/h3>\n<p>[\/vc_column_text][\/vc_column_inner][vc_column_inner width=\u00a0\u00bb1\/4&Prime;][vc_single_image image=\u00a0\u00bb798&Prime; img_size=\u00a0\u00bbfull\u00a0\u00bb alignment=\u00a0\u00bbright\u00a0\u00bb el_class=\u00a0\u00bbselezionatore-information-icon\u00a0\u00bb][vc_single_image image=\u00a0\u00bb820&Prime; img_size=\u00a0\u00bbfull\u00a0\u00bb el_class=\u00a0\u00bbinformation-arrow\u00a0\u00bb][vc_column_text el_class=\u00a0\u00bbinformation\u00a0\u00bb]Les parois de douche \u00e0 l&rsquo;italienne (\u00e9galement appel\u00e9es parois fixes en verre ou parois de douche ouvertes) sont minimales et essentielles, avec un acc\u00e8s imm\u00e9diat car elles n&rsquo;ont pas de porte. Ceux de Relax sont \u00e9galement modulables.[\/vc_column_text][\/vc_column_inner][\/vc_row_inner][\/vc_column][\/vc_row][vc_row][vc_column][vc_empty_space height=\u00a0\u00bb100px\u00a0\u00bb][\/vc_column][\/vc_row]<\/p>\n","protected":false},"excerpt":{"rendered":"<p>[vc_row full_width=\u00a0\u00bbstretch_row\u00a0\u00bb content_placement=\u00a0\u00bbmiddle\u00a0\u00bb el_class=\u00a0\u00bbintro-row intro-row-grey\u00a0\u00bb][vc_column width=\u00a0\u00bb5\/12&Prime;][vc_column_text] Configurateur Cabine de douche [\/vc_column_text][\/vc_column][vc_column width=\u00a0\u00bb7\/12&Prime;][vc_column_text el_class=\u00a0\u00bbabstract\u00a0\u00bb]Suivez les instructions qui vous sont donn\u00e9es pour trouver les parois de douche Relax adapt\u00e9es \u00e0 vos besoins. En quelques \u00e9tapes simples, vous trouverez la solution parfaite pour vous.[\/vc_column_text][\/vc_column][\/vc_row][vc_row el_class=\u00a0\u00bbrow-path\u00a0\u00bb][vc_column][vc_column_text][\/vc_column_text][\/vc_column][\/vc_row][vc_row][vc_column][vc_column_text] 2. S\u00e9lectionnez le type d&rsquo;ouverture de votre cabine de douche [\/vc_column_text][vc_empty_space height=\u00a0\u00bb50px\u00a0\u00bb][vc_column_text el_class=\u00a0\u00bbselezionatore-back\u00a0\u00bb]&lt; [&hellip;]<\/p>\n","protected":false},"author":3,"featured_media":25054,"parent":13067,"menu_order":0,"comment_status":"closed","ping_status":"closed","template":"","meta":[],"acf":[],"yoast_head":"<!-- This site is optimized with the Yoast SEO Premium plugin v18.4 (Yoast SEO v18.8) - https:\/\/yoast.com\/wordpress\/plugins\/seo\/ -->\n<title>Angulaire - Relax srl<\/title>\n<meta name=\"description\" content=\"Configurateur de cabine de douche d&#039;angle. Essayez d\u00e8s maintenant le configurateur de cabine de douche Relax!\" \/>\n<meta name=\"robots\" content=\"index, follow, max-snippet:-1, max-image-preview:large, max-video-preview:-1\" \/>\n<link rel=\"canonical\" href=\"https:\/\/relaxsrl.com\/fr\/produits\/configurateur\/angulaire\/\" \/>\n<meta property=\"og:locale\" content=\"fr_FR\" \/>\n<meta property=\"og:type\" content=\"article\" \/>\n<meta property=\"og:title\" content=\"Angulaire - Relax srl\" \/>\n<meta property=\"og:description\" content=\"Configurateur de cabine de douche d&#039;angle. Essayez d\u00e8s maintenant le configurateur de cabine de douche Relax!\" \/>\n<meta property=\"og:url\" content=\"https:\/\/relaxsrl.com\/fr\/produits\/configurateur\/angulaire\/\" \/>\n<meta property=\"og:site_name\" content=\"Relax srl\" \/>\n<meta property=\"article:modified_time\" content=\"2023-10-20T09:34:06+00:00\" \/>\n<meta property=\"og:image\" content=\"https:\/\/relaxsrl.com\/website\/wp-content\/uploads\/2021\/11\/TIPOLOGIA_BOX_ANGOLARE-1.jpg\" \/>\n\t<meta property=\"og:image:width\" content=\"800\" \/>\n\t<meta property=\"og:image:height\" content=\"600\" \/>\n\t<meta property=\"og:image:type\" content=\"image\/jpeg\" \/>\n<meta name=\"twitter:card\" content=\"summary_large_image\" \/>\n<meta name=\"twitter:label1\" content=\"Dur\u00e9e de lecture estim\u00e9e\" \/>\n\t<meta name=\"twitter:data1\" content=\"2 minutes\" \/>\n<script type=\"application\/ld+json\" class=\"yoast-schema-graph\">{\"@context\":\"https:\/\/schema.org\",\"@graph\":[{\"@type\":\"WebSite\",\"@id\":\"https:\/\/relaxsrl.com\/#website\",\"url\":\"https:\/\/relaxsrl.com\/\",\"name\":\"Relax srl\",\"description\":\"\",\"potentialAction\":[{\"@type\":\"SearchAction\",\"target\":{\"@type\":\"EntryPoint\",\"urlTemplate\":\"https:\/\/relaxsrl.com\/?s={search_term_string}\"},\"query-input\":\"required name=search_term_string\"}],\"inLanguage\":\"fr-FR\"},{\"@type\":\"ImageObject\",\"inLanguage\":\"fr-FR\",\"@id\":\"https:\/\/relaxsrl.com\/fr\/produits\/configurateur\/angulaire\/#primaryimage\",\"url\":\"https:\/\/relaxsrl.com\/website\/wp-content\/uploads\/2021\/11\/TIPOLOGIA_BOX_ANGOLARE-1.jpg\",\"contentUrl\":\"https:\/\/relaxsrl.com\/website\/wp-content\/uploads\/2021\/11\/TIPOLOGIA_BOX_ANGOLARE-1.jpg\",\"width\":800,\"height\":600},{\"@type\":\"WebPage\",\"@id\":\"https:\/\/relaxsrl.com\/fr\/produits\/configurateur\/angulaire\/#webpage\",\"url\":\"https:\/\/relaxsrl.com\/fr\/produits\/configurateur\/angulaire\/\",\"name\":\"Angulaire - Relax srl\",\"isPartOf\":{\"@id\":\"https:\/\/relaxsrl.com\/#website\"},\"primaryImageOfPage\":{\"@id\":\"https:\/\/relaxsrl.com\/fr\/produits\/configurateur\/angulaire\/#primaryimage\"},\"datePublished\":\"2021-11-29T13:31:09+00:00\",\"dateModified\":\"2023-10-20T09:34:06+00:00\",\"description\":\"Configurateur de cabine de douche d'angle. Essayez d\u00e8s maintenant le configurateur de cabine de douche Relax!\",\"breadcrumb\":{\"@id\":\"https:\/\/relaxsrl.com\/fr\/produits\/configurateur\/angulaire\/#breadcrumb\"},\"inLanguage\":\"fr-FR\",\"potentialAction\":[{\"@type\":\"ReadAction\",\"target\":[\"https:\/\/relaxsrl.com\/fr\/produits\/configurateur\/angulaire\/\"]}]},{\"@type\":\"BreadcrumbList\",\"@id\":\"https:\/\/relaxsrl.com\/fr\/produits\/configurateur\/angulaire\/#breadcrumb\",\"itemListElement\":[{\"@type\":\"ListItem\",\"position\":1,\"name\":\"Produits\",\"item\":\"https:\/\/relaxsrl.com\/fr\/produits\/\"},{\"@type\":\"ListItem\",\"position\":2,\"name\":\"Configurateur\",\"item\":\"https:\/\/relaxsrl.com\/fr\/produits\/configurateur\/\"},{\"@type\":\"ListItem\",\"position\":3,\"name\":\"Angulaire\"}]}]}<\/script>\n<!-- \/ Yoast SEO Premium plugin. -->","yoast_head_json":{"title":"Angulaire - Relax srl","description":"Configurateur de cabine de douche d'angle. Essayez d\u00e8s maintenant le configurateur de cabine de douche Relax!","robots":{"index":"index","follow":"follow","max-snippet":"max-snippet:-1","max-image-preview":"max-image-preview:large","max-video-preview":"max-video-preview:-1"},"canonical":"https:\/\/relaxsrl.com\/fr\/produits\/configurateur\/angulaire\/","og_locale":"fr_FR","og_type":"article","og_title":"Angulaire - Relax srl","og_description":"Configurateur de cabine de douche d'angle. Essayez d\u00e8s maintenant le configurateur de cabine de douche Relax!","og_url":"https:\/\/relaxsrl.com\/fr\/produits\/configurateur\/angulaire\/","og_site_name":"Relax srl","article_modified_time":"2023-10-20T09:34:06+00:00","og_image":[{"width":800,"height":600,"url":"https:\/\/relaxsrl.com\/website\/wp-content\/uploads\/2021\/11\/TIPOLOGIA_BOX_ANGOLARE-1.jpg","type":"image\/jpeg"}],"twitter_card":"summary_large_image","twitter_misc":{"Dur\u00e9e de lecture estim\u00e9e":"2 minutes"},"schema":{"@context":"https:\/\/schema.org","@graph":[{"@type":"WebSite","@id":"https:\/\/relaxsrl.com\/#website","url":"https:\/\/relaxsrl.com\/","name":"Relax srl","description":"","potentialAction":[{"@type":"SearchAction","target":{"@type":"EntryPoint","urlTemplate":"https:\/\/relaxsrl.com\/?s={search_term_string}"},"query-input":"required name=search_term_string"}],"inLanguage":"fr-FR"},{"@type":"ImageObject","inLanguage":"fr-FR","@id":"https:\/\/relaxsrl.com\/fr\/produits\/configurateur\/angulaire\/#primaryimage","url":"https:\/\/relaxsrl.com\/website\/wp-content\/uploads\/2021\/11\/TIPOLOGIA_BOX_ANGOLARE-1.jpg","contentUrl":"https:\/\/relaxsrl.com\/website\/wp-content\/uploads\/2021\/11\/TIPOLOGIA_BOX_ANGOLARE-1.jpg","width":800,"height":600},{"@type":"WebPage","@id":"https:\/\/relaxsrl.com\/fr\/produits\/configurateur\/angulaire\/#webpage","url":"https:\/\/relaxsrl.com\/fr\/produits\/configurateur\/angulaire\/","name":"Angulaire - Relax srl","isPartOf":{"@id":"https:\/\/relaxsrl.com\/#website"},"primaryImageOfPage":{"@id":"https:\/\/relaxsrl.com\/fr\/produits\/configurateur\/angulaire\/#primaryimage"},"datePublished":"2021-11-29T13:31:09+00:00","dateModified":"2023-10-20T09:34:06+00:00","description":"Configurateur de cabine de douche d'angle. Essayez d\u00e8s maintenant le configurateur de cabine de douche Relax!","breadcrumb":{"@id":"https:\/\/relaxsrl.com\/fr\/produits\/configurateur\/angulaire\/#breadcrumb"},"inLanguage":"fr-FR","potentialAction":[{"@type":"ReadAction","target":["https:\/\/relaxsrl.com\/fr\/produits\/configurateur\/angulaire\/"]}]},{"@type":"BreadcrumbList","@id":"https:\/\/relaxsrl.com\/fr\/produits\/configurateur\/angulaire\/#breadcrumb","itemListElement":[{"@type":"ListItem","position":1,"name":"Produits","item":"https:\/\/relaxsrl.com\/fr\/produits\/"},{"@type":"ListItem","position":2,"name":"Configurateur","item":"https:\/\/relaxsrl.com\/fr\/produits\/configurateur\/"},{"@type":"ListItem","position":3,"name":"Angulaire"}]}]}},"_links":{"self":[{"href":"https:\/\/relaxsrl.com\/fr\/wp-json\/wp\/v2\/pages\/13144"}],"collection":[{"href":"https:\/\/relaxsrl.com\/fr\/wp-json\/wp\/v2\/pages"}],"about":[{"href":"https:\/\/relaxsrl.com\/fr\/wp-json\/wp\/v2\/types\/page"}],"author":[{"embeddable":true,"href":"https:\/\/relaxsrl.com\/fr\/wp-json\/wp\/v2\/users\/3"}],"replies":[{"embeddable":true,"href":"https:\/\/relaxsrl.com\/fr\/wp-json\/wp\/v2\/comments?post=13144"}],"version-history":[{"count":5,"href":"https:\/\/relaxsrl.com\/fr\/wp-json\/wp\/v2\/pages\/13144\/revisions"}],"predecessor-version":[{"id":15280,"href":"https:\/\/relaxsrl.com\/fr\/wp-json\/wp\/v2\/pages\/13144\/revisions\/15280"}],"up":[{"embeddable":true,"href":"https:\/\/relaxsrl.com\/fr\/wp-json\/wp\/v2\/pages\/13067"}],"wp:featuredmedia":[{"embeddable":true,"href":"https:\/\/relaxsrl.com\/fr\/wp-json\/wp\/v2\/media\/25054"}],"wp:attachment":[{"href":"https:\/\/relaxsrl.com\/fr\/wp-json\/wp\/v2\/media?parent=13144"}],"curies":[{"name":"wp","href":"https:\/\/api.w.org\/{rel}","templated":true}]}}