{"id":13371,"date":"2021-11-30T08:35:24","date_gmt":"2021-11-30T07:35:24","guid":{"rendered":"http:\/\/relaxsrl.com\/produits\/typologie\/"},"modified":"2023-10-23T15:36:55","modified_gmt":"2023-10-23T13:36:55","slug":"typologie","status":"publish","type":"page","link":"https:\/\/relaxsrl.com\/fr\/produits\/typologie\/","title":{"rendered":"Typologie"},"content":{"rendered":"<p>[vc_row full_width=\u00a0\u00bbstretch_row\u00a0\u00bb content_placement=\u00a0\u00bbmiddle\u00a0\u00bb el_class=\u00a0\u00bbintro-row\u00a0\u00bb][vc_column width=\u00a0\u00bb5\/12&Prime;][vc_column_text]<\/p>\n<h1>Produits<br \/>\nRelax<\/h1>\n<p>[\/vc_column_text][\/vc_column][vc_column width=\u00a0\u00bb7\/12&Prime;][vc_column_text el_class=\u00a0\u00bbabstract\u00a0\u00bb]Une offre large et qualifi\u00e9e de parois de douche, sur baignoires, receveurs de douche, baignoires et accessoires, capable de satisfaire les besoins les plus divers. Nous cr\u00e9ons chaque produit avec passion, selon des normes de qualit\u00e9 \u00e9lev\u00e9es et avec le soin du meilleur Made in Italy.[\/vc_column_text][\/vc_column][\/vc_row][vc_row el_class=\u00a0\u00bbrow-path\u00a0\u00bb][vc_column][vc_column_text][\/vc_column_text][\/vc_column][\/vc_row][vc_row el_class=\u00a0\u00bbrow-categorie-tipologia\u00a0\u00bb][vc_column width=\u00a0\u00bb1\/12&Prime;][\/vc_column][vc_column width=\u00a0\u00bb5\/12&Prime; el_class=\u00a0\u00bbcategoria-tipologia\u00a0\u00bb][vc_single_image image=\u00a0\u00bb2076&Prime; img_size=\u00a0\u00bbfull\u00a0\u00bb alignment=\u00a0\u00bbcenter\u00a0\u00bb onclick=\u00a0\u00bbcustom_link\u00a0\u00bb link=\u00a0\u00bbhttp:\/\/relaxsrl.com\/fr\/produits\/typologie\/cabine-de-douche\/\u00a0\u00bb][vc_column_text]<\/p>\n<h3 style=\"text-align: center;\"><a href=\"http:\/\/relaxsrl.com\/fr\/produits\/typologie\/cabine-de-douche\/\">Cabine de douche<\/a><\/h3>\n<p style=\"text-align: center;\"><a href=\"http:\/\/relaxsrl.com\/fr\/produits\/typologie\/cabine-de-douche\/\">D\u00e9couvrez les parois de douche Relax, pour la plupart personnalisables et sur mesure: parois fixes, d&rsquo;angle, de niche, 3 c\u00f4t\u00e9s et semi-circulaires.<\/a><\/p>\n<p>[\/vc_column_text][vc_btn title=\u00a0\u00bbVOIR LES MOD\u00c8LES\u00a0\u00bb style=\u00a0\u00bbclassic\u00a0\u00bb shape=\u00a0\u00bbsquare\u00a0\u00bb color=\u00a0\u00bbwhite\u00a0\u00bb align=\u00a0\u00bbcenter\u00a0\u00bb link=\u00a0\u00bburl:http%3A%2F%2Frelaxsrl.com%2Ffr%2Fproduits%2Ftypologie%2Fcabine-de-douche%2F|title:Cabine%20de%20douche\u00a0\u00bb el_class=\u00a0\u00bbbtn-default\u00a0\u00bb][\/vc_column][vc_column width=\u00a0\u00bb5\/12&Prime; el_class=\u00a0\u00bbcategoria-tipologia\u00a0\u00bb][vc_single_image image=\u00a0\u00bb2080&Prime; img_size=\u00a0\u00bbfull\u00a0\u00bb alignment=\u00a0\u00bbcenter\u00a0\u00bb onclick=\u00a0\u00bbcustom_link\u00a0\u00bb link=\u00a0\u00bbhttp:\/\/relaxsrl.com\/fr\/produits\/typologie\/au-dessus-de-la-baignoire\/\u00a0\u00bb][vc_column_text]<\/p>\n<h3 style=\"text-align: center;\"><a href=\"http:\/\/relaxsrl.com\/fr\/produits\/typologie\/au-dessus-de-la-baignoire\/\">Au-dessus de la baignoire<\/a><\/h3>\n<p style=\"text-align: center;\"><a href=\"http:\/\/relaxsrl.com\/fr\/produits\/typologie\/au-dessus-de-la-baignoire\/\">Multiples solutions au dessus de la baignoire avec ouverture coulissante, battante, pliable ou fixe. L&rsquo;utilisation la plus confortable de la baignoire, id\u00e9ale avec les enfants.<\/a><\/p>\n<p>[\/vc_column_text][vc_btn title=\u00a0\u00bbD\u00c9COUVREZ TOUS LES PRODUITS\u00a0\u00bb style=\u00a0\u00bbclassic\u00a0\u00bb shape=\u00a0\u00bbsquare\u00a0\u00bb color=\u00a0\u00bbwhite\u00a0\u00bb align=\u00a0\u00bbcenter\u00a0\u00bb link=\u00a0\u00bburl:http%3A%2F%2Frelaxsrl.com%2Ffr%2Fproduits%2Ftypologie%2Fau-dessus-de-la-baignoire%2F|title:Au%20dessus%20de%20la%20baignoire\u00a0\u00bb el_class=\u00a0\u00bbbtn-default\u00a0\u00bb][\/vc_column][vc_column width=\u00a0\u00bb1\/12&Prime;][\/vc_column][\/vc_row][vc_row el_class=\u00a0\u00bbrow-categorie-tipologia\u00a0\u00bb][vc_column width=\u00a0\u00bb1\/12&Prime;][\/vc_column][vc_column width=\u00a0\u00bb5\/12&Prime; el_class=\u00a0\u00bbcategoria-tipologia\u00a0\u00bb][vc_single_image image=\u00a0\u00bb8920&Prime; img_size=\u00a0\u00bbfull\u00a0\u00bb alignment=\u00a0\u00bbcenter\u00a0\u00bb onclick=\u00a0\u00bbcustom_link\u00a0\u00bb link=\u00a0\u00bbhttp:\/\/relaxsrl.com\/fr\/produits\/typologie\/receveurs-de-douche\/\u00a0\u00bb][vc_column_text]<\/p>\n<h3 style=\"text-align: center;\"><a href=\"http:\/\/relaxsrl.com\/fr\/produits\/typologie\/receveurs-de-douche\/\">Receveurs de douche<\/a><\/h3>\n<p style=\"text-align: center;\"><a href=\"http:\/\/relaxsrl.com\/fr\/produits\/typologie\/receveurs-de-douche\/\">Receveurs de douche antid\u00e9rapants et antibact\u00e9riens, en solid surface ou r\u00e9sines min\u00e9rales avec Gel Coat, et rev\u00eatement mural pour une salle de bain contemporaine.<\/a><\/p>\n<p>[\/vc_column_text][vc_btn title=\u00a0\u00bbD\u00c9COUVREZ TOUS LES PRODUITS\u00a0\u00bb style=\u00a0\u00bbclassic\u00a0\u00bb shape=\u00a0\u00bbsquare\u00a0\u00bb color=\u00a0\u00bbwhite\u00a0\u00bb align=\u00a0\u00bbcenter\u00a0\u00bb link=\u00a0\u00bburl:http%3A%2F%2Frelaxsrl.com%2Ffr%2Fproduits%2Ftypologie%2Freceveurs-de-douche%2F|title:Receveurs%20de%20douche\u00a0\u00bb el_class=\u00a0\u00bbbtn-default\u00a0\u00bb][\/vc_column][vc_column width=\u00a0\u00bb5\/12&Prime; el_class=\u00a0\u00bbcategoria-tipologia\u00a0\u00bb][vc_single_image image=\u00a0\u00bb2072&Prime; img_size=\u00a0\u00bbfull\u00a0\u00bb alignment=\u00a0\u00bbcenter\u00a0\u00bb onclick=\u00a0\u00bbcustom_link\u00a0\u00bb link=\u00a0\u00bbhttp:\/\/relaxsrl.com\/fr\/produits\/typologie\/baignoires\/\u00a0\u00bb][vc_column_text]<\/p>\n<h3 style=\"text-align: center;\"><a href=\"http:\/\/relaxsrl.com\/fr\/produits\/typologie\/baignoires\/\">Baignoires<\/a><\/h3>\n<p style=\"text-align: center;\"><a href=\"http:\/\/relaxsrl.com\/fr\/produits\/typologie\/baignoires\/\">Baignoires freestanding en Solid Surface, arrondies, carr\u00e9es ou sinueuses, en diff\u00e9rentes tailles pour des salles de bains \u00e9l\u00e9gantes et de caract\u00e8re.<\/a><\/p>\n<p>[\/vc_column_text][vc_btn title=\u00a0\u00bbD\u00c9COUVREZ TOUS LES PRODUITS\u00a0\u00bb style=\u00a0\u00bbclassic\u00a0\u00bb shape=\u00a0\u00bbsquare\u00a0\u00bb color=\u00a0\u00bbwhite\u00a0\u00bb align=\u00a0\u00bbcenter\u00a0\u00bb link=\u00a0\u00bburl:http%3A%2F%2Frelaxsrl.com%2Ffr%2Fproduits%2Ftypologie%2Fbaignoires%2F|title:Baignoires\u00a0\u00bb el_class=\u00a0\u00bbbtn-default\u00a0\u00bb][\/vc_column][vc_column width=\u00a0\u00bb1\/12&Prime;][\/vc_column][\/vc_row][vc_row el_class=\u00a0\u00bbrow-categorie-tipologia\u00a0\u00bb][vc_column width=\u00a0\u00bb1\/12&Prime;][\/vc_column][vc_column width=\u00a0\u00bb5\/12&Prime; el_class=\u00a0\u00bbcategoria-tipologia\u00a0\u00bb][vc_single_image image=\u00a0\u00bb2068&Prime; img_size=\u00a0\u00bbfull\u00a0\u00bb alignment=\u00a0\u00bbcenter\u00a0\u00bb onclick=\u00a0\u00bbcustom_link\u00a0\u00bb link=\u00a0\u00bbhttp:\/\/relaxsrl.com\/fr\/produits\/typologie\/complements\/\u00a0\u00bb][vc_column_text]<\/p>\n<h3 style=\"text-align: center;\"><a href=\"http:\/\/relaxsrl.com\/fr\/produits\/typologie\/complements\/\">Compl\u00e9ments<\/a><\/h3>\n<p style=\"text-align: center;\"><a href=\"http:\/\/relaxsrl.com\/fr\/produits\/typologie\/complements\/\">\u00c9tag\u00e8res stabilisatrices, pommes de douche, colonnes de douche, tabourets, kits d&rsquo;entretien de cabine de douche et plus encore pour compl\u00e9ter le d\u00e9cor de votre salle de bain.<\/a><\/p>\n<p>[\/vc_column_text][vc_btn title=\u00a0\u00bbALLER AUX PRODUITS\u00a0\u00bb style=\u00a0\u00bbclassic\u00a0\u00bb shape=\u00a0\u00bbsquare\u00a0\u00bb color=\u00a0\u00bbwhite\u00a0\u00bb align=\u00a0\u00bbcenter\u00a0\u00bb link=\u00a0\u00bburl:http%3A%2F%2Frelaxsrl.com%2Ffr%2Fproduits%2Ftypologie%2Fcomplements%2F|title:Compl%C3%A9ments\u00a0\u00bb el_class=\u00a0\u00bbbtn-default\u00a0\u00bb][\/vc_column][vc_column width=\u00a0\u00bb5\/12&Prime; el_class=\u00a0\u00bbcategoria-tipologia\u00a0\u00bb][\/vc_column][vc_column width=\u00a0\u00bb1\/12&Prime;][\/vc_column][\/vc_row][vc_row][vc_column][vc_empty_space height=\u00a0\u00bb100px\u00a0\u00bb][\/vc_column][\/vc_row][vc_row full_width=\u00a0\u00bbstretch_row_content_no_spaces\u00a0\u00bb equal_height=\u00a0\u00bbyes\u00a0\u00bb content_placement=\u00a0\u00bbmiddle\u00a0\u00bb el_class=\u00a0\u00bbrow-over-footer row-cta-over-footer\u00a0\u00bb][vc_column width=\u00a0\u00bb1\/2&Prime;][vc_single_image image=\u00a0\u00bb2318&Prime; img_size=\u00a0\u00bbfull\u00a0\u00bb][\/vc_column][vc_column width=\u00a0\u00bb1\/2&Prime; css=\u00a0\u00bb.vc_custom_1632907163706{background-image: url(http:\/\/relaxsrl.com\/wp-content\/uploads\/2021\/09\/cta-spunti-di-stile-opaco.jpg?id=2320) !important;background-position: center !important;background-repeat: no-repeat !important;background-size: cover !important;}\u00a0\u00bb el_class=\u00a0\u00bbrow-cta-over-footer-col-text\u00a0\u00bb][vc_row_inner][vc_column_inner width=\u00a0\u00bb1\/4&Prime;][\/vc_column_inner][vc_column_inner width=\u00a0\u00bb1\/2&Prime;][vc_column_text]<\/p>\n<h2 style=\"text-align: center;\">Vous cherchez des id\u00e9es de style?<\/h2>\n<p style=\"text-align: center;\">Voir des exemples de salles de bains dans des styles contemporains, modernes, rustiques et plus encore. Relax r\u00e9alise vos souhaits.<\/p>\n<p>[\/vc_column_text][vc_btn title=\u00a0\u00bbALLER AUX ENVIRONNEMENTS\u00a0\u00bb style=\u00a0\u00bbclassic\u00a0\u00bb shape=\u00a0\u00bbsquare\u00a0\u00bb color=\u00a0\u00bbwhite\u00a0\u00bb align=\u00a0\u00bbcenter\u00a0\u00bb el_class=\u00a0\u00bbbtn-default-white\u00a0\u00bb link=\u00a0\u00bburl:http%3A%2F%2Frelaxsrl.com%2Ffr%2Fproduits%2Fenvironnements-de-salle-de-bain%2F|title:Environnements|\u00a0\u00bb][\/vc_column_inner][vc_column_inner width=\u00a0\u00bb1\/4&Prime;][\/vc_column_inner][\/vc_row_inner][\/vc_column][\/vc_row]<\/p>\n","protected":false},"excerpt":{"rendered":"<p>[vc_row full_width=\u00a0\u00bbstretch_row\u00a0\u00bb content_placement=\u00a0\u00bbmiddle\u00a0\u00bb el_class=\u00a0\u00bbintro-row\u00a0\u00bb][vc_column width=\u00a0\u00bb5\/12&Prime;][vc_column_text] Produits Relax [\/vc_column_text][\/vc_column][vc_column width=\u00a0\u00bb7\/12&Prime;][vc_column_text el_class=\u00a0\u00bbabstract\u00a0\u00bb]Une offre large et qualifi\u00e9e de parois de douche, sur baignoires, receveurs de douche, baignoires et accessoires, capable de satisfaire les besoins les plus divers. Nous cr\u00e9ons chaque produit avec passion, selon des normes de qualit\u00e9 \u00e9lev\u00e9es et avec le soin du meilleur Made in Italy.[\/vc_column_text][\/vc_column][\/vc_row][vc_row [&hellip;]<\/p>\n","protected":false},"author":3,"featured_media":2076,"parent":12873,"menu_order":0,"comment_status":"closed","ping_status":"closed","template":"","meta":[],"acf":[],"yoast_head":"<!-- This site is optimized with the Yoast SEO Premium plugin v18.4 (Yoast SEO v18.8) - https:\/\/yoast.com\/wordpress\/plugins\/seo\/ -->\n<title>Typologie - Relax srl<\/title>\n<meta name=\"description\" content=\"Produits Relax : une offre de cabines de douche, plans de baignoire, receveurs de douche, baignoires et accessoires. Fabrication italienne.\" \/>\n<meta name=\"robots\" content=\"index, follow, max-snippet:-1, max-image-preview:large, max-video-preview:-1\" \/>\n<link rel=\"canonical\" href=\"https:\/\/relaxsrl.com\/fr\/produits\/typologie\/\" \/>\n<meta property=\"og:locale\" content=\"fr_FR\" \/>\n<meta property=\"og:type\" content=\"article\" \/>\n<meta property=\"og:title\" content=\"Typologie - Relax srl\" \/>\n<meta property=\"og:description\" content=\"Produits Relax : une offre de cabines de douche, plans de baignoire, receveurs de douche, baignoires et accessoires. Fabrication italienne.\" \/>\n<meta property=\"og:url\" content=\"https:\/\/relaxsrl.com\/fr\/produits\/typologie\/\" \/>\n<meta property=\"og:site_name\" content=\"Relax srl\" \/>\n<meta property=\"article:modified_time\" content=\"2023-10-23T13:36:55+00:00\" \/>\n<meta property=\"og:image\" content=\"https:\/\/relaxsrl.com\/website\/wp-content\/uploads\/2021\/09\/EVOX_SFF_2.jpg\" \/>\n\t<meta property=\"og:image:width\" content=\"800\" \/>\n\t<meta property=\"og:image:height\" content=\"555\" \/>\n\t<meta property=\"og:image:type\" content=\"image\/jpeg\" \/>\n<meta name=\"twitter:card\" content=\"summary_large_image\" \/>\n<meta name=\"twitter:label1\" content=\"Dur\u00e9e de lecture estim\u00e9e\" \/>\n\t<meta name=\"twitter:data1\" content=\"2 minutes\" \/>\n<script type=\"application\/ld+json\" class=\"yoast-schema-graph\">{\"@context\":\"https:\/\/schema.org\",\"@graph\":[{\"@type\":\"WebSite\",\"@id\":\"https:\/\/relaxsrl.com\/#website\",\"url\":\"https:\/\/relaxsrl.com\/\",\"name\":\"Relax srl\",\"description\":\"\",\"potentialAction\":[{\"@type\":\"SearchAction\",\"target\":{\"@type\":\"EntryPoint\",\"urlTemplate\":\"https:\/\/relaxsrl.com\/?s={search_term_string}\"},\"query-input\":\"required name=search_term_string\"}],\"inLanguage\":\"fr-FR\"},{\"@type\":\"ImageObject\",\"inLanguage\":\"fr-FR\",\"@id\":\"https:\/\/relaxsrl.com\/fr\/produits\/typologie\/#primaryimage\",\"url\":\"https:\/\/relaxsrl.com\/website\/wp-content\/uploads\/2021\/09\/EVOX_SFF_2.jpg\",\"contentUrl\":\"https:\/\/relaxsrl.com\/website\/wp-content\/uploads\/2021\/09\/EVOX_SFF_2.jpg\",\"width\":800,\"height\":555,\"caption\":\"Box doccia ad angolo con anta scorrevole e sistema di apertura con soft close\"},{\"@type\":\"WebPage\",\"@id\":\"https:\/\/relaxsrl.com\/fr\/produits\/typologie\/#webpage\",\"url\":\"https:\/\/relaxsrl.com\/fr\/produits\/typologie\/\",\"name\":\"Typologie - Relax srl\",\"isPartOf\":{\"@id\":\"https:\/\/relaxsrl.com\/#website\"},\"primaryImageOfPage\":{\"@id\":\"https:\/\/relaxsrl.com\/fr\/produits\/typologie\/#primaryimage\"},\"datePublished\":\"2021-11-30T07:35:24+00:00\",\"dateModified\":\"2023-10-23T13:36:55+00:00\",\"description\":\"Produits Relax : une offre de cabines de douche, plans de baignoire, receveurs de douche, baignoires et accessoires. Fabrication italienne.\",\"breadcrumb\":{\"@id\":\"https:\/\/relaxsrl.com\/fr\/produits\/typologie\/#breadcrumb\"},\"inLanguage\":\"fr-FR\",\"potentialAction\":[{\"@type\":\"ReadAction\",\"target\":[\"https:\/\/relaxsrl.com\/fr\/produits\/typologie\/\"]}]},{\"@type\":\"BreadcrumbList\",\"@id\":\"https:\/\/relaxsrl.com\/fr\/produits\/typologie\/#breadcrumb\",\"itemListElement\":[{\"@type\":\"ListItem\",\"position\":1,\"name\":\"Produits\",\"item\":\"https:\/\/relaxsrl.com\/fr\/produits\/\"},{\"@type\":\"ListItem\",\"position\":2,\"name\":\"Typologie\"}]}]}<\/script>\n<!-- \/ Yoast SEO Premium plugin. -->","yoast_head_json":{"title":"Typologie - Relax srl","description":"Produits Relax : une offre de cabines de douche, plans de baignoire, receveurs de douche, baignoires et accessoires. Fabrication italienne.","robots":{"index":"index","follow":"follow","max-snippet":"max-snippet:-1","max-image-preview":"max-image-preview:large","max-video-preview":"max-video-preview:-1"},"canonical":"https:\/\/relaxsrl.com\/fr\/produits\/typologie\/","og_locale":"fr_FR","og_type":"article","og_title":"Typologie - Relax srl","og_description":"Produits Relax : une offre de cabines de douche, plans de baignoire, receveurs de douche, baignoires et accessoires. Fabrication italienne.","og_url":"https:\/\/relaxsrl.com\/fr\/produits\/typologie\/","og_site_name":"Relax srl","article_modified_time":"2023-10-23T13:36:55+00:00","og_image":[{"width":800,"height":555,"url":"https:\/\/relaxsrl.com\/website\/wp-content\/uploads\/2021\/09\/EVOX_SFF_2.jpg","type":"image\/jpeg"}],"twitter_card":"summary_large_image","twitter_misc":{"Dur\u00e9e de lecture estim\u00e9e":"2 minutes"},"schema":{"@context":"https:\/\/schema.org","@graph":[{"@type":"WebSite","@id":"https:\/\/relaxsrl.com\/#website","url":"https:\/\/relaxsrl.com\/","name":"Relax srl","description":"","potentialAction":[{"@type":"SearchAction","target":{"@type":"EntryPoint","urlTemplate":"https:\/\/relaxsrl.com\/?s={search_term_string}"},"query-input":"required name=search_term_string"}],"inLanguage":"fr-FR"},{"@type":"ImageObject","inLanguage":"fr-FR","@id":"https:\/\/relaxsrl.com\/fr\/produits\/typologie\/#primaryimage","url":"https:\/\/relaxsrl.com\/website\/wp-content\/uploads\/2021\/09\/EVOX_SFF_2.jpg","contentUrl":"https:\/\/relaxsrl.com\/website\/wp-content\/uploads\/2021\/09\/EVOX_SFF_2.jpg","width":800,"height":555,"caption":"Box doccia ad angolo con anta scorrevole e sistema di apertura con soft close"},{"@type":"WebPage","@id":"https:\/\/relaxsrl.com\/fr\/produits\/typologie\/#webpage","url":"https:\/\/relaxsrl.com\/fr\/produits\/typologie\/","name":"Typologie - Relax srl","isPartOf":{"@id":"https:\/\/relaxsrl.com\/#website"},"primaryImageOfPage":{"@id":"https:\/\/relaxsrl.com\/fr\/produits\/typologie\/#primaryimage"},"datePublished":"2021-11-30T07:35:24+00:00","dateModified":"2023-10-23T13:36:55+00:00","description":"Produits Relax : une offre de cabines de douche, plans de baignoire, receveurs de douche, baignoires et accessoires. Fabrication italienne.","breadcrumb":{"@id":"https:\/\/relaxsrl.com\/fr\/produits\/typologie\/#breadcrumb"},"inLanguage":"fr-FR","potentialAction":[{"@type":"ReadAction","target":["https:\/\/relaxsrl.com\/fr\/produits\/typologie\/"]}]},{"@type":"BreadcrumbList","@id":"https:\/\/relaxsrl.com\/fr\/produits\/typologie\/#breadcrumb","itemListElement":[{"@type":"ListItem","position":1,"name":"Produits","item":"https:\/\/relaxsrl.com\/fr\/produits\/"},{"@type":"ListItem","position":2,"name":"Typologie"}]}]}},"_links":{"self":[{"href":"https:\/\/relaxsrl.com\/fr\/wp-json\/wp\/v2\/pages\/13371"}],"collection":[{"href":"https:\/\/relaxsrl.com\/fr\/wp-json\/wp\/v2\/pages"}],"about":[{"href":"https:\/\/relaxsrl.com\/fr\/wp-json\/wp\/v2\/types\/page"}],"author":[{"embeddable":true,"href":"https:\/\/relaxsrl.com\/fr\/wp-json\/wp\/v2\/users\/3"}],"replies":[{"embeddable":true,"href":"https:\/\/relaxsrl.com\/fr\/wp-json\/wp\/v2\/comments?post=13371"}],"version-history":[{"count":7,"href":"https:\/\/relaxsrl.com\/fr\/wp-json\/wp\/v2\/pages\/13371\/revisions"}],"predecessor-version":[{"id":15493,"href":"https:\/\/relaxsrl.com\/fr\/wp-json\/wp\/v2\/pages\/13371\/revisions\/15493"}],"up":[{"embeddable":true,"href":"https:\/\/relaxsrl.com\/fr\/wp-json\/wp\/v2\/pages\/12873"}],"wp:featuredmedia":[{"embeddable":true,"href":"https:\/\/relaxsrl.com\/fr\/wp-json\/wp\/v2\/media\/2076"}],"wp:attachment":[{"href":"https:\/\/relaxsrl.com\/fr\/wp-json\/wp\/v2\/media?parent=13371"}],"curies":[{"name":"wp","href":"https:\/\/api.w.org\/{rel}","templated":true}]}}