{"id":13382,"date":"2021-11-30T09:36:26","date_gmt":"2021-11-30T08:36:26","guid":{"rendered":"http:\/\/relaxsrl.com\/produits\/typologie\/cabine-de-douche\/"},"modified":"2025-07-24T11:11:06","modified_gmt":"2025-07-24T09:11:06","slug":"cabine-de-douche","status":"publish","type":"page","link":"https:\/\/relaxsrl.com\/fr\/produits\/typologie\/cabine-de-douche\/","title":{"rendered":"Cabine de douche"},"content":{"rendered":"<p>[vc_row full_width=\u00a0\u00bbstretch_row\u00a0\u00bb content_placement=\u00a0\u00bbmiddle\u00a0\u00bb el_class=\u00a0\u00bbintro-row\u00a0\u00bb][vc_column width=\u00a0\u00bb5\/12&Prime;][vc_column_text]<\/p>\n<h1>Cabine de douche<\/h1>\n<p>[\/vc_column_text][\/vc_column][vc_column width=\u00a0\u00bb7\/12&Prime;][vc_column_text el_class=\u00a0\u00bbabstract\u00a0\u00bb]Avec Relax, vous pouvez avoir des cabines de douche d&rsquo;angle, de niche, semi-circulaires et paroi fixe. En formats standards et sur-mesure, personnalisables gr\u00e2ce \u00e0 notre service Recherche &amp; D\u00e9veloppement. De plus, presque tous les mod\u00e8les sont \u00e9quip\u00e9s d&rsquo;une version \u00e0 trois c\u00f4t\u00e9s. Quel sera l&#8217;emplacement de votre cabine de douche? C&rsquo;est la premi\u00e8re information dont vous avez besoin pour choisir la solution la mieux adapt\u00e9e \u00e0 vos besoins. Toutes les solutions sont certifi\u00e9es <a href=\"https:\/\/www.tuvsud.com\/fr-fr\">T\u00dcV S\u00dcD<\/a>.[\/vc_column_text][\/vc_column][\/vc_row][vc_row el_class=\u00a0\u00bbrow-path\u00a0\u00bb][vc_column][vc_column_text][\/vc_column_text][\/vc_column][\/vc_row][vc_row el_class=\u00a0\u00bbrow-categorie-tipologia\u00a0\u00bb][vc_column width=\u00a0\u00bb1\/12&Prime;][\/vc_column][vc_column width=\u00a0\u00bb5\/12&Prime; el_class=\u00a0\u00bbcategoria-tipologia\u00a0\u00bb][vc_single_image image=\u00a0\u00bb2105&Prime; img_size=\u00a0\u00bbfull\u00a0\u00bb alignment=\u00a0\u00bbcenter\u00a0\u00bb onclick=\u00a0\u00bbcustom_link\u00a0\u00bb link=\u00a0\u00bbhttp:\/\/relaxsrl.com\/fr\/produits\/typologie\/cabine-de-douche\/paroi-fixe\/\u00a0\u00bb][vc_column_text]<\/p>\n<h3 style=\"text-align: center;\"><a href=\"http:\/\/relaxsrl.com\/fr\/produits\/typologie\/cabine-de-douche\/paroi-fixe\/\">Paroi fixe<\/a><\/h3>\n<p style=\"text-align: center;\"><a href=\"http:\/\/relaxsrl.com\/fr\/produits\/typologie\/cabine-de-douche\/paroi-fixe\/\">Les cabines de douche \u00e0 l&rsquo;italienne sont minimales et essentielles, caract\u00e9ris\u00e9es par un acc\u00e8s imm\u00e9diat car elles n&rsquo;ont pas de porte.<\/a><\/p>\n<p>[\/vc_column_text][vc_btn title=\u00a0\u00bbD\u00c9COUVREZ TOUS LES PRODUITS\u00a0\u00bb style=\u00a0\u00bbclassic\u00a0\u00bb shape=\u00a0\u00bbsquare\u00a0\u00bb color=\u00a0\u00bbwhite\u00a0\u00bb align=\u00a0\u00bbcenter\u00a0\u00bb link=\u00a0\u00bburl:http%3A%2F%2Frelaxsrl.com%2Ffr%2Fproduits%2Ftypologie%2Fcabine-de-douche%2Fparoi-fixe%2F|title:Paroi%20fixe\u00a0\u00bb el_class=\u00a0\u00bbbtn-default\u00a0\u00bb][\/vc_column][vc_column width=\u00a0\u00bb5\/12&Prime; el_class=\u00a0\u00bbcategoria-tipologia\u00a0\u00bb][vc_single_image image=\u00a0\u00bb31926&Prime; img_size=\u00a0\u00bbfull\u00a0\u00bb alignment=\u00a0\u00bbcenter\u00a0\u00bb onclick=\u00a0\u00bbcustom_link\u00a0\u00bb link=\u00a0\u00bbhttp:\/\/relaxsrl.com\/fr\/produits\/typologie\/cabine-de-douche\/angulaire\/\u00a0\u00bb][vc_column_text]<\/p>\n<h3 style=\"text-align: center;\"><a href=\"http:\/\/relaxsrl.com\/fr\/produits\/typologie\/cabine-de-douche\/angulaire\/\">Angulaire<\/a><\/h3>\n<p style=\"text-align: center;\"><a href=\"http:\/\/relaxsrl.com\/fr\/produits\/typologie\/cabine-de-douche\/angulaire\/\">Les cabines de douche d&rsquo;angle ont deux c\u00f4t\u00e9s form\u00e9s par l&rsquo;intersection de deux murs de salle de bain. Tr\u00e8s fr\u00e9quents, ils s&rsquo;adaptent \u00e0 tout type d&rsquo;ouverture.<\/a><\/p>\n<p>[\/vc_column_text][vc_btn title=\u00a0\u00bbD\u00c9COUVREZ TOUS LES PRODUITS\u00a0\u00bb style=\u00a0\u00bbclassic\u00a0\u00bb shape=\u00a0\u00bbsquare\u00a0\u00bb color=\u00a0\u00bbwhite\u00a0\u00bb align=\u00a0\u00bbcenter\u00a0\u00bb link=\u00a0\u00bburl:http%3A%2F%2Frelaxsrl.com%2Ffr%2Fproduits%2Ftypologie%2Fcabine-de-douche%2Fangulaire%2F|title:Angulaire\u00a0\u00bb el_class=\u00a0\u00bbbtn-default\u00a0\u00bb][\/vc_column][vc_column width=\u00a0\u00bb1\/12&Prime;][\/vc_column][\/vc_row][vc_row el_class=\u00a0\u00bbrow-categorie-tipologia\u00a0\u00bb][vc_column width=\u00a0\u00bb1\/12&Prime;][\/vc_column][vc_column width=\u00a0\u00bb5\/12&Prime; el_class=\u00a0\u00bbcategoria-tipologia\u00a0\u00bb][vc_single_image image=\u00a0\u00bb31931&Prime; img_size=\u00a0\u00bbfull\u00a0\u00bb alignment=\u00a0\u00bbcenter\u00a0\u00bb onclick=\u00a0\u00bbcustom_link\u00a0\u00bb link=\u00a0\u00bbhttp:\/\/relaxsrl.com\/fr\/produits\/typologie\/cabine-de-douche\/en-niche\/\u00a0\u00bb][vc_column_text]<\/p>\n<h3 style=\"text-align: center;\"><a href=\"http:\/\/relaxsrl.com\/fr\/produits\/typologie\/cabine-de-douche\/en-niche\/\">In Niche<\/a><\/h3>\n<p style=\"text-align: center;\"><a href=\"http:\/\/relaxsrl.com\/fr\/produits\/typologie\/cabine-de-douche\/en-niche\/\">Les cabines de douche dans la niche sont encastr\u00e9es entre trois murs et n&rsquo;ont qu&rsquo;un seul c\u00f4t\u00e9 ouvert, celui de la porte d&rsquo;entr\u00e9e.<\/a><\/p>\n<p>[\/vc_column_text][vc_btn title=\u00a0\u00bbD\u00c9COUVREZ TOUS LES PRODUITS\u00a0\u00bb style=\u00a0\u00bbclassic\u00a0\u00bb shape=\u00a0\u00bbsquare\u00a0\u00bb color=\u00a0\u00bbwhite\u00a0\u00bb align=\u00a0\u00bbcenter\u00a0\u00bb link=\u00a0\u00bburl:http%3A%2F%2Frelaxsrl.com%2Ffr%2Fproduits%2Ftypologie%2Fcabine-de-douche%2Fen-niche%2F|title:Niche\u00a0\u00bb el_class=\u00a0\u00bbbtn-default\u00a0\u00bb][\/vc_column][vc_column width=\u00a0\u00bb5\/12&Prime; el_class=\u00a0\u00bbcategoria-tipologia\u00a0\u00bb][vc_single_image image=\u00a0\u00bb2093&Prime; img_size=\u00a0\u00bbfull\u00a0\u00bb alignment=\u00a0\u00bbcenter\u00a0\u00bb onclick=\u00a0\u00bbcustom_link\u00a0\u00bb link=\u00a0\u00bbhttp:\/\/relaxsrl.com\/fr\/produits\/typologie\/cabine-de-douche\/semi-circulaire\/\u00a0\u00bb][vc_column_text]<\/p>\n<h3 style=\"text-align: center;\"><a href=\"http:\/\/relaxsrl.com\/fr\/produits\/typologie\/cabine-de-douche\/semi-circulaire\/\">Semi-circulaire<\/a><\/h3>\n<p style=\"text-align: center;\"><a href=\"http:\/\/relaxsrl.com\/fr\/produits\/typologie\/cabine-de-douche\/semi-circulaire\/\">Les cabines de douche semi-circulaires avec verre bomb\u00e9 sont positionn\u00e9es dans un coin de la salle de bain. Vous n&rsquo;aimez pas les bords ? C&rsquo;est le choix pour vous!<\/a><\/p>\n<p>[\/vc_column_text][vc_btn title=\u00a0\u00bbD\u00c9COUVREZ TOUS LES PRODUITS\u00a0\u00bb style=\u00a0\u00bbclassic\u00a0\u00bb shape=\u00a0\u00bbsquare\u00a0\u00bb color=\u00a0\u00bbwhite\u00a0\u00bb align=\u00a0\u00bbcenter\u00a0\u00bb link=\u00a0\u00bburl:http%3A%2F%2Frelaxsrl.com%2Ffr%2Fproduits%2Ftypologie%2Fcabine-de-douche%2Fsemi-circulaire%2F|title:Semi-circulaire\u00a0\u00bb el_class=\u00a0\u00bbbtn-default\u00a0\u00bb][\/vc_column][vc_column width=\u00a0\u00bb1\/12&Prime;][\/vc_column][\/vc_row][vc_row][vc_column][vc_empty_space height=\u00a0\u00bb100px\u00a0\u00bb][\/vc_column][\/vc_row][vc_row full_width=\u00a0\u00bbstretch_row_content_no_spaces\u00a0\u00bb equal_height=\u00a0\u00bbyes\u00a0\u00bb content_placement=\u00a0\u00bbmiddle\u00a0\u00bb el_class=\u00a0\u00bbrow-over-footer row-cta-over-footer\u00a0\u00bb][vc_column width=\u00a0\u00bb1\/2&Prime;][vc_single_image image=\u00a0\u00bb2327&Prime; img_size=\u00a0\u00bbfull\u00a0\u00bb][\/vc_column][vc_column width=\u00a0\u00bb1\/2&Prime; css=\u00a0\u00bb.vc_custom_1632907290932{background-image: url(http:\/\/relaxsrl.com\/wp-content\/uploads\/2021\/09\/cta-configuratore-opaco-1.jpg?id=2329) !important;background-position: center !important;background-repeat: no-repeat !important;background-size: cover !important;}\u00a0\u00bb el_class=\u00a0\u00bbrow-cta-over-footer-col-text\u00a0\u00bb][vc_row_inner][vc_column_inner width=\u00a0\u00bb1\/4&Prime;][\/vc_column_inner][vc_column_inner width=\u00a0\u00bb1\/2&Prime;][vc_column_text]<\/p>\n<h2 style=\"text-align: center;\">Utiliser le configurateur de parois de douche<\/h2>\n<p style=\"text-align: center;\">Partez de vos besoins et utilisez le configurateur de cabine de douche Relax. De cette fa\u00e7on, vous pouvez trouver la solution qui vous convient le mieux en temps r\u00e9el.<\/p>\n<p>[\/vc_column_text][vc_btn title=\u00a0\u00bbALLER AU CONFIGURATEUR\u00a0\u00bb style=\u00a0\u00bbclassic\u00a0\u00bb shape=\u00a0\u00bbsquare\u00a0\u00bb color=\u00a0\u00bbwhite\u00a0\u00bb align=\u00a0\u00bbcenter\u00a0\u00bb el_class=\u00a0\u00bbbtn-default-white\u00a0\u00bb link=\u00a0\u00bburl:http%3A%2F%2Frelaxsrl.com%2Ffr%2Fproduits%2Fconfigurateur%2F|title:Configurateur|\u00a0\u00bb][\/vc_column_inner][vc_column_inner width=\u00a0\u00bb1\/4&Prime;][\/vc_column_inner][\/vc_row_inner][\/vc_column][\/vc_row]<\/p>\n","protected":false},"excerpt":{"rendered":"<p>[vc_row full_width=\u00a0\u00bbstretch_row\u00a0\u00bb content_placement=\u00a0\u00bbmiddle\u00a0\u00bb el_class=\u00a0\u00bbintro-row\u00a0\u00bb][vc_column width=\u00a0\u00bb5\/12&Prime;][vc_column_text] Cabine de douche [\/vc_column_text][\/vc_column][vc_column width=\u00a0\u00bb7\/12&Prime;][vc_column_text el_class=\u00a0\u00bbabstract\u00a0\u00bb]Avec Relax, vous pouvez avoir des cabines de douche d&rsquo;angle, de niche, semi-circulaires et paroi fixe. En formats standards et sur-mesure, personnalisables gr\u00e2ce \u00e0 notre service Recherche &amp; D\u00e9veloppement. De plus, presque tous les mod\u00e8les sont \u00e9quip\u00e9s d&rsquo;une version \u00e0 trois c\u00f4t\u00e9s. Quel sera l&#8217;emplacement [&hellip;]<\/p>\n","protected":false},"author":3,"featured_media":2105,"parent":13371,"menu_order":0,"comment_status":"closed","ping_status":"closed","template":"","meta":[],"acf":[],"yoast_head":"<!-- This site is optimized with the Yoast SEO Premium plugin v18.4 (Yoast SEO v18.8) - https:\/\/yoast.com\/wordpress\/plugins\/seo\/ -->\n<title>Cabine de douche - Relax srl<\/title>\n<meta name=\"description\" content=\"Cabine de douche sur mesure, \u00e0 l&#039;italienne, d&#039;angle, en niche et semi-circulaire, personnalisables \u00e0 partir des mod\u00e8les standards.\" \/>\n<meta name=\"robots\" content=\"index, follow, max-snippet:-1, max-image-preview:large, max-video-preview:-1\" \/>\n<link rel=\"canonical\" href=\"https:\/\/relaxsrl.com\/fr\/produits\/typologie\/cabine-de-douche\/\" \/>\n<meta property=\"og:locale\" content=\"fr_FR\" \/>\n<meta property=\"og:type\" content=\"article\" \/>\n<meta property=\"og:title\" content=\"Cabine de douche - Relax srl\" \/>\n<meta property=\"og:description\" content=\"Cabine de douche sur mesure, \u00e0 l&#039;italienne, d&#039;angle, en niche et semi-circulaire, personnalisables \u00e0 partir des mod\u00e8les standards.\" \/>\n<meta property=\"og:url\" content=\"https:\/\/relaxsrl.com\/fr\/produits\/typologie\/cabine-de-douche\/\" \/>\n<meta property=\"og:site_name\" content=\"Relax srl\" \/>\n<meta property=\"article:modified_time\" content=\"2025-07-24T09:11:06+00:00\" \/>\n<meta property=\"og:image\" content=\"https:\/\/relaxsrl.com\/website\/wp-content\/uploads\/2021\/09\/WALL_A_4-2.jpg\" \/>\n\t<meta property=\"og:image:width\" content=\"800\" \/>\n\t<meta property=\"og:image:height\" content=\"555\" \/>\n\t<meta property=\"og:image:type\" content=\"image\/jpeg\" \/>\n<meta name=\"twitter:card\" content=\"summary_large_image\" \/>\n<meta name=\"twitter:label1\" content=\"Dur\u00e9e de lecture estim\u00e9e\" \/>\n\t<meta name=\"twitter:data1\" content=\"2 minutes\" \/>\n<script type=\"application\/ld+json\" class=\"yoast-schema-graph\">{\"@context\":\"https:\/\/schema.org\",\"@graph\":[{\"@type\":\"WebSite\",\"@id\":\"https:\/\/relaxsrl.com\/#website\",\"url\":\"https:\/\/relaxsrl.com\/\",\"name\":\"Relax srl\",\"description\":\"\",\"potentialAction\":[{\"@type\":\"SearchAction\",\"target\":{\"@type\":\"EntryPoint\",\"urlTemplate\":\"https:\/\/relaxsrl.com\/?s={search_term_string}\"},\"query-input\":\"required name=search_term_string\"}],\"inLanguage\":\"fr-FR\"},{\"@type\":\"ImageObject\",\"inLanguage\":\"fr-FR\",\"@id\":\"https:\/\/relaxsrl.com\/fr\/produits\/typologie\/cabine-de-douche\/#primaryimage\",\"url\":\"https:\/\/relaxsrl.com\/website\/wp-content\/uploads\/2021\/09\/WALL_A_4-2.jpg\",\"contentUrl\":\"https:\/\/relaxsrl.com\/website\/wp-content\/uploads\/2021\/09\/WALL_A_4-2.jpg\",\"width\":800,\"height\":555,\"caption\":\"Cabina doccia walk-in con bordo colorato nero\"},{\"@type\":\"WebPage\",\"@id\":\"https:\/\/relaxsrl.com\/fr\/produits\/typologie\/cabine-de-douche\/#webpage\",\"url\":\"https:\/\/relaxsrl.com\/fr\/produits\/typologie\/cabine-de-douche\/\",\"name\":\"Cabine de douche - Relax srl\",\"isPartOf\":{\"@id\":\"https:\/\/relaxsrl.com\/#website\"},\"primaryImageOfPage\":{\"@id\":\"https:\/\/relaxsrl.com\/fr\/produits\/typologie\/cabine-de-douche\/#primaryimage\"},\"datePublished\":\"2021-11-30T08:36:26+00:00\",\"dateModified\":\"2025-07-24T09:11:06+00:00\",\"description\":\"Cabine de douche sur mesure, \u00e0 l'italienne, d'angle, en niche et semi-circulaire, personnalisables \u00e0 partir des mod\u00e8les standards.\",\"breadcrumb\":{\"@id\":\"https:\/\/relaxsrl.com\/fr\/produits\/typologie\/cabine-de-douche\/#breadcrumb\"},\"inLanguage\":\"fr-FR\",\"potentialAction\":[{\"@type\":\"ReadAction\",\"target\":[\"https:\/\/relaxsrl.com\/fr\/produits\/typologie\/cabine-de-douche\/\"]}]},{\"@type\":\"BreadcrumbList\",\"@id\":\"https:\/\/relaxsrl.com\/fr\/produits\/typologie\/cabine-de-douche\/#breadcrumb\",\"itemListElement\":[{\"@type\":\"ListItem\",\"position\":1,\"name\":\"Produits\",\"item\":\"https:\/\/relaxsrl.com\/fr\/produits\/\"},{\"@type\":\"ListItem\",\"position\":2,\"name\":\"Typologie\",\"item\":\"https:\/\/relaxsrl.com\/fr\/produits\/typologie\/\"},{\"@type\":\"ListItem\",\"position\":3,\"name\":\"Cabine de douche\"}]}]}<\/script>\n<!-- \/ Yoast SEO Premium plugin. -->","yoast_head_json":{"title":"Cabine de douche - Relax srl","description":"Cabine de douche sur mesure, \u00e0 l'italienne, d'angle, en niche et semi-circulaire, personnalisables \u00e0 partir des mod\u00e8les standards.","robots":{"index":"index","follow":"follow","max-snippet":"max-snippet:-1","max-image-preview":"max-image-preview:large","max-video-preview":"max-video-preview:-1"},"canonical":"https:\/\/relaxsrl.com\/fr\/produits\/typologie\/cabine-de-douche\/","og_locale":"fr_FR","og_type":"article","og_title":"Cabine de douche - Relax srl","og_description":"Cabine de douche sur mesure, \u00e0 l'italienne, d'angle, en niche et semi-circulaire, personnalisables \u00e0 partir des mod\u00e8les standards.","og_url":"https:\/\/relaxsrl.com\/fr\/produits\/typologie\/cabine-de-douche\/","og_site_name":"Relax srl","article_modified_time":"2025-07-24T09:11:06+00:00","og_image":[{"width":800,"height":555,"url":"https:\/\/relaxsrl.com\/website\/wp-content\/uploads\/2021\/09\/WALL_A_4-2.jpg","type":"image\/jpeg"}],"twitter_card":"summary_large_image","twitter_misc":{"Dur\u00e9e de lecture estim\u00e9e":"2 minutes"},"schema":{"@context":"https:\/\/schema.org","@graph":[{"@type":"WebSite","@id":"https:\/\/relaxsrl.com\/#website","url":"https:\/\/relaxsrl.com\/","name":"Relax srl","description":"","potentialAction":[{"@type":"SearchAction","target":{"@type":"EntryPoint","urlTemplate":"https:\/\/relaxsrl.com\/?s={search_term_string}"},"query-input":"required name=search_term_string"}],"inLanguage":"fr-FR"},{"@type":"ImageObject","inLanguage":"fr-FR","@id":"https:\/\/relaxsrl.com\/fr\/produits\/typologie\/cabine-de-douche\/#primaryimage","url":"https:\/\/relaxsrl.com\/website\/wp-content\/uploads\/2021\/09\/WALL_A_4-2.jpg","contentUrl":"https:\/\/relaxsrl.com\/website\/wp-content\/uploads\/2021\/09\/WALL_A_4-2.jpg","width":800,"height":555,"caption":"Cabina doccia walk-in con bordo colorato nero"},{"@type":"WebPage","@id":"https:\/\/relaxsrl.com\/fr\/produits\/typologie\/cabine-de-douche\/#webpage","url":"https:\/\/relaxsrl.com\/fr\/produits\/typologie\/cabine-de-douche\/","name":"Cabine de douche - Relax srl","isPartOf":{"@id":"https:\/\/relaxsrl.com\/#website"},"primaryImageOfPage":{"@id":"https:\/\/relaxsrl.com\/fr\/produits\/typologie\/cabine-de-douche\/#primaryimage"},"datePublished":"2021-11-30T08:36:26+00:00","dateModified":"2025-07-24T09:11:06+00:00","description":"Cabine de douche sur mesure, \u00e0 l'italienne, d'angle, en niche et semi-circulaire, personnalisables \u00e0 partir des mod\u00e8les standards.","breadcrumb":{"@id":"https:\/\/relaxsrl.com\/fr\/produits\/typologie\/cabine-de-douche\/#breadcrumb"},"inLanguage":"fr-FR","potentialAction":[{"@type":"ReadAction","target":["https:\/\/relaxsrl.com\/fr\/produits\/typologie\/cabine-de-douche\/"]}]},{"@type":"BreadcrumbList","@id":"https:\/\/relaxsrl.com\/fr\/produits\/typologie\/cabine-de-douche\/#breadcrumb","itemListElement":[{"@type":"ListItem","position":1,"name":"Produits","item":"https:\/\/relaxsrl.com\/fr\/produits\/"},{"@type":"ListItem","position":2,"name":"Typologie","item":"https:\/\/relaxsrl.com\/fr\/produits\/typologie\/"},{"@type":"ListItem","position":3,"name":"Cabine de douche"}]}]}},"_links":{"self":[{"href":"https:\/\/relaxsrl.com\/fr\/wp-json\/wp\/v2\/pages\/13382"}],"collection":[{"href":"https:\/\/relaxsrl.com\/fr\/wp-json\/wp\/v2\/pages"}],"about":[{"href":"https:\/\/relaxsrl.com\/fr\/wp-json\/wp\/v2\/types\/page"}],"author":[{"embeddable":true,"href":"https:\/\/relaxsrl.com\/fr\/wp-json\/wp\/v2\/users\/3"}],"replies":[{"embeddable":true,"href":"https:\/\/relaxsrl.com\/fr\/wp-json\/wp\/v2\/comments?post=13382"}],"version-history":[{"count":7,"href":"https:\/\/relaxsrl.com\/fr\/wp-json\/wp\/v2\/pages\/13382\/revisions"}],"predecessor-version":[{"id":31936,"href":"https:\/\/relaxsrl.com\/fr\/wp-json\/wp\/v2\/pages\/13382\/revisions\/31936"}],"up":[{"embeddable":true,"href":"https:\/\/relaxsrl.com\/fr\/wp-json\/wp\/v2\/pages\/13371"}],"wp:featuredmedia":[{"embeddable":true,"href":"https:\/\/relaxsrl.com\/fr\/wp-json\/wp\/v2\/media\/2105"}],"wp:attachment":[{"href":"https:\/\/relaxsrl.com\/fr\/wp-json\/wp\/v2\/media?parent=13382"}],"curies":[{"name":"wp","href":"https:\/\/api.w.org\/{rel}","templated":true}]}}