{"id":13400,"date":"2021-11-30T09:49:35","date_gmt":"2021-11-30T08:49:35","guid":{"rendered":"http:\/\/relaxsrl.com\/produits\/typologie\/cabine-de-douche\/semi-circulaire\/"},"modified":"2023-10-23T17:19:23","modified_gmt":"2023-10-23T15:19:23","slug":"semi-circulaire","status":"publish","type":"page","link":"https:\/\/relaxsrl.com\/fr\/produits\/typologie\/cabine-de-douche\/semi-circulaire\/","title":{"rendered":"Semi-circulaire"},"content":{"rendered":"<p>[vc_row full_width=\u00a0\u00bbstretch_row\u00a0\u00bb content_placement=\u00a0\u00bbmiddle\u00a0\u00bb el_class=\u00a0\u00bbintro-row\u00a0\u00bb][vc_column width=\u00a0\u00bb5\/12&Prime;][vc_column_text]<\/p>\n<h1>Cabines de douche semi-circulaires<\/h1>\n<p>[\/vc_column_text][\/vc_column][vc_column width=\u00a0\u00bb7\/12&Prime;][vc_column_text el_class=\u00a0\u00bbabstract\u00a0\u00bb]Les cabines de douche semi-circulaires, rondes ou asym\u00e9triques sont id\u00e9ales pour les petites salles de bain, ou pour ceux qui souhaitent une cabine de douche pratique et peu encombrante. Ils sont disponibles dans plusieurs collections Relax, avec ouverture coulissante, battante, une ou deux portes, avec verre de 4 ou 6 mm d&rsquo;\u00e9paisseur. Les parois de douche semi-circulaires doivent \u00eatre combin\u00e9es avec des receveurs de douche aux coins arrondis. Les rayons d&rsquo;arrondi les plus courants sont de 38 et 55 centim\u00e8tres. Toutes les solutions sont certifi\u00e9es <a href=\"https:\/\/www.tuvsud.com\/fr-fr\">T\u00dcV S\u00dcD<\/a>.[\/vc_column_text][\/vc_column][\/vc_row][vc_row el_class=\u00a0\u00bbrow-path\u00a0\u00bb][vc_column][vc_column_text][\/vc_column_text][\/vc_column][\/vc_row][vc_row][vc_column width=\u00a0\u00bb1\/12&Prime;][\/vc_column][vc_column width=\u00a0\u00bb10\/12&Prime;]<div class=\"woocommerce columns-3 \"><ul class=\"products columns-3\">\n<li class=\"product type-product post-13890 status-publish first instock product_cat-3-lati-de product_cat-3-lati-en product_cat-3-lati-fr product_cat-3- product_cat-semi-circulaire-battante product_cat-battente-fr product_cat-battente-de-6 product_cat-battente-de-3 product_cat-battente product_cat-box-doccia-en product_cat-box-doccia-de product_cat-cabine-de-douche product_cat-collections-en product_cat-collections product_cat-semicircular-hinged product_cat-luxor-de product_cat-luxor-en product_cat-luxor-ru product_cat-luxor-fr product_cat-collezioni-de product_cat-semi-circulaire product_cat-semicircolari-de product_cat-semicircular product_cat-tipologia-prodotto-en product_cat-tipologia-prodotto-de product_cat-type-de-produit product_cat-1618 product_cat-1568 product_cat-3-- product_cat-1642 product_cat-1641 product_cat-1617 has-post-thumbnail shipping-taxable product-type-simple\">\n\t<div class=\"woocommerce-loop-product__short_description\" itemprop=\"description\"><a href=\"https:\/\/relaxsrl.com\/fr\/produit\/luxor-120s\/\" class=\"woocommerce-LoopProduct-link woocommerce-loop-product__link\"><p>Cabine de douche d&rsquo;angle semi-circulaire avec porte battante et receveur de douche de 120 cm de long.<\/p>\n<\/a><\/div><\/li>\n<li class=\"product type-product post-13886 status-publish instock product_cat-3-lati-en product_cat-3-lati-fr product_cat-3-lati-de product_cat-3- product_cat-semi-circulaire-battante product_cat-battente-de-6 product_cat-battente-de-3 product_cat-battente product_cat-battente-fr product_cat-box-doccia-de product_cat-box-doccia-en product_cat-cabine-de-douche product_cat-collections-en product_cat-collections product_cat-semicircular-hinged product_cat-luxor-ru product_cat-luxor-en product_cat-luxor-fr product_cat-luxor-de product_cat-collezioni-de product_cat-semi-circulaire product_cat-semicircolari-de product_cat-semicircular product_cat-tipologia-prodotto-de product_cat-tipologia-prodotto-en product_cat-type-de-produit product_cat-1618 product_cat-1568 product_cat-1642 product_cat-3-- product_cat-1641 product_cat-1617 has-post-thumbnail shipping-taxable product-type-simple\">\n\t<div class=\"woocommerce-loop-product__short_description\" itemprop=\"description\"><a href=\"https:\/\/relaxsrl.com\/fr\/produit\/luxor-140s\/\" class=\"woocommerce-LoopProduct-link woocommerce-loop-product__link\"><p>Cabine de douche d&rsquo;angle semi-circulaire avec porte battante et receveur de douche de 140 cm de long.<\/p>\n<\/a><\/div><\/li>\n<li class=\"product type-product post-13856 status-publish last instock product_cat-semi-circulaire-battante product_cat-battente-de-6 product_cat-box-doccia-de product_cat-box-doccia-en product_cat-cabine-de-douche product_cat-collections product_cat-collections-en product_cat-selection-guide-en product_cat-guida-alla-scelta-de product_cat-guide-de-selection product_cat-semicircular-hinged product_cat-light-en product_cat-light-ru product_cat-light-fr product_cat-light-de product_cat-collezioni-de product_cat-guide-de-selection-semi-circulaire product_cat-semi-circulaire product_cat-semicircolare product_cat-semicircolari-de product_cat-selection-guide-semicircular product_cat-semicircular product_cat-tipologia-prodotto-en product_cat-tipologia-prodotto-de product_cat-type-de-produit product_cat-1618 product_cat-1568 product_cat-1642 product_cat-1641 product_cat-1613 product_cat-1594 product_cat-1617 has-post-thumbnail shipping-taxable product-type-simple\">\n\t<div class=\"woocommerce-loop-product__short_description\" itemprop=\"description\"><a href=\"https:\/\/relaxsrl.com\/fr\/produit\/light-rb\/\" class=\"woocommerce-LoopProduct-link woocommerce-loop-product__link\"><p>Cabine de douche semi-circulaire avec deux portes battantes.<\/p>\n<\/a><\/div><\/li>\n<li class=\"product type-product post-13852 status-publish first instock product_cat-semi-circulaire-battante product_cat-battente-de-6 product_cat-box-doccia-de product_cat-box-doccia-en product_cat-cabine-de-douche product_cat-collections-en product_cat-collections product_cat-semicircular-hinged product_cat-light-fr product_cat-light-de product_cat-light-ru product_cat-light-en product_cat-collezioni-de product_cat-semi-circulaire product_cat-semicircolari-de product_cat-semicircular product_cat-tipologia-prodotto-en product_cat-tipologia-prodotto-de product_cat-type-de-produit product_cat-1618 product_cat-1568 product_cat-1642 product_cat-1641 product_cat-1617 has-post-thumbnail shipping-taxable product-type-simple\">\n\t<div class=\"woocommerce-loop-product__short_description\" itemprop=\"description\"><a href=\"https:\/\/relaxsrl.com\/fr\/produit\/light-rf\/\" class=\"woocommerce-LoopProduct-link woocommerce-loop-product__link\"><p>Cabine de douche semi-circulaire et angulaire.<\/p>\n<\/a><\/div><\/li>\n<li class=\"product type-product post-13838 status-publish instock product_cat-3-lati-de product_cat-3-lati-en product_cat-3-lati-fr product_cat-3- product_cat-box-doccia-de product_cat-box-doccia-en product_cat-cabine-de-douche product_cat-collections-en product_cat-collections product_cat-coulissante product_cat-collezioni-de product_cat-scorrevole-fr product_cat-scorrevole product_cat-scorrevole-de-4 product_cat-scorrevole-de-2 product_cat-semi-circulaire product_cat-semicircolari-de product_cat-semicircular product_cat-semicircular-sliding product_cat-tipologia-prodotto-en product_cat-tipologia-prodotto-de product_cat-type-de-produit product_cat-unico-ru product_cat-unico-fr product_cat-unico-de product_cat-unico-en product_cat-1618 product_cat-1568 product_cat-1641 product_cat-3--- product_cat-1643 product_cat-1617 has-post-thumbnail shipping-taxable product-type-simple\">\n\t<div class=\"woocommerce-loop-product__short_description\" itemprop=\"description\"><a href=\"https:\/\/relaxsrl.com\/fr\/produit\/unico-r2-s\/\" class=\"woocommerce-LoopProduct-link woocommerce-loop-product__link\"><p>Douche d&rsquo;angle semi-circulaire avec double porte coulissante.<\/p>\n<\/a><\/div><\/li>\n<li class=\"product type-product post-13828 status-publish last instock product_cat-3-lati-de product_cat-3-lati-fr product_cat-3-lati-en product_cat-3- product_cat-box-doccia-en product_cat-box-doccia-de product_cat-cabine-de-douche product_cat-collections-en product_cat-collections product_cat-coulissante product_cat-selection-guide-en product_cat-guida-alla-scelta-de product_cat-guide-de-selection product_cat-collezioni-de product_cat-scorrevole product_cat-scorrevole-fr product_cat-scorrevole-de-2 product_cat-scorrevole-de-4 product_cat-guide-de-selection-semi-circulaire product_cat-semi-circulaire product_cat-semicircolare product_cat-semicircolari-de product_cat-selection-guide-semicircular product_cat-semicircular product_cat-semicircular-sliding product_cat-smart-fr product_cat-smart-en product_cat-smart-de product_cat-smart-ru product_cat-tipologia-prodotto-de product_cat-tipologia-prodotto-en product_cat-type-de-produit product_cat-1618 product_cat-1568 product_cat-1641 product_cat-1613 product_cat-3--- product_cat-1643 product_cat-1594 product_cat-1617 has-post-thumbnail shipping-taxable product-type-simple\">\n\t<div class=\"woocommerce-loop-product__short_description\" itemprop=\"description\"><a href=\"https:\/\/relaxsrl.com\/fr\/produit\/smart-r2-s\/\" class=\"woocommerce-LoopProduct-link woocommerce-loop-product__link\"><p>Cabine de douche semi-circulaire caract\u00e9ris\u00e9e par une double porte coulissante.<\/p>\n<\/a><\/div><\/li>\n<li class=\"product type-product post-13814 status-publish first instock product_cat-3-lati-en product_cat-3-lati-fr product_cat-3-lati-de product_cat-3- product_cat-box-doccia-de product_cat-box-doccia-en product_cat-cabine-de-douche product_cat-collections-en product_cat-collections product_cat-coulissante product_cat-lyra-en product_cat-lyra-fr product_cat-lyra-de product_cat-lyra-ru product_cat-collezioni-de product_cat-scorrevole product_cat-scorrevole-de-4 product_cat-scorrevole-de-2 product_cat-scorrevole-fr product_cat-semi-circulaire product_cat-semicircolari-de product_cat-semicircular product_cat-semicircular-sliding product_cat-tipologia-prodotto-de product_cat-tipologia-prodotto-en product_cat-type-de-produit product_cat-1618 product_cat-1568 product_cat-1641 product_cat-1643 product_cat-3--- product_cat-1617 has-post-thumbnail shipping-taxable product-type-simple\">\n\t<div class=\"woocommerce-loop-product__short_description\" itemprop=\"description\"><a href=\"https:\/\/relaxsrl.com\/fr\/produit\/lyra-r2-s\/\" class=\"woocommerce-LoopProduct-link woocommerce-loop-product__link\"><p>Cabine de douche semi-circulaire avec double porte coulissante et poign\u00e9e int\u00e9gr\u00e9e dans le verre.<\/p>\n<\/a><\/div><\/li>\n<li class=\"product type-product post-13812 status-publish instock product_cat-3-lati-fr product_cat-3-lati-de product_cat-3-lati-en product_cat-3- product_cat-box-doccia-de product_cat-box-doccia-en product_cat-cabine-de-douche product_cat-collections product_cat-collections-en product_cat-coulissante product_cat-flat-en product_cat-flat-fr product_cat-flat-ru product_cat-flat-de product_cat-collezioni-de product_cat-scorrevole-fr product_cat-scorrevole-de-4 product_cat-scorrevole-de-2 product_cat-scorrevole product_cat-semi-circulaire product_cat-semicircolari-de product_cat-semicircular product_cat-semicircular-sliding product_cat-tipologia-prodotto-de product_cat-tipologia-prodotto-en product_cat-type-de-produit product_cat-1618 product_cat-1568 product_cat-1641 product_cat-3--- product_cat-1643 product_cat-1617 has-post-thumbnail shipping-taxable product-type-simple\">\n\t<div class=\"woocommerce-loop-product__short_description\" itemprop=\"description\"><a href=\"https:\/\/relaxsrl.com\/fr\/produit\/flat-r2-s\/\" class=\"woocommerce-LoopProduct-link woocommerce-loop-product__link\"><p>Cabine de douche semi-circulaire avec double porte coulissante.<\/p>\n<\/a><\/div><\/li>\n<\/ul>\n<\/div>[\/vc_column][vc_column width=\u00a0\u00bb1\/12&Prime;][\/vc_column][\/vc_row]<\/p>\n","protected":false},"excerpt":{"rendered":"<p>[vc_row full_width=\u00a0\u00bbstretch_row\u00a0\u00bb content_placement=\u00a0\u00bbmiddle\u00a0\u00bb el_class=\u00a0\u00bbintro-row\u00a0\u00bb][vc_column width=\u00a0\u00bb5\/12&Prime;][vc_column_text] Cabines de douche semi-circulaires [\/vc_column_text][\/vc_column][vc_column width=\u00a0\u00bb7\/12&Prime;][vc_column_text el_class=\u00a0\u00bbabstract\u00a0\u00bb]Les cabines de douche semi-circulaires, rondes ou asym\u00e9triques sont id\u00e9ales pour les petites salles de bain, ou pour ceux qui souhaitent une cabine de douche pratique et peu encombrante. Ils sont disponibles dans plusieurs collections Relax, avec ouverture coulissante, battante, une ou deux portes, [&hellip;]<\/p>\n","protected":false},"author":3,"featured_media":10281,"parent":13382,"menu_order":0,"comment_status":"closed","ping_status":"closed","template":"","meta":[],"acf":[],"yoast_head":"<!-- This site is optimized with the Yoast SEO Premium plugin v18.4 (Yoast SEO v18.8) - https:\/\/yoast.com\/wordpress\/plugins\/seo\/ -->\n<title>Semi-circulaire - Relax srl<\/title>\n<meta name=\"description\" content=\"Les cabines de douche circulaires, id\u00e9ales pour les petites salles de bains, sont disponibles dans les collections Relax.\" \/>\n<meta name=\"robots\" content=\"index, follow, max-snippet:-1, max-image-preview:large, max-video-preview:-1\" \/>\n<link rel=\"canonical\" href=\"https:\/\/relaxsrl.com\/fr\/produits\/typologie\/cabine-de-douche\/semi-circulaire\/\" \/>\n<meta property=\"og:locale\" content=\"fr_FR\" \/>\n<meta property=\"og:type\" content=\"article\" \/>\n<meta property=\"og:title\" content=\"Semi-circulaire - Relax srl\" \/>\n<meta property=\"og:description\" content=\"Les cabines de douche circulaires, id\u00e9ales pour les petites salles de bains, sont disponibles dans les collections Relax.\" \/>\n<meta property=\"og:url\" content=\"https:\/\/relaxsrl.com\/fr\/produits\/typologie\/cabine-de-douche\/semi-circulaire\/\" \/>\n<meta property=\"og:site_name\" content=\"Relax srl\" \/>\n<meta property=\"article:modified_time\" content=\"2023-10-23T15:19:23+00:00\" \/>\n<meta property=\"og:image\" content=\"https:\/\/relaxsrl.com\/website\/wp-content\/uploads\/2021\/11\/TIPOLOGIA_BOX_SEMICIRCOLARE.jpg\" \/>\n\t<meta property=\"og:image:width\" content=\"800\" \/>\n\t<meta property=\"og:image:height\" content=\"600\" \/>\n\t<meta property=\"og:image:type\" content=\"image\/jpeg\" \/>\n<meta name=\"twitter:card\" content=\"summary_large_image\" \/>\n<meta name=\"twitter:label1\" content=\"Dur\u00e9e de lecture estim\u00e9e\" \/>\n\t<meta name=\"twitter:data1\" content=\"1 minute\" \/>\n<script type=\"application\/ld+json\" class=\"yoast-schema-graph\">{\"@context\":\"https:\/\/schema.org\",\"@graph\":[{\"@type\":\"WebSite\",\"@id\":\"https:\/\/relaxsrl.com\/#website\",\"url\":\"https:\/\/relaxsrl.com\/\",\"name\":\"Relax srl\",\"description\":\"\",\"potentialAction\":[{\"@type\":\"SearchAction\",\"target\":{\"@type\":\"EntryPoint\",\"urlTemplate\":\"https:\/\/relaxsrl.com\/?s={search_term_string}\"},\"query-input\":\"required name=search_term_string\"}],\"inLanguage\":\"fr-FR\"},{\"@type\":\"ImageObject\",\"inLanguage\":\"fr-FR\",\"@id\":\"https:\/\/relaxsrl.com\/fr\/produits\/typologie\/cabine-de-douche\/semi-circulaire\/#primaryimage\",\"url\":\"https:\/\/relaxsrl.com\/website\/wp-content\/uploads\/2021\/11\/TIPOLOGIA_BOX_SEMICIRCOLARE.jpg\",\"contentUrl\":\"https:\/\/relaxsrl.com\/website\/wp-content\/uploads\/2021\/11\/TIPOLOGIA_BOX_SEMICIRCOLARE.jpg\",\"width\":800,\"height\":600,\"caption\":\"Configuratore box doccia spazio semicircolare\"},{\"@type\":\"WebPage\",\"@id\":\"https:\/\/relaxsrl.com\/fr\/produits\/typologie\/cabine-de-douche\/semi-circulaire\/#webpage\",\"url\":\"https:\/\/relaxsrl.com\/fr\/produits\/typologie\/cabine-de-douche\/semi-circulaire\/\",\"name\":\"Semi-circulaire - Relax srl\",\"isPartOf\":{\"@id\":\"https:\/\/relaxsrl.com\/#website\"},\"primaryImageOfPage\":{\"@id\":\"https:\/\/relaxsrl.com\/fr\/produits\/typologie\/cabine-de-douche\/semi-circulaire\/#primaryimage\"},\"datePublished\":\"2021-11-30T08:49:35+00:00\",\"dateModified\":\"2023-10-23T15:19:23+00:00\",\"description\":\"Les cabines de douche circulaires, id\u00e9ales pour les petites salles de bains, sont disponibles dans les collections Relax.\",\"breadcrumb\":{\"@id\":\"https:\/\/relaxsrl.com\/fr\/produits\/typologie\/cabine-de-douche\/semi-circulaire\/#breadcrumb\"},\"inLanguage\":\"fr-FR\",\"potentialAction\":[{\"@type\":\"ReadAction\",\"target\":[\"https:\/\/relaxsrl.com\/fr\/produits\/typologie\/cabine-de-douche\/semi-circulaire\/\"]}]},{\"@type\":\"BreadcrumbList\",\"@id\":\"https:\/\/relaxsrl.com\/fr\/produits\/typologie\/cabine-de-douche\/semi-circulaire\/#breadcrumb\",\"itemListElement\":[{\"@type\":\"ListItem\",\"position\":1,\"name\":\"Produits\",\"item\":\"https:\/\/relaxsrl.com\/fr\/produits\/\"},{\"@type\":\"ListItem\",\"position\":2,\"name\":\"Typologie\",\"item\":\"https:\/\/relaxsrl.com\/fr\/produits\/typologie\/\"},{\"@type\":\"ListItem\",\"position\":3,\"name\":\"Cabine de douche\",\"item\":\"https:\/\/relaxsrl.com\/fr\/produits\/typologie\/cabine-de-douche\/\"},{\"@type\":\"ListItem\",\"position\":4,\"name\":\"Semi-circulaire\"}]}]}<\/script>\n<!-- \/ Yoast SEO Premium plugin. -->","yoast_head_json":{"title":"Semi-circulaire - Relax srl","description":"Les cabines de douche circulaires, id\u00e9ales pour les petites salles de bains, sont disponibles dans les collections Relax.","robots":{"index":"index","follow":"follow","max-snippet":"max-snippet:-1","max-image-preview":"max-image-preview:large","max-video-preview":"max-video-preview:-1"},"canonical":"https:\/\/relaxsrl.com\/fr\/produits\/typologie\/cabine-de-douche\/semi-circulaire\/","og_locale":"fr_FR","og_type":"article","og_title":"Semi-circulaire - Relax srl","og_description":"Les cabines de douche circulaires, id\u00e9ales pour les petites salles de bains, sont disponibles dans les collections Relax.","og_url":"https:\/\/relaxsrl.com\/fr\/produits\/typologie\/cabine-de-douche\/semi-circulaire\/","og_site_name":"Relax srl","article_modified_time":"2023-10-23T15:19:23+00:00","og_image":[{"width":800,"height":600,"url":"https:\/\/relaxsrl.com\/website\/wp-content\/uploads\/2021\/11\/TIPOLOGIA_BOX_SEMICIRCOLARE.jpg","type":"image\/jpeg"}],"twitter_card":"summary_large_image","twitter_misc":{"Dur\u00e9e de lecture estim\u00e9e":"1 minute"},"schema":{"@context":"https:\/\/schema.org","@graph":[{"@type":"WebSite","@id":"https:\/\/relaxsrl.com\/#website","url":"https:\/\/relaxsrl.com\/","name":"Relax srl","description":"","potentialAction":[{"@type":"SearchAction","target":{"@type":"EntryPoint","urlTemplate":"https:\/\/relaxsrl.com\/?s={search_term_string}"},"query-input":"required name=search_term_string"}],"inLanguage":"fr-FR"},{"@type":"ImageObject","inLanguage":"fr-FR","@id":"https:\/\/relaxsrl.com\/fr\/produits\/typologie\/cabine-de-douche\/semi-circulaire\/#primaryimage","url":"https:\/\/relaxsrl.com\/website\/wp-content\/uploads\/2021\/11\/TIPOLOGIA_BOX_SEMICIRCOLARE.jpg","contentUrl":"https:\/\/relaxsrl.com\/website\/wp-content\/uploads\/2021\/11\/TIPOLOGIA_BOX_SEMICIRCOLARE.jpg","width":800,"height":600,"caption":"Configuratore box doccia spazio semicircolare"},{"@type":"WebPage","@id":"https:\/\/relaxsrl.com\/fr\/produits\/typologie\/cabine-de-douche\/semi-circulaire\/#webpage","url":"https:\/\/relaxsrl.com\/fr\/produits\/typologie\/cabine-de-douche\/semi-circulaire\/","name":"Semi-circulaire - Relax srl","isPartOf":{"@id":"https:\/\/relaxsrl.com\/#website"},"primaryImageOfPage":{"@id":"https:\/\/relaxsrl.com\/fr\/produits\/typologie\/cabine-de-douche\/semi-circulaire\/#primaryimage"},"datePublished":"2021-11-30T08:49:35+00:00","dateModified":"2023-10-23T15:19:23+00:00","description":"Les cabines de douche circulaires, id\u00e9ales pour les petites salles de bains, sont disponibles dans les collections Relax.","breadcrumb":{"@id":"https:\/\/relaxsrl.com\/fr\/produits\/typologie\/cabine-de-douche\/semi-circulaire\/#breadcrumb"},"inLanguage":"fr-FR","potentialAction":[{"@type":"ReadAction","target":["https:\/\/relaxsrl.com\/fr\/produits\/typologie\/cabine-de-douche\/semi-circulaire\/"]}]},{"@type":"BreadcrumbList","@id":"https:\/\/relaxsrl.com\/fr\/produits\/typologie\/cabine-de-douche\/semi-circulaire\/#breadcrumb","itemListElement":[{"@type":"ListItem","position":1,"name":"Produits","item":"https:\/\/relaxsrl.com\/fr\/produits\/"},{"@type":"ListItem","position":2,"name":"Typologie","item":"https:\/\/relaxsrl.com\/fr\/produits\/typologie\/"},{"@type":"ListItem","position":3,"name":"Cabine de douche","item":"https:\/\/relaxsrl.com\/fr\/produits\/typologie\/cabine-de-douche\/"},{"@type":"ListItem","position":4,"name":"Semi-circulaire"}]}]}},"_links":{"self":[{"href":"https:\/\/relaxsrl.com\/fr\/wp-json\/wp\/v2\/pages\/13400"}],"collection":[{"href":"https:\/\/relaxsrl.com\/fr\/wp-json\/wp\/v2\/pages"}],"about":[{"href":"https:\/\/relaxsrl.com\/fr\/wp-json\/wp\/v2\/types\/page"}],"author":[{"embeddable":true,"href":"https:\/\/relaxsrl.com\/fr\/wp-json\/wp\/v2\/users\/3"}],"replies":[{"embeddable":true,"href":"https:\/\/relaxsrl.com\/fr\/wp-json\/wp\/v2\/comments?post=13400"}],"version-history":[{"count":4,"href":"https:\/\/relaxsrl.com\/fr\/wp-json\/wp\/v2\/pages\/13400\/revisions"}],"predecessor-version":[{"id":29320,"href":"https:\/\/relaxsrl.com\/fr\/wp-json\/wp\/v2\/pages\/13400\/revisions\/29320"}],"up":[{"embeddable":true,"href":"https:\/\/relaxsrl.com\/fr\/wp-json\/wp\/v2\/pages\/13382"}],"wp:featuredmedia":[{"embeddable":true,"href":"https:\/\/relaxsrl.com\/fr\/wp-json\/wp\/v2\/media\/10281"}],"wp:attachment":[{"href":"https:\/\/relaxsrl.com\/fr\/wp-json\/wp\/v2\/media?parent=13400"}],"curies":[{"name":"wp","href":"https:\/\/api.w.org\/{rel}","templated":true}]}}