{"id":13418,"date":"2021-11-30T09:57:04","date_gmt":"2021-11-30T08:57:04","guid":{"rendered":"http:\/\/relaxsrl.com\/produits\/typologie\/complements\/"},"modified":"2023-10-23T16:52:32","modified_gmt":"2023-10-23T14:52:32","slug":"complements","status":"publish","type":"page","link":"https:\/\/relaxsrl.com\/fr\/produits\/typologie\/complements\/","title":{"rendered":"Compl\u00e9ments"},"content":{"rendered":"<p>[vc_row full_width=\u00a0\u00bbstretch_row\u00a0\u00bb content_placement=\u00a0\u00bbmiddle\u00a0\u00bb el_class=\u00a0\u00bbintro-row\u00a0\u00bb][vc_column width=\u00a0\u00bb5\/12&Prime;][vc_column_text]<\/p>\n<h1>Compl\u00e9ments<\/h1>\n<p>[\/vc_column_text][\/vc_column][vc_column width=\u00a0\u00bb7\/12&Prime;][vc_column_text el_class=\u00a0\u00bbabstract\u00a0\u00bb]Tous ces \u00e9l\u00e9ments fonctionnels ou d\u00e9coratifs qui compl\u00e8tent votre environnement de salle de bain font partie des accessoires. Les compl\u00e9ments incluent: des pommes de douche, des \u00e9tag\u00e8res stabilisatrices, des kits pour l&rsquo;entretien de votre cabine de douche et autres. De petites attentions pour augmenter la durabilit\u00e9 et la fonctionnalit\u00e9 des produits Relax et vivre votre salle de bain avec une satisfaction absolue. Toutes les solutions sont certifi\u00e9es <a href=\"https:\/\/www.tuvsud.com\/fr-fr\">T\u00dcV S\u00dcD<\/a>.[\/vc_column_text][\/vc_column][\/vc_row][vc_row el_class=\u00a0\u00bbrow-path\u00a0\u00bb][vc_column][vc_column_text][\/vc_column_text][\/vc_column][\/vc_row][vc_row][vc_column width=\u00a0\u00bb1\/12&Prime;][\/vc_column][vc_column width=\u00a0\u00bb10\/12&Prime;]<div class=\"woocommerce columns-3 \"><ul class=\"products columns-3\">\n<li class=\"product type-product post-27400 status-publish first instock product_cat-collections-en product_cat-collections product_cat-complementi-de product_cat-complements product_cat-complements-fr product_cat-collezioni-de product_cat-steam-fr product_cat-steam-ru product_cat-steam-de product_cat-steam-en product_cat-tipologia-prodotto-en product_cat-tipologia-prodotto-de product_cat-type-de-produit product_cat-1650 product_cat-1568 product_cat-1617 has-post-thumbnail shipping-taxable product-type-simple\">\n\t<div class=\"woocommerce-loop-product__short_description\" itemprop=\"description\"><a href=\"https:\/\/relaxsrl.com\/fr\/produit\/x-steam\/\" class=\"woocommerce-LoopProduct-link woocommerce-loop-product__link\"><p>G\u00e9n\u00e9rateur de vapeur pour bain turc.<\/p>\n<\/a><\/div><\/li>\n<li class=\"product type-product post-13779 status-publish instock product_cat-collections-en product_cat-collections product_cat-complementi-de product_cat-complements product_cat-complements-fr product_cat-guida-alla-scelta-de product_cat-selection-guide-en product_cat-guide-de-selection product_cat-oblique-de product_cat-oblique-en product_cat-oblique-ru product_cat-oblique-fr product_cat-collezioni-de product_cat-tipologia-prodotto-de product_cat-tipologia-prodotto-en product_cat-type-de-produit product_cat-guide-de-selection-walk-in product_cat-walk-in-de-5 product_cat-walk-in-en-2 product_cat-1650 product_cat-1568 product_cat-1615 product_cat-1594 product_cat-1617 has-post-thumbnail shipping-taxable product-type-simple\">\n\t<div class=\"woocommerce-loop-product__short_description\" itemprop=\"description\"><a href=\"https:\/\/relaxsrl.com\/fr\/produit\/oblique-mv\/\" class=\"woocommerce-LoopProduct-link woocommerce-loop-product__link\"><p>\u00c9tag\u00e8re avec fonction de stabilisation. Disponible en acier ou en surface solide.<\/p>\n<\/a><\/div><\/li>\n<li class=\"product type-product post-13776 status-publish last instock product_cat-collections product_cat-collections-en product_cat-complementi-de product_cat-complements product_cat-complements-fr product_cat-oblique-fr product_cat-oblique-de product_cat-oblique-ru product_cat-oblique-en product_cat-collezioni-de product_cat-tipologia-prodotto-en product_cat-tipologia-prodotto-de product_cat-type-de-produit product_cat-1650 product_cat-1568 product_cat-1617 has-post-thumbnail shipping-taxable product-type-simple\">\n\t<div class=\"woocommerce-loop-product__short_description\" itemprop=\"description\"><a href=\"https:\/\/relaxsrl.com\/fr\/produit\/oblique-p\/\" class=\"woocommerce-LoopProduct-link woocommerce-loop-product__link\"><p>Porte-serviettes ext\u00e9rieur en verre. Disponible en acier ou en surface solide.<\/p>\n<\/a><\/div><\/li>\n<li class=\"product type-product post-13775 status-publish first instock product_cat-collections product_cat-collections-en product_cat-complementi-de product_cat-complements product_cat-complements-fr product_cat-oblique-fr product_cat-oblique-de product_cat-oblique-ru product_cat-oblique-en product_cat-collezioni-de product_cat-tipologia-prodotto-en product_cat-tipologia-prodotto-de product_cat-type-de-produit product_cat-1650 product_cat-1568 product_cat-1617 has-post-thumbnail shipping-taxable product-type-simple\">\n\t<div class=\"woocommerce-loop-product__short_description\" itemprop=\"description\"><a href=\"https:\/\/relaxsrl.com\/fr\/produit\/oblique-p39\/\" class=\"woocommerce-LoopProduct-link woocommerce-loop-product__link\"><p>Porte-serviettes mural en acier.<\/p>\n<\/a><\/div><\/li>\n<li class=\"product type-product post-13773 status-publish instock product_cat-collections product_cat-collections-en product_cat-complementi-de product_cat-complements product_cat-complements-fr product_cat-oblique-fr product_cat-oblique-de product_cat-oblique-ru product_cat-oblique-en product_cat-collezioni-de product_cat-tipologia-prodotto-en product_cat-tipologia-prodotto-de product_cat-type-de-produit product_cat-1650 product_cat-1568 product_cat-1617 has-post-thumbnail shipping-taxable product-type-simple\">\n\t<div class=\"woocommerce-loop-product__short_description\" itemprop=\"description\"><a href=\"https:\/\/relaxsrl.com\/fr\/produit\/oblique-m\/\" class=\"woocommerce-LoopProduct-link woocommerce-loop-product__link\"><p>\u00c9tag\u00e8re d\u00e9corative. Disponible en acier ou en surface solide.<\/p>\n<\/a><\/div><\/li>\n<li class=\"product type-product post-13774 status-publish last instock product_cat-collections product_cat-collections-en product_cat-complementi-de product_cat-complements product_cat-complements-fr product_cat-oblique-fr product_cat-oblique-de product_cat-oblique-ru product_cat-oblique-en product_cat-collezioni-de product_cat-tipologia-prodotto-en product_cat-tipologia-prodotto-de product_cat-type-de-produit product_cat-1650 product_cat-1568 product_cat-1617 has-post-thumbnail shipping-taxable product-type-simple\">\n\t<div class=\"woocommerce-loop-product__short_description\" itemprop=\"description\"><a href=\"https:\/\/relaxsrl.com\/fr\/produit\/oblique-pr\/\" class=\"woocommerce-LoopProduct-link woocommerce-loop-product__link\"><p>Porte-rouleau en acier \u00e0 accrocher au mur.<\/p>\n<\/a><\/div><\/li>\n<li class=\"product type-product post-13772 status-publish first instock product_cat-complementi-de product_cat-complements-fr product_cat-complements product_cat-tipologia-prodotto-en product_cat-tipologia-prodotto-de product_cat-type-de-produit product_cat-1650 product_cat-1617 has-post-thumbnail shipping-taxable product-type-simple\">\n\t<div class=\"woocommerce-loop-product__short_description\" itemprop=\"description\"><a href=\"https:\/\/relaxsrl.com\/fr\/produit\/lavabo-calla\/\" class=\"woocommerce-LoopProduct-link woocommerce-loop-product__link\"><p>Lavabo freestanding en Solid Surface.<\/p>\n<\/a><\/div><\/li>\n<li class=\"product type-product post-13767 status-publish instock product_cat-collections product_cat-complementi-de product_cat-complements-fr product_cat-joy-de product_cat-joy-ru product_cat-joy-fr product_cat-collezioni-de product_cat-tipologia-prodotto-de product_cat-type-de-produit product_cat-1650 product_cat-1568 product_cat-1617 has-post-thumbnail shipping-taxable product-type-simple\">\n\t<div class=\"woocommerce-loop-product__short_description\" itemprop=\"description\"><a href=\"https:\/\/relaxsrl.com\/fr\/produit\/joy-s\/\" class=\"woocommerce-LoopProduct-link woocommerce-loop-product__link\"><p>Pomme de douche traditionnelle en acier inoxydable de forme carr\u00e9e.<\/p>\n<\/a><\/div><\/li>\n<li class=\"product type-product post-13768 status-publish last instock product_cat-collections product_cat-complementi-de product_cat-complements-fr product_cat-joy-de product_cat-joy-ru product_cat-joy-fr product_cat-collezioni-de product_cat-tipologia-prodotto-de product_cat-type-de-produit product_cat-1650 product_cat-1568 product_cat-1617 has-post-thumbnail shipping-taxable product-type-simple\">\n\t<div class=\"woocommerce-loop-product__short_description\" itemprop=\"description\"><a href=\"https:\/\/relaxsrl.com\/fr\/produit\/joy-sc\/\" class=\"woocommerce-LoopProduct-link woocommerce-loop-product__link\"><p>Pomme de douche carr\u00e9e en acier inoxydable et fonction cascade int\u00e9gr\u00e9e.<\/p>\n<\/a><\/div><\/li>\n<li class=\"product type-product post-13765 status-publish first instock product_cat-collections product_cat-complementi-de product_cat-complements-fr product_cat-joy-fr product_cat-joy-de product_cat-joy-ru product_cat-collezioni-de product_cat-tipologia-prodotto-de product_cat-type-de-produit product_cat-1650 product_cat-1568 product_cat-1617 has-post-thumbnail shipping-taxable product-type-simple\">\n\t<div class=\"woocommerce-loop-product__short_description\" itemprop=\"description\"><a href=\"https:\/\/relaxsrl.com\/fr\/produit\/joy-plus\/\" class=\"woocommerce-LoopProduct-link woocommerce-loop-product__link\"><p>Il s&rsquo;agit d&rsquo;une colonne de douche murale enti\u00e8rement en acier poli.<\/p>\n<\/a><\/div><\/li>\n<li class=\"product type-product post-13766 status-publish instock product_cat-complementi-de product_cat-complements product_cat-complements-fr product_cat-tipologia-prodotto-de product_cat-tipologia-prodotto-en product_cat-type-de-produit product_cat-1650 product_cat-1617 has-post-thumbnail shipping-taxable product-type-simple\">\n\t<div class=\"woocommerce-loop-product__short_description\" itemprop=\"description\"><a href=\"https:\/\/relaxsrl.com\/fr\/produit\/popeye\/\" class=\"woocommerce-LoopProduct-link woocommerce-loop-product__link\"><p>Pommeau de douche avec fonction barre stabilisatrice.<\/p>\n<\/a><\/div><\/li>\n<li class=\"product type-product post-13763 status-publish last instock product_cat-byblos-de product_cat-byblos-ru product_cat-byblos-fr product_cat-collections product_cat-complementi-de product_cat-complements-fr product_cat-collezioni-de product_cat-tipologia-prodotto-de product_cat-type-de-produit product_cat-1650 product_cat-1568 product_cat-1617 has-post-thumbnail shipping-taxable product-type-simple\">\n\t<div class=\"woocommerce-loop-product__short_description\" itemprop=\"description\"><a href=\"https:\/\/relaxsrl.com\/fr\/produit\/byblos-s\/\" class=\"woocommerce-LoopProduct-link woocommerce-loop-product__link\"><p>Pomme de douche traditionnelle en acier inoxydable aux formes douces et sinueuses.<\/p>\n<\/a><\/div><\/li>\n<li class=\"product type-product post-13764 status-publish first instock product_cat-byblos-de product_cat-byblos-ru product_cat-byblos-fr product_cat-collections product_cat-complementi-de product_cat-complements-fr product_cat-collezioni-de product_cat-tipologia-prodotto-de product_cat-type-de-produit product_cat-1650 product_cat-1568 product_cat-1617 has-post-thumbnail shipping-taxable product-type-simple\">\n\t<div class=\"woocommerce-loop-product__short_description\" itemprop=\"description\"><a href=\"https:\/\/relaxsrl.com\/fr\/produit\/byblos-sc\/\" class=\"woocommerce-LoopProduct-link woocommerce-loop-product__link\"><p>Pomme de douche en acier inoxydable aux formes douces et sinueuses et fonction cascade int\u00e9gr\u00e9e.<\/p>\n<\/a><\/div><\/li>\n<\/ul>\n<\/div>[\/vc_column][vc_column width=\u00a0\u00bb1\/12&Prime;][\/vc_column][\/vc_row]<\/p>\n","protected":false},"excerpt":{"rendered":"<p>[vc_row full_width=\u00a0\u00bbstretch_row\u00a0\u00bb content_placement=\u00a0\u00bbmiddle\u00a0\u00bb el_class=\u00a0\u00bbintro-row\u00a0\u00bb][vc_column width=\u00a0\u00bb5\/12&Prime;][vc_column_text] Compl\u00e9ments [\/vc_column_text][\/vc_column][vc_column width=\u00a0\u00bb7\/12&Prime;][vc_column_text el_class=\u00a0\u00bbabstract\u00a0\u00bb]Tous ces \u00e9l\u00e9ments fonctionnels ou d\u00e9coratifs qui compl\u00e8tent votre environnement de salle de bain font partie des accessoires. Les compl\u00e9ments incluent: des pommes de douche, des \u00e9tag\u00e8res stabilisatrices, des kits pour l&rsquo;entretien de votre cabine de douche et autres. De petites attentions pour augmenter la durabilit\u00e9 et [&hellip;]<\/p>\n","protected":false},"author":3,"featured_media":2068,"parent":13371,"menu_order":0,"comment_status":"closed","ping_status":"closed","template":"","meta":[],"acf":[],"yoast_head":"<!-- This site is optimized with the Yoast SEO Premium plugin v18.4 (Yoast SEO v18.8) - https:\/\/yoast.com\/wordpress\/plugins\/seo\/ -->\n<title>Compl\u00e9ments - Relax srl<\/title>\n<meta name=\"description\" content=\"Les compl\u00e9ments compl\u00e8tent la salle de bain. Pommeaux de douche, \u00e9tag\u00e8res, barres et autres accessoires. En savoir plus.\" \/>\n<meta name=\"robots\" content=\"index, follow, max-snippet:-1, max-image-preview:large, max-video-preview:-1\" \/>\n<link rel=\"canonical\" href=\"https:\/\/relaxsrl.com\/fr\/produits\/typologie\/complements\/\" \/>\n<meta property=\"og:locale\" content=\"fr_FR\" \/>\n<meta property=\"og:type\" content=\"article\" \/>\n<meta property=\"og:title\" content=\"Compl\u00e9ments - Relax srl\" \/>\n<meta property=\"og:description\" content=\"Les compl\u00e9ments compl\u00e8tent la salle de bain. Pommeaux de douche, \u00e9tag\u00e8res, barres et autres accessoires. En savoir plus.\" \/>\n<meta property=\"og:url\" content=\"https:\/\/relaxsrl.com\/fr\/produits\/typologie\/complements\/\" \/>\n<meta property=\"og:site_name\" content=\"Relax srl\" \/>\n<meta property=\"article:modified_time\" content=\"2023-10-23T14:52:32+00:00\" \/>\n<meta property=\"og:image\" content=\"https:\/\/relaxsrl.com\/website\/wp-content\/uploads\/2021\/09\/COMPLEMENTI_1.jpg\" \/>\n\t<meta property=\"og:image:width\" content=\"800\" \/>\n\t<meta property=\"og:image:height\" content=\"555\" \/>\n\t<meta property=\"og:image:type\" content=\"image\/jpeg\" \/>\n<meta name=\"twitter:card\" content=\"summary_large_image\" \/>\n<meta name=\"twitter:label1\" content=\"Dur\u00e9e de lecture estim\u00e9e\" \/>\n\t<meta name=\"twitter:data1\" content=\"1 minute\" \/>\n<script type=\"application\/ld+json\" class=\"yoast-schema-graph\">{\"@context\":\"https:\/\/schema.org\",\"@graph\":[{\"@type\":\"WebSite\",\"@id\":\"https:\/\/relaxsrl.com\/#website\",\"url\":\"https:\/\/relaxsrl.com\/\",\"name\":\"Relax srl\",\"description\":\"\",\"potentialAction\":[{\"@type\":\"SearchAction\",\"target\":{\"@type\":\"EntryPoint\",\"urlTemplate\":\"https:\/\/relaxsrl.com\/?s={search_term_string}\"},\"query-input\":\"required name=search_term_string\"}],\"inLanguage\":\"fr-FR\"},{\"@type\":\"ImageObject\",\"inLanguage\":\"fr-FR\",\"@id\":\"https:\/\/relaxsrl.com\/fr\/produits\/typologie\/complements\/#primaryimage\",\"url\":\"https:\/\/relaxsrl.com\/website\/wp-content\/uploads\/2021\/09\/COMPLEMENTI_1.jpg\",\"contentUrl\":\"https:\/\/relaxsrl.com\/website\/wp-content\/uploads\/2021\/09\/COMPLEMENTI_1.jpg\",\"width\":800,\"height\":555,\"caption\":\"Vista dell'insieme di complementi Relax\"},{\"@type\":\"WebPage\",\"@id\":\"https:\/\/relaxsrl.com\/fr\/produits\/typologie\/complements\/#webpage\",\"url\":\"https:\/\/relaxsrl.com\/fr\/produits\/typologie\/complements\/\",\"name\":\"Compl\u00e9ments - Relax srl\",\"isPartOf\":{\"@id\":\"https:\/\/relaxsrl.com\/#website\"},\"primaryImageOfPage\":{\"@id\":\"https:\/\/relaxsrl.com\/fr\/produits\/typologie\/complements\/#primaryimage\"},\"datePublished\":\"2021-11-30T08:57:04+00:00\",\"dateModified\":\"2023-10-23T14:52:32+00:00\",\"description\":\"Les compl\u00e9ments compl\u00e8tent la salle de bain. Pommeaux de douche, \u00e9tag\u00e8res, barres et autres accessoires. En savoir plus.\",\"breadcrumb\":{\"@id\":\"https:\/\/relaxsrl.com\/fr\/produits\/typologie\/complements\/#breadcrumb\"},\"inLanguage\":\"fr-FR\",\"potentialAction\":[{\"@type\":\"ReadAction\",\"target\":[\"https:\/\/relaxsrl.com\/fr\/produits\/typologie\/complements\/\"]}]},{\"@type\":\"BreadcrumbList\",\"@id\":\"https:\/\/relaxsrl.com\/fr\/produits\/typologie\/complements\/#breadcrumb\",\"itemListElement\":[{\"@type\":\"ListItem\",\"position\":1,\"name\":\"Produits\",\"item\":\"https:\/\/relaxsrl.com\/fr\/produits\/\"},{\"@type\":\"ListItem\",\"position\":2,\"name\":\"Typologie\",\"item\":\"https:\/\/relaxsrl.com\/fr\/produits\/typologie\/\"},{\"@type\":\"ListItem\",\"position\":3,\"name\":\"Compl\u00e9ments\"}]}]}<\/script>\n<!-- \/ Yoast SEO Premium plugin. -->","yoast_head_json":{"title":"Compl\u00e9ments - Relax srl","description":"Les compl\u00e9ments compl\u00e8tent la salle de bain. Pommeaux de douche, \u00e9tag\u00e8res, barres et autres accessoires. En savoir plus.","robots":{"index":"index","follow":"follow","max-snippet":"max-snippet:-1","max-image-preview":"max-image-preview:large","max-video-preview":"max-video-preview:-1"},"canonical":"https:\/\/relaxsrl.com\/fr\/produits\/typologie\/complements\/","og_locale":"fr_FR","og_type":"article","og_title":"Compl\u00e9ments - Relax srl","og_description":"Les compl\u00e9ments compl\u00e8tent la salle de bain. Pommeaux de douche, \u00e9tag\u00e8res, barres et autres accessoires. En savoir plus.","og_url":"https:\/\/relaxsrl.com\/fr\/produits\/typologie\/complements\/","og_site_name":"Relax srl","article_modified_time":"2023-10-23T14:52:32+00:00","og_image":[{"width":800,"height":555,"url":"https:\/\/relaxsrl.com\/website\/wp-content\/uploads\/2021\/09\/COMPLEMENTI_1.jpg","type":"image\/jpeg"}],"twitter_card":"summary_large_image","twitter_misc":{"Dur\u00e9e de lecture estim\u00e9e":"1 minute"},"schema":{"@context":"https:\/\/schema.org","@graph":[{"@type":"WebSite","@id":"https:\/\/relaxsrl.com\/#website","url":"https:\/\/relaxsrl.com\/","name":"Relax srl","description":"","potentialAction":[{"@type":"SearchAction","target":{"@type":"EntryPoint","urlTemplate":"https:\/\/relaxsrl.com\/?s={search_term_string}"},"query-input":"required name=search_term_string"}],"inLanguage":"fr-FR"},{"@type":"ImageObject","inLanguage":"fr-FR","@id":"https:\/\/relaxsrl.com\/fr\/produits\/typologie\/complements\/#primaryimage","url":"https:\/\/relaxsrl.com\/website\/wp-content\/uploads\/2021\/09\/COMPLEMENTI_1.jpg","contentUrl":"https:\/\/relaxsrl.com\/website\/wp-content\/uploads\/2021\/09\/COMPLEMENTI_1.jpg","width":800,"height":555,"caption":"Vista dell'insieme di complementi Relax"},{"@type":"WebPage","@id":"https:\/\/relaxsrl.com\/fr\/produits\/typologie\/complements\/#webpage","url":"https:\/\/relaxsrl.com\/fr\/produits\/typologie\/complements\/","name":"Compl\u00e9ments - Relax srl","isPartOf":{"@id":"https:\/\/relaxsrl.com\/#website"},"primaryImageOfPage":{"@id":"https:\/\/relaxsrl.com\/fr\/produits\/typologie\/complements\/#primaryimage"},"datePublished":"2021-11-30T08:57:04+00:00","dateModified":"2023-10-23T14:52:32+00:00","description":"Les compl\u00e9ments compl\u00e8tent la salle de bain. Pommeaux de douche, \u00e9tag\u00e8res, barres et autres accessoires. En savoir plus.","breadcrumb":{"@id":"https:\/\/relaxsrl.com\/fr\/produits\/typologie\/complements\/#breadcrumb"},"inLanguage":"fr-FR","potentialAction":[{"@type":"ReadAction","target":["https:\/\/relaxsrl.com\/fr\/produits\/typologie\/complements\/"]}]},{"@type":"BreadcrumbList","@id":"https:\/\/relaxsrl.com\/fr\/produits\/typologie\/complements\/#breadcrumb","itemListElement":[{"@type":"ListItem","position":1,"name":"Produits","item":"https:\/\/relaxsrl.com\/fr\/produits\/"},{"@type":"ListItem","position":2,"name":"Typologie","item":"https:\/\/relaxsrl.com\/fr\/produits\/typologie\/"},{"@type":"ListItem","position":3,"name":"Compl\u00e9ments"}]}]}},"_links":{"self":[{"href":"https:\/\/relaxsrl.com\/fr\/wp-json\/wp\/v2\/pages\/13418"}],"collection":[{"href":"https:\/\/relaxsrl.com\/fr\/wp-json\/wp\/v2\/pages"}],"about":[{"href":"https:\/\/relaxsrl.com\/fr\/wp-json\/wp\/v2\/types\/page"}],"author":[{"embeddable":true,"href":"https:\/\/relaxsrl.com\/fr\/wp-json\/wp\/v2\/users\/3"}],"replies":[{"embeddable":true,"href":"https:\/\/relaxsrl.com\/fr\/wp-json\/wp\/v2\/comments?post=13418"}],"version-history":[{"count":5,"href":"https:\/\/relaxsrl.com\/fr\/wp-json\/wp\/v2\/pages\/13418\/revisions"}],"predecessor-version":[{"id":29319,"href":"https:\/\/relaxsrl.com\/fr\/wp-json\/wp\/v2\/pages\/13418\/revisions\/29319"}],"up":[{"embeddable":true,"href":"https:\/\/relaxsrl.com\/fr\/wp-json\/wp\/v2\/pages\/13371"}],"wp:featuredmedia":[{"embeddable":true,"href":"https:\/\/relaxsrl.com\/fr\/wp-json\/wp\/v2\/media\/2068"}],"wp:attachment":[{"href":"https:\/\/relaxsrl.com\/fr\/wp-json\/wp\/v2\/media?parent=13418"}],"curies":[{"name":"wp","href":"https:\/\/api.w.org\/{rel}","templated":true}]}}