{"id":13424,"date":"2021-11-30T10:00:27","date_gmt":"2021-11-30T09:00:27","guid":{"rendered":"http:\/\/relaxsrl.com\/produits\/typologie\/receveurs-de-douche\/"},"modified":"2025-05-20T11:12:26","modified_gmt":"2025-05-20T09:12:26","slug":"receveurs-de-douche","status":"publish","type":"page","link":"https:\/\/relaxsrl.com\/fr\/produits\/typologie\/receveurs-de-douche\/","title":{"rendered":"Receveurs de douche"},"content":{"rendered":"<p>[vc_row full_width=\u00a0\u00bbstretch_row\u00a0\u00bb content_placement=\u00a0\u00bbmiddle\u00a0\u00bb el_class=\u00a0\u00bbintro-row\u00a0\u00bb][vc_column width=\u00a0\u00bb5\/12&Prime;][vc_column_text]<\/p>\n<h1>Receveurs de douche<\/h1>\n<p>[\/vc_column_text][\/vc_column][vc_column width=\u00a0\u00bb7\/12&Prime;][vc_column_text el_class=\u00a0\u00bbabstract\u00a0\u00bb]Relax propose une large gamme de finitions et de choix de couleurs pour ses receveurs de douche. Ce sont des produits compos\u00e9s de r\u00e9sines min\u00e9rales avec Gel Coat ou Solid Surface, antid\u00e9rapants et antibact\u00e9riens. Vous pouvez \u00e9galement avoir des solutions sur mesure, elles sont donc extr\u00eamement polyvalentes.[\/vc_column_text][\/vc_column][\/vc_row][vc_row el_class=\u00a0\u00bbrow-path\u00a0\u00bb][vc_column][vc_column_text][\/vc_column_text][\/vc_column][\/vc_row][vc_row][vc_column]<div class=\"woocommerce columns-3 \"><ul class=\"products columns-3\">\n<li class=\"product type-product post-26552 status-publish first instock product_cat-collections product_cat-collections-en product_cat-cupro-fr product_cat-cupro-de product_cat-cupro-ru product_cat-cupro-en product_cat-piatti-doccia-e-pareti-de product_cat-receveurs-et-parois-de-douche product_cat-collezioni-de product_cat-shower-trays-and-walls product_cat-tipologia-prodotto-de product_cat-tipologia-prodotto-en product_cat-type-de-produit product_cat-1651 product_cat-1568 product_cat-1617 has-post-thumbnail shipping-taxable product-type-simple\">\n\t<div class=\"woocommerce-loop-product__short_description\" itemprop=\"description\"><a href=\"https:\/\/relaxsrl.com\/fr\/produit\/cupro-c-fr\/\" class=\"woocommerce-LoopProduct-link woocommerce-loop-product__link\"><p>Receveur de douche rectangulaire, cache bonde dans le m\u00eame mat\u00e9riau sur le c\u00f4t\u00e9 court.<\/p>\n<\/a><\/div><\/li>\n<li class=\"product type-product post-26547 status-publish instock product_cat-collections product_cat-collections-en product_cat-cupro-fr product_cat-cupro-de product_cat-cupro-ru product_cat-cupro-en product_cat-piatti-doccia-e-pareti-de product_cat-receveurs-et-parois-de-douche product_cat-collezioni-de product_cat-shower-trays-and-walls product_cat-tipologia-prodotto-de product_cat-tipologia-prodotto-en product_cat-type-de-produit product_cat-1651 product_cat-1568 product_cat-1617 has-post-thumbnail shipping-taxable product-type-simple\">\n\t<div class=\"woocommerce-loop-product__short_description\" itemprop=\"description\"><a href=\"https:\/\/relaxsrl.com\/fr\/produit\/cupro-l-fr\/\" class=\"woocommerce-LoopProduct-link woocommerce-loop-product__link\"><p>Receveur de douche rectangulaire, cache bonde dans le m\u00eame mat\u00e9riau sur le c\u00f4t\u00e9 long.<\/p>\n<\/a><\/div><\/li>\n<li class=\"product type-product post-13800 status-publish last instock product_cat-collections-en product_cat-collections product_cat-piatti-doccia-e-pareti-de product_cat-receveurs-et-parois-de-douche product_cat-collezioni-de product_cat-shower-trays-and-walls product_cat-stone-en product_cat-stone-ru product_cat-stone-fr product_cat-stone-de product_cat-tipologia-prodotto-de product_cat-tipologia-prodotto-en product_cat-type-de-produit product_cat-1651 product_cat-1568 product_cat-1617 has-post-thumbnail shipping-taxable product-type-simple\">\n\t<div class=\"woocommerce-loop-product__short_description\" itemprop=\"description\"><a href=\"https:\/\/relaxsrl.com\/fr\/produit\/receveur-stone-angulaire\/\" class=\"woocommerce-LoopProduct-link woocommerce-loop-product__link\"><p>Receveur de douche rectangulaire en Gel Coat antid\u00e9rapant et antibact\u00e9rien, effet pierre au toucher.<\/p>\n<\/a><\/div><\/li>\n<li class=\"product type-product post-13801 status-publish first instock product_cat-collections product_cat-piatti-doccia-e-pareti-de product_cat-receveurs-et-parois-de-douche product_cat-collezioni-de product_cat-stone-de product_cat-stone-fr product_cat-stone-ru product_cat-tipologia-prodotto-de product_cat-type-de-produit product_cat-1651 product_cat-1568 product_cat-1617 has-post-thumbnail shipping-taxable product-type-simple\">\n\t<div class=\"woocommerce-loop-product__short_description\" itemprop=\"description\"><a href=\"https:\/\/relaxsrl.com\/fr\/produit\/receveur-stone-semicircolare\/\" class=\"woocommerce-LoopProduct-link woocommerce-loop-product__link\"><p>Receveur de douche semi-circulaire en Gel Coat antid\u00e9rapant et antibact\u00e9rien, effet pierre au toucher.<\/p>\n<\/a><\/div><\/li>\n<li class=\"product type-product post-13797 status-publish instock product_cat-collections-en product_cat-collections product_cat-piatti-doccia-e-pareti-de product_cat-raso-fr product_cat-raso-de product_cat-raso-ru product_cat-raso-en product_cat-receveurs-et-parois-de-douche product_cat-collezioni-de product_cat-shower-trays-and-walls product_cat-tipologia-prodotto-en product_cat-tipologia-prodotto-de product_cat-type-de-produit product_cat-1651 product_cat-1568 product_cat-1617 has-post-thumbnail shipping-taxable product-type-simple\">\n\t<div class=\"woocommerce-loop-product__short_description\" itemprop=\"description\"><a href=\"https:\/\/relaxsrl.com\/fr\/produit\/receveur-raso-angulaire\/\" class=\"woocommerce-LoopProduct-link woocommerce-loop-product__link\"><p>Receveur de douche en Gel Coat antid\u00e9rapant et antibact\u00e9rien, effet satin\u00e9 au toucher.<\/p>\n<\/a><\/div><\/li>\n<li class=\"product type-product post-13798 status-publish last instock product_cat-collections product_cat-collections-en product_cat-lago-ru product_cat-lago-fr product_cat-lago-de product_cat-lago-en product_cat-piatti-doccia-e-pareti-de product_cat-receveurs-et-parois-de-douche product_cat-collezioni-de product_cat-shower-trays-and-walls product_cat-tipologia-prodotto-en product_cat-tipologia-prodotto-de product_cat-type-de-produit product_cat-1651 product_cat-1568 product_cat-1617 has-post-thumbnail shipping-taxable product-type-simple\">\n\t<div class=\"woocommerce-loop-product__short_description\" itemprop=\"description\"><a href=\"https:\/\/relaxsrl.com\/fr\/produit\/receveur-lago-angulaire\/\" class=\"woocommerce-LoopProduct-link woocommerce-loop-product__link\"><p>Receveur de douche Gel Coat antid\u00e9rapant et antibact\u00e9rien avec bord plat contenant.<\/p>\n<\/a><\/div><\/li>\n<li class=\"product type-product post-13795 status-publish first instock product_cat-collections product_cat-collections-en product_cat-lago-ru product_cat-lago-fr product_cat-lago-de product_cat-lago-en product_cat-piatti-doccia-e-pareti-de product_cat-receveurs-et-parois-de-douche product_cat-collezioni-de product_cat-shower-trays-and-walls product_cat-tipologia-prodotto-en product_cat-tipologia-prodotto-de product_cat-type-de-produit product_cat-1651 product_cat-1568 product_cat-1617 has-post-thumbnail shipping-taxable product-type-simple\">\n\t<div class=\"woocommerce-loop-product__short_description\" itemprop=\"description\"><a href=\"https:\/\/relaxsrl.com\/fr\/produit\/receveur-lago-plus-angulaire\/\" class=\"woocommerce-LoopProduct-link woocommerce-loop-product__link\"><p>Receveur de douche Gel Coat avec antichambre et contenant un rebord plat sous la pomme de douche.<\/p>\n<\/a><\/div><\/li>\n<li class=\"product type-product post-13796 status-publish instock product_cat-collections-en product_cat-collections product_cat-piatti-doccia-e-pareti-de product_cat-receveurs-et-parois-de-douche product_cat-collezioni-de product_cat-shower-trays-and-walls product_cat-slim-de product_cat-slim-fr product_cat-slim-ru product_cat-slim-en product_cat-tipologia-prodotto-en product_cat-tipologia-prodotto-de product_cat-type-de-produit product_cat-1651 product_cat-1568 product_cat-1617 has-post-thumbnail shipping-taxable product-type-simple\">\n\t<div class=\"woocommerce-loop-product__short_description\" itemprop=\"description\"><a href=\"https:\/\/relaxsrl.com\/fr\/produit\/receveur-slim-angulaire\/\" class=\"woocommerce-LoopProduct-link woocommerce-loop-product__link\"><p>Receveur de douche en Solid Surface antid\u00e9rapant et antibact\u00e9rien.<\/p>\n<\/a><\/div><\/li>\n<li class=\"product type-product post-22215 status-publish last instock product_cat-piatti-doccia-e-pareti-de product_cat-receveurs-et-parois-de-douche product_cat-shower-trays-and-walls product_cat-tipologia-prodotto-en product_cat-tipologia-prodotto-de product_cat-type-de-produit product_cat-1651 product_cat-1617 has-post-thumbnail shipping-taxable product-type-simple\">\n\t<div class=\"woocommerce-loop-product__short_description\" itemprop=\"description\"><a href=\"https:\/\/relaxsrl.com\/fr\/produit\/boiserie-lago\/\" class=\"woocommerce-LoopProduct-link woocommerce-loop-product__link\"><p>Boiserie \u00e0 surface solide de 9 mm d&rsquo;\u00e9paisseur.<\/p>\n<\/a><\/div><\/li>\n<li class=\"product type-product post-13743 status-publish first instock product_cat-piatti-doccia-e-pareti-de product_cat-receveurs-et-parois-de-douche product_cat-shower-trays-and-walls product_cat-tipologia-prodotto-de product_cat-tipologia-prodotto-en product_cat-type-de-produit product_cat-1651 product_cat-1617 has-post-thumbnail shipping-taxable product-type-simple\">\n\t<div class=\"woocommerce-loop-product__short_description\" itemprop=\"description\"><a href=\"https:\/\/relaxsrl.com\/fr\/produit\/receveur-de-douche-120s\/\" class=\"woocommerce-LoopProduct-link woocommerce-loop-product__link\"><p>Receveur de douche Solid Surface antid\u00e9rapant et antibact\u00e9rien, exclusif pour Luxor 120S.<\/p>\n<\/a><\/div><\/li>\n<li class=\"product type-product post-13754 status-publish instock product_cat-piatti-doccia-e-pareti-de product_cat-receveurs-et-parois-de-douche product_cat-shower-trays-and-walls product_cat-tipologia-prodotto-en product_cat-tipologia-prodotto-de product_cat-type-de-produit product_cat-1651 product_cat-1617 has-post-thumbnail shipping-taxable product-type-simple\">\n\t<div class=\"woocommerce-loop-product__short_description\" itemprop=\"description\"><a href=\"https:\/\/relaxsrl.com\/fr\/produit\/receveur-de-douche-140s\/\" class=\"woocommerce-LoopProduct-link woocommerce-loop-product__link\"><p>Receveur de douche Solid Surface antid\u00e9rapant et antibact\u00e9rien, exclusif pour Luxor 140S.<\/p>\n<\/a><\/div><\/li>\n<li class=\"product type-product post-26541 status-publish last instock product_cat-piatti-doccia-e-pareti-de product_cat-receveurs-et-parois-de-douche product_cat-saia-en product_cat-saia-fr product_cat-saia-de product_cat-saia-ru product_cat-shower-trays-and-walls product_cat-tipologia-prodotto-de product_cat-tipologia-prodotto-en product_cat-type-de-produit product_cat-1651 product_cat-1617 has-post-thumbnail shipping-taxable product-type-simple\">\n\t<div class=\"woocommerce-loop-product__short_description\" itemprop=\"description\"><a href=\"https:\/\/relaxsrl.com\/fr\/produit\/saia-fr\/\" class=\"woocommerce-LoopProduct-link woocommerce-loop-product__link\"><p>Receveur de douche Gel Coat antid\u00e9rapant et antibact\u00e9rien avec \u00e9vacuation centrale.<\/p>\n<\/a><\/div><\/li>\n<\/ul>\n<\/div>[\/vc_column][\/vc_row]<\/p>\n","protected":false},"excerpt":{"rendered":"<p>[vc_row full_width=\u00a0\u00bbstretch_row\u00a0\u00bb content_placement=\u00a0\u00bbmiddle\u00a0\u00bb el_class=\u00a0\u00bbintro-row\u00a0\u00bb][vc_column width=\u00a0\u00bb5\/12&Prime;][vc_column_text] Receveurs de douche [\/vc_column_text][\/vc_column][vc_column width=\u00a0\u00bb7\/12&Prime;][vc_column_text el_class=\u00a0\u00bbabstract\u00a0\u00bb]Relax propose une large gamme de finitions et de choix de couleurs pour ses receveurs de douche. Ce sont des produits compos\u00e9s de r\u00e9sines min\u00e9rales avec Gel Coat ou Solid Surface, antid\u00e9rapants et antibact\u00e9riens. Vous pouvez \u00e9galement avoir des solutions sur mesure, elles sont donc [&hellip;]<\/p>\n","protected":false},"author":3,"featured_media":23380,"parent":13371,"menu_order":0,"comment_status":"closed","ping_status":"closed","template":"","meta":[],"acf":[],"yoast_head":"<!-- This site is optimized with the Yoast SEO Premium plugin v18.4 (Yoast SEO v18.8) - https:\/\/yoast.com\/wordpress\/plugins\/seo\/ -->\n<title>Receveurs de douche - Relax srl<\/title>\n<meta name=\"description\" content=\"Receveurs de douche 100% fabriqu\u00e9s en Italie, restaurables, d\u00e9coupables, en solid surface. D\u00e9couvrez-les tous.\" \/>\n<meta name=\"robots\" content=\"index, follow, max-snippet:-1, max-image-preview:large, max-video-preview:-1\" \/>\n<link rel=\"canonical\" href=\"https:\/\/relaxsrl.com\/fr\/produits\/typologie\/receveurs-de-douche\/\" \/>\n<meta property=\"og:locale\" content=\"fr_FR\" \/>\n<meta property=\"og:type\" content=\"article\" \/>\n<meta property=\"og:title\" content=\"Receveurs de douche - Relax srl\" \/>\n<meta property=\"og:description\" content=\"Receveurs de douche 100% fabriqu\u00e9s en Italie, restaurables, d\u00e9coupables, en solid surface. D\u00e9couvrez-les tous.\" \/>\n<meta property=\"og:url\" content=\"https:\/\/relaxsrl.com\/fr\/produits\/typologie\/receveurs-de-douche\/\" \/>\n<meta property=\"og:site_name\" content=\"Relax srl\" \/>\n<meta property=\"article:modified_time\" content=\"2025-05-20T09:12:26+00:00\" \/>\n<meta property=\"og:image\" content=\"https:\/\/relaxsrl.com\/website\/wp-content\/uploads\/2022\/09\/PIATTI_RASO_APERTURA.jpg\" \/>\n\t<meta property=\"og:image:width\" content=\"1430\" \/>\n\t<meta property=\"og:image:height\" content=\"880\" \/>\n\t<meta property=\"og:image:type\" content=\"image\/jpeg\" \/>\n<meta name=\"twitter:card\" content=\"summary_large_image\" \/>\n<meta name=\"twitter:label1\" content=\"Dur\u00e9e de lecture estim\u00e9e\" \/>\n\t<meta name=\"twitter:data1\" content=\"1 minute\" \/>\n<script type=\"application\/ld+json\" class=\"yoast-schema-graph\">{\"@context\":\"https:\/\/schema.org\",\"@graph\":[{\"@type\":\"WebSite\",\"@id\":\"https:\/\/relaxsrl.com\/#website\",\"url\":\"https:\/\/relaxsrl.com\/\",\"name\":\"Relax srl\",\"description\":\"\",\"potentialAction\":[{\"@type\":\"SearchAction\",\"target\":{\"@type\":\"EntryPoint\",\"urlTemplate\":\"https:\/\/relaxsrl.com\/?s={search_term_string}\"},\"query-input\":\"required name=search_term_string\"}],\"inLanguage\":\"fr-FR\"},{\"@type\":\"ImageObject\",\"inLanguage\":\"fr-FR\",\"@id\":\"https:\/\/relaxsrl.com\/fr\/produits\/typologie\/receveurs-de-douche\/#primaryimage\",\"url\":\"https:\/\/relaxsrl.com\/website\/wp-content\/uploads\/2022\/09\/PIATTI_RASO_APERTURA.jpg\",\"contentUrl\":\"https:\/\/relaxsrl.com\/website\/wp-content\/uploads\/2022\/09\/PIATTI_RASO_APERTURA.jpg\",\"width\":1430,\"height\":880},{\"@type\":\"WebPage\",\"@id\":\"https:\/\/relaxsrl.com\/fr\/produits\/typologie\/receveurs-de-douche\/#webpage\",\"url\":\"https:\/\/relaxsrl.com\/fr\/produits\/typologie\/receveurs-de-douche\/\",\"name\":\"Receveurs de douche - Relax srl\",\"isPartOf\":{\"@id\":\"https:\/\/relaxsrl.com\/#website\"},\"primaryImageOfPage\":{\"@id\":\"https:\/\/relaxsrl.com\/fr\/produits\/typologie\/receveurs-de-douche\/#primaryimage\"},\"datePublished\":\"2021-11-30T09:00:27+00:00\",\"dateModified\":\"2025-05-20T09:12:26+00:00\",\"description\":\"Receveurs de douche 100% fabriqu\u00e9s en Italie, restaurables, d\u00e9coupables, en solid surface. D\u00e9couvrez-les tous.\",\"breadcrumb\":{\"@id\":\"https:\/\/relaxsrl.com\/fr\/produits\/typologie\/receveurs-de-douche\/#breadcrumb\"},\"inLanguage\":\"fr-FR\",\"potentialAction\":[{\"@type\":\"ReadAction\",\"target\":[\"https:\/\/relaxsrl.com\/fr\/produits\/typologie\/receveurs-de-douche\/\"]}]},{\"@type\":\"BreadcrumbList\",\"@id\":\"https:\/\/relaxsrl.com\/fr\/produits\/typologie\/receveurs-de-douche\/#breadcrumb\",\"itemListElement\":[{\"@type\":\"ListItem\",\"position\":1,\"name\":\"Produits\",\"item\":\"https:\/\/relaxsrl.com\/fr\/produits\/\"},{\"@type\":\"ListItem\",\"position\":2,\"name\":\"Typologie\",\"item\":\"https:\/\/relaxsrl.com\/fr\/produits\/typologie\/\"},{\"@type\":\"ListItem\",\"position\":3,\"name\":\"Receveurs de douche\"}]}]}<\/script>\n<!-- \/ Yoast SEO Premium plugin. -->","yoast_head_json":{"title":"Receveurs de douche - Relax srl","description":"Receveurs de douche 100% fabriqu\u00e9s en Italie, restaurables, d\u00e9coupables, en solid surface. D\u00e9couvrez-les tous.","robots":{"index":"index","follow":"follow","max-snippet":"max-snippet:-1","max-image-preview":"max-image-preview:large","max-video-preview":"max-video-preview:-1"},"canonical":"https:\/\/relaxsrl.com\/fr\/produits\/typologie\/receveurs-de-douche\/","og_locale":"fr_FR","og_type":"article","og_title":"Receveurs de douche - Relax srl","og_description":"Receveurs de douche 100% fabriqu\u00e9s en Italie, restaurables, d\u00e9coupables, en solid surface. D\u00e9couvrez-les tous.","og_url":"https:\/\/relaxsrl.com\/fr\/produits\/typologie\/receveurs-de-douche\/","og_site_name":"Relax srl","article_modified_time":"2025-05-20T09:12:26+00:00","og_image":[{"width":1430,"height":880,"url":"https:\/\/relaxsrl.com\/website\/wp-content\/uploads\/2022\/09\/PIATTI_RASO_APERTURA.jpg","type":"image\/jpeg"}],"twitter_card":"summary_large_image","twitter_misc":{"Dur\u00e9e de lecture estim\u00e9e":"1 minute"},"schema":{"@context":"https:\/\/schema.org","@graph":[{"@type":"WebSite","@id":"https:\/\/relaxsrl.com\/#website","url":"https:\/\/relaxsrl.com\/","name":"Relax srl","description":"","potentialAction":[{"@type":"SearchAction","target":{"@type":"EntryPoint","urlTemplate":"https:\/\/relaxsrl.com\/?s={search_term_string}"},"query-input":"required name=search_term_string"}],"inLanguage":"fr-FR"},{"@type":"ImageObject","inLanguage":"fr-FR","@id":"https:\/\/relaxsrl.com\/fr\/produits\/typologie\/receveurs-de-douche\/#primaryimage","url":"https:\/\/relaxsrl.com\/website\/wp-content\/uploads\/2022\/09\/PIATTI_RASO_APERTURA.jpg","contentUrl":"https:\/\/relaxsrl.com\/website\/wp-content\/uploads\/2022\/09\/PIATTI_RASO_APERTURA.jpg","width":1430,"height":880},{"@type":"WebPage","@id":"https:\/\/relaxsrl.com\/fr\/produits\/typologie\/receveurs-de-douche\/#webpage","url":"https:\/\/relaxsrl.com\/fr\/produits\/typologie\/receveurs-de-douche\/","name":"Receveurs de douche - Relax srl","isPartOf":{"@id":"https:\/\/relaxsrl.com\/#website"},"primaryImageOfPage":{"@id":"https:\/\/relaxsrl.com\/fr\/produits\/typologie\/receveurs-de-douche\/#primaryimage"},"datePublished":"2021-11-30T09:00:27+00:00","dateModified":"2025-05-20T09:12:26+00:00","description":"Receveurs de douche 100% fabriqu\u00e9s en Italie, restaurables, d\u00e9coupables, en solid surface. D\u00e9couvrez-les tous.","breadcrumb":{"@id":"https:\/\/relaxsrl.com\/fr\/produits\/typologie\/receveurs-de-douche\/#breadcrumb"},"inLanguage":"fr-FR","potentialAction":[{"@type":"ReadAction","target":["https:\/\/relaxsrl.com\/fr\/produits\/typologie\/receveurs-de-douche\/"]}]},{"@type":"BreadcrumbList","@id":"https:\/\/relaxsrl.com\/fr\/produits\/typologie\/receveurs-de-douche\/#breadcrumb","itemListElement":[{"@type":"ListItem","position":1,"name":"Produits","item":"https:\/\/relaxsrl.com\/fr\/produits\/"},{"@type":"ListItem","position":2,"name":"Typologie","item":"https:\/\/relaxsrl.com\/fr\/produits\/typologie\/"},{"@type":"ListItem","position":3,"name":"Receveurs de douche"}]}]}},"_links":{"self":[{"href":"https:\/\/relaxsrl.com\/fr\/wp-json\/wp\/v2\/pages\/13424"}],"collection":[{"href":"https:\/\/relaxsrl.com\/fr\/wp-json\/wp\/v2\/pages"}],"about":[{"href":"https:\/\/relaxsrl.com\/fr\/wp-json\/wp\/v2\/types\/page"}],"author":[{"embeddable":true,"href":"https:\/\/relaxsrl.com\/fr\/wp-json\/wp\/v2\/users\/3"}],"replies":[{"embeddable":true,"href":"https:\/\/relaxsrl.com\/fr\/wp-json\/wp\/v2\/comments?post=13424"}],"version-history":[{"count":7,"href":"https:\/\/relaxsrl.com\/fr\/wp-json\/wp\/v2\/pages\/13424\/revisions"}],"predecessor-version":[{"id":31837,"href":"https:\/\/relaxsrl.com\/fr\/wp-json\/wp\/v2\/pages\/13424\/revisions\/31837"}],"up":[{"embeddable":true,"href":"https:\/\/relaxsrl.com\/fr\/wp-json\/wp\/v2\/pages\/13371"}],"wp:featuredmedia":[{"embeddable":true,"href":"https:\/\/relaxsrl.com\/fr\/wp-json\/wp\/v2\/media\/23380"}],"wp:attachment":[{"href":"https:\/\/relaxsrl.com\/fr\/wp-json\/wp\/v2\/media?parent=13424"}],"curies":[{"name":"wp","href":"https:\/\/api.w.org\/{rel}","templated":true}]}}