{"id":13444,"date":"2021-11-30T10:02:06","date_gmt":"2021-11-30T09:02:06","guid":{"rendered":"http:\/\/relaxsrl.com\/produits\/typologie\/au-dessus-de-la-baignoire\/"},"modified":"2023-10-23T15:48:41","modified_gmt":"2023-10-23T13:48:41","slug":"au-dessus-de-la-baignoire","status":"publish","type":"page","link":"https:\/\/relaxsrl.com\/fr\/produits\/typologie\/au-dessus-de-la-baignoire\/","title":{"rendered":"Au dessus de la baignoire"},"content":{"rendered":"<p>[vc_row full_width=\u00a0\u00bbstretch_row\u00a0\u00bb content_placement=\u00a0\u00bbmiddle\u00a0\u00bb el_class=\u00a0\u00bbintro-row\u00a0\u00bb][vc_column width=\u00a0\u00bb5\/12&Prime;][vc_column_text]<\/p>\n<h1>Au dessus de la baignoire<\/h1>\n<p>[\/vc_column_text][\/vc_column][vc_column width=\u00a0\u00bb7\/12&Prime;][vc_column_text el_class=\u00a0\u00bbabstract\u00a0\u00bb]Diff\u00e9rents mod\u00e8les au dessus de la baignoire \u00e0 ouverture coulissante, battante, pliante ou fixe et verre lin\u00e9aire, fa\u00e7onn\u00e9 ou bomb\u00e9, en verre 6 ou 8 mm. Les solutions Relax rendent l&rsquo;utilisation de la baignoire encore plus pratique : pas de projections d&rsquo;eau sur les meubles et les sols. Toutes les solutions et le cabine de douche Relax sont certifi\u00e9es <a href=\"https:\/\/www.tuvsud.com\/fr-fr\">T\u00dcV S\u00dcD<\/a>.[\/vc_column_text][\/vc_column][\/vc_row][vc_row el_class=\u00a0\u00bbrow-path\u00a0\u00bb][vc_column][vc_column_text][\/vc_column_text][\/vc_column][\/vc_row][vc_row][vc_column width=\u00a0\u00bb1\/12&Prime;][\/vc_column][vc_column width=\u00a0\u00bb10\/12&Prime;]<div class=\"woocommerce columns-3 \"><ul class=\"products columns-3\">\n<li class=\"product type-product post-13813 status-publish first instock product_cat-au-dessus-du-baignoire product_cat-au-dessus-du-baignoire-fr product_cat-axia-fr product_cat-axia-de product_cat-axia-ru product_cat-box-doccia-de product_cat-cabine-de-douche product_cat-collections product_cat-au-dessus-du-baignoire-coulissante-fr product_cat-collezioni-de product_cat-scorrevole-de-3 product_cat-sopravasca-de product_cat-sopravasca-de-2 product_cat-tipologia-prodotto-de product_cat-type-de-produit product_cat-1618 product_cat-1568 product_cat-1645 product_cat----ru product_cat-1647 product_cat-1617 has-post-thumbnail shipping-taxable product-type-simple\">\n\t<div class=\"woocommerce-loop-product__short_description\" itemprop=\"description\"><a href=\"https:\/\/relaxsrl.com\/fr\/produit\/axia-sf-v-axia-f-v\/\" class=\"woocommerce-LoopProduct-link woocommerce-loop-product__link\"><p>Paroi de baignoire d&rsquo;angle \u00e0 ouverture coulissante. Verre 8 mm.<\/p>\n<\/a><\/div><\/li>\n<li class=\"product type-product post-13809 status-publish instock product_cat-au-dessus-du-baignoire product_cat-au-dessus-du-baignoire-fr product_cat-guide-de-selection-au-dessus-du-baignoire product_cat-axia-fr product_cat-axia-de product_cat-axia-ru product_cat-box-doccia-de product_cat-cabine-de-douche product_cat-collections product_cat-au-dessus-du-baignoire-coulissante-fr product_cat-guida-alla-scelta-de product_cat-guide-de-selection product_cat-collezioni-de product_cat-scorrevole-de-3 product_cat-sopravasca-de product_cat-sopravasca-de-2 product_cat-sopravasca-de-3 product_cat-tipologia-prodotto-de product_cat-type-de-produit product_cat-1618 product_cat-1568 product_cat----ru product_cat-1614 product_cat-1645 product_cat-1647 product_cat-1594 product_cat-1617 has-post-thumbnail shipping-taxable product-type-simple\">\n\t<div class=\"woocommerce-loop-product__short_description\" itemprop=\"description\"><a href=\"https:\/\/relaxsrl.com\/fr\/produit\/axia-sc1-v\/\" class=\"woocommerce-LoopProduct-link woocommerce-loop-product__link\"><p>Pare-baignoire en niche avec ouverture coulissante. Verre 8 mm.<\/p>\n<\/a><\/div><\/li>\n<li class=\"product type-product post-13807 status-publish last instock product_cat-au-dessus-du-baignoire product_cat-au-dessus-du-baignoire-fr product_cat-box-doccia-de product_cat-cabine-de-douche product_cat-collections product_cat-light-ru product_cat-light-fr product_cat-light-de product_cat-collezioni-de product_cat-sopravasca-de product_cat-sopravasca-de-2 product_cat-tipologia-prodotto-de product_cat-type-de-produit product_cat-walk-in-de-6 product_cat-walk-in-de product_cat-walk-in-fr product_cat-au-dessus-du-baignoire-walk-in-fr-2 product_cat-1618 product_cat-1568 product_cat----ru product_cat-1645 product_cat-1648 product_cat-1649 product_cat-1617 has-post-thumbnail shipping-taxable product-type-simple\">\n\t<div class=\"woocommerce-loop-product__short_description\" itemprop=\"description\"><a href=\"https:\/\/relaxsrl.com\/fr\/produit\/light-vf1\/\" class=\"woocommerce-LoopProduct-link woocommerce-loop-product__link\"><p>Light VF1 est un pare-baignoire \u00e0 c\u00f4t\u00e9 fixe avec coins carr\u00e9s.<\/p>\n<\/a><\/div><\/li>\n<li class=\"product type-product post-13808 status-publish first instock product_cat-au-dessus-du-baignoire product_cat-au-dessus-du-baignoire-fr product_cat-guide-de-selection-au-dessus-du-baignoire product_cat-au-dessus-du-baignoire-battante product_cat-battente-de-4 product_cat-box-doccia-de product_cat-cabine-de-douche product_cat-collections product_cat-guida-alla-scelta-de product_cat-guide-de-selection product_cat-light-fr product_cat-light-de product_cat-light-ru product_cat-collezioni-de product_cat-sopravasca-de product_cat-sopravasca-de-2 product_cat-sopravasca-de-3 product_cat-tipologia-prodotto-de product_cat-type-de-produit product_cat-1618 product_cat-1568 product_cat-1646 product_cat----ru product_cat-1614 product_cat-1645 product_cat-1594 product_cat-1617 has-post-thumbnail shipping-taxable product-type-simple\">\n\t<div class=\"woocommerce-loop-product__short_description\" itemprop=\"description\"><a href=\"https:\/\/relaxsrl.com\/fr\/produit\/light-vf1-light-vp1\/\" class=\"woocommerce-LoopProduct-link woocommerce-loop-product__link\"><p>Light VP1 + VF1 est un pare-baignoire avec porte lat\u00e9rale fixe et battante.<\/p>\n<\/a><\/div><\/li>\n<li class=\"product type-product post-13803 status-publish instock product_cat-au-dessus-du-baignoire product_cat-au-dessus-du-baignoire-fr product_cat-au-dessus-du-baignoire-battante product_cat-battente-de-4 product_cat-box-doccia-de product_cat-cabine-de-douche product_cat-collections product_cat-light-de product_cat-light-ru product_cat-light-fr product_cat-collezioni-de product_cat-sopravasca-de product_cat-sopravasca-de-2 product_cat-tipologia-prodotto-de product_cat-type-de-produit product_cat-1618 product_cat-1568 product_cat-1646 product_cat----ru product_cat-1645 product_cat-1617 has-post-thumbnail shipping-taxable product-type-simple\">\n\t<div class=\"woocommerce-loop-product__short_description\" itemprop=\"description\"><a href=\"https:\/\/relaxsrl.com\/fr\/produit\/light-vp2\/\" class=\"woocommerce-LoopProduct-link woocommerce-loop-product__link\"><p>Pare-baignoire compos\u00e9 d&rsquo;une porte battante.<\/p>\n<\/a><\/div><\/li>\n<li class=\"product type-product post-13804 status-publish last instock product_cat-au-dessus-du-baignoire product_cat-au-dessus-du-baignoire-fr product_cat-au-dessus-du-baignoire-battante product_cat-battente-de-4 product_cat-box-doccia-de product_cat-cabine-de-douche product_cat-collections product_cat-light-de product_cat-light-ru product_cat-light-fr product_cat-collezioni-de product_cat-sopravasca-de product_cat-sopravasca-de-2 product_cat-tipologia-prodotto-de product_cat-type-de-produit product_cat-1618 product_cat-1568 product_cat-1646 product_cat-1645 product_cat----ru product_cat-1617 has-post-thumbnail shipping-taxable product-type-simple\">\n\t<div class=\"woocommerce-loop-product__short_description\" itemprop=\"description\"><a href=\"https:\/\/relaxsrl.com\/fr\/produit\/light-vp2-light-vp1\/\" class=\"woocommerce-LoopProduct-link woocommerce-loop-product__link\"><p>Pare-baignoire avec double porte battante. Verre 6mm.<\/p>\n<\/a><\/div><\/li>\n<li class=\"product type-product post-13805 status-publish first instock product_cat-au-dessus-du-baignoire product_cat-au-dessus-du-baignoire-fr product_cat-au-dessus-du-baignoire-battante product_cat-battente-de-4 product_cat-box-doccia-de product_cat-cabine-de-douche product_cat-collections product_cat-light-fr product_cat-light-de product_cat-light-ru product_cat-collezioni-de product_cat-sopravasca-de product_cat-sopravasca-de-2 product_cat-tipologia-prodotto-de product_cat-type-de-produit product_cat-1618 product_cat-1568 product_cat-1646 product_cat-1645 product_cat----ru product_cat-1617 has-post-thumbnail shipping-taxable product-type-simple\">\n\t<div class=\"woocommerce-loop-product__short_description\" itemprop=\"description\"><a href=\"https:\/\/relaxsrl.com\/fr\/produit\/light-v\/\" class=\"woocommerce-LoopProduct-link woocommerce-loop-product__link\"><p>Pare-baignoire avec un c\u00f4t\u00e9 fixe aux bords arrondis. Verre 6mm.<\/p>\n<\/a><\/div><\/li>\n<li class=\"product type-product post-13802 status-publish instock product_cat-au-dessus-du-baignoire product_cat-au-dessus-du-baignoire-fr product_cat-box-doccia-de product_cat-cabine-de-douche product_cat-collections product_cat-light-de product_cat-light-ru product_cat-light-fr product_cat-collezioni-de product_cat-soffietto-de product_cat-soffietto product_cat-sopravasca-de product_cat-sopravasca-de-2 product_cat-tipologia-prodotto-de product_cat-type-de-produit product_cat-1618 product_cat-1568 product_cat----ru product_cat-1645 product_cat------ru product_cat-1617 has-post-thumbnail shipping-taxable product-type-simple\">\n\t<div class=\"woocommerce-loop-product__short_description\" itemprop=\"description\"><a href=\"https:\/\/relaxsrl.com\/fr\/produit\/light-vs\/\" class=\"woocommerce-LoopProduct-link woocommerce-loop-product__link\"><p>Pare-baignoire avec porte pliante. Verre 6mm.<\/p>\n<\/a><\/div><\/li>\n<\/ul>\n<\/div>[\/vc_column][vc_column width=\u00a0\u00bb1\/12&Prime;][\/vc_column][\/vc_row]<\/p>\n","protected":false},"excerpt":{"rendered":"<p>[vc_row full_width=\u00a0\u00bbstretch_row\u00a0\u00bb content_placement=\u00a0\u00bbmiddle\u00a0\u00bb el_class=\u00a0\u00bbintro-row\u00a0\u00bb][vc_column width=\u00a0\u00bb5\/12&Prime;][vc_column_text] Au dessus de la baignoire [\/vc_column_text][\/vc_column][vc_column width=\u00a0\u00bb7\/12&Prime;][vc_column_text el_class=\u00a0\u00bbabstract\u00a0\u00bb]Diff\u00e9rents mod\u00e8les au dessus de la baignoire \u00e0 ouverture coulissante, battante, pliante ou fixe et verre lin\u00e9aire, fa\u00e7onn\u00e9 ou bomb\u00e9, en verre 6 ou 8 mm. Les solutions Relax rendent l&rsquo;utilisation de la baignoire encore plus pratique : pas de projections d&rsquo;eau sur [&hellip;]<\/p>\n","protected":false},"author":3,"featured_media":10277,"parent":13371,"menu_order":0,"comment_status":"closed","ping_status":"closed","template":"","meta":[],"acf":[],"yoast_head":"<!-- This site is optimized with the Yoast SEO Premium plugin v18.4 (Yoast SEO v18.8) - https:\/\/yoast.com\/wordpress\/plugins\/seo\/ -->\n<title>Au dessus de la baignoire - Relax srl<\/title>\n<meta name=\"description\" content=\"Pensez-vous \u00e0 l\u2019aspect pratique d\u2019une baignoire et d\u2019une douche ensemble ? D\u00e9couvrez les solutions au dessus de la baignoire de Relax.\" \/>\n<meta name=\"robots\" content=\"index, follow, max-snippet:-1, max-image-preview:large, max-video-preview:-1\" \/>\n<link rel=\"canonical\" href=\"https:\/\/relaxsrl.com\/fr\/produits\/typologie\/au-dessus-de-la-baignoire\/\" \/>\n<meta property=\"og:locale\" content=\"fr_FR\" \/>\n<meta property=\"og:type\" content=\"article\" \/>\n<meta property=\"og:title\" content=\"Au dessus de la baignoire - Relax srl\" \/>\n<meta property=\"og:description\" content=\"Pensez-vous \u00e0 l\u2019aspect pratique d\u2019une baignoire et d\u2019une douche ensemble ? D\u00e9couvrez les solutions au dessus de la baignoire de Relax.\" \/>\n<meta property=\"og:url\" content=\"https:\/\/relaxsrl.com\/fr\/produits\/typologie\/au-dessus-de-la-baignoire\/\" \/>\n<meta property=\"og:site_name\" content=\"Relax srl\" \/>\n<meta property=\"article:modified_time\" content=\"2023-10-23T13:48:41+00:00\" \/>\n<meta property=\"og:image\" content=\"https:\/\/relaxsrl.com\/website\/wp-content\/uploads\/2021\/11\/TIPOLOGIA_BOX_SOPRAVASCA.jpg\" \/>\n\t<meta property=\"og:image:width\" content=\"800\" \/>\n\t<meta property=\"og:image:height\" content=\"600\" \/>\n\t<meta property=\"og:image:type\" content=\"image\/jpeg\" \/>\n<meta name=\"twitter:card\" content=\"summary_large_image\" \/>\n<meta name=\"twitter:label1\" content=\"Dur\u00e9e de lecture estim\u00e9e\" \/>\n\t<meta name=\"twitter:data1\" content=\"1 minute\" \/>\n<script type=\"application\/ld+json\" class=\"yoast-schema-graph\">{\"@context\":\"https:\/\/schema.org\",\"@graph\":[{\"@type\":\"WebSite\",\"@id\":\"https:\/\/relaxsrl.com\/#website\",\"url\":\"https:\/\/relaxsrl.com\/\",\"name\":\"Relax srl\",\"description\":\"\",\"potentialAction\":[{\"@type\":\"SearchAction\",\"target\":{\"@type\":\"EntryPoint\",\"urlTemplate\":\"https:\/\/relaxsrl.com\/?s={search_term_string}\"},\"query-input\":\"required name=search_term_string\"}],\"inLanguage\":\"fr-FR\"},{\"@type\":\"ImageObject\",\"inLanguage\":\"fr-FR\",\"@id\":\"https:\/\/relaxsrl.com\/fr\/produits\/typologie\/au-dessus-de-la-baignoire\/#primaryimage\",\"url\":\"https:\/\/relaxsrl.com\/website\/wp-content\/uploads\/2021\/11\/TIPOLOGIA_BOX_SOPRAVASCA.jpg\",\"contentUrl\":\"https:\/\/relaxsrl.com\/website\/wp-content\/uploads\/2021\/11\/TIPOLOGIA_BOX_SOPRAVASCA.jpg\",\"width\":800,\"height\":600,\"caption\":\"Configuratore box doccia spazio\"},{\"@type\":\"WebPage\",\"@id\":\"https:\/\/relaxsrl.com\/fr\/produits\/typologie\/au-dessus-de-la-baignoire\/#webpage\",\"url\":\"https:\/\/relaxsrl.com\/fr\/produits\/typologie\/au-dessus-de-la-baignoire\/\",\"name\":\"Au dessus de la baignoire - Relax srl\",\"isPartOf\":{\"@id\":\"https:\/\/relaxsrl.com\/#website\"},\"primaryImageOfPage\":{\"@id\":\"https:\/\/relaxsrl.com\/fr\/produits\/typologie\/au-dessus-de-la-baignoire\/#primaryimage\"},\"datePublished\":\"2021-11-30T09:02:06+00:00\",\"dateModified\":\"2023-10-23T13:48:41+00:00\",\"description\":\"Pensez-vous \u00e0 l\u2019aspect pratique d\u2019une baignoire et d\u2019une douche ensemble ? D\u00e9couvrez les solutions au dessus de la baignoire de Relax.\",\"breadcrumb\":{\"@id\":\"https:\/\/relaxsrl.com\/fr\/produits\/typologie\/au-dessus-de-la-baignoire\/#breadcrumb\"},\"inLanguage\":\"fr-FR\",\"potentialAction\":[{\"@type\":\"ReadAction\",\"target\":[\"https:\/\/relaxsrl.com\/fr\/produits\/typologie\/au-dessus-de-la-baignoire\/\"]}]},{\"@type\":\"BreadcrumbList\",\"@id\":\"https:\/\/relaxsrl.com\/fr\/produits\/typologie\/au-dessus-de-la-baignoire\/#breadcrumb\",\"itemListElement\":[{\"@type\":\"ListItem\",\"position\":1,\"name\":\"Produits\",\"item\":\"https:\/\/relaxsrl.com\/fr\/produits\/\"},{\"@type\":\"ListItem\",\"position\":2,\"name\":\"Typologie\",\"item\":\"https:\/\/relaxsrl.com\/fr\/produits\/typologie\/\"},{\"@type\":\"ListItem\",\"position\":3,\"name\":\"Au dessus de la baignoire\"}]}]}<\/script>\n<!-- \/ Yoast SEO Premium plugin. -->","yoast_head_json":{"title":"Au dessus de la baignoire - Relax srl","description":"Pensez-vous \u00e0 l\u2019aspect pratique d\u2019une baignoire et d\u2019une douche ensemble ? D\u00e9couvrez les solutions au dessus de la baignoire de Relax.","robots":{"index":"index","follow":"follow","max-snippet":"max-snippet:-1","max-image-preview":"max-image-preview:large","max-video-preview":"max-video-preview:-1"},"canonical":"https:\/\/relaxsrl.com\/fr\/produits\/typologie\/au-dessus-de-la-baignoire\/","og_locale":"fr_FR","og_type":"article","og_title":"Au dessus de la baignoire - Relax srl","og_description":"Pensez-vous \u00e0 l\u2019aspect pratique d\u2019une baignoire et d\u2019une douche ensemble ? D\u00e9couvrez les solutions au dessus de la baignoire de Relax.","og_url":"https:\/\/relaxsrl.com\/fr\/produits\/typologie\/au-dessus-de-la-baignoire\/","og_site_name":"Relax srl","article_modified_time":"2023-10-23T13:48:41+00:00","og_image":[{"width":800,"height":600,"url":"https:\/\/relaxsrl.com\/website\/wp-content\/uploads\/2021\/11\/TIPOLOGIA_BOX_SOPRAVASCA.jpg","type":"image\/jpeg"}],"twitter_card":"summary_large_image","twitter_misc":{"Dur\u00e9e de lecture estim\u00e9e":"1 minute"},"schema":{"@context":"https:\/\/schema.org","@graph":[{"@type":"WebSite","@id":"https:\/\/relaxsrl.com\/#website","url":"https:\/\/relaxsrl.com\/","name":"Relax srl","description":"","potentialAction":[{"@type":"SearchAction","target":{"@type":"EntryPoint","urlTemplate":"https:\/\/relaxsrl.com\/?s={search_term_string}"},"query-input":"required name=search_term_string"}],"inLanguage":"fr-FR"},{"@type":"ImageObject","inLanguage":"fr-FR","@id":"https:\/\/relaxsrl.com\/fr\/produits\/typologie\/au-dessus-de-la-baignoire\/#primaryimage","url":"https:\/\/relaxsrl.com\/website\/wp-content\/uploads\/2021\/11\/TIPOLOGIA_BOX_SOPRAVASCA.jpg","contentUrl":"https:\/\/relaxsrl.com\/website\/wp-content\/uploads\/2021\/11\/TIPOLOGIA_BOX_SOPRAVASCA.jpg","width":800,"height":600,"caption":"Configuratore box doccia spazio"},{"@type":"WebPage","@id":"https:\/\/relaxsrl.com\/fr\/produits\/typologie\/au-dessus-de-la-baignoire\/#webpage","url":"https:\/\/relaxsrl.com\/fr\/produits\/typologie\/au-dessus-de-la-baignoire\/","name":"Au dessus de la baignoire - Relax srl","isPartOf":{"@id":"https:\/\/relaxsrl.com\/#website"},"primaryImageOfPage":{"@id":"https:\/\/relaxsrl.com\/fr\/produits\/typologie\/au-dessus-de-la-baignoire\/#primaryimage"},"datePublished":"2021-11-30T09:02:06+00:00","dateModified":"2023-10-23T13:48:41+00:00","description":"Pensez-vous \u00e0 l\u2019aspect pratique d\u2019une baignoire et d\u2019une douche ensemble ? D\u00e9couvrez les solutions au dessus de la baignoire de Relax.","breadcrumb":{"@id":"https:\/\/relaxsrl.com\/fr\/produits\/typologie\/au-dessus-de-la-baignoire\/#breadcrumb"},"inLanguage":"fr-FR","potentialAction":[{"@type":"ReadAction","target":["https:\/\/relaxsrl.com\/fr\/produits\/typologie\/au-dessus-de-la-baignoire\/"]}]},{"@type":"BreadcrumbList","@id":"https:\/\/relaxsrl.com\/fr\/produits\/typologie\/au-dessus-de-la-baignoire\/#breadcrumb","itemListElement":[{"@type":"ListItem","position":1,"name":"Produits","item":"https:\/\/relaxsrl.com\/fr\/produits\/"},{"@type":"ListItem","position":2,"name":"Typologie","item":"https:\/\/relaxsrl.com\/fr\/produits\/typologie\/"},{"@type":"ListItem","position":3,"name":"Au dessus de la baignoire"}]}]}},"_links":{"self":[{"href":"https:\/\/relaxsrl.com\/fr\/wp-json\/wp\/v2\/pages\/13444"}],"collection":[{"href":"https:\/\/relaxsrl.com\/fr\/wp-json\/wp\/v2\/pages"}],"about":[{"href":"https:\/\/relaxsrl.com\/fr\/wp-json\/wp\/v2\/types\/page"}],"author":[{"embeddable":true,"href":"https:\/\/relaxsrl.com\/fr\/wp-json\/wp\/v2\/users\/3"}],"replies":[{"embeddable":true,"href":"https:\/\/relaxsrl.com\/fr\/wp-json\/wp\/v2\/comments?post=13444"}],"version-history":[{"count":4,"href":"https:\/\/relaxsrl.com\/fr\/wp-json\/wp\/v2\/pages\/13444\/revisions"}],"predecessor-version":[{"id":29307,"href":"https:\/\/relaxsrl.com\/fr\/wp-json\/wp\/v2\/pages\/13444\/revisions\/29307"}],"up":[{"embeddable":true,"href":"https:\/\/relaxsrl.com\/fr\/wp-json\/wp\/v2\/pages\/13371"}],"wp:featuredmedia":[{"embeddable":true,"href":"https:\/\/relaxsrl.com\/fr\/wp-json\/wp\/v2\/media\/10277"}],"wp:attachment":[{"href":"https:\/\/relaxsrl.com\/fr\/wp-json\/wp\/v2\/media?parent=13444"}],"curies":[{"name":"wp","href":"https:\/\/api.w.org\/{rel}","templated":true}]}}