{"id":13446,"date":"2021-11-30T10:03:31","date_gmt":"2021-11-30T09:03:31","guid":{"rendered":"http:\/\/relaxsrl.com\/produits\/typologie\/baignoires\/"},"modified":"2023-10-23T16:01:19","modified_gmt":"2023-10-23T14:01:19","slug":"baignoires","status":"publish","type":"page","link":"https:\/\/relaxsrl.com\/fr\/produits\/typologie\/baignoires\/","title":{"rendered":"Baignoires"},"content":{"rendered":"<p>[vc_row full_width=\u00a0\u00bbstretch_row\u00a0\u00bb content_placement=\u00a0\u00bbmiddle\u00a0\u00bb el_class=\u00a0\u00bbintro-row\u00a0\u00bb][vc_column width=\u00a0\u00bb5\/12&Prime;][vc_column_text]<\/p>\n<h1>Baignoires<\/h1>\n<p>[\/vc_column_text][\/vc_column][vc_column width=\u00a0\u00bb7\/12&Prime;][vc_column_text el_class=\u00a0\u00bbabstract\u00a0\u00bb]Baignoires freestanding r\u00e9alis\u00e9es en Solid surface, un mat\u00e9riau \u00e0 effet \u00ab\u00a0soft touch\u00a0\u00bb, r\u00e9sistant et r\u00e9parable, aux propri\u00e9t\u00e9s virucides, antifongiques et autonettoyantes. Les mod\u00e8les ont des formes sinueuses, arrondies ou carr\u00e9es pour r\u00e9pondre \u00e0 tous les besoins. D\u00e9couvrez votre nouvelle baignoire. Toutes les solutions sont certifi\u00e9es <a href=\"https:\/\/www.tuvsud.com\/fr-fr\">T\u00dcV S\u00dcD<\/a>.[\/vc_column_text][\/vc_column][\/vc_row][vc_row el_class=\u00a0\u00bbrow-path\u00a0\u00bb][vc_column][vc_column_text][\/vc_column_text][\/vc_column][\/vc_row][vc_row][vc_column width=\u00a0\u00bb1\/12&Prime;][\/vc_column][vc_column width=\u00a0\u00bb10\/12&Prime;]<div class=\"woocommerce columns-3 \"><ul class=\"products columns-3\">\n<li class=\"product type-product post-13792 status-publish first instock product_cat-baignoire product_cat-bathtub product_cat-tipologia-prodotto-en product_cat-tipologia-prodotto-de product_cat-type-de-produit product_cat-vasche-de product_cat-1653 product_cat-1617 has-post-thumbnail shipping-taxable product-type-simple\">\n\t<div class=\"woocommerce-loop-product__short_description\" itemprop=\"description\"><a href=\"https:\/\/relaxsrl.com\/fr\/produit\/baignoire-layia\/\" class=\"woocommerce-LoopProduct-link woocommerce-loop-product__link\"><p>Baignoire freestanding en Solid Surface raffin\u00e9 et \u00e9l\u00e9gant.<\/p>\n<\/a><\/div><\/li>\n<li class=\"product type-product post-13788 status-publish instock product_cat-baignoire product_cat-bathtub product_cat-tipologia-prodotto-en product_cat-tipologia-prodotto-de product_cat-type-de-produit product_cat-vasche-de product_cat-1653 product_cat-1617 has-post-thumbnail shipping-taxable product-type-simple\">\n\t<div class=\"woocommerce-loop-product__short_description\" itemprop=\"description\"><a href=\"https:\/\/relaxsrl.com\/fr\/produit\/baignoire-vinca\/\" class=\"woocommerce-LoopProduct-link woocommerce-loop-product__link\"><p>Baignoire freestanding en Solid Surface raffin\u00e9 et \u00e9l\u00e9gant.<\/p>\n<\/a><\/div><\/li>\n<li class=\"product type-product post-13789 status-publish last instock product_cat-baignoire product_cat-bathtub product_cat-tipologia-prodotto-de product_cat-tipologia-prodotto-en product_cat-type-de-produit product_cat-vasche-de product_cat-1653 product_cat-1617 has-post-thumbnail shipping-taxable product-type-simple\">\n\t<div class=\"woocommerce-loop-product__short_description\" itemprop=\"description\"><a href=\"https:\/\/relaxsrl.com\/fr\/produit\/baignoire-fresia\/\" class=\"woocommerce-LoopProduct-link woocommerce-loop-product__link\"><p>Baignoire freestanding en Solid Surface raffin\u00e9 et \u00e9l\u00e9gant.<\/p>\n<\/a><\/div><\/li>\n<li class=\"product type-product post-13790 status-publish first instock product_cat-baignoire product_cat-bathtub product_cat-tipologia-prodotto-de product_cat-tipologia-prodotto-en product_cat-type-de-produit product_cat-vasche-de product_cat-1653 product_cat-1617 has-post-thumbnail shipping-taxable product-type-simple\">\n\t<div class=\"woocommerce-loop-product__short_description\" itemprop=\"description\"><a href=\"https:\/\/relaxsrl.com\/fr\/produit\/baignoire-ibisco\/\" class=\"woocommerce-LoopProduct-link woocommerce-loop-product__link\"><p>Baignoire freestanding en Solid Surface raffin\u00e9 et \u00e9l\u00e9gant.<\/p>\n<\/a><\/div><\/li>\n<li class=\"product type-product post-13785 status-publish instock product_cat-baignoire product_cat-bathtub product_cat-tipologia-prodotto-en product_cat-tipologia-prodotto-de product_cat-type-de-produit product_cat-vasche-de product_cat-1653 product_cat-1617 has-post-thumbnail shipping-taxable product-type-simple\">\n\t<div class=\"woocommerce-loop-product__short_description\" itemprop=\"description\"><a href=\"https:\/\/relaxsrl.com\/fr\/produit\/baignoire-lilium\/\" class=\"woocommerce-LoopProduct-link woocommerce-loop-product__link\"><p>Baignoire freestanding en Solid Surface raffin\u00e9 et \u00e9l\u00e9gant.<\/p>\n<\/a><\/div><\/li>\n<li class=\"product type-product post-13786 status-publish last instock product_cat-baignoire product_cat-bathtub product_cat-tipologia-prodotto-en product_cat-tipologia-prodotto-de product_cat-type-de-produit product_cat-vasche-de product_cat-1653 product_cat-1617 has-post-thumbnail shipping-taxable product-type-simple\">\n\t<div class=\"woocommerce-loop-product__short_description\" itemprop=\"description\"><a href=\"https:\/\/relaxsrl.com\/fr\/produit\/baignoire-iris\/\" class=\"woocommerce-LoopProduct-link woocommerce-loop-product__link\"><p>Baignoire freestanding en Solid Surface raffin\u00e9 et \u00e9l\u00e9gant.<\/p>\n<\/a><\/div><\/li>\n<li class=\"product type-product post-13787 status-publish first instock product_cat-baignoire product_cat-bathtub product_cat-tipologia-prodotto-en product_cat-tipologia-prodotto-de product_cat-type-de-produit product_cat-vasche-de product_cat-1653 product_cat-1617 has-post-thumbnail shipping-taxable product-type-simple\">\n\t<div class=\"woocommerce-loop-product__short_description\" itemprop=\"description\"><a href=\"https:\/\/relaxsrl.com\/fr\/produit\/baignoire-akito\/\" class=\"woocommerce-LoopProduct-link woocommerce-loop-product__link\"><p>Baignoire freestanding en Solid Surface raffin\u00e9 et \u00e9l\u00e9gant.<\/p>\n<\/a><\/div><\/li>\n<li class=\"product type-product post-13783 status-publish instock product_cat-baignoire product_cat-bathtub product_cat-tipologia-prodotto-en product_cat-tipologia-prodotto-de product_cat-type-de-produit product_cat-vasche-de product_cat-1653 product_cat-1617 has-post-thumbnail shipping-taxable product-type-simple\">\n\t<div class=\"woocommerce-loop-product__short_description\" itemprop=\"description\"><a href=\"https:\/\/relaxsrl.com\/fr\/produit\/baignoire-alyssum\/\" class=\"woocommerce-LoopProduct-link woocommerce-loop-product__link\"><p>Baignoire freestanding en Solid Surface raffin\u00e9 et \u00e9l\u00e9gant.<\/p>\n<\/a><\/div><\/li>\n<li class=\"product type-product post-13780 status-publish last instock product_cat-baignoire product_cat-bathtub product_cat-tipologia-prodotto-en product_cat-tipologia-prodotto-de product_cat-type-de-produit product_cat-vasche-de product_cat-1653 product_cat-1617 has-post-thumbnail shipping-taxable product-type-simple\">\n\t<div class=\"woocommerce-loop-product__short_description\" itemprop=\"description\"><a href=\"https:\/\/relaxsrl.com\/fr\/produit\/baignoire-loto\/\" class=\"woocommerce-LoopProduct-link woocommerce-loop-product__link\"><p>Baignoire freestanding en Solid Surface raffin\u00e9 et \u00e9l\u00e9gant.<\/p>\n<\/a><\/div><\/li>\n<li class=\"product type-product post-13781 status-publish first instock product_cat-baignoire product_cat-bathtub product_cat-tipologia-prodotto-en product_cat-tipologia-prodotto-de product_cat-type-de-produit product_cat-vasche-de product_cat-1653 product_cat-1617 has-post-thumbnail shipping-taxable product-type-simple\">\n\t<div class=\"woocommerce-loop-product__short_description\" itemprop=\"description\"><a href=\"https:\/\/relaxsrl.com\/fr\/produit\/baignoire-yucca\/\" class=\"woocommerce-LoopProduct-link woocommerce-loop-product__link\"><p>Baignoire freestanding en Solid Surface raffin\u00e9 et \u00e9l\u00e9gant.<\/p>\n<\/a><\/div><\/li>\n<li class=\"product type-product post-13782 status-publish instock product_cat-baignoire product_cat-bathtub product_cat-tipologia-prodotto-en product_cat-tipologia-prodotto-de product_cat-type-de-produit product_cat-vasche-de product_cat-1653 product_cat-1617 has-post-thumbnail shipping-taxable product-type-simple\">\n\t<div class=\"woocommerce-loop-product__short_description\" itemprop=\"description\"><a href=\"https:\/\/relaxsrl.com\/fr\/produit\/baignoire-datura\/\" class=\"woocommerce-LoopProduct-link woocommerce-loop-product__link\"><p>Baignoire freestanding en Solid Surface raffin\u00e9 et \u00e9l\u00e9gant.<\/p>\n<\/a><\/div><\/li>\n<li class=\"product type-product post-13777 status-publish last instock product_cat-baignoire product_cat-bathtub product_cat-tipologia-prodotto-en product_cat-tipologia-prodotto-de product_cat-type-de-produit product_cat-vasche-de product_cat-1653 product_cat-1617 has-post-thumbnail shipping-taxable product-type-simple\">\n\t<div class=\"woocommerce-loop-product__short_description\" itemprop=\"description\"><a href=\"https:\/\/relaxsrl.com\/fr\/produit\/baignoire-primula\/\" class=\"woocommerce-LoopProduct-link woocommerce-loop-product__link\"><p>Baignoire autoportante en Solid Surface aux formes essentielles.<\/p>\n<\/a><\/div><\/li>\n<li class=\"product type-product post-13778 status-publish first instock product_cat-baignoire product_cat-bathtub product_cat-tipologia-prodotto-en product_cat-tipologia-prodotto-de product_cat-type-de-produit product_cat-vasche-de product_cat-1653 product_cat-1617 has-post-thumbnail shipping-taxable product-type-simple\">\n\t<div class=\"woocommerce-loop-product__short_description\" itemprop=\"description\"><a href=\"https:\/\/relaxsrl.com\/fr\/produit\/baignoire-nemesia\/\" class=\"woocommerce-LoopProduct-link woocommerce-loop-product__link\"><p>Baignoire freestanding en Solid Surface raffin\u00e9 et \u00e9l\u00e9gant.<\/p>\n<\/a><\/div><\/li>\n<\/ul>\n<\/div>[\/vc_column][vc_column width=\u00a0\u00bb1\/12&Prime;][\/vc_column][\/vc_row]<\/p>\n","protected":false},"excerpt":{"rendered":"<p>[vc_row full_width=\u00a0\u00bbstretch_row\u00a0\u00bb content_placement=\u00a0\u00bbmiddle\u00a0\u00bb el_class=\u00a0\u00bbintro-row\u00a0\u00bb][vc_column width=\u00a0\u00bb5\/12&Prime;][vc_column_text] Baignoires [\/vc_column_text][\/vc_column][vc_column width=\u00a0\u00bb7\/12&Prime;][vc_column_text el_class=\u00a0\u00bbabstract\u00a0\u00bb]Baignoires freestanding r\u00e9alis\u00e9es en Solid surface, un mat\u00e9riau \u00e0 effet \u00ab\u00a0soft touch\u00a0\u00bb, r\u00e9sistant et r\u00e9parable, aux propri\u00e9t\u00e9s virucides, antifongiques et autonettoyantes. Les mod\u00e8les ont des formes sinueuses, arrondies ou carr\u00e9es pour r\u00e9pondre \u00e0 tous les besoins. D\u00e9couvrez votre nouvelle baignoire. Toutes les solutions sont certifi\u00e9es T\u00dcV S\u00dcD.[\/vc_column_text][\/vc_column][\/vc_row][vc_row [&hellip;]<\/p>\n","protected":false},"author":3,"featured_media":1475,"parent":13371,"menu_order":0,"comment_status":"closed","ping_status":"closed","template":"","meta":[],"acf":[],"yoast_head":"<!-- This site is optimized with the Yoast SEO Premium plugin v18.4 (Yoast SEO v18.8) - https:\/\/yoast.com\/wordpress\/plugins\/seo\/ -->\n<title>Baignoires - Relax srl<\/title>\n<meta name=\"description\" content=\"Baignoires autoportantes \u00e0 surface solide. R\u00e9initialisable et avec effet soft-touch. D\u00e9couvrez les baignoires Relax.\" \/>\n<meta name=\"robots\" content=\"index, follow, max-snippet:-1, max-image-preview:large, max-video-preview:-1\" \/>\n<link rel=\"canonical\" href=\"https:\/\/relaxsrl.com\/fr\/produits\/typologie\/baignoires\/\" \/>\n<meta property=\"og:locale\" content=\"fr_FR\" \/>\n<meta property=\"og:type\" content=\"article\" \/>\n<meta property=\"og:title\" content=\"Baignoires - Relax srl\" \/>\n<meta property=\"og:description\" content=\"Baignoires autoportantes \u00e0 surface solide. R\u00e9initialisable et avec effet soft-touch. D\u00e9couvrez les baignoires Relax.\" \/>\n<meta property=\"og:url\" content=\"https:\/\/relaxsrl.com\/fr\/produits\/typologie\/baignoires\/\" \/>\n<meta property=\"og:site_name\" content=\"Relax srl\" \/>\n<meta property=\"article:modified_time\" content=\"2023-10-23T14:01:19+00:00\" \/>\n<meta property=\"og:image\" content=\"https:\/\/relaxsrl.com\/website\/wp-content\/uploads\/2021\/09\/VASCA_DATURA-1.jpg\" \/>\n\t<meta property=\"og:image:width\" content=\"811\" \/>\n\t<meta property=\"og:image:height\" content=\"541\" \/>\n\t<meta property=\"og:image:type\" content=\"image\/jpeg\" \/>\n<meta name=\"twitter:card\" content=\"summary_large_image\" \/>\n<meta name=\"twitter:label1\" content=\"Dur\u00e9e de lecture estim\u00e9e\" \/>\n\t<meta name=\"twitter:data1\" content=\"1 minute\" \/>\n<script type=\"application\/ld+json\" class=\"yoast-schema-graph\">{\"@context\":\"https:\/\/schema.org\",\"@graph\":[{\"@type\":\"WebSite\",\"@id\":\"https:\/\/relaxsrl.com\/#website\",\"url\":\"https:\/\/relaxsrl.com\/\",\"name\":\"Relax srl\",\"description\":\"\",\"potentialAction\":[{\"@type\":\"SearchAction\",\"target\":{\"@type\":\"EntryPoint\",\"urlTemplate\":\"https:\/\/relaxsrl.com\/?s={search_term_string}\"},\"query-input\":\"required name=search_term_string\"}],\"inLanguage\":\"fr-FR\"},{\"@type\":\"ImageObject\",\"inLanguage\":\"fr-FR\",\"@id\":\"https:\/\/relaxsrl.com\/fr\/produits\/typologie\/baignoires\/#primaryimage\",\"url\":\"https:\/\/relaxsrl.com\/website\/wp-content\/uploads\/2021\/09\/VASCA_DATURA-1.jpg\",\"contentUrl\":\"https:\/\/relaxsrl.com\/website\/wp-content\/uploads\/2021\/09\/VASCA_DATURA-1.jpg\",\"width\":811,\"height\":541,\"caption\":\"vasca da bagno freestanding datura\"},{\"@type\":\"WebPage\",\"@id\":\"https:\/\/relaxsrl.com\/fr\/produits\/typologie\/baignoires\/#webpage\",\"url\":\"https:\/\/relaxsrl.com\/fr\/produits\/typologie\/baignoires\/\",\"name\":\"Baignoires - Relax srl\",\"isPartOf\":{\"@id\":\"https:\/\/relaxsrl.com\/#website\"},\"primaryImageOfPage\":{\"@id\":\"https:\/\/relaxsrl.com\/fr\/produits\/typologie\/baignoires\/#primaryimage\"},\"datePublished\":\"2021-11-30T09:03:31+00:00\",\"dateModified\":\"2023-10-23T14:01:19+00:00\",\"description\":\"Baignoires autoportantes \u00e0 surface solide. R\u00e9initialisable et avec effet soft-touch. D\u00e9couvrez les baignoires Relax.\",\"breadcrumb\":{\"@id\":\"https:\/\/relaxsrl.com\/fr\/produits\/typologie\/baignoires\/#breadcrumb\"},\"inLanguage\":\"fr-FR\",\"potentialAction\":[{\"@type\":\"ReadAction\",\"target\":[\"https:\/\/relaxsrl.com\/fr\/produits\/typologie\/baignoires\/\"]}]},{\"@type\":\"BreadcrumbList\",\"@id\":\"https:\/\/relaxsrl.com\/fr\/produits\/typologie\/baignoires\/#breadcrumb\",\"itemListElement\":[{\"@type\":\"ListItem\",\"position\":1,\"name\":\"Produits\",\"item\":\"https:\/\/relaxsrl.com\/fr\/produits\/\"},{\"@type\":\"ListItem\",\"position\":2,\"name\":\"Typologie\",\"item\":\"https:\/\/relaxsrl.com\/fr\/produits\/typologie\/\"},{\"@type\":\"ListItem\",\"position\":3,\"name\":\"Baignoires\"}]}]}<\/script>\n<!-- \/ Yoast SEO Premium plugin. -->","yoast_head_json":{"title":"Baignoires - Relax srl","description":"Baignoires autoportantes \u00e0 surface solide. R\u00e9initialisable et avec effet soft-touch. D\u00e9couvrez les baignoires Relax.","robots":{"index":"index","follow":"follow","max-snippet":"max-snippet:-1","max-image-preview":"max-image-preview:large","max-video-preview":"max-video-preview:-1"},"canonical":"https:\/\/relaxsrl.com\/fr\/produits\/typologie\/baignoires\/","og_locale":"fr_FR","og_type":"article","og_title":"Baignoires - Relax srl","og_description":"Baignoires autoportantes \u00e0 surface solide. R\u00e9initialisable et avec effet soft-touch. D\u00e9couvrez les baignoires Relax.","og_url":"https:\/\/relaxsrl.com\/fr\/produits\/typologie\/baignoires\/","og_site_name":"Relax srl","article_modified_time":"2023-10-23T14:01:19+00:00","og_image":[{"width":811,"height":541,"url":"https:\/\/relaxsrl.com\/website\/wp-content\/uploads\/2021\/09\/VASCA_DATURA-1.jpg","type":"image\/jpeg"}],"twitter_card":"summary_large_image","twitter_misc":{"Dur\u00e9e de lecture estim\u00e9e":"1 minute"},"schema":{"@context":"https:\/\/schema.org","@graph":[{"@type":"WebSite","@id":"https:\/\/relaxsrl.com\/#website","url":"https:\/\/relaxsrl.com\/","name":"Relax srl","description":"","potentialAction":[{"@type":"SearchAction","target":{"@type":"EntryPoint","urlTemplate":"https:\/\/relaxsrl.com\/?s={search_term_string}"},"query-input":"required name=search_term_string"}],"inLanguage":"fr-FR"},{"@type":"ImageObject","inLanguage":"fr-FR","@id":"https:\/\/relaxsrl.com\/fr\/produits\/typologie\/baignoires\/#primaryimage","url":"https:\/\/relaxsrl.com\/website\/wp-content\/uploads\/2021\/09\/VASCA_DATURA-1.jpg","contentUrl":"https:\/\/relaxsrl.com\/website\/wp-content\/uploads\/2021\/09\/VASCA_DATURA-1.jpg","width":811,"height":541,"caption":"vasca da bagno freestanding datura"},{"@type":"WebPage","@id":"https:\/\/relaxsrl.com\/fr\/produits\/typologie\/baignoires\/#webpage","url":"https:\/\/relaxsrl.com\/fr\/produits\/typologie\/baignoires\/","name":"Baignoires - Relax srl","isPartOf":{"@id":"https:\/\/relaxsrl.com\/#website"},"primaryImageOfPage":{"@id":"https:\/\/relaxsrl.com\/fr\/produits\/typologie\/baignoires\/#primaryimage"},"datePublished":"2021-11-30T09:03:31+00:00","dateModified":"2023-10-23T14:01:19+00:00","description":"Baignoires autoportantes \u00e0 surface solide. R\u00e9initialisable et avec effet soft-touch. D\u00e9couvrez les baignoires Relax.","breadcrumb":{"@id":"https:\/\/relaxsrl.com\/fr\/produits\/typologie\/baignoires\/#breadcrumb"},"inLanguage":"fr-FR","potentialAction":[{"@type":"ReadAction","target":["https:\/\/relaxsrl.com\/fr\/produits\/typologie\/baignoires\/"]}]},{"@type":"BreadcrumbList","@id":"https:\/\/relaxsrl.com\/fr\/produits\/typologie\/baignoires\/#breadcrumb","itemListElement":[{"@type":"ListItem","position":1,"name":"Produits","item":"https:\/\/relaxsrl.com\/fr\/produits\/"},{"@type":"ListItem","position":2,"name":"Typologie","item":"https:\/\/relaxsrl.com\/fr\/produits\/typologie\/"},{"@type":"ListItem","position":3,"name":"Baignoires"}]}]}},"_links":{"self":[{"href":"https:\/\/relaxsrl.com\/fr\/wp-json\/wp\/v2\/pages\/13446"}],"collection":[{"href":"https:\/\/relaxsrl.com\/fr\/wp-json\/wp\/v2\/pages"}],"about":[{"href":"https:\/\/relaxsrl.com\/fr\/wp-json\/wp\/v2\/types\/page"}],"author":[{"embeddable":true,"href":"https:\/\/relaxsrl.com\/fr\/wp-json\/wp\/v2\/users\/3"}],"replies":[{"embeddable":true,"href":"https:\/\/relaxsrl.com\/fr\/wp-json\/wp\/v2\/comments?post=13446"}],"version-history":[{"count":4,"href":"https:\/\/relaxsrl.com\/fr\/wp-json\/wp\/v2\/pages\/13446\/revisions"}],"predecessor-version":[{"id":29312,"href":"https:\/\/relaxsrl.com\/fr\/wp-json\/wp\/v2\/pages\/13446\/revisions\/29312"}],"up":[{"embeddable":true,"href":"https:\/\/relaxsrl.com\/fr\/wp-json\/wp\/v2\/pages\/13371"}],"wp:featuredmedia":[{"embeddable":true,"href":"https:\/\/relaxsrl.com\/fr\/wp-json\/wp\/v2\/media\/1475"}],"wp:attachment":[{"href":"https:\/\/relaxsrl.com\/fr\/wp-json\/wp\/v2\/media?parent=13446"}],"curies":[{"name":"wp","href":"https:\/\/api.w.org\/{rel}","templated":true}]}}